{"id":5578,"date":"2024-04-24T10:40:43","date_gmt":"2024-04-24T02:40:43","guid":{"rendered":"https:\/\/www.goldenchef.cn\/?post_type=product&#038;p=5578"},"modified":"2026-04-08T12:53:52","modified_gmt":"2026-04-08T04:53:52","slug":"titing-frying-pan","status":"publish","type":"product","link":"https:\/\/www.goldenchef.cn\/ar\/product\/new-product\/2024-new-product\/titing-frying-pan\/","title":{"rendered":"\u0645\u0642\u0644\u0627\u0629 \u062a\u064a\u062a\u0646\u063a \u0643\u0647\u0631\u0628\u0627\u0626\u064a\u0629\/\u063a\u0627\u0632\u064a\u0629"},"content":{"rendered":"<p>\u0645\u0642\u0644\u0627\u0629 \u062a\u064a\u062a\u0646\u063a \u0643\u0647\u0631\u0628\u0627\u0626\u064a\u0629\/\u063a\u0627\u0632\u064a\u0629<\/p>\n<ul>\n<li>\u0627\u0644\u0645\u0648\u062f\u064a\u0644: LETF-100TS<\/li>\n<li>\u0627\u0644\u062c\u0647\u062f: 380 \u0641\u0648\u0644\u062a<\/li>\n<li>\u0627\u0644\u0637\u0627\u0642\u0629: 12 \u0643\u064a\u0644\u0648 \u0648\u0627\u0637<\/li>\n<li>\u0627\u0644\u0633\u0639\u0629: 100 \u0644\u062a\u0631<\/li>\n<li>\u0627\u0644\u0623\u0628\u0639\u0627\u062f: 1280 \u00d7 950 \u00d7 950 \u00d7 950 \u0645\u0645<\/li>\n<\/ul>\n<ul>\n<li>\u0627\u0644\u0645\u0648\u062f\u064a\u0644: LETF-150TS<\/li>\n<li>\u0627\u0644\u062c\u0647\u062f: 380 \u0641\u0648\u0644\u062a<\/li>\n<li>\u0627\u0644\u0637\u0627\u0642\u0629: 15 \u0643\u064a\u0644\u0648 \u0648\u0627\u0637<\/li>\n<li>\u0627\u0644\u0633\u0639\u0629: 150 \u0644\u062a\u0631<\/li>\n<li>\u0627\u0644\u0623\u0628\u0639\u0627\u062f: 1400 \u00d7 1100 \u00d7 950 \u0645\u0645<\/li>\n<\/ul>\n<ul>\n<li>\u0627\u0644\u0645\u0648\u062f\u064a\u0644: GFP-900TM-100<\/li>\n<li>\u0636\u063a\u0637 \u0627\u0644\u063a\u0627\u0632 (\u0628\u0627\u0633\u0643\u0627\u0644) : \u063a\u0627\u0632 \u0627\u0644\u0628\u062a\u0631\u0648\u0644 \u0627\u0644\u0645\u0633\u0627\u0644 (2800 ~ 3700) | NG (2000 ~ 2500)<\/li>\n<li>\u0627\u0644\u0637\u0627\u0642\u0629: 20 \u0643\u064a\u0644\u0648 \u0648\u0627\u0637<\/li>\n<li>\u062d\u062c\u0645 \u0645\u062f\u062e\u0644 \u0627\u0644\u063a\u0627\u0632: G3\/4\u2033<\/li>\n<li>\u0627\u0644\u0633\u0639\u0629: 150 \u0644\u062a\u0631<\/li>\n<li>\u0627\u0644\u0623\u0628\u0639\u0627\u062f: 1380 \u00d7 1150 \u00d7 1150 \u00d7 1150 \u0645\u0645<\/li>\n<\/ul>\n<ul>\n<li>\u0627\u0644\u0645\u0648\u062f\u064a\u0644: GFP-1100TM-150 GFP-1100TM-150<\/li>\n<li>\u0636\u063a\u0637 \u0627\u0644\u063a\u0627\u0632 (\u0628\u0627\u0633\u0643\u0627\u0644) : \u063a\u0627\u0632 \u0627\u0644\u0628\u062a\u0631\u0648\u0644 \u0627\u0644\u0645\u0633\u0627\u0644 (2800 ~ 3700) | NG (2000 ~ 2500)<\/li>\n<li>\u0627\u0644\u0637\u0627\u0642\u0629: 20 \u0643\u064a\u0644\u0648 \u0648\u0627\u0637<\/li>\n<li>\u062d\u062c\u0645 \u0645\u062f\u062e\u0644 \u0627\u0644\u063a\u0627\u0632: G3\/4\u2033<\/li>\n<li>\u0627\u0644\u0633\u0639\u0629: 150 \u0644\u062a\u0631<\/li>\n<li>\u0627\u0644\u0623\u0628\u0639\u0627\u062f: 1500 \u00d7 1200 \u00d7 1150 \u0645\u0645<\/li>\n<\/ul>","protected":false},"excerpt":{"rendered":"<ul>\n<li>\u0637\u0631\u0627\u0632 \u0639\u0627\u0644\u0645\u064a\u060c \u0645\u0638\u0647\u0631 \u0641\u0627\u062e\u0631<\/li>\n<li>\u0641\u0648\u0644\u0627\u0630 \u0645\u0642\u0627\u0648\u0645 \u0644\u0644\u0635\u062f\u0623 \u0639\u0627\u0644\u064a \u0627\u0644\u062c\u0648\u062f\u0629<\/li>\n<li>\u0643\u0641\u0627\u0621\u0629 \u0639\u0627\u0644\u064a\u0629\u060c \u0648\u062a\u0648\u0641\u064a\u0631 \u0627\u0644\u0637\u0627\u0642\u0629 \u0648\u0627\u0644\u062a\u0637\u0628\u064a\u0642 \u0627\u0644\u0639\u0645\u0644\u064a \u0627\u0644\u0642\u0648\u064a<\/li>\n<\/ul>","protected":false},"featured_media":6043,"comment_status":"open","ping_status":"closed","template":"","meta":[],"product_brand":[],"product_cat":[132,131],"product_tag":[],"class_list":{"0":"post-5578","1":"product","2":"type-product","3":"status-publish","4":"has-post-thumbnail","6":"product_cat-2024-new-product","7":"product_cat-new-product","9":"first","10":"instock","11":"shipping-taxable","12":"product-type-simple"},"yoast_head":"<!-- This site is optimized with the Yoast SEO Premium plugin v22.5 (Yoast SEO v22.8) - https:\/\/yoast.com\/wordpress\/plugins\/seo\/ -->\n<title>Electric \/ Gas Titing Frying Pan - golden chef machinery<\/title>\n<meta name=\"description\" content=\"International style,deluxe appearance. High quality stainless steel. High efficiency, energy saving and strong practicality\" \/>\n<meta name=\"robots\" content=\"index, follow, max-snippet:-1, max-image-preview:large, max-video-preview:-1\" \/>\n<link rel=\"canonical\" href=\"https:\/\/www.goldenchef.cn\/ar\/product\/new-product\/2024-new-product\/titing-frying-pan\/\" \/>\n<meta property=\"og:locale\" content=\"ar_AR\" \/>\n<meta property=\"og:type\" content=\"article\" \/>\n<meta property=\"og:title\" content=\"Electric \/ Gas Titing Frying Pan\" \/>\n<meta property=\"og:description\" content=\"International style,deluxe appearance. High quality stainless steel. High efficiency, energy saving and strong practicality\" \/>\n<meta property=\"og:url\" content=\"https:\/\/www.goldenchef.cn\/ar\/product\/new-product\/2024-new-product\/titing-frying-pan\/\" \/>\n<meta property=\"og:site_name\" content=\"golden chef machinery\" \/>\n<meta property=\"article:modified_time\" content=\"2026-04-08T04:53:52+00:00\" \/>\n<meta property=\"og:image\" content=\"http:\/\/www.goldenchef.cn\/wp-content\/uploads\/2024\/04\/421421.jpg\" \/>\n\t<meta property=\"og:image:width\" content=\"1000\" \/>\n\t<meta property=\"og:image:height\" content=\"1000\" \/>\n\t<meta property=\"og:image:type\" content=\"image\/jpeg\" \/>\n<meta name=\"twitter:card\" content=\"summary_large_image\" \/>\n<meta name=\"twitter:label1\" content=\"\u0627\u0644\u0633\u0639\u0631\" \/>\n\t<meta name=\"twitter:data1\" content=\"\" \/>\n\t<meta name=\"twitter:label2\" content=\"\u0627\u0644\u062a\u0648\u0641\u0631\" \/>\n\t<meta name=\"twitter:data2\" content=\"\u0645\u062a\u0648\u0641\u0631 \u0641\u064a \u0627\u0644\u0645\u062e\u0632\u0648\u0646\" \/>\n<script type=\"application\/ld+json\" class=\"yoast-schema-graph\">{\"@context\":\"https:\/\/schema.org\",\"@graph\":[{\"@type\":\"WebPage\",\"@id\":\"https:\/\/www.goldenchef.cn\/product\/new-product\/2024-new-product\/titing-frying-pan\/\",\"url\":\"https:\/\/www.goldenchef.cn\/product\/new-product\/2024-new-product\/titing-frying-pan\/\",\"name\":\"Electric \/ Gas Titing Frying Pan - golden chef machinery\",\"isPartOf\":{\"@id\":\"https:\/\/www.goldenchef.cn\/#website\"},\"primaryImageOfPage\":{\"@id\":\"https:\/\/www.goldenchef.cn\/product\/new-product\/2024-new-product\/titing-frying-pan\/#primaryimage\"},\"image\":{\"@id\":\"https:\/\/www.goldenchef.cn\/product\/new-product\/2024-new-product\/titing-frying-pan\/#primaryimage\"},\"thumbnailUrl\":\"https:\/\/www.goldenchef.cn\/wp-content\/uploads\/2024\/04\/421421.jpg\",\"datePublished\":\"2024-04-24T02:40:43+00:00\",\"dateModified\":\"2026-04-08T04:53:52+00:00\",\"description\":\"International style,deluxe appearance. High quality stainless steel. High efficiency, energy saving and strong practicality\",\"breadcrumb\":{\"@id\":\"https:\/\/www.goldenchef.cn\/product\/new-product\/2024-new-product\/titing-frying-pan\/#breadcrumb\"},\"inLanguage\":\"ar\",\"potentialAction\":[{\"@type\":\"ReadAction\",\"target\":[\"https:\/\/www.goldenchef.cn\/product\/new-product\/2024-new-product\/titing-frying-pan\/\"]}]},{\"@type\":\"ImageObject\",\"inLanguage\":\"ar\",\"@id\":\"https:\/\/www.goldenchef.cn\/product\/new-product\/2024-new-product\/titing-frying-pan\/#primaryimage\",\"url\":\"https:\/\/www.goldenchef.cn\/wp-content\/uploads\/2024\/04\/421421.jpg\",\"contentUrl\":\"https:\/\/www.goldenchef.cn\/wp-content\/uploads\/2024\/04\/421421.jpg\",\"width\":1000,\"height\":1000},{\"@type\":\"BreadcrumbList\",\"@id\":\"https:\/\/www.goldenchef.cn\/product\/new-product\/2024-new-product\/titing-frying-pan\/#breadcrumb\",\"itemListElement\":[{\"@type\":\"ListItem\",\"position\":1,\"name\":\"homepage\",\"item\":\"https:\/\/www.goldenchef.cn\/\"},{\"@type\":\"ListItem\",\"position\":2,\"name\":\"All Product\",\"item\":\"https:\/\/www.goldenchef.cn\/shop\/\"},{\"@type\":\"ListItem\",\"position\":3,\"name\":\"Electric \/ Gas Titing Frying Pan\"}]},{\"@type\":\"WebSite\",\"@id\":\"https:\/\/www.goldenchef.cn\/#website\",\"url\":\"https:\/\/www.goldenchef.cn\/\",\"name\":\"golden chef machinery\",\"description\":\"If kitchen have dream, we are dream maker\",\"publisher\":{\"@id\":\"https:\/\/www.goldenchef.cn\/#organization\"},\"potentialAction\":[{\"@type\":\"SearchAction\",\"target\":{\"@type\":\"EntryPoint\",\"urlTemplate\":\"https:\/\/www.goldenchef.cn\/?s={search_term_string}\"},\"query-input\":\"required name=search_term_string\"}],\"inLanguage\":\"ar\"},{\"@type\":[\"Organization\",\"Place\"],\"@id\":\"https:\/\/www.goldenchef.cn\/#organization\",\"name\":\"golden chef machinery\",\"url\":\"https:\/\/www.goldenchef.cn\/\",\"logo\":{\"@id\":\"https:\/\/www.goldenchef.cn\/product\/new-product\/2024-new-product\/titing-frying-pan\/#local-main-organization-logo\"},\"image\":{\"@id\":\"https:\/\/www.goldenchef.cn\/product\/new-product\/2024-new-product\/titing-frying-pan\/#local-main-organization-logo\"},\"openingHoursSpecification\":[{\"@type\":\"OpeningHoursSpecification\",\"dayOfWeek\":[\"Monday\",\"Tuesday\",\"Wednesday\",\"Thursday\",\"Friday\",\"Saturday\",\"Sunday\"],\"opens\":\"09:00\",\"closes\":\"17:00\"}]},{\"@type\":\"ImageObject\",\"inLanguage\":\"ar\",\"@id\":\"https:\/\/www.goldenchef.cn\/product\/new-product\/2024-new-product\/titing-frying-pan\/#local-main-organization-logo\",\"url\":\"https:\/\/www.goldenchef.cn\/wp-content\/uploads\/2023\/08\/cropped-200k.png\",\"contentUrl\":\"https:\/\/www.goldenchef.cn\/wp-content\/uploads\/2023\/08\/cropped-200k.png\",\"width\":512,\"height\":512,\"caption\":\"golden chef machinery\"}]}<\/script>\n<meta property=\"product:price:amount\" content=\"0.00\" \/>\n<meta property=\"product:price:currency\" content=\"USD\" \/>\n<meta property=\"og:availability\" content=\"instock\" \/>\n<meta property=\"product:availability\" content=\"instock\" \/>\n<meta property=\"product:condition\" content=\"new\" \/>\n<!-- \/ Yoast SEO Premium plugin. -->","yoast_head_json":{"title":"Electric \/ Gas Titing Frying Pan - golden chef machinery","description":"International style,deluxe appearance. High quality stainless steel. High efficiency, energy saving and strong practicality","robots":{"index":"index","follow":"follow","max-snippet":"max-snippet:-1","max-image-preview":"max-image-preview:large","max-video-preview":"max-video-preview:-1"},"canonical":"https:\/\/www.goldenchef.cn\/ar\/product\/new-product\/2024-new-product\/titing-frying-pan\/","og_locale":"ar_AR","og_type":"article","og_title":"Electric \/ Gas Titing Frying Pan","og_description":"International style,deluxe appearance. High quality stainless steel. High efficiency, energy saving and strong practicality","og_url":"https:\/\/www.goldenchef.cn\/ar\/product\/new-product\/2024-new-product\/titing-frying-pan\/","og_site_name":"golden chef machinery","article_modified_time":"2026-04-08T04:53:52+00:00","og_image":[{"width":1000,"height":1000,"url":"http:\/\/www.goldenchef.cn\/wp-content\/uploads\/2024\/04\/421421.jpg","type":"image\/jpeg"}],"twitter_card":"summary_large_image","twitter_misc":{"\u0627\u0644\u0633\u0639\u0631":"","\u0627\u0644\u062a\u0648\u0641\u0631":"\u0645\u062a\u0648\u0641\u0631 \u0641\u064a \u0627\u0644\u0645\u062e\u0632\u0648\u0646"},"schema":{"@context":"https:\/\/schema.org","@graph":[{"@type":"WebPage","@id":"https:\/\/www.goldenchef.cn\/product\/new-product\/2024-new-product\/titing-frying-pan\/","url":"https:\/\/www.goldenchef.cn\/product\/new-product\/2024-new-product\/titing-frying-pan\/","name":"Electric \/ Gas Titing Frying Pan - golden chef machinery","isPartOf":{"@id":"https:\/\/www.goldenchef.cn\/#website"},"primaryImageOfPage":{"@id":"https:\/\/www.goldenchef.cn\/product\/new-product\/2024-new-product\/titing-frying-pan\/#primaryimage"},"image":{"@id":"https:\/\/www.goldenchef.cn\/product\/new-product\/2024-new-product\/titing-frying-pan\/#primaryimage"},"thumbnailUrl":"https:\/\/www.goldenchef.cn\/wp-content\/uploads\/2024\/04\/421421.jpg","datePublished":"2024-04-24T02:40:43+00:00","dateModified":"2026-04-08T04:53:52+00:00","description":"International style,deluxe appearance. High quality stainless steel. High efficiency, energy saving and strong practicality","breadcrumb":{"@id":"https:\/\/www.goldenchef.cn\/product\/new-product\/2024-new-product\/titing-frying-pan\/#breadcrumb"},"inLanguage":"ar","potentialAction":[{"@type":"ReadAction","target":["https:\/\/www.goldenchef.cn\/product\/new-product\/2024-new-product\/titing-frying-pan\/"]}]},{"@type":"ImageObject","inLanguage":"ar","@id":"https:\/\/www.goldenchef.cn\/product\/new-product\/2024-new-product\/titing-frying-pan\/#primaryimage","url":"https:\/\/www.goldenchef.cn\/wp-content\/uploads\/2024\/04\/421421.jpg","contentUrl":"https:\/\/www.goldenchef.cn\/wp-content\/uploads\/2024\/04\/421421.jpg","width":1000,"height":1000},{"@type":"BreadcrumbList","@id":"https:\/\/www.goldenchef.cn\/product\/new-product\/2024-new-product\/titing-frying-pan\/#breadcrumb","itemListElement":[{"@type":"ListItem","position":1,"name":"homepage","item":"https:\/\/www.goldenchef.cn\/"},{"@type":"ListItem","position":2,"name":"All Product","item":"https:\/\/www.goldenchef.cn\/shop\/"},{"@type":"ListItem","position":3,"name":"Electric \/ Gas Titing Frying Pan"}]},{"@type":"WebSite","@id":"https:\/\/www.goldenchef.cn\/#website","url":"https:\/\/www.goldenchef.cn\/","name":"golden chef machinery","description":"If kitchen have dream, we are dream maker","publisher":{"@id":"https:\/\/www.goldenchef.cn\/#organization"},"potentialAction":[{"@type":"SearchAction","target":{"@type":"EntryPoint","urlTemplate":"https:\/\/www.goldenchef.cn\/?s={search_term_string}"},"query-input":"required name=search_term_string"}],"inLanguage":"ar"},{"@type":["Organization","Place"],"@id":"https:\/\/www.goldenchef.cn\/#organization","name":"golden chef machinery","url":"https:\/\/www.goldenchef.cn\/","logo":{"@id":"https:\/\/www.goldenchef.cn\/product\/new-product\/2024-new-product\/titing-frying-pan\/#local-main-organization-logo"},"image":{"@id":"https:\/\/www.goldenchef.cn\/product\/new-product\/2024-new-product\/titing-frying-pan\/#local-main-organization-logo"},"openingHoursSpecification":[{"@type":"OpeningHoursSpecification","dayOfWeek":["Monday","Tuesday","Wednesday","Thursday","Friday","Saturday","Sunday"],"opens":"09:00","closes":"17:00"}]},{"@type":"ImageObject","inLanguage":"ar","@id":"https:\/\/www.goldenchef.cn\/product\/new-product\/2024-new-product\/titing-frying-pan\/#local-main-organization-logo","url":"https:\/\/www.goldenchef.cn\/wp-content\/uploads\/2023\/08\/cropped-200k.png","contentUrl":"https:\/\/www.goldenchef.cn\/wp-content\/uploads\/2023\/08\/cropped-200k.png","width":512,"height":512,"caption":"golden chef machinery"}]},"product_price_amount":"0.00","product_price_currency":"USD","og_availability":"instock","product_availability":"instock","product_condition":"new"},"_links":{"self":[{"href":"https:\/\/www.goldenchef.cn\/ar\/wp-json\/wp\/v2\/product\/5578"}],"collection":[{"href":"https:\/\/www.goldenchef.cn\/ar\/wp-json\/wp\/v2\/product"}],"about":[{"href":"https:\/\/www.goldenchef.cn\/ar\/wp-json\/wp\/v2\/types\/product"}],"replies":[{"embeddable":true,"href":"https:\/\/www.goldenchef.cn\/ar\/wp-json\/wp\/v2\/comments?post=5578"}],"wp:featuredmedia":[{"embeddable":true,"href":"https:\/\/www.goldenchef.cn\/ar\/wp-json\/wp\/v2\/media\/6043"}],"wp:attachment":[{"href":"https:\/\/www.goldenchef.cn\/ar\/wp-json\/wp\/v2\/media?parent=5578"}],"wp:term":[{"taxonomy":"product_brand","embeddable":true,"href":"https:\/\/www.goldenchef.cn\/ar\/wp-json\/wp\/v2\/product_brand?post=5578"},{"taxonomy":"product_cat","embeddable":true,"href":"https:\/\/www.goldenchef.cn\/ar\/wp-json\/wp\/v2\/product_cat?post=5578"},{"taxonomy":"product_tag","embeddable":true,"href":"https:\/\/www.goldenchef.cn\/ar\/wp-json\/wp\/v2\/product_tag?post=5578"}],"curies":[{"name":"wp","href":"https:\/\/api.w.org\/{rel}","templated":true}]}}