{"id":3533,"date":"2022-10-27T09:39:20","date_gmt":"2022-10-27T01:39:20","guid":{"rendered":"http:\/\/www.goldenchef.cn\/?post_type=product&#038;p=3533"},"modified":"2024-11-12T16:20:41","modified_gmt":"2024-11-12T08:20:41","slug":"dh10","status":"publish","type":"product","link":"https:\/\/www.goldenchef.cn\/de\/produkt\/dough-mixer\/table-top-dough-mixer\/dh10\/","title":{"rendered":"DH10 Kleiner Spiralkneter 4KG Tisch-Teigkneter 10L Double Active"},"content":{"rendered":"<p class=\"pro_des_top\"><strong>Tisch-Spiralmixer Hohe Qualit\u00e4t 10l 4kg<\/strong><\/p>\n<p>Kleiner Spiralkneter Kleine Gr\u00f6\u00dfe, hohe Effizienz! Der 8-Liter-Tischkneter mit einfacher Geschwindigkeit ist der professionellste Partner beim Kneten von Teig. Bei der Arbeit drehen sich sowohl der Edelstahl-Mischhaken als auch die Sch\u00fcssel gleichzeitig, so dass die Mischeffizienz stark erh\u00f6ht und verbessert wird. Einfach zu bedienende Schalttaste und Timer helfen den Kunden, ihre Backvorg\u00e4nge gut zu planen.<\/p>\n<p>Modell: DH-10<br \/>\nFassungsverm\u00f6gen: 10 l<br \/>\nMaximale Knetkapazit\u00e4t: 4 KG<br \/>\nMischgeschwindigkeit: 160 RPM<br \/>\nLeistung: 700 W<br \/>\nSpannung: 220V 50HZ<br \/>\nGr\u00f6\u00dfe: 600x315x630 MM<br \/>\nGewicht: 58 KG<\/p>\n<p><iframe title=\"YouTube-Video-Player\" src=\"https:\/\/www.youtube.com\/embed\/oYw8dkGJdGI\" width=\"560\" height=\"315\" frameborder=\"0\" allowfullscreen=\"allowfullscreen\"><\/iframe><\/p>\n<p>Tisch-Teigknetmaschine<\/p>\n<style>#jtg-3503 .modula-item .jtg-social a, .lightbox-socials.jtg-social a{ color: #ffffff }#jtg-3503 .modula-item .jtg-social svg, .lightbox-socials.jtg-social svg { height: 16px; width: 16px }#jtg-3503 .modula-item .jtg-social a:not(:last-child), .lightbox-socials.jtg-social a:not(:last-child) { margin-right: 10px }#jtg-3503 .modula-item .figc {color:#ffffff;}#jtg-3503 .modula-item .modula-item-content { transform: scale(1) }#jtg-3503 { width:100%;}#jtg-3503 .modula-items{height:800px;}@media screen and (max-width: 992px) {#jtg-3503 .modula-items{height:800px;}}@media screen and (max-width: 768px) {#jtg-3503 .modula-items{height:800px;}}#jtg-3503 .modula-items .figc p.description { font-size:14px; }#jtg-3503 .modula-items .figc p.description { color:#ffffff;}#jtg-3503.modula-gallery .modula-item > a, #jtg-3503.modula-gallery .modula-item, #jtg-3503.modula-gallery .modula-item-content > a:not(.modula-no-follow) { cursor:zoom-in; } #jtg-3503.modula-gallery .modula-item-content .modula-no-follow { cursor: default; } @media screen and (max-width:480px){#jtg-3503 .modula-item .figc .jtg-title {  font-size: 12px; }#jtg-3503 .modula-items .figc p.description { color:#ffffff;font-size:10px; }}<\/style>\n<!-- Gallery Container -->\n<div  id=\"jtg-3503\" class=\"modula modula-gallery modula-creative-gallery\" data-config=\"{&quot;height&quot;:800,&quot;tabletHeight&quot;:800,&quot;mobileHeight&quot;:800,&quot;desktopHeight&quot;:800,&quot;enableTwitter&quot;:false,&quot;enableWhatsapp&quot;:false,&quot;enableFacebook&quot;:false,&quot;enablePinterest&quot;:false,&quot;enableLinkedin&quot;:false,&quot;enableEmail&quot;:false,&quot;randomFactor&quot;:0.5,&quot;type&quot;:&quot;creative-gallery&quot;,&quot;columns&quot;:12,&quot;gutter&quot;:10,&quot;mobileGutter&quot;:10,&quot;tabletGutter&quot;:10,&quot;desktopGutter&quot;:10,&quot;enableResponsive&quot;:&quot;0&quot;,&quot;tabletColumns&quot;:&quot;2&quot;,&quot;mobileColumns&quot;:&quot;1&quot;,&quot;lazyLoad&quot;:&quot;1&quot;,&quot;lightboxOpts&quot;:{&quot;loop&quot;:false,&quot;arrows&quot;:true,&quot;toolbar&quot;:true,&quot;keyboard&quot;:true,&quot;wheel&quot;:false,&quot;buttons&quot;:[&quot;close&quot;],&quot;hash&quot;:false,&quot;lang&quot;:&quot;en&quot;,&quot;touch&quot;:false,&quot;protect&quot;:false,&quot;i18n&quot;:{&quot;en&quot;:{&quot;CLOSE&quot;:&quot;Close&quot;,&quot;NEXT&quot;:&quot;Next&quot;,&quot;PREV&quot;:&quot;Previous&quot;,&quot;Error&quot;:&quot;The requested content cannot be loaded. Please try again later.&quot;,&quot;PLAY_START&quot;:&quot;Start slideshow&quot;,&quot;PLAY_STOP&quot;:&quot;Pause slideshow&quot;,&quot;FULL_SCREEN&quot;:&quot;Full screen&quot;,&quot;THUMBS&quot;:&quot;Thumbnails&quot;,&quot;DOWNLOAD&quot;:&quot;Download&quot;,&quot;SHARE&quot;:&quot;Share&quot;,&quot;ZOOM&quot;:&quot;Zoom&quot;}},&quot;clickSlide&quot;:false,&quot;clickOutside&quot;:false,&quot;dblclickContent&quot;:false,&quot;dblclickSlide&quot;:false,&quot;dblclickOutside&quot;:false,&quot;clickContent&quot;:false,&quot;baseTpl&quot;:&quot;&lt;div class=\\&quot;modula-fancybox-container modula-lightbox-jtg-3503\\&quot; role=\\&quot;dialog\\&quot; tabindex=\\&quot;-1\\&quot;&gt;&lt;div class=\\&quot;modula-fancybox-bg\\&quot;&gt;&lt;\\\/div&gt;&lt;div class=\\&quot;modula-fancybox-inner\\&quot;&gt;&lt;div class=\\&quot;modula-fancybox-infobar\\&quot;&gt;&lt;span data-fancybox-index&gt;&lt;\\\/span&gt;&nbsp;\\\/&nbsp;&lt;span data-fancybox-count&gt;&lt;\\\/span&gt;&lt;\\\/div&gt;&lt;div class=\\&quot;modula-fancybox-toolbar\\&quot;&gt;{{buttons}}&lt;\\\/div&gt;&lt;div class=\\&quot;modula-fancybox-navigation\\&quot;&gt;{{arrows}}&lt;\\\/div&gt;&lt;div class=\\&quot;modula-fancybox-stage\\&quot;&gt;&lt;\\\/div&gt;&lt;div class=\\&quot;modula-fancybox-caption\\&quot;&gt;&lt;div class=\\&quot;modula-fancybox-caption__body\\&quot;&gt;&lt;\\\/div&gt;&lt;\\\/div&gt;&lt;\\\/div&gt;&lt;\\\/div&gt;&quot;},&quot;inView&quot;:false,&quot;email_subject&quot;:&quot;Check out this awesome image !!&quot;,&quot;email_message&quot;:&quot;Here is the link to the image : %%image_link%% and this is the link to the gallery : %%gallery_link%%&quot;,&quot;lightbox&quot;:&quot;fancybox&quot;}\">\n\n\t\n\t<!-- Items Container -->\n\t<div  class=\"modula-items\">\n\t\t<div class=\"modula-item effect-pufrobo\" >\n\t<div class=\"modula-item-overlay\"><\/div>\n\n\t<div class=\"modula-item-content\">\n\n\t\t\t\t\n\t\t\t\t\t<a data-image-id=\"5005\" data-elementor-open-lightbox=\"no\" rel=\"jtg-3503\" data-caption=\"smallest spiral mixer, table top spiral mixer, dough mixer, table top dough mixer, small dough mixer\" aria-label=\"Bild im Leuchtkasten \u00f6ffnen\" class=\"tile-inner modula-item-link\"><\/a>\n\t\t\n\t\t<img fetchpriority=\"high\" class=\"pic wp-image-5005 lazyload\"  data-valign=\"middle\" data-halign=\"center\" alt=\"smallest spiral mixer, table top spiral mixer, dough mixer, table top dough mixer, small dough mixer\" data-full=\"https:\/\/www.goldenchef.cn\/wp-content\/uploads\/2023\/06\/111.jpg\" title=\"kleinster Spiralkneter, Tisch-Spiralkneter, Teigkneter, Tisch-Teigkneter, kleiner Teigkneter\" width=\"300\" height=\"277\" data-src=\"https:\/\/www.goldenchef.cn\/wp-content\/uploads\/2023\/06\/111-300x277.jpg\" data-caption=\"smallest spiral mixer, table top spiral mixer, dough mixer, table top dough mixer, small dough mixer\" data-source=\"modula\" data-srcset=\"https:\/\/www.goldenchef.cn\/wp-content\/uploads\/2023\/06\/111.jpg 800w, https:\/\/www.goldenchef.cn\/wp-content\/uploads\/2023\/06\/111-600x554.jpg 600w, https:\/\/www.goldenchef.cn\/wp-content\/uploads\/2023\/06\/111-300x277.jpg 300w, https:\/\/www.goldenchef.cn\/wp-content\/uploads\/2023\/06\/111-768x708.jpg 768w, https:\/\/www.goldenchef.cn\/wp-content\/uploads\/2023\/06\/111-13x12.jpg 13w\" data-sizes=\"(max-width: 300px) 100vw, 300px\" \/>\n\t\t<div class=\"figc\">\n\t\t\t<div class=\"figc-inner\">\n\t\t\t\t\t\t\t\t\t\t\t\t\t<p class=\"description\">kleinster Spiralkneter, Tisch-Spiralkneter, Teigkneter, Tisch-Teigkneter, kleiner Teigkneter<\/p>\n\t\t\t\t\t\t\t\t\t\t\t<\/div>\n\t\t<\/div>\n\n\t<\/div>\n\n<\/div><div class=\"modula-item effect-pufrobo\" >\n\t<div class=\"modula-item-overlay\"><\/div>\n\n\t<div class=\"modula-item-content\">\n\n\t\t\t\t\n\t\t\t\t\t<a data-image-id=\"5006\" data-elementor-open-lightbox=\"no\" rel=\"jtg-3503\" data-caption=\"smallest spiral mixer, table top spiral mixer, dough mixer, table top dough mixer, small dough mixer\" aria-label=\"Bild im Leuchtkasten \u00f6ffnen\" class=\"tile-inner modula-item-link\"><\/a>\n\t\t\n\t\t<img class=\"pic wp-image-5006 lazyload\"  data-valign=\"middle\" data-halign=\"center\" alt=\"smallest spiral mixer, table top spiral mixer, dough mixer, table top dough mixer, small dough mixer\" data-full=\"https:\/\/www.goldenchef.cn\/wp-content\/uploads\/2023\/06\/22222.jpg\" title=\"kleinster Spiralkneter, Tisch-Spiralkneter, Teigkneter, Tisch-Teigkneter, kleiner Teigkneter\" width=\"300\" height=\"277\" data-src=\"https:\/\/www.goldenchef.cn\/wp-content\/uploads\/2023\/06\/22222-300x277.jpg\" data-caption=\"smallest spiral mixer, table top spiral mixer, dough mixer, table top dough mixer, small dough mixer\" data-source=\"modula\" data-srcset=\"https:\/\/www.goldenchef.cn\/wp-content\/uploads\/2023\/06\/22222.jpg 800w, https:\/\/www.goldenchef.cn\/wp-content\/uploads\/2023\/06\/22222-600x554.jpg 600w, https:\/\/www.goldenchef.cn\/wp-content\/uploads\/2023\/06\/22222-300x277.jpg 300w, https:\/\/www.goldenchef.cn\/wp-content\/uploads\/2023\/06\/22222-768x708.jpg 768w, https:\/\/www.goldenchef.cn\/wp-content\/uploads\/2023\/06\/22222-13x12.jpg 13w\" data-sizes=\"(max-width: 300px) 100vw, 300px\" \/>\n\t\t<div class=\"figc\">\n\t\t\t<div class=\"figc-inner\">\n\t\t\t\t\t\t\t\t\t\t\t\t\t<p class=\"description\">kleinster Spiralkneter, Tisch-Spiralkneter, Teigkneter, Tisch-Teigkneter, kleiner Teigkneter<\/p>\n\t\t\t\t\t\t\t\t\t\t\t<\/div>\n\t\t<\/div>\n\n\t<\/div>\n\n<\/div><div class=\"modula-item effect-pufrobo\" >\n\t<div class=\"modula-item-overlay\"><\/div>\n\n\t<div class=\"modula-item-content\">\n\n\t\t\t\t\n\t\t\t\t\t<a data-image-id=\"3506\" data-elementor-open-lightbox=\"no\" rel=\"jtg-3503\" data-caption=\"\" aria-label=\"Bild im Leuchtkasten \u00f6ffnen\" class=\"tile-inner modula-item-link\"><\/a>\n\t\t\n\t\t<img class=\"pic wp-image-3506 lazyload\"  data-valign=\"middle\" data-halign=\"center\" alt=\"smallest spiral mixer, table top spiral mixer, dough mixer, table top dough mixer, small dough mixer\" data-full=\"https:\/\/www.goldenchef.cn\/wp-content\/uploads\/2022\/10\/1_01.jpg\" title=\"1_01\" width=\"300\" height=\"266\" data-src=\"https:\/\/www.goldenchef.cn\/wp-content\/uploads\/2022\/10\/1_01.jpg\" data-caption=\"\" data-source=\"modula\" data-srcset=\"https:\/\/www.goldenchef.cn\/wp-content\/uploads\/2022\/10\/1_01.jpg 2560w, https:\/\/www.goldenchef.cn\/wp-content\/uploads\/2022\/10\/1_01-600x531.jpg 600w\" data-sizes=\"(max-width: 300px) 100vw, 300px\" \/>\n\t\t<div class=\"figc no-description\">\n\t\t\t<div class=\"figc-inner\">\n\t\t\t\t\t\t\t\t\t\t\t\t\t\t\t<\/div>\n\t\t<\/div>\n\n\t<\/div>\n\n<\/div><div class=\"modula-item effect-pufrobo\" >\n\t<div class=\"modula-item-overlay\"><\/div>\n\n\t<div class=\"modula-item-content\">\n\n\t\t\t\t\n\t\t\t\t\t<a data-image-id=\"3507\" data-elementor-open-lightbox=\"no\" rel=\"jtg-3503\" data-caption=\"\" aria-label=\"Bild im Leuchtkasten \u00f6ffnen\" class=\"tile-inner modula-item-link\"><\/a>\n\t\t\n\t\t<img loading=\"lazy\" class=\"pic wp-image-3507 lazyload\"  data-valign=\"middle\" data-halign=\"center\" alt=\"\" data-full=\"https:\/\/www.goldenchef.cn\/wp-content\/uploads\/2022\/10\/1_02.jpg\" title=\"1_02\" width=\"300\" height=\"251\" data-src=\"https:\/\/www.goldenchef.cn\/wp-content\/uploads\/2022\/10\/1_02.jpg\" data-caption=\"\" data-source=\"modula\" data-srcset=\"https:\/\/www.goldenchef.cn\/wp-content\/uploads\/2022\/10\/1_02.jpg 2560w, https:\/\/www.goldenchef.cn\/wp-content\/uploads\/2022\/10\/1_02-600x503.jpg 600w\" data-sizes=\"(max-width: 300px) 100vw, 300px\" \/>\n\t\t<div class=\"figc no-description\">\n\t\t\t<div class=\"figc-inner\">\n\t\t\t\t\t\t\t\t\t\t\t\t\t\t\t<\/div>\n\t\t<\/div>\n\n\t<\/div>\n\n<\/div><div class=\"modula-item effect-pufrobo\" >\n\t<div class=\"modula-item-overlay\"><\/div>\n\n\t<div class=\"modula-item-content\">\n\n\t\t\t\t\n\t\t\t\t\t<a data-image-id=\"3508\" data-elementor-open-lightbox=\"no\" rel=\"jtg-3503\" data-caption=\"\" aria-label=\"Bild im Leuchtkasten \u00f6ffnen\" class=\"tile-inner modula-item-link\"><\/a>\n\t\t\n\t\t<img loading=\"lazy\" class=\"pic wp-image-3508 lazyload\"  data-valign=\"middle\" data-halign=\"center\" alt=\"\" data-full=\"https:\/\/www.goldenchef.cn\/wp-content\/uploads\/2022\/10\/1_03.jpg\" title=\"1_03\" width=\"300\" height=\"260\" data-src=\"https:\/\/www.goldenchef.cn\/wp-content\/uploads\/2022\/10\/1_03.jpg\" data-caption=\"\" data-source=\"modula\" data-srcset=\"https:\/\/www.goldenchef.cn\/wp-content\/uploads\/2022\/10\/1_03.jpg 2560w, https:\/\/www.goldenchef.cn\/wp-content\/uploads\/2022\/10\/1_03-600x520.jpg 600w\" data-sizes=\"(max-width: 300px) 100vw, 300px\" \/>\n\t\t<div class=\"figc no-description\">\n\t\t\t<div class=\"figc-inner\">\n\t\t\t\t\t\t\t\t\t\t\t\t\t\t\t<\/div>\n\t\t<\/div>\n\n\t<\/div>\n\n<\/div>\t\t\n\t<\/div>\n\n\t\n\t\n\t<script type=\"application\/ld+json\">\n\t{\n\t\t\"@context\": \"http:\/\/schema.org\",\n\t\t\"@type\"   : \"ImageGallery\",\n\t\t\"id\"      : \"https:\/\/www.goldenchef.cn\/de\/wp-json\/wp\/v2\/product\/3533\",\n\t\t\"url\"     : \"https:\/\/www.goldenchef.cn\/de\/wp-json\/wp\/v2\/product\/3533\"\n\t}\n\n    <\/script>\n\n\t\n<\/div>\n<p>Golden Chef Machinery Co. Ltd. ist Hersteller und Exporteur von Lebensmittel- und B\u00e4ckereimaschinen. Unser Unternehmen befindet sich in Guangzhou, der Stadt, in der die Kanton-Messe zwei Mal im Jahr stattfindet. Kontaktieren Sie uns, um den Fabrikpreis f\u00fcr tischplatte kuchenmischer zu erhalten.<\/p>\n<p>Das Qualit\u00e4tsmanagementsystem ISO9001:2016 wird w\u00e4hrend des gesamten Produktionsprozesses streng eingehalten. In den 30 Jahren seines Bestehens hat sich GOLDENCHEF mit seiner Erfahrung, seinem Wissen und seinen F\u00e4higkeiten einen guten Ruf als einer der f\u00fchrenden Hersteller von Lebensmittel- und B\u00e4ckereimaschinen aufgebaut.<\/p>","protected":false},"excerpt":{"rendered":"<ul>\n<li>Marke: Mondo Cucina<\/li>\n<li>Professionelle Ausr\u00fcstung<\/li>\n<li>Hochwertige und langlebige Kettenkonstruktion<\/li>\n<li>Doppelt aktiv mit hohem Wirkungsgrad<\/li>\n<li>Kr\u00e4ftiger Knethaken aus rostfreiem Stahl<\/li>\n<li>Schale, Welle aus Edelstahl<\/li>\n<li>Ausgestattet mit Schutzgitter und Sicherheitsschalter<\/li>\n<li>Einfache Geschwindigkeit mit Timer<\/li>\n<li>Ger\u00e4uscharm und platzsparend<\/li>\n<li>Einfache Bedienung<\/li>\n<li>Leicht zu s\u00e4ubern<\/li>\n<li>Solide, stabile und widerstandsf\u00e4hige Basis<\/li>\n<li>CE-Zulassung<\/li>\n<\/ul>","protected":false},"featured_media":6119,"comment_status":"closed","ping_status":"closed","template":"","meta":[],"product_brand":[],"product_cat":[49,64],"product_tag":[103],"class_list":{"0":"post-3533","1":"product","2":"type-product","3":"status-publish","4":"has-post-thumbnail","6":"product_cat-dough-mixer","7":"product_cat-table-top-dough-mixer","8":"product_tag-dough-mixer","10":"first","11":"instock","12":"shipping-taxable","13":"product-type-simple"},"yoast_head":"<!-- This site is optimized with the Yoast SEO Premium plugin v22.5 (Yoast SEO v22.8) - https:\/\/yoast.com\/wordpress\/plugins\/seo\/ -->\n<title>Table Top Spiral Mixer Small Size Spiral Mixer 4KG 10L ?<\/title>\n<meta name=\"description\" content=\"Table Top Spiral Mixer Small size, high efficiency! Spiral dough mixer of 8 liter is the most professional dough kneading partner.\" \/>\n<meta name=\"robots\" content=\"index, follow, max-snippet:-1, max-image-preview:large, max-video-preview:-1\" \/>\n<link rel=\"canonical\" href=\"https:\/\/www.goldenchef.cn\/de\/produkt\/dough-mixer\/table-top-dough-mixer\/dh10\/\" \/>\n<meta property=\"og:locale\" content=\"de_DE\" \/>\n<meta property=\"og:type\" content=\"article\" \/>\n<meta property=\"og:title\" content=\"DH10 Small Size Spiral Mixer 4KG Table Top Dough Mixer 10L Double Active\" \/>\n<meta property=\"og:description\" content=\"Table Top Spiral Mixer Small size, high efficiency! Spiral dough mixer of 8 liter is the most professional dough kneading partner.\" \/>\n<meta property=\"og:url\" content=\"https:\/\/www.goldenchef.cn\/de\/produkt\/dough-mixer\/table-top-dough-mixer\/dh10\/\" \/>\n<meta property=\"og:site_name\" content=\"golden chef machinery\" \/>\n<meta property=\"article:modified_time\" content=\"2024-11-12T08:20:41+00:00\" \/>\n<meta property=\"og:image\" content=\"https:\/\/www.goldenchef.cn\/wp-content\/uploads\/2022\/10\/41242142112.jpg\" \/>\n\t<meta property=\"og:image:width\" content=\"800\" \/>\n\t<meta property=\"og:image:height\" content=\"800\" \/>\n\t<meta property=\"og:image:type\" content=\"image\/jpeg\" \/>\n<meta name=\"twitter:card\" content=\"summary_large_image\" \/>\n<meta name=\"twitter:label1\" content=\"Preis\" \/>\n\t<meta name=\"twitter:data1\" content=\"\" \/>\n\t<meta name=\"twitter:label2\" content=\"Verf\u00fcgbarkeit\" \/>\n\t<meta name=\"twitter:data2\" content=\"Auf Lager\" \/>\n<script type=\"application\/ld+json\" class=\"yoast-schema-graph\">{\"@context\":\"https:\/\/schema.org\",\"@graph\":[{\"@type\":\"WebPage\",\"@id\":\"https:\/\/www.goldenchef.cn\/product\/dough-mixer\/table-top-dough-mixer\/dh10\/\",\"url\":\"https:\/\/www.goldenchef.cn\/product\/dough-mixer\/table-top-dough-mixer\/dh10\/\",\"name\":\"Table Top Spiral Mixer Small Size Spiral Mixer 4KG 10L ?\",\"isPartOf\":{\"@id\":\"https:\/\/www.goldenchef.cn\/#website\"},\"primaryImageOfPage\":{\"@id\":\"https:\/\/www.goldenchef.cn\/product\/dough-mixer\/table-top-dough-mixer\/dh10\/#primaryimage\"},\"image\":{\"@id\":\"https:\/\/www.goldenchef.cn\/product\/dough-mixer\/table-top-dough-mixer\/dh10\/#primaryimage\"},\"thumbnailUrl\":\"https:\/\/www.goldenchef.cn\/wp-content\/uploads\/2022\/10\/41242142112.jpg\",\"datePublished\":\"2022-10-27T01:39:20+00:00\",\"dateModified\":\"2024-11-12T08:20:41+00:00\",\"description\":\"Table Top Spiral Mixer Small size, high efficiency! Spiral dough mixer of 8 liter is the most professional dough kneading partner.\",\"breadcrumb\":{\"@id\":\"https:\/\/www.goldenchef.cn\/product\/dough-mixer\/table-top-dough-mixer\/dh10\/#breadcrumb\"},\"inLanguage\":\"de\",\"potentialAction\":[{\"@type\":\"ReadAction\",\"target\":[\"https:\/\/www.goldenchef.cn\/product\/dough-mixer\/table-top-dough-mixer\/dh10\/\"]}]},{\"@type\":\"ImageObject\",\"inLanguage\":\"de\",\"@id\":\"https:\/\/www.goldenchef.cn\/product\/dough-mixer\/table-top-dough-mixer\/dh10\/#primaryimage\",\"url\":\"https:\/\/www.goldenchef.cn\/wp-content\/uploads\/2022\/10\/41242142112.jpg\",\"contentUrl\":\"https:\/\/www.goldenchef.cn\/wp-content\/uploads\/2022\/10\/41242142112.jpg\",\"width\":800,\"height\":800,\"caption\":\"spiral mixer, table top spiral mixer, table top dough mixer, dough mixer.\"},{\"@type\":\"BreadcrumbList\",\"@id\":\"https:\/\/www.goldenchef.cn\/product\/dough-mixer\/table-top-dough-mixer\/dh10\/#breadcrumb\",\"itemListElement\":[{\"@type\":\"ListItem\",\"position\":1,\"name\":\"homepage\",\"item\":\"https:\/\/www.goldenchef.cn\/\"},{\"@type\":\"ListItem\",\"position\":2,\"name\":\"All Product\",\"item\":\"https:\/\/www.goldenchef.cn\/shop\/\"},{\"@type\":\"ListItem\",\"position\":3,\"name\":\"DH10 Small Size Spiral Mixer 4KG Table Top Dough Mixer 10L Double Active\"}]},{\"@type\":\"WebSite\",\"@id\":\"https:\/\/www.goldenchef.cn\/#website\",\"url\":\"https:\/\/www.goldenchef.cn\/\",\"name\":\"golden chef machinery\",\"description\":\"If kitchen have dream, we are dream maker\",\"publisher\":{\"@id\":\"https:\/\/www.goldenchef.cn\/#organization\"},\"potentialAction\":[{\"@type\":\"SearchAction\",\"target\":{\"@type\":\"EntryPoint\",\"urlTemplate\":\"https:\/\/www.goldenchef.cn\/?s={search_term_string}\"},\"query-input\":\"required name=search_term_string\"}],\"inLanguage\":\"de\"},{\"@type\":[\"Organization\",\"Place\"],\"@id\":\"https:\/\/www.goldenchef.cn\/#organization\",\"name\":\"golden chef machinery\",\"url\":\"https:\/\/www.goldenchef.cn\/\",\"logo\":{\"@id\":\"https:\/\/www.goldenchef.cn\/product\/dough-mixer\/table-top-dough-mixer\/dh10\/#local-main-organization-logo\"},\"image\":{\"@id\":\"https:\/\/www.goldenchef.cn\/product\/dough-mixer\/table-top-dough-mixer\/dh10\/#local-main-organization-logo\"},\"openingHoursSpecification\":[{\"@type\":\"OpeningHoursSpecification\",\"dayOfWeek\":[\"Monday\",\"Tuesday\",\"Wednesday\",\"Thursday\",\"Friday\",\"Saturday\",\"Sunday\"],\"opens\":\"09:00\",\"closes\":\"17:00\"}]},{\"@type\":\"ImageObject\",\"inLanguage\":\"de\",\"@id\":\"https:\/\/www.goldenchef.cn\/product\/dough-mixer\/table-top-dough-mixer\/dh10\/#local-main-organization-logo\",\"url\":\"https:\/\/www.goldenchef.cn\/wp-content\/uploads\/2023\/08\/cropped-200k.png\",\"contentUrl\":\"https:\/\/www.goldenchef.cn\/wp-content\/uploads\/2023\/08\/cropped-200k.png\",\"width\":512,\"height\":512,\"caption\":\"golden chef machinery\"}]}<\/script>\n<meta property=\"og:video\" content=\"https:\/\/www.youtube.com\/embed\/oYw8dkGJdGI\" \/>\n<meta property=\"og:video:type\" content=\"text\/html\" \/>\n<meta property=\"og:video:duration\" content=\"83\" \/>\n<meta property=\"og:video:width\" content=\"480\" \/>\n<meta property=\"og:video:height\" content=\"270\" \/>\n<meta property=\"ya:ovs:adult\" content=\"false\" \/>\n<meta property=\"ya:ovs:upload_date\" content=\"2022-10-27T01:39:20+00:00\" \/>\n<meta property=\"ya:ovs:allow_embed\" content=\"true\" \/>\n<meta property=\"product:price:amount\" content=\"0.00\" \/>\n<meta property=\"product:price:currency\" content=\"USD\" \/>\n<meta property=\"og:availability\" content=\"instock\" \/>\n<meta property=\"product:availability\" content=\"instock\" \/>\n<meta property=\"product:condition\" content=\"new\" \/>\n<!-- \/ Yoast SEO Premium plugin. -->","yoast_head_json":{"title":"Table Top Spiral Mixer Small Size Spiral Mixer 4KG 10L ?","description":"Table Top Spiral Mixer Small size, high efficiency! Spiral dough mixer of 8 liter is the most professional dough kneading partner.","robots":{"index":"index","follow":"follow","max-snippet":"max-snippet:-1","max-image-preview":"max-image-preview:large","max-video-preview":"max-video-preview:-1"},"canonical":"https:\/\/www.goldenchef.cn\/de\/produkt\/dough-mixer\/table-top-dough-mixer\/dh10\/","og_locale":"de_DE","og_type":"article","og_title":"DH10 Small Size Spiral Mixer 4KG Table Top Dough Mixer 10L Double Active","og_description":"Table Top Spiral Mixer Small size, high efficiency! Spiral dough mixer of 8 liter is the most professional dough kneading partner.","og_url":"https:\/\/www.goldenchef.cn\/de\/produkt\/dough-mixer\/table-top-dough-mixer\/dh10\/","og_site_name":"golden chef machinery","article_modified_time":"2024-11-12T08:20:41+00:00","og_image":[{"width":800,"height":800,"url":"https:\/\/www.goldenchef.cn\/wp-content\/uploads\/2022\/10\/41242142112.jpg","type":"image\/jpeg"}],"twitter_card":"summary_large_image","twitter_misc":{"Preis":"","Verf\u00fcgbarkeit":"Auf Lager"},"schema":{"@context":"https:\/\/schema.org","@graph":[{"@type":"WebPage","@id":"https:\/\/www.goldenchef.cn\/product\/dough-mixer\/table-top-dough-mixer\/dh10\/","url":"https:\/\/www.goldenchef.cn\/product\/dough-mixer\/table-top-dough-mixer\/dh10\/","name":"Table Top Spiral Mixer Small Size Spiral Mixer 4KG 10L ?","isPartOf":{"@id":"https:\/\/www.goldenchef.cn\/#website"},"primaryImageOfPage":{"@id":"https:\/\/www.goldenchef.cn\/product\/dough-mixer\/table-top-dough-mixer\/dh10\/#primaryimage"},"image":{"@id":"https:\/\/www.goldenchef.cn\/product\/dough-mixer\/table-top-dough-mixer\/dh10\/#primaryimage"},"thumbnailUrl":"https:\/\/www.goldenchef.cn\/wp-content\/uploads\/2022\/10\/41242142112.jpg","datePublished":"2022-10-27T01:39:20+00:00","dateModified":"2024-11-12T08:20:41+00:00","description":"Table Top Spiral Mixer Small size, high efficiency! Spiral dough mixer of 8 liter is the most professional dough kneading partner.","breadcrumb":{"@id":"https:\/\/www.goldenchef.cn\/product\/dough-mixer\/table-top-dough-mixer\/dh10\/#breadcrumb"},"inLanguage":"de","potentialAction":[{"@type":"ReadAction","target":["https:\/\/www.goldenchef.cn\/product\/dough-mixer\/table-top-dough-mixer\/dh10\/"]}]},{"@type":"ImageObject","inLanguage":"de","@id":"https:\/\/www.goldenchef.cn\/product\/dough-mixer\/table-top-dough-mixer\/dh10\/#primaryimage","url":"https:\/\/www.goldenchef.cn\/wp-content\/uploads\/2022\/10\/41242142112.jpg","contentUrl":"https:\/\/www.goldenchef.cn\/wp-content\/uploads\/2022\/10\/41242142112.jpg","width":800,"height":800,"caption":"spiral mixer, table top spiral mixer, table top dough mixer, dough mixer."},{"@type":"BreadcrumbList","@id":"https:\/\/www.goldenchef.cn\/product\/dough-mixer\/table-top-dough-mixer\/dh10\/#breadcrumb","itemListElement":[{"@type":"ListItem","position":1,"name":"homepage","item":"https:\/\/www.goldenchef.cn\/"},{"@type":"ListItem","position":2,"name":"All Product","item":"https:\/\/www.goldenchef.cn\/shop\/"},{"@type":"ListItem","position":3,"name":"DH10 Small Size Spiral Mixer 4KG Table Top Dough Mixer 10L Double Active"}]},{"@type":"WebSite","@id":"https:\/\/www.goldenchef.cn\/#website","url":"https:\/\/www.goldenchef.cn\/","name":"golden chef machinery","description":"If kitchen have dream, we are dream maker","publisher":{"@id":"https:\/\/www.goldenchef.cn\/#organization"},"potentialAction":[{"@type":"SearchAction","target":{"@type":"EntryPoint","urlTemplate":"https:\/\/www.goldenchef.cn\/?s={search_term_string}"},"query-input":"required name=search_term_string"}],"inLanguage":"de"},{"@type":["Organization","Place"],"@id":"https:\/\/www.goldenchef.cn\/#organization","name":"golden chef machinery","url":"https:\/\/www.goldenchef.cn\/","logo":{"@id":"https:\/\/www.goldenchef.cn\/product\/dough-mixer\/table-top-dough-mixer\/dh10\/#local-main-organization-logo"},"image":{"@id":"https:\/\/www.goldenchef.cn\/product\/dough-mixer\/table-top-dough-mixer\/dh10\/#local-main-organization-logo"},"openingHoursSpecification":[{"@type":"OpeningHoursSpecification","dayOfWeek":["Monday","Tuesday","Wednesday","Thursday","Friday","Saturday","Sunday"],"opens":"09:00","closes":"17:00"}]},{"@type":"ImageObject","inLanguage":"de","@id":"https:\/\/www.goldenchef.cn\/product\/dough-mixer\/table-top-dough-mixer\/dh10\/#local-main-organization-logo","url":"https:\/\/www.goldenchef.cn\/wp-content\/uploads\/2023\/08\/cropped-200k.png","contentUrl":"https:\/\/www.goldenchef.cn\/wp-content\/uploads\/2023\/08\/cropped-200k.png","width":512,"height":512,"caption":"golden chef machinery"}]},"og_video":"https:\/\/www.youtube.com\/embed\/oYw8dkGJdGI","og_video_type":"text\/html","og_video_duration":"83","og_video_width":"480","og_video_height":"270","ya_ovs_adult":"false","ya_ovs_upload_date":"2022-10-27T01:39:20+00:00","ya_ovs_allow_embed":"true","product_price_amount":"0.00","product_price_currency":"USD","og_availability":"instock","product_availability":"instock","product_condition":"new"},"_links":{"self":[{"href":"https:\/\/www.goldenchef.cn\/de\/wp-json\/wp\/v2\/product\/3533"}],"collection":[{"href":"https:\/\/www.goldenchef.cn\/de\/wp-json\/wp\/v2\/product"}],"about":[{"href":"https:\/\/www.goldenchef.cn\/de\/wp-json\/wp\/v2\/types\/product"}],"replies":[{"embeddable":true,"href":"https:\/\/www.goldenchef.cn\/de\/wp-json\/wp\/v2\/comments?post=3533"}],"wp:featuredmedia":[{"embeddable":true,"href":"https:\/\/www.goldenchef.cn\/de\/wp-json\/wp\/v2\/media\/6119"}],"wp:attachment":[{"href":"https:\/\/www.goldenchef.cn\/de\/wp-json\/wp\/v2\/media?parent=3533"}],"wp:term":[{"taxonomy":"product_brand","embeddable":true,"href":"https:\/\/www.goldenchef.cn\/de\/wp-json\/wp\/v2\/product_brand?post=3533"},{"taxonomy":"product_cat","embeddable":true,"href":"https:\/\/www.goldenchef.cn\/de\/wp-json\/wp\/v2\/product_cat?post=3533"},{"taxonomy":"product_tag","embeddable":true,"href":"https:\/\/www.goldenchef.cn\/de\/wp-json\/wp\/v2\/product_tag?post=3533"}],"curies":[{"name":"wp","href":"https:\/\/api.w.org\/{rel}","templated":true}]}}