{"id":3544,"date":"2022-10-27T10:52:58","date_gmt":"2022-10-27T02:52:58","guid":{"rendered":"http:\/\/www.goldenchef.cn\/?post_type=product&#038;p=3544"},"modified":"2024-11-12T15:38:46","modified_gmt":"2024-11-12T07:38:46","slug":"dh20a","status":"publish","type":"product","link":"https:\/\/www.goldenchef.cn\/de\/produkt\/dough-mixer\/dh-a-dough-mixer\/dh20a\/","title":{"rendered":"DH20A Teigknetmaschine 8KG 20L Double Active Double Speed Belt Construction"},"content":{"rendered":"<h2 class=\"pro_des_top\">Teigkneter Preis 3kg 5kg 8kg 10kg 12kg 15kg 20kg 25kg 50kg 100kg Kneter Pizzateig B\u00e4ckerei Mehlknetmaschine Spiralmischer Brotteigkneter<\/h2>\n<p>Teigmischer Preis | DH-Serie ist von hoher Qualit\u00e4t Riemenkonstruktion mit Sch\u00fcssel Kapazit\u00e4t reicht von 20 Liter bis 200 Liter, trockenes Mehl Kapazit\u00e4t von 4kg bis 75kg verwendet. Die Produkte sind mit Edelstahl-Sicherheitsabdeckung und effektiven Werkzeugen in doppelt aktiv ausgestattet. Die Kunden k\u00f6nnen zwischen einfacher oder doppelter Geschwindigkeit bei der mechanischen Steuerung und einer individuellen Geh\u00e4usefarbe w\u00e4hlen. Der konkurrenzf\u00e4hige Preis und das robuste Material machen die DH-Serie zu den beliebtesten Teigknetmaschinen.<\/p>\n<p>Modell: DH-20A<\/p>\n<p>Fassungsverm\u00f6gen: 20 l<br \/>\nMaximale Knetkapazit\u00e4t: 8 KG<br \/>\nMischgeschwindigkeit: 240\/110 (250\/125) U\/min<br \/>\nLeistung: 1,1(0,45\/0,75) kW<br \/>\nSpannung: 220V \/ 380V<br \/>\nGr\u00f6\u00dfe: 675X427X853 MM<br \/>\nGewicht: 90 KG<\/p>\n<style>#jtg-3509 .modula-item .jtg-social a, .lightbox-socials.jtg-social a{ color: #ffffff }#jtg-3509 .modula-item .jtg-social svg, .lightbox-socials.jtg-social svg { height: 16px; width: 16px }#jtg-3509 .modula-item .jtg-social a:not(:last-child), .lightbox-socials.jtg-social a:not(:last-child) { margin-right: 10px }#jtg-3509 .modula-item .figc {color:#ffffff;}#jtg-3509 .modula-item .modula-item-content { transform: scale(1) }#jtg-3509 { width:100%;}#jtg-3509 .modula-items{height:800px;}@media screen and (max-width: 992px) {#jtg-3509 .modula-items{height:800px;}}@media screen and (max-width: 768px) {#jtg-3509 .modula-items{height:800px;}}#jtg-3509 .modula-items .figc p.description { font-size:14px; }#jtg-3509 .modula-items .figc p.description { color:#ffffff;}#jtg-3509.modula-gallery .modula-item > a, #jtg-3509.modula-gallery .modula-item, #jtg-3509.modula-gallery .modula-item-content > a:not(.modula-no-follow) { cursor:zoom-in; } #jtg-3509.modula-gallery .modula-item-content .modula-no-follow { cursor: default; } @media screen and (max-width:480px){#jtg-3509 .modula-item .figc .jtg-title {  font-size: 12px; }#jtg-3509 .modula-items .figc p.description { color:#ffffff;font-size:10px; }}<\/style>\n<!-- Gallery Container -->\n<div  id=\"jtg-3509\" class=\"modula modula-gallery modula-creative-gallery\" data-config=\"{&quot;height&quot;:800,&quot;tabletHeight&quot;:800,&quot;mobileHeight&quot;:800,&quot;desktopHeight&quot;:800,&quot;enableTwitter&quot;:false,&quot;enableWhatsapp&quot;:false,&quot;enableFacebook&quot;:false,&quot;enablePinterest&quot;:false,&quot;enableLinkedin&quot;:false,&quot;enableEmail&quot;:false,&quot;randomFactor&quot;:0.5,&quot;type&quot;:&quot;creative-gallery&quot;,&quot;columns&quot;:12,&quot;gutter&quot;:10,&quot;mobileGutter&quot;:10,&quot;tabletGutter&quot;:10,&quot;desktopGutter&quot;:10,&quot;enableResponsive&quot;:&quot;0&quot;,&quot;tabletColumns&quot;:&quot;2&quot;,&quot;mobileColumns&quot;:&quot;1&quot;,&quot;lazyLoad&quot;:&quot;1&quot;,&quot;lightboxOpts&quot;:{&quot;loop&quot;:false,&quot;arrows&quot;:true,&quot;toolbar&quot;:true,&quot;keyboard&quot;:true,&quot;wheel&quot;:false,&quot;buttons&quot;:[&quot;close&quot;],&quot;hash&quot;:false,&quot;lang&quot;:&quot;en&quot;,&quot;touch&quot;:false,&quot;protect&quot;:false,&quot;i18n&quot;:{&quot;en&quot;:{&quot;CLOSE&quot;:&quot;Close&quot;,&quot;NEXT&quot;:&quot;Next&quot;,&quot;PREV&quot;:&quot;Previous&quot;,&quot;Error&quot;:&quot;The requested content cannot be loaded. Please try again later.&quot;,&quot;PLAY_START&quot;:&quot;Start slideshow&quot;,&quot;PLAY_STOP&quot;:&quot;Pause slideshow&quot;,&quot;FULL_SCREEN&quot;:&quot;Full screen&quot;,&quot;THUMBS&quot;:&quot;Thumbnails&quot;,&quot;DOWNLOAD&quot;:&quot;Download&quot;,&quot;SHARE&quot;:&quot;Share&quot;,&quot;ZOOM&quot;:&quot;Zoom&quot;}},&quot;clickSlide&quot;:false,&quot;clickOutside&quot;:false,&quot;dblclickContent&quot;:false,&quot;dblclickSlide&quot;:false,&quot;dblclickOutside&quot;:false,&quot;clickContent&quot;:false,&quot;baseTpl&quot;:&quot;&lt;div class=\\&quot;modula-fancybox-container modula-lightbox-jtg-3509\\&quot; role=\\&quot;dialog\\&quot; tabindex=\\&quot;-1\\&quot;&gt;&lt;div class=\\&quot;modula-fancybox-bg\\&quot;&gt;&lt;\\\/div&gt;&lt;div class=\\&quot;modula-fancybox-inner\\&quot;&gt;&lt;div class=\\&quot;modula-fancybox-infobar\\&quot;&gt;&lt;span data-fancybox-index&gt;&lt;\\\/span&gt;&nbsp;\\\/&nbsp;&lt;span data-fancybox-count&gt;&lt;\\\/span&gt;&lt;\\\/div&gt;&lt;div class=\\&quot;modula-fancybox-toolbar\\&quot;&gt;{{buttons}}&lt;\\\/div&gt;&lt;div class=\\&quot;modula-fancybox-navigation\\&quot;&gt;{{arrows}}&lt;\\\/div&gt;&lt;div class=\\&quot;modula-fancybox-stage\\&quot;&gt;&lt;\\\/div&gt;&lt;div class=\\&quot;modula-fancybox-caption\\&quot;&gt;&lt;div class=\\&quot;modula-fancybox-caption__body\\&quot;&gt;&lt;\\\/div&gt;&lt;\\\/div&gt;&lt;\\\/div&gt;&lt;\\\/div&gt;&quot;},&quot;inView&quot;:false,&quot;email_subject&quot;:&quot;Check out this awesome image !!&quot;,&quot;email_message&quot;:&quot;Here is the link to the image : %%image_link%% and this is the link to the gallery : %%gallery_link%%&quot;,&quot;lightbox&quot;:&quot;fancybox&quot;}\">\n\n\t\n\t<!-- Items Container -->\n\t<div  class=\"modula-items\">\n\t\t<div class=\"modula-item effect-pufrobo\" >\n\t<div class=\"modula-item-overlay\"><\/div>\n\n\t<div class=\"modula-item-content\">\n\n\t\t\t\t\n\t\t\t\t\t<a data-image-id=\"3510\" data-elementor-open-lightbox=\"no\" rel=\"jtg-3509\" data-caption=\"\" aria-label=\"Bild im Leuchtkasten \u00f6ffnen\" class=\"tile-inner modula-item-link\"><\/a>\n\t\t\n\t\t<img fetchpriority=\"high\" class=\"pic wp-image-3510 lazyload\"  data-valign=\"middle\" data-halign=\"center\" alt=\"\" data-full=\"https:\/\/www.goldenchef.cn\/wp-content\/uploads\/2022\/10\/2022DH-A\u65b0\u8be6\u60c5\u9875-1.jpg\" title=\"2022DH-A\u65b0\u8be6\u60c5\u9875-1\" width=\"203\" height=\"300\" data-src=\"https:\/\/www.goldenchef.cn\/wp-content\/uploads\/2022\/10\/2022DH-A\u65b0\u8be6\u60c5\u9875-1.jpg\" data-caption=\"\" data-source=\"modula\" data-srcset=\"https:\/\/www.goldenchef.cn\/wp-content\/uploads\/2022\/10\/2022DH-A\u65b0\u8be6\u60c5\u9875-1.jpg 750w, https:\/\/www.goldenchef.cn\/wp-content\/uploads\/2022\/10\/2022DH-A\u65b0\u8be6\u60c5\u9875-1-600x886.jpg 600w\" data-sizes=\"(max-width: 203px) 100vw, 203px\" \/>\n\t\t<div class=\"figc no-description\">\n\t\t\t<div class=\"figc-inner\">\n\t\t\t\t\t\t\t\t\t\t\t\t\t\t\t<\/div>\n\t\t<\/div>\n\n\t<\/div>\n\n<\/div><div class=\"modula-item effect-pufrobo\" >\n\t<div class=\"modula-item-overlay\"><\/div>\n\n\t<div class=\"modula-item-content\">\n\n\t\t\t\t\n\t\t\t\t\t<a data-image-id=\"3511\" data-elementor-open-lightbox=\"no\" rel=\"jtg-3509\" data-caption=\"\" aria-label=\"Bild im Leuchtkasten \u00f6ffnen\" class=\"tile-inner modula-item-link\"><\/a>\n\t\t\n\t\t<img class=\"pic wp-image-3511 lazyload\"  data-valign=\"middle\" data-halign=\"center\" alt=\"dough mixer. spiral mixer. spiral dough mixer, dough mixer machine, bakery mixerr\" data-full=\"https:\/\/www.goldenchef.cn\/wp-content\/uploads\/2022\/10\/2022DH-A\u65b0\u8be6\u60c5\u9875-2.jpg\" title=\"Teigkneter. Spiralkneter. Spiralteigkneter, Teigknetmaschine, B\u00e4ckereimixer\" width=\"281\" height=\"300\" data-src=\"https:\/\/www.goldenchef.cn\/wp-content\/uploads\/2022\/10\/2022DH-A\u65b0\u8be6\u60c5\u9875-2.jpg\" data-caption=\"\" data-source=\"modula\" data-srcset=\"https:\/\/www.goldenchef.cn\/wp-content\/uploads\/2022\/10\/2022DH-A\u65b0\u8be6\u60c5\u9875-2.jpg 750w, https:\/\/www.goldenchef.cn\/wp-content\/uploads\/2022\/10\/2022DH-A\u65b0\u8be6\u60c5\u9875-2-600x641.jpg 600w\" data-sizes=\"(max-width: 281px) 100vw, 281px\" \/>\n\t\t<div class=\"figc no-description\">\n\t\t\t<div class=\"figc-inner\">\n\t\t\t\t\t\t\t\t\t\t\t\t\t\t\t<\/div>\n\t\t<\/div>\n\n\t<\/div>\n\n<\/div><div class=\"modula-item effect-pufrobo\" >\n\t<div class=\"modula-item-overlay\"><\/div>\n\n\t<div class=\"modula-item-content\">\n\n\t\t\t\t\n\t\t\t\t\t<a data-image-id=\"3512\" data-elementor-open-lightbox=\"no\" rel=\"jtg-3509\" data-caption=\"\" aria-label=\"Bild im Leuchtkasten \u00f6ffnen\" class=\"tile-inner modula-item-link\"><\/a>\n\t\t\n\t\t<img class=\"pic wp-image-3512 lazyload\"  data-valign=\"middle\" data-halign=\"center\" alt=\"dough mixer. spiral mixer. spiral dough mixer, dough mixer machine, bakery mixerr\" data-full=\"https:\/\/www.goldenchef.cn\/wp-content\/uploads\/2022\/10\/2022DH-A\u65b0\u8be6\u60c5\u9875-3.jpg\" title=\"Teigkneter. Spiralkneter. Spiralteigkneter, Teigknetmaschine, B\u00e4ckereimixer\" width=\"300\" height=\"250\" data-src=\"https:\/\/www.goldenchef.cn\/wp-content\/uploads\/2022\/10\/2022DH-A\u65b0\u8be6\u60c5\u9875-3.jpg\" data-caption=\"\" data-source=\"modula\" data-srcset=\"https:\/\/www.goldenchef.cn\/wp-content\/uploads\/2022\/10\/2022DH-A\u65b0\u8be6\u60c5\u9875-3.jpg 750w, https:\/\/www.goldenchef.cn\/wp-content\/uploads\/2022\/10\/2022DH-A\u65b0\u8be6\u60c5\u9875-3-600x501.jpg 600w\" data-sizes=\"(max-width: 300px) 100vw, 300px\" \/>\n\t\t<div class=\"figc no-description\">\n\t\t\t<div class=\"figc-inner\">\n\t\t\t\t\t\t\t\t\t\t\t\t\t\t\t<\/div>\n\t\t<\/div>\n\n\t<\/div>\n\n<\/div><div class=\"modula-item effect-pufrobo\" >\n\t<div class=\"modula-item-overlay\"><\/div>\n\n\t<div class=\"modula-item-content\">\n\n\t\t\t\t\n\t\t\t\t\t<a data-image-id=\"3513\" data-elementor-open-lightbox=\"no\" rel=\"jtg-3509\" data-caption=\"\" aria-label=\"Bild im Leuchtkasten \u00f6ffnen\" class=\"tile-inner modula-item-link\"><\/a>\n\t\t\n\t\t<img loading=\"lazy\" class=\"pic wp-image-3513 lazyload\"  data-valign=\"middle\" data-halign=\"center\" alt=\"dough mixer. spiral mixer. spiral dough mixer, dough mixer machine, bakery mixerr\" data-full=\"https:\/\/www.goldenchef.cn\/wp-content\/uploads\/2022\/10\/2022DH-A\u65b0\u8be6\u60c5\u9875-4_01.jpg\" title=\"Teigkneter. Spiralkneter. Spiralteigkneter, Teigknetmaschine, B\u00e4ckereimixer\" width=\"300\" height=\"300\" data-src=\"https:\/\/www.goldenchef.cn\/wp-content\/uploads\/2022\/10\/2022DH-A\u65b0\u8be6\u60c5\u9875-4_01.jpg\" data-caption=\"\" data-source=\"modula\" data-srcset=\"https:\/\/www.goldenchef.cn\/wp-content\/uploads\/2022\/10\/2022DH-A\u65b0\u8be6\u60c5\u9875-4_01.jpg 750w, https:\/\/www.goldenchef.cn\/wp-content\/uploads\/2022\/10\/2022DH-A\u65b0\u8be6\u60c5\u9875-4_01-600x601.jpg 600w, https:\/\/www.goldenchef.cn\/wp-content\/uploads\/2022\/10\/2022DH-A\u65b0\u8be6\u60c5\u9875-4_01-300x300.jpg 300w\" data-sizes=\"(max-width: 300px) 100vw, 300px\" \/>\n\t\t<div class=\"figc no-description\">\n\t\t\t<div class=\"figc-inner\">\n\t\t\t\t\t\t\t\t\t\t\t\t\t\t\t<\/div>\n\t\t<\/div>\n\n\t<\/div>\n\n<\/div><div class=\"modula-item effect-pufrobo\" >\n\t<div class=\"modula-item-overlay\"><\/div>\n\n\t<div class=\"modula-item-content\">\n\n\t\t\t\t\n\t\t\t\t\t<a data-image-id=\"3514\" data-elementor-open-lightbox=\"no\" rel=\"jtg-3509\" data-caption=\"\" aria-label=\"Bild im Leuchtkasten \u00f6ffnen\" class=\"tile-inner modula-item-link\"><\/a>\n\t\t\n\t\t<img loading=\"lazy\" class=\"pic wp-image-3514 lazyload\"  data-valign=\"middle\" data-halign=\"center\" alt=\"commercial food mixer, food mixer, planetary mixer, food mixer machine, food mixers, dough mixer, spiral mixer, spiral dough mixer, dough mixer machine, table top dough mixer, small dough mixer, bread mixer, baking mixer, dough kneading machine, dough kneader, food mixer, cake mixer, flour mixer, bakery mixer, heavy duty dough mixer, heavy duty spiral mixer, planetary mixer, stand mixer,\" data-full=\"https:\/\/www.goldenchef.cn\/wp-content\/uploads\/2022\/10\/2022DH-A\u65b0\u8be6\u60c5\u9875-4_02.jpg\" title=\"2022DH-A\u65b0\u8be6\u60c5\u9875-4_02\" width=\"300\" height=\"254\" data-src=\"https:\/\/www.goldenchef.cn\/wp-content\/uploads\/2022\/10\/2022DH-A\u65b0\u8be6\u60c5\u9875-4_02.jpg\" data-caption=\"\" data-source=\"modula\" data-srcset=\"https:\/\/www.goldenchef.cn\/wp-content\/uploads\/2022\/10\/2022DH-A\u65b0\u8be6\u60c5\u9875-4_02.jpg 750w, https:\/\/www.goldenchef.cn\/wp-content\/uploads\/2022\/10\/2022DH-A\u65b0\u8be6\u60c5\u9875-4_02-600x509.jpg 600w\" data-sizes=\"(max-width: 300px) 100vw, 300px\" \/>\n\t\t<div class=\"figc no-description\">\n\t\t\t<div class=\"figc-inner\">\n\t\t\t\t\t\t\t\t\t\t\t\t\t\t\t<\/div>\n\t\t<\/div>\n\n\t<\/div>\n\n<\/div><div class=\"modula-item effect-pufrobo\" >\n\t<div class=\"modula-item-overlay\"><\/div>\n\n\t<div class=\"modula-item-content\">\n\n\t\t\t\t\n\t\t\t\t\t<a data-image-id=\"3515\" data-elementor-open-lightbox=\"no\" rel=\"jtg-3509\" data-caption=\"\" aria-label=\"Bild im Leuchtkasten \u00f6ffnen\" class=\"tile-inner modula-item-link\"><\/a>\n\t\t\n\t\t<img loading=\"lazy\" class=\"pic wp-image-3515 lazyload\"  data-valign=\"middle\" data-halign=\"center\" alt=\"\" data-full=\"https:\/\/www.goldenchef.cn\/wp-content\/uploads\/2022\/10\/2022DH-A\u65b0\u8be6\u60c5\u9875-4_03.jpg\" title=\"2022DH-A\u65b0\u8be6\u60c5\u9875-4_03\" width=\"300\" height=\"259\" data-src=\"https:\/\/www.goldenchef.cn\/wp-content\/uploads\/2022\/10\/2022DH-A\u65b0\u8be6\u60c5\u9875-4_03.jpg\" data-caption=\"\" data-source=\"modula\" data-srcset=\"https:\/\/www.goldenchef.cn\/wp-content\/uploads\/2022\/10\/2022DH-A\u65b0\u8be6\u60c5\u9875-4_03.jpg 750w, https:\/\/www.goldenchef.cn\/wp-content\/uploads\/2022\/10\/2022DH-A\u65b0\u8be6\u60c5\u9875-4_03-600x518.jpg 600w\" data-sizes=\"(max-width: 300px) 100vw, 300px\" \/>\n\t\t<div class=\"figc no-description\">\n\t\t\t<div class=\"figc-inner\">\n\t\t\t\t\t\t\t\t\t\t\t\t\t\t\t<\/div>\n\t\t<\/div>\n\n\t<\/div>\n\n<\/div>\t\t\n\t<\/div>\n\n\t\n\t\n\t<script type=\"application\/ld+json\">\n\t{\n\t\t\"@context\": \"http:\/\/schema.org\",\n\t\t\"@type\"   : \"ImageGallery\",\n\t\t\"id\"      : \"https:\/\/www.goldenchef.cn\/de\/wp-json\/wp\/v2\/product\/3544\",\n\t\t\"url\"     : \"https:\/\/www.goldenchef.cn\/de\/wp-json\/wp\/v2\/product\/3544\"\n\t}\n\n    <\/script>\n\n\t\n<\/div>","protected":false},"excerpt":{"rendered":"<ul>\n<li>Marke: Mondo Cucina<\/li>\n<li>Professionelle Ausr\u00fcstung<\/li>\n<li>Hochwertige und langlebige G\u00fcrtelkonstruktion<\/li>\n<li>Doppelt aktiv mit hohem Wirkungsgrad<\/li>\n<li>Kr\u00e4ftiger Knethaken aus rostfreiem Stahl<\/li>\n<li>Schale, Welle aus Edelstahl<\/li>\n<li>Ausgestattet mit Schutzvorrichtung und Sicherheitsschalter<\/li>\n<li>Einzelne oder doppelte Geschwindigkeiten nach Wahl<\/li>\n<li>Einfache Bedienung<\/li>\n<li>Leicht zu s\u00e4ubern<\/li>\n<li>Solide, stabile und widerstandsf\u00e4hige Basis<\/li>\n<li>Stark und strapazierf\u00e4hig<\/li>\n<li>CE-Zulassung<\/li>\n<\/ul>","protected":false},"featured_media":6114,"comment_status":"closed","ping_status":"closed","template":"","meta":[],"product_brand":[],"product_cat":[49,66],"product_tag":[103],"class_list":{"0":"post-3544","1":"product","2":"type-product","3":"status-publish","4":"has-post-thumbnail","6":"product_cat-dough-mixer","7":"product_cat-dh-a-dough-mixer","8":"product_tag-dough-mixer","10":"first","11":"instock","12":"shipping-taxable","13":"product-type-simple"},"yoast_head":"<!-- This site is optimized with the Yoast SEO Premium plugin v22.5 (Yoast SEO v22.8) - https:\/\/yoast.com\/wordpress\/plugins\/seo\/ -->\n<title>Dough Mixer Price 8KG 20L Double Active Double Speed DH20A<\/title>\n<meta name=\"description\" content=\"Dough mixer price | DH series is used high quality belt construction with bowl capacity ranges from 20 liter to 200 liter.\" \/>\n<meta name=\"robots\" content=\"index, follow, max-snippet:-1, max-image-preview:large, max-video-preview:-1\" \/>\n<link rel=\"canonical\" href=\"https:\/\/www.goldenchef.cn\/de\/produkt\/dough-mixer\/dh-a-dough-mixer\/dh20a\/\" \/>\n<meta property=\"og:locale\" content=\"de_DE\" \/>\n<meta property=\"og:type\" content=\"article\" \/>\n<meta property=\"og:title\" content=\"DH20A Dough Mixer 8KG 20L Double Active Double Speed Belt Construction\" \/>\n<meta property=\"og:description\" content=\"Dough mixer price | DH series is used high quality belt construction with bowl capacity ranges from 20 liter to 200 liter.\" \/>\n<meta property=\"og:url\" content=\"https:\/\/www.goldenchef.cn\/de\/produkt\/dough-mixer\/dh-a-dough-mixer\/dh20a\/\" \/>\n<meta property=\"og:site_name\" content=\"golden chef machinery\" \/>\n<meta property=\"article:modified_time\" content=\"2024-11-12T07:38:46+00:00\" \/>\n<meta property=\"og:image\" content=\"http:\/\/www.goldenchef.cn\/wp-content\/uploads\/2022\/10\/20.jpg\" \/>\n\t<meta property=\"og:image:width\" content=\"800\" \/>\n\t<meta property=\"og:image:height\" content=\"800\" \/>\n\t<meta property=\"og:image:type\" content=\"image\/jpeg\" \/>\n<meta name=\"twitter:card\" content=\"summary_large_image\" \/>\n<meta name=\"twitter:label1\" content=\"Preis\" \/>\n\t<meta name=\"twitter:data1\" content=\"\" \/>\n\t<meta name=\"twitter:label2\" content=\"Verf\u00fcgbarkeit\" \/>\n\t<meta name=\"twitter:data2\" content=\"Auf Lager\" \/>\n<script type=\"application\/ld+json\" class=\"yoast-schema-graph\">{\"@context\":\"https:\/\/schema.org\",\"@graph\":[{\"@type\":\"WebPage\",\"@id\":\"https:\/\/www.goldenchef.cn\/product\/dough-mixer\/dh-a-dough-mixer\/dh20a\/\",\"url\":\"https:\/\/www.goldenchef.cn\/product\/dough-mixer\/dh-a-dough-mixer\/dh20a\/\",\"name\":\"Dough Mixer Price 8KG 20L Double Active Double Speed DH20A\",\"isPartOf\":{\"@id\":\"https:\/\/www.goldenchef.cn\/#website\"},\"primaryImageOfPage\":{\"@id\":\"https:\/\/www.goldenchef.cn\/product\/dough-mixer\/dh-a-dough-mixer\/dh20a\/#primaryimage\"},\"image\":{\"@id\":\"https:\/\/www.goldenchef.cn\/product\/dough-mixer\/dh-a-dough-mixer\/dh20a\/#primaryimage\"},\"thumbnailUrl\":\"https:\/\/www.goldenchef.cn\/wp-content\/uploads\/2022\/10\/20.jpg\",\"datePublished\":\"2022-10-27T02:52:58+00:00\",\"dateModified\":\"2024-11-12T07:38:46+00:00\",\"description\":\"Dough mixer price | DH series is used high quality belt construction with bowl capacity ranges from 20 liter to 200 liter.\",\"breadcrumb\":{\"@id\":\"https:\/\/www.goldenchef.cn\/product\/dough-mixer\/dh-a-dough-mixer\/dh20a\/#breadcrumb\"},\"inLanguage\":\"de\",\"potentialAction\":[{\"@type\":\"ReadAction\",\"target\":[\"https:\/\/www.goldenchef.cn\/product\/dough-mixer\/dh-a-dough-mixer\/dh20a\/\"]}]},{\"@type\":\"ImageObject\",\"inLanguage\":\"de\",\"@id\":\"https:\/\/www.goldenchef.cn\/product\/dough-mixer\/dh-a-dough-mixer\/dh20a\/#primaryimage\",\"url\":\"https:\/\/www.goldenchef.cn\/wp-content\/uploads\/2022\/10\/20.jpg\",\"contentUrl\":\"https:\/\/www.goldenchef.cn\/wp-content\/uploads\/2022\/10\/20.jpg\",\"width\":800,\"height\":800,\"caption\":\"dough mixer, spiral mixer, dough kneader, pizza mixer, spirao dough mixer, dough mixer, spiral mixer, dough kneader, pizza mixer, spirao dough mixer,\"},{\"@type\":\"BreadcrumbList\",\"@id\":\"https:\/\/www.goldenchef.cn\/product\/dough-mixer\/dh-a-dough-mixer\/dh20a\/#breadcrumb\",\"itemListElement\":[{\"@type\":\"ListItem\",\"position\":1,\"name\":\"homepage\",\"item\":\"https:\/\/www.goldenchef.cn\/\"},{\"@type\":\"ListItem\",\"position\":2,\"name\":\"All Product\",\"item\":\"https:\/\/www.goldenchef.cn\/shop\/\"},{\"@type\":\"ListItem\",\"position\":3,\"name\":\"DH20A Dough Mixer 8KG 20L Double Active Double Speed Belt Construction\"}]},{\"@type\":\"WebSite\",\"@id\":\"https:\/\/www.goldenchef.cn\/#website\",\"url\":\"https:\/\/www.goldenchef.cn\/\",\"name\":\"golden chef machinery\",\"description\":\"If kitchen have dream, we are dream maker\",\"publisher\":{\"@id\":\"https:\/\/www.goldenchef.cn\/#organization\"},\"potentialAction\":[{\"@type\":\"SearchAction\",\"target\":{\"@type\":\"EntryPoint\",\"urlTemplate\":\"https:\/\/www.goldenchef.cn\/?s={search_term_string}\"},\"query-input\":\"required name=search_term_string\"}],\"inLanguage\":\"de\"},{\"@type\":[\"Organization\",\"Place\"],\"@id\":\"https:\/\/www.goldenchef.cn\/#organization\",\"name\":\"golden chef machinery\",\"url\":\"https:\/\/www.goldenchef.cn\/\",\"logo\":{\"@id\":\"https:\/\/www.goldenchef.cn\/product\/dough-mixer\/dh-a-dough-mixer\/dh20a\/#local-main-organization-logo\"},\"image\":{\"@id\":\"https:\/\/www.goldenchef.cn\/product\/dough-mixer\/dh-a-dough-mixer\/dh20a\/#local-main-organization-logo\"},\"openingHoursSpecification\":[{\"@type\":\"OpeningHoursSpecification\",\"dayOfWeek\":[\"Monday\",\"Tuesday\",\"Wednesday\",\"Thursday\",\"Friday\",\"Saturday\",\"Sunday\"],\"opens\":\"09:00\",\"closes\":\"17:00\"}]},{\"@type\":\"ImageObject\",\"inLanguage\":\"de\",\"@id\":\"https:\/\/www.goldenchef.cn\/product\/dough-mixer\/dh-a-dough-mixer\/dh20a\/#local-main-organization-logo\",\"url\":\"https:\/\/www.goldenchef.cn\/wp-content\/uploads\/2023\/08\/cropped-200k.png\",\"contentUrl\":\"https:\/\/www.goldenchef.cn\/wp-content\/uploads\/2023\/08\/cropped-200k.png\",\"width\":512,\"height\":512,\"caption\":\"golden chef machinery\"}]}<\/script>\n<meta property=\"product:price:amount\" content=\"0.00\" \/>\n<meta property=\"product:price:currency\" content=\"USD\" \/>\n<meta property=\"og:availability\" content=\"instock\" \/>\n<meta property=\"product:availability\" content=\"instock\" \/>\n<meta property=\"product:condition\" content=\"new\" \/>\n<!-- \/ Yoast SEO Premium plugin. -->","yoast_head_json":{"title":"Dough Mixer Price 8KG 20L Double Active Double Speed DH20A","description":"Dough mixer price | DH series is used high quality belt construction with bowl capacity ranges from 20 liter to 200 liter.","robots":{"index":"index","follow":"follow","max-snippet":"max-snippet:-1","max-image-preview":"max-image-preview:large","max-video-preview":"max-video-preview:-1"},"canonical":"https:\/\/www.goldenchef.cn\/de\/produkt\/dough-mixer\/dh-a-dough-mixer\/dh20a\/","og_locale":"de_DE","og_type":"article","og_title":"DH20A Dough Mixer 8KG 20L Double Active Double Speed Belt Construction","og_description":"Dough mixer price | DH series is used high quality belt construction with bowl capacity ranges from 20 liter to 200 liter.","og_url":"https:\/\/www.goldenchef.cn\/de\/produkt\/dough-mixer\/dh-a-dough-mixer\/dh20a\/","og_site_name":"golden chef machinery","article_modified_time":"2024-11-12T07:38:46+00:00","og_image":[{"width":800,"height":800,"url":"http:\/\/www.goldenchef.cn\/wp-content\/uploads\/2022\/10\/20.jpg","type":"image\/jpeg"}],"twitter_card":"summary_large_image","twitter_misc":{"Preis":"","Verf\u00fcgbarkeit":"Auf Lager"},"schema":{"@context":"https:\/\/schema.org","@graph":[{"@type":"WebPage","@id":"https:\/\/www.goldenchef.cn\/product\/dough-mixer\/dh-a-dough-mixer\/dh20a\/","url":"https:\/\/www.goldenchef.cn\/product\/dough-mixer\/dh-a-dough-mixer\/dh20a\/","name":"Dough Mixer Price 8KG 20L Double Active Double Speed DH20A","isPartOf":{"@id":"https:\/\/www.goldenchef.cn\/#website"},"primaryImageOfPage":{"@id":"https:\/\/www.goldenchef.cn\/product\/dough-mixer\/dh-a-dough-mixer\/dh20a\/#primaryimage"},"image":{"@id":"https:\/\/www.goldenchef.cn\/product\/dough-mixer\/dh-a-dough-mixer\/dh20a\/#primaryimage"},"thumbnailUrl":"https:\/\/www.goldenchef.cn\/wp-content\/uploads\/2022\/10\/20.jpg","datePublished":"2022-10-27T02:52:58+00:00","dateModified":"2024-11-12T07:38:46+00:00","description":"Dough mixer price | DH series is used high quality belt construction with bowl capacity ranges from 20 liter to 200 liter.","breadcrumb":{"@id":"https:\/\/www.goldenchef.cn\/product\/dough-mixer\/dh-a-dough-mixer\/dh20a\/#breadcrumb"},"inLanguage":"de","potentialAction":[{"@type":"ReadAction","target":["https:\/\/www.goldenchef.cn\/product\/dough-mixer\/dh-a-dough-mixer\/dh20a\/"]}]},{"@type":"ImageObject","inLanguage":"de","@id":"https:\/\/www.goldenchef.cn\/product\/dough-mixer\/dh-a-dough-mixer\/dh20a\/#primaryimage","url":"https:\/\/www.goldenchef.cn\/wp-content\/uploads\/2022\/10\/20.jpg","contentUrl":"https:\/\/www.goldenchef.cn\/wp-content\/uploads\/2022\/10\/20.jpg","width":800,"height":800,"caption":"dough mixer, spiral mixer, dough kneader, pizza mixer, spirao dough mixer, dough mixer, spiral mixer, dough kneader, pizza mixer, spirao dough mixer,"},{"@type":"BreadcrumbList","@id":"https:\/\/www.goldenchef.cn\/product\/dough-mixer\/dh-a-dough-mixer\/dh20a\/#breadcrumb","itemListElement":[{"@type":"ListItem","position":1,"name":"homepage","item":"https:\/\/www.goldenchef.cn\/"},{"@type":"ListItem","position":2,"name":"All Product","item":"https:\/\/www.goldenchef.cn\/shop\/"},{"@type":"ListItem","position":3,"name":"DH20A Dough Mixer 8KG 20L Double Active Double Speed Belt Construction"}]},{"@type":"WebSite","@id":"https:\/\/www.goldenchef.cn\/#website","url":"https:\/\/www.goldenchef.cn\/","name":"golden chef machinery","description":"If kitchen have dream, we are dream maker","publisher":{"@id":"https:\/\/www.goldenchef.cn\/#organization"},"potentialAction":[{"@type":"SearchAction","target":{"@type":"EntryPoint","urlTemplate":"https:\/\/www.goldenchef.cn\/?s={search_term_string}"},"query-input":"required name=search_term_string"}],"inLanguage":"de"},{"@type":["Organization","Place"],"@id":"https:\/\/www.goldenchef.cn\/#organization","name":"golden chef machinery","url":"https:\/\/www.goldenchef.cn\/","logo":{"@id":"https:\/\/www.goldenchef.cn\/product\/dough-mixer\/dh-a-dough-mixer\/dh20a\/#local-main-organization-logo"},"image":{"@id":"https:\/\/www.goldenchef.cn\/product\/dough-mixer\/dh-a-dough-mixer\/dh20a\/#local-main-organization-logo"},"openingHoursSpecification":[{"@type":"OpeningHoursSpecification","dayOfWeek":["Monday","Tuesday","Wednesday","Thursday","Friday","Saturday","Sunday"],"opens":"09:00","closes":"17:00"}]},{"@type":"ImageObject","inLanguage":"de","@id":"https:\/\/www.goldenchef.cn\/product\/dough-mixer\/dh-a-dough-mixer\/dh20a\/#local-main-organization-logo","url":"https:\/\/www.goldenchef.cn\/wp-content\/uploads\/2023\/08\/cropped-200k.png","contentUrl":"https:\/\/www.goldenchef.cn\/wp-content\/uploads\/2023\/08\/cropped-200k.png","width":512,"height":512,"caption":"golden chef machinery"}]},"product_price_amount":"0.00","product_price_currency":"USD","og_availability":"instock","product_availability":"instock","product_condition":"new"},"_links":{"self":[{"href":"https:\/\/www.goldenchef.cn\/de\/wp-json\/wp\/v2\/product\/3544"}],"collection":[{"href":"https:\/\/www.goldenchef.cn\/de\/wp-json\/wp\/v2\/product"}],"about":[{"href":"https:\/\/www.goldenchef.cn\/de\/wp-json\/wp\/v2\/types\/product"}],"replies":[{"embeddable":true,"href":"https:\/\/www.goldenchef.cn\/de\/wp-json\/wp\/v2\/comments?post=3544"}],"wp:featuredmedia":[{"embeddable":true,"href":"https:\/\/www.goldenchef.cn\/de\/wp-json\/wp\/v2\/media\/6114"}],"wp:attachment":[{"href":"https:\/\/www.goldenchef.cn\/de\/wp-json\/wp\/v2\/media?parent=3544"}],"wp:term":[{"taxonomy":"product_brand","embeddable":true,"href":"https:\/\/www.goldenchef.cn\/de\/wp-json\/wp\/v2\/product_brand?post=3544"},{"taxonomy":"product_cat","embeddable":true,"href":"https:\/\/www.goldenchef.cn\/de\/wp-json\/wp\/v2\/product_cat?post=3544"},{"taxonomy":"product_tag","embeddable":true,"href":"https:\/\/www.goldenchef.cn\/de\/wp-json\/wp\/v2\/product_tag?post=3544"}],"curies":[{"name":"wp","href":"https:\/\/api.w.org\/{rel}","templated":true}]}}