{"id":3566,"date":"2022-10-27T11:45:23","date_gmt":"2022-10-27T03:45:23","guid":{"rendered":"http:\/\/www.goldenchef.cn\/?post_type=product&#038;p=3566"},"modified":"2025-08-08T10:59:25","modified_gmt":"2025-08-08T02:59:25","slug":"dh20t","status":"publish","type":"product","link":"https:\/\/www.goldenchef.cn\/de\/produkt\/dough-mixer\/dh-t-pizza-dough-mixer\/dh20t\/","title":{"rendered":"DH20T Pizza Spiral Mixer 8KG 20L Leben nach oben Kopf Design Kette Konstruktion"},"content":{"rendered":"<h2 class=\"pro_des_top\">Pizza-Spiralmischer 5kg 8kg 10kg 12kg 15kg 20kg 25kg 50kg 100kg Kneter Pizzateig B\u00e4ckerei Mehl Mischmaschine <a href=\"https:\/\/youtu.be\/RJaVs34GEY4?si=WL71RtHJEGMpjE2H\">Spiralmischer<\/a><\/h2>\n<p>Die Pizza-Spiralkneter der Serie DH-T sind mit einer hochwertigen Kettenkonstruktion speziell f\u00fcr das Kneten von Pizzateig ausgestattet. Es gibt Modelle mit einfacher oder doppelter Geschwindigkeit in 20, 30, 40 und 50 Liter Sch\u00fcsselvolumen. W\u00e4hrend des Betriebs drehen sich sowohl der Edelstahl-Mischhaken als auch die Sch\u00fcssel gleichzeitig. Das Anheben des Kopfes und das Abnehmen der Sch\u00fcssel erleichtern den Kunden die Bedienung und die Reinigung in hohem Ma\u00dfe.<\/p>\n<p>Golden Chef Machinery Co. Ltd. ist Hersteller und Exporteur von Lebensmittel- und B\u00e4ckereimaschinen. Unser Unternehmen befindet sich in Guangzhou, der Stadt, in der die Kanton-Messe zwei Mal im Jahr stattfindet.<\/p>\n<p>Modell: DH-20T<\/p>\n<p>Fassungsverm\u00f6gen: 20 l<br \/>\nMaximale Knetkapazit\u00e4t: 8 KG<br \/>\nMischgeschwindigkeit: 158 RPM<br \/>\nLeistung: 1,1 kW<br \/>\nSpannung: 220V\/380V<br \/>\nGr\u00f6\u00dfe: 753X395X705 MM<br \/>\nGewicht: 137 KG<\/p>\n<style>#jtg-3559 .modula-item .jtg-social a, .lightbox-socials.jtg-social a{ color: #ffffff }#jtg-3559 .modula-item .jtg-social svg, .lightbox-socials.jtg-social svg { height: 16px; width: 16px }#jtg-3559 .modula-item .jtg-social a:not(:last-child), .lightbox-socials.jtg-social a:not(:last-child) { margin-right: 10px }#jtg-3559 .modula-item .figc {color:#ffffff;}#jtg-3559 .modula-item .modula-item-content { transform: scale(1) }#jtg-3559 { width:100%;}#jtg-3559 .modula-items{height:800px;}@media screen and (max-width: 992px) {#jtg-3559 .modula-items{height:800px;}}@media screen and (max-width: 768px) {#jtg-3559 .modula-items{height:800px;}}#jtg-3559 .modula-items .figc p.description { font-size:14px; }#jtg-3559 .modula-items .figc p.description { color:#ffffff;}#jtg-3559.modula-gallery .modula-item > a, #jtg-3559.modula-gallery .modula-item, #jtg-3559.modula-gallery .modula-item-content > a:not(.modula-no-follow) { cursor:zoom-in; } #jtg-3559.modula-gallery .modula-item-content .modula-no-follow { cursor: default; } @media screen and (max-width:480px){#jtg-3559 .modula-item .figc .jtg-title {  font-size: 12px; }#jtg-3559 .modula-items .figc p.description { color:#ffffff;font-size:10px; }}<\/style>\n<!-- Gallery Container -->\n<div  id=\"jtg-3559\" class=\"modula modula-gallery modula-creative-gallery\" data-config=\"{&quot;height&quot;:800,&quot;tabletHeight&quot;:800,&quot;mobileHeight&quot;:800,&quot;desktopHeight&quot;:800,&quot;enableTwitter&quot;:false,&quot;enableWhatsapp&quot;:false,&quot;enableFacebook&quot;:false,&quot;enablePinterest&quot;:false,&quot;enableLinkedin&quot;:false,&quot;enableEmail&quot;:false,&quot;randomFactor&quot;:0.5,&quot;type&quot;:&quot;creative-gallery&quot;,&quot;columns&quot;:12,&quot;gutter&quot;:10,&quot;mobileGutter&quot;:10,&quot;tabletGutter&quot;:10,&quot;desktopGutter&quot;:10,&quot;enableResponsive&quot;:&quot;0&quot;,&quot;tabletColumns&quot;:&quot;2&quot;,&quot;mobileColumns&quot;:&quot;1&quot;,&quot;lazyLoad&quot;:&quot;1&quot;,&quot;lightboxOpts&quot;:{&quot;loop&quot;:false,&quot;arrows&quot;:true,&quot;toolbar&quot;:true,&quot;keyboard&quot;:true,&quot;wheel&quot;:false,&quot;buttons&quot;:[&quot;close&quot;],&quot;hash&quot;:false,&quot;lang&quot;:&quot;en&quot;,&quot;touch&quot;:false,&quot;protect&quot;:false,&quot;i18n&quot;:{&quot;en&quot;:{&quot;CLOSE&quot;:&quot;Close&quot;,&quot;NEXT&quot;:&quot;Next&quot;,&quot;PREV&quot;:&quot;Previous&quot;,&quot;Error&quot;:&quot;The requested content cannot be loaded. Please try again later.&quot;,&quot;PLAY_START&quot;:&quot;Start slideshow&quot;,&quot;PLAY_STOP&quot;:&quot;Pause slideshow&quot;,&quot;FULL_SCREEN&quot;:&quot;Full screen&quot;,&quot;THUMBS&quot;:&quot;Thumbnails&quot;,&quot;DOWNLOAD&quot;:&quot;Download&quot;,&quot;SHARE&quot;:&quot;Share&quot;,&quot;ZOOM&quot;:&quot;Zoom&quot;}},&quot;clickSlide&quot;:false,&quot;clickOutside&quot;:false,&quot;dblclickContent&quot;:false,&quot;dblclickSlide&quot;:false,&quot;dblclickOutside&quot;:false,&quot;clickContent&quot;:false,&quot;baseTpl&quot;:&quot;&lt;div class=\\&quot;modula-fancybox-container modula-lightbox-jtg-3559\\&quot; role=\\&quot;dialog\\&quot; tabindex=\\&quot;-1\\&quot;&gt;&lt;div class=\\&quot;modula-fancybox-bg\\&quot;&gt;&lt;\\\/div&gt;&lt;div class=\\&quot;modula-fancybox-inner\\&quot;&gt;&lt;div class=\\&quot;modula-fancybox-infobar\\&quot;&gt;&lt;span data-fancybox-index&gt;&lt;\\\/span&gt;&nbsp;\\\/&nbsp;&lt;span data-fancybox-count&gt;&lt;\\\/span&gt;&lt;\\\/div&gt;&lt;div class=\\&quot;modula-fancybox-toolbar\\&quot;&gt;{{buttons}}&lt;\\\/div&gt;&lt;div class=\\&quot;modula-fancybox-navigation\\&quot;&gt;{{arrows}}&lt;\\\/div&gt;&lt;div class=\\&quot;modula-fancybox-stage\\&quot;&gt;&lt;\\\/div&gt;&lt;div class=\\&quot;modula-fancybox-caption\\&quot;&gt;&lt;div class=\\&quot;modula-fancybox-caption__body\\&quot;&gt;&lt;\\\/div&gt;&lt;\\\/div&gt;&lt;\\\/div&gt;&lt;\\\/div&gt;&quot;},&quot;inView&quot;:false,&quot;email_subject&quot;:&quot;Check out this awesome image !!&quot;,&quot;email_message&quot;:&quot;Here is the link to the image : %%image_link%% and this is the link to the gallery : %%gallery_link%%&quot;,&quot;lightbox&quot;:&quot;fancybox&quot;}\">\n\n\t\n\t<!-- Items Container -->\n\t<div  class=\"modula-items\">\n\t\t<div class=\"modula-item effect-pufrobo\" >\n\t<div class=\"modula-item-overlay\"><\/div>\n\n\t<div class=\"modula-item-content\">\n\n\t\t\t\t\n\t\t\t\t\t<a data-image-id=\"3563\" data-elementor-open-lightbox=\"no\" rel=\"jtg-3559\" data-caption=\"\" aria-label=\"Bild im Leuchtkasten \u00f6ffnen\" class=\"tile-inner modula-item-link\"><\/a>\n\t\t\n\t\t<img class=\"pic wp-image-3563 lazyload\"  data-valign=\"middle\" data-halign=\"center\" alt=\"commercial food mixer, food mixer, planetary mixer, food mixer machine, food mixers, dough mixer, spiral mixer, spiral dough mixer, dough mixer machine, table top dough mixer, small dough mixer, bread mixer, baking mixer, dough kneading machine, dough kneader, food mixer, cake mixer, flour mixer, bakery mixer, heavy duty dough mixer, heavy duty spiral mixer, planetary mixer, stand mixer,\" data-full=\"https:\/\/www.goldenchef.cn\/wp-content\/uploads\/2022\/10\/photobank-18_01-1.jpg\" title=\"fotobank-(18)_01\" width=\"300\" height=\"153\" data-src=\"https:\/\/www.goldenchef.cn\/wp-content\/uploads\/2022\/10\/photobank-18_01-1.jpg\" data-caption=\"\" data-source=\"modula\" data-srcset=\"https:\/\/www.goldenchef.cn\/wp-content\/uploads\/2022\/10\/photobank-18_01-1.jpg 750w, https:\/\/www.goldenchef.cn\/wp-content\/uploads\/2022\/10\/photobank-18_01-1-600x306.jpg 600w\" data-sizes=\"(max-width: 300px) 100vw, 300px\" \/>\n\t\t<div class=\"figc no-description\">\n\t\t\t<div class=\"figc-inner\">\n\t\t\t\t\t\t\t\t\t\t\t\t\t\t\t<\/div>\n\t\t<\/div>\n\n\t<\/div>\n\n<\/div><div class=\"modula-item effect-pufrobo\" >\n\t<div class=\"modula-item-overlay\"><\/div>\n\n\t<div class=\"modula-item-content\">\n\n\t\t\t\t\n\t\t\t\t\t<a data-image-id=\"3564\" data-elementor-open-lightbox=\"no\" rel=\"jtg-3559\" data-caption=\"\" aria-label=\"Bild im Leuchtkasten \u00f6ffnen\" class=\"tile-inner modula-item-link\"><\/a>\n\t\t\n\t\t<img fetchpriority=\"high\" class=\"pic wp-image-3564 lazyload\"  data-valign=\"middle\" data-halign=\"center\" alt=\"\" data-full=\"https:\/\/www.goldenchef.cn\/wp-content\/uploads\/2022\/10\/photobank-18_02-1.jpg\" title=\"fotobank-(18)_02\" width=\"300\" height=\"264\" data-src=\"https:\/\/www.goldenchef.cn\/wp-content\/uploads\/2022\/10\/photobank-18_02-1.jpg\" data-caption=\"\" data-source=\"modula\" data-srcset=\"https:\/\/www.goldenchef.cn\/wp-content\/uploads\/2022\/10\/photobank-18_02-1.jpg 750w, https:\/\/www.goldenchef.cn\/wp-content\/uploads\/2022\/10\/photobank-18_02-1-600x529.jpg 600w\" data-sizes=\"(max-width: 300px) 100vw, 300px\" \/>\n\t\t<div class=\"figc no-description\">\n\t\t\t<div class=\"figc-inner\">\n\t\t\t\t\t\t\t\t\t\t\t\t\t\t\t<\/div>\n\t\t<\/div>\n\n\t<\/div>\n\n<\/div><div class=\"modula-item effect-pufrobo\" >\n\t<div class=\"modula-item-overlay\"><\/div>\n\n\t<div class=\"modula-item-content\">\n\n\t\t\t\t\n\t\t\t\t\t<a data-image-id=\"3565\" data-elementor-open-lightbox=\"no\" rel=\"jtg-3559\" data-caption=\"\" aria-label=\"Bild im Leuchtkasten \u00f6ffnen\" class=\"tile-inner modula-item-link\"><\/a>\n\t\t\n\t\t<img class=\"pic wp-image-3565 lazyload\"  data-valign=\"middle\" data-halign=\"center\" alt=\"\" data-full=\"https:\/\/www.goldenchef.cn\/wp-content\/uploads\/2022\/10\/photobank-13.jpg\" title=\"Fotobank-(13)\" width=\"300\" height=\"277\" data-src=\"https:\/\/www.goldenchef.cn\/wp-content\/uploads\/2022\/10\/photobank-13.jpg\" data-caption=\"\" data-source=\"modula\" data-srcset=\"https:\/\/www.goldenchef.cn\/wp-content\/uploads\/2022\/10\/photobank-13.jpg 750w, https:\/\/www.goldenchef.cn\/wp-content\/uploads\/2022\/10\/photobank-13-600x554.jpg 600w\" data-sizes=\"(max-width: 300px) 100vw, 300px\" \/>\n\t\t<div class=\"figc no-description\">\n\t\t\t<div class=\"figc-inner\">\n\t\t\t\t\t\t\t\t\t\t\t\t\t\t\t<\/div>\n\t\t<\/div>\n\n\t<\/div>\n\n<\/div><div class=\"modula-item effect-pufrobo\" >\n\t<div class=\"modula-item-overlay\"><\/div>\n\n\t<div class=\"modula-item-content\">\n\n\t\t\t\t\n\t\t\t\t\t<a data-image-id=\"3560\" data-elementor-open-lightbox=\"no\" rel=\"jtg-3559\" data-caption=\"\" aria-label=\"Bild im Leuchtkasten \u00f6ffnen\" class=\"tile-inner modula-item-link\"><\/a>\n\t\t\n\t\t<img loading=\"lazy\" class=\"pic wp-image-3560 lazyload\"  data-valign=\"middle\" data-halign=\"center\" alt=\"pizza dough mixer, pizza spiral mixer, pizza mixer, pizza dough mixer machine, pizza spiral mixer machine, pizza machine\" data-full=\"https:\/\/www.goldenchef.cn\/wp-content\/uploads\/2022\/10\/photobank-17_01.jpg\" title=\"Pizzateigmischer, Pizzaspirale, Pizzamischer, Pizzateigmischmaschine, Pizzaspirale, Pizzamaschine\" width=\"300\" height=\"265\" data-src=\"https:\/\/www.goldenchef.cn\/wp-content\/uploads\/2022\/10\/photobank-17_01.jpg\" data-caption=\"\" data-source=\"modula\" data-srcset=\"https:\/\/www.goldenchef.cn\/wp-content\/uploads\/2022\/10\/photobank-17_01.jpg 750w, https:\/\/www.goldenchef.cn\/wp-content\/uploads\/2022\/10\/photobank-17_01-600x530.jpg 600w\" data-sizes=\"(max-width: 300px) 100vw, 300px\" \/>\n\t\t<div class=\"figc no-description\">\n\t\t\t<div class=\"figc-inner\">\n\t\t\t\t\t\t\t\t\t\t\t\t\t\t\t<\/div>\n\t\t<\/div>\n\n\t<\/div>\n\n<\/div><div class=\"modula-item effect-pufrobo\" >\n\t<div class=\"modula-item-overlay\"><\/div>\n\n\t<div class=\"modula-item-content\">\n\n\t\t\t\t\n\t\t\t\t\t<a data-image-id=\"3561\" data-elementor-open-lightbox=\"no\" rel=\"jtg-3559\" data-caption=\"\" aria-label=\"Bild im Leuchtkasten \u00f6ffnen\" class=\"tile-inner modula-item-link\"><\/a>\n\t\t\n\t\t<img loading=\"lazy\" class=\"pic wp-image-3561 lazyload\"  data-valign=\"middle\" data-halign=\"center\" alt=\"\" data-full=\"https:\/\/www.goldenchef.cn\/wp-content\/uploads\/2022\/10\/photobank-17_02.jpg\" title=\"fotobank-(17)_02\" width=\"300\" height=\"252\" data-src=\"https:\/\/www.goldenchef.cn\/wp-content\/uploads\/2022\/10\/photobank-17_02.jpg\" data-caption=\"\" data-source=\"modula\" data-srcset=\"https:\/\/www.goldenchef.cn\/wp-content\/uploads\/2022\/10\/photobank-17_02.jpg 750w, https:\/\/www.goldenchef.cn\/wp-content\/uploads\/2022\/10\/photobank-17_02-600x505.jpg 600w\" data-sizes=\"(max-width: 300px) 100vw, 300px\" \/>\n\t\t<div class=\"figc no-description\">\n\t\t\t<div class=\"figc-inner\">\n\t\t\t\t\t\t\t\t\t\t\t\t\t\t\t<\/div>\n\t\t<\/div>\n\n\t<\/div>\n\n<\/div><div class=\"modula-item effect-pufrobo\" >\n\t<div class=\"modula-item-overlay\"><\/div>\n\n\t<div class=\"modula-item-content\">\n\n\t\t\t\t\n\t\t\t\t\t<a data-image-id=\"3562\" data-elementor-open-lightbox=\"no\" rel=\"jtg-3559\" data-caption=\"\" aria-label=\"Bild im Leuchtkasten \u00f6ffnen\" class=\"tile-inner modula-item-link\"><\/a>\n\t\t\n\t\t<img loading=\"lazy\" class=\"pic wp-image-3562 lazyload\"  data-valign=\"middle\" data-halign=\"center\" alt=\"commercial food mixer, food mixer, planetary mixer, food mixer machine, food mixers, dough mixer, spiral mixer, spiral dough mixer, dough mixer machine, table top dough mixer, small dough mixer, bread mixer, baking mixer, dough kneading machine, dough kneader, food mixer, cake mixer, flour mixer, bakery mixer, heavy duty dough mixer, heavy duty spiral mixer, planetary mixer, stand mixer,\" data-full=\"https:\/\/www.goldenchef.cn\/wp-content\/uploads\/2022\/10\/photobank-17_03.jpg\" title=\"fotobank-(17)_03\" width=\"300\" height=\"260\" data-src=\"https:\/\/www.goldenchef.cn\/wp-content\/uploads\/2022\/10\/photobank-17_03.jpg\" data-caption=\"\" data-source=\"modula\" data-srcset=\"https:\/\/www.goldenchef.cn\/wp-content\/uploads\/2022\/10\/photobank-17_03.jpg 750w, https:\/\/www.goldenchef.cn\/wp-content\/uploads\/2022\/10\/photobank-17_03-600x520.jpg 600w\" data-sizes=\"(max-width: 300px) 100vw, 300px\" \/>\n\t\t<div class=\"figc no-description\">\n\t\t\t<div class=\"figc-inner\">\n\t\t\t\t\t\t\t\t\t\t\t\t\t\t\t<\/div>\n\t\t<\/div>\n\n\t<\/div>\n\n<\/div>\t\t\n\t<\/div>\n\n\t\n\t\n\t<script type=\"application\/ld+json\">\n\t{\n\t\t\"@context\": \"http:\/\/schema.org\",\n\t\t\"@type\"   : \"ImageGallery\",\n\t\t\"id\"      : \"https:\/\/www.goldenchef.cn\/de\/wp-json\/wp\/v2\/product\/3566\",\n\t\t\"url\"     : \"https:\/\/www.goldenchef.cn\/de\/wp-json\/wp\/v2\/product\/3566\"\n\t}\n\n    <\/script>\n\n\t\n<\/div>\n<p>Bester Werbespot <strong><a href=\"https:\/\/www.goldenchef.cn\/de\/best-commercial-pizza-dough-mixer-machines-2021-html\/\" target=\"_blank\" rel=\"noopener\">Pizzateigmischer<\/a><\/strong> Maschine 2022 ?.<\/p>\n<p><strong><a href=\"https:\/\/www.goldenchef.cn\/de\/what-is-a-dough-mixer-how-to-select-the-right-dough-mixer-for-you\/\">Maschine eine Pastete<\/a><\/strong><\/p>","protected":false},"excerpt":{"rendered":"<ul>\n<li>Marke: Mondo Cucina<\/li>\n<li>Professionelle Ausr\u00fcstung<\/li>\n<li>Hochwertige Kettenkonstruktion mit hoher Belastbarkeit<\/li>\n<li>Effektive Tools und doppelt aktiv<\/li>\n<li>Kr\u00e4ftiger Knethaken aus rostfreiem Stahl<\/li>\n<li>Schale, Welle aus Edelstahl<\/li>\n<li>Life up head desgin<\/li>\n<li>Einfache Bedienung<\/li>\n<li>Leicht zu s\u00e4ubern<\/li>\n<li>Solide, stabile und widerstandsf\u00e4hige Basis<\/li>\n<li>Stark und strapazierf\u00e4hig<\/li>\n<li>CE-Zulassung<\/li>\n<\/ul>","protected":false},"featured_media":6110,"comment_status":"closed","ping_status":"closed","template":"","meta":[],"product_brand":[],"product_cat":[49,68],"product_tag":[135,103],"class_list":{"0":"post-3566","1":"product","2":"type-product","3":"status-publish","4":"has-post-thumbnail","6":"product_cat-dough-mixer","7":"product_cat-dh-t-pizza-dough-mixer","8":"product_tag-canton-fair-136th","9":"product_tag-dough-mixer","11":"first","12":"instock","13":"shipping-taxable","14":"product-type-simple"},"yoast_head":"<!-- This site is optimized with the Yoast SEO Premium plugin v22.5 (Yoast SEO v22.8) - https:\/\/yoast.com\/wordpress\/plugins\/seo\/ -->\n<title>Pizza Spiral Mixers 8KG 20L Life Up Head Chain Construction<\/title>\n<meta name=\"description\" content=\"Pizza Spiral Mixers DH-T series is equipped in high quality chain construction special for pizza dough kneading. Contact us to get best price\" \/>\n<meta name=\"robots\" content=\"index, follow, max-snippet:-1, max-image-preview:large, max-video-preview:-1\" \/>\n<link rel=\"canonical\" href=\"https:\/\/www.goldenchef.cn\/de\/produkt\/dough-mixer\/dh-t-pizza-dough-mixer\/dh20t\/\" \/>\n<meta property=\"og:locale\" content=\"de_DE\" \/>\n<meta property=\"og:type\" content=\"article\" \/>\n<meta property=\"og:title\" content=\"DH20T Pizza Spiral Mixers 8KG 20L Life Up Head Design Chain Construction\" \/>\n<meta property=\"og:description\" content=\"Pizza Spiral Mixers DH-T series is equipped in high quality chain construction special for pizza dough kneading. Contact us to get best price\" \/>\n<meta property=\"og:url\" content=\"https:\/\/www.goldenchef.cn\/de\/produkt\/dough-mixer\/dh-t-pizza-dough-mixer\/dh20t\/\" \/>\n<meta property=\"og:site_name\" content=\"golden chef machinery\" \/>\n<meta property=\"article:modified_time\" content=\"2025-08-08T02:59:25+00:00\" \/>\n<meta property=\"og:image\" content=\"http:\/\/www.goldenchef.cn\/wp-content\/uploads\/2022\/10\/12.jpg\" \/>\n\t<meta property=\"og:image:width\" content=\"800\" \/>\n\t<meta property=\"og:image:height\" content=\"800\" \/>\n\t<meta property=\"og:image:type\" content=\"image\/jpeg\" \/>\n<meta name=\"twitter:card\" content=\"summary_large_image\" \/>\n<meta name=\"twitter:label1\" content=\"Preis\" \/>\n\t<meta name=\"twitter:data1\" content=\"\" \/>\n\t<meta name=\"twitter:label2\" content=\"Verf\u00fcgbarkeit\" \/>\n\t<meta name=\"twitter:data2\" content=\"Auf Lager\" \/>\n<script type=\"application\/ld+json\" class=\"yoast-schema-graph\">{\"@context\":\"https:\/\/schema.org\",\"@graph\":[{\"@type\":\"WebPage\",\"@id\":\"https:\/\/www.goldenchef.cn\/product\/dough-mixer\/dh-t-pizza-dough-mixer\/dh20t\/\",\"url\":\"https:\/\/www.goldenchef.cn\/product\/dough-mixer\/dh-t-pizza-dough-mixer\/dh20t\/\",\"name\":\"Pizza Spiral Mixers 8KG 20L Life Up Head Chain Construction\",\"isPartOf\":{\"@id\":\"https:\/\/www.goldenchef.cn\/#website\"},\"primaryImageOfPage\":{\"@id\":\"https:\/\/www.goldenchef.cn\/product\/dough-mixer\/dh-t-pizza-dough-mixer\/dh20t\/#primaryimage\"},\"image\":{\"@id\":\"https:\/\/www.goldenchef.cn\/product\/dough-mixer\/dh-t-pizza-dough-mixer\/dh20t\/#primaryimage\"},\"thumbnailUrl\":\"https:\/\/www.goldenchef.cn\/wp-content\/uploads\/2022\/10\/12.jpg\",\"datePublished\":\"2022-10-27T03:45:23+00:00\",\"dateModified\":\"2025-08-08T02:59:25+00:00\",\"description\":\"Pizza Spiral Mixers DH-T series is equipped in high quality chain construction special for pizza dough kneading. Contact us to get best price\",\"breadcrumb\":{\"@id\":\"https:\/\/www.goldenchef.cn\/product\/dough-mixer\/dh-t-pizza-dough-mixer\/dh20t\/#breadcrumb\"},\"inLanguage\":\"de\",\"potentialAction\":[{\"@type\":\"ReadAction\",\"target\":[\"https:\/\/www.goldenchef.cn\/product\/dough-mixer\/dh-t-pizza-dough-mixer\/dh20t\/\"]}]},{\"@type\":\"ImageObject\",\"inLanguage\":\"de\",\"@id\":\"https:\/\/www.goldenchef.cn\/product\/dough-mixer\/dh-t-pizza-dough-mixer\/dh20t\/#primaryimage\",\"url\":\"https:\/\/www.goldenchef.cn\/wp-content\/uploads\/2022\/10\/12.jpg\",\"contentUrl\":\"https:\/\/www.goldenchef.cn\/wp-content\/uploads\/2022\/10\/12.jpg\",\"width\":800,\"height\":800,\"caption\":\"pizza dough mixer, pizza dough mixer machine, pizza spiral mixer, spiral mixer\"},{\"@type\":\"BreadcrumbList\",\"@id\":\"https:\/\/www.goldenchef.cn\/product\/dough-mixer\/dh-t-pizza-dough-mixer\/dh20t\/#breadcrumb\",\"itemListElement\":[{\"@type\":\"ListItem\",\"position\":1,\"name\":\"homepage\",\"item\":\"https:\/\/www.goldenchef.cn\/\"},{\"@type\":\"ListItem\",\"position\":2,\"name\":\"All Product\",\"item\":\"https:\/\/www.goldenchef.cn\/shop\/\"},{\"@type\":\"ListItem\",\"position\":3,\"name\":\"DH20T Pizza Spiral Mixers 8KG 20L Life Up Head Design Chain Construction\"}]},{\"@type\":\"WebSite\",\"@id\":\"https:\/\/www.goldenchef.cn\/#website\",\"url\":\"https:\/\/www.goldenchef.cn\/\",\"name\":\"golden chef machinery\",\"description\":\"If kitchen have dream, we are dream maker\",\"publisher\":{\"@id\":\"https:\/\/www.goldenchef.cn\/#organization\"},\"potentialAction\":[{\"@type\":\"SearchAction\",\"target\":{\"@type\":\"EntryPoint\",\"urlTemplate\":\"https:\/\/www.goldenchef.cn\/?s={search_term_string}\"},\"query-input\":\"required name=search_term_string\"}],\"inLanguage\":\"de\"},{\"@type\":[\"Organization\",\"Place\"],\"@id\":\"https:\/\/www.goldenchef.cn\/#organization\",\"name\":\"golden chef machinery\",\"url\":\"https:\/\/www.goldenchef.cn\/\",\"logo\":{\"@id\":\"https:\/\/www.goldenchef.cn\/product\/dough-mixer\/dh-t-pizza-dough-mixer\/dh20t\/#local-main-organization-logo\"},\"image\":{\"@id\":\"https:\/\/www.goldenchef.cn\/product\/dough-mixer\/dh-t-pizza-dough-mixer\/dh20t\/#local-main-organization-logo\"},\"openingHoursSpecification\":[{\"@type\":\"OpeningHoursSpecification\",\"dayOfWeek\":[\"Monday\",\"Tuesday\",\"Wednesday\",\"Thursday\",\"Friday\",\"Saturday\",\"Sunday\"],\"opens\":\"09:00\",\"closes\":\"17:00\"}]},{\"@type\":\"ImageObject\",\"inLanguage\":\"de\",\"@id\":\"https:\/\/www.goldenchef.cn\/product\/dough-mixer\/dh-t-pizza-dough-mixer\/dh20t\/#local-main-organization-logo\",\"url\":\"https:\/\/www.goldenchef.cn\/wp-content\/uploads\/2023\/08\/cropped-200k.png\",\"contentUrl\":\"https:\/\/www.goldenchef.cn\/wp-content\/uploads\/2023\/08\/cropped-200k.png\",\"width\":512,\"height\":512,\"caption\":\"golden chef machinery\"}]}<\/script>\n<meta property=\"product:price:amount\" content=\"0.00\" \/>\n<meta property=\"product:price:currency\" content=\"USD\" \/>\n<meta property=\"og:availability\" content=\"instock\" \/>\n<meta property=\"product:availability\" content=\"instock\" \/>\n<meta property=\"product:condition\" content=\"new\" \/>\n<!-- \/ Yoast SEO Premium plugin. -->","yoast_head_json":{"title":"Pizza Spiral Mixers 8KG 20L Life Up Head Chain Construction","description":"Pizza Spiral Mixers DH-T series is equipped in high quality chain construction special for pizza dough kneading. Contact us to get best price","robots":{"index":"index","follow":"follow","max-snippet":"max-snippet:-1","max-image-preview":"max-image-preview:large","max-video-preview":"max-video-preview:-1"},"canonical":"https:\/\/www.goldenchef.cn\/de\/produkt\/dough-mixer\/dh-t-pizza-dough-mixer\/dh20t\/","og_locale":"de_DE","og_type":"article","og_title":"DH20T Pizza Spiral Mixers 8KG 20L Life Up Head Design Chain Construction","og_description":"Pizza Spiral Mixers DH-T series is equipped in high quality chain construction special for pizza dough kneading. Contact us to get best price","og_url":"https:\/\/www.goldenchef.cn\/de\/produkt\/dough-mixer\/dh-t-pizza-dough-mixer\/dh20t\/","og_site_name":"golden chef machinery","article_modified_time":"2025-08-08T02:59:25+00:00","og_image":[{"width":800,"height":800,"url":"http:\/\/www.goldenchef.cn\/wp-content\/uploads\/2022\/10\/12.jpg","type":"image\/jpeg"}],"twitter_card":"summary_large_image","twitter_misc":{"Preis":"","Verf\u00fcgbarkeit":"Auf Lager"},"schema":{"@context":"https:\/\/schema.org","@graph":[{"@type":"WebPage","@id":"https:\/\/www.goldenchef.cn\/product\/dough-mixer\/dh-t-pizza-dough-mixer\/dh20t\/","url":"https:\/\/www.goldenchef.cn\/product\/dough-mixer\/dh-t-pizza-dough-mixer\/dh20t\/","name":"Pizza Spiral Mixers 8KG 20L Life Up Head Chain Construction","isPartOf":{"@id":"https:\/\/www.goldenchef.cn\/#website"},"primaryImageOfPage":{"@id":"https:\/\/www.goldenchef.cn\/product\/dough-mixer\/dh-t-pizza-dough-mixer\/dh20t\/#primaryimage"},"image":{"@id":"https:\/\/www.goldenchef.cn\/product\/dough-mixer\/dh-t-pizza-dough-mixer\/dh20t\/#primaryimage"},"thumbnailUrl":"https:\/\/www.goldenchef.cn\/wp-content\/uploads\/2022\/10\/12.jpg","datePublished":"2022-10-27T03:45:23+00:00","dateModified":"2025-08-08T02:59:25+00:00","description":"Pizza Spiral Mixers DH-T series is equipped in high quality chain construction special for pizza dough kneading. Contact us to get best price","breadcrumb":{"@id":"https:\/\/www.goldenchef.cn\/product\/dough-mixer\/dh-t-pizza-dough-mixer\/dh20t\/#breadcrumb"},"inLanguage":"de","potentialAction":[{"@type":"ReadAction","target":["https:\/\/www.goldenchef.cn\/product\/dough-mixer\/dh-t-pizza-dough-mixer\/dh20t\/"]}]},{"@type":"ImageObject","inLanguage":"de","@id":"https:\/\/www.goldenchef.cn\/product\/dough-mixer\/dh-t-pizza-dough-mixer\/dh20t\/#primaryimage","url":"https:\/\/www.goldenchef.cn\/wp-content\/uploads\/2022\/10\/12.jpg","contentUrl":"https:\/\/www.goldenchef.cn\/wp-content\/uploads\/2022\/10\/12.jpg","width":800,"height":800,"caption":"pizza dough mixer, pizza dough mixer machine, pizza spiral mixer, spiral mixer"},{"@type":"BreadcrumbList","@id":"https:\/\/www.goldenchef.cn\/product\/dough-mixer\/dh-t-pizza-dough-mixer\/dh20t\/#breadcrumb","itemListElement":[{"@type":"ListItem","position":1,"name":"homepage","item":"https:\/\/www.goldenchef.cn\/"},{"@type":"ListItem","position":2,"name":"All Product","item":"https:\/\/www.goldenchef.cn\/shop\/"},{"@type":"ListItem","position":3,"name":"DH20T Pizza Spiral Mixers 8KG 20L Life Up Head Design Chain Construction"}]},{"@type":"WebSite","@id":"https:\/\/www.goldenchef.cn\/#website","url":"https:\/\/www.goldenchef.cn\/","name":"golden chef machinery","description":"If kitchen have dream, we are dream maker","publisher":{"@id":"https:\/\/www.goldenchef.cn\/#organization"},"potentialAction":[{"@type":"SearchAction","target":{"@type":"EntryPoint","urlTemplate":"https:\/\/www.goldenchef.cn\/?s={search_term_string}"},"query-input":"required name=search_term_string"}],"inLanguage":"de"},{"@type":["Organization","Place"],"@id":"https:\/\/www.goldenchef.cn\/#organization","name":"golden chef machinery","url":"https:\/\/www.goldenchef.cn\/","logo":{"@id":"https:\/\/www.goldenchef.cn\/product\/dough-mixer\/dh-t-pizza-dough-mixer\/dh20t\/#local-main-organization-logo"},"image":{"@id":"https:\/\/www.goldenchef.cn\/product\/dough-mixer\/dh-t-pizza-dough-mixer\/dh20t\/#local-main-organization-logo"},"openingHoursSpecification":[{"@type":"OpeningHoursSpecification","dayOfWeek":["Monday","Tuesday","Wednesday","Thursday","Friday","Saturday","Sunday"],"opens":"09:00","closes":"17:00"}]},{"@type":"ImageObject","inLanguage":"de","@id":"https:\/\/www.goldenchef.cn\/product\/dough-mixer\/dh-t-pizza-dough-mixer\/dh20t\/#local-main-organization-logo","url":"https:\/\/www.goldenchef.cn\/wp-content\/uploads\/2023\/08\/cropped-200k.png","contentUrl":"https:\/\/www.goldenchef.cn\/wp-content\/uploads\/2023\/08\/cropped-200k.png","width":512,"height":512,"caption":"golden chef machinery"}]},"product_price_amount":"0.00","product_price_currency":"USD","og_availability":"instock","product_availability":"instock","product_condition":"new"},"_links":{"self":[{"href":"https:\/\/www.goldenchef.cn\/de\/wp-json\/wp\/v2\/product\/3566"}],"collection":[{"href":"https:\/\/www.goldenchef.cn\/de\/wp-json\/wp\/v2\/product"}],"about":[{"href":"https:\/\/www.goldenchef.cn\/de\/wp-json\/wp\/v2\/types\/product"}],"replies":[{"embeddable":true,"href":"https:\/\/www.goldenchef.cn\/de\/wp-json\/wp\/v2\/comments?post=3566"}],"wp:featuredmedia":[{"embeddable":true,"href":"https:\/\/www.goldenchef.cn\/de\/wp-json\/wp\/v2\/media\/6110"}],"wp:attachment":[{"href":"https:\/\/www.goldenchef.cn\/de\/wp-json\/wp\/v2\/media?parent=3566"}],"wp:term":[{"taxonomy":"product_brand","embeddable":true,"href":"https:\/\/www.goldenchef.cn\/de\/wp-json\/wp\/v2\/product_brand?post=3566"},{"taxonomy":"product_cat","embeddable":true,"href":"https:\/\/www.goldenchef.cn\/de\/wp-json\/wp\/v2\/product_cat?post=3566"},{"taxonomy":"product_tag","embeddable":true,"href":"https:\/\/www.goldenchef.cn\/de\/wp-json\/wp\/v2\/product_tag?post=3566"}],"curies":[{"name":"wp","href":"https:\/\/api.w.org\/{rel}","templated":true}]}}