{"id":3689,"date":"2022-11-02T10:38:02","date_gmt":"2022-11-02T02:38:02","guid":{"rendered":"http:\/\/www.goldenchef.cn\/?post_type=product&#038;p=3689"},"modified":"2025-08-08T10:05:29","modified_gmt":"2025-08-08T02:05:29","slug":"hs20","status":"publish","type":"product","link":"https:\/\/www.goldenchef.cn\/de\/produkt\/dough-mixer\/hs-dough-mixer\/hs20\/","title":{"rendered":"HS20 Teigknetmaschine 8KG 21L \/ Heavy Duty \/ Kettenkonstruktion"},"content":{"rendered":"<p><strong>Teigmaschine, Teigknetmaschine, <a href=\"https:\/\/www.goldenchef.cn\/de\/service\/spiral-mixer\/\">Spiralmischer<\/a>, Kommerzieller Mischer<\/strong><\/p>\n<p><strong><br \/>\n<\/strong>Modell: HS20<br \/>\nFassungsverm\u00f6gen: 21 l<br \/>\nMaximale Knetkapazit\u00e4t: 8 KG<br \/>\nMischgeschwindigkeit: 185 RPM<br \/>\nLeistung: 0,75 kW<br \/>\nSpannung: 220V<br \/>\nGr\u00f6\u00dfe: 690X380X730 MM<br \/>\nGewicht: 70 KG<\/p>\n<p>Golden Chef Machinery Co. Ltd. ist Hersteller und Exporteur von Lebensmittel- und B\u00e4ckereimaschinen. Unser Unternehmen befindet sich in Guangzhou, der Stadt, in der die Kanton-Messe zwei Mal im Jahr stattfindet. Kontaktieren Sie uns, um den Fabrikpreis f\u00fcr Teigmaschine zu erhalten.<\/p>\n<p>Das Qualit\u00e4tsmanagementsystem ISO9001:2016 wird w\u00e4hrend des gesamten Produktionsprozesses streng eingehalten. In den 30 Jahren seines Bestehens hat sich GOLDENCHEF mit seiner Erfahrung, seinem Wissen und seinen F\u00e4higkeiten einen guten Ruf als einer der f\u00fchrenden Hersteller von Lebensmittel- und B\u00e4ckereimaschinen aufgebaut.<\/p>\n<p>Die Produkte haben Patente erhalten und sind von ETL, NSF, CE, ROHS, UKCA und IEC zertifiziert. Professionelle Team bieten die OEM \/ ODM kundenspezifischen Service \u00fcber 100 L\u00e4ndern und Regionen, etablierte gute kooperative Beziehung mit mehr als 200 H\u00e4ndlern auf der ganzen Welt, Jahresumsatz \u00fcber 200.000 Einheiten.<\/p>\n<p>GOLDEN CHEF verf\u00fcgt \u00fcber ein professionelles Team, das Kunden in \u00dcbersee betreut. Dazu geh\u00f6ren Herstellung, Verkauf, Qualit\u00e4tskontrolle, Containerverladung, Zollabfertigung, Logistik und Kundendienst. Unser Ziel ist es, komplette Dienstleistungen im internationalen Gesch\u00e4ft zu bieten, um die Bequemlichkeit f\u00fcr Kunden zu gew\u00e4hrleisten.<\/p>\n<p><strong><a href=\"https:\/\/www.goldenchef.cn\/de\/four-different-types-of-dough-mixer-is-right-for-your-bakery-html\/\">2021 B\u00e4ckereiausr\u00fcstung Teigmischmaschine f\u00fcr Brot und Pizza<\/a><\/strong><\/p>\n<p><strong><a href=\"https:\/\/www.goldenchef.cn\/de\/horizontal-or-spiral-mixer-which-is-right-for-you-html\/\">Horizontaler Mischer oder Spiralmischer: Was ist das Richtige f\u00fcr Sie?<\/a><\/strong><\/p>\n<p><strong><a href=\"https:\/\/www.goldenchef.cn\/de\/what-is-a-dough-mixer-how-to-select-the-right-dough-mixer-for-you\/\">Maschine eine Pastete<\/a><\/strong><\/p>","protected":false},"excerpt":{"rendered":"<ul>\n<li>Marke: Mondo Cucina<\/li>\n<li>Professionelle Ausr\u00fcstung<\/li>\n<li>Kr\u00e4ftige Knethaken und Welle aus rostfreiem Stahl<\/li>\n<li>Starke Schale, geeignet f\u00fcr Brot mit geringem Wasseranteil<\/li>\n<li>Einfach zu bedienen<\/li>\n<li>Leicht zu s\u00e4ubern<\/li>\n<li>Solide, stabile und widerstandsf\u00e4hige breite Basis<\/li>\n<li>CE-Zulassung<\/li>\n<\/ul>","protected":false},"featured_media":3685,"comment_status":"closed","ping_status":"closed","template":"","meta":[],"product_brand":[],"product_cat":[49,73],"product_tag":[103],"class_list":{"0":"post-3689","1":"product","2":"type-product","3":"status-publish","4":"has-post-thumbnail","6":"product_cat-dough-mixer","7":"product_cat-hs-dough-mixer","8":"product_tag-dough-mixer","10":"first","11":"instock","12":"shipping-taxable","13":"product-type-simple"},"yoast_head":"<!-- This site is optimized with the Yoast SEO Premium plugin v22.5 (Yoast SEO v22.8) - https:\/\/yoast.com\/wordpress\/plugins\/seo\/ -->\n<title>Dough Machine HS20 Dough Mixer 8KG 21L \/ Heavy Duty ?\ufe0f<\/title>\n<meta name=\"description\" content=\"Golden Chef is the manufacturer &amp; exporter of food equipment and bakery machinery. Contact with us to get factory price for dough machine.\" \/>\n<meta name=\"robots\" content=\"index, follow, max-snippet:-1, max-image-preview:large, max-video-preview:-1\" \/>\n<link rel=\"canonical\" href=\"https:\/\/www.goldenchef.cn\/de\/produkt\/dough-mixer\/hs-dough-mixer\/hs20\/\" \/>\n<meta property=\"og:locale\" content=\"de_DE\" \/>\n<meta property=\"og:type\" content=\"article\" \/>\n<meta property=\"og:title\" content=\"HS20 Dough Mixer 8KG 21L \/ Heavy Duty \/ Chain Construction\" \/>\n<meta property=\"og:description\" content=\"Golden Chef is the manufacturer &amp; exporter of food equipment and bakery machinery. Contact with us to get factory price for dough machine.\" \/>\n<meta property=\"og:url\" content=\"https:\/\/www.goldenchef.cn\/de\/produkt\/dough-mixer\/hs-dough-mixer\/hs20\/\" \/>\n<meta property=\"og:site_name\" content=\"golden chef machinery\" \/>\n<meta property=\"article:modified_time\" content=\"2025-08-08T02:05:29+00:00\" \/>\n<meta property=\"og:image\" content=\"http:\/\/www.goldenchef.cn\/wp-content\/uploads\/2022\/11\/HS2.jpg\" \/>\n\t<meta property=\"og:image:width\" content=\"750\" \/>\n\t<meta property=\"og:image:height\" content=\"728\" \/>\n\t<meta property=\"og:image:type\" content=\"image\/jpeg\" \/>\n<meta name=\"twitter:card\" content=\"summary_large_image\" \/>\n<meta name=\"twitter:label1\" content=\"Preis\" \/>\n\t<meta name=\"twitter:data1\" content=\"\" \/>\n\t<meta name=\"twitter:label2\" content=\"Verf\u00fcgbarkeit\" \/>\n\t<meta name=\"twitter:data2\" content=\"Auf Lager\" \/>\n<script type=\"application\/ld+json\" class=\"yoast-schema-graph\">{\"@context\":\"https:\/\/schema.org\",\"@graph\":[{\"@type\":\"WebPage\",\"@id\":\"https:\/\/www.goldenchef.cn\/product\/dough-mixer\/hs-dough-mixer\/hs20\/\",\"url\":\"https:\/\/www.goldenchef.cn\/product\/dough-mixer\/hs-dough-mixer\/hs20\/\",\"name\":\"Dough Machine HS20 Dough Mixer 8KG 21L \/ Heavy Duty ?\ufe0f\",\"isPartOf\":{\"@id\":\"https:\/\/www.goldenchef.cn\/#website\"},\"primaryImageOfPage\":{\"@id\":\"https:\/\/www.goldenchef.cn\/product\/dough-mixer\/hs-dough-mixer\/hs20\/#primaryimage\"},\"image\":{\"@id\":\"https:\/\/www.goldenchef.cn\/product\/dough-mixer\/hs-dough-mixer\/hs20\/#primaryimage\"},\"thumbnailUrl\":\"https:\/\/www.goldenchef.cn\/wp-content\/uploads\/2022\/11\/HS2.jpg\",\"datePublished\":\"2022-11-02T02:38:02+00:00\",\"dateModified\":\"2025-08-08T02:05:29+00:00\",\"description\":\"Golden Chef is the manufacturer & exporter of food equipment and bakery machinery. Contact with us to get factory price for dough machine.\",\"breadcrumb\":{\"@id\":\"https:\/\/www.goldenchef.cn\/product\/dough-mixer\/hs-dough-mixer\/hs20\/#breadcrumb\"},\"inLanguage\":\"de\",\"potentialAction\":[{\"@type\":\"ReadAction\",\"target\":[\"https:\/\/www.goldenchef.cn\/product\/dough-mixer\/hs-dough-mixer\/hs20\/\"]}]},{\"@type\":\"ImageObject\",\"inLanguage\":\"de\",\"@id\":\"https:\/\/www.goldenchef.cn\/product\/dough-mixer\/hs-dough-mixer\/hs20\/#primaryimage\",\"url\":\"https:\/\/www.goldenchef.cn\/wp-content\/uploads\/2022\/11\/HS2.jpg\",\"contentUrl\":\"https:\/\/www.goldenchef.cn\/wp-content\/uploads\/2022\/11\/HS2.jpg\",\"width\":750,\"height\":728,\"caption\":\"dough machine, dough mixer\"},{\"@type\":\"BreadcrumbList\",\"@id\":\"https:\/\/www.goldenchef.cn\/product\/dough-mixer\/hs-dough-mixer\/hs20\/#breadcrumb\",\"itemListElement\":[{\"@type\":\"ListItem\",\"position\":1,\"name\":\"homepage\",\"item\":\"https:\/\/www.goldenchef.cn\/\"},{\"@type\":\"ListItem\",\"position\":2,\"name\":\"All Product\",\"item\":\"https:\/\/www.goldenchef.cn\/shop\/\"},{\"@type\":\"ListItem\",\"position\":3,\"name\":\"HS20 Dough Mixer 8KG 21L \/ Heavy Duty \/ Chain Construction\"}]},{\"@type\":\"WebSite\",\"@id\":\"https:\/\/www.goldenchef.cn\/#website\",\"url\":\"https:\/\/www.goldenchef.cn\/\",\"name\":\"golden chef machinery\",\"description\":\"If kitchen have dream, we are dream maker\",\"publisher\":{\"@id\":\"https:\/\/www.goldenchef.cn\/#organization\"},\"potentialAction\":[{\"@type\":\"SearchAction\",\"target\":{\"@type\":\"EntryPoint\",\"urlTemplate\":\"https:\/\/www.goldenchef.cn\/?s={search_term_string}\"},\"query-input\":\"required name=search_term_string\"}],\"inLanguage\":\"de\"},{\"@type\":[\"Organization\",\"Place\"],\"@id\":\"https:\/\/www.goldenchef.cn\/#organization\",\"name\":\"golden chef machinery\",\"url\":\"https:\/\/www.goldenchef.cn\/\",\"logo\":{\"@id\":\"https:\/\/www.goldenchef.cn\/product\/dough-mixer\/hs-dough-mixer\/hs20\/#local-main-organization-logo\"},\"image\":{\"@id\":\"https:\/\/www.goldenchef.cn\/product\/dough-mixer\/hs-dough-mixer\/hs20\/#local-main-organization-logo\"},\"openingHoursSpecification\":[{\"@type\":\"OpeningHoursSpecification\",\"dayOfWeek\":[\"Monday\",\"Tuesday\",\"Wednesday\",\"Thursday\",\"Friday\",\"Saturday\",\"Sunday\"],\"opens\":\"09:00\",\"closes\":\"17:00\"}]},{\"@type\":\"ImageObject\",\"inLanguage\":\"de\",\"@id\":\"https:\/\/www.goldenchef.cn\/product\/dough-mixer\/hs-dough-mixer\/hs20\/#local-main-organization-logo\",\"url\":\"https:\/\/www.goldenchef.cn\/wp-content\/uploads\/2023\/08\/cropped-200k.png\",\"contentUrl\":\"https:\/\/www.goldenchef.cn\/wp-content\/uploads\/2023\/08\/cropped-200k.png\",\"width\":512,\"height\":512,\"caption\":\"golden chef machinery\"}]}<\/script>\n<meta property=\"product:price:amount\" content=\"0.00\" \/>\n<meta property=\"product:price:currency\" content=\"USD\" \/>\n<meta property=\"og:availability\" content=\"instock\" \/>\n<meta property=\"product:availability\" content=\"instock\" \/>\n<meta property=\"product:condition\" content=\"new\" \/>\n<!-- \/ Yoast SEO Premium plugin. -->","yoast_head_json":{"title":"Dough Machine HS20 Dough Mixer 8KG 21L \/ Heavy Duty ?\ufe0f","description":"Golden Chef is the manufacturer & exporter of food equipment and bakery machinery. Contact with us to get factory price for dough machine.","robots":{"index":"index","follow":"follow","max-snippet":"max-snippet:-1","max-image-preview":"max-image-preview:large","max-video-preview":"max-video-preview:-1"},"canonical":"https:\/\/www.goldenchef.cn\/de\/produkt\/dough-mixer\/hs-dough-mixer\/hs20\/","og_locale":"de_DE","og_type":"article","og_title":"HS20 Dough Mixer 8KG 21L \/ Heavy Duty \/ Chain Construction","og_description":"Golden Chef is the manufacturer & exporter of food equipment and bakery machinery. Contact with us to get factory price for dough machine.","og_url":"https:\/\/www.goldenchef.cn\/de\/produkt\/dough-mixer\/hs-dough-mixer\/hs20\/","og_site_name":"golden chef machinery","article_modified_time":"2025-08-08T02:05:29+00:00","og_image":[{"width":750,"height":728,"url":"http:\/\/www.goldenchef.cn\/wp-content\/uploads\/2022\/11\/HS2.jpg","type":"image\/jpeg"}],"twitter_card":"summary_large_image","twitter_misc":{"Preis":"","Verf\u00fcgbarkeit":"Auf Lager"},"schema":{"@context":"https:\/\/schema.org","@graph":[{"@type":"WebPage","@id":"https:\/\/www.goldenchef.cn\/product\/dough-mixer\/hs-dough-mixer\/hs20\/","url":"https:\/\/www.goldenchef.cn\/product\/dough-mixer\/hs-dough-mixer\/hs20\/","name":"Dough Machine HS20 Dough Mixer 8KG 21L \/ Heavy Duty ?\ufe0f","isPartOf":{"@id":"https:\/\/www.goldenchef.cn\/#website"},"primaryImageOfPage":{"@id":"https:\/\/www.goldenchef.cn\/product\/dough-mixer\/hs-dough-mixer\/hs20\/#primaryimage"},"image":{"@id":"https:\/\/www.goldenchef.cn\/product\/dough-mixer\/hs-dough-mixer\/hs20\/#primaryimage"},"thumbnailUrl":"https:\/\/www.goldenchef.cn\/wp-content\/uploads\/2022\/11\/HS2.jpg","datePublished":"2022-11-02T02:38:02+00:00","dateModified":"2025-08-08T02:05:29+00:00","description":"Golden Chef is the manufacturer & exporter of food equipment and bakery machinery. Contact with us to get factory price for dough machine.","breadcrumb":{"@id":"https:\/\/www.goldenchef.cn\/product\/dough-mixer\/hs-dough-mixer\/hs20\/#breadcrumb"},"inLanguage":"de","potentialAction":[{"@type":"ReadAction","target":["https:\/\/www.goldenchef.cn\/product\/dough-mixer\/hs-dough-mixer\/hs20\/"]}]},{"@type":"ImageObject","inLanguage":"de","@id":"https:\/\/www.goldenchef.cn\/product\/dough-mixer\/hs-dough-mixer\/hs20\/#primaryimage","url":"https:\/\/www.goldenchef.cn\/wp-content\/uploads\/2022\/11\/HS2.jpg","contentUrl":"https:\/\/www.goldenchef.cn\/wp-content\/uploads\/2022\/11\/HS2.jpg","width":750,"height":728,"caption":"dough machine, dough mixer"},{"@type":"BreadcrumbList","@id":"https:\/\/www.goldenchef.cn\/product\/dough-mixer\/hs-dough-mixer\/hs20\/#breadcrumb","itemListElement":[{"@type":"ListItem","position":1,"name":"homepage","item":"https:\/\/www.goldenchef.cn\/"},{"@type":"ListItem","position":2,"name":"All Product","item":"https:\/\/www.goldenchef.cn\/shop\/"},{"@type":"ListItem","position":3,"name":"HS20 Dough Mixer 8KG 21L \/ Heavy Duty \/ Chain Construction"}]},{"@type":"WebSite","@id":"https:\/\/www.goldenchef.cn\/#website","url":"https:\/\/www.goldenchef.cn\/","name":"golden chef machinery","description":"If kitchen have dream, we are dream maker","publisher":{"@id":"https:\/\/www.goldenchef.cn\/#organization"},"potentialAction":[{"@type":"SearchAction","target":{"@type":"EntryPoint","urlTemplate":"https:\/\/www.goldenchef.cn\/?s={search_term_string}"},"query-input":"required name=search_term_string"}],"inLanguage":"de"},{"@type":["Organization","Place"],"@id":"https:\/\/www.goldenchef.cn\/#organization","name":"golden chef machinery","url":"https:\/\/www.goldenchef.cn\/","logo":{"@id":"https:\/\/www.goldenchef.cn\/product\/dough-mixer\/hs-dough-mixer\/hs20\/#local-main-organization-logo"},"image":{"@id":"https:\/\/www.goldenchef.cn\/product\/dough-mixer\/hs-dough-mixer\/hs20\/#local-main-organization-logo"},"openingHoursSpecification":[{"@type":"OpeningHoursSpecification","dayOfWeek":["Monday","Tuesday","Wednesday","Thursday","Friday","Saturday","Sunday"],"opens":"09:00","closes":"17:00"}]},{"@type":"ImageObject","inLanguage":"de","@id":"https:\/\/www.goldenchef.cn\/product\/dough-mixer\/hs-dough-mixer\/hs20\/#local-main-organization-logo","url":"https:\/\/www.goldenchef.cn\/wp-content\/uploads\/2023\/08\/cropped-200k.png","contentUrl":"https:\/\/www.goldenchef.cn\/wp-content\/uploads\/2023\/08\/cropped-200k.png","width":512,"height":512,"caption":"golden chef machinery"}]},"product_price_amount":"0.00","product_price_currency":"USD","og_availability":"instock","product_availability":"instock","product_condition":"new"},"_links":{"self":[{"href":"https:\/\/www.goldenchef.cn\/de\/wp-json\/wp\/v2\/product\/3689"}],"collection":[{"href":"https:\/\/www.goldenchef.cn\/de\/wp-json\/wp\/v2\/product"}],"about":[{"href":"https:\/\/www.goldenchef.cn\/de\/wp-json\/wp\/v2\/types\/product"}],"replies":[{"embeddable":true,"href":"https:\/\/www.goldenchef.cn\/de\/wp-json\/wp\/v2\/comments?post=3689"}],"wp:featuredmedia":[{"embeddable":true,"href":"https:\/\/www.goldenchef.cn\/de\/wp-json\/wp\/v2\/media\/3685"}],"wp:attachment":[{"href":"https:\/\/www.goldenchef.cn\/de\/wp-json\/wp\/v2\/media?parent=3689"}],"wp:term":[{"taxonomy":"product_brand","embeddable":true,"href":"https:\/\/www.goldenchef.cn\/de\/wp-json\/wp\/v2\/product_brand?post=3689"},{"taxonomy":"product_cat","embeddable":true,"href":"https:\/\/www.goldenchef.cn\/de\/wp-json\/wp\/v2\/product_cat?post=3689"},{"taxonomy":"product_tag","embeddable":true,"href":"https:\/\/www.goldenchef.cn\/de\/wp-json\/wp\/v2\/product_tag?post=3689"}],"curies":[{"name":"wp","href":"https:\/\/api.w.org\/{rel}","templated":true}]}}