{"id":3855,"date":"2022-11-08T15:33:32","date_gmt":"2022-11-08T07:33:32","guid":{"rendered":"http:\/\/www.goldenchef.cn\/?post_type=product&#038;p=3855"},"modified":"2024-11-01T18:10:37","modified_gmt":"2024-11-01T10:10:37","slug":"erf-5d","status":"publish","type":"product","link":"https:\/\/www.goldenchef.cn\/de\/produkt\/commercial-oven\/erf-convection-oven\/erf-5d\/","title":{"rendered":"ERF-5D CE-gepr\u00fcfter elektrischer Umluftofen \/ Digitale Steuerung"},"content":{"rendered":"<p class=\"pro_des_top\">Umluftofen\/Horno\/Backofen<\/p>\n<p>Modell: ERF-5D<\/p>\n<p>Spannung: 380V<\/p>\n<p>Leistung: 7500 W<\/p>\n<p>Abmessung: 800x1120x1540MM<\/p>\n<p>Charmber Gr\u00f6\u00dfe: 420x590x500MM<\/p>\n<p>Verpackungsgr\u00f6\u00dfe: 900x1220x1700MM<\/p>\n<ul>\n<li class=\"elementor-element elementor-element-7b6c666 elementor-widget elementor-widget-image\" data-id=\"7b6c666\" data-element_type=\"widget\" data-widget_type=\"image.default\"><strong>Konvektionsofen: Hei\u00dfluftzirkulation 360 Grad gleichm\u00e4\u00dfig erhitzt, Backen Farbe mehr hell.<\/strong><\/li>\n<li data-id=\"7b6c666\" data-element_type=\"widget\" data-widget_type=\"image.default\"><strong>Speicher-Men\u00fc: 12 Speichermen\u00fcs k\u00f6nnen bequem und schnell mit einem Tastendruck eingerichtet werden.<\/strong><\/li>\n<li data-id=\"7b6c666\" data-element_type=\"widget\" data-widget_type=\"image.default\"><strong>Anti-Verbr\u00fchungs-Griff: Der Anti-Verbr\u00fchungs-Griff kann die H\u00e4nde des B\u00e4ckers vor Hitze sch\u00fctzen und hilft beim einfachen \u00d6ffnen und Schlie\u00dfen der T\u00fcr<\/strong><\/li>\n<li data-id=\"7b6c666\" data-element_type=\"widget\" data-widget_type=\"image.default\"><strong>Explosionssichere Lampe: Eingebaute Hochtemperatur-Explosionsschutz-Lampe, kann den gesamten Backvorgang beobachten.<\/strong><\/li>\n<li data-id=\"7b6c666\" data-element_type=\"widget\" data-widget_type=\"image.default\"><strong>Wecker: Die Zeit kann je nach Wunsch eingestellt werden.<\/strong><\/li>\n<li data-id=\"7b6c666\" data-element_type=\"widget\" data-widget_type=\"image.default\"><strong>Isolierwatte: Hochwertige Isolierwatte sorgt f\u00fcr eine bessere Isolierung der Innenkammer und verbessert die Backqualit\u00e4t.<\/strong><\/li>\n<li data-id=\"7b6c666\" data-element_type=\"widget\" data-widget_type=\"image.default\"><strong>Klares Fenster: Visuelles geh\u00e4rtetes Glas kann den G\u00e4rungszustand im Inneren des Kastens in Echtzeit kontrollieren, was jederzeit leicht zu \u00e4ndern ist.<\/strong><\/li>\n<li data-id=\"7b6c666\" data-element_type=\"widget\" data-widget_type=\"image.default\"><strong>Universal-Laufrollen: Leicht zu bewegen die Maschine in jede Ecke der K\u00fcche, mit einem Schloss, um die Maschine zu fixieren.<\/strong><\/li>\n<\/ul>\n<style>#jtg-3849 .modula-item .jtg-social a, .lightbox-socials.jtg-social a{ color: #ffffff }#jtg-3849 .modula-item .jtg-social svg, .lightbox-socials.jtg-social svg { height: 16px; width: 16px }#jtg-3849 .modula-item .jtg-social a:not(:last-child), .lightbox-socials.jtg-social a:not(:last-child) { margin-right: 10px }#jtg-3849 .modula-item .figc {color:#ffffff;}#jtg-3849 .modula-item .modula-item-content { transform: scale(1) }#jtg-3849 { width:100%;}#jtg-3849 .modula-items{height:800px;}@media screen and (max-width: 992px) {#jtg-3849 .modula-items{height:800px;}}@media screen and (max-width: 768px) {#jtg-3849 .modula-items{height:800px;}}#jtg-3849 .modula-items .figc p.description { font-size:14px; }#jtg-3849 .modula-items .figc p.description { color:#ffffff;}#jtg-3849.modula-gallery .modula-item > a, #jtg-3849.modula-gallery .modula-item, #jtg-3849.modula-gallery .modula-item-content > a:not(.modula-no-follow) { cursor:zoom-in; } #jtg-3849.modula-gallery .modula-item-content .modula-no-follow { cursor: default; } @media screen and (max-width:480px){#jtg-3849 .modula-item .figc .jtg-title {  font-size: 12px; }#jtg-3849 .modula-items .figc p.description { color:#ffffff;font-size:10px; }}<\/style>\n<!-- Gallery Container -->\n<div  id=\"jtg-3849\" class=\"modula modula-gallery modula-creative-gallery\" data-config=\"{&quot;height&quot;:800,&quot;tabletHeight&quot;:800,&quot;mobileHeight&quot;:800,&quot;desktopHeight&quot;:800,&quot;enableTwitter&quot;:false,&quot;enableWhatsapp&quot;:false,&quot;enableFacebook&quot;:false,&quot;enablePinterest&quot;:false,&quot;enableLinkedin&quot;:false,&quot;enableEmail&quot;:false,&quot;randomFactor&quot;:0.5,&quot;type&quot;:&quot;creative-gallery&quot;,&quot;columns&quot;:12,&quot;gutter&quot;:10,&quot;mobileGutter&quot;:10,&quot;tabletGutter&quot;:10,&quot;desktopGutter&quot;:10,&quot;enableResponsive&quot;:&quot;0&quot;,&quot;tabletColumns&quot;:&quot;2&quot;,&quot;mobileColumns&quot;:&quot;1&quot;,&quot;lazyLoad&quot;:&quot;1&quot;,&quot;lightboxOpts&quot;:{&quot;loop&quot;:false,&quot;arrows&quot;:true,&quot;toolbar&quot;:true,&quot;keyboard&quot;:true,&quot;wheel&quot;:false,&quot;buttons&quot;:[&quot;close&quot;],&quot;hash&quot;:false,&quot;lang&quot;:&quot;en&quot;,&quot;touch&quot;:false,&quot;protect&quot;:false,&quot;i18n&quot;:{&quot;en&quot;:{&quot;CLOSE&quot;:&quot;Close&quot;,&quot;NEXT&quot;:&quot;Next&quot;,&quot;PREV&quot;:&quot;Previous&quot;,&quot;Error&quot;:&quot;The requested content cannot be loaded. Please try again later.&quot;,&quot;PLAY_START&quot;:&quot;Start slideshow&quot;,&quot;PLAY_STOP&quot;:&quot;Pause slideshow&quot;,&quot;FULL_SCREEN&quot;:&quot;Full screen&quot;,&quot;THUMBS&quot;:&quot;Thumbnails&quot;,&quot;DOWNLOAD&quot;:&quot;Download&quot;,&quot;SHARE&quot;:&quot;Share&quot;,&quot;ZOOM&quot;:&quot;Zoom&quot;}},&quot;clickSlide&quot;:false,&quot;clickOutside&quot;:false,&quot;dblclickContent&quot;:false,&quot;dblclickSlide&quot;:false,&quot;dblclickOutside&quot;:false,&quot;clickContent&quot;:false,&quot;baseTpl&quot;:&quot;&lt;div class=\\&quot;modula-fancybox-container modula-lightbox-jtg-3849\\&quot; role=\\&quot;dialog\\&quot; tabindex=\\&quot;-1\\&quot;&gt;&lt;div class=\\&quot;modula-fancybox-bg\\&quot;&gt;&lt;\\\/div&gt;&lt;div class=\\&quot;modula-fancybox-inner\\&quot;&gt;&lt;div class=\\&quot;modula-fancybox-infobar\\&quot;&gt;&lt;span data-fancybox-index&gt;&lt;\\\/span&gt;&nbsp;\\\/&nbsp;&lt;span data-fancybox-count&gt;&lt;\\\/span&gt;&lt;\\\/div&gt;&lt;div class=\\&quot;modula-fancybox-toolbar\\&quot;&gt;{{buttons}}&lt;\\\/div&gt;&lt;div class=\\&quot;modula-fancybox-navigation\\&quot;&gt;{{arrows}}&lt;\\\/div&gt;&lt;div class=\\&quot;modula-fancybox-stage\\&quot;&gt;&lt;\\\/div&gt;&lt;div class=\\&quot;modula-fancybox-caption\\&quot;&gt;&lt;div class=\\&quot;modula-fancybox-caption__body\\&quot;&gt;&lt;\\\/div&gt;&lt;\\\/div&gt;&lt;\\\/div&gt;&lt;\\\/div&gt;&quot;},&quot;inView&quot;:false,&quot;email_subject&quot;:&quot;Check out this awesome image !!&quot;,&quot;email_message&quot;:&quot;Here is the link to the image : %%image_link%% and this is the link to the gallery : %%gallery_link%%&quot;,&quot;lightbox&quot;:&quot;fancybox&quot;}\">\n\n\t\n\t<!-- Items Container -->\n\t<div  class=\"modula-items\">\n\t\t<div class=\"modula-item effect-pufrobo\" >\n\t<div class=\"modula-item-overlay\"><\/div>\n\n\t<div class=\"modula-item-content\">\n\n\t\t\t\t\n\t\t\t\t\t<a data-image-id=\"3852\" data-elementor-open-lightbox=\"no\" rel=\"jtg-3849\" data-caption=\"\" aria-label=\"Bild im Leuchtkasten \u00f6ffnen\" class=\"tile-inner modula-item-link\"><\/a>\n\t\t\n\t\t<img fetchpriority=\"high\" class=\"pic wp-image-3852 lazyload\"  data-valign=\"middle\" data-halign=\"center\" alt=\"convection oven, combination oven, hot air convection oven, commercial convection oven. convection oven, commercial oven. bakery oven, baking oven, cake oven, commercial baking oven, gas oven, electric oven, convection oven\" data-full=\"https:\/\/www.goldenchef.cn\/wp-content\/uploads\/2022\/11\/\u70ed\u98ce\u7089\u8be6\u60c5\u9875-3_01.jpg\" title=\"\u70ed\u98ce\u7089\u8be6\u60c5\u9875-3_01\" width=\"253\" height=\"300\" data-src=\"https:\/\/www.goldenchef.cn\/wp-content\/uploads\/2022\/11\/\u70ed\u98ce\u7089\u8be6\u60c5\u9875-3_01.jpg\" data-caption=\"\" data-source=\"modula\" data-srcset=\"https:\/\/www.goldenchef.cn\/wp-content\/uploads\/2022\/11\/\u70ed\u98ce\u7089\u8be6\u60c5\u9875-3_01.jpg 750w, https:\/\/www.goldenchef.cn\/wp-content\/uploads\/2022\/11\/\u70ed\u98ce\u7089\u8be6\u60c5\u9875-3_01-600x710.jpg 600w\" data-sizes=\"(max-width: 253px) 100vw, 253px\" \/>\n\t\t<div class=\"figc no-description\">\n\t\t\t<div class=\"figc-inner\">\n\t\t\t\t\t\t\t\t\t\t\t\t\t\t\t<\/div>\n\t\t<\/div>\n\n\t<\/div>\n\n<\/div><div class=\"modula-item effect-pufrobo\" >\n\t<div class=\"modula-item-overlay\"><\/div>\n\n\t<div class=\"modula-item-content\">\n\n\t\t\t\t\n\t\t\t\t\t<a data-image-id=\"3853\" data-elementor-open-lightbox=\"no\" rel=\"jtg-3849\" data-caption=\"\" aria-label=\"Bild im Leuchtkasten \u00f6ffnen\" class=\"tile-inner modula-item-link\"><\/a>\n\t\t\n\t\t<img class=\"pic wp-image-3853 lazyload\"  data-valign=\"middle\" data-halign=\"center\" alt=\"convection oven, combination oven, hot air convection oven, commercial convection oven. convection oven, commercial oven. bakery oven, baking oven, cake oven, commercial baking oven, gas oven, electric oven, convection oven\" data-full=\"https:\/\/www.goldenchef.cn\/wp-content\/uploads\/2022\/11\/\u70ed\u98ce\u7089\u8be6\u60c5\u9875-3_02.jpg\" title=\"Umluftofen, Kombi-Ofen, Hei\u00dfluft-Umluftofen, gewerblicher Umluftofen.\" width=\"246\" height=\"300\" data-src=\"https:\/\/www.goldenchef.cn\/wp-content\/uploads\/2022\/11\/\u70ed\u98ce\u7089\u8be6\u60c5\u9875-3_02.jpg\" data-caption=\"\" data-source=\"modula\" data-srcset=\"https:\/\/www.goldenchef.cn\/wp-content\/uploads\/2022\/11\/\u70ed\u98ce\u7089\u8be6\u60c5\u9875-3_02.jpg 750w, https:\/\/www.goldenchef.cn\/wp-content\/uploads\/2022\/11\/\u70ed\u98ce\u7089\u8be6\u60c5\u9875-3_02-600x730.jpg 600w\" data-sizes=\"(max-width: 246px) 100vw, 246px\" \/>\n\t\t<div class=\"figc no-description\">\n\t\t\t<div class=\"figc-inner\">\n\t\t\t\t\t\t\t\t\t\t\t\t\t\t\t<\/div>\n\t\t<\/div>\n\n\t<\/div>\n\n<\/div><div class=\"modula-item effect-pufrobo\" >\n\t<div class=\"modula-item-overlay\"><\/div>\n\n\t<div class=\"modula-item-content\">\n\n\t\t\t\t\n\t\t\t\t\t<a data-image-id=\"3854\" data-elementor-open-lightbox=\"no\" rel=\"jtg-3849\" data-caption=\"\" aria-label=\"Bild im Leuchtkasten \u00f6ffnen\" class=\"tile-inner modula-item-link\"><\/a>\n\t\t\n\t\t<img class=\"pic wp-image-3854 lazyload\"  data-valign=\"middle\" data-halign=\"center\" alt=\"convection oven, combination oven, hot air convection oven, commercial convection oven. convection oven, commercial oven. bakery oven, baking oven, cake oven, commercial baking oven, gas oven, electric oven, convection oven\" data-full=\"https:\/\/www.goldenchef.cn\/wp-content\/uploads\/2022\/11\/\u70ed\u98ce\u7089\u8be6\u60c5\u9875-3_03.jpg\" title=\"\u70ed\u98ce\u7089\u8be6\u60c5\u9875-3_03\" width=\"300\" height=\"251\" data-src=\"https:\/\/www.goldenchef.cn\/wp-content\/uploads\/2022\/11\/\u70ed\u98ce\u7089\u8be6\u60c5\u9875-3_03.jpg\" data-caption=\"\" data-source=\"modula\" data-srcset=\"https:\/\/www.goldenchef.cn\/wp-content\/uploads\/2022\/11\/\u70ed\u98ce\u7089\u8be6\u60c5\u9875-3_03.jpg 750w, https:\/\/www.goldenchef.cn\/wp-content\/uploads\/2022\/11\/\u70ed\u98ce\u7089\u8be6\u60c5\u9875-3_03-600x502.jpg 600w\" data-sizes=\"(max-width: 300px) 100vw, 300px\" \/>\n\t\t<div class=\"figc no-description\">\n\t\t\t<div class=\"figc-inner\">\n\t\t\t\t\t\t\t\t\t\t\t\t\t\t\t<\/div>\n\t\t<\/div>\n\n\t<\/div>\n\n<\/div>\t\t\n\t<\/div>\n\n\t\n\t\n\t<script type=\"application\/ld+json\">\n\t{\n\t\t\"@context\": \"http:\/\/schema.org\",\n\t\t\"@type\"   : \"ImageGallery\",\n\t\t\"id\"      : \"https:\/\/www.goldenchef.cn\/de\/wp-json\/wp\/v2\/product\/3855\",\n\t\t\"url\"     : \"https:\/\/www.goldenchef.cn\/de\/wp-json\/wp\/v2\/product\/3855\"\n\t}\n\n    <\/script>\n\n\t\n<\/div>","protected":false},"excerpt":{"rendered":"<ul>\n<li>Marke: Mondo Cucina<\/li>\n<li>Flexible kundenspezifische Kombinations\u00f6fen<\/li>\n<li>Decks sind als 1,2,3,4 Decks oder Konvektionsofenkombinationen erh\u00e4ltlich<\/li>\n<li>Die Decks sind unter dem G\u00e4rschrank oder im Rahmen mit Tray-Unterst\u00fctzung erh\u00e4ltlich<\/li>\n<li>Alle Decks sind in Stein oder Stahl erh\u00e4ltlich<\/li>\n<li>Decks sind mit oder ohne Dampf<\/li>\n<li>Alle Decks sind erh\u00e4ltlich mit oder<\/li>\n<li>Gleichm\u00e4\u00dfiges und schnelles Heizen<\/li>\n<li>Individuelle Steuerung der Ober- und Unterhitze<\/li>\n<li>Intelligente Temperaturanzeige im Bedienfeld<\/li>\n<li>Modularer Aufbau mit verschiedenen Kombinationen<\/li>\n<li>12 Programmspeicher-Men\u00fcs<\/li>\n<li>Geh\u00e4use aus Keramikfaser und massivem Edelstahl<\/li>\n<li>Gro\u00dfe Glast\u00fcr mit eingebautem Licht<\/li>\n<li>Langlebige Nutzung<\/li>\n<li>Einfache Bedienung<\/li>\n<li>Leichte Reinigung<\/li>\n<\/ul>","protected":false},"featured_media":6034,"comment_status":"closed","ping_status":"closed","template":"","meta":[],"product_brand":[],"product_cat":[50,82],"product_tag":[105],"class_list":{"0":"post-3855","1":"product","2":"type-product","3":"status-publish","4":"has-post-thumbnail","6":"product_cat-commercial-oven","7":"product_cat-erf-convection-oven","8":"product_tag-commercial-oven","10":"first","11":"instock","12":"shipping-taxable","13":"product-type-simple"},"yoast_head":"<!-- This site is optimized with the Yoast SEO Premium plugin v22.5 (Yoast SEO v22.8) - https:\/\/yoast.com\/wordpress\/plugins\/seo\/ -->\n<title>Convectional Oven ERF-5D CE Approved Electric Convection Oven<\/title>\n<meta name=\"description\" content=\"Convectional Oven: Hot air circulation 360 degress evenly heated, baking color more bright. Contact with us to get factory price.\" \/>\n<meta name=\"robots\" content=\"index, follow, max-snippet:-1, max-image-preview:large, max-video-preview:-1\" \/>\n<link rel=\"canonical\" href=\"https:\/\/www.goldenchef.cn\/de\/produkt\/commercial-oven\/erf-convection-oven\/erf-5d\/\" \/>\n<meta property=\"og:locale\" content=\"de_DE\" \/>\n<meta property=\"og:type\" content=\"article\" \/>\n<meta property=\"og:title\" content=\"ERF-5D CE Approved Electric Convection Oven \/ Digital Control\" \/>\n<meta property=\"og:description\" content=\"Convectional Oven: Hot air circulation 360 degress evenly heated, baking color more bright. Contact with us to get factory price.\" \/>\n<meta property=\"og:url\" content=\"https:\/\/www.goldenchef.cn\/de\/produkt\/commercial-oven\/erf-convection-oven\/erf-5d\/\" \/>\n<meta property=\"og:site_name\" content=\"golden chef machinery\" \/>\n<meta property=\"article:modified_time\" content=\"2024-11-01T10:10:37+00:00\" \/>\n<meta property=\"og:image\" content=\"http:\/\/www.goldenchef.cn\/wp-content\/uploads\/2022\/11\/242.jpg\" \/>\n\t<meta property=\"og:image:width\" content=\"800\" \/>\n\t<meta property=\"og:image:height\" content=\"800\" \/>\n\t<meta property=\"og:image:type\" content=\"image\/jpeg\" \/>\n<meta name=\"twitter:card\" content=\"summary_large_image\" \/>\n<meta name=\"twitter:label1\" content=\"Preis\" \/>\n\t<meta name=\"twitter:data1\" content=\"\" \/>\n\t<meta name=\"twitter:label2\" content=\"Verf\u00fcgbarkeit\" \/>\n\t<meta name=\"twitter:data2\" content=\"Auf Lager\" \/>\n<script type=\"application\/ld+json\" class=\"yoast-schema-graph\">{\"@context\":\"https:\/\/schema.org\",\"@graph\":[{\"@type\":\"WebPage\",\"@id\":\"https:\/\/www.goldenchef.cn\/product\/commercial-oven\/erf-convection-oven\/erf-5d\/\",\"url\":\"https:\/\/www.goldenchef.cn\/product\/commercial-oven\/erf-convection-oven\/erf-5d\/\",\"name\":\"Convectional Oven ERF-5D CE Approved Electric Convection Oven\",\"isPartOf\":{\"@id\":\"https:\/\/www.goldenchef.cn\/#website\"},\"primaryImageOfPage\":{\"@id\":\"https:\/\/www.goldenchef.cn\/product\/commercial-oven\/erf-convection-oven\/erf-5d\/#primaryimage\"},\"image\":{\"@id\":\"https:\/\/www.goldenchef.cn\/product\/commercial-oven\/erf-convection-oven\/erf-5d\/#primaryimage\"},\"thumbnailUrl\":\"https:\/\/www.goldenchef.cn\/wp-content\/uploads\/2022\/11\/242.jpg\",\"datePublished\":\"2022-11-08T07:33:32+00:00\",\"dateModified\":\"2024-11-01T10:10:37+00:00\",\"description\":\"Convectional Oven: Hot air circulation 360 degress evenly heated, baking color more bright. Contact with us to get factory price.\",\"breadcrumb\":{\"@id\":\"https:\/\/www.goldenchef.cn\/product\/commercial-oven\/erf-convection-oven\/erf-5d\/#breadcrumb\"},\"inLanguage\":\"de\",\"potentialAction\":[{\"@type\":\"ReadAction\",\"target\":[\"https:\/\/www.goldenchef.cn\/product\/commercial-oven\/erf-convection-oven\/erf-5d\/\"]}]},{\"@type\":\"ImageObject\",\"inLanguage\":\"de\",\"@id\":\"https:\/\/www.goldenchef.cn\/product\/commercial-oven\/erf-convection-oven\/erf-5d\/#primaryimage\",\"url\":\"https:\/\/www.goldenchef.cn\/wp-content\/uploads\/2022\/11\/242.jpg\",\"contentUrl\":\"https:\/\/www.goldenchef.cn\/wp-content\/uploads\/2022\/11\/242.jpg\",\"width\":800,\"height\":800,\"caption\":\"convection oven, bakery oven, electric convection oven\"},{\"@type\":\"BreadcrumbList\",\"@id\":\"https:\/\/www.goldenchef.cn\/product\/commercial-oven\/erf-convection-oven\/erf-5d\/#breadcrumb\",\"itemListElement\":[{\"@type\":\"ListItem\",\"position\":1,\"name\":\"homepage\",\"item\":\"https:\/\/www.goldenchef.cn\/\"},{\"@type\":\"ListItem\",\"position\":2,\"name\":\"All Product\",\"item\":\"https:\/\/www.goldenchef.cn\/shop\/\"},{\"@type\":\"ListItem\",\"position\":3,\"name\":\"ERF-5D CE Approved Electric Convection Oven \/ Digital Control\"}]},{\"@type\":\"WebSite\",\"@id\":\"https:\/\/www.goldenchef.cn\/#website\",\"url\":\"https:\/\/www.goldenchef.cn\/\",\"name\":\"golden chef machinery\",\"description\":\"If kitchen have dream, we are dream maker\",\"publisher\":{\"@id\":\"https:\/\/www.goldenchef.cn\/#organization\"},\"potentialAction\":[{\"@type\":\"SearchAction\",\"target\":{\"@type\":\"EntryPoint\",\"urlTemplate\":\"https:\/\/www.goldenchef.cn\/?s={search_term_string}\"},\"query-input\":\"required name=search_term_string\"}],\"inLanguage\":\"de\"},{\"@type\":[\"Organization\",\"Place\"],\"@id\":\"https:\/\/www.goldenchef.cn\/#organization\",\"name\":\"golden chef machinery\",\"url\":\"https:\/\/www.goldenchef.cn\/\",\"logo\":{\"@id\":\"https:\/\/www.goldenchef.cn\/product\/commercial-oven\/erf-convection-oven\/erf-5d\/#local-main-organization-logo\"},\"image\":{\"@id\":\"https:\/\/www.goldenchef.cn\/product\/commercial-oven\/erf-convection-oven\/erf-5d\/#local-main-organization-logo\"},\"openingHoursSpecification\":[{\"@type\":\"OpeningHoursSpecification\",\"dayOfWeek\":[\"Monday\",\"Tuesday\",\"Wednesday\",\"Thursday\",\"Friday\",\"Saturday\",\"Sunday\"],\"opens\":\"09:00\",\"closes\":\"17:00\"}]},{\"@type\":\"ImageObject\",\"inLanguage\":\"de\",\"@id\":\"https:\/\/www.goldenchef.cn\/product\/commercial-oven\/erf-convection-oven\/erf-5d\/#local-main-organization-logo\",\"url\":\"https:\/\/www.goldenchef.cn\/wp-content\/uploads\/2023\/08\/cropped-200k.png\",\"contentUrl\":\"https:\/\/www.goldenchef.cn\/wp-content\/uploads\/2023\/08\/cropped-200k.png\",\"width\":512,\"height\":512,\"caption\":\"golden chef machinery\"}]}<\/script>\n<meta property=\"product:price:amount\" content=\"0.00\" \/>\n<meta property=\"product:price:currency\" content=\"USD\" \/>\n<meta property=\"og:availability\" content=\"instock\" \/>\n<meta property=\"product:availability\" content=\"instock\" \/>\n<meta property=\"product:condition\" content=\"new\" \/>\n<!-- \/ Yoast SEO Premium plugin. -->","yoast_head_json":{"title":"Convectional Oven ERF-5D CE Approved Electric Convection Oven","description":"Convectional Oven: Hot air circulation 360 degress evenly heated, baking color more bright. Contact with us to get factory price.","robots":{"index":"index","follow":"follow","max-snippet":"max-snippet:-1","max-image-preview":"max-image-preview:large","max-video-preview":"max-video-preview:-1"},"canonical":"https:\/\/www.goldenchef.cn\/de\/produkt\/commercial-oven\/erf-convection-oven\/erf-5d\/","og_locale":"de_DE","og_type":"article","og_title":"ERF-5D CE Approved Electric Convection Oven \/ Digital Control","og_description":"Convectional Oven: Hot air circulation 360 degress evenly heated, baking color more bright. Contact with us to get factory price.","og_url":"https:\/\/www.goldenchef.cn\/de\/produkt\/commercial-oven\/erf-convection-oven\/erf-5d\/","og_site_name":"golden chef machinery","article_modified_time":"2024-11-01T10:10:37+00:00","og_image":[{"width":800,"height":800,"url":"http:\/\/www.goldenchef.cn\/wp-content\/uploads\/2022\/11\/242.jpg","type":"image\/jpeg"}],"twitter_card":"summary_large_image","twitter_misc":{"Preis":"","Verf\u00fcgbarkeit":"Auf Lager"},"schema":{"@context":"https:\/\/schema.org","@graph":[{"@type":"WebPage","@id":"https:\/\/www.goldenchef.cn\/product\/commercial-oven\/erf-convection-oven\/erf-5d\/","url":"https:\/\/www.goldenchef.cn\/product\/commercial-oven\/erf-convection-oven\/erf-5d\/","name":"Convectional Oven ERF-5D CE Approved Electric Convection Oven","isPartOf":{"@id":"https:\/\/www.goldenchef.cn\/#website"},"primaryImageOfPage":{"@id":"https:\/\/www.goldenchef.cn\/product\/commercial-oven\/erf-convection-oven\/erf-5d\/#primaryimage"},"image":{"@id":"https:\/\/www.goldenchef.cn\/product\/commercial-oven\/erf-convection-oven\/erf-5d\/#primaryimage"},"thumbnailUrl":"https:\/\/www.goldenchef.cn\/wp-content\/uploads\/2022\/11\/242.jpg","datePublished":"2022-11-08T07:33:32+00:00","dateModified":"2024-11-01T10:10:37+00:00","description":"Convectional Oven: Hot air circulation 360 degress evenly heated, baking color more bright. Contact with us to get factory price.","breadcrumb":{"@id":"https:\/\/www.goldenchef.cn\/product\/commercial-oven\/erf-convection-oven\/erf-5d\/#breadcrumb"},"inLanguage":"de","potentialAction":[{"@type":"ReadAction","target":["https:\/\/www.goldenchef.cn\/product\/commercial-oven\/erf-convection-oven\/erf-5d\/"]}]},{"@type":"ImageObject","inLanguage":"de","@id":"https:\/\/www.goldenchef.cn\/product\/commercial-oven\/erf-convection-oven\/erf-5d\/#primaryimage","url":"https:\/\/www.goldenchef.cn\/wp-content\/uploads\/2022\/11\/242.jpg","contentUrl":"https:\/\/www.goldenchef.cn\/wp-content\/uploads\/2022\/11\/242.jpg","width":800,"height":800,"caption":"convection oven, bakery oven, electric convection oven"},{"@type":"BreadcrumbList","@id":"https:\/\/www.goldenchef.cn\/product\/commercial-oven\/erf-convection-oven\/erf-5d\/#breadcrumb","itemListElement":[{"@type":"ListItem","position":1,"name":"homepage","item":"https:\/\/www.goldenchef.cn\/"},{"@type":"ListItem","position":2,"name":"All Product","item":"https:\/\/www.goldenchef.cn\/shop\/"},{"@type":"ListItem","position":3,"name":"ERF-5D CE Approved Electric Convection Oven \/ Digital Control"}]},{"@type":"WebSite","@id":"https:\/\/www.goldenchef.cn\/#website","url":"https:\/\/www.goldenchef.cn\/","name":"golden chef machinery","description":"If kitchen have dream, we are dream maker","publisher":{"@id":"https:\/\/www.goldenchef.cn\/#organization"},"potentialAction":[{"@type":"SearchAction","target":{"@type":"EntryPoint","urlTemplate":"https:\/\/www.goldenchef.cn\/?s={search_term_string}"},"query-input":"required name=search_term_string"}],"inLanguage":"de"},{"@type":["Organization","Place"],"@id":"https:\/\/www.goldenchef.cn\/#organization","name":"golden chef machinery","url":"https:\/\/www.goldenchef.cn\/","logo":{"@id":"https:\/\/www.goldenchef.cn\/product\/commercial-oven\/erf-convection-oven\/erf-5d\/#local-main-organization-logo"},"image":{"@id":"https:\/\/www.goldenchef.cn\/product\/commercial-oven\/erf-convection-oven\/erf-5d\/#local-main-organization-logo"},"openingHoursSpecification":[{"@type":"OpeningHoursSpecification","dayOfWeek":["Monday","Tuesday","Wednesday","Thursday","Friday","Saturday","Sunday"],"opens":"09:00","closes":"17:00"}]},{"@type":"ImageObject","inLanguage":"de","@id":"https:\/\/www.goldenchef.cn\/product\/commercial-oven\/erf-convection-oven\/erf-5d\/#local-main-organization-logo","url":"https:\/\/www.goldenchef.cn\/wp-content\/uploads\/2023\/08\/cropped-200k.png","contentUrl":"https:\/\/www.goldenchef.cn\/wp-content\/uploads\/2023\/08\/cropped-200k.png","width":512,"height":512,"caption":"golden chef machinery"}]},"product_price_amount":"0.00","product_price_currency":"USD","og_availability":"instock","product_availability":"instock","product_condition":"new"},"_links":{"self":[{"href":"https:\/\/www.goldenchef.cn\/de\/wp-json\/wp\/v2\/product\/3855"}],"collection":[{"href":"https:\/\/www.goldenchef.cn\/de\/wp-json\/wp\/v2\/product"}],"about":[{"href":"https:\/\/www.goldenchef.cn\/de\/wp-json\/wp\/v2\/types\/product"}],"replies":[{"embeddable":true,"href":"https:\/\/www.goldenchef.cn\/de\/wp-json\/wp\/v2\/comments?post=3855"}],"wp:featuredmedia":[{"embeddable":true,"href":"https:\/\/www.goldenchef.cn\/de\/wp-json\/wp\/v2\/media\/6034"}],"wp:attachment":[{"href":"https:\/\/www.goldenchef.cn\/de\/wp-json\/wp\/v2\/media?parent=3855"}],"wp:term":[{"taxonomy":"product_brand","embeddable":true,"href":"https:\/\/www.goldenchef.cn\/de\/wp-json\/wp\/v2\/product_brand?post=3855"},{"taxonomy":"product_cat","embeddable":true,"href":"https:\/\/www.goldenchef.cn\/de\/wp-json\/wp\/v2\/product_cat?post=3855"},{"taxonomy":"product_tag","embeddable":true,"href":"https:\/\/www.goldenchef.cn\/de\/wp-json\/wp\/v2\/product_tag?post=3855"}],"curies":[{"name":"wp","href":"https:\/\/api.w.org\/{rel}","templated":true}]}}