{"id":3876,"date":"2022-11-08T16:27:46","date_gmt":"2022-11-08T08:27:46","guid":{"rendered":"http:\/\/www.goldenchef.cn\/?post_type=product&#038;p=3876"},"modified":"2024-11-01T17:36:15","modified_gmt":"2024-11-01T09:36:15","slug":"as-cg-38-dough-moulder","status":"publish","type":"product","link":"https:\/\/www.goldenchef.cn\/de\/produkt\/bakery-equipment\/dough-moulder\/as-cg-38-dough-moulder\/","title":{"rendered":"AS-CG-38 Teigausrollmaschine \/ Walzenformmaschine \/ Brotausrollmaschine"},"content":{"rendered":"<p>Teigformer | Brotbackautomaten | Brotbackautomaten<\/p>\n<p>Modell: AS-CG-38<\/p>\n<p>Spannung\uff1a220V<\/p>\n<p>Leistung\uff1a0,75kw<\/p>\n<p>N.W.:190KG<\/p>\n<p>Abmessungen: 1380x665x1095mm<\/p>\n<ul>\n<li><strong>Die elektrische Knet- und Pressmaschine zeichnet sich durch eine fortschrittliche Struktur, ein sch\u00f6nes Aussehen, eine einfache Bedienung und eine hohe Effizienz aus.<\/strong><\/li>\n<li><strong>Es eignet sich f\u00fcr die Pastenherstellung in Hotels, Restaurants und lebensmittelverarbeitenden Betrieben.<\/strong><\/li>\n<li><strong>Alle Teile, die mit Lebensmitteln in Ber\u00fchrung kommen, sind aus rostfreiem Stahl oder Stahl mit speziell behandelten Oberfl\u00e4chen, die im Gebrauch best\u00e4ndig sind und den nationalen Lebensmittelhygienestandards entsprechen.<\/strong><\/li>\n<li><strong>Toast Moulder: Speziell f\u00fcr das Entgasen und Reparieren der Form von Brot wie Toast, Hot Dog und Franzbr\u00f6tchen.<\/strong><\/li>\n<li><strong>Starke Walze: Spezielles Material der Andruckrollen, das ein Verkleben verhindert und schwer zu zerkratzen und zu besch\u00e4digen ist.<\/strong><\/li>\n<li><strong>Langlebiges Design: Weniger L\u00e4rm, nicht leicht zu rei\u00dfen und zu verschlei\u00dfen, verbessern die Lebensdauer der Maschine.<\/strong><\/li>\n<li><strong>Professionell: Das Walzensystem kann je nach Gr\u00f6\u00dfe und H\u00e4rte des Teigs eingestellt werden und kann die Teigstruktur fester machen. Dar\u00fcber hinaus k\u00f6nnen der Walzenabstand und das F\u00f6rderband durch ein Handrad gut eingestellt werden.<\/strong><\/li>\n<li><strong>Effiziente Arbeit: Hohe Arbeitsgeschwindigkeit, Auspuff ausreichend, kann es die meisten L\u00e4nge des Teiges ohne Blase zu bekommen.<\/strong><\/li>\n<\/ul>\n<p><iframe title=\"YouTube-Video-Player\" src=\"https:\/\/www.youtube.com\/embed\/Q-2wr7BGrx0\" width=\"560\" height=\"315\" frameborder=\"0\" allowfullscreen=\"allowfullscreen\"><\/iframe><\/p>\n<p><a href=\"https:\/\/youtu.be\/Q-2wr7BGrx0\">Brotbackautomat Video<\/a><br \/>\n<style>#jtg-3878 .modula-item .jtg-social a, .lightbox-socials.jtg-social a{ color: #ffffff }#jtg-3878 .modula-item .jtg-social svg, .lightbox-socials.jtg-social svg { height: 16px; width: 16px }#jtg-3878 .modula-item .jtg-social a:not(:last-child), .lightbox-socials.jtg-social a:not(:last-child) { margin-right: 10px }#jtg-3878 .modula-item .figc {color:#ffffff;}#jtg-3878 .modula-item .modula-item-content { transform: scale(1) }#jtg-3878 { width:100%;}#jtg-3878 .modula-items{height:800px;}@media screen and (max-width: 992px) {#jtg-3878 .modula-items{height:800px;}}@media screen and (max-width: 768px) {#jtg-3878 .modula-items{height:800px;}}#jtg-3878 .modula-items .figc p.description { font-size:14px; }#jtg-3878 .modula-items .figc p.description { color:#ffffff;}#jtg-3878.modula-gallery .modula-item > a, #jtg-3878.modula-gallery .modula-item, #jtg-3878.modula-gallery .modula-item-content > a:not(.modula-no-follow) { cursor:zoom-in; } #jtg-3878.modula-gallery .modula-item-content .modula-no-follow { cursor: default; } @media screen and (max-width:480px){#jtg-3878 .modula-item .figc .jtg-title {  font-size: 12px; }#jtg-3878 .modula-items .figc p.description { color:#ffffff;font-size:10px; }}<\/style>\n<!-- Gallery Container -->\n<div  id=\"jtg-3878\" class=\"modula modula-gallery modula-creative-gallery\" data-config=\"{&quot;height&quot;:800,&quot;tabletHeight&quot;:800,&quot;mobileHeight&quot;:800,&quot;desktopHeight&quot;:800,&quot;enableTwitter&quot;:false,&quot;enableWhatsapp&quot;:false,&quot;enableFacebook&quot;:false,&quot;enablePinterest&quot;:false,&quot;enableLinkedin&quot;:false,&quot;enableEmail&quot;:false,&quot;randomFactor&quot;:0.5,&quot;type&quot;:&quot;creative-gallery&quot;,&quot;columns&quot;:12,&quot;gutter&quot;:10,&quot;mobileGutter&quot;:10,&quot;tabletGutter&quot;:10,&quot;desktopGutter&quot;:10,&quot;enableResponsive&quot;:&quot;0&quot;,&quot;tabletColumns&quot;:&quot;2&quot;,&quot;mobileColumns&quot;:&quot;1&quot;,&quot;lazyLoad&quot;:&quot;1&quot;,&quot;lightboxOpts&quot;:{&quot;loop&quot;:false,&quot;arrows&quot;:true,&quot;toolbar&quot;:true,&quot;keyboard&quot;:true,&quot;wheel&quot;:false,&quot;buttons&quot;:[&quot;close&quot;],&quot;hash&quot;:false,&quot;lang&quot;:&quot;en&quot;,&quot;touch&quot;:false,&quot;protect&quot;:false,&quot;i18n&quot;:{&quot;en&quot;:{&quot;CLOSE&quot;:&quot;Close&quot;,&quot;NEXT&quot;:&quot;Next&quot;,&quot;PREV&quot;:&quot;Previous&quot;,&quot;Error&quot;:&quot;The requested content cannot be loaded. Please try again later.&quot;,&quot;PLAY_START&quot;:&quot;Start slideshow&quot;,&quot;PLAY_STOP&quot;:&quot;Pause slideshow&quot;,&quot;FULL_SCREEN&quot;:&quot;Full screen&quot;,&quot;THUMBS&quot;:&quot;Thumbnails&quot;,&quot;DOWNLOAD&quot;:&quot;Download&quot;,&quot;SHARE&quot;:&quot;Share&quot;,&quot;ZOOM&quot;:&quot;Zoom&quot;}},&quot;clickSlide&quot;:false,&quot;clickOutside&quot;:false,&quot;dblclickContent&quot;:false,&quot;dblclickSlide&quot;:false,&quot;dblclickOutside&quot;:false,&quot;clickContent&quot;:false,&quot;baseTpl&quot;:&quot;&lt;div class=\\&quot;modula-fancybox-container modula-lightbox-jtg-3878\\&quot; role=\\&quot;dialog\\&quot; tabindex=\\&quot;-1\\&quot;&gt;&lt;div class=\\&quot;modula-fancybox-bg\\&quot;&gt;&lt;\\\/div&gt;&lt;div class=\\&quot;modula-fancybox-inner\\&quot;&gt;&lt;div class=\\&quot;modula-fancybox-infobar\\&quot;&gt;&lt;span data-fancybox-index&gt;&lt;\\\/span&gt;&nbsp;\\\/&nbsp;&lt;span data-fancybox-count&gt;&lt;\\\/span&gt;&lt;\\\/div&gt;&lt;div class=\\&quot;modula-fancybox-toolbar\\&quot;&gt;{{buttons}}&lt;\\\/div&gt;&lt;div class=\\&quot;modula-fancybox-navigation\\&quot;&gt;{{arrows}}&lt;\\\/div&gt;&lt;div class=\\&quot;modula-fancybox-stage\\&quot;&gt;&lt;\\\/div&gt;&lt;div class=\\&quot;modula-fancybox-caption\\&quot;&gt;&lt;div class=\\&quot;modula-fancybox-caption__body\\&quot;&gt;&lt;\\\/div&gt;&lt;\\\/div&gt;&lt;\\\/div&gt;&lt;\\\/div&gt;&quot;},&quot;inView&quot;:false,&quot;email_subject&quot;:&quot;Check out this awesome image !!&quot;,&quot;email_message&quot;:&quot;Here is the link to the image : %%image_link%% and this is the link to the gallery : %%gallery_link%%&quot;,&quot;lightbox&quot;:&quot;fancybox&quot;}\">\n\n\t\n\t<!-- Items Container -->\n\t<div  class=\"modula-items\">\n\t\t<div class=\"modula-item effect-pufrobo\" >\n\t<div class=\"modula-item-overlay\"><\/div>\n\n\t<div class=\"modula-item-content\">\n\n\t\t\t\t\n\t\t\t\t\t<a data-image-id=\"3879\" data-elementor-open-lightbox=\"no\" rel=\"jtg-3878\" data-caption=\"\" aria-label=\"Bild im Leuchtkasten \u00f6ffnen\" class=\"tile-inner modula-item-link\"><\/a>\n\t\t\n\t\t<img fetchpriority=\"high\" class=\"pic wp-image-3879 lazyload\"  data-valign=\"middle\" data-halign=\"center\" alt=\"dough moulder. bakery moulder, dough moulder machine, electric dough moulder\" data-full=\"https:\/\/www.goldenchef.cn\/wp-content\/uploads\/2022\/11\/11111111.jpg\" title=\"Teigformer. B\u00e4ckerei-Former, Teigformer-Maschine, elektrischer Teigformer\" width=\"300\" height=\"277\" data-src=\"https:\/\/www.goldenchef.cn\/wp-content\/uploads\/2022\/11\/11111111.jpg\" data-caption=\"\" data-source=\"modula\" data-srcset=\"https:\/\/www.goldenchef.cn\/wp-content\/uploads\/2022\/11\/11111111.jpg 750w, https:\/\/www.goldenchef.cn\/wp-content\/uploads\/2022\/11\/11111111-600x554.jpg 600w\" data-sizes=\"(max-width: 300px) 100vw, 300px\" \/>\n\t\t<div class=\"figc no-description\">\n\t\t\t<div class=\"figc-inner\">\n\t\t\t\t\t\t\t\t\t\t\t\t\t\t\t<\/div>\n\t\t<\/div>\n\n\t<\/div>\n\n<\/div><div class=\"modula-item effect-pufrobo\" >\n\t<div class=\"modula-item-overlay\"><\/div>\n\n\t<div class=\"modula-item-content\">\n\n\t\t\t\t\n\t\t\t\t\t<a data-image-id=\"3880\" data-elementor-open-lightbox=\"no\" rel=\"jtg-3878\" data-caption=\"\" aria-label=\"Bild im Leuchtkasten \u00f6ffnen\" class=\"tile-inner modula-item-link\"><\/a>\n\t\t\n\t\t<img class=\"pic wp-image-3880 lazyload\"  data-valign=\"middle\" data-halign=\"center\" alt=\"dough moulder. bakery moulder, dough moulder machine, electric dough moulder\" data-full=\"https:\/\/www.goldenchef.cn\/wp-content\/uploads\/2022\/11\/photobank-16_02.jpg\" title=\"fotobank-(16)_02\" width=\"293\" height=\"300\" data-src=\"https:\/\/www.goldenchef.cn\/wp-content\/uploads\/2022\/11\/photobank-16_02.jpg\" data-caption=\"\" data-source=\"modula\" data-srcset=\"https:\/\/www.goldenchef.cn\/wp-content\/uploads\/2022\/11\/photobank-16_02.jpg 750w, https:\/\/www.goldenchef.cn\/wp-content\/uploads\/2022\/11\/photobank-16_02-600x614.jpg 600w\" data-sizes=\"(max-width: 293px) 100vw, 293px\" \/>\n\t\t<div class=\"figc no-description\">\n\t\t\t<div class=\"figc-inner\">\n\t\t\t\t\t\t\t\t\t\t\t\t\t\t\t<\/div>\n\t\t<\/div>\n\n\t<\/div>\n\n<\/div><div class=\"modula-item effect-pufrobo\" >\n\t<div class=\"modula-item-overlay\"><\/div>\n\n\t<div class=\"modula-item-content\">\n\n\t\t\t\t\n\t\t\t\t\t<a data-image-id=\"3881\" data-elementor-open-lightbox=\"no\" rel=\"jtg-3878\" data-caption=\"\" aria-label=\"Bild im Leuchtkasten \u00f6ffnen\" class=\"tile-inner modula-item-link\"><\/a>\n\t\t\n\t\t<img class=\"pic wp-image-3881 lazyload\"  data-valign=\"middle\" data-halign=\"center\" alt=\"dough moulder. bakery moulder, dough moulder machine, electric dough moulder\" data-full=\"https:\/\/www.goldenchef.cn\/wp-content\/uploads\/2022\/11\/photobank-17_01-1.jpg\" title=\"Teigformer. B\u00e4ckerei-Former, Teigformer-Maschine, elektrischer Teigformer\" width=\"300\" height=\"263\" data-src=\"https:\/\/www.goldenchef.cn\/wp-content\/uploads\/2022\/11\/photobank-17_01-1.jpg\" data-caption=\"\" data-source=\"modula\" data-srcset=\"https:\/\/www.goldenchef.cn\/wp-content\/uploads\/2022\/11\/photobank-17_01-1.jpg 750w, https:\/\/www.goldenchef.cn\/wp-content\/uploads\/2022\/11\/photobank-17_01-1-600x526.jpg 600w\" data-sizes=\"(max-width: 300px) 100vw, 300px\" \/>\n\t\t<div class=\"figc no-description\">\n\t\t\t<div class=\"figc-inner\">\n\t\t\t\t\t\t\t\t\t\t\t\t\t\t\t<\/div>\n\t\t<\/div>\n\n\t<\/div>\n\n<\/div><div class=\"modula-item effect-pufrobo\" >\n\t<div class=\"modula-item-overlay\"><\/div>\n\n\t<div class=\"modula-item-content\">\n\n\t\t\t\t\n\t\t\t\t\t<a data-image-id=\"3882\" data-elementor-open-lightbox=\"no\" rel=\"jtg-3878\" data-caption=\"\" aria-label=\"Bild im Leuchtkasten \u00f6ffnen\" class=\"tile-inner modula-item-link\"><\/a>\n\t\t\n\t\t<img loading=\"lazy\" class=\"pic wp-image-3882 lazyload\"  data-valign=\"middle\" data-halign=\"center\" alt=\"dough moulder. bakery moulder, dough moulder machine, electric dough moulder\" data-full=\"https:\/\/www.goldenchef.cn\/wp-content\/uploads\/2022\/11\/photobank-17_02-1.jpg\" title=\"Teigformer. B\u00e4ckerei-Former, Teigformer-Maschine, elektrischer Teigformer\" width=\"300\" height=\"252\" data-src=\"https:\/\/www.goldenchef.cn\/wp-content\/uploads\/2022\/11\/photobank-17_02-1.jpg\" data-caption=\"\" data-source=\"modula\" data-srcset=\"https:\/\/www.goldenchef.cn\/wp-content\/uploads\/2022\/11\/photobank-17_02-1.jpg 750w, https:\/\/www.goldenchef.cn\/wp-content\/uploads\/2022\/11\/photobank-17_02-1-600x504.jpg 600w\" data-sizes=\"(max-width: 300px) 100vw, 300px\" \/>\n\t\t<div class=\"figc no-description\">\n\t\t\t<div class=\"figc-inner\">\n\t\t\t\t\t\t\t\t\t\t\t\t\t\t\t<\/div>\n\t\t<\/div>\n\n\t<\/div>\n\n<\/div><div class=\"modula-item effect-pufrobo\" >\n\t<div class=\"modula-item-overlay\"><\/div>\n\n\t<div class=\"modula-item-content\">\n\n\t\t\t\t\n\t\t\t\t\t<a data-image-id=\"3883\" data-elementor-open-lightbox=\"no\" rel=\"jtg-3878\" data-caption=\"\" aria-label=\"Bild im Leuchtkasten \u00f6ffnen\" class=\"tile-inner modula-item-link\"><\/a>\n\t\t\n\t\t<img loading=\"lazy\" class=\"pic wp-image-3883 lazyload\"  data-valign=\"middle\" data-halign=\"center\" alt=\"dough moulder. bakery moulder, dough moulder machine, electric dough moulder\" data-full=\"https:\/\/www.goldenchef.cn\/wp-content\/uploads\/2022\/11\/photobank-17_03.jpg\" title=\"fotobank-(17)_03\" width=\"300\" height=\"262\" data-src=\"https:\/\/www.goldenchef.cn\/wp-content\/uploads\/2022\/11\/photobank-17_03.jpg\" data-caption=\"\" data-source=\"modula\" data-srcset=\"https:\/\/www.goldenchef.cn\/wp-content\/uploads\/2022\/11\/photobank-17_03.jpg 750w, https:\/\/www.goldenchef.cn\/wp-content\/uploads\/2022\/11\/photobank-17_03-600x524.jpg 600w\" data-sizes=\"(max-width: 300px) 100vw, 300px\" \/>\n\t\t<div class=\"figc no-description\">\n\t\t\t<div class=\"figc-inner\">\n\t\t\t\t\t\t\t\t\t\t\t\t\t\t\t<\/div>\n\t\t<\/div>\n\n\t<\/div>\n\n<\/div>\t\t\n\t<\/div>\n\n\t\n\t\n\t<script type=\"application\/ld+json\">\n\t{\n\t\t\"@context\": \"http:\/\/schema.org\",\n\t\t\"@type\"   : \"ImageGallery\",\n\t\t\"id\"      : \"https:\/\/www.goldenchef.cn\/de\/wp-json\/wp\/v2\/product\/3876\",\n\t\t\"url\"     : \"https:\/\/www.goldenchef.cn\/de\/wp-json\/wp\/v2\/product\/3876\"\n\t}\n\n    <\/script>\n\n\t\n<\/div><\/p>","protected":false},"excerpt":{"rendered":"<ul>\n<li>Marke: Mondo Cucina<\/li>\n<li>Professionelle Ausr\u00fcstung<\/li>\n<li>Langlebiges Design<\/li>\n<li>Ger\u00e4uscharm, nicht leicht zu zerrei\u00dfen und zu verschlei\u00dfen<\/li>\n<li>Hohe Effizienz, arbeitssparend<\/li>\n<li>Leicht zu s\u00e4ubern<\/li>\n<li>Starke Walze<\/li>\n<li>Einfache Bedienung und Wartung<\/li>\n<\/ul>","protected":false},"featured_media":6028,"comment_status":"closed","ping_status":"closed","template":"","meta":[],"product_brand":[],"product_cat":[51,85],"product_tag":[107],"class_list":{"0":"post-3876","1":"product","2":"type-product","3":"status-publish","4":"has-post-thumbnail","6":"product_cat-bakery-equipment","7":"product_cat-dough-moulder","8":"product_tag-dough-moulder","10":"first","11":"instock","12":"shipping-taxable","13":"product-type-simple"},"yoast_head":"<!-- This site is optimized with the Yoast SEO Premium plugin v22.5 (Yoast SEO v22.8) - https:\/\/yoast.com\/wordpress\/plugins\/seo\/ -->\n<title>Dough Moulder AS-CG-38 \/ Roller Moulding \/ Bread Moulder<\/title>\n<meta name=\"description\" content=\"Dough Moulder has the characteristics of advanced structure, fine appearance, easy operation and high efficiency. Contact with us to get best price.\" \/>\n<meta name=\"robots\" content=\"index, follow, max-snippet:-1, max-image-preview:large, max-video-preview:-1\" \/>\n<link rel=\"canonical\" href=\"https:\/\/www.goldenchef.cn\/de\/produit\/bakery-equipment\/dough-moulder\/as-cg-38-dough-moulder\/\" \/>\n<meta property=\"og:locale\" content=\"de_DE\" \/>\n<meta property=\"og:type\" content=\"article\" \/>\n<meta property=\"og:title\" content=\"AS-CG-38 Dough Moulder \/ Roller Moulding \/ Bread Moulder\" \/>\n<meta property=\"og:description\" content=\"Dough Moulder has the characteristics of advanced structure, fine appearance, easy operation and high efficiency. Contact with us to get best price.\" \/>\n<meta property=\"og:url\" content=\"https:\/\/www.goldenchef.cn\/de\/produit\/bakery-equipment\/dough-moulder\/as-cg-38-dough-moulder\/\" \/>\n<meta property=\"og:site_name\" content=\"golden chef machinery\" \/>\n<meta property=\"article:modified_time\" content=\"2024-11-01T09:36:15+00:00\" \/>\n<meta property=\"og:image\" content=\"https:\/\/www.goldenchef.cn\/wp-content\/uploads\/2022\/11\/290.jpg\" \/>\n\t<meta property=\"og:image:width\" content=\"800\" \/>\n\t<meta property=\"og:image:height\" content=\"800\" \/>\n\t<meta property=\"og:image:type\" content=\"image\/jpeg\" \/>\n<meta name=\"twitter:card\" content=\"summary_large_image\" \/>\n<meta name=\"twitter:label1\" content=\"Preis\" \/>\n\t<meta name=\"twitter:data1\" content=\"\" \/>\n\t<meta name=\"twitter:label2\" content=\"Verf\u00fcgbarkeit\" \/>\n\t<meta name=\"twitter:data2\" content=\"Auf Lager\" \/>\n<script type=\"application\/ld+json\" class=\"yoast-schema-graph\">{\"@context\":\"https:\/\/schema.org\",\"@graph\":[{\"@type\":\"WebPage\",\"@id\":\"https:\/\/www.goldenchef.cn\/fr\/produit\/bakery-equipment\/dough-moulder\/as-cg-38-dough-moulder\/\",\"url\":\"https:\/\/www.goldenchef.cn\/fr\/produit\/bakery-equipment\/dough-moulder\/as-cg-38-dough-moulder\/\",\"name\":\"Dough Moulder AS-CG-38 \/ Roller Moulding \/ Bread Moulder\",\"isPartOf\":{\"@id\":\"https:\/\/www.goldenchef.cn\/#website\"},\"primaryImageOfPage\":{\"@id\":\"https:\/\/www.goldenchef.cn\/fr\/produit\/bakery-equipment\/dough-moulder\/as-cg-38-dough-moulder\/#primaryimage\"},\"image\":{\"@id\":\"https:\/\/www.goldenchef.cn\/fr\/produit\/bakery-equipment\/dough-moulder\/as-cg-38-dough-moulder\/#primaryimage\"},\"thumbnailUrl\":\"https:\/\/www.goldenchef.cn\/wp-content\/uploads\/2022\/11\/290.jpg\",\"datePublished\":\"2022-11-08T08:27:46+00:00\",\"dateModified\":\"2024-11-01T09:36:15+00:00\",\"description\":\"Dough Moulder has the characteristics of advanced structure, fine appearance, easy operation and high efficiency. Contact with us to get best price.\",\"breadcrumb\":{\"@id\":\"https:\/\/www.goldenchef.cn\/fr\/produit\/bakery-equipment\/dough-moulder\/as-cg-38-dough-moulder\/#breadcrumb\"},\"inLanguage\":\"de\",\"potentialAction\":[{\"@type\":\"ReadAction\",\"target\":[\"https:\/\/www.goldenchef.cn\/fr\/produit\/bakery-equipment\/dough-moulder\/as-cg-38-dough-moulder\/\"]}]},{\"@type\":\"ImageObject\",\"inLanguage\":\"de\",\"@id\":\"https:\/\/www.goldenchef.cn\/fr\/produit\/bakery-equipment\/dough-moulder\/as-cg-38-dough-moulder\/#primaryimage\",\"url\":\"https:\/\/www.goldenchef.cn\/wp-content\/uploads\/2022\/11\/290.jpg\",\"contentUrl\":\"https:\/\/www.goldenchef.cn\/wp-content\/uploads\/2022\/11\/290.jpg\",\"width\":800,\"height\":800,\"caption\":\"dough moulder, dough moulder machine, bread moulder\"},{\"@type\":\"BreadcrumbList\",\"@id\":\"https:\/\/www.goldenchef.cn\/fr\/produit\/bakery-equipment\/dough-moulder\/as-cg-38-dough-moulder\/#breadcrumb\",\"itemListElement\":[{\"@type\":\"ListItem\",\"position\":1,\"name\":\"homepage\",\"item\":\"https:\/\/www.goldenchef.cn\/\"},{\"@type\":\"ListItem\",\"position\":2,\"name\":\"All Product\",\"item\":\"https:\/\/www.goldenchef.cn\/shop\/\"},{\"@type\":\"ListItem\",\"position\":3,\"name\":\"AS-CG-38 Dough Moulder \/ Roller Moulding \/ Bread Moulder\"}]},{\"@type\":\"WebSite\",\"@id\":\"https:\/\/www.goldenchef.cn\/#website\",\"url\":\"https:\/\/www.goldenchef.cn\/\",\"name\":\"golden chef machinery\",\"description\":\"If kitchen have dream, we are dream maker\",\"publisher\":{\"@id\":\"https:\/\/www.goldenchef.cn\/#organization\"},\"potentialAction\":[{\"@type\":\"SearchAction\",\"target\":{\"@type\":\"EntryPoint\",\"urlTemplate\":\"https:\/\/www.goldenchef.cn\/?s={search_term_string}\"},\"query-input\":\"required name=search_term_string\"}],\"inLanguage\":\"de\"},{\"@type\":[\"Organization\",\"Place\"],\"@id\":\"https:\/\/www.goldenchef.cn\/#organization\",\"name\":\"golden chef machinery\",\"url\":\"https:\/\/www.goldenchef.cn\/\",\"logo\":{\"@id\":\"https:\/\/www.goldenchef.cn\/fr\/produit\/bakery-equipment\/dough-moulder\/as-cg-38-dough-moulder\/#local-main-organization-logo\"},\"image\":{\"@id\":\"https:\/\/www.goldenchef.cn\/fr\/produit\/bakery-equipment\/dough-moulder\/as-cg-38-dough-moulder\/#local-main-organization-logo\"},\"openingHoursSpecification\":[{\"@type\":\"OpeningHoursSpecification\",\"dayOfWeek\":[\"Monday\",\"Tuesday\",\"Wednesday\",\"Thursday\",\"Friday\",\"Saturday\",\"Sunday\"],\"opens\":\"09:00\",\"closes\":\"17:00\"}]},{\"@type\":\"ImageObject\",\"inLanguage\":\"de\",\"@id\":\"https:\/\/www.goldenchef.cn\/fr\/produit\/bakery-equipment\/dough-moulder\/as-cg-38-dough-moulder\/#local-main-organization-logo\",\"url\":\"https:\/\/www.goldenchef.cn\/wp-content\/uploads\/2023\/08\/cropped-200k.png\",\"contentUrl\":\"https:\/\/www.goldenchef.cn\/wp-content\/uploads\/2023\/08\/cropped-200k.png\",\"width\":512,\"height\":512,\"caption\":\"golden chef machinery\"}]}<\/script>\n<meta property=\"og:video\" content=\"https:\/\/www.youtube.com\/embed\/Q-2wr7BGrx0\" \/>\n<meta property=\"og:video:type\" content=\"text\/html\" \/>\n<meta property=\"og:video:duration\" content=\"15\" \/>\n<meta property=\"og:video:width\" content=\"480\" \/>\n<meta property=\"og:video:height\" content=\"360\" \/>\n<meta property=\"ya:ovs:adult\" content=\"false\" \/>\n<meta property=\"ya:ovs:upload_date\" content=\"2022-11-08T08:27:46+00:00\" \/>\n<meta property=\"ya:ovs:allow_embed\" content=\"true\" \/>\n<meta property=\"product:price:amount\" content=\"0.00\" \/>\n<meta property=\"product:price:currency\" content=\"USD\" \/>\n<meta property=\"og:availability\" content=\"instock\" \/>\n<meta property=\"product:availability\" content=\"instock\" \/>\n<meta property=\"product:condition\" content=\"new\" \/>\n<!-- \/ Yoast SEO Premium plugin. -->","yoast_head_json":{"title":"Dough Moulder AS-CG-38 \/ Roller Moulding \/ Bread Moulder","description":"Dough Moulder has the characteristics of advanced structure, fine appearance, easy operation and high efficiency. Contact with us to get best price.","robots":{"index":"index","follow":"follow","max-snippet":"max-snippet:-1","max-image-preview":"max-image-preview:large","max-video-preview":"max-video-preview:-1"},"canonical":"https:\/\/www.goldenchef.cn\/de\/produit\/bakery-equipment\/dough-moulder\/as-cg-38-dough-moulder\/","og_locale":"de_DE","og_type":"article","og_title":"AS-CG-38 Dough Moulder \/ Roller Moulding \/ Bread Moulder","og_description":"Dough Moulder has the characteristics of advanced structure, fine appearance, easy operation and high efficiency. Contact with us to get best price.","og_url":"https:\/\/www.goldenchef.cn\/de\/produit\/bakery-equipment\/dough-moulder\/as-cg-38-dough-moulder\/","og_site_name":"golden chef machinery","article_modified_time":"2024-11-01T09:36:15+00:00","og_image":[{"width":800,"height":800,"url":"https:\/\/www.goldenchef.cn\/wp-content\/uploads\/2022\/11\/290.jpg","type":"image\/jpeg"}],"twitter_card":"summary_large_image","twitter_misc":{"Preis":"","Verf\u00fcgbarkeit":"Auf Lager"},"schema":{"@context":"https:\/\/schema.org","@graph":[{"@type":"WebPage","@id":"https:\/\/www.goldenchef.cn\/fr\/produit\/bakery-equipment\/dough-moulder\/as-cg-38-dough-moulder\/","url":"https:\/\/www.goldenchef.cn\/fr\/produit\/bakery-equipment\/dough-moulder\/as-cg-38-dough-moulder\/","name":"Dough Moulder AS-CG-38 \/ Roller Moulding \/ Bread Moulder","isPartOf":{"@id":"https:\/\/www.goldenchef.cn\/#website"},"primaryImageOfPage":{"@id":"https:\/\/www.goldenchef.cn\/fr\/produit\/bakery-equipment\/dough-moulder\/as-cg-38-dough-moulder\/#primaryimage"},"image":{"@id":"https:\/\/www.goldenchef.cn\/fr\/produit\/bakery-equipment\/dough-moulder\/as-cg-38-dough-moulder\/#primaryimage"},"thumbnailUrl":"https:\/\/www.goldenchef.cn\/wp-content\/uploads\/2022\/11\/290.jpg","datePublished":"2022-11-08T08:27:46+00:00","dateModified":"2024-11-01T09:36:15+00:00","description":"Dough Moulder has the characteristics of advanced structure, fine appearance, easy operation and high efficiency. Contact with us to get best price.","breadcrumb":{"@id":"https:\/\/www.goldenchef.cn\/fr\/produit\/bakery-equipment\/dough-moulder\/as-cg-38-dough-moulder\/#breadcrumb"},"inLanguage":"de","potentialAction":[{"@type":"ReadAction","target":["https:\/\/www.goldenchef.cn\/fr\/produit\/bakery-equipment\/dough-moulder\/as-cg-38-dough-moulder\/"]}]},{"@type":"ImageObject","inLanguage":"de","@id":"https:\/\/www.goldenchef.cn\/fr\/produit\/bakery-equipment\/dough-moulder\/as-cg-38-dough-moulder\/#primaryimage","url":"https:\/\/www.goldenchef.cn\/wp-content\/uploads\/2022\/11\/290.jpg","contentUrl":"https:\/\/www.goldenchef.cn\/wp-content\/uploads\/2022\/11\/290.jpg","width":800,"height":800,"caption":"dough moulder, dough moulder machine, bread moulder"},{"@type":"BreadcrumbList","@id":"https:\/\/www.goldenchef.cn\/fr\/produit\/bakery-equipment\/dough-moulder\/as-cg-38-dough-moulder\/#breadcrumb","itemListElement":[{"@type":"ListItem","position":1,"name":"homepage","item":"https:\/\/www.goldenchef.cn\/"},{"@type":"ListItem","position":2,"name":"All Product","item":"https:\/\/www.goldenchef.cn\/shop\/"},{"@type":"ListItem","position":3,"name":"AS-CG-38 Dough Moulder \/ Roller Moulding \/ Bread Moulder"}]},{"@type":"WebSite","@id":"https:\/\/www.goldenchef.cn\/#website","url":"https:\/\/www.goldenchef.cn\/","name":"golden chef machinery","description":"If kitchen have dream, we are dream maker","publisher":{"@id":"https:\/\/www.goldenchef.cn\/#organization"},"potentialAction":[{"@type":"SearchAction","target":{"@type":"EntryPoint","urlTemplate":"https:\/\/www.goldenchef.cn\/?s={search_term_string}"},"query-input":"required name=search_term_string"}],"inLanguage":"de"},{"@type":["Organization","Place"],"@id":"https:\/\/www.goldenchef.cn\/#organization","name":"golden chef machinery","url":"https:\/\/www.goldenchef.cn\/","logo":{"@id":"https:\/\/www.goldenchef.cn\/fr\/produit\/bakery-equipment\/dough-moulder\/as-cg-38-dough-moulder\/#local-main-organization-logo"},"image":{"@id":"https:\/\/www.goldenchef.cn\/fr\/produit\/bakery-equipment\/dough-moulder\/as-cg-38-dough-moulder\/#local-main-organization-logo"},"openingHoursSpecification":[{"@type":"OpeningHoursSpecification","dayOfWeek":["Monday","Tuesday","Wednesday","Thursday","Friday","Saturday","Sunday"],"opens":"09:00","closes":"17:00"}]},{"@type":"ImageObject","inLanguage":"de","@id":"https:\/\/www.goldenchef.cn\/fr\/produit\/bakery-equipment\/dough-moulder\/as-cg-38-dough-moulder\/#local-main-organization-logo","url":"https:\/\/www.goldenchef.cn\/wp-content\/uploads\/2023\/08\/cropped-200k.png","contentUrl":"https:\/\/www.goldenchef.cn\/wp-content\/uploads\/2023\/08\/cropped-200k.png","width":512,"height":512,"caption":"golden chef machinery"}]},"og_video":"https:\/\/www.youtube.com\/embed\/Q-2wr7BGrx0","og_video_type":"text\/html","og_video_duration":"15","og_video_width":"480","og_video_height":"360","ya_ovs_adult":"false","ya_ovs_upload_date":"2022-11-08T08:27:46+00:00","ya_ovs_allow_embed":"true","product_price_amount":"0.00","product_price_currency":"USD","og_availability":"instock","product_availability":"instock","product_condition":"new"},"_links":{"self":[{"href":"https:\/\/www.goldenchef.cn\/de\/wp-json\/wp\/v2\/product\/3876"}],"collection":[{"href":"https:\/\/www.goldenchef.cn\/de\/wp-json\/wp\/v2\/product"}],"about":[{"href":"https:\/\/www.goldenchef.cn\/de\/wp-json\/wp\/v2\/types\/product"}],"replies":[{"embeddable":true,"href":"https:\/\/www.goldenchef.cn\/de\/wp-json\/wp\/v2\/comments?post=3876"}],"wp:featuredmedia":[{"embeddable":true,"href":"https:\/\/www.goldenchef.cn\/de\/wp-json\/wp\/v2\/media\/6028"}],"wp:attachment":[{"href":"https:\/\/www.goldenchef.cn\/de\/wp-json\/wp\/v2\/media?parent=3876"}],"wp:term":[{"taxonomy":"product_brand","embeddable":true,"href":"https:\/\/www.goldenchef.cn\/de\/wp-json\/wp\/v2\/product_brand?post=3876"},{"taxonomy":"product_cat","embeddable":true,"href":"https:\/\/www.goldenchef.cn\/de\/wp-json\/wp\/v2\/product_cat?post=3876"},{"taxonomy":"product_tag","embeddable":true,"href":"https:\/\/www.goldenchef.cn\/de\/wp-json\/wp\/v2\/product_tag?post=3876"}],"curies":[{"name":"wp","href":"https:\/\/api.w.org\/{rel}","templated":true}]}}