{"id":3891,"date":"2022-11-08T16:58:37","date_gmt":"2022-11-08T08:58:37","guid":{"rendered":"http:\/\/www.goldenchef.cn\/?post_type=product&#038;p=3891"},"modified":"2024-11-08T11:15:43","modified_gmt":"2024-11-08T03:15:43","slug":"hmk-dough-divider","status":"publish","type":"product","link":"https:\/\/www.goldenchef.cn\/de\/produkt\/bakery-equipment\/dough-divider\/hmk-dough-divider\/","title":{"rendered":"HMK-Teigteiler"},"content":{"rendered":"<p>Teigteilermaschine | Produkt <a href=\"https:\/\/www.youtube.com\/watch?v=IKTCdUsKL3w\" target=\"_blank\" rel=\"noopener\">Video<\/a> | <a href=\"https:\/\/www.goldenchef.cn\/de\/service\/bakery-equipment\/\" target=\"_blank\" rel=\"noopener\">B\u00e4ckerei-Ausr\u00fcstung<\/a><\/p>\n<ul>\n<li><strong>B\u00e4ckereimaschine - Teigteiler ist ein idealer Weizen Lebensmittel und Geb\u00e4ck Verarbeitungsmaschine, weithin in westlichen Stil Kuchen Gesch\u00e4fte Speises\u00e4le von Unternehmen und Schulen verwenden.<\/strong><\/li>\n<li><strong>Es besitzt herausragende Eigenschaften wie ein Geh\u00e4use aus rostfreiem Stahl, ein ansprechendes \u00c4u\u00dferes, einen stabilen und ger\u00e4uscharmen Betrieb, eine hohe Effizienz und eine einfache Handhabung.<\/strong><\/li>\n<li><strong>Teigtrenner: Angemessenes Design zum Schneiden von Teig im Bereich 30~180g pro St\u00fcck.<\/strong><\/li>\n<li><strong>Sicherheitssystem: Wenn Sie das Fach herausnehmen, stoppt die Maschine automatisch den Betrieb.<\/strong><\/li>\n<li><strong>Hoher Wirkungsgrad: Mit Klingen aus rostfreiem Stahl und Teilungsplatte. Teilt den Teig innerhalb von 10 Sekunden. Verbessert die Arbeitseffizienz und spart Arbeitsaufwand.<\/strong><\/li>\n<li><strong>Feines Schneiden: Antihaft-Oberfl\u00e4che, Kratzfestigkeit, scharfe und haltbare Klingen, gleichm\u00e4\u00dfige St\u00e4rke, Schneiden des Teigs in mehrere flache Abschnitte.<\/strong><\/li>\n<li><strong>Starker Motor: Leistungsstarker Elektromotor, ger\u00e4uscharm, energiesparend.<\/strong><\/li>\n<\/ul>\n<p>Golden Chef Machinery Co. Ltd. ist Hersteller und Exporteur von Lebensmittel- und B\u00e4ckereimaschinen. Unser Unternehmen befindet sich in Guangzhou, der Stadt, in der die Kanton-Messe zwei Mal im Jahr stattfindet. Wenn Sie mehr Informationen \u00fcber das Produkt wissen wollen, kontaktieren Sie uns bitte, um mehr Informationen oder Fabrikpreis f\u00fcr Teigteiler Maschine zu bekommen.<\/p>","protected":false},"excerpt":{"rendered":"<ul>\n<li>Marke: Mondo Cucina<\/li>\n<li>Professionelle Ausr\u00fcstung<\/li>\n<li>Manuelle Bedienung, einfach und bequem<\/li>\n<li>Ohne Strom kann in jeder Situation arbeiten<\/li>\n<li>Leicht zu s\u00e4ubern<\/li>\n<li>30 St\u00fcck gleichm\u00e4\u00dfig aufgeteilt<\/li>\n<\/ul>","protected":false},"featured_media":6048,"comment_status":"closed","ping_status":"closed","template":"","meta":[],"product_brand":[],"product_cat":[51,86],"product_tag":[108],"class_list":{"0":"post-3891","1":"product","2":"type-product","3":"status-publish","4":"has-post-thumbnail","6":"product_cat-bakery-equipment","7":"product_cat-dough-divider","8":"product_tag-dough-divider","10":"first","11":"instock","12":"shipping-taxable","13":"product-type-simple"},"yoast_head":"<!-- This site is optimized with the Yoast SEO Premium plugin v22.5 (Yoast SEO v22.8) - https:\/\/yoast.com\/wordpress\/plugins\/seo\/ -->\n<title>Dough Divider Machine HMK | Bakery Equipment - Golden Chef<\/title>\n<meta name=\"description\" content=\"Dough Divider Machine is an ideal wheaten pastry processing machine, widely use in western-style cake shops dining halls of enterprises\" \/>\n<meta name=\"robots\" content=\"index, follow, max-snippet:-1, max-image-preview:large, max-video-preview:-1\" \/>\n<link rel=\"canonical\" href=\"https:\/\/www.goldenchef.cn\/de\/produkt\/bakery-equipment\/dough-divider\/hmk-dough-divider\/\" \/>\n<meta property=\"og:locale\" content=\"de_DE\" \/>\n<meta property=\"og:type\" content=\"article\" \/>\n<meta property=\"og:title\" content=\"HMK Dough Divider\" \/>\n<meta property=\"og:description\" content=\"Dough Divider Machine is an ideal wheaten pastry processing machine, widely use in western-style cake shops dining halls of enterprises\" \/>\n<meta property=\"og:url\" content=\"https:\/\/www.goldenchef.cn\/de\/produkt\/bakery-equipment\/dough-divider\/hmk-dough-divider\/\" \/>\n<meta property=\"og:site_name\" content=\"golden chef machinery\" \/>\n<meta property=\"article:modified_time\" content=\"2024-11-08T03:15:43+00:00\" \/>\n<meta property=\"og:image\" content=\"http:\/\/www.goldenchef.cn\/wp-content\/uploads\/2022\/11\/894.jpg\" \/>\n\t<meta property=\"og:image:width\" content=\"1000\" \/>\n\t<meta property=\"og:image:height\" content=\"1000\" \/>\n\t<meta property=\"og:image:type\" content=\"image\/jpeg\" \/>\n<meta name=\"twitter:card\" content=\"summary_large_image\" \/>\n<meta name=\"twitter:label1\" content=\"Preis\" \/>\n\t<meta name=\"twitter:data1\" content=\"\" \/>\n\t<meta name=\"twitter:label2\" content=\"Verf\u00fcgbarkeit\" \/>\n\t<meta name=\"twitter:data2\" content=\"Auf Lager\" \/>\n<script type=\"application\/ld+json\" class=\"yoast-schema-graph\">{\"@context\":\"https:\/\/schema.org\",\"@graph\":[{\"@type\":\"WebPage\",\"@id\":\"https:\/\/www.goldenchef.cn\/product\/bakery-equipment\/dough-divider\/hmk-dough-divider\/\",\"url\":\"https:\/\/www.goldenchef.cn\/product\/bakery-equipment\/dough-divider\/hmk-dough-divider\/\",\"name\":\"Dough Divider Machine HMK | Bakery Equipment - Golden Chef\",\"isPartOf\":{\"@id\":\"https:\/\/www.goldenchef.cn\/#website\"},\"primaryImageOfPage\":{\"@id\":\"https:\/\/www.goldenchef.cn\/product\/bakery-equipment\/dough-divider\/hmk-dough-divider\/#primaryimage\"},\"image\":{\"@id\":\"https:\/\/www.goldenchef.cn\/product\/bakery-equipment\/dough-divider\/hmk-dough-divider\/#primaryimage\"},\"thumbnailUrl\":\"https:\/\/www.goldenchef.cn\/wp-content\/uploads\/2022\/11\/894.jpg\",\"datePublished\":\"2022-11-08T08:58:37+00:00\",\"dateModified\":\"2024-11-08T03:15:43+00:00\",\"description\":\"Dough Divider Machine is an ideal wheaten pastry processing machine, widely use in western-style cake shops dining halls of enterprises\",\"breadcrumb\":{\"@id\":\"https:\/\/www.goldenchef.cn\/product\/bakery-equipment\/dough-divider\/hmk-dough-divider\/#breadcrumb\"},\"inLanguage\":\"de\",\"potentialAction\":[{\"@type\":\"ReadAction\",\"target\":[\"https:\/\/www.goldenchef.cn\/product\/bakery-equipment\/dough-divider\/hmk-dough-divider\/\"]}]},{\"@type\":\"ImageObject\",\"inLanguage\":\"de\",\"@id\":\"https:\/\/www.goldenchef.cn\/product\/bakery-equipment\/dough-divider\/hmk-dough-divider\/#primaryimage\",\"url\":\"https:\/\/www.goldenchef.cn\/wp-content\/uploads\/2022\/11\/894.jpg\",\"contentUrl\":\"https:\/\/www.goldenchef.cn\/wp-content\/uploads\/2022\/11\/894.jpg\",\"width\":1000,\"height\":1000,\"caption\":\"dough press, dough divider, dough divider machine\"},{\"@type\":\"BreadcrumbList\",\"@id\":\"https:\/\/www.goldenchef.cn\/product\/bakery-equipment\/dough-divider\/hmk-dough-divider\/#breadcrumb\",\"itemListElement\":[{\"@type\":\"ListItem\",\"position\":1,\"name\":\"homepage\",\"item\":\"https:\/\/www.goldenchef.cn\/\"},{\"@type\":\"ListItem\",\"position\":2,\"name\":\"All Product\",\"item\":\"https:\/\/www.goldenchef.cn\/shop\/\"},{\"@type\":\"ListItem\",\"position\":3,\"name\":\"HMK Dough Divider\"}]},{\"@type\":\"WebSite\",\"@id\":\"https:\/\/www.goldenchef.cn\/#website\",\"url\":\"https:\/\/www.goldenchef.cn\/\",\"name\":\"golden chef machinery\",\"description\":\"If kitchen have dream, we are dream maker\",\"publisher\":{\"@id\":\"https:\/\/www.goldenchef.cn\/#organization\"},\"potentialAction\":[{\"@type\":\"SearchAction\",\"target\":{\"@type\":\"EntryPoint\",\"urlTemplate\":\"https:\/\/www.goldenchef.cn\/?s={search_term_string}\"},\"query-input\":\"required name=search_term_string\"}],\"inLanguage\":\"de\"},{\"@type\":[\"Organization\",\"Place\"],\"@id\":\"https:\/\/www.goldenchef.cn\/#organization\",\"name\":\"golden chef machinery\",\"url\":\"https:\/\/www.goldenchef.cn\/\",\"logo\":{\"@id\":\"https:\/\/www.goldenchef.cn\/product\/bakery-equipment\/dough-divider\/hmk-dough-divider\/#local-main-organization-logo\"},\"image\":{\"@id\":\"https:\/\/www.goldenchef.cn\/product\/bakery-equipment\/dough-divider\/hmk-dough-divider\/#local-main-organization-logo\"},\"openingHoursSpecification\":[{\"@type\":\"OpeningHoursSpecification\",\"dayOfWeek\":[\"Monday\",\"Tuesday\",\"Wednesday\",\"Thursday\",\"Friday\",\"Saturday\",\"Sunday\"],\"opens\":\"09:00\",\"closes\":\"17:00\"}]},{\"@type\":\"ImageObject\",\"inLanguage\":\"de\",\"@id\":\"https:\/\/www.goldenchef.cn\/product\/bakery-equipment\/dough-divider\/hmk-dough-divider\/#local-main-organization-logo\",\"url\":\"https:\/\/www.goldenchef.cn\/wp-content\/uploads\/2023\/08\/cropped-200k.png\",\"contentUrl\":\"https:\/\/www.goldenchef.cn\/wp-content\/uploads\/2023\/08\/cropped-200k.png\",\"width\":512,\"height\":512,\"caption\":\"golden chef machinery\"}]}<\/script>\n<meta property=\"product:price:amount\" content=\"0.00\" \/>\n<meta property=\"product:price:currency\" content=\"USD\" \/>\n<meta property=\"og:availability\" content=\"instock\" \/>\n<meta property=\"product:availability\" content=\"instock\" \/>\n<meta property=\"product:condition\" content=\"new\" \/>\n<!-- \/ Yoast SEO Premium plugin. -->","yoast_head_json":{"title":"Dough Divider Machine HMK | Bakery Equipment - Golden Chef","description":"Dough Divider Machine is an ideal wheaten pastry processing machine, widely use in western-style cake shops dining halls of enterprises","robots":{"index":"index","follow":"follow","max-snippet":"max-snippet:-1","max-image-preview":"max-image-preview:large","max-video-preview":"max-video-preview:-1"},"canonical":"https:\/\/www.goldenchef.cn\/de\/produkt\/bakery-equipment\/dough-divider\/hmk-dough-divider\/","og_locale":"de_DE","og_type":"article","og_title":"HMK Dough Divider","og_description":"Dough Divider Machine is an ideal wheaten pastry processing machine, widely use in western-style cake shops dining halls of enterprises","og_url":"https:\/\/www.goldenchef.cn\/de\/produkt\/bakery-equipment\/dough-divider\/hmk-dough-divider\/","og_site_name":"golden chef machinery","article_modified_time":"2024-11-08T03:15:43+00:00","og_image":[{"width":1000,"height":1000,"url":"http:\/\/www.goldenchef.cn\/wp-content\/uploads\/2022\/11\/894.jpg","type":"image\/jpeg"}],"twitter_card":"summary_large_image","twitter_misc":{"Preis":"","Verf\u00fcgbarkeit":"Auf Lager"},"schema":{"@context":"https:\/\/schema.org","@graph":[{"@type":"WebPage","@id":"https:\/\/www.goldenchef.cn\/product\/bakery-equipment\/dough-divider\/hmk-dough-divider\/","url":"https:\/\/www.goldenchef.cn\/product\/bakery-equipment\/dough-divider\/hmk-dough-divider\/","name":"Dough Divider Machine HMK | Bakery Equipment - Golden Chef","isPartOf":{"@id":"https:\/\/www.goldenchef.cn\/#website"},"primaryImageOfPage":{"@id":"https:\/\/www.goldenchef.cn\/product\/bakery-equipment\/dough-divider\/hmk-dough-divider\/#primaryimage"},"image":{"@id":"https:\/\/www.goldenchef.cn\/product\/bakery-equipment\/dough-divider\/hmk-dough-divider\/#primaryimage"},"thumbnailUrl":"https:\/\/www.goldenchef.cn\/wp-content\/uploads\/2022\/11\/894.jpg","datePublished":"2022-11-08T08:58:37+00:00","dateModified":"2024-11-08T03:15:43+00:00","description":"Dough Divider Machine is an ideal wheaten pastry processing machine, widely use in western-style cake shops dining halls of enterprises","breadcrumb":{"@id":"https:\/\/www.goldenchef.cn\/product\/bakery-equipment\/dough-divider\/hmk-dough-divider\/#breadcrumb"},"inLanguage":"de","potentialAction":[{"@type":"ReadAction","target":["https:\/\/www.goldenchef.cn\/product\/bakery-equipment\/dough-divider\/hmk-dough-divider\/"]}]},{"@type":"ImageObject","inLanguage":"de","@id":"https:\/\/www.goldenchef.cn\/product\/bakery-equipment\/dough-divider\/hmk-dough-divider\/#primaryimage","url":"https:\/\/www.goldenchef.cn\/wp-content\/uploads\/2022\/11\/894.jpg","contentUrl":"https:\/\/www.goldenchef.cn\/wp-content\/uploads\/2022\/11\/894.jpg","width":1000,"height":1000,"caption":"dough press, dough divider, dough divider machine"},{"@type":"BreadcrumbList","@id":"https:\/\/www.goldenchef.cn\/product\/bakery-equipment\/dough-divider\/hmk-dough-divider\/#breadcrumb","itemListElement":[{"@type":"ListItem","position":1,"name":"homepage","item":"https:\/\/www.goldenchef.cn\/"},{"@type":"ListItem","position":2,"name":"All Product","item":"https:\/\/www.goldenchef.cn\/shop\/"},{"@type":"ListItem","position":3,"name":"HMK Dough Divider"}]},{"@type":"WebSite","@id":"https:\/\/www.goldenchef.cn\/#website","url":"https:\/\/www.goldenchef.cn\/","name":"golden chef machinery","description":"If kitchen have dream, we are dream maker","publisher":{"@id":"https:\/\/www.goldenchef.cn\/#organization"},"potentialAction":[{"@type":"SearchAction","target":{"@type":"EntryPoint","urlTemplate":"https:\/\/www.goldenchef.cn\/?s={search_term_string}"},"query-input":"required name=search_term_string"}],"inLanguage":"de"},{"@type":["Organization","Place"],"@id":"https:\/\/www.goldenchef.cn\/#organization","name":"golden chef machinery","url":"https:\/\/www.goldenchef.cn\/","logo":{"@id":"https:\/\/www.goldenchef.cn\/product\/bakery-equipment\/dough-divider\/hmk-dough-divider\/#local-main-organization-logo"},"image":{"@id":"https:\/\/www.goldenchef.cn\/product\/bakery-equipment\/dough-divider\/hmk-dough-divider\/#local-main-organization-logo"},"openingHoursSpecification":[{"@type":"OpeningHoursSpecification","dayOfWeek":["Monday","Tuesday","Wednesday","Thursday","Friday","Saturday","Sunday"],"opens":"09:00","closes":"17:00"}]},{"@type":"ImageObject","inLanguage":"de","@id":"https:\/\/www.goldenchef.cn\/product\/bakery-equipment\/dough-divider\/hmk-dough-divider\/#local-main-organization-logo","url":"https:\/\/www.goldenchef.cn\/wp-content\/uploads\/2023\/08\/cropped-200k.png","contentUrl":"https:\/\/www.goldenchef.cn\/wp-content\/uploads\/2023\/08\/cropped-200k.png","width":512,"height":512,"caption":"golden chef machinery"}]},"product_price_amount":"0.00","product_price_currency":"USD","og_availability":"instock","product_availability":"instock","product_condition":"new"},"_links":{"self":[{"href":"https:\/\/www.goldenchef.cn\/de\/wp-json\/wp\/v2\/product\/3891"}],"collection":[{"href":"https:\/\/www.goldenchef.cn\/de\/wp-json\/wp\/v2\/product"}],"about":[{"href":"https:\/\/www.goldenchef.cn\/de\/wp-json\/wp\/v2\/types\/product"}],"replies":[{"embeddable":true,"href":"https:\/\/www.goldenchef.cn\/de\/wp-json\/wp\/v2\/comments?post=3891"}],"wp:featuredmedia":[{"embeddable":true,"href":"https:\/\/www.goldenchef.cn\/de\/wp-json\/wp\/v2\/media\/6048"}],"wp:attachment":[{"href":"https:\/\/www.goldenchef.cn\/de\/wp-json\/wp\/v2\/media?parent=3891"}],"wp:term":[{"taxonomy":"product_brand","embeddable":true,"href":"https:\/\/www.goldenchef.cn\/de\/wp-json\/wp\/v2\/product_brand?post=3891"},{"taxonomy":"product_cat","embeddable":true,"href":"https:\/\/www.goldenchef.cn\/de\/wp-json\/wp\/v2\/product_cat?post=3891"},{"taxonomy":"product_tag","embeddable":true,"href":"https:\/\/www.goldenchef.cn\/de\/wp-json\/wp\/v2\/product_tag?post=3891"}],"curies":[{"name":"wp","href":"https:\/\/api.w.org\/{rel}","templated":true}]}}