{"id":3947,"date":"2022-11-09T11:31:59","date_gmt":"2022-11-09T03:31:59","guid":{"rendered":"http:\/\/www.goldenchef.cn\/?post_type=product&#038;p=3947"},"modified":"2024-11-01T16:57:23","modified_gmt":"2024-11-01T08:57:23","slug":"f-32l","status":"publish","type":"product","link":"https:\/\/www.goldenchef.cn\/de\/produkt\/bakery-equipment\/bakery-proofer\/f-32l\/","title":{"rendered":"Kommerzielle elektrische B\u00e4ckerei Brot G\u00e4rmaschine F-32L CE-gepr\u00fcft"},"content":{"rendered":"<p class=\"pro_des_top\"><strong>G\u00e4rschrank mit 32 F\u00e4chern Elektrische Steuerung Gewerblicher Brotteigg\u00e4rschrank Brotteigg\u00e4rschrank Brotg\u00e4rschrank Maschine<\/strong><\/p>\n<p>Modell: F-32L<\/p>\n<p>Spannung: 220V<\/p>\n<p>Leistung: 2600 W<\/p>\n<p>Abmessung: 584X920X2130MM<\/p>\n<p>N.W.(kg): 87<\/p>\n<p>Gewicht (kg): 127<\/p>\n<p>Tabletts: 32<\/p>\n<ul>\n<li><strong>B\u00e4ckerei Proofer Machine besten Partner f\u00fcr Deck Ofen: Guter Partner f\u00fcr den Etagenofen, beschleunigt das Aufgehen des Teigs.<\/strong><\/li>\n<li><strong>Mehrere Gr\u00f6\u00dfen: Verschiedene Gr\u00f6\u00dfe wird f\u00fcr Unterschied B\u00e4ckerei Anfrage entsprechen.<\/strong><\/li>\n<li><strong>Rostfreier Stahl: Die Innen- und Au\u00dfenseite des Maschinenk\u00f6rpers sind alle Edelstahl-Dichtung Design, Anti-Corrossion, Rostbest\u00e4ndigkeit, Befestigung und langlebig.<\/strong><\/li>\n<li><strong>Konvektion: Starke Leistung Fan mit guter Konvektion hei\u00dfe Luft in der Kammer des G\u00e4rschrankes<\/strong><\/li>\n<li><strong>Doppelter Schutz: Automatischer Wasserein- und -austritt, verhindert Trockenbrand, einfach zu bedienen.<\/strong><\/li>\n<li><strong>Ultra-gro\u00dfe Kapazit\u00e4t: Gro\u00dfes Fassungsverm\u00f6gen und mehrlagig, verbesserte Produktionseffizienz.<\/strong><\/li>\n<li><strong>Temperatur- und Feuchtigkeitskontrolle: Temperatur und Luftfeuchtigkeit k\u00f6nnen eingestellt werden, Teig aufwachen mehr perfekt.<\/strong><\/li>\n<li><strong>Einfach zu bedienen: Mechanischer Drehknopf, doppelte Einstellung von Temperatur und Feuchtigkeit, einfache Bedienung.<\/strong><\/li>\n<li><strong>Universal-Laufrollen: Leicht zu bewegen die Maschine in jede Ecke der K\u00fcche, mit einem Schloss, um die Maschine zu fixieren.<\/strong><\/li>\n<\/ul>\n<p><iframe title=\"YouTube-Video-Player\" src=\"https:\/\/www.youtube.com\/embed\/tRK5DXS7FtM\" width=\"560\" height=\"315\" frameborder=\"0\" allowfullscreen=\"allowfullscreen\"><\/iframe><\/p>\n<p>B\u00e4ckerei-G\u00e4rmaschine<\/p>\n<style>#jtg-3942 .modula-item .jtg-social a, .lightbox-socials.jtg-social a{ color: #ffffff }#jtg-3942 .modula-item .jtg-social svg, .lightbox-socials.jtg-social svg { height: 16px; width: 16px }#jtg-3942 .modula-item .jtg-social a:not(:last-child), .lightbox-socials.jtg-social a:not(:last-child) { margin-right: 10px }#jtg-3942 .modula-item .figc {color:#ffffff;}#jtg-3942 .modula-item .modula-item-content { transform: scale(1) }#jtg-3942 { width:100%;}#jtg-3942 .modula-items{height:800px;}@media screen and (max-width: 992px) {#jtg-3942 .modula-items{height:800px;}}@media screen and (max-width: 768px) {#jtg-3942 .modula-items{height:800px;}}#jtg-3942 .modula-items .figc p.description { font-size:14px; }#jtg-3942 .modula-items .figc p.description { color:#ffffff;}#jtg-3942.modula-gallery .modula-item > a, #jtg-3942.modula-gallery .modula-item, #jtg-3942.modula-gallery .modula-item-content > a:not(.modula-no-follow) { cursor:zoom-in; } #jtg-3942.modula-gallery .modula-item-content .modula-no-follow { cursor: default; } @media screen and (max-width:480px){#jtg-3942 .modula-item .figc .jtg-title {  font-size: 12px; }#jtg-3942 .modula-items .figc p.description { color:#ffffff;font-size:10px; }}<\/style>\n<!-- Gallery Container -->\n<div  id=\"jtg-3942\" class=\"modula modula-gallery modula-creative-gallery\" data-config=\"{&quot;height&quot;:800,&quot;tabletHeight&quot;:800,&quot;mobileHeight&quot;:800,&quot;desktopHeight&quot;:800,&quot;enableTwitter&quot;:false,&quot;enableWhatsapp&quot;:false,&quot;enableFacebook&quot;:false,&quot;enablePinterest&quot;:false,&quot;enableLinkedin&quot;:false,&quot;enableEmail&quot;:false,&quot;randomFactor&quot;:0.5,&quot;type&quot;:&quot;creative-gallery&quot;,&quot;columns&quot;:12,&quot;gutter&quot;:10,&quot;mobileGutter&quot;:10,&quot;tabletGutter&quot;:10,&quot;desktopGutter&quot;:10,&quot;enableResponsive&quot;:&quot;0&quot;,&quot;tabletColumns&quot;:&quot;2&quot;,&quot;mobileColumns&quot;:&quot;1&quot;,&quot;lazyLoad&quot;:&quot;1&quot;,&quot;lightboxOpts&quot;:{&quot;loop&quot;:false,&quot;arrows&quot;:true,&quot;toolbar&quot;:true,&quot;keyboard&quot;:true,&quot;wheel&quot;:false,&quot;buttons&quot;:[&quot;close&quot;],&quot;hash&quot;:false,&quot;lang&quot;:&quot;en&quot;,&quot;touch&quot;:false,&quot;protect&quot;:false,&quot;i18n&quot;:{&quot;en&quot;:{&quot;CLOSE&quot;:&quot;Close&quot;,&quot;NEXT&quot;:&quot;Next&quot;,&quot;PREV&quot;:&quot;Previous&quot;,&quot;Error&quot;:&quot;The requested content cannot be loaded. Please try again later.&quot;,&quot;PLAY_START&quot;:&quot;Start slideshow&quot;,&quot;PLAY_STOP&quot;:&quot;Pause slideshow&quot;,&quot;FULL_SCREEN&quot;:&quot;Full screen&quot;,&quot;THUMBS&quot;:&quot;Thumbnails&quot;,&quot;DOWNLOAD&quot;:&quot;Download&quot;,&quot;SHARE&quot;:&quot;Share&quot;,&quot;ZOOM&quot;:&quot;Zoom&quot;}},&quot;clickSlide&quot;:false,&quot;clickOutside&quot;:false,&quot;dblclickContent&quot;:false,&quot;dblclickSlide&quot;:false,&quot;dblclickOutside&quot;:false,&quot;clickContent&quot;:false,&quot;baseTpl&quot;:&quot;&lt;div class=\\&quot;modula-fancybox-container modula-lightbox-jtg-3942\\&quot; role=\\&quot;dialog\\&quot; tabindex=\\&quot;-1\\&quot;&gt;&lt;div class=\\&quot;modula-fancybox-bg\\&quot;&gt;&lt;\\\/div&gt;&lt;div class=\\&quot;modula-fancybox-inner\\&quot;&gt;&lt;div class=\\&quot;modula-fancybox-infobar\\&quot;&gt;&lt;span data-fancybox-index&gt;&lt;\\\/span&gt;&nbsp;\\\/&nbsp;&lt;span data-fancybox-count&gt;&lt;\\\/span&gt;&lt;\\\/div&gt;&lt;div class=\\&quot;modula-fancybox-toolbar\\&quot;&gt;{{buttons}}&lt;\\\/div&gt;&lt;div class=\\&quot;modula-fancybox-navigation\\&quot;&gt;{{arrows}}&lt;\\\/div&gt;&lt;div class=\\&quot;modula-fancybox-stage\\&quot;&gt;&lt;\\\/div&gt;&lt;div class=\\&quot;modula-fancybox-caption\\&quot;&gt;&lt;div class=\\&quot;modula-fancybox-caption__body\\&quot;&gt;&lt;\\\/div&gt;&lt;\\\/div&gt;&lt;\\\/div&gt;&lt;\\\/div&gt;&quot;},&quot;inView&quot;:false,&quot;email_subject&quot;:&quot;Check out this awesome image !!&quot;,&quot;email_message&quot;:&quot;Here is the link to the image : %%image_link%% and this is the link to the gallery : %%gallery_link%%&quot;,&quot;lightbox&quot;:&quot;fancybox&quot;}\">\n\n\t\n\t<!-- Items Container -->\n\t<div  class=\"modula-items\">\n\t\t<div class=\"modula-item effect-pufrobo\" >\n\t<div class=\"modula-item-overlay\"><\/div>\n\n\t<div class=\"modula-item-content\">\n\n\t\t\t\t\n\t\t\t\t\t<a data-image-id=\"3943\" data-elementor-open-lightbox=\"no\" rel=\"jtg-3942\" data-caption=\"\" aria-label=\"Bild im Leuchtkasten \u00f6ffnen\" class=\"tile-inner modula-item-link\"><\/a>\n\t\t\n\t\t<img fetchpriority=\"high\" class=\"pic wp-image-3943 lazyload\"  data-valign=\"middle\" data-halign=\"center\" alt=\"bakery proofer machine, dough proofer machine, bread proofer machine\" data-full=\"https:\/\/www.goldenchef.cn\/wp-content\/uploads\/2022\/11\/0.jpg\" title=\"G\u00e4rmaschine, B\u00e4ckereig\u00e4rmaschine, Teigg\u00e4rmaschine, Brotg\u00e4rmaschine\" width=\"300\" height=\"204\" data-src=\"https:\/\/www.goldenchef.cn\/wp-content\/uploads\/2022\/11\/0.jpg\" data-caption=\"\" data-source=\"modula\" data-srcset=\"https:\/\/www.goldenchef.cn\/wp-content\/uploads\/2022\/11\/0.jpg 750w, https:\/\/www.goldenchef.cn\/wp-content\/uploads\/2022\/11\/0-600x407.jpg 600w\" data-sizes=\"(max-width: 300px) 100vw, 300px\" \/>\n\t\t<div class=\"figc no-description\">\n\t\t\t<div class=\"figc-inner\">\n\t\t\t\t\t\t\t\t\t\t\t\t\t\t\t<\/div>\n\t\t<\/div>\n\n\t<\/div>\n\n<\/div><div class=\"modula-item effect-pufrobo\" >\n\t<div class=\"modula-item-overlay\"><\/div>\n\n\t<div class=\"modula-item-content\">\n\n\t\t\t\t\n\t\t\t\t\t<a data-image-id=\"3944\" data-elementor-open-lightbox=\"no\" rel=\"jtg-3942\" data-caption=\"\" aria-label=\"Bild im Leuchtkasten \u00f6ffnen\" class=\"tile-inner modula-item-link\"><\/a>\n\t\t\n\t\t<img class=\"pic wp-image-3944 lazyload\"  data-valign=\"middle\" data-halign=\"center\" alt=\"bakery proofer machine, dough proofer machine, bread proofer machine\" data-full=\"https:\/\/www.goldenchef.cn\/wp-content\/uploads\/2022\/11\/5-3.jpg\" title=\"G\u00e4rmaschine, B\u00e4ckereig\u00e4rmaschine, Teigg\u00e4rmaschine, Brotg\u00e4rmaschine\" width=\"300\" height=\"290\" data-src=\"https:\/\/www.goldenchef.cn\/wp-content\/uploads\/2022\/11\/5-3.jpg\" data-caption=\"\" data-source=\"modula\" data-srcset=\"https:\/\/www.goldenchef.cn\/wp-content\/uploads\/2022\/11\/5-3.jpg 750w, https:\/\/www.goldenchef.cn\/wp-content\/uploads\/2022\/11\/5-3-600x580.jpg 600w\" data-sizes=\"(max-width: 300px) 100vw, 300px\" \/>\n\t\t<div class=\"figc no-description\">\n\t\t\t<div class=\"figc-inner\">\n\t\t\t\t\t\t\t\t\t\t\t\t\t\t\t<\/div>\n\t\t<\/div>\n\n\t<\/div>\n\n<\/div><div class=\"modula-item effect-pufrobo\" >\n\t<div class=\"modula-item-overlay\"><\/div>\n\n\t<div class=\"modula-item-content\">\n\n\t\t\t\t\n\t\t\t\t\t<a data-image-id=\"3945\" data-elementor-open-lightbox=\"no\" rel=\"jtg-3942\" data-caption=\"\" aria-label=\"Bild im Leuchtkasten \u00f6ffnen\" class=\"tile-inner modula-item-link\"><\/a>\n\t\t\n\t\t<img class=\"pic wp-image-3945 lazyload\"  data-valign=\"middle\" data-halign=\"center\" alt=\"bakery proofer machine, dough proofer machine, bread proofer machine\" data-full=\"https:\/\/www.goldenchef.cn\/wp-content\/uploads\/2022\/11\/2332.jpg\" title=\"G\u00e4rmaschine, B\u00e4ckereig\u00e4rmaschine, Teigg\u00e4rmaschine, Brotg\u00e4rmaschine\" width=\"229\" height=\"300\" data-src=\"https:\/\/www.goldenchef.cn\/wp-content\/uploads\/2022\/11\/2332.jpg\" data-caption=\"\" data-source=\"modula\" data-srcset=\"https:\/\/www.goldenchef.cn\/wp-content\/uploads\/2022\/11\/2332.jpg 750w, https:\/\/www.goldenchef.cn\/wp-content\/uploads\/2022\/11\/2332-600x786.jpg 600w\" data-sizes=\"(max-width: 229px) 100vw, 229px\" \/>\n\t\t<div class=\"figc no-description\">\n\t\t\t<div class=\"figc-inner\">\n\t\t\t\t\t\t\t\t\t\t\t\t\t\t\t<\/div>\n\t\t<\/div>\n\n\t<\/div>\n\n<\/div><div class=\"modula-item effect-pufrobo\" >\n\t<div class=\"modula-item-overlay\"><\/div>\n\n\t<div class=\"modula-item-content\">\n\n\t\t\t\t\n\t\t\t\t\t<a data-image-id=\"3946\" data-elementor-open-lightbox=\"no\" rel=\"jtg-3942\" data-caption=\"\" aria-label=\"Bild im Leuchtkasten \u00f6ffnen\" class=\"tile-inner modula-item-link\"><\/a>\n\t\t\n\t\t<img loading=\"lazy\" class=\"pic wp-image-3946 lazyload\"  data-valign=\"middle\" data-halign=\"center\" alt=\"bakery proofer machine, dough proofer machine, bread proofer machine\" data-full=\"https:\/\/www.goldenchef.cn\/wp-content\/uploads\/2022\/11\/4-5.jpg\" title=\"4\" width=\"300\" height=\"290\" data-src=\"https:\/\/www.goldenchef.cn\/wp-content\/uploads\/2022\/11\/4-5.jpg\" data-caption=\"\" data-source=\"modula\" data-srcset=\"https:\/\/www.goldenchef.cn\/wp-content\/uploads\/2022\/11\/4-5.jpg 750w, https:\/\/www.goldenchef.cn\/wp-content\/uploads\/2022\/11\/4-5-600x580.jpg 600w\" data-sizes=\"(max-width: 300px) 100vw, 300px\" \/>\n\t\t<div class=\"figc no-description\">\n\t\t\t<div class=\"figc-inner\">\n\t\t\t\t\t\t\t\t\t\t\t\t\t\t\t<\/div>\n\t\t<\/div>\n\n\t<\/div>\n\n<\/div>\t\t\n\t<\/div>\n\n\t\n\t\n\t<script type=\"application\/ld+json\">\n\t{\n\t\t\"@context\": \"http:\/\/schema.org\",\n\t\t\"@type\"   : \"ImageGallery\",\n\t\t\"id\"      : \"https:\/\/www.goldenchef.cn\/de\/wp-json\/wp\/v2\/product\/3947\",\n\t\t\"url\"     : \"https:\/\/www.goldenchef.cn\/de\/wp-json\/wp\/v2\/product\/3947\"\n\t}\n\n    <\/script>\n\n\t\n<\/div>","protected":false},"excerpt":{"rendered":"<p>Guter Partner f\u00fcr den Etagenofen, beschleunigt das Aufgehen des Teigs. Unterschiedliche Gr\u00f6\u00dfe wird f\u00fcr Unterschied B\u00e4ckerei Anfrage \u00fcbereinstimmen. Temperatur und Luftfeuchtigkeit k\u00f6nnen einstellbar sein, Teig aufwachen mehr perfekt, Arbeiten mit L\u00fcfter, Temperatur im Inneren des G\u00e4rschrankes kann eine bessere Zirkulation zu bekommen.<\/p>\n<ul>\n<li>Marke: Mondo Cucina<\/li>\n<\/ul>","protected":false},"featured_media":6020,"comment_status":"closed","ping_status":"closed","template":"","meta":[],"product_brand":[],"product_cat":[51,89],"product_tag":[110],"class_list":{"0":"post-3947","1":"product","2":"type-product","3":"status-publish","4":"has-post-thumbnail","6":"product_cat-bakery-equipment","7":"product_cat-bakery-proofer","8":"product_tag-bakery-proofer","10":"first","11":"instock","12":"shipping-taxable","13":"product-type-simple"},"yoast_head":"<!-- This site is optimized with the Yoast SEO Premium plugin v22.5 (Yoast SEO v22.8) - https:\/\/yoast.com\/wordpress\/plugins\/seo\/ -->\n<title>Proofer Machine Commercial F-32L CE Approved Video ?<\/title>\n<meta name=\"description\" content=\"Bakery proofer machine best partner for deck oven: Good partner for deck oven, speed up to wake up the dough. Contact us to get best price.\" \/>\n<meta name=\"robots\" content=\"index, follow, max-snippet:-1, max-image-preview:large, max-video-preview:-1\" \/>\n<link rel=\"canonical\" href=\"https:\/\/www.goldenchef.cn\/de\/produkt\/bakery-equipment\/bakery-proofer\/f-32l\/\" \/>\n<meta property=\"og:locale\" content=\"de_DE\" \/>\n<meta property=\"og:type\" content=\"article\" \/>\n<meta property=\"og:title\" content=\"Commercial Electric Bakery Bread Proofer Machine F-32L CE Approved\" \/>\n<meta property=\"og:description\" content=\"Bakery proofer machine best partner for deck oven: Good partner for deck oven, speed up to wake up the dough. Contact us to get best price.\" \/>\n<meta property=\"og:url\" content=\"https:\/\/www.goldenchef.cn\/de\/produkt\/bakery-equipment\/bakery-proofer\/f-32l\/\" \/>\n<meta property=\"og:site_name\" content=\"golden chef machinery\" \/>\n<meta property=\"article:modified_time\" content=\"2024-11-01T08:57:23+00:00\" \/>\n<meta property=\"og:image\" content=\"http:\/\/www.goldenchef.cn\/wp-content\/uploads\/2022\/11\/240.jpg\" \/>\n\t<meta property=\"og:image:width\" content=\"800\" \/>\n\t<meta property=\"og:image:height\" content=\"800\" \/>\n\t<meta property=\"og:image:type\" content=\"image\/jpeg\" \/>\n<meta name=\"twitter:card\" content=\"summary_large_image\" \/>\n<meta name=\"twitter:label1\" content=\"Preis\" \/>\n\t<meta name=\"twitter:data1\" content=\"\" \/>\n\t<meta name=\"twitter:label2\" content=\"Verf\u00fcgbarkeit\" \/>\n\t<meta name=\"twitter:data2\" content=\"Auf Lager\" \/>\n<script type=\"application\/ld+json\" class=\"yoast-schema-graph\">{\"@context\":\"https:\/\/schema.org\",\"@graph\":[{\"@type\":\"WebPage\",\"@id\":\"https:\/\/www.goldenchef.cn\/product\/bakery-equipment\/bakery-proofer\/f-32l\/\",\"url\":\"https:\/\/www.goldenchef.cn\/product\/bakery-equipment\/bakery-proofer\/f-32l\/\",\"name\":\"Proofer Machine Commercial F-32L CE Approved Video ?\",\"isPartOf\":{\"@id\":\"https:\/\/www.goldenchef.cn\/#website\"},\"primaryImageOfPage\":{\"@id\":\"https:\/\/www.goldenchef.cn\/product\/bakery-equipment\/bakery-proofer\/f-32l\/#primaryimage\"},\"image\":{\"@id\":\"https:\/\/www.goldenchef.cn\/product\/bakery-equipment\/bakery-proofer\/f-32l\/#primaryimage\"},\"thumbnailUrl\":\"https:\/\/www.goldenchef.cn\/wp-content\/uploads\/2022\/11\/240.jpg\",\"datePublished\":\"2022-11-09T03:31:59+00:00\",\"dateModified\":\"2024-11-01T08:57:23+00:00\",\"description\":\"Bakery proofer machine best partner for deck oven: Good partner for deck oven, speed up to wake up the dough. Contact us to get best price.\",\"breadcrumb\":{\"@id\":\"https:\/\/www.goldenchef.cn\/product\/bakery-equipment\/bakery-proofer\/f-32l\/#breadcrumb\"},\"inLanguage\":\"de\",\"potentialAction\":[{\"@type\":\"ReadAction\",\"target\":[\"https:\/\/www.goldenchef.cn\/product\/bakery-equipment\/bakery-proofer\/f-32l\/\"]}]},{\"@type\":\"ImageObject\",\"inLanguage\":\"de\",\"@id\":\"https:\/\/www.goldenchef.cn\/product\/bakery-equipment\/bakery-proofer\/f-32l\/#primaryimage\",\"url\":\"https:\/\/www.goldenchef.cn\/wp-content\/uploads\/2022\/11\/240.jpg\",\"contentUrl\":\"https:\/\/www.goldenchef.cn\/wp-content\/uploads\/2022\/11\/240.jpg\",\"width\":800,\"height\":800,\"caption\":\"proofer machine, bakery proofer, bakery proofer machine\"},{\"@type\":\"BreadcrumbList\",\"@id\":\"https:\/\/www.goldenchef.cn\/product\/bakery-equipment\/bakery-proofer\/f-32l\/#breadcrumb\",\"itemListElement\":[{\"@type\":\"ListItem\",\"position\":1,\"name\":\"homepage\",\"item\":\"https:\/\/www.goldenchef.cn\/\"},{\"@type\":\"ListItem\",\"position\":2,\"name\":\"All Product\",\"item\":\"https:\/\/www.goldenchef.cn\/shop\/\"},{\"@type\":\"ListItem\",\"position\":3,\"name\":\"Commercial Electric Bakery Bread Proofer Machine F-32L CE Approved\"}]},{\"@type\":\"WebSite\",\"@id\":\"https:\/\/www.goldenchef.cn\/#website\",\"url\":\"https:\/\/www.goldenchef.cn\/\",\"name\":\"golden chef machinery\",\"description\":\"If kitchen have dream, we are dream maker\",\"publisher\":{\"@id\":\"https:\/\/www.goldenchef.cn\/#organization\"},\"potentialAction\":[{\"@type\":\"SearchAction\",\"target\":{\"@type\":\"EntryPoint\",\"urlTemplate\":\"https:\/\/www.goldenchef.cn\/?s={search_term_string}\"},\"query-input\":\"required name=search_term_string\"}],\"inLanguage\":\"de\"},{\"@type\":[\"Organization\",\"Place\"],\"@id\":\"https:\/\/www.goldenchef.cn\/#organization\",\"name\":\"golden chef machinery\",\"url\":\"https:\/\/www.goldenchef.cn\/\",\"logo\":{\"@id\":\"https:\/\/www.goldenchef.cn\/product\/bakery-equipment\/bakery-proofer\/f-32l\/#local-main-organization-logo\"},\"image\":{\"@id\":\"https:\/\/www.goldenchef.cn\/product\/bakery-equipment\/bakery-proofer\/f-32l\/#local-main-organization-logo\"},\"openingHoursSpecification\":[{\"@type\":\"OpeningHoursSpecification\",\"dayOfWeek\":[\"Monday\",\"Tuesday\",\"Wednesday\",\"Thursday\",\"Friday\",\"Saturday\",\"Sunday\"],\"opens\":\"09:00\",\"closes\":\"17:00\"}]},{\"@type\":\"ImageObject\",\"inLanguage\":\"de\",\"@id\":\"https:\/\/www.goldenchef.cn\/product\/bakery-equipment\/bakery-proofer\/f-32l\/#local-main-organization-logo\",\"url\":\"https:\/\/www.goldenchef.cn\/wp-content\/uploads\/2023\/08\/cropped-200k.png\",\"contentUrl\":\"https:\/\/www.goldenchef.cn\/wp-content\/uploads\/2023\/08\/cropped-200k.png\",\"width\":512,\"height\":512,\"caption\":\"golden chef machinery\"}]}<\/script>\n<meta property=\"product:price:amount\" content=\"0.00\" \/>\n<meta property=\"product:price:currency\" content=\"USD\" \/>\n<meta property=\"og:availability\" content=\"instock\" \/>\n<meta property=\"product:availability\" content=\"instock\" \/>\n<meta property=\"product:condition\" content=\"new\" \/>\n<!-- \/ Yoast SEO Premium plugin. -->","yoast_head_json":{"title":"Proofer Machine Commercial F-32L CE Approved Video ?","description":"Bakery proofer machine best partner for deck oven: Good partner for deck oven, speed up to wake up the dough. Contact us to get best price.","robots":{"index":"index","follow":"follow","max-snippet":"max-snippet:-1","max-image-preview":"max-image-preview:large","max-video-preview":"max-video-preview:-1"},"canonical":"https:\/\/www.goldenchef.cn\/de\/produkt\/bakery-equipment\/bakery-proofer\/f-32l\/","og_locale":"de_DE","og_type":"article","og_title":"Commercial Electric Bakery Bread Proofer Machine F-32L CE Approved","og_description":"Bakery proofer machine best partner for deck oven: Good partner for deck oven, speed up to wake up the dough. Contact us to get best price.","og_url":"https:\/\/www.goldenchef.cn\/de\/produkt\/bakery-equipment\/bakery-proofer\/f-32l\/","og_site_name":"golden chef machinery","article_modified_time":"2024-11-01T08:57:23+00:00","og_image":[{"width":800,"height":800,"url":"http:\/\/www.goldenchef.cn\/wp-content\/uploads\/2022\/11\/240.jpg","type":"image\/jpeg"}],"twitter_card":"summary_large_image","twitter_misc":{"Preis":"","Verf\u00fcgbarkeit":"Auf Lager"},"schema":{"@context":"https:\/\/schema.org","@graph":[{"@type":"WebPage","@id":"https:\/\/www.goldenchef.cn\/product\/bakery-equipment\/bakery-proofer\/f-32l\/","url":"https:\/\/www.goldenchef.cn\/product\/bakery-equipment\/bakery-proofer\/f-32l\/","name":"Proofer Machine Commercial F-32L CE Approved Video ?","isPartOf":{"@id":"https:\/\/www.goldenchef.cn\/#website"},"primaryImageOfPage":{"@id":"https:\/\/www.goldenchef.cn\/product\/bakery-equipment\/bakery-proofer\/f-32l\/#primaryimage"},"image":{"@id":"https:\/\/www.goldenchef.cn\/product\/bakery-equipment\/bakery-proofer\/f-32l\/#primaryimage"},"thumbnailUrl":"https:\/\/www.goldenchef.cn\/wp-content\/uploads\/2022\/11\/240.jpg","datePublished":"2022-11-09T03:31:59+00:00","dateModified":"2024-11-01T08:57:23+00:00","description":"Bakery proofer machine best partner for deck oven: Good partner for deck oven, speed up to wake up the dough. Contact us to get best price.","breadcrumb":{"@id":"https:\/\/www.goldenchef.cn\/product\/bakery-equipment\/bakery-proofer\/f-32l\/#breadcrumb"},"inLanguage":"de","potentialAction":[{"@type":"ReadAction","target":["https:\/\/www.goldenchef.cn\/product\/bakery-equipment\/bakery-proofer\/f-32l\/"]}]},{"@type":"ImageObject","inLanguage":"de","@id":"https:\/\/www.goldenchef.cn\/product\/bakery-equipment\/bakery-proofer\/f-32l\/#primaryimage","url":"https:\/\/www.goldenchef.cn\/wp-content\/uploads\/2022\/11\/240.jpg","contentUrl":"https:\/\/www.goldenchef.cn\/wp-content\/uploads\/2022\/11\/240.jpg","width":800,"height":800,"caption":"proofer machine, bakery proofer, bakery proofer machine"},{"@type":"BreadcrumbList","@id":"https:\/\/www.goldenchef.cn\/product\/bakery-equipment\/bakery-proofer\/f-32l\/#breadcrumb","itemListElement":[{"@type":"ListItem","position":1,"name":"homepage","item":"https:\/\/www.goldenchef.cn\/"},{"@type":"ListItem","position":2,"name":"All Product","item":"https:\/\/www.goldenchef.cn\/shop\/"},{"@type":"ListItem","position":3,"name":"Commercial Electric Bakery Bread Proofer Machine F-32L CE Approved"}]},{"@type":"WebSite","@id":"https:\/\/www.goldenchef.cn\/#website","url":"https:\/\/www.goldenchef.cn\/","name":"golden chef machinery","description":"If kitchen have dream, we are dream maker","publisher":{"@id":"https:\/\/www.goldenchef.cn\/#organization"},"potentialAction":[{"@type":"SearchAction","target":{"@type":"EntryPoint","urlTemplate":"https:\/\/www.goldenchef.cn\/?s={search_term_string}"},"query-input":"required name=search_term_string"}],"inLanguage":"de"},{"@type":["Organization","Place"],"@id":"https:\/\/www.goldenchef.cn\/#organization","name":"golden chef machinery","url":"https:\/\/www.goldenchef.cn\/","logo":{"@id":"https:\/\/www.goldenchef.cn\/product\/bakery-equipment\/bakery-proofer\/f-32l\/#local-main-organization-logo"},"image":{"@id":"https:\/\/www.goldenchef.cn\/product\/bakery-equipment\/bakery-proofer\/f-32l\/#local-main-organization-logo"},"openingHoursSpecification":[{"@type":"OpeningHoursSpecification","dayOfWeek":["Monday","Tuesday","Wednesday","Thursday","Friday","Saturday","Sunday"],"opens":"09:00","closes":"17:00"}]},{"@type":"ImageObject","inLanguage":"de","@id":"https:\/\/www.goldenchef.cn\/product\/bakery-equipment\/bakery-proofer\/f-32l\/#local-main-organization-logo","url":"https:\/\/www.goldenchef.cn\/wp-content\/uploads\/2023\/08\/cropped-200k.png","contentUrl":"https:\/\/www.goldenchef.cn\/wp-content\/uploads\/2023\/08\/cropped-200k.png","width":512,"height":512,"caption":"golden chef machinery"}]},"product_price_amount":"0.00","product_price_currency":"USD","og_availability":"instock","product_availability":"instock","product_condition":"new"},"_links":{"self":[{"href":"https:\/\/www.goldenchef.cn\/de\/wp-json\/wp\/v2\/product\/3947"}],"collection":[{"href":"https:\/\/www.goldenchef.cn\/de\/wp-json\/wp\/v2\/product"}],"about":[{"href":"https:\/\/www.goldenchef.cn\/de\/wp-json\/wp\/v2\/types\/product"}],"replies":[{"embeddable":true,"href":"https:\/\/www.goldenchef.cn\/de\/wp-json\/wp\/v2\/comments?post=3947"}],"wp:featuredmedia":[{"embeddable":true,"href":"https:\/\/www.goldenchef.cn\/de\/wp-json\/wp\/v2\/media\/6020"}],"wp:attachment":[{"href":"https:\/\/www.goldenchef.cn\/de\/wp-json\/wp\/v2\/media?parent=3947"}],"wp:term":[{"taxonomy":"product_brand","embeddable":true,"href":"https:\/\/www.goldenchef.cn\/de\/wp-json\/wp\/v2\/product_brand?post=3947"},{"taxonomy":"product_cat","embeddable":true,"href":"https:\/\/www.goldenchef.cn\/de\/wp-json\/wp\/v2\/product_cat?post=3947"},{"taxonomy":"product_tag","embeddable":true,"href":"https:\/\/www.goldenchef.cn\/de\/wp-json\/wp\/v2\/product_tag?post=3947"}],"curies":[{"name":"wp","href":"https:\/\/api.w.org\/{rel}","templated":true}]}}