{"id":3950,"date":"2022-11-09T11:45:52","date_gmt":"2022-11-09T03:45:52","guid":{"rendered":"http:\/\/www.goldenchef.cn\/?post_type=product&#038;p=3950"},"modified":"2024-11-01T16:31:54","modified_gmt":"2024-11-01T08:31:54","slug":"chicken-plucker","status":"publish","type":"product","link":"https:\/\/www.goldenchef.cn\/de\/produkt\/meat-processing-machinery\/plucker\/chicken-plucker\/","title":{"rendered":"H\u00fchnerrupfer\/Rupfer\/Feder\/Rupfmaschine\/Taube\/Vogel\/Batidora"},"content":{"rendered":"<p><strong>H\u00fchnerzupfmaschine | <a href=\"https:\/\/www.goldenchef.cn\/de\/service\/meat-vegetable-machinery\/\">Andere Fleischverarbeitungsmaschinen<\/a><\/strong><\/p>\n<p>Setzen Sie sich mit uns in Verbindung, um den Fabrikpreis zu erhalten.<\/p>\n<p class=\"pro_des_top\"><span class=\"attr-name J-attr-name\" title=\"Spannung\">Spannung: <\/span>220V<\/p>\n<p><span class=\"attr-name J-attr-name\" title=\"Material\">Material: <\/span>Rostfreier Stahl<\/p>\n<p><span class=\"attr-name J-attr-name\" title=\"Gewicht\">Gewicht: <\/span>57 KG<\/p>\n<p><span class=\"attr-name J-attr-name\" title=\"Abmessung (L*B*H)\">Abmessung (L*B*H): <\/span>690*690*1065mm<\/p>\n<ul>\n<li><strong>Huhn Pfl\u00fccker Maschine nehmen die Edelstahl, einzigartiges Design, fortschrittliche Technologie, reibungslosen Betrieb, einfache Bedienung.<\/strong><\/li>\n<li><strong>Die Maschine f\u00fcr die Federn nehmen bieten das Ger\u00e4usch ist gering, flexibel und bequem Einstellung.<\/strong><\/li>\n<li><strong>Die Maschine sehr bequem f\u00fcr die Einstellung und den Winkel, wenn Sie ben\u00f6tigen.<\/strong><\/li>\n<li><strong>Leicht zu reinigen: Maximale Hygiene durch die sorgf\u00e4ltige Auswahl von Materialien, die mit Lebensmitteln in Ber\u00fchrung kommen, und durch die Beseitigung von scharfen Kanten an den Teilen, die mit dem Produkt in Ber\u00fchrung kommen, so dass eine einfache und gr\u00fcndliche Reinigung gew\u00e4hrleistet ist.<\/strong><\/li>\n<li><strong>S.Steel Struktur: Das Geh\u00e4use der Kartoffelsch\u00e4lmaschine ist komplett aus Edelstahl gefertigt, alle Komponenten sind robust und stabil.<\/strong><\/li>\n<li><strong>T\u00fcr mit Schloss: Die Entladet\u00fcr mit Schloss l\u00e4sst sich leicht \u00f6ffnen und schlie\u00dfen.<\/strong><\/li>\n<li><strong>Breite Anwendung: Breiter Anwendungsbereich und besonders geeignet f\u00fcr den Einsatz in verschiedenen Sterne-Hotels, Pensionen, Restaurants und Snackbars.<\/strong><\/li>\n<li><strong>Innenw\u00e4nde: Die Innenw\u00e4nde des Beh\u00e4lters sind aus abrasivem Harz, um einen h\u00f6heren Abrieb mit dem zu verarbeitenden Produkt zu erm\u00f6glichen.<\/strong><\/li>\n<\/ul>","protected":false},"excerpt":{"rendered":"<ul>\n<li>Marke: Mondo Cucina<\/li>\n<li>Sichere Abdeckung<\/li>\n<li>Doppelt sicherer Schalter<\/li>\n<li>Notfall-Taste<\/li>\n<li>Struktur aus Aluminiumlegierung<\/li>\n<li>Lebensmittelhygienestandard<\/li>\n<li>Einfache Bedienung<\/li>\n<li>Hocheffizient<\/li>\n<\/ul>","protected":false},"featured_media":6018,"comment_status":"closed","ping_status":"closed","template":"","meta":[],"product_brand":[],"product_cat":[52,91],"product_tag":[],"class_list":{"0":"post-3950","1":"product","2":"type-product","3":"status-publish","4":"has-post-thumbnail","6":"product_cat-meat-processing-machinery","7":"product_cat-plucker","9":"first","10":"instock","11":"shipping-taxable","12":"product-type-simple"},"yoast_head":"<!-- This site is optimized with the Yoast SEO Premium plugin v22.5 (Yoast SEO v22.8) - https:\/\/yoast.com\/wordpress\/plugins\/seo\/ -->\n<title>Electric Chicken Plucker Machine | Duck Plucker Stainless Steel<\/title>\n<meta name=\"description\" content=\"chicken plucker machine adopt the stainless steel, unique design, advanced technology, smooth operation, simple operation.\" \/>\n<meta name=\"robots\" content=\"index, follow, max-snippet:-1, max-image-preview:large, max-video-preview:-1\" \/>\n<link rel=\"canonical\" href=\"https:\/\/www.goldenchef.cn\/de\/produkt\/meat-processing-machinery\/plucker\/chicken-plucker\/\" \/>\n<meta property=\"og:locale\" content=\"de_DE\" \/>\n<meta property=\"og:type\" content=\"article\" \/>\n<meta property=\"og:title\" content=\"chicken plucker \/plucker\/feather\/plucking machine\/pigeon\/bird\/Batidora\" \/>\n<meta property=\"og:description\" content=\"chicken plucker machine adopt the stainless steel, unique design, advanced technology, smooth operation, simple operation.\" \/>\n<meta property=\"og:url\" content=\"https:\/\/www.goldenchef.cn\/de\/produkt\/meat-processing-machinery\/plucker\/chicken-plucker\/\" \/>\n<meta property=\"og:site_name\" content=\"golden chef machinery\" \/>\n<meta property=\"article:modified_time\" content=\"2024-11-01T08:31:54+00:00\" \/>\n<meta property=\"og:image\" content=\"http:\/\/www.goldenchef.cn\/wp-content\/uploads\/2022\/11\/13-2.jpg\" \/>\n\t<meta property=\"og:image:width\" content=\"800\" \/>\n\t<meta property=\"og:image:height\" content=\"800\" \/>\n\t<meta property=\"og:image:type\" content=\"image\/jpeg\" \/>\n<meta name=\"twitter:card\" content=\"summary_large_image\" \/>\n<meta name=\"twitter:label1\" content=\"Preis\" \/>\n\t<meta name=\"twitter:data1\" content=\"\" \/>\n\t<meta name=\"twitter:label2\" content=\"Verf\u00fcgbarkeit\" \/>\n\t<meta name=\"twitter:data2\" content=\"Auf Lager\" \/>\n<script type=\"application\/ld+json\" class=\"yoast-schema-graph\">{\"@context\":\"https:\/\/schema.org\",\"@graph\":[{\"@type\":\"WebPage\",\"@id\":\"https:\/\/www.goldenchef.cn\/product\/meat-processing-machinery\/plucker\/chicken-plucker\/\",\"url\":\"https:\/\/www.goldenchef.cn\/product\/meat-processing-machinery\/plucker\/chicken-plucker\/\",\"name\":\"Electric Chicken Plucker Machine | Duck Plucker Stainless Steel\",\"isPartOf\":{\"@id\":\"https:\/\/www.goldenchef.cn\/#website\"},\"primaryImageOfPage\":{\"@id\":\"https:\/\/www.goldenchef.cn\/product\/meat-processing-machinery\/plucker\/chicken-plucker\/#primaryimage\"},\"image\":{\"@id\":\"https:\/\/www.goldenchef.cn\/product\/meat-processing-machinery\/plucker\/chicken-plucker\/#primaryimage\"},\"thumbnailUrl\":\"https:\/\/www.goldenchef.cn\/wp-content\/uploads\/2022\/11\/13-2.jpg\",\"datePublished\":\"2022-11-09T03:45:52+00:00\",\"dateModified\":\"2024-11-01T08:31:54+00:00\",\"description\":\"chicken plucker machine adopt the stainless steel, unique design, advanced technology, smooth operation, simple operation.\",\"breadcrumb\":{\"@id\":\"https:\/\/www.goldenchef.cn\/product\/meat-processing-machinery\/plucker\/chicken-plucker\/#breadcrumb\"},\"inLanguage\":\"de\",\"potentialAction\":[{\"@type\":\"ReadAction\",\"target\":[\"https:\/\/www.goldenchef.cn\/product\/meat-processing-machinery\/plucker\/chicken-plucker\/\"]}]},{\"@type\":\"ImageObject\",\"inLanguage\":\"de\",\"@id\":\"https:\/\/www.goldenchef.cn\/product\/meat-processing-machinery\/plucker\/chicken-plucker\/#primaryimage\",\"url\":\"https:\/\/www.goldenchef.cn\/wp-content\/uploads\/2022\/11\/13-2.jpg\",\"contentUrl\":\"https:\/\/www.goldenchef.cn\/wp-content\/uploads\/2022\/11\/13-2.jpg\",\"width\":800,\"height\":800,\"caption\":\"chicken plucker, plucker, electric chicken plucker,\"},{\"@type\":\"BreadcrumbList\",\"@id\":\"https:\/\/www.goldenchef.cn\/product\/meat-processing-machinery\/plucker\/chicken-plucker\/#breadcrumb\",\"itemListElement\":[{\"@type\":\"ListItem\",\"position\":1,\"name\":\"homepage\",\"item\":\"https:\/\/www.goldenchef.cn\/\"},{\"@type\":\"ListItem\",\"position\":2,\"name\":\"All Product\",\"item\":\"https:\/\/www.goldenchef.cn\/shop\/\"},{\"@type\":\"ListItem\",\"position\":3,\"name\":\"chicken plucker \/plucker\/feather\/plucking machine\/pigeon\/bird\/Batidora\"}]},{\"@type\":\"WebSite\",\"@id\":\"https:\/\/www.goldenchef.cn\/#website\",\"url\":\"https:\/\/www.goldenchef.cn\/\",\"name\":\"golden chef machinery\",\"description\":\"If kitchen have dream, we are dream maker\",\"publisher\":{\"@id\":\"https:\/\/www.goldenchef.cn\/#organization\"},\"potentialAction\":[{\"@type\":\"SearchAction\",\"target\":{\"@type\":\"EntryPoint\",\"urlTemplate\":\"https:\/\/www.goldenchef.cn\/?s={search_term_string}\"},\"query-input\":\"required name=search_term_string\"}],\"inLanguage\":\"de\"},{\"@type\":[\"Organization\",\"Place\"],\"@id\":\"https:\/\/www.goldenchef.cn\/#organization\",\"name\":\"golden chef machinery\",\"url\":\"https:\/\/www.goldenchef.cn\/\",\"logo\":{\"@id\":\"https:\/\/www.goldenchef.cn\/product\/meat-processing-machinery\/plucker\/chicken-plucker\/#local-main-organization-logo\"},\"image\":{\"@id\":\"https:\/\/www.goldenchef.cn\/product\/meat-processing-machinery\/plucker\/chicken-plucker\/#local-main-organization-logo\"},\"openingHoursSpecification\":[{\"@type\":\"OpeningHoursSpecification\",\"dayOfWeek\":[\"Monday\",\"Tuesday\",\"Wednesday\",\"Thursday\",\"Friday\",\"Saturday\",\"Sunday\"],\"opens\":\"09:00\",\"closes\":\"17:00\"}]},{\"@type\":\"ImageObject\",\"inLanguage\":\"de\",\"@id\":\"https:\/\/www.goldenchef.cn\/product\/meat-processing-machinery\/plucker\/chicken-plucker\/#local-main-organization-logo\",\"url\":\"https:\/\/www.goldenchef.cn\/wp-content\/uploads\/2023\/08\/cropped-200k.png\",\"contentUrl\":\"https:\/\/www.goldenchef.cn\/wp-content\/uploads\/2023\/08\/cropped-200k.png\",\"width\":512,\"height\":512,\"caption\":\"golden chef machinery\"}]}<\/script>\n<meta property=\"product:price:amount\" content=\"0.00\" \/>\n<meta property=\"product:price:currency\" content=\"USD\" \/>\n<meta property=\"og:availability\" content=\"instock\" \/>\n<meta property=\"product:availability\" content=\"instock\" \/>\n<meta property=\"product:condition\" content=\"new\" \/>\n<!-- \/ Yoast SEO Premium plugin. -->","yoast_head_json":{"title":"Electric Chicken Plucker Machine | Duck Plucker Stainless Steel","description":"chicken plucker machine adopt the stainless steel, unique design, advanced technology, smooth operation, simple operation.","robots":{"index":"index","follow":"follow","max-snippet":"max-snippet:-1","max-image-preview":"max-image-preview:large","max-video-preview":"max-video-preview:-1"},"canonical":"https:\/\/www.goldenchef.cn\/de\/produkt\/meat-processing-machinery\/plucker\/chicken-plucker\/","og_locale":"de_DE","og_type":"article","og_title":"chicken plucker \/plucker\/feather\/plucking machine\/pigeon\/bird\/Batidora","og_description":"chicken plucker machine adopt the stainless steel, unique design, advanced technology, smooth operation, simple operation.","og_url":"https:\/\/www.goldenchef.cn\/de\/produkt\/meat-processing-machinery\/plucker\/chicken-plucker\/","og_site_name":"golden chef machinery","article_modified_time":"2024-11-01T08:31:54+00:00","og_image":[{"width":800,"height":800,"url":"http:\/\/www.goldenchef.cn\/wp-content\/uploads\/2022\/11\/13-2.jpg","type":"image\/jpeg"}],"twitter_card":"summary_large_image","twitter_misc":{"Preis":"","Verf\u00fcgbarkeit":"Auf Lager"},"schema":{"@context":"https:\/\/schema.org","@graph":[{"@type":"WebPage","@id":"https:\/\/www.goldenchef.cn\/product\/meat-processing-machinery\/plucker\/chicken-plucker\/","url":"https:\/\/www.goldenchef.cn\/product\/meat-processing-machinery\/plucker\/chicken-plucker\/","name":"Electric Chicken Plucker Machine | Duck Plucker Stainless Steel","isPartOf":{"@id":"https:\/\/www.goldenchef.cn\/#website"},"primaryImageOfPage":{"@id":"https:\/\/www.goldenchef.cn\/product\/meat-processing-machinery\/plucker\/chicken-plucker\/#primaryimage"},"image":{"@id":"https:\/\/www.goldenchef.cn\/product\/meat-processing-machinery\/plucker\/chicken-plucker\/#primaryimage"},"thumbnailUrl":"https:\/\/www.goldenchef.cn\/wp-content\/uploads\/2022\/11\/13-2.jpg","datePublished":"2022-11-09T03:45:52+00:00","dateModified":"2024-11-01T08:31:54+00:00","description":"chicken plucker machine adopt the stainless steel, unique design, advanced technology, smooth operation, simple operation.","breadcrumb":{"@id":"https:\/\/www.goldenchef.cn\/product\/meat-processing-machinery\/plucker\/chicken-plucker\/#breadcrumb"},"inLanguage":"de","potentialAction":[{"@type":"ReadAction","target":["https:\/\/www.goldenchef.cn\/product\/meat-processing-machinery\/plucker\/chicken-plucker\/"]}]},{"@type":"ImageObject","inLanguage":"de","@id":"https:\/\/www.goldenchef.cn\/product\/meat-processing-machinery\/plucker\/chicken-plucker\/#primaryimage","url":"https:\/\/www.goldenchef.cn\/wp-content\/uploads\/2022\/11\/13-2.jpg","contentUrl":"https:\/\/www.goldenchef.cn\/wp-content\/uploads\/2022\/11\/13-2.jpg","width":800,"height":800,"caption":"chicken plucker, plucker, electric chicken plucker,"},{"@type":"BreadcrumbList","@id":"https:\/\/www.goldenchef.cn\/product\/meat-processing-machinery\/plucker\/chicken-plucker\/#breadcrumb","itemListElement":[{"@type":"ListItem","position":1,"name":"homepage","item":"https:\/\/www.goldenchef.cn\/"},{"@type":"ListItem","position":2,"name":"All Product","item":"https:\/\/www.goldenchef.cn\/shop\/"},{"@type":"ListItem","position":3,"name":"chicken plucker \/plucker\/feather\/plucking machine\/pigeon\/bird\/Batidora"}]},{"@type":"WebSite","@id":"https:\/\/www.goldenchef.cn\/#website","url":"https:\/\/www.goldenchef.cn\/","name":"golden chef machinery","description":"If kitchen have dream, we are dream maker","publisher":{"@id":"https:\/\/www.goldenchef.cn\/#organization"},"potentialAction":[{"@type":"SearchAction","target":{"@type":"EntryPoint","urlTemplate":"https:\/\/www.goldenchef.cn\/?s={search_term_string}"},"query-input":"required name=search_term_string"}],"inLanguage":"de"},{"@type":["Organization","Place"],"@id":"https:\/\/www.goldenchef.cn\/#organization","name":"golden chef machinery","url":"https:\/\/www.goldenchef.cn\/","logo":{"@id":"https:\/\/www.goldenchef.cn\/product\/meat-processing-machinery\/plucker\/chicken-plucker\/#local-main-organization-logo"},"image":{"@id":"https:\/\/www.goldenchef.cn\/product\/meat-processing-machinery\/plucker\/chicken-plucker\/#local-main-organization-logo"},"openingHoursSpecification":[{"@type":"OpeningHoursSpecification","dayOfWeek":["Monday","Tuesday","Wednesday","Thursday","Friday","Saturday","Sunday"],"opens":"09:00","closes":"17:00"}]},{"@type":"ImageObject","inLanguage":"de","@id":"https:\/\/www.goldenchef.cn\/product\/meat-processing-machinery\/plucker\/chicken-plucker\/#local-main-organization-logo","url":"https:\/\/www.goldenchef.cn\/wp-content\/uploads\/2023\/08\/cropped-200k.png","contentUrl":"https:\/\/www.goldenchef.cn\/wp-content\/uploads\/2023\/08\/cropped-200k.png","width":512,"height":512,"caption":"golden chef machinery"}]},"product_price_amount":"0.00","product_price_currency":"USD","og_availability":"instock","product_availability":"instock","product_condition":"new"},"_links":{"self":[{"href":"https:\/\/www.goldenchef.cn\/de\/wp-json\/wp\/v2\/product\/3950"}],"collection":[{"href":"https:\/\/www.goldenchef.cn\/de\/wp-json\/wp\/v2\/product"}],"about":[{"href":"https:\/\/www.goldenchef.cn\/de\/wp-json\/wp\/v2\/types\/product"}],"replies":[{"embeddable":true,"href":"https:\/\/www.goldenchef.cn\/de\/wp-json\/wp\/v2\/comments?post=3950"}],"wp:featuredmedia":[{"embeddable":true,"href":"https:\/\/www.goldenchef.cn\/de\/wp-json\/wp\/v2\/media\/6018"}],"wp:attachment":[{"href":"https:\/\/www.goldenchef.cn\/de\/wp-json\/wp\/v2\/media?parent=3950"}],"wp:term":[{"taxonomy":"product_brand","embeddable":true,"href":"https:\/\/www.goldenchef.cn\/de\/wp-json\/wp\/v2\/product_brand?post=3950"},{"taxonomy":"product_cat","embeddable":true,"href":"https:\/\/www.goldenchef.cn\/de\/wp-json\/wp\/v2\/product_cat?post=3950"},{"taxonomy":"product_tag","embeddable":true,"href":"https:\/\/www.goldenchef.cn\/de\/wp-json\/wp\/v2\/product_tag?post=3950"}],"curies":[{"name":"wp","href":"https:\/\/api.w.org\/{rel}","templated":true}]}}