{"id":4001,"date":"2022-11-09T15:42:00","date_gmt":"2022-11-09T07:42:00","guid":{"rendered":"http:\/\/www.goldenchef.cn\/?post_type=product&#038;p=4001"},"modified":"2024-11-01T16:03:24","modified_gmt":"2024-11-01T08:03:24","slug":"atp8","status":"publish","type":"product","link":"https:\/\/www.goldenchef.cn\/de\/produkt\/vegetable-processing-machinery\/atp8\/","title":{"rendered":"ATP8 Kommerzielle elektrische Kartoffelsch\u00e4lmaschine aus Edelstahl"},"content":{"rendered":"<p>Elektrische Kartoffelsch\u00e4lmaschine | <a href=\"https:\/\/youtu.be\/IlE9qJ1YgjQ?si=y5LFp2pE-M-RkNfd\">Gewerblicher Kartoffelsch\u00e4ler<\/a><\/p>\n<p>Spannung: 220V<\/p>\n<p>Leistung: 1.1kW<\/p>\n<p>Geschwindigkeit (U\/min): 270kg\/h<\/p>\n<p>N.W.: 55kg<\/p>\n<ul>\n<li><strong>Elektrische Kartoffelsch\u00e4ler nehmen die Edelstahl, einzigartiges Design, fortschrittliche Technologie, reibungslosen Betrieb, einfache Bedienung.<\/strong><\/li>\n<li><strong>Kommerzielle Kartoffelsch\u00e4lmaschine f\u00fcr Feder nehmen bieten das Ger\u00e4usch ist gering, flexibel und bequem Einstellung.<\/strong><\/li>\n<li><strong>Die Maschine ist sehr bequem zu justieren und der Winkel.<\/strong><\/li>\n<li><strong>Einfache Reinigung: Maximale Hygiene durch die sorgf\u00e4ltige Auswahl der Materialien, die mit den Lebensmitteln in Ber\u00fchrung kommen, und durch die Beseitigung von scharfen Kanten an den Teilen, die mit dem Produkt in Ber\u00fchrung kommen, so dass eine einfache und gr\u00fcndliche Reinigung gew\u00e4hrleistet ist.<\/strong><\/li>\n<li><strong>S.Steel Struktur: Das Geh\u00e4use der Kartoffelsch\u00e4lmaschine ist komplett aus Edelstahl gefertigt, alle Komponenten sind robust und stabil.<\/strong><\/li>\n<li><strong>T\u00fcr mit Schloss: Die Entladet\u00fcr mit Schloss l\u00e4sst sich leicht \u00f6ffnen und schlie\u00dfen.<\/strong><\/li>\n<li><strong>Breite Anwendung: breiter Anwendungsbereich und besonders geeignet f\u00fcr den Einsatz in verschiedenen Sterne-Hotels, Pensionen, Restaurants und Snackbars.<\/strong><\/li>\n<li><strong>Innenw\u00e4nde: Die Innenw\u00e4nde des Beh\u00e4lters sind aus abrasivem Harz, um einen h\u00f6heren Abrieb mit dem zu verarbeitenden Produkt zu erm\u00f6glichen.<\/strong><\/li>\n<\/ul>\n<p><iframe title=\"YouTube-Video-Player\" src=\"https:\/\/www.youtube.com\/embed\/IlE9qJ1YgjQ\" width=\"560\" height=\"315\" frameborder=\"0\" allowfullscreen=\"allowfullscreen\"><\/iframe><\/p>\n<p>GOLDEN CHEF konzentriert sich auf die Entwicklung und den Ausbau von Mehlverarbeitungsmaschinen, Fleischverarbeitungsmaschinen und Gem\u00fcseverarbeitungsmaschinen.<\/p>\n<p>Es gibt 3 professionelle Maschinenreihen, 28 Serienprodukte mit 200 Modellen, die in Sternhotels, staatlichen Restaurants, B\u00e4ckereien und lebensmittelverarbeitenden Unternehmen weit verbreitet sind.<\/p>\n<p>Wir verf\u00fcgen \u00fcber Pr\u00e4zisionspr\u00fcfger\u00e4te, gro\u00dfe Laserschneidmaschinen, automatische Bearbeitungszentren, Schwei\u00dfroboter und andere hochpr\u00e4zise Produktionsanlagen sowie ein weit verbreitetes intelligentes industrielles Informationskontrollsystem, das hohe Qualit\u00e4t gew\u00e4hrleistet und die Produktionseffizienz steigert.<\/p>","protected":false},"excerpt":{"rendered":"<ul>\n<li>Marke: Mondo Cucina<\/li>\n<li>Professionelle Ausr\u00fcstung<\/li>\n<li>Einfache Bedienung mit verstellbarem S\u00e4geblatt<\/li>\n<li>Arbeitstisch, Abstandseinstellplatte<\/li>\n<li>Klinge aus rostfreiem Stahl<\/li>\n<li>Geeignet f\u00fcr K\u00fcchen und Fabriken<\/li>\n<li>Leicht zu s\u00e4ubern<\/li>\n<\/ul>","protected":false},"featured_media":6007,"comment_status":"closed","ping_status":"closed","template":"","meta":[],"product_brand":[],"product_cat":[97,53],"product_tag":[],"class_list":{"0":"post-4001","1":"product","2":"type-product","3":"status-publish","4":"has-post-thumbnail","6":"product_cat-potato-peeler","7":"product_cat-vegetable-processing-machinery","9":"first","10":"instock","11":"shipping-taxable","12":"product-type-simple"},"yoast_head":"<!-- This site is optimized with the Yoast SEO Premium plugin v22.5 (Yoast SEO v22.8) - https:\/\/yoast.com\/wordpress\/plugins\/seo\/ -->\n<title>Electric Potato Peeler Machine Commercial Video?<\/title>\n<meta name=\"description\" content=\"Golden Chef is the manufacturer of food equipment and bakery machinery. Contact with us to get factory price for electric potato peeler\" \/>\n<meta name=\"robots\" content=\"index, follow, max-snippet:-1, max-image-preview:large, max-video-preview:-1\" \/>\n<link rel=\"canonical\" href=\"https:\/\/www.goldenchef.cn\/de\/produkt\/vegetable-processing-machinery\/atp8\/\" \/>\n<meta property=\"og:locale\" content=\"de_DE\" \/>\n<meta property=\"og:type\" content=\"article\" \/>\n<meta property=\"og:title\" content=\"ATP8 Commercial Stainless Steel Electric Potato Peeler Machine\" \/>\n<meta property=\"og:description\" content=\"Golden Chef is the manufacturer of food equipment and bakery machinery. Contact with us to get factory price for electric potato peeler\" \/>\n<meta property=\"og:url\" content=\"https:\/\/www.goldenchef.cn\/de\/produkt\/vegetable-processing-machinery\/atp8\/\" \/>\n<meta property=\"og:site_name\" content=\"golden chef machinery\" \/>\n<meta property=\"article:modified_time\" content=\"2024-11-01T08:03:24+00:00\" \/>\n<meta property=\"og:image\" content=\"https:\/\/www.goldenchef.cn\/wp-content\/uploads\/2022\/11\/175.jpg\" \/>\n\t<meta property=\"og:image:width\" content=\"800\" \/>\n\t<meta property=\"og:image:height\" content=\"800\" \/>\n\t<meta property=\"og:image:type\" content=\"image\/jpeg\" \/>\n<meta name=\"twitter:card\" content=\"summary_large_image\" \/>\n<meta name=\"twitter:label1\" content=\"Preis\" \/>\n\t<meta name=\"twitter:data1\" content=\"\" \/>\n\t<meta name=\"twitter:label2\" content=\"Verf\u00fcgbarkeit\" \/>\n\t<meta name=\"twitter:data2\" content=\"Auf Lager\" \/>\n<script type=\"application\/ld+json\" class=\"yoast-schema-graph\">{\"@context\":\"https:\/\/schema.org\",\"@graph\":[{\"@type\":\"WebPage\",\"@id\":\"https:\/\/www.goldenchef.cn\/product\/vegetable-processing-machinery\/atp8\/\",\"url\":\"https:\/\/www.goldenchef.cn\/product\/vegetable-processing-machinery\/atp8\/\",\"name\":\"Electric Potato Peeler Machine Commercial Video?\",\"isPartOf\":{\"@id\":\"https:\/\/www.goldenchef.cn\/#website\"},\"primaryImageOfPage\":{\"@id\":\"https:\/\/www.goldenchef.cn\/product\/vegetable-processing-machinery\/atp8\/#primaryimage\"},\"image\":{\"@id\":\"https:\/\/www.goldenchef.cn\/product\/vegetable-processing-machinery\/atp8\/#primaryimage\"},\"thumbnailUrl\":\"https:\/\/www.goldenchef.cn\/wp-content\/uploads\/2022\/11\/175.jpg\",\"datePublished\":\"2022-11-09T07:42:00+00:00\",\"dateModified\":\"2024-11-01T08:03:24+00:00\",\"description\":\"Golden Chef is the manufacturer of food equipment and bakery machinery. Contact with us to get factory price for electric potato peeler\",\"breadcrumb\":{\"@id\":\"https:\/\/www.goldenchef.cn\/product\/vegetable-processing-machinery\/atp8\/#breadcrumb\"},\"inLanguage\":\"de\",\"potentialAction\":[{\"@type\":\"ReadAction\",\"target\":[\"https:\/\/www.goldenchef.cn\/product\/vegetable-processing-machinery\/atp8\/\"]}]},{\"@type\":\"ImageObject\",\"inLanguage\":\"de\",\"@id\":\"https:\/\/www.goldenchef.cn\/product\/vegetable-processing-machinery\/atp8\/#primaryimage\",\"url\":\"https:\/\/www.goldenchef.cn\/wp-content\/uploads\/2022\/11\/175.jpg\",\"contentUrl\":\"https:\/\/www.goldenchef.cn\/wp-content\/uploads\/2022\/11\/175.jpg\",\"width\":800,\"height\":800,\"caption\":\"electric potato peeler, potato peeler machine, commercial potato peeler\"},{\"@type\":\"BreadcrumbList\",\"@id\":\"https:\/\/www.goldenchef.cn\/product\/vegetable-processing-machinery\/atp8\/#breadcrumb\",\"itemListElement\":[{\"@type\":\"ListItem\",\"position\":1,\"name\":\"homepage\",\"item\":\"https:\/\/www.goldenchef.cn\/\"},{\"@type\":\"ListItem\",\"position\":2,\"name\":\"All Product\",\"item\":\"https:\/\/www.goldenchef.cn\/shop\/\"},{\"@type\":\"ListItem\",\"position\":3,\"name\":\"ATP8 Commercial Stainless Steel Electric Potato Peeler Machine\"}]},{\"@type\":\"WebSite\",\"@id\":\"https:\/\/www.goldenchef.cn\/#website\",\"url\":\"https:\/\/www.goldenchef.cn\/\",\"name\":\"golden chef machinery\",\"description\":\"If kitchen have dream, we are dream maker\",\"publisher\":{\"@id\":\"https:\/\/www.goldenchef.cn\/#organization\"},\"potentialAction\":[{\"@type\":\"SearchAction\",\"target\":{\"@type\":\"EntryPoint\",\"urlTemplate\":\"https:\/\/www.goldenchef.cn\/?s={search_term_string}\"},\"query-input\":\"required name=search_term_string\"}],\"inLanguage\":\"de\"},{\"@type\":[\"Organization\",\"Place\"],\"@id\":\"https:\/\/www.goldenchef.cn\/#organization\",\"name\":\"golden chef machinery\",\"url\":\"https:\/\/www.goldenchef.cn\/\",\"logo\":{\"@id\":\"https:\/\/www.goldenchef.cn\/product\/vegetable-processing-machinery\/atp8\/#local-main-organization-logo\"},\"image\":{\"@id\":\"https:\/\/www.goldenchef.cn\/product\/vegetable-processing-machinery\/atp8\/#local-main-organization-logo\"},\"openingHoursSpecification\":[{\"@type\":\"OpeningHoursSpecification\",\"dayOfWeek\":[\"Monday\",\"Tuesday\",\"Wednesday\",\"Thursday\",\"Friday\",\"Saturday\",\"Sunday\"],\"opens\":\"09:00\",\"closes\":\"17:00\"}]},{\"@type\":\"ImageObject\",\"inLanguage\":\"de\",\"@id\":\"https:\/\/www.goldenchef.cn\/product\/vegetable-processing-machinery\/atp8\/#local-main-organization-logo\",\"url\":\"https:\/\/www.goldenchef.cn\/wp-content\/uploads\/2023\/08\/cropped-200k.png\",\"contentUrl\":\"https:\/\/www.goldenchef.cn\/wp-content\/uploads\/2023\/08\/cropped-200k.png\",\"width\":512,\"height\":512,\"caption\":\"golden chef machinery\"}]}<\/script>\n<meta property=\"product:price:amount\" content=\"0.00\" \/>\n<meta property=\"product:price:currency\" content=\"USD\" \/>\n<meta property=\"og:availability\" content=\"instock\" \/>\n<meta property=\"product:availability\" content=\"instock\" \/>\n<meta property=\"product:condition\" content=\"new\" \/>\n<!-- \/ Yoast SEO Premium plugin. -->","yoast_head_json":{"title":"Electric Potato Peeler Machine Commercial Video?","description":"Golden Chef is the manufacturer of food equipment and bakery machinery. Contact with us to get factory price for electric potato peeler","robots":{"index":"index","follow":"follow","max-snippet":"max-snippet:-1","max-image-preview":"max-image-preview:large","max-video-preview":"max-video-preview:-1"},"canonical":"https:\/\/www.goldenchef.cn\/de\/produkt\/vegetable-processing-machinery\/atp8\/","og_locale":"de_DE","og_type":"article","og_title":"ATP8 Commercial Stainless Steel Electric Potato Peeler Machine","og_description":"Golden Chef is the manufacturer of food equipment and bakery machinery. Contact with us to get factory price for electric potato peeler","og_url":"https:\/\/www.goldenchef.cn\/de\/produkt\/vegetable-processing-machinery\/atp8\/","og_site_name":"golden chef machinery","article_modified_time":"2024-11-01T08:03:24+00:00","og_image":[{"width":800,"height":800,"url":"https:\/\/www.goldenchef.cn\/wp-content\/uploads\/2022\/11\/175.jpg","type":"image\/jpeg"}],"twitter_card":"summary_large_image","twitter_misc":{"Preis":"","Verf\u00fcgbarkeit":"Auf Lager"},"schema":{"@context":"https:\/\/schema.org","@graph":[{"@type":"WebPage","@id":"https:\/\/www.goldenchef.cn\/product\/vegetable-processing-machinery\/atp8\/","url":"https:\/\/www.goldenchef.cn\/product\/vegetable-processing-machinery\/atp8\/","name":"Electric Potato Peeler Machine Commercial Video?","isPartOf":{"@id":"https:\/\/www.goldenchef.cn\/#website"},"primaryImageOfPage":{"@id":"https:\/\/www.goldenchef.cn\/product\/vegetable-processing-machinery\/atp8\/#primaryimage"},"image":{"@id":"https:\/\/www.goldenchef.cn\/product\/vegetable-processing-machinery\/atp8\/#primaryimage"},"thumbnailUrl":"https:\/\/www.goldenchef.cn\/wp-content\/uploads\/2022\/11\/175.jpg","datePublished":"2022-11-09T07:42:00+00:00","dateModified":"2024-11-01T08:03:24+00:00","description":"Golden Chef is the manufacturer of food equipment and bakery machinery. Contact with us to get factory price for electric potato peeler","breadcrumb":{"@id":"https:\/\/www.goldenchef.cn\/product\/vegetable-processing-machinery\/atp8\/#breadcrumb"},"inLanguage":"de","potentialAction":[{"@type":"ReadAction","target":["https:\/\/www.goldenchef.cn\/product\/vegetable-processing-machinery\/atp8\/"]}]},{"@type":"ImageObject","inLanguage":"de","@id":"https:\/\/www.goldenchef.cn\/product\/vegetable-processing-machinery\/atp8\/#primaryimage","url":"https:\/\/www.goldenchef.cn\/wp-content\/uploads\/2022\/11\/175.jpg","contentUrl":"https:\/\/www.goldenchef.cn\/wp-content\/uploads\/2022\/11\/175.jpg","width":800,"height":800,"caption":"electric potato peeler, potato peeler machine, commercial potato peeler"},{"@type":"BreadcrumbList","@id":"https:\/\/www.goldenchef.cn\/product\/vegetable-processing-machinery\/atp8\/#breadcrumb","itemListElement":[{"@type":"ListItem","position":1,"name":"homepage","item":"https:\/\/www.goldenchef.cn\/"},{"@type":"ListItem","position":2,"name":"All Product","item":"https:\/\/www.goldenchef.cn\/shop\/"},{"@type":"ListItem","position":3,"name":"ATP8 Commercial Stainless Steel Electric Potato Peeler Machine"}]},{"@type":"WebSite","@id":"https:\/\/www.goldenchef.cn\/#website","url":"https:\/\/www.goldenchef.cn\/","name":"golden chef machinery","description":"If kitchen have dream, we are dream maker","publisher":{"@id":"https:\/\/www.goldenchef.cn\/#organization"},"potentialAction":[{"@type":"SearchAction","target":{"@type":"EntryPoint","urlTemplate":"https:\/\/www.goldenchef.cn\/?s={search_term_string}"},"query-input":"required name=search_term_string"}],"inLanguage":"de"},{"@type":["Organization","Place"],"@id":"https:\/\/www.goldenchef.cn\/#organization","name":"golden chef machinery","url":"https:\/\/www.goldenchef.cn\/","logo":{"@id":"https:\/\/www.goldenchef.cn\/product\/vegetable-processing-machinery\/atp8\/#local-main-organization-logo"},"image":{"@id":"https:\/\/www.goldenchef.cn\/product\/vegetable-processing-machinery\/atp8\/#local-main-organization-logo"},"openingHoursSpecification":[{"@type":"OpeningHoursSpecification","dayOfWeek":["Monday","Tuesday","Wednesday","Thursday","Friday","Saturday","Sunday"],"opens":"09:00","closes":"17:00"}]},{"@type":"ImageObject","inLanguage":"de","@id":"https:\/\/www.goldenchef.cn\/product\/vegetable-processing-machinery\/atp8\/#local-main-organization-logo","url":"https:\/\/www.goldenchef.cn\/wp-content\/uploads\/2023\/08\/cropped-200k.png","contentUrl":"https:\/\/www.goldenchef.cn\/wp-content\/uploads\/2023\/08\/cropped-200k.png","width":512,"height":512,"caption":"golden chef machinery"}]},"product_price_amount":"0.00","product_price_currency":"USD","og_availability":"instock","product_availability":"instock","product_condition":"new"},"_links":{"self":[{"href":"https:\/\/www.goldenchef.cn\/de\/wp-json\/wp\/v2\/product\/4001"}],"collection":[{"href":"https:\/\/www.goldenchef.cn\/de\/wp-json\/wp\/v2\/product"}],"about":[{"href":"https:\/\/www.goldenchef.cn\/de\/wp-json\/wp\/v2\/types\/product"}],"replies":[{"embeddable":true,"href":"https:\/\/www.goldenchef.cn\/de\/wp-json\/wp\/v2\/comments?post=4001"}],"wp:featuredmedia":[{"embeddable":true,"href":"https:\/\/www.goldenchef.cn\/de\/wp-json\/wp\/v2\/media\/6007"}],"wp:attachment":[{"href":"https:\/\/www.goldenchef.cn\/de\/wp-json\/wp\/v2\/media?parent=4001"}],"wp:term":[{"taxonomy":"product_brand","embeddable":true,"href":"https:\/\/www.goldenchef.cn\/de\/wp-json\/wp\/v2\/product_brand?post=4001"},{"taxonomy":"product_cat","embeddable":true,"href":"https:\/\/www.goldenchef.cn\/de\/wp-json\/wp\/v2\/product_cat?post=4001"},{"taxonomy":"product_tag","embeddable":true,"href":"https:\/\/www.goldenchef.cn\/de\/wp-json\/wp\/v2\/product_tag?post=4001"}],"curies":[{"name":"wp","href":"https:\/\/api.w.org\/{rel}","templated":true}]}}