{"id":4425,"date":"2023-01-03T09:29:01","date_gmt":"2023-01-03T01:29:01","guid":{"rendered":"https:\/\/www.goldenchef.cn\/?post_type=product&#038;p=4425"},"modified":"2026-03-15T22:14:04","modified_gmt":"2026-03-15T14:14:04","slug":"manual-dough-sheeter","status":"publish","type":"product","link":"https:\/\/www.goldenchef.cn\/de\/produkt\/bakery-equipment\/pizza-dough-roller\/manual-dough-sheeter\/","title":{"rendered":"2022 Nudelmaschine Haushalt Pizzateig Manuelle Geb\u00e4ckpresse Pizzateigausrollmaschine Nudelmaschine"},"content":{"rendered":"<p><strong>Manuelle Teigausrollmaschine | <a href=\"https:\/\/www.youtube.com\/@GOLDENCHEFMACHINERY\">Pizzateigroller<\/a><\/strong><\/p>\n<p>Macht das Erzielen makelloser Ergebnisse einfach f\u00fcr:<\/p>\n<ul>\n<li>S\u00fc\u00dfer Zuckerguss<\/li>\n<li>Modellierung von Schokolade<\/li>\n<li>Croissant-Teig<\/li>\n<li>Bl\u00e4tterteig<\/li>\n<li>Zahnfleischpasta<\/li>\n<li>M\u00fcrbeteig<\/li>\n<li>Zuckerpaste<\/li>\n<li>Makellos gemischte F\u00e4rbung<\/li>\n<\/ul>\n<style>#jtg-4427 .modula-item .jtg-social a, .lightbox-socials.jtg-social a{ color: #ffffff }#jtg-4427 .modula-item .jtg-social svg, .lightbox-socials.jtg-social svg { height: 16px; width: 16px }#jtg-4427 .modula-item .jtg-social a:not(:last-child), .lightbox-socials.jtg-social a:not(:last-child) { margin-right: 10px }#jtg-4427 .modula-item .figc {color:#ffffff;}#jtg-4427 .modula-item .modula-item-content { transform: scale(1) }#jtg-4427 { width:100%;}#jtg-4427 .modula-items{height:800px;}@media screen and (max-width: 992px) {#jtg-4427 .modula-items{height:800px;}}@media screen and (max-width: 768px) {#jtg-4427 .modula-items{height:800px;}}#jtg-4427 .modula-items .figc p.description { font-size:14px; }#jtg-4427 .modula-items .figc p.description { color:#ffffff;}#jtg-4427.modula-gallery .modula-item > a, #jtg-4427.modula-gallery .modula-item, #jtg-4427.modula-gallery .modula-item-content > a:not(.modula-no-follow) { cursor:zoom-in; } #jtg-4427.modula-gallery .modula-item-content .modula-no-follow { cursor: default; } @media screen and (max-width:480px){#jtg-4427 .modula-item .figc .jtg-title {  font-size: 12px; }#jtg-4427 .modula-items .figc p.description { color:#ffffff;font-size:10px; }}<\/style>\n<!-- Gallery Container -->\n<div  id=\"jtg-4427\" class=\"modula modula-gallery modula-creative-gallery\" data-config=\"{&quot;height&quot;:800,&quot;tabletHeight&quot;:800,&quot;mobileHeight&quot;:800,&quot;desktopHeight&quot;:800,&quot;enableTwitter&quot;:false,&quot;enableWhatsapp&quot;:false,&quot;enableFacebook&quot;:false,&quot;enablePinterest&quot;:false,&quot;enableLinkedin&quot;:false,&quot;enableEmail&quot;:false,&quot;randomFactor&quot;:0.5,&quot;type&quot;:&quot;creative-gallery&quot;,&quot;columns&quot;:12,&quot;gutter&quot;:10,&quot;mobileGutter&quot;:10,&quot;tabletGutter&quot;:10,&quot;desktopGutter&quot;:10,&quot;enableResponsive&quot;:&quot;0&quot;,&quot;tabletColumns&quot;:&quot;2&quot;,&quot;mobileColumns&quot;:&quot;1&quot;,&quot;lazyLoad&quot;:&quot;1&quot;,&quot;lightboxOpts&quot;:{&quot;loop&quot;:false,&quot;arrows&quot;:true,&quot;toolbar&quot;:true,&quot;keyboard&quot;:true,&quot;wheel&quot;:false,&quot;buttons&quot;:[&quot;close&quot;],&quot;hash&quot;:false,&quot;lang&quot;:&quot;en&quot;,&quot;touch&quot;:false,&quot;protect&quot;:false,&quot;i18n&quot;:{&quot;en&quot;:{&quot;CLOSE&quot;:&quot;Close&quot;,&quot;NEXT&quot;:&quot;Next&quot;,&quot;PREV&quot;:&quot;Previous&quot;,&quot;Error&quot;:&quot;The requested content cannot be loaded. Please try again later.&quot;,&quot;PLAY_START&quot;:&quot;Start slideshow&quot;,&quot;PLAY_STOP&quot;:&quot;Pause slideshow&quot;,&quot;FULL_SCREEN&quot;:&quot;Full screen&quot;,&quot;THUMBS&quot;:&quot;Thumbnails&quot;,&quot;DOWNLOAD&quot;:&quot;Download&quot;,&quot;SHARE&quot;:&quot;Share&quot;,&quot;ZOOM&quot;:&quot;Zoom&quot;}},&quot;clickSlide&quot;:false,&quot;clickOutside&quot;:false,&quot;dblclickContent&quot;:false,&quot;dblclickSlide&quot;:false,&quot;dblclickOutside&quot;:false,&quot;clickContent&quot;:false,&quot;baseTpl&quot;:&quot;&lt;div class=\\&quot;modula-fancybox-container modula-lightbox-jtg-4427\\&quot; role=\\&quot;dialog\\&quot; tabindex=\\&quot;-1\\&quot;&gt;&lt;div class=\\&quot;modula-fancybox-bg\\&quot;&gt;&lt;\\\/div&gt;&lt;div class=\\&quot;modula-fancybox-inner\\&quot;&gt;&lt;div class=\\&quot;modula-fancybox-infobar\\&quot;&gt;&lt;span data-fancybox-index&gt;&lt;\\\/span&gt;&nbsp;\\\/&nbsp;&lt;span data-fancybox-count&gt;&lt;\\\/span&gt;&lt;\\\/div&gt;&lt;div class=\\&quot;modula-fancybox-toolbar\\&quot;&gt;{{buttons}}&lt;\\\/div&gt;&lt;div class=\\&quot;modula-fancybox-navigation\\&quot;&gt;{{arrows}}&lt;\\\/div&gt;&lt;div class=\\&quot;modula-fancybox-stage\\&quot;&gt;&lt;\\\/div&gt;&lt;div class=\\&quot;modula-fancybox-caption\\&quot;&gt;&lt;div class=\\&quot;modula-fancybox-caption__body\\&quot;&gt;&lt;\\\/div&gt;&lt;\\\/div&gt;&lt;\\\/div&gt;&lt;\\\/div&gt;&quot;},&quot;inView&quot;:false,&quot;email_subject&quot;:&quot;Check out this awesome image !!&quot;,&quot;email_message&quot;:&quot;Here is the link to the image : %%image_link%% and this is the link to the gallery : %%gallery_link%%&quot;,&quot;lightbox&quot;:&quot;fancybox&quot;}\">\n\n\t\n\t<!-- Items Container -->\n\t<div  class=\"modula-items\">\n\t\t<div class=\"modula-item effect-pufrobo\" >\n\t<div class=\"modula-item-overlay\"><\/div>\n\n\t<div class=\"modula-item-content\">\n\n\t\t\t\t\n\t\t\t\t\t<a data-image-id=\"4428\" data-elementor-open-lightbox=\"no\" rel=\"jtg-4427\" data-caption=\"\" aria-label=\"Bild im Leuchtkasten \u00f6ffnen\" class=\"tile-inner modula-item-link\"><\/a>\n\t\t\n\t\t<img fetchpriority=\"high\" class=\"pic wp-image-4428 lazyload\"  data-valign=\"middle\" data-halign=\"center\" alt=\"manual dough fondant, dough sheeter machine, dough fondant sheeter\" data-full=\"https:\/\/www.goldenchef.cn\/wp-content\/uploads\/2023\/01\/\u6bd4\u8428\u538b\u9762\u673a\u8be6\u60c5\u9875_01.jpg\" title=\"Manuelle Teigausrollmaschine, Teigausrollmaschine, Teigausrollmaschine f\u00fcr Fondant\" width=\"300\" height=\"241\" data-src=\"https:\/\/www.goldenchef.cn\/wp-content\/uploads\/2023\/01\/\u6bd4\u8428\u538b\u9762\u673a\u8be6\u60c5\u9875_01-300x241.jpg\" data-caption=\"\" data-source=\"modula\" data-srcset=\"https:\/\/www.goldenchef.cn\/wp-content\/uploads\/2023\/01\/\u6bd4\u8428\u538b\u9762\u673a\u8be6\u60c5\u9875_01.jpg 750w, https:\/\/www.goldenchef.cn\/wp-content\/uploads\/2023\/01\/\u6bd4\u8428\u538b\u9762\u673a\u8be6\u60c5\u9875_01-600x482.jpg 600w, https:\/\/www.goldenchef.cn\/wp-content\/uploads\/2023\/01\/\u6bd4\u8428\u538b\u9762\u673a\u8be6\u60c5\u9875_01-300x241.jpg 300w\" data-sizes=\"(max-width: 300px) 100vw, 300px\" \/>\n\t\t<div class=\"figc no-description\">\n\t\t\t<div class=\"figc-inner\">\n\t\t\t\t\t\t\t\t\t\t\t\t\t\t\t<\/div>\n\t\t<\/div>\n\n\t<\/div>\n\n<\/div><div class=\"modula-item effect-pufrobo\" >\n\t<div class=\"modula-item-overlay\"><\/div>\n\n\t<div class=\"modula-item-content\">\n\n\t\t\t\t\n\t\t\t\t\t<a data-image-id=\"4429\" data-elementor-open-lightbox=\"no\" rel=\"jtg-4427\" data-caption=\"\" aria-label=\"Bild im Leuchtkasten \u00f6ffnen\" class=\"tile-inner modula-item-link\"><\/a>\n\t\t\n\t\t<img class=\"pic wp-image-4429 lazyload\"  data-valign=\"middle\" data-halign=\"center\" alt=\"manual dough fondant, dough sheeter machine, dough fondant sheeter\" data-full=\"https:\/\/www.goldenchef.cn\/wp-content\/uploads\/2023\/01\/\u6bd4\u8428\u538b\u9762\u673a\u8be6\u60c5\u9875_02.jpg\" title=\"Manuelle Teigausrollmaschine, Teigausrollmaschine, Teigausrollmaschine f\u00fcr Fondant\" width=\"300\" height=\"259\" data-src=\"https:\/\/www.goldenchef.cn\/wp-content\/uploads\/2023\/01\/\u6bd4\u8428\u538b\u9762\u673a\u8be6\u60c5\u9875_02-300x259.jpg\" data-caption=\"\" data-source=\"modula\" data-srcset=\"https:\/\/www.goldenchef.cn\/wp-content\/uploads\/2023\/01\/\u6bd4\u8428\u538b\u9762\u673a\u8be6\u60c5\u9875_02.jpg 750w, https:\/\/www.goldenchef.cn\/wp-content\/uploads\/2023\/01\/\u6bd4\u8428\u538b\u9762\u673a\u8be6\u60c5\u9875_02-600x518.jpg 600w, https:\/\/www.goldenchef.cn\/wp-content\/uploads\/2023\/01\/\u6bd4\u8428\u538b\u9762\u673a\u8be6\u60c5\u9875_02-300x259.jpg 300w\" data-sizes=\"(max-width: 300px) 100vw, 300px\" \/>\n\t\t<div class=\"figc no-description\">\n\t\t\t<div class=\"figc-inner\">\n\t\t\t\t\t\t\t\t\t\t\t\t\t\t\t<\/div>\n\t\t<\/div>\n\n\t<\/div>\n\n<\/div><div class=\"modula-item effect-pufrobo\" >\n\t<div class=\"modula-item-overlay\"><\/div>\n\n\t<div class=\"modula-item-content\">\n\n\t\t\t\t\n\t\t\t\t\t<a data-image-id=\"4430\" data-elementor-open-lightbox=\"no\" rel=\"jtg-4427\" data-caption=\"\" aria-label=\"Bild im Leuchtkasten \u00f6ffnen\" class=\"tile-inner modula-item-link\"><\/a>\n\t\t\n\t\t<img class=\"pic wp-image-4430 lazyload\"  data-valign=\"middle\" data-halign=\"center\" alt=\"manual dough fondant, dough sheeter machine, dough fondant sheeter\" data-full=\"https:\/\/www.goldenchef.cn\/wp-content\/uploads\/2023\/01\/\u6bd4\u8428\u538b\u9762\u673a\u8be6\u60c5\u9875_03.jpg\" title=\"\u6bd4\u8428\u538b\u9762\u673a\u8be6\u60c5\u9875_03\" width=\"300\" height=\"192\" data-src=\"https:\/\/www.goldenchef.cn\/wp-content\/uploads\/2023\/01\/\u6bd4\u8428\u538b\u9762\u673a\u8be6\u60c5\u9875_03-300x192.jpg\" data-caption=\"\" data-source=\"modula\" data-srcset=\"https:\/\/www.goldenchef.cn\/wp-content\/uploads\/2023\/01\/\u6bd4\u8428\u538b\u9762\u673a\u8be6\u60c5\u9875_03.jpg 750w, https:\/\/www.goldenchef.cn\/wp-content\/uploads\/2023\/01\/\u6bd4\u8428\u538b\u9762\u673a\u8be6\u60c5\u9875_03-600x383.jpg 600w, https:\/\/www.goldenchef.cn\/wp-content\/uploads\/2023\/01\/\u6bd4\u8428\u538b\u9762\u673a\u8be6\u60c5\u9875_03-300x192.jpg 300w\" data-sizes=\"(max-width: 300px) 100vw, 300px\" \/>\n\t\t<div class=\"figc no-description\">\n\t\t\t<div class=\"figc-inner\">\n\t\t\t\t\t\t\t\t\t\t\t\t\t\t\t<\/div>\n\t\t<\/div>\n\n\t<\/div>\n\n<\/div><div class=\"modula-item effect-pufrobo\" >\n\t<div class=\"modula-item-overlay\"><\/div>\n\n\t<div class=\"modula-item-content\">\n\n\t\t\t\t\n\t\t\t\t\t<a data-image-id=\"4431\" data-elementor-open-lightbox=\"no\" rel=\"jtg-4427\" data-caption=\"\" aria-label=\"Bild im Leuchtkasten \u00f6ffnen\" class=\"tile-inner modula-item-link\"><\/a>\n\t\t\n\t\t<img loading=\"lazy\" class=\"pic wp-image-4431 lazyload\"  data-valign=\"middle\" data-halign=\"center\" alt=\"manual dough fondant, dough sheeter machine, dough fondant sheeter\" data-full=\"https:\/\/www.goldenchef.cn\/wp-content\/uploads\/2023\/01\/\u6bd4\u8428\u538b\u9762\u673a\u8be6\u60c5\u9875_04.jpg\" title=\"\u6bd4\u8428\u538b\u9762\u673a\u8be6\u60c5\u9875_04\" width=\"300\" height=\"198\" data-src=\"https:\/\/www.goldenchef.cn\/wp-content\/uploads\/2023\/01\/\u6bd4\u8428\u538b\u9762\u673a\u8be6\u60c5\u9875_04-300x198.jpg\" data-caption=\"\" data-source=\"modula\" data-srcset=\"https:\/\/www.goldenchef.cn\/wp-content\/uploads\/2023\/01\/\u6bd4\u8428\u538b\u9762\u673a\u8be6\u60c5\u9875_04.jpg 750w, https:\/\/www.goldenchef.cn\/wp-content\/uploads\/2023\/01\/\u6bd4\u8428\u538b\u9762\u673a\u8be6\u60c5\u9875_04-600x395.jpg 600w, https:\/\/www.goldenchef.cn\/wp-content\/uploads\/2023\/01\/\u6bd4\u8428\u538b\u9762\u673a\u8be6\u60c5\u9875_04-300x198.jpg 300w\" data-sizes=\"(max-width: 300px) 100vw, 300px\" \/>\n\t\t<div class=\"figc no-description\">\n\t\t\t<div class=\"figc-inner\">\n\t\t\t\t\t\t\t\t\t\t\t\t\t\t\t<\/div>\n\t\t<\/div>\n\n\t<\/div>\n\n<\/div><div class=\"modula-item effect-pufrobo\" >\n\t<div class=\"modula-item-overlay\"><\/div>\n\n\t<div class=\"modula-item-content\">\n\n\t\t\t\t\n\t\t\t\t\t<a data-image-id=\"4432\" data-elementor-open-lightbox=\"no\" rel=\"jtg-4427\" data-caption=\"\" aria-label=\"Bild im Leuchtkasten \u00f6ffnen\" class=\"tile-inner modula-item-link\"><\/a>\n\t\t\n\t\t<img loading=\"lazy\" class=\"pic wp-image-4432 lazyload\"  data-valign=\"middle\" data-halign=\"center\" alt=\"manual dough fondant, dough sheeter machine, dough fondant sheeter\" data-full=\"https:\/\/www.goldenchef.cn\/wp-content\/uploads\/2023\/01\/\u6bd4\u8428\u538b\u9762\u673a\u8be6\u60c5\u9875_05.jpg\" title=\"Manuelle Teigausrollmaschine, Teigausrollmaschine, Teigausrollmaschine f\u00fcr Fondant\" width=\"300\" height=\"182\" data-src=\"https:\/\/www.goldenchef.cn\/wp-content\/uploads\/2023\/01\/\u6bd4\u8428\u538b\u9762\u673a\u8be6\u60c5\u9875_05-300x182.jpg\" data-caption=\"\" data-source=\"modula\" data-srcset=\"https:\/\/www.goldenchef.cn\/wp-content\/uploads\/2023\/01\/\u6bd4\u8428\u538b\u9762\u673a\u8be6\u60c5\u9875_05.jpg 750w, https:\/\/www.goldenchef.cn\/wp-content\/uploads\/2023\/01\/\u6bd4\u8428\u538b\u9762\u673a\u8be6\u60c5\u9875_05-600x365.jpg 600w, https:\/\/www.goldenchef.cn\/wp-content\/uploads\/2023\/01\/\u6bd4\u8428\u538b\u9762\u673a\u8be6\u60c5\u9875_05-300x182.jpg 300w\" data-sizes=\"(max-width: 300px) 100vw, 300px\" \/>\n\t\t<div class=\"figc no-description\">\n\t\t\t<div class=\"figc-inner\">\n\t\t\t\t\t\t\t\t\t\t\t\t\t\t\t<\/div>\n\t\t<\/div>\n\n\t<\/div>\n\n<\/div>\t\t\n\t<\/div>\n\n\t\n\t\n\t<script type=\"application\/ld+json\">\n\t{\n\t\t\"@context\": \"http:\/\/schema.org\",\n\t\t\"@type\"   : \"ImageGallery\",\n\t\t\"id\"      : \"https:\/\/www.goldenchef.cn\/de\/wp-json\/wp\/v2\/product\/4425\",\n\t\t\"url\"     : \"https:\/\/www.goldenchef.cn\/de\/wp-json\/wp\/v2\/product\/4425\"\n\t}\n\n    <\/script>\n\n\t\n<\/div>\n<p>Golden Chef Machinery Co. Ltd. ist Hersteller und Exporteur von Lebensmittel- und B\u00e4ckereimaschinen. Unser Unternehmen befindet sich in Guangzhou, der Stadt, in der die Kanton-Messe zwei Mal im Jahr stattfindet. Kontaktieren Sie uns, um den Fabrikpreis f\u00fcr manuelle Teigausrollmaschine zu erhalten<\/p>\n<p>Das Qualit\u00e4tsmanagementsystem ISO9001:2016 wird w\u00e4hrend des gesamten Produktionsprozesses streng eingehalten. In den 30 Jahren seines Bestehens hat sich GOLDENCHEF mit seiner Erfahrung, seinem Wissen und seinen F\u00e4higkeiten einen guten Ruf als einer der f\u00fchrenden Hersteller von Lebensmittel- und B\u00e4ckereimaschinen aufgebaut.<\/p>","protected":false},"excerpt":{"rendered":"<ul>\n<li>Marke: Mondo Cucina<\/li>\n<\/ul>","protected":false},"featured_media":6004,"comment_status":"open","ping_status":"closed","template":"","meta":[],"product_brand":[],"product_cat":[51,88],"product_tag":[],"class_list":{"0":"post-4425","1":"product","2":"type-product","3":"status-publish","4":"has-post-thumbnail","6":"product_cat-bakery-equipment","7":"product_cat-pizza-dough-roller","9":"first","10":"instock","11":"shipping-taxable","12":"product-type-simple"},"yoast_head":"<!-- This site is optimized with the Yoast SEO Premium plugin v22.5 (Yoast SEO v22.8) - https:\/\/yoast.com\/wordpress\/plugins\/seo\/ -->\n<title>Manual Dough Sheeter 2023 Pasta Maker Household Dough Press<\/title>\n<meta name=\"description\" content=\"Golden Chef is the manufacturer &amp; exporter of food equipment and bakery machinery. Contact us to get factory price for manual dough sheeter\" \/>\n<meta name=\"robots\" content=\"index, follow, max-snippet:-1, max-image-preview:large, max-video-preview:-1\" \/>\n<link rel=\"canonical\" href=\"https:\/\/www.goldenchef.cn\/de\/produkt\/bakery-equipment\/pizza-dough-roller\/manual-dough-sheeter\/\" \/>\n<meta property=\"og:locale\" content=\"de_DE\" \/>\n<meta property=\"og:type\" content=\"article\" \/>\n<meta property=\"og:title\" content=\"2022 Pasta Maker Household Pizza Dough Manual Pastry Press Machine Pizza Dough Sheeter Pasta Making Machine\" \/>\n<meta property=\"og:description\" content=\"Golden Chef is the manufacturer &amp; exporter of food equipment and bakery machinery. Contact us to get factory price for manual dough sheeter\" \/>\n<meta property=\"og:url\" content=\"https:\/\/www.goldenchef.cn\/de\/produkt\/bakery-equipment\/pizza-dough-roller\/manual-dough-sheeter\/\" \/>\n<meta property=\"og:site_name\" content=\"golden chef machinery\" \/>\n<meta property=\"article:modified_time\" content=\"2026-03-15T14:14:04+00:00\" \/>\n<meta property=\"og:image\" content=\"http:\/\/www.goldenchef.cn\/wp-content\/uploads\/2023\/01\/216.jpg\" \/>\n\t<meta property=\"og:image:width\" content=\"800\" \/>\n\t<meta property=\"og:image:height\" content=\"800\" \/>\n\t<meta property=\"og:image:type\" content=\"image\/jpeg\" \/>\n<meta name=\"twitter:card\" content=\"summary_large_image\" \/>\n<meta name=\"twitter:label1\" content=\"Preis\" \/>\n\t<meta name=\"twitter:data1\" content=\"\" \/>\n\t<meta name=\"twitter:label2\" content=\"Verf\u00fcgbarkeit\" \/>\n\t<meta name=\"twitter:data2\" content=\"Auf Lager\" \/>\n<script type=\"application\/ld+json\" class=\"yoast-schema-graph\">{\"@context\":\"https:\/\/schema.org\",\"@graph\":[{\"@type\":\"WebPage\",\"@id\":\"https:\/\/www.goldenchef.cn\/product\/bakery-equipment\/pizza-dough-roller\/manual-dough-sheeter\/\",\"url\":\"https:\/\/www.goldenchef.cn\/product\/bakery-equipment\/pizza-dough-roller\/manual-dough-sheeter\/\",\"name\":\"Manual Dough Sheeter 2023 Pasta Maker Household Dough Press\",\"isPartOf\":{\"@id\":\"https:\/\/www.goldenchef.cn\/#website\"},\"primaryImageOfPage\":{\"@id\":\"https:\/\/www.goldenchef.cn\/product\/bakery-equipment\/pizza-dough-roller\/manual-dough-sheeter\/#primaryimage\"},\"image\":{\"@id\":\"https:\/\/www.goldenchef.cn\/product\/bakery-equipment\/pizza-dough-roller\/manual-dough-sheeter\/#primaryimage\"},\"thumbnailUrl\":\"https:\/\/www.goldenchef.cn\/wp-content\/uploads\/2023\/01\/216.jpg\",\"datePublished\":\"2023-01-03T01:29:01+00:00\",\"dateModified\":\"2026-03-15T14:14:04+00:00\",\"description\":\"Golden Chef is the manufacturer & exporter of food equipment and bakery machinery. Contact us to get factory price for manual dough sheeter\",\"breadcrumb\":{\"@id\":\"https:\/\/www.goldenchef.cn\/product\/bakery-equipment\/pizza-dough-roller\/manual-dough-sheeter\/#breadcrumb\"},\"inLanguage\":\"de\",\"potentialAction\":[{\"@type\":\"ReadAction\",\"target\":[\"https:\/\/www.goldenchef.cn\/product\/bakery-equipment\/pizza-dough-roller\/manual-dough-sheeter\/\"]}]},{\"@type\":\"ImageObject\",\"inLanguage\":\"de\",\"@id\":\"https:\/\/www.goldenchef.cn\/product\/bakery-equipment\/pizza-dough-roller\/manual-dough-sheeter\/#primaryimage\",\"url\":\"https:\/\/www.goldenchef.cn\/wp-content\/uploads\/2023\/01\/216.jpg\",\"contentUrl\":\"https:\/\/www.goldenchef.cn\/wp-content\/uploads\/2023\/01\/216.jpg\",\"width\":800,\"height\":800,\"caption\":\"manual dough sheeter\"},{\"@type\":\"BreadcrumbList\",\"@id\":\"https:\/\/www.goldenchef.cn\/product\/bakery-equipment\/pizza-dough-roller\/manual-dough-sheeter\/#breadcrumb\",\"itemListElement\":[{\"@type\":\"ListItem\",\"position\":1,\"name\":\"homepage\",\"item\":\"https:\/\/www.goldenchef.cn\/\"},{\"@type\":\"ListItem\",\"position\":2,\"name\":\"All Product\",\"item\":\"https:\/\/www.goldenchef.cn\/shop\/\"},{\"@type\":\"ListItem\",\"position\":3,\"name\":\"2022 Pasta Maker Household Pizza Dough Manual Pastry Press Machine Pizza Dough Sheeter Pasta Making Machine\"}]},{\"@type\":\"WebSite\",\"@id\":\"https:\/\/www.goldenchef.cn\/#website\",\"url\":\"https:\/\/www.goldenchef.cn\/\",\"name\":\"golden chef machinery\",\"description\":\"If kitchen have dream, we are dream maker\",\"publisher\":{\"@id\":\"https:\/\/www.goldenchef.cn\/#organization\"},\"potentialAction\":[{\"@type\":\"SearchAction\",\"target\":{\"@type\":\"EntryPoint\",\"urlTemplate\":\"https:\/\/www.goldenchef.cn\/?s={search_term_string}\"},\"query-input\":\"required name=search_term_string\"}],\"inLanguage\":\"de\"},{\"@type\":[\"Organization\",\"Place\"],\"@id\":\"https:\/\/www.goldenchef.cn\/#organization\",\"name\":\"golden chef machinery\",\"url\":\"https:\/\/www.goldenchef.cn\/\",\"logo\":{\"@id\":\"https:\/\/www.goldenchef.cn\/product\/bakery-equipment\/pizza-dough-roller\/manual-dough-sheeter\/#local-main-organization-logo\"},\"image\":{\"@id\":\"https:\/\/www.goldenchef.cn\/product\/bakery-equipment\/pizza-dough-roller\/manual-dough-sheeter\/#local-main-organization-logo\"},\"openingHoursSpecification\":[{\"@type\":\"OpeningHoursSpecification\",\"dayOfWeek\":[\"Monday\",\"Tuesday\",\"Wednesday\",\"Thursday\",\"Friday\",\"Saturday\",\"Sunday\"],\"opens\":\"09:00\",\"closes\":\"17:00\"}]},{\"@type\":\"ImageObject\",\"inLanguage\":\"de\",\"@id\":\"https:\/\/www.goldenchef.cn\/product\/bakery-equipment\/pizza-dough-roller\/manual-dough-sheeter\/#local-main-organization-logo\",\"url\":\"https:\/\/www.goldenchef.cn\/wp-content\/uploads\/2023\/08\/cropped-200k.png\",\"contentUrl\":\"https:\/\/www.goldenchef.cn\/wp-content\/uploads\/2023\/08\/cropped-200k.png\",\"width\":512,\"height\":512,\"caption\":\"golden chef machinery\"}]}<\/script>\n<meta property=\"product:price:amount\" content=\"0.00\" \/>\n<meta property=\"product:price:currency\" content=\"USD\" \/>\n<meta property=\"og:availability\" content=\"instock\" \/>\n<meta property=\"product:availability\" content=\"instock\" \/>\n<meta property=\"product:condition\" content=\"new\" \/>\n<!-- \/ Yoast SEO Premium plugin. -->","yoast_head_json":{"title":"Manual Dough Sheeter 2023 Pasta Maker Household Dough Press","description":"Golden Chef is the manufacturer & exporter of food equipment and bakery machinery. Contact us to get factory price for manual dough sheeter","robots":{"index":"index","follow":"follow","max-snippet":"max-snippet:-1","max-image-preview":"max-image-preview:large","max-video-preview":"max-video-preview:-1"},"canonical":"https:\/\/www.goldenchef.cn\/de\/produkt\/bakery-equipment\/pizza-dough-roller\/manual-dough-sheeter\/","og_locale":"de_DE","og_type":"article","og_title":"2022 Pasta Maker Household Pizza Dough Manual Pastry Press Machine Pizza Dough Sheeter Pasta Making Machine","og_description":"Golden Chef is the manufacturer & exporter of food equipment and bakery machinery. Contact us to get factory price for manual dough sheeter","og_url":"https:\/\/www.goldenchef.cn\/de\/produkt\/bakery-equipment\/pizza-dough-roller\/manual-dough-sheeter\/","og_site_name":"golden chef machinery","article_modified_time":"2026-03-15T14:14:04+00:00","og_image":[{"width":800,"height":800,"url":"http:\/\/www.goldenchef.cn\/wp-content\/uploads\/2023\/01\/216.jpg","type":"image\/jpeg"}],"twitter_card":"summary_large_image","twitter_misc":{"Preis":"","Verf\u00fcgbarkeit":"Auf Lager"},"schema":{"@context":"https:\/\/schema.org","@graph":[{"@type":"WebPage","@id":"https:\/\/www.goldenchef.cn\/product\/bakery-equipment\/pizza-dough-roller\/manual-dough-sheeter\/","url":"https:\/\/www.goldenchef.cn\/product\/bakery-equipment\/pizza-dough-roller\/manual-dough-sheeter\/","name":"Manual Dough Sheeter 2023 Pasta Maker Household Dough Press","isPartOf":{"@id":"https:\/\/www.goldenchef.cn\/#website"},"primaryImageOfPage":{"@id":"https:\/\/www.goldenchef.cn\/product\/bakery-equipment\/pizza-dough-roller\/manual-dough-sheeter\/#primaryimage"},"image":{"@id":"https:\/\/www.goldenchef.cn\/product\/bakery-equipment\/pizza-dough-roller\/manual-dough-sheeter\/#primaryimage"},"thumbnailUrl":"https:\/\/www.goldenchef.cn\/wp-content\/uploads\/2023\/01\/216.jpg","datePublished":"2023-01-03T01:29:01+00:00","dateModified":"2026-03-15T14:14:04+00:00","description":"Golden Chef is the manufacturer & exporter of food equipment and bakery machinery. Contact us to get factory price for manual dough sheeter","breadcrumb":{"@id":"https:\/\/www.goldenchef.cn\/product\/bakery-equipment\/pizza-dough-roller\/manual-dough-sheeter\/#breadcrumb"},"inLanguage":"de","potentialAction":[{"@type":"ReadAction","target":["https:\/\/www.goldenchef.cn\/product\/bakery-equipment\/pizza-dough-roller\/manual-dough-sheeter\/"]}]},{"@type":"ImageObject","inLanguage":"de","@id":"https:\/\/www.goldenchef.cn\/product\/bakery-equipment\/pizza-dough-roller\/manual-dough-sheeter\/#primaryimage","url":"https:\/\/www.goldenchef.cn\/wp-content\/uploads\/2023\/01\/216.jpg","contentUrl":"https:\/\/www.goldenchef.cn\/wp-content\/uploads\/2023\/01\/216.jpg","width":800,"height":800,"caption":"manual dough sheeter"},{"@type":"BreadcrumbList","@id":"https:\/\/www.goldenchef.cn\/product\/bakery-equipment\/pizza-dough-roller\/manual-dough-sheeter\/#breadcrumb","itemListElement":[{"@type":"ListItem","position":1,"name":"homepage","item":"https:\/\/www.goldenchef.cn\/"},{"@type":"ListItem","position":2,"name":"All Product","item":"https:\/\/www.goldenchef.cn\/shop\/"},{"@type":"ListItem","position":3,"name":"2022 Pasta Maker Household Pizza Dough Manual Pastry Press Machine Pizza Dough Sheeter Pasta Making Machine"}]},{"@type":"WebSite","@id":"https:\/\/www.goldenchef.cn\/#website","url":"https:\/\/www.goldenchef.cn\/","name":"golden chef machinery","description":"If kitchen have dream, we are dream maker","publisher":{"@id":"https:\/\/www.goldenchef.cn\/#organization"},"potentialAction":[{"@type":"SearchAction","target":{"@type":"EntryPoint","urlTemplate":"https:\/\/www.goldenchef.cn\/?s={search_term_string}"},"query-input":"required name=search_term_string"}],"inLanguage":"de"},{"@type":["Organization","Place"],"@id":"https:\/\/www.goldenchef.cn\/#organization","name":"golden chef machinery","url":"https:\/\/www.goldenchef.cn\/","logo":{"@id":"https:\/\/www.goldenchef.cn\/product\/bakery-equipment\/pizza-dough-roller\/manual-dough-sheeter\/#local-main-organization-logo"},"image":{"@id":"https:\/\/www.goldenchef.cn\/product\/bakery-equipment\/pizza-dough-roller\/manual-dough-sheeter\/#local-main-organization-logo"},"openingHoursSpecification":[{"@type":"OpeningHoursSpecification","dayOfWeek":["Monday","Tuesday","Wednesday","Thursday","Friday","Saturday","Sunday"],"opens":"09:00","closes":"17:00"}]},{"@type":"ImageObject","inLanguage":"de","@id":"https:\/\/www.goldenchef.cn\/product\/bakery-equipment\/pizza-dough-roller\/manual-dough-sheeter\/#local-main-organization-logo","url":"https:\/\/www.goldenchef.cn\/wp-content\/uploads\/2023\/08\/cropped-200k.png","contentUrl":"https:\/\/www.goldenchef.cn\/wp-content\/uploads\/2023\/08\/cropped-200k.png","width":512,"height":512,"caption":"golden chef machinery"}]},"product_price_amount":"0.00","product_price_currency":"USD","og_availability":"instock","product_availability":"instock","product_condition":"new"},"_links":{"self":[{"href":"https:\/\/www.goldenchef.cn\/de\/wp-json\/wp\/v2\/product\/4425"}],"collection":[{"href":"https:\/\/www.goldenchef.cn\/de\/wp-json\/wp\/v2\/product"}],"about":[{"href":"https:\/\/www.goldenchef.cn\/de\/wp-json\/wp\/v2\/types\/product"}],"replies":[{"embeddable":true,"href":"https:\/\/www.goldenchef.cn\/de\/wp-json\/wp\/v2\/comments?post=4425"}],"wp:featuredmedia":[{"embeddable":true,"href":"https:\/\/www.goldenchef.cn\/de\/wp-json\/wp\/v2\/media\/6004"}],"wp:attachment":[{"href":"https:\/\/www.goldenchef.cn\/de\/wp-json\/wp\/v2\/media?parent=4425"}],"wp:term":[{"taxonomy":"product_brand","embeddable":true,"href":"https:\/\/www.goldenchef.cn\/de\/wp-json\/wp\/v2\/product_brand?post=4425"},{"taxonomy":"product_cat","embeddable":true,"href":"https:\/\/www.goldenchef.cn\/de\/wp-json\/wp\/v2\/product_cat?post=4425"},{"taxonomy":"product_tag","embeddable":true,"href":"https:\/\/www.goldenchef.cn\/de\/wp-json\/wp\/v2\/product_tag?post=4425"}],"curies":[{"name":"wp","href":"https:\/\/api.w.org\/{rel}","templated":true}]}}