{"id":3547,"date":"2022-10-27T11:06:53","date_gmt":"2022-10-27T03:06:53","guid":{"rendered":"http:\/\/www.goldenchef.cn\/?post_type=product&#038;p=3547"},"modified":"2024-11-12T15:29:02","modified_gmt":"2024-11-12T07:29:02","slug":"dh50a","status":"publish","type":"product","link":"https:\/\/www.goldenchef.cn\/es\/producto\/dough-mixer\/dh-a-dough-mixer\/dh50a\/","title":{"rendered":"DH50A Amasadora 20KG 50L Doble Activ Doble Velocidad Construcci\u00f3n Cinta"},"content":{"rendered":"<h2 class=\"pro_des_top\">batidora de harina\/Acero inoxidable\/Equipamiento para catering comercial<\/h2>\n<p>Mezclador de harina de la serie DH se utiliza la construcci\u00f3n de correa de alta calidad con rangos de capacidad de taz\u00f3n de 20 litros a 200 litros, la capacidad de harina seca de 4kg a 75kg. Los productos est\u00e1n equipados con cubierta de seguridad de acero inoxidable y herramientas eficaces en doble activo. Los clientes pueden elegir la velocidad simple o doble en el panel de control mec\u00e1nico y personalizar el color del cuerpo. El precio competitivo y el material fuerte hacen que la serie DH sea el equipo de amasado de masa m\u00e1s popular.<\/p>\n<p>Golden Chef Machinery Co., Ltd. es el fabricante y exportador de equipos de alimentos y maquinaria de panader\u00eda. Nuestra empresa ubicada en Guangzhou, la ciudad donde la feria del cant\u00f3n se celebra dos veces al a\u00f1o.<\/p>\n<p>Modelo: DH-50A<\/p>\n<p>Capacidad: 50 L<br \/>\nCapacidad m\u00e1xima de amasado: 20 KG<br \/>\nVelocidad de mezcla: 240\/110(250\/125) RPM<br \/>\nPotencia: 1,5\/2,4 kW<br \/>\nTensi\u00f3n: 220V \/ 380V<br \/>\nTama\u00f1o: 800X532X1052 MM<br \/>\nPeso: 180 KG<\/p>\n<style>#jtg-3509 .modula-item .jtg-social a, .lightbox-socials.jtg-social a{ color: #ffffff }#jtg-3509 .modula-item .jtg-social svg, .lightbox-socials.jtg-social svg { height: 16px; width: 16px }#jtg-3509 .modula-item .jtg-social a:not(:last-child), .lightbox-socials.jtg-social a:not(:last-child) { margin-right: 10px }#jtg-3509 .modula-item .figc {color:#ffffff;}#jtg-3509 .modula-item .modula-item-content { transform: scale(1) }#jtg-3509 { width:100%;}#jtg-3509 .modula-items{height:800px;}@media screen and (max-width: 992px) {#jtg-3509 .modula-items{height:800px;}}@media screen and (max-width: 768px) {#jtg-3509 .modula-items{height:800px;}}#jtg-3509 .modula-items .figc p.description { font-size:14px; }#jtg-3509 .modula-items .figc p.description { color:#ffffff;}#jtg-3509.modula-gallery .modula-item > a, #jtg-3509.modula-gallery .modula-item, #jtg-3509.modula-gallery .modula-item-content > a:not(.modula-no-follow) { cursor:zoom-in; } #jtg-3509.modula-gallery .modula-item-content .modula-no-follow { cursor: default; } @media screen and (max-width:480px){#jtg-3509 .modula-item .figc .jtg-title {  font-size: 12px; }#jtg-3509 .modula-items .figc p.description { color:#ffffff;font-size:10px; }}<\/style>\n<!-- Gallery Container -->\n<div  id=\"jtg-3509\" class=\"modula modula-gallery modula-creative-gallery\" data-config=\"{&quot;height&quot;:800,&quot;tabletHeight&quot;:800,&quot;mobileHeight&quot;:800,&quot;desktopHeight&quot;:800,&quot;enableTwitter&quot;:false,&quot;enableWhatsapp&quot;:false,&quot;enableFacebook&quot;:false,&quot;enablePinterest&quot;:false,&quot;enableLinkedin&quot;:false,&quot;enableEmail&quot;:false,&quot;randomFactor&quot;:0.5,&quot;type&quot;:&quot;creative-gallery&quot;,&quot;columns&quot;:12,&quot;gutter&quot;:10,&quot;mobileGutter&quot;:10,&quot;tabletGutter&quot;:10,&quot;desktopGutter&quot;:10,&quot;enableResponsive&quot;:&quot;0&quot;,&quot;tabletColumns&quot;:&quot;2&quot;,&quot;mobileColumns&quot;:&quot;1&quot;,&quot;lazyLoad&quot;:&quot;1&quot;,&quot;lightboxOpts&quot;:{&quot;loop&quot;:false,&quot;arrows&quot;:true,&quot;toolbar&quot;:true,&quot;keyboard&quot;:true,&quot;wheel&quot;:false,&quot;buttons&quot;:[&quot;close&quot;],&quot;hash&quot;:false,&quot;lang&quot;:&quot;en&quot;,&quot;touch&quot;:false,&quot;protect&quot;:false,&quot;i18n&quot;:{&quot;en&quot;:{&quot;CLOSE&quot;:&quot;Close&quot;,&quot;NEXT&quot;:&quot;Next&quot;,&quot;PREV&quot;:&quot;Previous&quot;,&quot;Error&quot;:&quot;The requested content cannot be loaded. Please try again later.&quot;,&quot;PLAY_START&quot;:&quot;Start slideshow&quot;,&quot;PLAY_STOP&quot;:&quot;Pause slideshow&quot;,&quot;FULL_SCREEN&quot;:&quot;Full screen&quot;,&quot;THUMBS&quot;:&quot;Thumbnails&quot;,&quot;DOWNLOAD&quot;:&quot;Download&quot;,&quot;SHARE&quot;:&quot;Share&quot;,&quot;ZOOM&quot;:&quot;Zoom&quot;}},&quot;clickSlide&quot;:false,&quot;clickOutside&quot;:false,&quot;dblclickContent&quot;:false,&quot;dblclickSlide&quot;:false,&quot;dblclickOutside&quot;:false,&quot;clickContent&quot;:false,&quot;baseTpl&quot;:&quot;&lt;div class=\\&quot;modula-fancybox-container modula-lightbox-jtg-3509\\&quot; role=\\&quot;dialog\\&quot; tabindex=\\&quot;-1\\&quot;&gt;&lt;div class=\\&quot;modula-fancybox-bg\\&quot;&gt;&lt;\\\/div&gt;&lt;div class=\\&quot;modula-fancybox-inner\\&quot;&gt;&lt;div class=\\&quot;modula-fancybox-infobar\\&quot;&gt;&lt;span data-fancybox-index&gt;&lt;\\\/span&gt;&nbsp;\\\/&nbsp;&lt;span data-fancybox-count&gt;&lt;\\\/span&gt;&lt;\\\/div&gt;&lt;div class=\\&quot;modula-fancybox-toolbar\\&quot;&gt;{{buttons}}&lt;\\\/div&gt;&lt;div class=\\&quot;modula-fancybox-navigation\\&quot;&gt;{{arrows}}&lt;\\\/div&gt;&lt;div class=\\&quot;modula-fancybox-stage\\&quot;&gt;&lt;\\\/div&gt;&lt;div class=\\&quot;modula-fancybox-caption\\&quot;&gt;&lt;div class=\\&quot;modula-fancybox-caption__body\\&quot;&gt;&lt;\\\/div&gt;&lt;\\\/div&gt;&lt;\\\/div&gt;&lt;\\\/div&gt;&quot;},&quot;inView&quot;:false,&quot;email_subject&quot;:&quot;Check out this awesome image !!&quot;,&quot;email_message&quot;:&quot;Here is the link to the image : %%image_link%% and this is the link to the gallery : %%gallery_link%%&quot;,&quot;lightbox&quot;:&quot;fancybox&quot;}\">\n\n\t\n\t<!-- Items Container -->\n\t<div  class=\"modula-items\">\n\t\t<div class=\"modula-item effect-pufrobo\" >\n\t<div class=\"modula-item-overlay\"><\/div>\n\n\t<div class=\"modula-item-content\">\n\n\t\t\t\t\n\t\t\t\t\t<a data-image-id=\"3510\" data-elementor-open-lightbox=\"no\" rel=\"jtg-3509\" data-caption=\"\" aria-label=\"Abrir imagen en lightbox\" class=\"tile-inner modula-item-link\"><\/a>\n\t\t\n\t\t<img fetchpriority=\"high\" class=\"pic wp-image-3510 lazyload\"  data-valign=\"middle\" data-halign=\"center\" alt=\"\" data-full=\"https:\/\/www.goldenchef.cn\/wp-content\/uploads\/2022\/10\/2022DH-A\u65b0\u8be6\u60c5\u9875-1.jpg\" title=\"2022DH-A\u65b0\u8be6\u60c5\u9875-1\" width=\"203\" height=\"300\" data-src=\"https:\/\/www.goldenchef.cn\/wp-content\/uploads\/2022\/10\/2022DH-A\u65b0\u8be6\u60c5\u9875-1.jpg\" data-caption=\"\" data-source=\"modula\" data-srcset=\"https:\/\/www.goldenchef.cn\/wp-content\/uploads\/2022\/10\/2022DH-A\u65b0\u8be6\u60c5\u9875-1.jpg 750w, https:\/\/www.goldenchef.cn\/wp-content\/uploads\/2022\/10\/2022DH-A\u65b0\u8be6\u60c5\u9875-1-600x886.jpg 600w\" data-sizes=\"(max-width: 203px) 100vw, 203px\" \/>\n\t\t<div class=\"figc no-description\">\n\t\t\t<div class=\"figc-inner\">\n\t\t\t\t\t\t\t\t\t\t\t\t\t\t\t<\/div>\n\t\t<\/div>\n\n\t<\/div>\n\n<\/div><div class=\"modula-item effect-pufrobo\" >\n\t<div class=\"modula-item-overlay\"><\/div>\n\n\t<div class=\"modula-item-content\">\n\n\t\t\t\t\n\t\t\t\t\t<a data-image-id=\"3511\" data-elementor-open-lightbox=\"no\" rel=\"jtg-3509\" data-caption=\"\" aria-label=\"Abrir imagen en lightbox\" class=\"tile-inner modula-item-link\"><\/a>\n\t\t\n\t\t<img class=\"pic wp-image-3511 lazyload\"  data-valign=\"middle\" data-halign=\"center\" alt=\"dough mixer. spiral mixer. spiral dough mixer, dough mixer machine, bakery mixerr\" data-full=\"https:\/\/www.goldenchef.cn\/wp-content\/uploads\/2022\/10\/2022DH-A\u65b0\u8be6\u60c5\u9875-2.jpg\" title=\"amasadora. amasadora espiral. amasadora espiral, m\u00e1quina amasadora, amasadora de panader\u00eda\" width=\"281\" height=\"300\" data-src=\"https:\/\/www.goldenchef.cn\/wp-content\/uploads\/2022\/10\/2022DH-A\u65b0\u8be6\u60c5\u9875-2.jpg\" data-caption=\"\" data-source=\"modula\" data-srcset=\"https:\/\/www.goldenchef.cn\/wp-content\/uploads\/2022\/10\/2022DH-A\u65b0\u8be6\u60c5\u9875-2.jpg 750w, https:\/\/www.goldenchef.cn\/wp-content\/uploads\/2022\/10\/2022DH-A\u65b0\u8be6\u60c5\u9875-2-600x641.jpg 600w\" data-sizes=\"(max-width: 281px) 100vw, 281px\" \/>\n\t\t<div class=\"figc no-description\">\n\t\t\t<div class=\"figc-inner\">\n\t\t\t\t\t\t\t\t\t\t\t\t\t\t\t<\/div>\n\t\t<\/div>\n\n\t<\/div>\n\n<\/div><div class=\"modula-item effect-pufrobo\" >\n\t<div class=\"modula-item-overlay\"><\/div>\n\n\t<div class=\"modula-item-content\">\n\n\t\t\t\t\n\t\t\t\t\t<a data-image-id=\"3512\" data-elementor-open-lightbox=\"no\" rel=\"jtg-3509\" data-caption=\"\" aria-label=\"Abrir imagen en lightbox\" class=\"tile-inner modula-item-link\"><\/a>\n\t\t\n\t\t<img class=\"pic wp-image-3512 lazyload\"  data-valign=\"middle\" data-halign=\"center\" alt=\"dough mixer. spiral mixer. spiral dough mixer, dough mixer machine, bakery mixerr\" data-full=\"https:\/\/www.goldenchef.cn\/wp-content\/uploads\/2022\/10\/2022DH-A\u65b0\u8be6\u60c5\u9875-3.jpg\" title=\"amasadora. amasadora espiral. amasadora espiral, m\u00e1quina amasadora, amasadora de panader\u00eda\" width=\"300\" height=\"250\" data-src=\"https:\/\/www.goldenchef.cn\/wp-content\/uploads\/2022\/10\/2022DH-A\u65b0\u8be6\u60c5\u9875-3.jpg\" data-caption=\"\" data-source=\"modula\" data-srcset=\"https:\/\/www.goldenchef.cn\/wp-content\/uploads\/2022\/10\/2022DH-A\u65b0\u8be6\u60c5\u9875-3.jpg 750w, https:\/\/www.goldenchef.cn\/wp-content\/uploads\/2022\/10\/2022DH-A\u65b0\u8be6\u60c5\u9875-3-600x501.jpg 600w\" data-sizes=\"(max-width: 300px) 100vw, 300px\" \/>\n\t\t<div class=\"figc no-description\">\n\t\t\t<div class=\"figc-inner\">\n\t\t\t\t\t\t\t\t\t\t\t\t\t\t\t<\/div>\n\t\t<\/div>\n\n\t<\/div>\n\n<\/div><div class=\"modula-item effect-pufrobo\" >\n\t<div class=\"modula-item-overlay\"><\/div>\n\n\t<div class=\"modula-item-content\">\n\n\t\t\t\t\n\t\t\t\t\t<a data-image-id=\"3513\" data-elementor-open-lightbox=\"no\" rel=\"jtg-3509\" data-caption=\"\" aria-label=\"Abrir imagen en lightbox\" class=\"tile-inner modula-item-link\"><\/a>\n\t\t\n\t\t<img loading=\"lazy\" class=\"pic wp-image-3513 lazyload\"  data-valign=\"middle\" data-halign=\"center\" alt=\"dough mixer. spiral mixer. spiral dough mixer, dough mixer machine, bakery mixerr\" data-full=\"https:\/\/www.goldenchef.cn\/wp-content\/uploads\/2022\/10\/2022DH-A\u65b0\u8be6\u60c5\u9875-4_01.jpg\" title=\"amasadora. amasadora espiral. amasadora espiral, m\u00e1quina amasadora, amasadora de panader\u00eda\" width=\"300\" height=\"300\" data-src=\"https:\/\/www.goldenchef.cn\/wp-content\/uploads\/2022\/10\/2022DH-A\u65b0\u8be6\u60c5\u9875-4_01.jpg\" data-caption=\"\" data-source=\"modula\" data-srcset=\"https:\/\/www.goldenchef.cn\/wp-content\/uploads\/2022\/10\/2022DH-A\u65b0\u8be6\u60c5\u9875-4_01.jpg 750w, https:\/\/www.goldenchef.cn\/wp-content\/uploads\/2022\/10\/2022DH-A\u65b0\u8be6\u60c5\u9875-4_01-600x601.jpg 600w, https:\/\/www.goldenchef.cn\/wp-content\/uploads\/2022\/10\/2022DH-A\u65b0\u8be6\u60c5\u9875-4_01-300x300.jpg 300w\" data-sizes=\"(max-width: 300px) 100vw, 300px\" \/>\n\t\t<div class=\"figc no-description\">\n\t\t\t<div class=\"figc-inner\">\n\t\t\t\t\t\t\t\t\t\t\t\t\t\t\t<\/div>\n\t\t<\/div>\n\n\t<\/div>\n\n<\/div><div class=\"modula-item effect-pufrobo\" >\n\t<div class=\"modula-item-overlay\"><\/div>\n\n\t<div class=\"modula-item-content\">\n\n\t\t\t\t\n\t\t\t\t\t<a data-image-id=\"3514\" data-elementor-open-lightbox=\"no\" rel=\"jtg-3509\" data-caption=\"\" aria-label=\"Abrir imagen en lightbox\" class=\"tile-inner modula-item-link\"><\/a>\n\t\t\n\t\t<img loading=\"lazy\" class=\"pic wp-image-3514 lazyload\"  data-valign=\"middle\" data-halign=\"center\" alt=\"commercial food mixer, food mixer, planetary mixer, food mixer machine, food mixers, dough mixer, spiral mixer, spiral dough mixer, dough mixer machine, table top dough mixer, small dough mixer, bread mixer, baking mixer, dough kneading machine, dough kneader, food mixer, cake mixer, flour mixer, bakery mixer, heavy duty dough mixer, heavy duty spiral mixer, planetary mixer, stand mixer,\" data-full=\"https:\/\/www.goldenchef.cn\/wp-content\/uploads\/2022\/10\/2022DH-A\u65b0\u8be6\u60c5\u9875-4_02.jpg\" title=\"2022DH-A\u65b0\u8be6\u60c5\u9875-4_02\" width=\"300\" height=\"254\" data-src=\"https:\/\/www.goldenchef.cn\/wp-content\/uploads\/2022\/10\/2022DH-A\u65b0\u8be6\u60c5\u9875-4_02.jpg\" data-caption=\"\" data-source=\"modula\" data-srcset=\"https:\/\/www.goldenchef.cn\/wp-content\/uploads\/2022\/10\/2022DH-A\u65b0\u8be6\u60c5\u9875-4_02.jpg 750w, https:\/\/www.goldenchef.cn\/wp-content\/uploads\/2022\/10\/2022DH-A\u65b0\u8be6\u60c5\u9875-4_02-600x509.jpg 600w\" data-sizes=\"(max-width: 300px) 100vw, 300px\" \/>\n\t\t<div class=\"figc no-description\">\n\t\t\t<div class=\"figc-inner\">\n\t\t\t\t\t\t\t\t\t\t\t\t\t\t\t<\/div>\n\t\t<\/div>\n\n\t<\/div>\n\n<\/div><div class=\"modula-item effect-pufrobo\" >\n\t<div class=\"modula-item-overlay\"><\/div>\n\n\t<div class=\"modula-item-content\">\n\n\t\t\t\t\n\t\t\t\t\t<a data-image-id=\"3515\" data-elementor-open-lightbox=\"no\" rel=\"jtg-3509\" data-caption=\"\" aria-label=\"Abrir imagen en lightbox\" class=\"tile-inner modula-item-link\"><\/a>\n\t\t\n\t\t<img loading=\"lazy\" class=\"pic wp-image-3515 lazyload\"  data-valign=\"middle\" data-halign=\"center\" alt=\"\" data-full=\"https:\/\/www.goldenchef.cn\/wp-content\/uploads\/2022\/10\/2022DH-A\u65b0\u8be6\u60c5\u9875-4_03.jpg\" title=\"2022DH-A\u65b0\u8be6\u60c5\u9875-4_03\" width=\"300\" height=\"259\" data-src=\"https:\/\/www.goldenchef.cn\/wp-content\/uploads\/2022\/10\/2022DH-A\u65b0\u8be6\u60c5\u9875-4_03.jpg\" data-caption=\"\" data-source=\"modula\" data-srcset=\"https:\/\/www.goldenchef.cn\/wp-content\/uploads\/2022\/10\/2022DH-A\u65b0\u8be6\u60c5\u9875-4_03.jpg 750w, https:\/\/www.goldenchef.cn\/wp-content\/uploads\/2022\/10\/2022DH-A\u65b0\u8be6\u60c5\u9875-4_03-600x518.jpg 600w\" data-sizes=\"(max-width: 300px) 100vw, 300px\" \/>\n\t\t<div class=\"figc no-description\">\n\t\t\t<div class=\"figc-inner\">\n\t\t\t\t\t\t\t\t\t\t\t\t\t\t\t<\/div>\n\t\t<\/div>\n\n\t<\/div>\n\n<\/div>\t\t\n\t<\/div>\n\n\t\n\t\n\t<script type=\"application\/ld+json\">\n\t{\n\t\t\"@context\": \"http:\/\/schema.org\",\n\t\t\"@type\"   : \"ImageGallery\",\n\t\t\"id\"      : \"https:\/\/www.goldenchef.cn\/es\/wp-json\/wp\/v2\/product\/3547\",\n\t\t\"url\"     : \"https:\/\/www.goldenchef.cn\/es\/wp-json\/wp\/v2\/product\/3547\"\n\t}\n\n    <\/script>\n\n\t\n<\/div>","protected":false},"excerpt":{"rendered":"<ul>\n<li>Marca: Mondo Cucina<\/li>\n<li>Equipamiento profesional<\/li>\n<li>Cintur\u00f3n de alta calidad y durabilidad<\/li>\n<li>Doble activo de alta eficiencia<\/li>\n<li>Robusto gancho amasador de acero inoxidable<\/li>\n<li>Cubeta y eje de acero inoxidable<\/li>\n<li>Equipado con protecci\u00f3n e interruptor de seguridad<\/li>\n<li>Una o dos velocidades a elegir<\/li>\n<li>F\u00e1cil manejo<\/li>\n<li>F\u00e1cil de limpiar<\/li>\n<li>Base s\u00f3lida, estable y resistente<\/li>\n<li>Fuerte y resistente<\/li>\n<li>Aprobaci\u00f3n CE<\/li>\n<\/ul>","protected":false},"featured_media":6114,"comment_status":"closed","ping_status":"closed","template":"","meta":[],"product_brand":[],"product_cat":[49,66],"product_tag":[103],"class_list":{"0":"post-3547","1":"product","2":"type-product","3":"status-publish","4":"has-post-thumbnail","6":"product_cat-dough-mixer","7":"product_cat-dh-a-dough-mixer","8":"product_tag-dough-mixer","10":"first","11":"instock","12":"shipping-taxable","13":"product-type-simple"},"yoast_head":"<!-- This site is optimized with the Yoast SEO Premium plugin v22.5 (Yoast SEO v22.8) - https:\/\/yoast.com\/wordpress\/plugins\/seo\/ -->\n<title>Flour Mixer 20KG 50L Double Activ Double Speed ?\ufe0f<\/title>\n<meta name=\"description\" content=\"Flour mixer DH series is used high quality belt construction with bowl capacity ranges from 20 liter to 200 liter.\" \/>\n<meta name=\"robots\" content=\"index, follow, max-snippet:-1, max-image-preview:large, max-video-preview:-1\" \/>\n<link rel=\"canonical\" href=\"https:\/\/www.goldenchef.cn\/es\/producto\/dough-mixer\/dh-a-dough-mixer\/dh50a\/\" \/>\n<meta property=\"og:locale\" content=\"es_MX\" \/>\n<meta property=\"og:type\" content=\"article\" \/>\n<meta property=\"og:title\" content=\"DH50A Dough Mixer 20KG 50L Double Activ Double Speed Belt Construction\" \/>\n<meta property=\"og:description\" content=\"Flour mixer DH series is used high quality belt construction with bowl capacity ranges from 20 liter to 200 liter.\" \/>\n<meta property=\"og:url\" content=\"https:\/\/www.goldenchef.cn\/es\/producto\/dough-mixer\/dh-a-dough-mixer\/dh50a\/\" \/>\n<meta property=\"og:site_name\" content=\"golden chef machinery\" \/>\n<meta property=\"article:modified_time\" content=\"2024-11-12T07:29:02+00:00\" \/>\n<meta property=\"og:image\" content=\"http:\/\/www.goldenchef.cn\/wp-content\/uploads\/2022\/10\/20.jpg\" \/>\n\t<meta property=\"og:image:width\" content=\"800\" \/>\n\t<meta property=\"og:image:height\" content=\"800\" \/>\n\t<meta property=\"og:image:type\" content=\"image\/jpeg\" \/>\n<meta name=\"twitter:card\" content=\"summary_large_image\" \/>\n<meta name=\"twitter:label1\" content=\"Precio\" \/>\n\t<meta name=\"twitter:data1\" content=\"\" \/>\n\t<meta name=\"twitter:label2\" content=\"Disponibilidad\" \/>\n\t<meta name=\"twitter:data2\" content=\"Disponible\" \/>\n<script type=\"application\/ld+json\" class=\"yoast-schema-graph\">{\"@context\":\"https:\/\/schema.org\",\"@graph\":[{\"@type\":\"WebPage\",\"@id\":\"https:\/\/www.goldenchef.cn\/product\/dough-mixer\/dh-a-dough-mixer\/dh50a\/\",\"url\":\"https:\/\/www.goldenchef.cn\/product\/dough-mixer\/dh-a-dough-mixer\/dh50a\/\",\"name\":\"Flour Mixer 20KG 50L Double Activ Double Speed ?\ufe0f\",\"isPartOf\":{\"@id\":\"https:\/\/www.goldenchef.cn\/#website\"},\"primaryImageOfPage\":{\"@id\":\"https:\/\/www.goldenchef.cn\/product\/dough-mixer\/dh-a-dough-mixer\/dh50a\/#primaryimage\"},\"image\":{\"@id\":\"https:\/\/www.goldenchef.cn\/product\/dough-mixer\/dh-a-dough-mixer\/dh50a\/#primaryimage\"},\"thumbnailUrl\":\"https:\/\/www.goldenchef.cn\/wp-content\/uploads\/2022\/10\/20.jpg\",\"datePublished\":\"2022-10-27T03:06:53+00:00\",\"dateModified\":\"2024-11-12T07:29:02+00:00\",\"description\":\"Flour mixer DH series is used high quality belt construction with bowl capacity ranges from 20 liter to 200 liter.\",\"breadcrumb\":{\"@id\":\"https:\/\/www.goldenchef.cn\/product\/dough-mixer\/dh-a-dough-mixer\/dh50a\/#breadcrumb\"},\"inLanguage\":\"es\",\"potentialAction\":[{\"@type\":\"ReadAction\",\"target\":[\"https:\/\/www.goldenchef.cn\/product\/dough-mixer\/dh-a-dough-mixer\/dh50a\/\"]}]},{\"@type\":\"ImageObject\",\"inLanguage\":\"es\",\"@id\":\"https:\/\/www.goldenchef.cn\/product\/dough-mixer\/dh-a-dough-mixer\/dh50a\/#primaryimage\",\"url\":\"https:\/\/www.goldenchef.cn\/wp-content\/uploads\/2022\/10\/20.jpg\",\"contentUrl\":\"https:\/\/www.goldenchef.cn\/wp-content\/uploads\/2022\/10\/20.jpg\",\"width\":800,\"height\":800,\"caption\":\"dough mixer, spiral mixer, dough kneader, pizza mixer, spirao dough mixer, dough mixer, spiral mixer, dough kneader, pizza mixer, spirao dough mixer,\"},{\"@type\":\"BreadcrumbList\",\"@id\":\"https:\/\/www.goldenchef.cn\/product\/dough-mixer\/dh-a-dough-mixer\/dh50a\/#breadcrumb\",\"itemListElement\":[{\"@type\":\"ListItem\",\"position\":1,\"name\":\"homepage\",\"item\":\"https:\/\/www.goldenchef.cn\/\"},{\"@type\":\"ListItem\",\"position\":2,\"name\":\"All Product\",\"item\":\"https:\/\/www.goldenchef.cn\/shop\/\"},{\"@type\":\"ListItem\",\"position\":3,\"name\":\"DH50A Dough Mixer 20KG 50L Double Activ Double Speed Belt Construction\"}]},{\"@type\":\"WebSite\",\"@id\":\"https:\/\/www.goldenchef.cn\/#website\",\"url\":\"https:\/\/www.goldenchef.cn\/\",\"name\":\"golden chef machinery\",\"description\":\"If kitchen have dream, we are dream maker\",\"publisher\":{\"@id\":\"https:\/\/www.goldenchef.cn\/#organization\"},\"potentialAction\":[{\"@type\":\"SearchAction\",\"target\":{\"@type\":\"EntryPoint\",\"urlTemplate\":\"https:\/\/www.goldenchef.cn\/?s={search_term_string}\"},\"query-input\":\"required name=search_term_string\"}],\"inLanguage\":\"es\"},{\"@type\":[\"Organization\",\"Place\"],\"@id\":\"https:\/\/www.goldenchef.cn\/#organization\",\"name\":\"golden chef machinery\",\"url\":\"https:\/\/www.goldenchef.cn\/\",\"logo\":{\"@id\":\"https:\/\/www.goldenchef.cn\/product\/dough-mixer\/dh-a-dough-mixer\/dh50a\/#local-main-organization-logo\"},\"image\":{\"@id\":\"https:\/\/www.goldenchef.cn\/product\/dough-mixer\/dh-a-dough-mixer\/dh50a\/#local-main-organization-logo\"},\"openingHoursSpecification\":[{\"@type\":\"OpeningHoursSpecification\",\"dayOfWeek\":[\"Monday\",\"Tuesday\",\"Wednesday\",\"Thursday\",\"Friday\",\"Saturday\",\"Sunday\"],\"opens\":\"09:00\",\"closes\":\"17:00\"}]},{\"@type\":\"ImageObject\",\"inLanguage\":\"es\",\"@id\":\"https:\/\/www.goldenchef.cn\/product\/dough-mixer\/dh-a-dough-mixer\/dh50a\/#local-main-organization-logo\",\"url\":\"https:\/\/www.goldenchef.cn\/wp-content\/uploads\/2023\/08\/cropped-200k.png\",\"contentUrl\":\"https:\/\/www.goldenchef.cn\/wp-content\/uploads\/2023\/08\/cropped-200k.png\",\"width\":512,\"height\":512,\"caption\":\"golden chef machinery\"}]}<\/script>\n<meta property=\"product:price:amount\" content=\"0.00\" \/>\n<meta property=\"product:price:currency\" content=\"USD\" \/>\n<meta property=\"og:availability\" content=\"instock\" \/>\n<meta property=\"product:availability\" content=\"instock\" \/>\n<meta property=\"product:condition\" content=\"new\" \/>\n<!-- \/ Yoast SEO Premium plugin. -->","yoast_head_json":{"title":"Flour Mixer 20KG 50L Double Activ Double Speed ?\ufe0f","description":"Flour mixer DH series is used high quality belt construction with bowl capacity ranges from 20 liter to 200 liter.","robots":{"index":"index","follow":"follow","max-snippet":"max-snippet:-1","max-image-preview":"max-image-preview:large","max-video-preview":"max-video-preview:-1"},"canonical":"https:\/\/www.goldenchef.cn\/es\/producto\/dough-mixer\/dh-a-dough-mixer\/dh50a\/","og_locale":"es_MX","og_type":"article","og_title":"DH50A Dough Mixer 20KG 50L Double Activ Double Speed Belt Construction","og_description":"Flour mixer DH series is used high quality belt construction with bowl capacity ranges from 20 liter to 200 liter.","og_url":"https:\/\/www.goldenchef.cn\/es\/producto\/dough-mixer\/dh-a-dough-mixer\/dh50a\/","og_site_name":"golden chef machinery","article_modified_time":"2024-11-12T07:29:02+00:00","og_image":[{"width":800,"height":800,"url":"http:\/\/www.goldenchef.cn\/wp-content\/uploads\/2022\/10\/20.jpg","type":"image\/jpeg"}],"twitter_card":"summary_large_image","twitter_misc":{"Precio":"","Disponibilidad":"Disponible"},"schema":{"@context":"https:\/\/schema.org","@graph":[{"@type":"WebPage","@id":"https:\/\/www.goldenchef.cn\/product\/dough-mixer\/dh-a-dough-mixer\/dh50a\/","url":"https:\/\/www.goldenchef.cn\/product\/dough-mixer\/dh-a-dough-mixer\/dh50a\/","name":"Flour Mixer 20KG 50L Double Activ Double Speed ?\ufe0f","isPartOf":{"@id":"https:\/\/www.goldenchef.cn\/#website"},"primaryImageOfPage":{"@id":"https:\/\/www.goldenchef.cn\/product\/dough-mixer\/dh-a-dough-mixer\/dh50a\/#primaryimage"},"image":{"@id":"https:\/\/www.goldenchef.cn\/product\/dough-mixer\/dh-a-dough-mixer\/dh50a\/#primaryimage"},"thumbnailUrl":"https:\/\/www.goldenchef.cn\/wp-content\/uploads\/2022\/10\/20.jpg","datePublished":"2022-10-27T03:06:53+00:00","dateModified":"2024-11-12T07:29:02+00:00","description":"Flour mixer DH series is used high quality belt construction with bowl capacity ranges from 20 liter to 200 liter.","breadcrumb":{"@id":"https:\/\/www.goldenchef.cn\/product\/dough-mixer\/dh-a-dough-mixer\/dh50a\/#breadcrumb"},"inLanguage":"es","potentialAction":[{"@type":"ReadAction","target":["https:\/\/www.goldenchef.cn\/product\/dough-mixer\/dh-a-dough-mixer\/dh50a\/"]}]},{"@type":"ImageObject","inLanguage":"es","@id":"https:\/\/www.goldenchef.cn\/product\/dough-mixer\/dh-a-dough-mixer\/dh50a\/#primaryimage","url":"https:\/\/www.goldenchef.cn\/wp-content\/uploads\/2022\/10\/20.jpg","contentUrl":"https:\/\/www.goldenchef.cn\/wp-content\/uploads\/2022\/10\/20.jpg","width":800,"height":800,"caption":"dough mixer, spiral mixer, dough kneader, pizza mixer, spirao dough mixer, dough mixer, spiral mixer, dough kneader, pizza mixer, spirao dough mixer,"},{"@type":"BreadcrumbList","@id":"https:\/\/www.goldenchef.cn\/product\/dough-mixer\/dh-a-dough-mixer\/dh50a\/#breadcrumb","itemListElement":[{"@type":"ListItem","position":1,"name":"homepage","item":"https:\/\/www.goldenchef.cn\/"},{"@type":"ListItem","position":2,"name":"All Product","item":"https:\/\/www.goldenchef.cn\/shop\/"},{"@type":"ListItem","position":3,"name":"DH50A Dough Mixer 20KG 50L Double Activ Double Speed Belt Construction"}]},{"@type":"WebSite","@id":"https:\/\/www.goldenchef.cn\/#website","url":"https:\/\/www.goldenchef.cn\/","name":"golden chef machinery","description":"If kitchen have dream, we are dream maker","publisher":{"@id":"https:\/\/www.goldenchef.cn\/#organization"},"potentialAction":[{"@type":"SearchAction","target":{"@type":"EntryPoint","urlTemplate":"https:\/\/www.goldenchef.cn\/?s={search_term_string}"},"query-input":"required name=search_term_string"}],"inLanguage":"es"},{"@type":["Organization","Place"],"@id":"https:\/\/www.goldenchef.cn\/#organization","name":"golden chef machinery","url":"https:\/\/www.goldenchef.cn\/","logo":{"@id":"https:\/\/www.goldenchef.cn\/product\/dough-mixer\/dh-a-dough-mixer\/dh50a\/#local-main-organization-logo"},"image":{"@id":"https:\/\/www.goldenchef.cn\/product\/dough-mixer\/dh-a-dough-mixer\/dh50a\/#local-main-organization-logo"},"openingHoursSpecification":[{"@type":"OpeningHoursSpecification","dayOfWeek":["Monday","Tuesday","Wednesday","Thursday","Friday","Saturday","Sunday"],"opens":"09:00","closes":"17:00"}]},{"@type":"ImageObject","inLanguage":"es","@id":"https:\/\/www.goldenchef.cn\/product\/dough-mixer\/dh-a-dough-mixer\/dh50a\/#local-main-organization-logo","url":"https:\/\/www.goldenchef.cn\/wp-content\/uploads\/2023\/08\/cropped-200k.png","contentUrl":"https:\/\/www.goldenchef.cn\/wp-content\/uploads\/2023\/08\/cropped-200k.png","width":512,"height":512,"caption":"golden chef machinery"}]},"product_price_amount":"0.00","product_price_currency":"USD","og_availability":"instock","product_availability":"instock","product_condition":"new"},"_links":{"self":[{"href":"https:\/\/www.goldenchef.cn\/es\/wp-json\/wp\/v2\/product\/3547"}],"collection":[{"href":"https:\/\/www.goldenchef.cn\/es\/wp-json\/wp\/v2\/product"}],"about":[{"href":"https:\/\/www.goldenchef.cn\/es\/wp-json\/wp\/v2\/types\/product"}],"replies":[{"embeddable":true,"href":"https:\/\/www.goldenchef.cn\/es\/wp-json\/wp\/v2\/comments?post=3547"}],"wp:featuredmedia":[{"embeddable":true,"href":"https:\/\/www.goldenchef.cn\/es\/wp-json\/wp\/v2\/media\/6114"}],"wp:attachment":[{"href":"https:\/\/www.goldenchef.cn\/es\/wp-json\/wp\/v2\/media?parent=3547"}],"wp:term":[{"taxonomy":"product_brand","embeddable":true,"href":"https:\/\/www.goldenchef.cn\/es\/wp-json\/wp\/v2\/product_brand?post=3547"},{"taxonomy":"product_cat","embeddable":true,"href":"https:\/\/www.goldenchef.cn\/es\/wp-json\/wp\/v2\/product_cat?post=3547"},{"taxonomy":"product_tag","embeddable":true,"href":"https:\/\/www.goldenchef.cn\/es\/wp-json\/wp\/v2\/product_tag?post=3547"}],"curies":[{"name":"wp","href":"https:\/\/api.w.org\/{rel}","templated":true}]}}