{"id":3554,"date":"2022-10-27T11:24:16","date_gmt":"2022-10-27T03:24:16","guid":{"rendered":"http:\/\/www.goldenchef.cn\/?post_type=product&#038;p=3554"},"modified":"2025-08-08T11:26:05","modified_gmt":"2025-08-08T03:26:05","slug":"dh20fa","status":"publish","type":"product","link":"https:\/\/www.goldenchef.cn\/es\/producto\/dough-mixer\/dh-fa-dough-mixer\/dh20fa\/","title":{"rendered":"DH20FA Amasadora 8KG 20L Cambiador de Frecuencia Amasadora Espiral Doble Velocidad"},"content":{"rendered":"<h3 class=\"pro_des_top\">pan amasadora amasadora 10 20 30 50 litros kg cocina amasadora el\u00e9ctrica peque\u00f1a espiral amasadora industrial comercial<\/h3>\n<p>amasadora de pan<\/p>\n<p>Modelo: DH-20FA<\/p>\n<p>Capacidad: 20 L<br \/>\nCapacidad m\u00e1xima de amasado: 8 KG<br \/>\nVelocidad de mezcla: 250\/125 RPM<br \/>\nPotencia: 0,45\/0,75 kW<br \/>\nTensi\u00f3n: 380 V<br \/>\nTama\u00f1o: 675X427X853 MM<br \/>\nPeso: 90 KG<\/p>\n<p><a href=\"https:\/\/www.goldenchef.cn\/es\/\">Chef de oro<\/a> Machinery Co., Ltd. es fabricante y exportador de equipos alimentarios y maquinaria de panader\u00eda. Nuestra empresa se encuentra en Guangzhou, la ciudad donde se celebra la feria del cant\u00f3n dos veces al a\u00f1o. P\u00f3ngase en contacto con nosotros para obtener el precio de f\u00e1brica de la mezcladora de panader\u00eda.<\/p>\n<p>El sistema de gesti\u00f3n de calidad ISO9001:2016 se ha aplicado estrictamente en todo el proceso de producci\u00f3n. En sus 30 a\u00f1os de historia de experiencia, conocimiento y habilidad, GOLDENCHEF ha construido una s\u00f3lida reputaci\u00f3n como uno de los principales fabricantes de equipos de alimentos y maquinaria de panader\u00eda.<\/p>\n<style>#jtg-3548 .modula-item .jtg-social a, .lightbox-socials.jtg-social a{ color: #ffffff }#jtg-3548 .modula-item .jtg-social svg, .lightbox-socials.jtg-social svg { height: 16px; width: 16px }#jtg-3548 .modula-item .jtg-social a:not(:last-child), .lightbox-socials.jtg-social a:not(:last-child) { margin-right: 10px }#jtg-3548 .modula-item .figc {color:#ffffff;}#jtg-3548 .modula-item .modula-item-content { transform: scale(1) }#jtg-3548 { width:100%;}#jtg-3548 .modula-items{height:800px;}@media screen and (max-width: 992px) {#jtg-3548 .modula-items{height:800px;}}@media screen and (max-width: 768px) {#jtg-3548 .modula-items{height:800px;}}#jtg-3548 .modula-items .figc p.description { font-size:14px; }#jtg-3548 .modula-items .figc p.description { color:#ffffff;}#jtg-3548.modula-gallery .modula-item > a, #jtg-3548.modula-gallery .modula-item, #jtg-3548.modula-gallery .modula-item-content > a:not(.modula-no-follow) { cursor:zoom-in; } #jtg-3548.modula-gallery .modula-item-content .modula-no-follow { cursor: default; } @media screen and (max-width:480px){#jtg-3548 .modula-item .figc .jtg-title {  font-size: 12px; }#jtg-3548 .modula-items .figc p.description { color:#ffffff;font-size:10px; }}<\/style>\n<!-- Gallery Container -->\n<div  id=\"jtg-3548\" class=\"modula modula-gallery modula-creative-gallery\" data-config=\"{&quot;height&quot;:800,&quot;tabletHeight&quot;:800,&quot;mobileHeight&quot;:800,&quot;desktopHeight&quot;:800,&quot;enableTwitter&quot;:false,&quot;enableWhatsapp&quot;:false,&quot;enableFacebook&quot;:false,&quot;enablePinterest&quot;:false,&quot;enableLinkedin&quot;:false,&quot;enableEmail&quot;:false,&quot;randomFactor&quot;:0.5,&quot;type&quot;:&quot;creative-gallery&quot;,&quot;columns&quot;:12,&quot;gutter&quot;:10,&quot;mobileGutter&quot;:10,&quot;tabletGutter&quot;:10,&quot;desktopGutter&quot;:10,&quot;enableResponsive&quot;:&quot;0&quot;,&quot;tabletColumns&quot;:&quot;2&quot;,&quot;mobileColumns&quot;:&quot;1&quot;,&quot;lazyLoad&quot;:&quot;1&quot;,&quot;lightboxOpts&quot;:{&quot;loop&quot;:false,&quot;arrows&quot;:true,&quot;toolbar&quot;:true,&quot;keyboard&quot;:true,&quot;wheel&quot;:false,&quot;buttons&quot;:[&quot;close&quot;],&quot;hash&quot;:false,&quot;lang&quot;:&quot;en&quot;,&quot;touch&quot;:false,&quot;protect&quot;:false,&quot;i18n&quot;:{&quot;en&quot;:{&quot;CLOSE&quot;:&quot;Close&quot;,&quot;NEXT&quot;:&quot;Next&quot;,&quot;PREV&quot;:&quot;Previous&quot;,&quot;Error&quot;:&quot;The requested content cannot be loaded. Please try again later.&quot;,&quot;PLAY_START&quot;:&quot;Start slideshow&quot;,&quot;PLAY_STOP&quot;:&quot;Pause slideshow&quot;,&quot;FULL_SCREEN&quot;:&quot;Full screen&quot;,&quot;THUMBS&quot;:&quot;Thumbnails&quot;,&quot;DOWNLOAD&quot;:&quot;Download&quot;,&quot;SHARE&quot;:&quot;Share&quot;,&quot;ZOOM&quot;:&quot;Zoom&quot;}},&quot;clickSlide&quot;:false,&quot;clickOutside&quot;:false,&quot;dblclickContent&quot;:false,&quot;dblclickSlide&quot;:false,&quot;dblclickOutside&quot;:false,&quot;clickContent&quot;:false,&quot;baseTpl&quot;:&quot;&lt;div class=\\&quot;modula-fancybox-container modula-lightbox-jtg-3548\\&quot; role=\\&quot;dialog\\&quot; tabindex=\\&quot;-1\\&quot;&gt;&lt;div class=\\&quot;modula-fancybox-bg\\&quot;&gt;&lt;\\\/div&gt;&lt;div class=\\&quot;modula-fancybox-inner\\&quot;&gt;&lt;div class=\\&quot;modula-fancybox-infobar\\&quot;&gt;&lt;span data-fancybox-index&gt;&lt;\\\/span&gt;&nbsp;\\\/&nbsp;&lt;span data-fancybox-count&gt;&lt;\\\/span&gt;&lt;\\\/div&gt;&lt;div class=\\&quot;modula-fancybox-toolbar\\&quot;&gt;{{buttons}}&lt;\\\/div&gt;&lt;div class=\\&quot;modula-fancybox-navigation\\&quot;&gt;{{arrows}}&lt;\\\/div&gt;&lt;div class=\\&quot;modula-fancybox-stage\\&quot;&gt;&lt;\\\/div&gt;&lt;div class=\\&quot;modula-fancybox-caption\\&quot;&gt;&lt;div class=\\&quot;modula-fancybox-caption__body\\&quot;&gt;&lt;\\\/div&gt;&lt;\\\/div&gt;&lt;\\\/div&gt;&lt;\\\/div&gt;&quot;},&quot;inView&quot;:false,&quot;email_subject&quot;:&quot;Check out this awesome image !!&quot;,&quot;email_message&quot;:&quot;Here is the link to the image : %%image_link%% and this is the link to the gallery : %%gallery_link%%&quot;,&quot;lightbox&quot;:&quot;fancybox&quot;}\">\n\n\t\n\t<!-- Items Container -->\n\t<div  class=\"modula-items\">\n\t\t<div class=\"modula-item effect-pufrobo\" >\n\t<div class=\"modula-item-overlay\"><\/div>\n\n\t<div class=\"modula-item-content\">\n\n\t\t\t\t\n\t\t\t\t\t<a data-image-id=\"3552\" data-elementor-open-lightbox=\"no\" rel=\"jtg-3548\" data-caption=\"\" aria-label=\"Abrir imagen en lightbox\" class=\"tile-inner modula-item-link\"><\/a>\n\t\t\n\t\t<img class=\"pic wp-image-3552 lazyload\"  data-valign=\"middle\" data-halign=\"center\" alt=\"commercial food mixer, food mixer, planetary mixer, food mixer machine, food mixers, dough mixer, spiral mixer, spiral dough mixer, dough mixer machine, table top dough mixer, small dough mixer, bread mixer, baking mixer, dough kneading machine, dough kneader, food mixer, cake mixer, flour mixer, bakery mixer, heavy duty dough mixer, heavy duty spiral mixer, planetary mixer, stand mixer,\" data-full=\"https:\/\/www.goldenchef.cn\/wp-content\/uploads\/2022\/10\/photobank-19_01.jpg\" title=\"banco de fotos-(19)_01\" width=\"300\" height=\"152\" data-src=\"https:\/\/www.goldenchef.cn\/wp-content\/uploads\/2022\/10\/photobank-19_01.jpg\" data-caption=\"\" data-source=\"modula\" data-srcset=\"https:\/\/www.goldenchef.cn\/wp-content\/uploads\/2022\/10\/photobank-19_01.jpg 750w, https:\/\/www.goldenchef.cn\/wp-content\/uploads\/2022\/10\/photobank-19_01-600x303.jpg 600w\" data-sizes=\"(max-width: 300px) 100vw, 300px\" \/>\n\t\t<div class=\"figc no-description\">\n\t\t\t<div class=\"figc-inner\">\n\t\t\t\t\t\t\t\t\t\t\t\t\t\t\t<\/div>\n\t\t<\/div>\n\n\t<\/div>\n\n<\/div><div class=\"modula-item effect-pufrobo\" >\n\t<div class=\"modula-item-overlay\"><\/div>\n\n\t<div class=\"modula-item-content\">\n\n\t\t\t\t\n\t\t\t\t\t<a data-image-id=\"3553\" data-elementor-open-lightbox=\"no\" rel=\"jtg-3548\" data-caption=\"\" aria-label=\"Abrir imagen en lightbox\" class=\"tile-inner modula-item-link\"><\/a>\n\t\t\n\t\t<img fetchpriority=\"high\" class=\"pic wp-image-3553 lazyload\"  data-valign=\"middle\" data-halign=\"center\" alt=\"\" data-full=\"https:\/\/www.goldenchef.cn\/wp-content\/uploads\/2022\/10\/photobank-31.jpg\" title=\"banco de fotos-(31)\" width=\"300\" height=\"277\" data-src=\"https:\/\/www.goldenchef.cn\/wp-content\/uploads\/2022\/10\/photobank-31.jpg\" data-caption=\"\" data-source=\"modula\" data-srcset=\"https:\/\/www.goldenchef.cn\/wp-content\/uploads\/2022\/10\/photobank-31.jpg 750w, https:\/\/www.goldenchef.cn\/wp-content\/uploads\/2022\/10\/photobank-31-600x554.jpg 600w\" data-sizes=\"(max-width: 300px) 100vw, 300px\" \/>\n\t\t<div class=\"figc no-description\">\n\t\t\t<div class=\"figc-inner\">\n\t\t\t\t\t\t\t\t\t\t\t\t\t\t\t<\/div>\n\t\t<\/div>\n\n\t<\/div>\n\n<\/div><div class=\"modula-item effect-pufrobo\" >\n\t<div class=\"modula-item-overlay\"><\/div>\n\n\t<div class=\"modula-item-content\">\n\n\t\t\t\t\n\t\t\t\t\t<a data-image-id=\"3549\" data-elementor-open-lightbox=\"no\" rel=\"jtg-3548\" data-caption=\"\" aria-label=\"Abrir imagen en lightbox\" class=\"tile-inner modula-item-link\"><\/a>\n\t\t\n\t\t<img class=\"pic wp-image-3549 lazyload\"  data-valign=\"middle\" data-halign=\"center\" alt=\"\" data-full=\"https:\/\/www.goldenchef.cn\/wp-content\/uploads\/2022\/10\/photobank-18_01.jpg\" title=\"banco de fotos-(18)_01\" width=\"300\" height=\"263\" data-src=\"https:\/\/www.goldenchef.cn\/wp-content\/uploads\/2022\/10\/photobank-18_01.jpg\" data-caption=\"\" data-source=\"modula\" data-srcset=\"https:\/\/www.goldenchef.cn\/wp-content\/uploads\/2022\/10\/photobank-18_01.jpg 750w, https:\/\/www.goldenchef.cn\/wp-content\/uploads\/2022\/10\/photobank-18_01-600x526.jpg 600w\" data-sizes=\"(max-width: 300px) 100vw, 300px\" \/>\n\t\t<div class=\"figc no-description\">\n\t\t\t<div class=\"figc-inner\">\n\t\t\t\t\t\t\t\t\t\t\t\t\t\t\t<\/div>\n\t\t<\/div>\n\n\t<\/div>\n\n<\/div><div class=\"modula-item effect-pufrobo\" >\n\t<div class=\"modula-item-overlay\"><\/div>\n\n\t<div class=\"modula-item-content\">\n\n\t\t\t\t\n\t\t\t\t\t<a data-image-id=\"3550\" data-elementor-open-lightbox=\"no\" rel=\"jtg-3548\" data-caption=\"\" aria-label=\"Abrir imagen en lightbox\" class=\"tile-inner modula-item-link\"><\/a>\n\t\t\n\t\t<img loading=\"lazy\" class=\"pic wp-image-3550 lazyload\"  data-valign=\"middle\" data-halign=\"center\" alt=\"\" data-full=\"https:\/\/www.goldenchef.cn\/wp-content\/uploads\/2022\/10\/photobank-18_02.jpg\" title=\"banco de fotos-(18)_02\" width=\"300\" height=\"252\" data-src=\"https:\/\/www.goldenchef.cn\/wp-content\/uploads\/2022\/10\/photobank-18_02.jpg\" data-caption=\"\" data-source=\"modula\" data-srcset=\"https:\/\/www.goldenchef.cn\/wp-content\/uploads\/2022\/10\/photobank-18_02.jpg 750w, https:\/\/www.goldenchef.cn\/wp-content\/uploads\/2022\/10\/photobank-18_02-600x505.jpg 600w\" data-sizes=\"(max-width: 300px) 100vw, 300px\" \/>\n\t\t<div class=\"figc no-description\">\n\t\t\t<div class=\"figc-inner\">\n\t\t\t\t\t\t\t\t\t\t\t\t\t\t\t<\/div>\n\t\t<\/div>\n\n\t<\/div>\n\n<\/div><div class=\"modula-item effect-pufrobo\" >\n\t<div class=\"modula-item-overlay\"><\/div>\n\n\t<div class=\"modula-item-content\">\n\n\t\t\t\t\n\t\t\t\t\t<a data-image-id=\"3551\" data-elementor-open-lightbox=\"no\" rel=\"jtg-3548\" data-caption=\"\" aria-label=\"Abrir imagen en lightbox\" class=\"tile-inner modula-item-link\"><\/a>\n\t\t\n\t\t<img loading=\"lazy\" class=\"pic wp-image-3551 lazyload\"  data-valign=\"middle\" data-halign=\"center\" alt=\"\" data-full=\"https:\/\/www.goldenchef.cn\/wp-content\/uploads\/2022\/10\/photobank-18_03.jpg\" title=\"fotobanco-(18)_03\" width=\"300\" height=\"262\" data-src=\"https:\/\/www.goldenchef.cn\/wp-content\/uploads\/2022\/10\/photobank-18_03.jpg\" data-caption=\"\" data-source=\"modula\" data-srcset=\"https:\/\/www.goldenchef.cn\/wp-content\/uploads\/2022\/10\/photobank-18_03.jpg 750w, https:\/\/www.goldenchef.cn\/wp-content\/uploads\/2022\/10\/photobank-18_03-600x524.jpg 600w\" data-sizes=\"(max-width: 300px) 100vw, 300px\" \/>\n\t\t<div class=\"figc no-description\">\n\t\t\t<div class=\"figc-inner\">\n\t\t\t\t\t\t\t\t\t\t\t\t\t\t\t<\/div>\n\t\t<\/div>\n\n\t<\/div>\n\n<\/div>\t\t\n\t<\/div>\n\n\t\n\t\n\t<script type=\"application\/ld+json\">\n\t{\n\t\t\"@context\": \"http:\/\/schema.org\",\n\t\t\"@type\"   : \"ImageGallery\",\n\t\t\"id\"      : \"https:\/\/www.goldenchef.cn\/es\/wp-json\/wp\/v2\/product\/3554\",\n\t\t\"url\"     : \"https:\/\/www.goldenchef.cn\/es\/wp-json\/wp\/v2\/product\/3554\"\n\t}\n\n    <\/script>\n\n\t\n<\/div>\n<p><strong><a href=\"https:\/\/www.goldenchef.cn\/es\/what-is-a-dough-mixer-how-to-select-the-right-dough-mixer-for-you\/\">M\u00e1quina un pat\u00e9<\/a><\/strong><\/p>","protected":false},"excerpt":{"rendered":"<ul>\n<li>Marca: Mondo Cucina<\/li>\n<li>Equipamiento profesional<\/li>\n<li>Cintur\u00f3n de alta calidad y durabilidad<\/li>\n<li>Doble activo de alta eficiencia<\/li>\n<li>Robusto gancho amasador de acero inoxidable<\/li>\n<li>Cubeta y eje de acero inoxidable<\/li>\n<li>Equipado con protecci\u00f3n e interruptor de seguridad<\/li>\n<li>Una o dos velocidades a elegir<\/li>\n<li>Base s\u00f3lida, estable y resistente<\/li>\n<li>Fuerte y resistente<\/li>\n<li>Aprobaci\u00f3n CE<\/li>\n<\/ul>","protected":false},"featured_media":6111,"comment_status":"closed","ping_status":"closed","template":"","meta":[],"product_brand":[],"product_cat":[49,67],"product_tag":[103],"class_list":{"0":"post-3554","1":"product","2":"type-product","3":"status-publish","4":"has-post-thumbnail","6":"product_cat-dough-mixer","7":"product_cat-dh-fa-dough-mixer","8":"product_tag-dough-mixer","10":"first","11":"instock","12":"shipping-taxable","13":"product-type-simple"},"yoast_head":"<!-- This site is optimized with the Yoast SEO Premium plugin v22.5 (Yoast SEO v22.8) - https:\/\/yoast.com\/wordpress\/plugins\/seo\/ -->\n<title>Bread Kneader 90 KG 8KG 20L Frequency Changer Spiral Mixer<\/title>\n<meta name=\"description\" content=\"Golden Chef Machinery is the manufacturer &amp; exporter of food equipment and bakery machinery. Contact us to get best price for bread kneader.\" \/>\n<meta name=\"robots\" content=\"index, follow, max-snippet:-1, max-image-preview:large, max-video-preview:-1\" \/>\n<link rel=\"canonical\" href=\"https:\/\/www.goldenchef.cn\/es\/producto\/dough-mixer\/dh-fa-dough-mixer\/dh20fa\/\" \/>\n<meta property=\"og:locale\" content=\"es_MX\" \/>\n<meta property=\"og:type\" content=\"article\" \/>\n<meta property=\"og:title\" content=\"DH20FA Dough Mixer 8KG 20L Frequency Changer Spiral Mixer Double Speed\" \/>\n<meta property=\"og:description\" content=\"Golden Chef Machinery is the manufacturer &amp; exporter of food equipment and bakery machinery. Contact us to get best price for bread kneader.\" \/>\n<meta property=\"og:url\" content=\"https:\/\/www.goldenchef.cn\/es\/producto\/dough-mixer\/dh-fa-dough-mixer\/dh20fa\/\" \/>\n<meta property=\"og:site_name\" content=\"golden chef machinery\" \/>\n<meta property=\"article:modified_time\" content=\"2025-08-08T03:26:05+00:00\" \/>\n<meta property=\"og:image\" content=\"http:\/\/www.goldenchef.cn\/wp-content\/uploads\/2022\/10\/84.jpg\" \/>\n\t<meta property=\"og:image:width\" content=\"800\" \/>\n\t<meta property=\"og:image:height\" content=\"800\" \/>\n\t<meta property=\"og:image:type\" content=\"image\/jpeg\" \/>\n<meta name=\"twitter:card\" content=\"summary_large_image\" \/>\n<meta name=\"twitter:label1\" content=\"Precio\" \/>\n\t<meta name=\"twitter:data1\" content=\"\" \/>\n\t<meta name=\"twitter:label2\" content=\"Disponibilidad\" \/>\n\t<meta name=\"twitter:data2\" content=\"Disponible\" \/>\n<script type=\"application\/ld+json\" class=\"yoast-schema-graph\">{\"@context\":\"https:\/\/schema.org\",\"@graph\":[{\"@type\":\"WebPage\",\"@id\":\"https:\/\/www.goldenchef.cn\/product\/dough-mixer\/dh-fa-dough-mixer\/dh20fa\/\",\"url\":\"https:\/\/www.goldenchef.cn\/product\/dough-mixer\/dh-fa-dough-mixer\/dh20fa\/\",\"name\":\"Bread Kneader 90 KG 8KG 20L Frequency Changer Spiral Mixer\",\"isPartOf\":{\"@id\":\"https:\/\/www.goldenchef.cn\/#website\"},\"primaryImageOfPage\":{\"@id\":\"https:\/\/www.goldenchef.cn\/product\/dough-mixer\/dh-fa-dough-mixer\/dh20fa\/#primaryimage\"},\"image\":{\"@id\":\"https:\/\/www.goldenchef.cn\/product\/dough-mixer\/dh-fa-dough-mixer\/dh20fa\/#primaryimage\"},\"thumbnailUrl\":\"https:\/\/www.goldenchef.cn\/wp-content\/uploads\/2022\/10\/84.jpg\",\"datePublished\":\"2022-10-27T03:24:16+00:00\",\"dateModified\":\"2025-08-08T03:26:05+00:00\",\"description\":\"Golden Chef Machinery is the manufacturer & exporter of food equipment and bakery machinery. Contact us to get best price for bread kneader.\",\"breadcrumb\":{\"@id\":\"https:\/\/www.goldenchef.cn\/product\/dough-mixer\/dh-fa-dough-mixer\/dh20fa\/#breadcrumb\"},\"inLanguage\":\"es\",\"potentialAction\":[{\"@type\":\"ReadAction\",\"target\":[\"https:\/\/www.goldenchef.cn\/product\/dough-mixer\/dh-fa-dough-mixer\/dh20fa\/\"]}]},{\"@type\":\"ImageObject\",\"inLanguage\":\"es\",\"@id\":\"https:\/\/www.goldenchef.cn\/product\/dough-mixer\/dh-fa-dough-mixer\/dh20fa\/#primaryimage\",\"url\":\"https:\/\/www.goldenchef.cn\/wp-content\/uploads\/2022\/10\/84.jpg\",\"contentUrl\":\"https:\/\/www.goldenchef.cn\/wp-content\/uploads\/2022\/10\/84.jpg\",\"width\":800,\"height\":800,\"caption\":\"dough maker, dough maker machine, dough mixer, spiral mixer\"},{\"@type\":\"BreadcrumbList\",\"@id\":\"https:\/\/www.goldenchef.cn\/product\/dough-mixer\/dh-fa-dough-mixer\/dh20fa\/#breadcrumb\",\"itemListElement\":[{\"@type\":\"ListItem\",\"position\":1,\"name\":\"homepage\",\"item\":\"https:\/\/www.goldenchef.cn\/\"},{\"@type\":\"ListItem\",\"position\":2,\"name\":\"All Product\",\"item\":\"https:\/\/www.goldenchef.cn\/shop\/\"},{\"@type\":\"ListItem\",\"position\":3,\"name\":\"DH20FA Dough Mixer 8KG 20L Frequency Changer Spiral Mixer Double Speed\"}]},{\"@type\":\"WebSite\",\"@id\":\"https:\/\/www.goldenchef.cn\/#website\",\"url\":\"https:\/\/www.goldenchef.cn\/\",\"name\":\"golden chef machinery\",\"description\":\"If kitchen have dream, we are dream maker\",\"publisher\":{\"@id\":\"https:\/\/www.goldenchef.cn\/#organization\"},\"potentialAction\":[{\"@type\":\"SearchAction\",\"target\":{\"@type\":\"EntryPoint\",\"urlTemplate\":\"https:\/\/www.goldenchef.cn\/?s={search_term_string}\"},\"query-input\":\"required name=search_term_string\"}],\"inLanguage\":\"es\"},{\"@type\":[\"Organization\",\"Place\"],\"@id\":\"https:\/\/www.goldenchef.cn\/#organization\",\"name\":\"golden chef machinery\",\"url\":\"https:\/\/www.goldenchef.cn\/\",\"logo\":{\"@id\":\"https:\/\/www.goldenchef.cn\/product\/dough-mixer\/dh-fa-dough-mixer\/dh20fa\/#local-main-organization-logo\"},\"image\":{\"@id\":\"https:\/\/www.goldenchef.cn\/product\/dough-mixer\/dh-fa-dough-mixer\/dh20fa\/#local-main-organization-logo\"},\"openingHoursSpecification\":[{\"@type\":\"OpeningHoursSpecification\",\"dayOfWeek\":[\"Monday\",\"Tuesday\",\"Wednesday\",\"Thursday\",\"Friday\",\"Saturday\",\"Sunday\"],\"opens\":\"09:00\",\"closes\":\"17:00\"}]},{\"@type\":\"ImageObject\",\"inLanguage\":\"es\",\"@id\":\"https:\/\/www.goldenchef.cn\/product\/dough-mixer\/dh-fa-dough-mixer\/dh20fa\/#local-main-organization-logo\",\"url\":\"https:\/\/www.goldenchef.cn\/wp-content\/uploads\/2023\/08\/cropped-200k.png\",\"contentUrl\":\"https:\/\/www.goldenchef.cn\/wp-content\/uploads\/2023\/08\/cropped-200k.png\",\"width\":512,\"height\":512,\"caption\":\"golden chef machinery\"}]}<\/script>\n<meta property=\"product:price:amount\" content=\"0.00\" \/>\n<meta property=\"product:price:currency\" content=\"USD\" \/>\n<meta property=\"og:availability\" content=\"instock\" \/>\n<meta property=\"product:availability\" content=\"instock\" \/>\n<meta property=\"product:condition\" content=\"new\" \/>\n<!-- \/ Yoast SEO Premium plugin. -->","yoast_head_json":{"title":"Bread Kneader 90 KG 8KG 20L Frequency Changer Spiral Mixer","description":"Golden Chef Machinery is the manufacturer & exporter of food equipment and bakery machinery. Contact us to get best price for bread kneader.","robots":{"index":"index","follow":"follow","max-snippet":"max-snippet:-1","max-image-preview":"max-image-preview:large","max-video-preview":"max-video-preview:-1"},"canonical":"https:\/\/www.goldenchef.cn\/es\/producto\/dough-mixer\/dh-fa-dough-mixer\/dh20fa\/","og_locale":"es_MX","og_type":"article","og_title":"DH20FA Dough Mixer 8KG 20L Frequency Changer Spiral Mixer Double Speed","og_description":"Golden Chef Machinery is the manufacturer & exporter of food equipment and bakery machinery. Contact us to get best price for bread kneader.","og_url":"https:\/\/www.goldenchef.cn\/es\/producto\/dough-mixer\/dh-fa-dough-mixer\/dh20fa\/","og_site_name":"golden chef machinery","article_modified_time":"2025-08-08T03:26:05+00:00","og_image":[{"width":800,"height":800,"url":"http:\/\/www.goldenchef.cn\/wp-content\/uploads\/2022\/10\/84.jpg","type":"image\/jpeg"}],"twitter_card":"summary_large_image","twitter_misc":{"Precio":"","Disponibilidad":"Disponible"},"schema":{"@context":"https:\/\/schema.org","@graph":[{"@type":"WebPage","@id":"https:\/\/www.goldenchef.cn\/product\/dough-mixer\/dh-fa-dough-mixer\/dh20fa\/","url":"https:\/\/www.goldenchef.cn\/product\/dough-mixer\/dh-fa-dough-mixer\/dh20fa\/","name":"Bread Kneader 90 KG 8KG 20L Frequency Changer Spiral Mixer","isPartOf":{"@id":"https:\/\/www.goldenchef.cn\/#website"},"primaryImageOfPage":{"@id":"https:\/\/www.goldenchef.cn\/product\/dough-mixer\/dh-fa-dough-mixer\/dh20fa\/#primaryimage"},"image":{"@id":"https:\/\/www.goldenchef.cn\/product\/dough-mixer\/dh-fa-dough-mixer\/dh20fa\/#primaryimage"},"thumbnailUrl":"https:\/\/www.goldenchef.cn\/wp-content\/uploads\/2022\/10\/84.jpg","datePublished":"2022-10-27T03:24:16+00:00","dateModified":"2025-08-08T03:26:05+00:00","description":"Golden Chef Machinery is the manufacturer & exporter of food equipment and bakery machinery. Contact us to get best price for bread kneader.","breadcrumb":{"@id":"https:\/\/www.goldenchef.cn\/product\/dough-mixer\/dh-fa-dough-mixer\/dh20fa\/#breadcrumb"},"inLanguage":"es","potentialAction":[{"@type":"ReadAction","target":["https:\/\/www.goldenchef.cn\/product\/dough-mixer\/dh-fa-dough-mixer\/dh20fa\/"]}]},{"@type":"ImageObject","inLanguage":"es","@id":"https:\/\/www.goldenchef.cn\/product\/dough-mixer\/dh-fa-dough-mixer\/dh20fa\/#primaryimage","url":"https:\/\/www.goldenchef.cn\/wp-content\/uploads\/2022\/10\/84.jpg","contentUrl":"https:\/\/www.goldenchef.cn\/wp-content\/uploads\/2022\/10\/84.jpg","width":800,"height":800,"caption":"dough maker, dough maker machine, dough mixer, spiral mixer"},{"@type":"BreadcrumbList","@id":"https:\/\/www.goldenchef.cn\/product\/dough-mixer\/dh-fa-dough-mixer\/dh20fa\/#breadcrumb","itemListElement":[{"@type":"ListItem","position":1,"name":"homepage","item":"https:\/\/www.goldenchef.cn\/"},{"@type":"ListItem","position":2,"name":"All Product","item":"https:\/\/www.goldenchef.cn\/shop\/"},{"@type":"ListItem","position":3,"name":"DH20FA Dough Mixer 8KG 20L Frequency Changer Spiral Mixer Double Speed"}]},{"@type":"WebSite","@id":"https:\/\/www.goldenchef.cn\/#website","url":"https:\/\/www.goldenchef.cn\/","name":"golden chef machinery","description":"If kitchen have dream, we are dream maker","publisher":{"@id":"https:\/\/www.goldenchef.cn\/#organization"},"potentialAction":[{"@type":"SearchAction","target":{"@type":"EntryPoint","urlTemplate":"https:\/\/www.goldenchef.cn\/?s={search_term_string}"},"query-input":"required name=search_term_string"}],"inLanguage":"es"},{"@type":["Organization","Place"],"@id":"https:\/\/www.goldenchef.cn\/#organization","name":"golden chef machinery","url":"https:\/\/www.goldenchef.cn\/","logo":{"@id":"https:\/\/www.goldenchef.cn\/product\/dough-mixer\/dh-fa-dough-mixer\/dh20fa\/#local-main-organization-logo"},"image":{"@id":"https:\/\/www.goldenchef.cn\/product\/dough-mixer\/dh-fa-dough-mixer\/dh20fa\/#local-main-organization-logo"},"openingHoursSpecification":[{"@type":"OpeningHoursSpecification","dayOfWeek":["Monday","Tuesday","Wednesday","Thursday","Friday","Saturday","Sunday"],"opens":"09:00","closes":"17:00"}]},{"@type":"ImageObject","inLanguage":"es","@id":"https:\/\/www.goldenchef.cn\/product\/dough-mixer\/dh-fa-dough-mixer\/dh20fa\/#local-main-organization-logo","url":"https:\/\/www.goldenchef.cn\/wp-content\/uploads\/2023\/08\/cropped-200k.png","contentUrl":"https:\/\/www.goldenchef.cn\/wp-content\/uploads\/2023\/08\/cropped-200k.png","width":512,"height":512,"caption":"golden chef machinery"}]},"product_price_amount":"0.00","product_price_currency":"USD","og_availability":"instock","product_availability":"instock","product_condition":"new"},"_links":{"self":[{"href":"https:\/\/www.goldenchef.cn\/es\/wp-json\/wp\/v2\/product\/3554"}],"collection":[{"href":"https:\/\/www.goldenchef.cn\/es\/wp-json\/wp\/v2\/product"}],"about":[{"href":"https:\/\/www.goldenchef.cn\/es\/wp-json\/wp\/v2\/types\/product"}],"replies":[{"embeddable":true,"href":"https:\/\/www.goldenchef.cn\/es\/wp-json\/wp\/v2\/comments?post=3554"}],"wp:featuredmedia":[{"embeddable":true,"href":"https:\/\/www.goldenchef.cn\/es\/wp-json\/wp\/v2\/media\/6111"}],"wp:attachment":[{"href":"https:\/\/www.goldenchef.cn\/es\/wp-json\/wp\/v2\/media?parent=3554"}],"wp:term":[{"taxonomy":"product_brand","embeddable":true,"href":"https:\/\/www.goldenchef.cn\/es\/wp-json\/wp\/v2\/product_brand?post=3554"},{"taxonomy":"product_cat","embeddable":true,"href":"https:\/\/www.goldenchef.cn\/es\/wp-json\/wp\/v2\/product_cat?post=3554"},{"taxonomy":"product_tag","embeddable":true,"href":"https:\/\/www.goldenchef.cn\/es\/wp-json\/wp\/v2\/product_tag?post=3554"}],"curies":[{"name":"wp","href":"https:\/\/api.w.org\/{rel}","templated":true}]}}