{"id":3695,"date":"2022-11-02T11:03:49","date_gmt":"2022-11-02T03:03:49","guid":{"rendered":"http:\/\/www.goldenchef.cn\/?post_type=product&#038;p=3695"},"modified":"2024-03-11T16:34:40","modified_gmt":"2024-03-11T08:34:40","slug":"hs200","status":"publish","type":"product","link":"https:\/\/www.goldenchef.cn\/es\/producto\/dough-mixer\/hs-dough-mixer\/hs200\/","title":{"rendered":"HS200 Amasadora 75KG 200L \/ Heavy Duty \/ Construcci\u00f3n de cadena"},"content":{"rendered":"<p><strong>amasadora de pasteles precio, equipo de panaderia amasadora de harina de pasta comercial amasadora profesional de 2 velocidades <a href=\"https:\/\/www.goldenchef.cn\/es\/service\/spiral-mixer\/\">mezcladora en espiral<\/a><\/strong><\/p>\n<p>Modelo HS200<br \/>\nCapacidad: 200 L<br \/>\nCapacidad m\u00e1xima de amasado: 75 KG<br \/>\nVelocidad de mezcla: 210\/107 RPM<br \/>\nPotencia: 5\/7,5 kW<br \/>\nTensi\u00f3n: 380 V<br \/>\nTama\u00f1o: 1332X950X1510 MM<br \/>\nPeso: 695 KG<\/p>\n<p>Golden Chef Machinery Co., Ltd. es el fabricante y exportador de equipos de alimentos y maquinaria de panader\u00eda. Nuestra empresa se encuentra en Guangzhou, la ciudad donde se celebra la feria del cant\u00f3n dos veces al a\u00f1o. Contacte con nosotros para obtener el precio de la batidora de pasteles.<\/p>\n<p>El sistema de gesti\u00f3n de calidad ISO9001:2016 se ha aplicado estrictamente en todo el proceso de producci\u00f3n. En sus 30 a\u00f1os de historia de experiencia, conocimiento y habilidad, GOLDENCHEF ha construido una s\u00f3lida reputaci\u00f3n como uno de los principales fabricantes de equipos de alimentos y maquinaria de panader\u00eda.<\/p>\n<p>Productos obtenidos patentes y obtener la aprobaci\u00f3n de ETL, NSF, CE, ROHS, UKCA, IEC certificados. El equipo profesional proporciona el servicio modificado para requisitos particulares de OEM\/ODM sobre 100 pa\u00edses y regiones, buena relaci\u00f3n cooperada establecida con m\u00e1s de 200 distribuidores en todo el mundo, ventas anuales sobre 200.000 unidades.<\/p>\n<p>GOLDEN CHEF cuenta con un equipo profesional que presta servicios a los clientes de ultramar. Incluyendo fabricaci\u00f3n, ventas, control de calidad, carga de contenedores, despacho de aduanas, log\u00edstica y servicio postventa. Nuestro objetivo es proporcionar servicios completos en los negocios internacionales para garantizar la comodidad de los clientes.<\/p>\n<p><strong><a href=\"https:\/\/www.goldenchef.cn\/es\/four-different-types-of-dough-mixer-is-right-for-your-bakery-html\/\">2021 M\u00e1quina amasadora para pan y pizza<\/a><\/strong><\/p>\n<p><strong><a href=\"https:\/\/www.goldenchef.cn\/es\/horizontal-or-spiral-mixer-which-is-right-for-you-html\/\">Mezcladora horizontal o mezcladora en espiral: \u00bfCu\u00e1l es la m\u00e1s adecuada para usted?<\/a><\/strong><\/p>\n<p>&nbsp;<\/p>","protected":false},"excerpt":{"rendered":"<ul>\n<li>Marca: Mondo Cucina<\/li>\n<li>Equipamiento profesional<\/li>\n<li>Robusto gancho y eje de amasar de acero inoxidable<\/li>\n<li>Recipiente resistente adecuado para el pan con bajo porcentaje de agua<\/li>\n<li>F\u00e1cil de manejar<\/li>\n<li>F\u00e1cil de limpiar<\/li>\n<li>Base ancha s\u00f3lida, estable y resistente<\/li>\n<li>Aprobaci\u00f3n CE<\/li>\n<\/ul>","protected":false},"featured_media":3686,"comment_status":"closed","ping_status":"closed","template":"","meta":[],"product_brand":[],"product_cat":[49,73],"product_tag":[103],"class_list":{"0":"post-3695","1":"product","2":"type-product","3":"status-publish","4":"has-post-thumbnail","6":"product_cat-dough-mixer","7":"product_cat-hs-dough-mixer","8":"product_tag-dough-mixer","10":"first","11":"instock","12":"shipping-taxable","13":"product-type-simple"},"yoast_head":"<!-- This site is optimized with the Yoast SEO Premium plugin v22.5 (Yoast SEO v22.8) - https:\/\/yoast.com\/wordpress\/plugins\/seo\/ -->\n<title>Cake Mixer Price HS200 75KG 200L \/ Heavy Duty \/ Chain Construction<\/title>\n<meta name=\"description\" content=\"Golden Chef is the manufacturer &amp; exporter of food equipment and bakery machinery. Contact with us to get cake mixer price.\" \/>\n<meta name=\"robots\" content=\"index, follow, max-snippet:-1, max-image-preview:large, max-video-preview:-1\" \/>\n<link rel=\"canonical\" href=\"https:\/\/www.goldenchef.cn\/es\/producto\/dough-mixer\/hs-dough-mixer\/hs200\/\" \/>\n<meta property=\"og:locale\" content=\"es_MX\" \/>\n<meta property=\"og:type\" content=\"article\" \/>\n<meta property=\"og:title\" content=\"HS200 Dough Mixer 75KG 200L \/ Heavy Duty \/ Chain Construction\" \/>\n<meta property=\"og:description\" content=\"Golden Chef is the manufacturer &amp; exporter of food equipment and bakery machinery. Contact with us to get cake mixer price.\" \/>\n<meta property=\"og:url\" content=\"https:\/\/www.goldenchef.cn\/es\/producto\/dough-mixer\/hs-dough-mixer\/hs200\/\" \/>\n<meta property=\"og:site_name\" content=\"golden chef machinery\" \/>\n<meta property=\"article:modified_time\" content=\"2024-03-11T08:34:40+00:00\" \/>\n<meta property=\"og:image\" content=\"http:\/\/www.goldenchef.cn\/wp-content\/uploads\/2022\/11\/HS3.jpg\" \/>\n\t<meta property=\"og:image:width\" content=\"750\" \/>\n\t<meta property=\"og:image:height\" content=\"728\" \/>\n\t<meta property=\"og:image:type\" content=\"image\/jpeg\" \/>\n<meta name=\"twitter:card\" content=\"summary_large_image\" \/>\n<meta name=\"twitter:label1\" content=\"Precio\" \/>\n\t<meta name=\"twitter:data1\" content=\"\" \/>\n\t<meta name=\"twitter:label2\" content=\"Disponibilidad\" \/>\n\t<meta name=\"twitter:data2\" content=\"Disponible\" \/>\n<script type=\"application\/ld+json\" class=\"yoast-schema-graph\">{\"@context\":\"https:\/\/schema.org\",\"@graph\":[{\"@type\":\"WebPage\",\"@id\":\"https:\/\/www.goldenchef.cn\/product\/dough-mixer\/hs-dough-mixer\/hs200\/\",\"url\":\"https:\/\/www.goldenchef.cn\/product\/dough-mixer\/hs-dough-mixer\/hs200\/\",\"name\":\"Cake Mixer Price HS200 75KG 200L \/ Heavy Duty \/ Chain Construction\",\"isPartOf\":{\"@id\":\"https:\/\/www.goldenchef.cn\/#website\"},\"primaryImageOfPage\":{\"@id\":\"https:\/\/www.goldenchef.cn\/product\/dough-mixer\/hs-dough-mixer\/hs200\/#primaryimage\"},\"image\":{\"@id\":\"https:\/\/www.goldenchef.cn\/product\/dough-mixer\/hs-dough-mixer\/hs200\/#primaryimage\"},\"thumbnailUrl\":\"https:\/\/www.goldenchef.cn\/wp-content\/uploads\/2022\/11\/HS3.jpg\",\"datePublished\":\"2022-11-02T03:03:49+00:00\",\"dateModified\":\"2024-03-11T08:34:40+00:00\",\"description\":\"Golden Chef is the manufacturer & exporter of food equipment and bakery machinery. Contact with us to get cake mixer price.\",\"breadcrumb\":{\"@id\":\"https:\/\/www.goldenchef.cn\/product\/dough-mixer\/hs-dough-mixer\/hs200\/#breadcrumb\"},\"inLanguage\":\"es\",\"potentialAction\":[{\"@type\":\"ReadAction\",\"target\":[\"https:\/\/www.goldenchef.cn\/product\/dough-mixer\/hs-dough-mixer\/hs200\/\"]}]},{\"@type\":\"ImageObject\",\"inLanguage\":\"es\",\"@id\":\"https:\/\/www.goldenchef.cn\/product\/dough-mixer\/hs-dough-mixer\/hs200\/#primaryimage\",\"url\":\"https:\/\/www.goldenchef.cn\/wp-content\/uploads\/2022\/11\/HS3.jpg\",\"contentUrl\":\"https:\/\/www.goldenchef.cn\/wp-content\/uploads\/2022\/11\/HS3.jpg\",\"width\":750,\"height\":728,\"caption\":\"cake mixer price\"},{\"@type\":\"BreadcrumbList\",\"@id\":\"https:\/\/www.goldenchef.cn\/product\/dough-mixer\/hs-dough-mixer\/hs200\/#breadcrumb\",\"itemListElement\":[{\"@type\":\"ListItem\",\"position\":1,\"name\":\"homepage\",\"item\":\"https:\/\/www.goldenchef.cn\/\"},{\"@type\":\"ListItem\",\"position\":2,\"name\":\"All Product\",\"item\":\"https:\/\/www.goldenchef.cn\/shop\/\"},{\"@type\":\"ListItem\",\"position\":3,\"name\":\"HS200 Dough Mixer 75KG 200L \/ Heavy Duty \/ Chain Construction\"}]},{\"@type\":\"WebSite\",\"@id\":\"https:\/\/www.goldenchef.cn\/#website\",\"url\":\"https:\/\/www.goldenchef.cn\/\",\"name\":\"golden chef machinery\",\"description\":\"If kitchen have dream, we are dream maker\",\"publisher\":{\"@id\":\"https:\/\/www.goldenchef.cn\/#organization\"},\"potentialAction\":[{\"@type\":\"SearchAction\",\"target\":{\"@type\":\"EntryPoint\",\"urlTemplate\":\"https:\/\/www.goldenchef.cn\/?s={search_term_string}\"},\"query-input\":\"required name=search_term_string\"}],\"inLanguage\":\"es\"},{\"@type\":[\"Organization\",\"Place\"],\"@id\":\"https:\/\/www.goldenchef.cn\/#organization\",\"name\":\"golden chef machinery\",\"url\":\"https:\/\/www.goldenchef.cn\/\",\"logo\":{\"@id\":\"https:\/\/www.goldenchef.cn\/product\/dough-mixer\/hs-dough-mixer\/hs200\/#local-main-organization-logo\"},\"image\":{\"@id\":\"https:\/\/www.goldenchef.cn\/product\/dough-mixer\/hs-dough-mixer\/hs200\/#local-main-organization-logo\"},\"openingHoursSpecification\":[{\"@type\":\"OpeningHoursSpecification\",\"dayOfWeek\":[\"Monday\",\"Tuesday\",\"Wednesday\",\"Thursday\",\"Friday\",\"Saturday\",\"Sunday\"],\"opens\":\"09:00\",\"closes\":\"17:00\"}]},{\"@type\":\"ImageObject\",\"inLanguage\":\"es\",\"@id\":\"https:\/\/www.goldenchef.cn\/product\/dough-mixer\/hs-dough-mixer\/hs200\/#local-main-organization-logo\",\"url\":\"https:\/\/www.goldenchef.cn\/wp-content\/uploads\/2023\/08\/cropped-200k.png\",\"contentUrl\":\"https:\/\/www.goldenchef.cn\/wp-content\/uploads\/2023\/08\/cropped-200k.png\",\"width\":512,\"height\":512,\"caption\":\"golden chef machinery\"}]}<\/script>\n<meta property=\"product:price:amount\" content=\"0.00\" \/>\n<meta property=\"product:price:currency\" content=\"USD\" \/>\n<meta property=\"og:availability\" content=\"instock\" \/>\n<meta property=\"product:availability\" content=\"instock\" \/>\n<meta property=\"product:condition\" content=\"new\" \/>\n<!-- \/ Yoast SEO Premium plugin. -->","yoast_head_json":{"title":"Cake Mixer Price HS200 75KG 200L \/ Heavy Duty \/ Chain Construction","description":"Golden Chef is the manufacturer & exporter of food equipment and bakery machinery. Contact with us to get cake mixer price.","robots":{"index":"index","follow":"follow","max-snippet":"max-snippet:-1","max-image-preview":"max-image-preview:large","max-video-preview":"max-video-preview:-1"},"canonical":"https:\/\/www.goldenchef.cn\/es\/producto\/dough-mixer\/hs-dough-mixer\/hs200\/","og_locale":"es_MX","og_type":"article","og_title":"HS200 Dough Mixer 75KG 200L \/ Heavy Duty \/ Chain Construction","og_description":"Golden Chef is the manufacturer & exporter of food equipment and bakery machinery. Contact with us to get cake mixer price.","og_url":"https:\/\/www.goldenchef.cn\/es\/producto\/dough-mixer\/hs-dough-mixer\/hs200\/","og_site_name":"golden chef machinery","article_modified_time":"2024-03-11T08:34:40+00:00","og_image":[{"width":750,"height":728,"url":"http:\/\/www.goldenchef.cn\/wp-content\/uploads\/2022\/11\/HS3.jpg","type":"image\/jpeg"}],"twitter_card":"summary_large_image","twitter_misc":{"Precio":"","Disponibilidad":"Disponible"},"schema":{"@context":"https:\/\/schema.org","@graph":[{"@type":"WebPage","@id":"https:\/\/www.goldenchef.cn\/product\/dough-mixer\/hs-dough-mixer\/hs200\/","url":"https:\/\/www.goldenchef.cn\/product\/dough-mixer\/hs-dough-mixer\/hs200\/","name":"Cake Mixer Price HS200 75KG 200L \/ Heavy Duty \/ Chain Construction","isPartOf":{"@id":"https:\/\/www.goldenchef.cn\/#website"},"primaryImageOfPage":{"@id":"https:\/\/www.goldenchef.cn\/product\/dough-mixer\/hs-dough-mixer\/hs200\/#primaryimage"},"image":{"@id":"https:\/\/www.goldenchef.cn\/product\/dough-mixer\/hs-dough-mixer\/hs200\/#primaryimage"},"thumbnailUrl":"https:\/\/www.goldenchef.cn\/wp-content\/uploads\/2022\/11\/HS3.jpg","datePublished":"2022-11-02T03:03:49+00:00","dateModified":"2024-03-11T08:34:40+00:00","description":"Golden Chef is the manufacturer & exporter of food equipment and bakery machinery. Contact with us to get cake mixer price.","breadcrumb":{"@id":"https:\/\/www.goldenchef.cn\/product\/dough-mixer\/hs-dough-mixer\/hs200\/#breadcrumb"},"inLanguage":"es","potentialAction":[{"@type":"ReadAction","target":["https:\/\/www.goldenchef.cn\/product\/dough-mixer\/hs-dough-mixer\/hs200\/"]}]},{"@type":"ImageObject","inLanguage":"es","@id":"https:\/\/www.goldenchef.cn\/product\/dough-mixer\/hs-dough-mixer\/hs200\/#primaryimage","url":"https:\/\/www.goldenchef.cn\/wp-content\/uploads\/2022\/11\/HS3.jpg","contentUrl":"https:\/\/www.goldenchef.cn\/wp-content\/uploads\/2022\/11\/HS3.jpg","width":750,"height":728,"caption":"cake mixer price"},{"@type":"BreadcrumbList","@id":"https:\/\/www.goldenchef.cn\/product\/dough-mixer\/hs-dough-mixer\/hs200\/#breadcrumb","itemListElement":[{"@type":"ListItem","position":1,"name":"homepage","item":"https:\/\/www.goldenchef.cn\/"},{"@type":"ListItem","position":2,"name":"All Product","item":"https:\/\/www.goldenchef.cn\/shop\/"},{"@type":"ListItem","position":3,"name":"HS200 Dough Mixer 75KG 200L \/ Heavy Duty \/ Chain Construction"}]},{"@type":"WebSite","@id":"https:\/\/www.goldenchef.cn\/#website","url":"https:\/\/www.goldenchef.cn\/","name":"golden chef machinery","description":"If kitchen have dream, we are dream maker","publisher":{"@id":"https:\/\/www.goldenchef.cn\/#organization"},"potentialAction":[{"@type":"SearchAction","target":{"@type":"EntryPoint","urlTemplate":"https:\/\/www.goldenchef.cn\/?s={search_term_string}"},"query-input":"required name=search_term_string"}],"inLanguage":"es"},{"@type":["Organization","Place"],"@id":"https:\/\/www.goldenchef.cn\/#organization","name":"golden chef machinery","url":"https:\/\/www.goldenchef.cn\/","logo":{"@id":"https:\/\/www.goldenchef.cn\/product\/dough-mixer\/hs-dough-mixer\/hs200\/#local-main-organization-logo"},"image":{"@id":"https:\/\/www.goldenchef.cn\/product\/dough-mixer\/hs-dough-mixer\/hs200\/#local-main-organization-logo"},"openingHoursSpecification":[{"@type":"OpeningHoursSpecification","dayOfWeek":["Monday","Tuesday","Wednesday","Thursday","Friday","Saturday","Sunday"],"opens":"09:00","closes":"17:00"}]},{"@type":"ImageObject","inLanguage":"es","@id":"https:\/\/www.goldenchef.cn\/product\/dough-mixer\/hs-dough-mixer\/hs200\/#local-main-organization-logo","url":"https:\/\/www.goldenchef.cn\/wp-content\/uploads\/2023\/08\/cropped-200k.png","contentUrl":"https:\/\/www.goldenchef.cn\/wp-content\/uploads\/2023\/08\/cropped-200k.png","width":512,"height":512,"caption":"golden chef machinery"}]},"product_price_amount":"0.00","product_price_currency":"USD","og_availability":"instock","product_availability":"instock","product_condition":"new"},"_links":{"self":[{"href":"https:\/\/www.goldenchef.cn\/es\/wp-json\/wp\/v2\/product\/3695"}],"collection":[{"href":"https:\/\/www.goldenchef.cn\/es\/wp-json\/wp\/v2\/product"}],"about":[{"href":"https:\/\/www.goldenchef.cn\/es\/wp-json\/wp\/v2\/types\/product"}],"replies":[{"embeddable":true,"href":"https:\/\/www.goldenchef.cn\/es\/wp-json\/wp\/v2\/comments?post=3695"}],"wp:featuredmedia":[{"embeddable":true,"href":"https:\/\/www.goldenchef.cn\/es\/wp-json\/wp\/v2\/media\/3686"}],"wp:attachment":[{"href":"https:\/\/www.goldenchef.cn\/es\/wp-json\/wp\/v2\/media?parent=3695"}],"wp:term":[{"taxonomy":"product_brand","embeddable":true,"href":"https:\/\/www.goldenchef.cn\/es\/wp-json\/wp\/v2\/product_brand?post=3695"},{"taxonomy":"product_cat","embeddable":true,"href":"https:\/\/www.goldenchef.cn\/es\/wp-json\/wp\/v2\/product_cat?post=3695"},{"taxonomy":"product_tag","embeddable":true,"href":"https:\/\/www.goldenchef.cn\/es\/wp-json\/wp\/v2\/product_tag?post=3695"}],"curies":[{"name":"wp","href":"https:\/\/api.w.org\/{rel}","templated":true}]}}