{"id":3696,"date":"2022-11-02T11:05:50","date_gmt":"2022-11-02T03:05:50","guid":{"rendered":"http:\/\/www.goldenchef.cn\/?post_type=product&#038;p=3696"},"modified":"2024-03-11T16:34:20","modified_gmt":"2024-03-11T08:34:20","slug":"hwh-15a-b","status":"publish","type":"product","link":"https:\/\/www.goldenchef.cn\/es\/producto\/dough-mixer\/hwh-horizontal-dough-mixer\/hwh-15a-b\/","title":{"rendered":"HWH-15A\/B Amasadora Horizontal 15KG 40L Mezclador de Harina Interruptor de Seguridad"},"content":{"rendered":"<p><strong>Amasadora horizontal, Amasadora espiral, Amasadora comercial<\/strong><\/p>\n<p>Modelo: HWH-15A\/B<br \/>\nCapacidad: 40 L<br \/>\nCapacidad m\u00e1xima de amasado: 15 KG<br \/>\nVelocidad de mezcla: 50 RPM<br \/>\nPotencia: 1,1 kW<br \/>\nTensi\u00f3n: 220V<br \/>\nTama\u00f1o: 640X490X820 MM<br \/>\nPeso: 80 KG<\/p>\n<p>Golden Chef Machinery Co., Ltd. es el fabricante y exportador de equipos de alimentos y maquinaria de panader\u00eda. Nuestra empresa se encuentra en Guangzhou, la ciudad donde la feria del cant\u00f3n se celebra dos veces al a\u00f1o. P\u00f3ngase en contacto con nosotros para obtener precio de f\u00e1brica para amasadora horizontal.<\/p>\n<p>El sistema de gesti\u00f3n de calidad ISO9001:2016 se ha aplicado estrictamente en todo el proceso de producci\u00f3n. En sus 30 a\u00f1os de historia de experiencia, conocimiento y habilidad, GOLDENCHEF ha construido una s\u00f3lida reputaci\u00f3n como uno de los principales fabricantes de equipos de alimentos y maquinaria de panader\u00eda.<\/p>\n<p>Productos obtenidos patentes y obtener la aprobaci\u00f3n de ETL, NSF, CE, ROHS, UKCA, IEC certificados. El equipo profesional proporciona el servicio modificado para requisitos particulares de OEM\/ODM sobre 100 pa\u00edses y regiones, buena relaci\u00f3n cooperada establecida con m\u00e1s de 200 distribuidores en todo el mundo, ventas anuales sobre 200.000 unidades.<\/p>\n<p><strong><a href=\"https:\/\/www.goldenchef.cn\/es\/four-different-types-of-dough-mixer-is-right-for-your-bakery-html\/\">2021 M\u00e1quina amasadora para pan y pizza<\/a><\/strong><\/p>\n<style>#jtg-3701 .modula-item .jtg-social a, .lightbox-socials.jtg-social a{ color: #ffffff }#jtg-3701 .modula-item .jtg-social svg, .lightbox-socials.jtg-social svg { height: 16px; width: 16px }#jtg-3701 .modula-item .jtg-social a:not(:last-child), .lightbox-socials.jtg-social a:not(:last-child) { margin-right: 10px }#jtg-3701 .modula-item .figc {color:#ffffff;}#jtg-3701 .modula-item .modula-item-content { transform: scale(1) }#jtg-3701 { width:100%;}#jtg-3701 .modula-items{height:800px;}@media screen and (max-width: 992px) {#jtg-3701 .modula-items{height:800px;}}@media screen and (max-width: 768px) {#jtg-3701 .modula-items{height:800px;}}#jtg-3701 .modula-items .figc p.description { font-size:14px; }#jtg-3701 .modula-items .figc p.description { color:#ffffff;}#jtg-3701.modula-gallery .modula-item > a, #jtg-3701.modula-gallery .modula-item, #jtg-3701.modula-gallery .modula-item-content > a:not(.modula-no-follow) { cursor:zoom-in; } #jtg-3701.modula-gallery .modula-item-content .modula-no-follow { cursor: default; } @media screen and (max-width:480px){#jtg-3701 .modula-item .figc .jtg-title {  font-size: 12px; }#jtg-3701 .modula-items .figc p.description { color:#ffffff;font-size:10px; }}<\/style>\n<!-- Gallery Container -->\n<div  id=\"jtg-3701\" class=\"modula modula-gallery modula-creative-gallery\" data-config=\"{&quot;height&quot;:800,&quot;tabletHeight&quot;:800,&quot;mobileHeight&quot;:800,&quot;desktopHeight&quot;:800,&quot;enableTwitter&quot;:false,&quot;enableWhatsapp&quot;:false,&quot;enableFacebook&quot;:false,&quot;enablePinterest&quot;:false,&quot;enableLinkedin&quot;:false,&quot;enableEmail&quot;:false,&quot;randomFactor&quot;:0.5,&quot;type&quot;:&quot;creative-gallery&quot;,&quot;columns&quot;:12,&quot;gutter&quot;:10,&quot;mobileGutter&quot;:10,&quot;tabletGutter&quot;:10,&quot;desktopGutter&quot;:10,&quot;enableResponsive&quot;:&quot;0&quot;,&quot;tabletColumns&quot;:&quot;2&quot;,&quot;mobileColumns&quot;:&quot;1&quot;,&quot;lazyLoad&quot;:&quot;1&quot;,&quot;lightboxOpts&quot;:{&quot;loop&quot;:false,&quot;arrows&quot;:true,&quot;toolbar&quot;:true,&quot;keyboard&quot;:true,&quot;wheel&quot;:false,&quot;buttons&quot;:[&quot;close&quot;],&quot;hash&quot;:false,&quot;lang&quot;:&quot;en&quot;,&quot;touch&quot;:false,&quot;protect&quot;:false,&quot;i18n&quot;:{&quot;en&quot;:{&quot;CLOSE&quot;:&quot;Close&quot;,&quot;NEXT&quot;:&quot;Next&quot;,&quot;PREV&quot;:&quot;Previous&quot;,&quot;Error&quot;:&quot;The requested content cannot be loaded. Please try again later.&quot;,&quot;PLAY_START&quot;:&quot;Start slideshow&quot;,&quot;PLAY_STOP&quot;:&quot;Pause slideshow&quot;,&quot;FULL_SCREEN&quot;:&quot;Full screen&quot;,&quot;THUMBS&quot;:&quot;Thumbnails&quot;,&quot;DOWNLOAD&quot;:&quot;Download&quot;,&quot;SHARE&quot;:&quot;Share&quot;,&quot;ZOOM&quot;:&quot;Zoom&quot;}},&quot;clickSlide&quot;:false,&quot;clickOutside&quot;:false,&quot;dblclickContent&quot;:false,&quot;dblclickSlide&quot;:false,&quot;dblclickOutside&quot;:false,&quot;clickContent&quot;:false,&quot;baseTpl&quot;:&quot;&lt;div class=\\&quot;modula-fancybox-container modula-lightbox-jtg-3701\\&quot; role=\\&quot;dialog\\&quot; tabindex=\\&quot;-1\\&quot;&gt;&lt;div class=\\&quot;modula-fancybox-bg\\&quot;&gt;&lt;\\\/div&gt;&lt;div class=\\&quot;modula-fancybox-inner\\&quot;&gt;&lt;div class=\\&quot;modula-fancybox-infobar\\&quot;&gt;&lt;span data-fancybox-index&gt;&lt;\\\/span&gt;&nbsp;\\\/&nbsp;&lt;span data-fancybox-count&gt;&lt;\\\/span&gt;&lt;\\\/div&gt;&lt;div class=\\&quot;modula-fancybox-toolbar\\&quot;&gt;{{buttons}}&lt;\\\/div&gt;&lt;div class=\\&quot;modula-fancybox-navigation\\&quot;&gt;{{arrows}}&lt;\\\/div&gt;&lt;div class=\\&quot;modula-fancybox-stage\\&quot;&gt;&lt;\\\/div&gt;&lt;div class=\\&quot;modula-fancybox-caption\\&quot;&gt;&lt;div class=\\&quot;modula-fancybox-caption__body\\&quot;&gt;&lt;\\\/div&gt;&lt;\\\/div&gt;&lt;\\\/div&gt;&lt;\\\/div&gt;&quot;},&quot;inView&quot;:false,&quot;email_subject&quot;:&quot;Check out this awesome image !!&quot;,&quot;email_message&quot;:&quot;Here is the link to the image : %%image_link%% and this is the link to the gallery : %%gallery_link%%&quot;,&quot;lightbox&quot;:&quot;fancybox&quot;}\">\n\n\t\n\t<!-- Items Container -->\n\t<div  class=\"modula-items\">\n\t\t<div class=\"modula-item effect-pufrobo\" >\n\t<div class=\"modula-item-overlay\"><\/div>\n\n\t<div class=\"modula-item-content\">\n\n\t\t\t\t\n\t\t\t\t\t<a data-image-id=\"3702\" data-elementor-open-lightbox=\"no\" rel=\"jtg-3701\" data-caption=\"\" aria-label=\"Abrir imagen en lightbox\" class=\"tile-inner modula-item-link\"><\/a>\n\t\t\n\t\t<img class=\"pic wp-image-3702 lazyload\"  data-valign=\"middle\" data-halign=\"center\" alt=\"commercial food mixer, food mixer, planetary mixer, food mixer machine, food mixers, dough mixer, spiral mixer, spiral dough mixer, dough mixer machine, table top dough mixer, small dough mixer, bread mixer, baking mixer, dough kneading machine, dough kneader, food mixer, cake mixer, flour mixer, bakery mixer, heavy duty dough mixer, heavy duty spiral mixer, planetary mixer, stand mixer,\" data-full=\"https:\/\/www.goldenchef.cn\/wp-content\/uploads\/2022\/11\/photobank-17_01.jpg\" title=\"banco de fotos-(17)_01\" width=\"300\" height=\"151\" data-src=\"https:\/\/www.goldenchef.cn\/wp-content\/uploads\/2022\/11\/photobank-17_01.jpg\" data-caption=\"\" data-source=\"modula\" data-srcset=\"https:\/\/www.goldenchef.cn\/wp-content\/uploads\/2022\/11\/photobank-17_01.jpg 750w, https:\/\/www.goldenchef.cn\/wp-content\/uploads\/2022\/11\/photobank-17_01-600x302.jpg 600w\" data-sizes=\"(max-width: 300px) 100vw, 300px\" \/>\n\t\t<div class=\"figc no-description\">\n\t\t\t<div class=\"figc-inner\">\n\t\t\t\t\t\t\t\t\t\t\t\t\t\t\t<\/div>\n\t\t<\/div>\n\n\t<\/div>\n\n<\/div><div class=\"modula-item effect-pufrobo\" >\n\t<div class=\"modula-item-overlay\"><\/div>\n\n\t<div class=\"modula-item-content\">\n\n\t\t\t\t\n\t\t\t\t\t<a data-image-id=\"3703\" data-elementor-open-lightbox=\"no\" rel=\"jtg-3701\" data-caption=\"\" aria-label=\"Abrir imagen en lightbox\" class=\"tile-inner modula-item-link\"><\/a>\n\t\t\n\t\t<img fetchpriority=\"high\" class=\"pic wp-image-3703 lazyload\"  data-valign=\"middle\" data-halign=\"center\" alt=\"commercial food mixer, food mixer, planetary mixer, food mixer machine, food mixers, dough mixer, spiral mixer, spiral dough mixer, dough mixer machine, table top dough mixer, small dough mixer, bread mixer, baking mixer, dough kneading machine, dough kneader, food mixer, cake mixer, flour mixer, bakery mixer, heavy duty dough mixer, heavy duty spiral mixer, planetary mixer, stand mixer,\" data-full=\"https:\/\/www.goldenchef.cn\/wp-content\/uploads\/2022\/11\/photobank-17_02.jpg\" title=\"fotobanco-(17)_02\" width=\"300\" height=\"268\" data-src=\"https:\/\/www.goldenchef.cn\/wp-content\/uploads\/2022\/11\/photobank-17_02.jpg\" data-caption=\"\" data-source=\"modula\" data-srcset=\"https:\/\/www.goldenchef.cn\/wp-content\/uploads\/2022\/11\/photobank-17_02.jpg 750w, https:\/\/www.goldenchef.cn\/wp-content\/uploads\/2022\/11\/photobank-17_02-600x535.jpg 600w\" data-sizes=\"(max-width: 300px) 100vw, 300px\" \/>\n\t\t<div class=\"figc no-description\">\n\t\t\t<div class=\"figc-inner\">\n\t\t\t\t\t\t\t\t\t\t\t\t\t\t\t<\/div>\n\t\t<\/div>\n\n\t<\/div>\n\n<\/div><div class=\"modula-item effect-pufrobo\" >\n\t<div class=\"modula-item-overlay\"><\/div>\n\n\t<div class=\"modula-item-content\">\n\n\t\t\t\t\n\t\t\t\t\t<a data-image-id=\"3704\" data-elementor-open-lightbox=\"no\" rel=\"jtg-3701\" data-caption=\"\" aria-label=\"Abrir imagen en lightbox\" class=\"tile-inner modula-item-link\"><\/a>\n\t\t\n\t\t<img class=\"pic wp-image-3704 lazyload\"  data-valign=\"middle\" data-halign=\"center\" alt=\"commercial food mixer, food mixer, planetary mixer, food mixer machine, food mixers, dough mixer, spiral mixer, spiral dough mixer, dough mixer machine, table top dough mixer, small dough mixer, bread mixer, baking mixer, dough kneading machine, dough kneader, food mixer, cake mixer, flour mixer, bakery mixer, heavy duty dough mixer, heavy duty spiral mixer, planetary mixer, stand mixer,\" data-full=\"https:\/\/www.goldenchef.cn\/wp-content\/uploads\/2022\/11\/photobank-18_01.jpg\" title=\"banco de fotos-(18)_01\" width=\"300\" height=\"258\" data-src=\"https:\/\/www.goldenchef.cn\/wp-content\/uploads\/2022\/11\/photobank-18_01.jpg\" data-caption=\"\" data-source=\"modula\" data-srcset=\"https:\/\/www.goldenchef.cn\/wp-content\/uploads\/2022\/11\/photobank-18_01.jpg 750w, https:\/\/www.goldenchef.cn\/wp-content\/uploads\/2022\/11\/photobank-18_01-600x517.jpg 600w\" data-sizes=\"(max-width: 300px) 100vw, 300px\" \/>\n\t\t<div class=\"figc no-description\">\n\t\t\t<div class=\"figc-inner\">\n\t\t\t\t\t\t\t\t\t\t\t\t\t\t\t<\/div>\n\t\t<\/div>\n\n\t<\/div>\n\n<\/div><div class=\"modula-item effect-pufrobo\" >\n\t<div class=\"modula-item-overlay\"><\/div>\n\n\t<div class=\"modula-item-content\">\n\n\t\t\t\t\n\t\t\t\t\t<a data-image-id=\"3705\" data-elementor-open-lightbox=\"no\" rel=\"jtg-3701\" data-caption=\"\" aria-label=\"Abrir imagen en lightbox\" class=\"tile-inner modula-item-link\"><\/a>\n\t\t\n\t\t<img loading=\"lazy\" class=\"pic wp-image-3705 lazyload\"  data-valign=\"middle\" data-halign=\"center\" alt=\"horizontal dough mixer. horizontal spiral mixer, horizontal mixer machine, commercial horizontal dough mixer\" data-full=\"https:\/\/www.goldenchef.cn\/wp-content\/uploads\/2022\/11\/photobank-18_02.jpg\" title=\"amasadora horizontal. amasadora espiral horizontal, amasadora horizontal, amasadora horizontal comercial\" width=\"300\" height=\"253\" data-src=\"https:\/\/www.goldenchef.cn\/wp-content\/uploads\/2022\/11\/photobank-18_02.jpg\" data-caption=\"\" data-source=\"modula\" data-srcset=\"https:\/\/www.goldenchef.cn\/wp-content\/uploads\/2022\/11\/photobank-18_02.jpg 750w, https:\/\/www.goldenchef.cn\/wp-content\/uploads\/2022\/11\/photobank-18_02-600x506.jpg 600w\" data-sizes=\"(max-width: 300px) 100vw, 300px\" \/>\n\t\t<div class=\"figc no-description\">\n\t\t\t<div class=\"figc-inner\">\n\t\t\t\t\t\t\t\t\t\t\t\t\t\t\t<\/div>\n\t\t<\/div>\n\n\t<\/div>\n\n<\/div><div class=\"modula-item effect-pufrobo\" >\n\t<div class=\"modula-item-overlay\"><\/div>\n\n\t<div class=\"modula-item-content\">\n\n\t\t\t\t\n\t\t\t\t\t<a data-image-id=\"3706\" data-elementor-open-lightbox=\"no\" rel=\"jtg-3701\" data-caption=\"\" aria-label=\"Abrir imagen en lightbox\" class=\"tile-inner modula-item-link\"><\/a>\n\t\t\n\t\t<img loading=\"lazy\" class=\"pic wp-image-3706 lazyload\"  data-valign=\"middle\" data-halign=\"center\" alt=\"commercial food mixer, food mixer, planetary mixer, food mixer machine, food mixers, dough mixer, spiral mixer, spiral dough mixer, dough mixer machine, table top dough mixer, small dough mixer, bread mixer, baking mixer, dough kneading machine, dough kneader, food mixer, cake mixer, flour mixer, bakery mixer, heavy duty dough mixer, heavy duty spiral mixer, planetary mixer, stand mixer,\" data-full=\"https:\/\/www.goldenchef.cn\/wp-content\/uploads\/2022\/11\/photobank-18_03.jpg\" title=\"fotobanco-(18)_03\" width=\"300\" height=\"137\" data-src=\"https:\/\/www.goldenchef.cn\/wp-content\/uploads\/2022\/11\/photobank-18_03.jpg\" data-caption=\"\" data-source=\"modula\" data-srcset=\"https:\/\/www.goldenchef.cn\/wp-content\/uploads\/2022\/11\/photobank-18_03.jpg 750w, https:\/\/www.goldenchef.cn\/wp-content\/uploads\/2022\/11\/photobank-18_03-600x274.jpg 600w\" data-sizes=\"(max-width: 300px) 100vw, 300px\" \/>\n\t\t<div class=\"figc no-description\">\n\t\t\t<div class=\"figc-inner\">\n\t\t\t\t\t\t\t\t\t\t\t\t\t\t\t<\/div>\n\t\t<\/div>\n\n\t<\/div>\n\n<\/div>\t\t\n\t<\/div>\n\n\t\n\t\n\t<script type=\"application\/ld+json\">\n\t{\n\t\t\"@context\": \"http:\/\/schema.org\",\n\t\t\"@type\"   : \"ImageGallery\",\n\t\t\"id\"      : \"https:\/\/www.goldenchef.cn\/es\/wp-json\/wp\/v2\/product\/3696\",\n\t\t\"url\"     : \"https:\/\/www.goldenchef.cn\/es\/wp-json\/wp\/v2\/product\/3696\"\n\t}\n\n    <\/script>\n\n\t\n<\/div>","protected":false},"excerpt":{"rendered":"<ul>\n<li>Marca: Mondo Cucina<\/li>\n<li>Equipamiento profesional<\/li>\n<li>Dise\u00f1o horizontal<\/li>\n<li>Cubeta de acero inoxidable de alta resistencia<\/li>\n<li>Robusto gancho amasador de acero inoxidable<\/li>\n<li>Rejilla de seguridad de acero inoxidable con interruptor de seguridad<\/li>\n<li>Alta eficacia, seguridad y salud<\/li>\n<li>Dise\u00f1o de velocidad razonable<\/li>\n<li>Recipiente de mezcla con bloqueo autom\u00e1tico<\/li>\n<li>Ahorrar trabajo y reducir la intensidad de la mano de obra<\/li>\n<li>Cuerpo de la m\u00e1quina de acero inoxidable o pintura a elegir<\/li>\n<li>F\u00e1cil de manejar<\/li>\n<li>F\u00e1cil de limpiar<\/li>\n<li>Base s\u00f3lida, estable y resistente<\/li>\n<li>Aprobaci\u00f3n CE<\/li>\n<\/ul>","protected":false},"featured_media":5172,"comment_status":"closed","ping_status":"closed","template":"","meta":[],"product_brand":[],"product_cat":[49,74],"product_tag":[103],"class_list":{"0":"post-3696","1":"product","2":"type-product","3":"status-publish","4":"has-post-thumbnail","6":"product_cat-dough-mixer","7":"product_cat-hwh-horizontal-dough-mixer","8":"product_tag-dough-mixer","10":"first","11":"instock","12":"shipping-taxable","13":"product-type-simple"},"yoast_head":"<!-- This site is optimized with the Yoast SEO Premium plugin v22.5 (Yoast SEO v22.8) - https:\/\/yoast.com\/wordpress\/plugins\/seo\/ -->\n<title>Horizontal Dough Mixer 15KG 40L Flour Mixer Safety Switch<\/title>\n<meta name=\"description\" content=\"Golden Chef is the manufacturer &amp; exporter of food equipment and bakery machinery. Contact with us to get price for horizontal dough mixer.\" \/>\n<meta name=\"robots\" content=\"index, follow, max-snippet:-1, max-image-preview:large, max-video-preview:-1\" \/>\n<link rel=\"canonical\" href=\"https:\/\/www.goldenchef.cn\/es\/producto\/dough-mixer\/hwh-horizontal-dough-mixer\/hwh-15a-b\/\" \/>\n<meta property=\"og:locale\" content=\"es_MX\" \/>\n<meta property=\"og:type\" content=\"article\" \/>\n<meta property=\"og:title\" content=\"HWH-15A\/B Horizontal Dough Mixer 15KG 40L Flour Mixer Safety Switch\" \/>\n<meta property=\"og:description\" content=\"Golden Chef is the manufacturer &amp; exporter of food equipment and bakery machinery. Contact with us to get price for horizontal dough mixer.\" \/>\n<meta property=\"og:url\" content=\"https:\/\/www.goldenchef.cn\/es\/producto\/dough-mixer\/hwh-horizontal-dough-mixer\/hwh-15a-b\/\" \/>\n<meta property=\"og:site_name\" content=\"golden chef machinery\" \/>\n<meta property=\"article:modified_time\" content=\"2024-03-11T08:34:20+00:00\" \/>\n<meta property=\"og:image\" content=\"http:\/\/www.goldenchef.cn\/wp-content\/uploads\/2022\/11\/20.jpg\" \/>\n\t<meta property=\"og:image:width\" content=\"800\" \/>\n\t<meta property=\"og:image:height\" content=\"800\" \/>\n\t<meta property=\"og:image:type\" content=\"image\/jpeg\" \/>\n<meta name=\"twitter:card\" content=\"summary_large_image\" \/>\n<meta name=\"twitter:label1\" content=\"Precio\" \/>\n\t<meta name=\"twitter:data1\" content=\"\" \/>\n\t<meta name=\"twitter:label2\" content=\"Disponibilidad\" \/>\n\t<meta name=\"twitter:data2\" content=\"Disponible\" \/>\n<script type=\"application\/ld+json\" class=\"yoast-schema-graph\">{\"@context\":\"https:\/\/schema.org\",\"@graph\":[{\"@type\":\"WebPage\",\"@id\":\"https:\/\/www.goldenchef.cn\/product\/dough-mixer\/hwh-horizontal-dough-mixer\/hwh-15a-b\/\",\"url\":\"https:\/\/www.goldenchef.cn\/product\/dough-mixer\/hwh-horizontal-dough-mixer\/hwh-15a-b\/\",\"name\":\"Horizontal Dough Mixer 15KG 40L Flour Mixer Safety Switch\",\"isPartOf\":{\"@id\":\"https:\/\/www.goldenchef.cn\/#website\"},\"primaryImageOfPage\":{\"@id\":\"https:\/\/www.goldenchef.cn\/product\/dough-mixer\/hwh-horizontal-dough-mixer\/hwh-15a-b\/#primaryimage\"},\"image\":{\"@id\":\"https:\/\/www.goldenchef.cn\/product\/dough-mixer\/hwh-horizontal-dough-mixer\/hwh-15a-b\/#primaryimage\"},\"thumbnailUrl\":\"https:\/\/www.goldenchef.cn\/wp-content\/uploads\/2022\/11\/20.jpg\",\"datePublished\":\"2022-11-02T03:05:50+00:00\",\"dateModified\":\"2024-03-11T08:34:20+00:00\",\"description\":\"Golden Chef is the manufacturer & exporter of food equipment and bakery machinery. Contact with us to get price for horizontal dough mixer.\",\"breadcrumb\":{\"@id\":\"https:\/\/www.goldenchef.cn\/product\/dough-mixer\/hwh-horizontal-dough-mixer\/hwh-15a-b\/#breadcrumb\"},\"inLanguage\":\"es\",\"potentialAction\":[{\"@type\":\"ReadAction\",\"target\":[\"https:\/\/www.goldenchef.cn\/product\/dough-mixer\/hwh-horizontal-dough-mixer\/hwh-15a-b\/\"]}]},{\"@type\":\"ImageObject\",\"inLanguage\":\"es\",\"@id\":\"https:\/\/www.goldenchef.cn\/product\/dough-mixer\/hwh-horizontal-dough-mixer\/hwh-15a-b\/#primaryimage\",\"url\":\"https:\/\/www.goldenchef.cn\/wp-content\/uploads\/2022\/11\/20.jpg\",\"contentUrl\":\"https:\/\/www.goldenchef.cn\/wp-content\/uploads\/2022\/11\/20.jpg\",\"width\":800,\"height\":800,\"caption\":\"dough mixer, cake mixer, pizza dough mixer,\"},{\"@type\":\"BreadcrumbList\",\"@id\":\"https:\/\/www.goldenchef.cn\/product\/dough-mixer\/hwh-horizontal-dough-mixer\/hwh-15a-b\/#breadcrumb\",\"itemListElement\":[{\"@type\":\"ListItem\",\"position\":1,\"name\":\"homepage\",\"item\":\"https:\/\/www.goldenchef.cn\/\"},{\"@type\":\"ListItem\",\"position\":2,\"name\":\"All Product\",\"item\":\"https:\/\/www.goldenchef.cn\/shop\/\"},{\"@type\":\"ListItem\",\"position\":3,\"name\":\"HWH-15A\/B Horizontal Dough Mixer 15KG 40L Flour Mixer Safety Switch\"}]},{\"@type\":\"WebSite\",\"@id\":\"https:\/\/www.goldenchef.cn\/#website\",\"url\":\"https:\/\/www.goldenchef.cn\/\",\"name\":\"golden chef machinery\",\"description\":\"If kitchen have dream, we are dream maker\",\"publisher\":{\"@id\":\"https:\/\/www.goldenchef.cn\/#organization\"},\"potentialAction\":[{\"@type\":\"SearchAction\",\"target\":{\"@type\":\"EntryPoint\",\"urlTemplate\":\"https:\/\/www.goldenchef.cn\/?s={search_term_string}\"},\"query-input\":\"required name=search_term_string\"}],\"inLanguage\":\"es\"},{\"@type\":[\"Organization\",\"Place\"],\"@id\":\"https:\/\/www.goldenchef.cn\/#organization\",\"name\":\"golden chef machinery\",\"url\":\"https:\/\/www.goldenchef.cn\/\",\"logo\":{\"@id\":\"https:\/\/www.goldenchef.cn\/product\/dough-mixer\/hwh-horizontal-dough-mixer\/hwh-15a-b\/#local-main-organization-logo\"},\"image\":{\"@id\":\"https:\/\/www.goldenchef.cn\/product\/dough-mixer\/hwh-horizontal-dough-mixer\/hwh-15a-b\/#local-main-organization-logo\"},\"openingHoursSpecification\":[{\"@type\":\"OpeningHoursSpecification\",\"dayOfWeek\":[\"Monday\",\"Tuesday\",\"Wednesday\",\"Thursday\",\"Friday\",\"Saturday\",\"Sunday\"],\"opens\":\"09:00\",\"closes\":\"17:00\"}]},{\"@type\":\"ImageObject\",\"inLanguage\":\"es\",\"@id\":\"https:\/\/www.goldenchef.cn\/product\/dough-mixer\/hwh-horizontal-dough-mixer\/hwh-15a-b\/#local-main-organization-logo\",\"url\":\"https:\/\/www.goldenchef.cn\/wp-content\/uploads\/2023\/08\/cropped-200k.png\",\"contentUrl\":\"https:\/\/www.goldenchef.cn\/wp-content\/uploads\/2023\/08\/cropped-200k.png\",\"width\":512,\"height\":512,\"caption\":\"golden chef machinery\"}]}<\/script>\n<meta property=\"product:price:amount\" content=\"0.00\" \/>\n<meta property=\"product:price:currency\" content=\"USD\" \/>\n<meta property=\"og:availability\" content=\"instock\" \/>\n<meta property=\"product:availability\" content=\"instock\" \/>\n<meta property=\"product:condition\" content=\"new\" \/>\n<!-- \/ Yoast SEO Premium plugin. -->","yoast_head_json":{"title":"Horizontal Dough Mixer 15KG 40L Flour Mixer Safety Switch","description":"Golden Chef is the manufacturer & exporter of food equipment and bakery machinery. Contact with us to get price for horizontal dough mixer.","robots":{"index":"index","follow":"follow","max-snippet":"max-snippet:-1","max-image-preview":"max-image-preview:large","max-video-preview":"max-video-preview:-1"},"canonical":"https:\/\/www.goldenchef.cn\/es\/producto\/dough-mixer\/hwh-horizontal-dough-mixer\/hwh-15a-b\/","og_locale":"es_MX","og_type":"article","og_title":"HWH-15A\/B Horizontal Dough Mixer 15KG 40L Flour Mixer Safety Switch","og_description":"Golden Chef is the manufacturer & exporter of food equipment and bakery machinery. Contact with us to get price for horizontal dough mixer.","og_url":"https:\/\/www.goldenchef.cn\/es\/producto\/dough-mixer\/hwh-horizontal-dough-mixer\/hwh-15a-b\/","og_site_name":"golden chef machinery","article_modified_time":"2024-03-11T08:34:20+00:00","og_image":[{"width":800,"height":800,"url":"http:\/\/www.goldenchef.cn\/wp-content\/uploads\/2022\/11\/20.jpg","type":"image\/jpeg"}],"twitter_card":"summary_large_image","twitter_misc":{"Precio":"","Disponibilidad":"Disponible"},"schema":{"@context":"https:\/\/schema.org","@graph":[{"@type":"WebPage","@id":"https:\/\/www.goldenchef.cn\/product\/dough-mixer\/hwh-horizontal-dough-mixer\/hwh-15a-b\/","url":"https:\/\/www.goldenchef.cn\/product\/dough-mixer\/hwh-horizontal-dough-mixer\/hwh-15a-b\/","name":"Horizontal Dough Mixer 15KG 40L Flour Mixer Safety Switch","isPartOf":{"@id":"https:\/\/www.goldenchef.cn\/#website"},"primaryImageOfPage":{"@id":"https:\/\/www.goldenchef.cn\/product\/dough-mixer\/hwh-horizontal-dough-mixer\/hwh-15a-b\/#primaryimage"},"image":{"@id":"https:\/\/www.goldenchef.cn\/product\/dough-mixer\/hwh-horizontal-dough-mixer\/hwh-15a-b\/#primaryimage"},"thumbnailUrl":"https:\/\/www.goldenchef.cn\/wp-content\/uploads\/2022\/11\/20.jpg","datePublished":"2022-11-02T03:05:50+00:00","dateModified":"2024-03-11T08:34:20+00:00","description":"Golden Chef is the manufacturer & exporter of food equipment and bakery machinery. Contact with us to get price for horizontal dough mixer.","breadcrumb":{"@id":"https:\/\/www.goldenchef.cn\/product\/dough-mixer\/hwh-horizontal-dough-mixer\/hwh-15a-b\/#breadcrumb"},"inLanguage":"es","potentialAction":[{"@type":"ReadAction","target":["https:\/\/www.goldenchef.cn\/product\/dough-mixer\/hwh-horizontal-dough-mixer\/hwh-15a-b\/"]}]},{"@type":"ImageObject","inLanguage":"es","@id":"https:\/\/www.goldenchef.cn\/product\/dough-mixer\/hwh-horizontal-dough-mixer\/hwh-15a-b\/#primaryimage","url":"https:\/\/www.goldenchef.cn\/wp-content\/uploads\/2022\/11\/20.jpg","contentUrl":"https:\/\/www.goldenchef.cn\/wp-content\/uploads\/2022\/11\/20.jpg","width":800,"height":800,"caption":"dough mixer, cake mixer, pizza dough mixer,"},{"@type":"BreadcrumbList","@id":"https:\/\/www.goldenchef.cn\/product\/dough-mixer\/hwh-horizontal-dough-mixer\/hwh-15a-b\/#breadcrumb","itemListElement":[{"@type":"ListItem","position":1,"name":"homepage","item":"https:\/\/www.goldenchef.cn\/"},{"@type":"ListItem","position":2,"name":"All Product","item":"https:\/\/www.goldenchef.cn\/shop\/"},{"@type":"ListItem","position":3,"name":"HWH-15A\/B Horizontal Dough Mixer 15KG 40L Flour Mixer Safety Switch"}]},{"@type":"WebSite","@id":"https:\/\/www.goldenchef.cn\/#website","url":"https:\/\/www.goldenchef.cn\/","name":"golden chef machinery","description":"If kitchen have dream, we are dream maker","publisher":{"@id":"https:\/\/www.goldenchef.cn\/#organization"},"potentialAction":[{"@type":"SearchAction","target":{"@type":"EntryPoint","urlTemplate":"https:\/\/www.goldenchef.cn\/?s={search_term_string}"},"query-input":"required name=search_term_string"}],"inLanguage":"es"},{"@type":["Organization","Place"],"@id":"https:\/\/www.goldenchef.cn\/#organization","name":"golden chef machinery","url":"https:\/\/www.goldenchef.cn\/","logo":{"@id":"https:\/\/www.goldenchef.cn\/product\/dough-mixer\/hwh-horizontal-dough-mixer\/hwh-15a-b\/#local-main-organization-logo"},"image":{"@id":"https:\/\/www.goldenchef.cn\/product\/dough-mixer\/hwh-horizontal-dough-mixer\/hwh-15a-b\/#local-main-organization-logo"},"openingHoursSpecification":[{"@type":"OpeningHoursSpecification","dayOfWeek":["Monday","Tuesday","Wednesday","Thursday","Friday","Saturday","Sunday"],"opens":"09:00","closes":"17:00"}]},{"@type":"ImageObject","inLanguage":"es","@id":"https:\/\/www.goldenchef.cn\/product\/dough-mixer\/hwh-horizontal-dough-mixer\/hwh-15a-b\/#local-main-organization-logo","url":"https:\/\/www.goldenchef.cn\/wp-content\/uploads\/2023\/08\/cropped-200k.png","contentUrl":"https:\/\/www.goldenchef.cn\/wp-content\/uploads\/2023\/08\/cropped-200k.png","width":512,"height":512,"caption":"golden chef machinery"}]},"product_price_amount":"0.00","product_price_currency":"USD","og_availability":"instock","product_availability":"instock","product_condition":"new"},"_links":{"self":[{"href":"https:\/\/www.goldenchef.cn\/es\/wp-json\/wp\/v2\/product\/3696"}],"collection":[{"href":"https:\/\/www.goldenchef.cn\/es\/wp-json\/wp\/v2\/product"}],"about":[{"href":"https:\/\/www.goldenchef.cn\/es\/wp-json\/wp\/v2\/types\/product"}],"replies":[{"embeddable":true,"href":"https:\/\/www.goldenchef.cn\/es\/wp-json\/wp\/v2\/comments?post=3696"}],"wp:featuredmedia":[{"embeddable":true,"href":"https:\/\/www.goldenchef.cn\/es\/wp-json\/wp\/v2\/media\/5172"}],"wp:attachment":[{"href":"https:\/\/www.goldenchef.cn\/es\/wp-json\/wp\/v2\/media?parent=3696"}],"wp:term":[{"taxonomy":"product_brand","embeddable":true,"href":"https:\/\/www.goldenchef.cn\/es\/wp-json\/wp\/v2\/product_brand?post=3696"},{"taxonomy":"product_cat","embeddable":true,"href":"https:\/\/www.goldenchef.cn\/es\/wp-json\/wp\/v2\/product_cat?post=3696"},{"taxonomy":"product_tag","embeddable":true,"href":"https:\/\/www.goldenchef.cn\/es\/wp-json\/wp\/v2\/product_tag?post=3696"}],"curies":[{"name":"wp","href":"https:\/\/api.w.org\/{rel}","templated":true}]}}