{"id":3894,"date":"2022-11-08T17:03:11","date_gmt":"2022-11-08T09:03:11","guid":{"rendered":"http:\/\/www.goldenchef.cn\/?post_type=product&#038;p=3894"},"modified":"2024-11-01T17:25:11","modified_gmt":"2024-11-01T09:25:11","slug":"as-cg-dough-divider","status":"publish","type":"product","link":"https:\/\/www.goldenchef.cn\/es\/producto\/bakery-equipment\/dough-divider\/as-cg-dough-divider\/","title":{"rendered":"AS-CG Divisora de masa"},"content":{"rendered":"<p>M\u00e1quina divisora de masa |\u00a0<a href=\"https:\/\/www.youtube.com\/watch?v=IKTCdUsKL3w\" target=\"_blank\" rel=\"noopener\">V\u00eddeo<\/a><\/p>\n<ul>\n<li><strong>M\u00e1quina de panader\u00eda - M\u00e1quina divisora de masa el\u00e9ctrica es una m\u00e1quina ideal de procesamiento de alimentos de trigo y pasteler\u00eda, ampliamente utilizada en comedores de pasteler\u00edas de estilo occidental de empresas y escuelas.<\/strong><\/li>\n<li><strong>Posee unas caracter\u00edsticas excepcionales, como un cuerpo de acero inoxidable, un aspecto elegante, un funcionamiento estable con bajo nivel de ruido, una alta eficiencia y una gran comodidad de desplazamiento.<\/strong><\/li>\n<li><strong>Divisor de masa: Dise\u00f1o razonable para cortar doughevenly en el rango 30~180g cada pieza.<\/strong><\/li>\n<li><strong>Sistema de seguridad: al sacar la bandeja la m\u00e1quina dejar\u00e1 de funcionar autom\u00e1ticamente.<\/strong><\/li>\n<li><strong>Alta eficiencia: Con cuchillas de acero inoxidable y placa divisora, divide la masa en 10 segundos. Mejorar la eficiencia de trabajo y ahorrar trabajo laboral.<\/strong><\/li>\n<li><strong>Corte fino: Superficie antiadherente, resistencia al rayado, cuchillas afiladas y duraderas, resistencia uniforme, corte de la masa en varias secciones planas.<\/strong><\/li>\n<li><strong>Motor potente: Potente motor el\u00e9ctrico, bajo ruido, ahorro de energ\u00eda.<\/strong><\/li>\n<\/ul>\n<p>Golden Chef Machinery Co., Ltd. es el fabricante y exportador de equipos de alimentos y maquinaria de panader\u00eda. Nuestra empresa se encuentra en Guangzhou, la ciudad donde la feria del cant\u00f3n se celebra dos veces al a\u00f1o. P\u00f3ngase en contacto con nosotros para obtener el precio de f\u00e1brica para la divisora de masa.<\/p>\n<p><iframe title=\"Reproductor de v\u00eddeo YouTube\" src=\"https:\/\/www.youtube.com\/embed\/HNNXuIhbfNM?si=uQy0h1_wwCjmu506\" width=\"560\" height=\"315\" frameborder=\"0\" allowfullscreen=\"allowfullscreen\"><\/iframe><br \/>\n<style>#jtg-3897 .modula-item .jtg-social a, .lightbox-socials.jtg-social a{ color: #ffffff }#jtg-3897 .modula-item .jtg-social svg, .lightbox-socials.jtg-social svg { height: 16px; width: 16px }#jtg-3897 .modula-item .jtg-social a:not(:last-child), .lightbox-socials.jtg-social a:not(:last-child) { margin-right: 10px }#jtg-3897 .modula-item .figc {color:#ffffff;}#jtg-3897 .modula-item .modula-item-content { transform: scale(1) }#jtg-3897 { width:100%;}#jtg-3897 .modula-items{height:800px;}@media screen and (max-width: 992px) {#jtg-3897 .modula-items{height:800px;}}@media screen and (max-width: 768px) {#jtg-3897 .modula-items{height:800px;}}#jtg-3897 .modula-items .figc p.description { font-size:14px; }#jtg-3897 .modula-items .figc p.description { color:#ffffff;}#jtg-3897.modula-gallery .modula-item > a, #jtg-3897.modula-gallery .modula-item, #jtg-3897.modula-gallery .modula-item-content > a:not(.modula-no-follow) { cursor:zoom-in; } #jtg-3897.modula-gallery .modula-item-content .modula-no-follow { cursor: default; } @media screen and (max-width:480px){#jtg-3897 .modula-item .figc .jtg-title {  font-size: 12px; }#jtg-3897 .modula-items .figc p.description { color:#ffffff;font-size:10px; }}<\/style>\n<!-- Gallery Container -->\n<div  id=\"jtg-3897\" class=\"modula modula-gallery modula-creative-gallery\" data-config=\"{&quot;height&quot;:800,&quot;tabletHeight&quot;:800,&quot;mobileHeight&quot;:800,&quot;desktopHeight&quot;:800,&quot;enableTwitter&quot;:false,&quot;enableWhatsapp&quot;:false,&quot;enableFacebook&quot;:false,&quot;enablePinterest&quot;:false,&quot;enableLinkedin&quot;:false,&quot;enableEmail&quot;:false,&quot;randomFactor&quot;:0.5,&quot;type&quot;:&quot;creative-gallery&quot;,&quot;columns&quot;:12,&quot;gutter&quot;:10,&quot;mobileGutter&quot;:10,&quot;tabletGutter&quot;:10,&quot;desktopGutter&quot;:10,&quot;enableResponsive&quot;:&quot;0&quot;,&quot;tabletColumns&quot;:&quot;2&quot;,&quot;mobileColumns&quot;:&quot;1&quot;,&quot;lazyLoad&quot;:&quot;1&quot;,&quot;lightboxOpts&quot;:{&quot;loop&quot;:false,&quot;arrows&quot;:true,&quot;toolbar&quot;:true,&quot;keyboard&quot;:true,&quot;wheel&quot;:false,&quot;buttons&quot;:[&quot;close&quot;],&quot;hash&quot;:false,&quot;lang&quot;:&quot;en&quot;,&quot;touch&quot;:false,&quot;protect&quot;:false,&quot;i18n&quot;:{&quot;en&quot;:{&quot;CLOSE&quot;:&quot;Close&quot;,&quot;NEXT&quot;:&quot;Next&quot;,&quot;PREV&quot;:&quot;Previous&quot;,&quot;Error&quot;:&quot;The requested content cannot be loaded. Please try again later.&quot;,&quot;PLAY_START&quot;:&quot;Start slideshow&quot;,&quot;PLAY_STOP&quot;:&quot;Pause slideshow&quot;,&quot;FULL_SCREEN&quot;:&quot;Full screen&quot;,&quot;THUMBS&quot;:&quot;Thumbnails&quot;,&quot;DOWNLOAD&quot;:&quot;Download&quot;,&quot;SHARE&quot;:&quot;Share&quot;,&quot;ZOOM&quot;:&quot;Zoom&quot;}},&quot;clickSlide&quot;:false,&quot;clickOutside&quot;:false,&quot;dblclickContent&quot;:false,&quot;dblclickSlide&quot;:false,&quot;dblclickOutside&quot;:false,&quot;clickContent&quot;:false,&quot;baseTpl&quot;:&quot;&lt;div class=\\&quot;modula-fancybox-container modula-lightbox-jtg-3897\\&quot; role=\\&quot;dialog\\&quot; tabindex=\\&quot;-1\\&quot;&gt;&lt;div class=\\&quot;modula-fancybox-bg\\&quot;&gt;&lt;\\\/div&gt;&lt;div class=\\&quot;modula-fancybox-inner\\&quot;&gt;&lt;div class=\\&quot;modula-fancybox-infobar\\&quot;&gt;&lt;span data-fancybox-index&gt;&lt;\\\/span&gt;&nbsp;\\\/&nbsp;&lt;span data-fancybox-count&gt;&lt;\\\/span&gt;&lt;\\\/div&gt;&lt;div class=\\&quot;modula-fancybox-toolbar\\&quot;&gt;{{buttons}}&lt;\\\/div&gt;&lt;div class=\\&quot;modula-fancybox-navigation\\&quot;&gt;{{arrows}}&lt;\\\/div&gt;&lt;div class=\\&quot;modula-fancybox-stage\\&quot;&gt;&lt;\\\/div&gt;&lt;div class=\\&quot;modula-fancybox-caption\\&quot;&gt;&lt;div class=\\&quot;modula-fancybox-caption__body\\&quot;&gt;&lt;\\\/div&gt;&lt;\\\/div&gt;&lt;\\\/div&gt;&lt;\\\/div&gt;&quot;},&quot;inView&quot;:false,&quot;email_subject&quot;:&quot;Check out this awesome image !!&quot;,&quot;email_message&quot;:&quot;Here is the link to the image : %%image_link%% and this is the link to the gallery : %%gallery_link%%&quot;,&quot;lightbox&quot;:&quot;fancybox&quot;}\">\n\n\t\n\t<!-- Items Container -->\n\t<div  class=\"modula-items\">\n\t\t<div class=\"modula-item effect-pufrobo\" >\n\t<div class=\"modula-item-overlay\"><\/div>\n\n\t<div class=\"modula-item-content\">\n\n\t\t\t\t\n\t\t\t\t\t<a data-image-id=\"3898\" data-elementor-open-lightbox=\"no\" rel=\"jtg-3897\" data-caption=\"\" aria-label=\"Abrir imagen en lightbox\" class=\"tile-inner modula-item-link\"><\/a>\n\t\t\n\t\t<img class=\"pic wp-image-3898 lazyload\"  data-valign=\"middle\" data-halign=\"center\" alt=\"dough divider, bakery divider, dough divider machine, electric dough divider\" data-full=\"https:\/\/www.goldenchef.cn\/wp-content\/uploads\/2022\/11\/photobank-18.jpg\" title=\"divisora de masa, divisora de panader\u00eda, m\u00e1quina divisora de masa, divisora de masa el\u00e9ctrica\" width=\"300\" height=\"150\" data-src=\"https:\/\/www.goldenchef.cn\/wp-content\/uploads\/2022\/11\/photobank-18.jpg\" data-caption=\"\" data-source=\"modula\" data-srcset=\"https:\/\/www.goldenchef.cn\/wp-content\/uploads\/2022\/11\/photobank-18.jpg 800w, https:\/\/www.goldenchef.cn\/wp-content\/uploads\/2022\/11\/photobank-18-600x299.jpg 600w\" data-sizes=\"(max-width: 300px) 100vw, 300px\" \/>\n\t\t<div class=\"figc no-description\">\n\t\t\t<div class=\"figc-inner\">\n\t\t\t\t\t\t\t\t\t\t\t\t\t\t\t<\/div>\n\t\t<\/div>\n\n\t<\/div>\n\n<\/div><div class=\"modula-item effect-pufrobo\" >\n\t<div class=\"modula-item-overlay\"><\/div>\n\n\t<div class=\"modula-item-content\">\n\n\t\t\t\t\n\t\t\t\t\t<a data-image-id=\"3899\" data-elementor-open-lightbox=\"no\" rel=\"jtg-3897\" data-caption=\"\" aria-label=\"Abrir imagen en lightbox\" class=\"tile-inner modula-item-link\"><\/a>\n\t\t\n\t\t<img fetchpriority=\"high\" class=\"pic wp-image-3899 lazyload\"  data-valign=\"middle\" data-halign=\"center\" alt=\"dough divider, bakery divider, dough divider machine, electric dough divider\" data-full=\"https:\/\/www.goldenchef.cn\/wp-content\/uploads\/2022\/11\/photobank-19.jpg\" title=\"banco de fotos (19)\" width=\"282\" height=\"300\" data-src=\"https:\/\/www.goldenchef.cn\/wp-content\/uploads\/2022\/11\/photobank-19.jpg\" data-caption=\"\" data-source=\"modula\" data-srcset=\"https:\/\/www.goldenchef.cn\/wp-content\/uploads\/2022\/11\/photobank-19.jpg 800w, https:\/\/www.goldenchef.cn\/wp-content\/uploads\/2022\/11\/photobank-19-600x638.jpg 600w\" data-sizes=\"(max-width: 282px) 100vw, 282px\" \/>\n\t\t<div class=\"figc no-description\">\n\t\t\t<div class=\"figc-inner\">\n\t\t\t\t\t\t\t\t\t\t\t\t\t\t\t<\/div>\n\t\t<\/div>\n\n\t<\/div>\n\n<\/div><div class=\"modula-item effect-pufrobo\" >\n\t<div class=\"modula-item-overlay\"><\/div>\n\n\t<div class=\"modula-item-content\">\n\n\t\t\t\t\n\t\t\t\t\t<a data-image-id=\"3900\" data-elementor-open-lightbox=\"no\" rel=\"jtg-3897\" data-caption=\"\" aria-label=\"Abrir imagen en lightbox\" class=\"tile-inner modula-item-link\"><\/a>\n\t\t\n\t\t<img class=\"pic wp-image-3900 lazyload\"  data-valign=\"middle\" data-halign=\"center\" alt=\"dough divider, bakery divider, dough divider machine, electric dough divider\" data-full=\"https:\/\/www.goldenchef.cn\/wp-content\/uploads\/2022\/11\/photobank-20.jpg\" title=\"divisora de masa, divisora de panader\u00eda, m\u00e1quina divisora de masa, divisora de masa el\u00e9ctrica\" width=\"300\" height=\"260\" data-src=\"https:\/\/www.goldenchef.cn\/wp-content\/uploads\/2022\/11\/photobank-20.jpg\" data-caption=\"\" data-source=\"modula\" data-srcset=\"https:\/\/www.goldenchef.cn\/wp-content\/uploads\/2022\/11\/photobank-20.jpg 800w, https:\/\/www.goldenchef.cn\/wp-content\/uploads\/2022\/11\/photobank-20-600x519.jpg 600w\" data-sizes=\"(max-width: 300px) 100vw, 300px\" \/>\n\t\t<div class=\"figc no-description\">\n\t\t\t<div class=\"figc-inner\">\n\t\t\t\t\t\t\t\t\t\t\t\t\t\t\t<\/div>\n\t\t<\/div>\n\n\t<\/div>\n\n<\/div><div class=\"modula-item effect-pufrobo\" >\n\t<div class=\"modula-item-overlay\"><\/div>\n\n\t<div class=\"modula-item-content\">\n\n\t\t\t\t\n\t\t\t\t\t<a data-image-id=\"3901\" data-elementor-open-lightbox=\"no\" rel=\"jtg-3897\" data-caption=\"\" aria-label=\"Abrir imagen en lightbox\" class=\"tile-inner modula-item-link\"><\/a>\n\t\t\n\t\t<img loading=\"lazy\" class=\"pic wp-image-3901 lazyload\"  data-valign=\"middle\" data-halign=\"center\" alt=\"dough divider, bakery divider, dough divider machine, electric dough divider\" data-full=\"https:\/\/www.goldenchef.cn\/wp-content\/uploads\/2022\/11\/photobank-21.jpg\" title=\"divisora de masa, divisora de panader\u00eda, m\u00e1quina divisora de masa, divisora de masa el\u00e9ctrica\" width=\"300\" height=\"248\" data-src=\"https:\/\/www.goldenchef.cn\/wp-content\/uploads\/2022\/11\/photobank-21.jpg\" data-caption=\"\" data-source=\"modula\" data-srcset=\"https:\/\/www.goldenchef.cn\/wp-content\/uploads\/2022\/11\/photobank-21.jpg 800w, https:\/\/www.goldenchef.cn\/wp-content\/uploads\/2022\/11\/photobank-21-600x497.jpg 600w\" data-sizes=\"(max-width: 300px) 100vw, 300px\" \/>\n\t\t<div class=\"figc no-description\">\n\t\t\t<div class=\"figc-inner\">\n\t\t\t\t\t\t\t\t\t\t\t\t\t\t\t<\/div>\n\t\t<\/div>\n\n\t<\/div>\n\n<\/div><div class=\"modula-item effect-pufrobo\" >\n\t<div class=\"modula-item-overlay\"><\/div>\n\n\t<div class=\"modula-item-content\">\n\n\t\t\t\t\n\t\t\t\t\t<a data-image-id=\"3902\" data-elementor-open-lightbox=\"no\" rel=\"jtg-3897\" data-caption=\"\" aria-label=\"Abrir imagen en lightbox\" class=\"tile-inner modula-item-link\"><\/a>\n\t\t\n\t\t<img loading=\"lazy\" class=\"pic wp-image-3902 lazyload\"  data-valign=\"middle\" data-halign=\"center\" alt=\"dough divider, bakery divider, dough divider machine, electric dough divider\" data-full=\"https:\/\/www.goldenchef.cn\/wp-content\/uploads\/2022\/11\/photobank-22.jpg\" title=\"banco de im\u00e1genes (22)\" width=\"300\" height=\"141\" data-src=\"https:\/\/www.goldenchef.cn\/wp-content\/uploads\/2022\/11\/photobank-22.jpg\" data-caption=\"\" data-source=\"modula\" data-srcset=\"https:\/\/www.goldenchef.cn\/wp-content\/uploads\/2022\/11\/photobank-22.jpg 800w, https:\/\/www.goldenchef.cn\/wp-content\/uploads\/2022\/11\/photobank-22-600x281.jpg 600w\" data-sizes=\"(max-width: 300px) 100vw, 300px\" \/>\n\t\t<div class=\"figc no-description\">\n\t\t\t<div class=\"figc-inner\">\n\t\t\t\t\t\t\t\t\t\t\t\t\t\t\t<\/div>\n\t\t<\/div>\n\n\t<\/div>\n\n<\/div>\t\t\n\t<\/div>\n\n\t\n\t\n\t<script type=\"application\/ld+json\">\n\t{\n\t\t\"@context\": \"http:\/\/schema.org\",\n\t\t\"@type\"   : \"ImageGallery\",\n\t\t\"id\"      : \"https:\/\/www.goldenchef.cn\/es\/wp-json\/wp\/v2\/product\/3894\",\n\t\t\"url\"     : \"https:\/\/www.goldenchef.cn\/es\/wp-json\/wp\/v2\/product\/3894\"\n\t}\n\n    <\/script>\n\n\t\n<\/div><\/p>","protected":false},"excerpt":{"rendered":"<ul>\n<li>Marca: Mondo Cucina<\/li>\n<li>Equipamiento profesional<\/li>\n<li>F\u00e1cil de manejar, segmentaci\u00f3n autom\u00e1tica<\/li>\n<li>Motor potente, bajo nivel de ruido, ahorro de energ\u00eda<\/li>\n<li>Alta eficiencia, ahorro de trabajo<\/li>\n<li>F\u00e1cil de limpiar<\/li>\n<li>36 piezas divididas por igual<\/li>\n<\/ul>","protected":false},"featured_media":6027,"comment_status":"closed","ping_status":"closed","template":"","meta":[],"product_brand":[],"product_cat":[51,86],"product_tag":[108],"class_list":{"0":"post-3894","1":"product","2":"type-product","3":"status-publish","4":"has-post-thumbnail","6":"product_cat-bakery-equipment","7":"product_cat-dough-divider","8":"product_tag-dough-divider","10":"first","11":"instock","12":"shipping-taxable","13":"product-type-simple"},"yoast_head":"<!-- This site is optimized with the Yoast SEO Premium plugin v22.5 (Yoast SEO v22.8) - https:\/\/yoast.com\/wordpress\/plugins\/seo\/ -->\n<title>Dough Divider | High Efficiency Bakery Equipment - Golden Chef<\/title>\n<meta name=\"description\" content=\"Dough Divider is an ideal wheaten food and pastry processing machine, widely use in western-style cake shops dining halls of enterprises\" \/>\n<meta name=\"robots\" content=\"index, follow, max-snippet:-1, max-image-preview:large, max-video-preview:-1\" \/>\n<link rel=\"canonical\" href=\"https:\/\/www.goldenchef.cn\/es\/producto\/bakery-equipment\/dough-divider\/as-cg-dough-divider\/\" \/>\n<meta property=\"og:locale\" content=\"es_MX\" \/>\n<meta property=\"og:type\" content=\"article\" \/>\n<meta property=\"og:title\" content=\"AS-CG Dough Divider\" \/>\n<meta property=\"og:description\" content=\"Dough Divider is an ideal wheaten food and pastry processing machine, widely use in western-style cake shops dining halls of enterprises\" \/>\n<meta property=\"og:url\" content=\"https:\/\/www.goldenchef.cn\/es\/producto\/bakery-equipment\/dough-divider\/as-cg-dough-divider\/\" \/>\n<meta property=\"og:site_name\" content=\"golden chef machinery\" \/>\n<meta property=\"article:modified_time\" content=\"2024-11-01T09:25:11+00:00\" \/>\n<meta property=\"og:image\" content=\"https:\/\/www.goldenchef.cn\/wp-content\/uploads\/2022\/11\/289.jpg\" \/>\n\t<meta property=\"og:image:width\" content=\"800\" \/>\n\t<meta property=\"og:image:height\" content=\"800\" \/>\n\t<meta property=\"og:image:type\" content=\"image\/jpeg\" \/>\n<meta name=\"twitter:card\" content=\"summary_large_image\" \/>\n<meta name=\"twitter:label1\" content=\"Precio\" \/>\n\t<meta name=\"twitter:data1\" content=\"\" \/>\n\t<meta name=\"twitter:label2\" content=\"Disponibilidad\" \/>\n\t<meta name=\"twitter:data2\" content=\"Disponible\" \/>\n<script type=\"application\/ld+json\" class=\"yoast-schema-graph\">{\"@context\":\"https:\/\/schema.org\",\"@graph\":[{\"@type\":\"WebPage\",\"@id\":\"https:\/\/www.goldenchef.cn\/product\/bakery-equipment\/dough-divider\/as-cg-dough-divider\/\",\"url\":\"https:\/\/www.goldenchef.cn\/product\/bakery-equipment\/dough-divider\/as-cg-dough-divider\/\",\"name\":\"Dough Divider | High Efficiency Bakery Equipment - Golden Chef\",\"isPartOf\":{\"@id\":\"https:\/\/www.goldenchef.cn\/#website\"},\"primaryImageOfPage\":{\"@id\":\"https:\/\/www.goldenchef.cn\/product\/bakery-equipment\/dough-divider\/as-cg-dough-divider\/#primaryimage\"},\"image\":{\"@id\":\"https:\/\/www.goldenchef.cn\/product\/bakery-equipment\/dough-divider\/as-cg-dough-divider\/#primaryimage\"},\"thumbnailUrl\":\"https:\/\/www.goldenchef.cn\/wp-content\/uploads\/2022\/11\/289.jpg\",\"datePublished\":\"2022-11-08T09:03:11+00:00\",\"dateModified\":\"2024-11-01T09:25:11+00:00\",\"description\":\"Dough Divider is an ideal wheaten food and pastry processing machine, widely use in western-style cake shops dining halls of enterprises\",\"breadcrumb\":{\"@id\":\"https:\/\/www.goldenchef.cn\/product\/bakery-equipment\/dough-divider\/as-cg-dough-divider\/#breadcrumb\"},\"inLanguage\":\"es\",\"potentialAction\":[{\"@type\":\"ReadAction\",\"target\":[\"https:\/\/www.goldenchef.cn\/product\/bakery-equipment\/dough-divider\/as-cg-dough-divider\/\"]}]},{\"@type\":\"ImageObject\",\"inLanguage\":\"es\",\"@id\":\"https:\/\/www.goldenchef.cn\/product\/bakery-equipment\/dough-divider\/as-cg-dough-divider\/#primaryimage\",\"url\":\"https:\/\/www.goldenchef.cn\/wp-content\/uploads\/2022\/11\/289.jpg\",\"contentUrl\":\"https:\/\/www.goldenchef.cn\/wp-content\/uploads\/2022\/11\/289.jpg\",\"width\":800,\"height\":800,\"caption\":\"dough press, dough divider, dough divider machine\"},{\"@type\":\"BreadcrumbList\",\"@id\":\"https:\/\/www.goldenchef.cn\/product\/bakery-equipment\/dough-divider\/as-cg-dough-divider\/#breadcrumb\",\"itemListElement\":[{\"@type\":\"ListItem\",\"position\":1,\"name\":\"homepage\",\"item\":\"https:\/\/www.goldenchef.cn\/\"},{\"@type\":\"ListItem\",\"position\":2,\"name\":\"All Product\",\"item\":\"https:\/\/www.goldenchef.cn\/shop\/\"},{\"@type\":\"ListItem\",\"position\":3,\"name\":\"AS-CG Dough Divider\"}]},{\"@type\":\"WebSite\",\"@id\":\"https:\/\/www.goldenchef.cn\/#website\",\"url\":\"https:\/\/www.goldenchef.cn\/\",\"name\":\"golden chef machinery\",\"description\":\"If kitchen have dream, we are dream maker\",\"publisher\":{\"@id\":\"https:\/\/www.goldenchef.cn\/#organization\"},\"potentialAction\":[{\"@type\":\"SearchAction\",\"target\":{\"@type\":\"EntryPoint\",\"urlTemplate\":\"https:\/\/www.goldenchef.cn\/?s={search_term_string}\"},\"query-input\":\"required name=search_term_string\"}],\"inLanguage\":\"es\"},{\"@type\":[\"Organization\",\"Place\"],\"@id\":\"https:\/\/www.goldenchef.cn\/#organization\",\"name\":\"golden chef machinery\",\"url\":\"https:\/\/www.goldenchef.cn\/\",\"logo\":{\"@id\":\"https:\/\/www.goldenchef.cn\/product\/bakery-equipment\/dough-divider\/as-cg-dough-divider\/#local-main-organization-logo\"},\"image\":{\"@id\":\"https:\/\/www.goldenchef.cn\/product\/bakery-equipment\/dough-divider\/as-cg-dough-divider\/#local-main-organization-logo\"},\"openingHoursSpecification\":[{\"@type\":\"OpeningHoursSpecification\",\"dayOfWeek\":[\"Monday\",\"Tuesday\",\"Wednesday\",\"Thursday\",\"Friday\",\"Saturday\",\"Sunday\"],\"opens\":\"09:00\",\"closes\":\"17:00\"}]},{\"@type\":\"ImageObject\",\"inLanguage\":\"es\",\"@id\":\"https:\/\/www.goldenchef.cn\/product\/bakery-equipment\/dough-divider\/as-cg-dough-divider\/#local-main-organization-logo\",\"url\":\"https:\/\/www.goldenchef.cn\/wp-content\/uploads\/2023\/08\/cropped-200k.png\",\"contentUrl\":\"https:\/\/www.goldenchef.cn\/wp-content\/uploads\/2023\/08\/cropped-200k.png\",\"width\":512,\"height\":512,\"caption\":\"golden chef machinery\"}]}<\/script>\n<meta property=\"og:video\" content=\"https:\/\/www.youtube.com\/embed\/HNNXuIhbfNM\" \/>\n<meta property=\"og:video:type\" content=\"text\/html\" \/>\n<meta property=\"og:video:duration\" content=\"15\" \/>\n<meta property=\"og:video:width\" content=\"480\" \/>\n<meta property=\"og:video:height\" content=\"360\" \/>\n<meta property=\"ya:ovs:adult\" content=\"false\" \/>\n<meta property=\"ya:ovs:upload_date\" content=\"2022-11-08T09:03:11+00:00\" \/>\n<meta property=\"ya:ovs:allow_embed\" content=\"true\" \/>\n<meta property=\"product:price:amount\" content=\"0.00\" \/>\n<meta property=\"product:price:currency\" content=\"USD\" \/>\n<meta property=\"og:availability\" content=\"instock\" \/>\n<meta property=\"product:availability\" content=\"instock\" \/>\n<meta property=\"product:condition\" content=\"new\" \/>\n<!-- \/ Yoast SEO Premium plugin. -->","yoast_head_json":{"title":"Dough Divider | High Efficiency Bakery Equipment - Golden Chef","description":"Dough Divider is an ideal wheaten food and pastry processing machine, widely use in western-style cake shops dining halls of enterprises","robots":{"index":"index","follow":"follow","max-snippet":"max-snippet:-1","max-image-preview":"max-image-preview:large","max-video-preview":"max-video-preview:-1"},"canonical":"https:\/\/www.goldenchef.cn\/es\/producto\/bakery-equipment\/dough-divider\/as-cg-dough-divider\/","og_locale":"es_MX","og_type":"article","og_title":"AS-CG Dough Divider","og_description":"Dough Divider is an ideal wheaten food and pastry processing machine, widely use in western-style cake shops dining halls of enterprises","og_url":"https:\/\/www.goldenchef.cn\/es\/producto\/bakery-equipment\/dough-divider\/as-cg-dough-divider\/","og_site_name":"golden chef machinery","article_modified_time":"2024-11-01T09:25:11+00:00","og_image":[{"width":800,"height":800,"url":"https:\/\/www.goldenchef.cn\/wp-content\/uploads\/2022\/11\/289.jpg","type":"image\/jpeg"}],"twitter_card":"summary_large_image","twitter_misc":{"Precio":"","Disponibilidad":"Disponible"},"schema":{"@context":"https:\/\/schema.org","@graph":[{"@type":"WebPage","@id":"https:\/\/www.goldenchef.cn\/product\/bakery-equipment\/dough-divider\/as-cg-dough-divider\/","url":"https:\/\/www.goldenchef.cn\/product\/bakery-equipment\/dough-divider\/as-cg-dough-divider\/","name":"Dough Divider | High Efficiency Bakery Equipment - Golden Chef","isPartOf":{"@id":"https:\/\/www.goldenchef.cn\/#website"},"primaryImageOfPage":{"@id":"https:\/\/www.goldenchef.cn\/product\/bakery-equipment\/dough-divider\/as-cg-dough-divider\/#primaryimage"},"image":{"@id":"https:\/\/www.goldenchef.cn\/product\/bakery-equipment\/dough-divider\/as-cg-dough-divider\/#primaryimage"},"thumbnailUrl":"https:\/\/www.goldenchef.cn\/wp-content\/uploads\/2022\/11\/289.jpg","datePublished":"2022-11-08T09:03:11+00:00","dateModified":"2024-11-01T09:25:11+00:00","description":"Dough Divider is an ideal wheaten food and pastry processing machine, widely use in western-style cake shops dining halls of enterprises","breadcrumb":{"@id":"https:\/\/www.goldenchef.cn\/product\/bakery-equipment\/dough-divider\/as-cg-dough-divider\/#breadcrumb"},"inLanguage":"es","potentialAction":[{"@type":"ReadAction","target":["https:\/\/www.goldenchef.cn\/product\/bakery-equipment\/dough-divider\/as-cg-dough-divider\/"]}]},{"@type":"ImageObject","inLanguage":"es","@id":"https:\/\/www.goldenchef.cn\/product\/bakery-equipment\/dough-divider\/as-cg-dough-divider\/#primaryimage","url":"https:\/\/www.goldenchef.cn\/wp-content\/uploads\/2022\/11\/289.jpg","contentUrl":"https:\/\/www.goldenchef.cn\/wp-content\/uploads\/2022\/11\/289.jpg","width":800,"height":800,"caption":"dough press, dough divider, dough divider machine"},{"@type":"BreadcrumbList","@id":"https:\/\/www.goldenchef.cn\/product\/bakery-equipment\/dough-divider\/as-cg-dough-divider\/#breadcrumb","itemListElement":[{"@type":"ListItem","position":1,"name":"homepage","item":"https:\/\/www.goldenchef.cn\/"},{"@type":"ListItem","position":2,"name":"All Product","item":"https:\/\/www.goldenchef.cn\/shop\/"},{"@type":"ListItem","position":3,"name":"AS-CG Dough Divider"}]},{"@type":"WebSite","@id":"https:\/\/www.goldenchef.cn\/#website","url":"https:\/\/www.goldenchef.cn\/","name":"golden chef machinery","description":"If kitchen have dream, we are dream maker","publisher":{"@id":"https:\/\/www.goldenchef.cn\/#organization"},"potentialAction":[{"@type":"SearchAction","target":{"@type":"EntryPoint","urlTemplate":"https:\/\/www.goldenchef.cn\/?s={search_term_string}"},"query-input":"required name=search_term_string"}],"inLanguage":"es"},{"@type":["Organization","Place"],"@id":"https:\/\/www.goldenchef.cn\/#organization","name":"golden chef machinery","url":"https:\/\/www.goldenchef.cn\/","logo":{"@id":"https:\/\/www.goldenchef.cn\/product\/bakery-equipment\/dough-divider\/as-cg-dough-divider\/#local-main-organization-logo"},"image":{"@id":"https:\/\/www.goldenchef.cn\/product\/bakery-equipment\/dough-divider\/as-cg-dough-divider\/#local-main-organization-logo"},"openingHoursSpecification":[{"@type":"OpeningHoursSpecification","dayOfWeek":["Monday","Tuesday","Wednesday","Thursday","Friday","Saturday","Sunday"],"opens":"09:00","closes":"17:00"}]},{"@type":"ImageObject","inLanguage":"es","@id":"https:\/\/www.goldenchef.cn\/product\/bakery-equipment\/dough-divider\/as-cg-dough-divider\/#local-main-organization-logo","url":"https:\/\/www.goldenchef.cn\/wp-content\/uploads\/2023\/08\/cropped-200k.png","contentUrl":"https:\/\/www.goldenchef.cn\/wp-content\/uploads\/2023\/08\/cropped-200k.png","width":512,"height":512,"caption":"golden chef machinery"}]},"og_video":"https:\/\/www.youtube.com\/embed\/HNNXuIhbfNM","og_video_type":"text\/html","og_video_duration":"15","og_video_width":"480","og_video_height":"360","ya_ovs_adult":"false","ya_ovs_upload_date":"2022-11-08T09:03:11+00:00","ya_ovs_allow_embed":"true","product_price_amount":"0.00","product_price_currency":"USD","og_availability":"instock","product_availability":"instock","product_condition":"new"},"_links":{"self":[{"href":"https:\/\/www.goldenchef.cn\/es\/wp-json\/wp\/v2\/product\/3894"}],"collection":[{"href":"https:\/\/www.goldenchef.cn\/es\/wp-json\/wp\/v2\/product"}],"about":[{"href":"https:\/\/www.goldenchef.cn\/es\/wp-json\/wp\/v2\/types\/product"}],"replies":[{"embeddable":true,"href":"https:\/\/www.goldenchef.cn\/es\/wp-json\/wp\/v2\/comments?post=3894"}],"wp:featuredmedia":[{"embeddable":true,"href":"https:\/\/www.goldenchef.cn\/es\/wp-json\/wp\/v2\/media\/6027"}],"wp:attachment":[{"href":"https:\/\/www.goldenchef.cn\/es\/wp-json\/wp\/v2\/media?parent=3894"}],"wp:term":[{"taxonomy":"product_brand","embeddable":true,"href":"https:\/\/www.goldenchef.cn\/es\/wp-json\/wp\/v2\/product_brand?post=3894"},{"taxonomy":"product_cat","embeddable":true,"href":"https:\/\/www.goldenchef.cn\/es\/wp-json\/wp\/v2\/product_cat?post=3894"},{"taxonomy":"product_tag","embeddable":true,"href":"https:\/\/www.goldenchef.cn\/es\/wp-json\/wp\/v2\/product_tag?post=3894"}],"curies":[{"name":"wp","href":"https:\/\/api.w.org\/{rel}","templated":true}]}}