{"id":3937,"date":"2022-11-09T11:13:06","date_gmt":"2022-11-09T03:13:06","guid":{"rendered":"http:\/\/www.goldenchef.cn\/?post_type=product&#038;p=3937"},"modified":"2024-11-01T17:06:02","modified_gmt":"2024-11-01T09:06:02","slug":"f-15-16","status":"publish","type":"product","link":"https:\/\/www.goldenchef.cn\/es\/producto\/bakery-equipment\/bakery-proofer\/f-15-16\/","title":{"rendered":"F-15\/16 M\u00e1quina de fermentaci\u00f3n de pan el\u00e9ctrica comercial con aprobaci\u00f3n CE"},"content":{"rendered":"<p class=\"pro_des_top\"><strong>Maquina de fermentar pan Golden Chef 15 16 30 32 64 bandejas maquina de fermentar pan venta de fabrica proofer<\/strong><\/p>\n<p>Modelo: F-15\/16<\/p>\n<p>Tensi\u00f3n: 220V<\/p>\n<p>Potencia: 2600 W<\/p>\n<p>Dimensiones: 500x705x2030MM<\/p>\n<p>Peso neto (kg): 42<\/p>\n<p>G.W.(kg): 60<\/p>\n<p>Bandejas: 15\/16<\/p>\n<ul>\n<li><strong>La mejor compa\u00f1era para el horno de pisos: Buen socio para el horno de cubierta, acelerar para despertar la masa.<\/strong><\/li>\n<li><strong>Varios tama\u00f1os: Diverso tama\u00f1o ser\u00e1 partido para la petici\u00f3n de la tienda de la panader\u00eda de la diferencia.<\/strong><\/li>\n<li><strong>Acero inoxidable: El interior y el exterior del cuerpo de la m\u00e1quina son todos de acero inoxidable dise\u00f1o de sellado, anti-corrosi\u00f3n, resistencia a la oxidaci\u00f3n, la fijaci\u00f3n y duradero.<\/strong><\/li>\n<li><strong>Convecci\u00f3n: Ventilador de gran potencia con buena convecci\u00f3n de aire caliente dentro de la c\u00e1mara de fermentaci\u00f3n<\/strong><\/li>\n<li><strong>Doble protecci\u00f3n: Entrada y salida autom\u00e1tica de agua, evita la combusti\u00f3n en seco, f\u00e1cil de usar.<\/strong><\/li>\n<li><strong>Capacidad ultra grande: Gran capacidad y multicapa, mejoran la eficiencia de la producci\u00f3n.<\/strong><\/li>\n<li><strong>Control de temperatura y humedad: La temperatura y la humedad pueden ser ajustables, masa despertar m\u00e1s perfectamente.<\/strong><\/li>\n<li><strong>F\u00e1cil de manejar: Pomo mec\u00e1nico, doble ajuste de temperatura y humedad, f\u00e1cil manejo.<\/strong><\/li>\n<li><strong>Ruedas universales: F\u00e1cil de mover la m\u00e1quina a todos los rincones de la cocina, con un bloqueo para fijar la m\u00e1quina.<\/strong><\/li>\n<\/ul>\n<p><iframe title=\"Reproductor de v\u00eddeo YouTube\" src=\"https:\/\/www.youtube.com\/embed\/tRK5DXS7FtM\" width=\"560\" height=\"315\" frameborder=\"0\" allowfullscreen=\"allowfullscreen\"><\/iframe><\/p>\n<p>GOLDEN CHEF cuenta con un equipo de profesionales que ofrecen servicios a los clientes de ultramar, incluyendo fabricaci\u00f3n, ventas, control de calidad, carga de contenedores, despacho de aduanas, log\u00edstica y servicio post-venta.<\/p>\n<style>#jtg-3942 .modula-item .jtg-social a, .lightbox-socials.jtg-social a{ color: #ffffff }#jtg-3942 .modula-item .jtg-social svg, .lightbox-socials.jtg-social svg { height: 16px; width: 16px }#jtg-3942 .modula-item .jtg-social a:not(:last-child), .lightbox-socials.jtg-social a:not(:last-child) { margin-right: 10px }#jtg-3942 .modula-item .figc {color:#ffffff;}#jtg-3942 .modula-item .modula-item-content { transform: scale(1) }#jtg-3942 { width:100%;}#jtg-3942 .modula-items{height:800px;}@media screen and (max-width: 992px) {#jtg-3942 .modula-items{height:800px;}}@media screen and (max-width: 768px) {#jtg-3942 .modula-items{height:800px;}}#jtg-3942 .modula-items .figc p.description { font-size:14px; }#jtg-3942 .modula-items .figc p.description { color:#ffffff;}#jtg-3942.modula-gallery .modula-item > a, #jtg-3942.modula-gallery .modula-item, #jtg-3942.modula-gallery .modula-item-content > a:not(.modula-no-follow) { cursor:zoom-in; } #jtg-3942.modula-gallery .modula-item-content .modula-no-follow { cursor: default; } @media screen and (max-width:480px){#jtg-3942 .modula-item .figc .jtg-title {  font-size: 12px; }#jtg-3942 .modula-items .figc p.description { color:#ffffff;font-size:10px; }}<\/style>\n<!-- Gallery Container -->\n<div  id=\"jtg-3942\" class=\"modula modula-gallery modula-creative-gallery\" data-config=\"{&quot;height&quot;:800,&quot;tabletHeight&quot;:800,&quot;mobileHeight&quot;:800,&quot;desktopHeight&quot;:800,&quot;enableTwitter&quot;:false,&quot;enableWhatsapp&quot;:false,&quot;enableFacebook&quot;:false,&quot;enablePinterest&quot;:false,&quot;enableLinkedin&quot;:false,&quot;enableEmail&quot;:false,&quot;randomFactor&quot;:0.5,&quot;type&quot;:&quot;creative-gallery&quot;,&quot;columns&quot;:12,&quot;gutter&quot;:10,&quot;mobileGutter&quot;:10,&quot;tabletGutter&quot;:10,&quot;desktopGutter&quot;:10,&quot;enableResponsive&quot;:&quot;0&quot;,&quot;tabletColumns&quot;:&quot;2&quot;,&quot;mobileColumns&quot;:&quot;1&quot;,&quot;lazyLoad&quot;:&quot;1&quot;,&quot;lightboxOpts&quot;:{&quot;loop&quot;:false,&quot;arrows&quot;:true,&quot;toolbar&quot;:true,&quot;keyboard&quot;:true,&quot;wheel&quot;:false,&quot;buttons&quot;:[&quot;close&quot;],&quot;hash&quot;:false,&quot;lang&quot;:&quot;en&quot;,&quot;touch&quot;:false,&quot;protect&quot;:false,&quot;i18n&quot;:{&quot;en&quot;:{&quot;CLOSE&quot;:&quot;Close&quot;,&quot;NEXT&quot;:&quot;Next&quot;,&quot;PREV&quot;:&quot;Previous&quot;,&quot;Error&quot;:&quot;The requested content cannot be loaded. Please try again later.&quot;,&quot;PLAY_START&quot;:&quot;Start slideshow&quot;,&quot;PLAY_STOP&quot;:&quot;Pause slideshow&quot;,&quot;FULL_SCREEN&quot;:&quot;Full screen&quot;,&quot;THUMBS&quot;:&quot;Thumbnails&quot;,&quot;DOWNLOAD&quot;:&quot;Download&quot;,&quot;SHARE&quot;:&quot;Share&quot;,&quot;ZOOM&quot;:&quot;Zoom&quot;}},&quot;clickSlide&quot;:false,&quot;clickOutside&quot;:false,&quot;dblclickContent&quot;:false,&quot;dblclickSlide&quot;:false,&quot;dblclickOutside&quot;:false,&quot;clickContent&quot;:false,&quot;baseTpl&quot;:&quot;&lt;div class=\\&quot;modula-fancybox-container modula-lightbox-jtg-3942\\&quot; role=\\&quot;dialog\\&quot; tabindex=\\&quot;-1\\&quot;&gt;&lt;div class=\\&quot;modula-fancybox-bg\\&quot;&gt;&lt;\\\/div&gt;&lt;div class=\\&quot;modula-fancybox-inner\\&quot;&gt;&lt;div class=\\&quot;modula-fancybox-infobar\\&quot;&gt;&lt;span data-fancybox-index&gt;&lt;\\\/span&gt;&nbsp;\\\/&nbsp;&lt;span data-fancybox-count&gt;&lt;\\\/span&gt;&lt;\\\/div&gt;&lt;div class=\\&quot;modula-fancybox-toolbar\\&quot;&gt;{{buttons}}&lt;\\\/div&gt;&lt;div class=\\&quot;modula-fancybox-navigation\\&quot;&gt;{{arrows}}&lt;\\\/div&gt;&lt;div class=\\&quot;modula-fancybox-stage\\&quot;&gt;&lt;\\\/div&gt;&lt;div class=\\&quot;modula-fancybox-caption\\&quot;&gt;&lt;div class=\\&quot;modula-fancybox-caption__body\\&quot;&gt;&lt;\\\/div&gt;&lt;\\\/div&gt;&lt;\\\/div&gt;&lt;\\\/div&gt;&quot;},&quot;inView&quot;:false,&quot;email_subject&quot;:&quot;Check out this awesome image !!&quot;,&quot;email_message&quot;:&quot;Here is the link to the image : %%image_link%% and this is the link to the gallery : %%gallery_link%%&quot;,&quot;lightbox&quot;:&quot;fancybox&quot;}\">\n\n\t\n\t<!-- Items Container -->\n\t<div  class=\"modula-items\">\n\t\t<div class=\"modula-item effect-pufrobo\" >\n\t<div class=\"modula-item-overlay\"><\/div>\n\n\t<div class=\"modula-item-content\">\n\n\t\t\t\t\n\t\t\t\t\t<a data-image-id=\"3943\" data-elementor-open-lightbox=\"no\" rel=\"jtg-3942\" data-caption=\"\" aria-label=\"Abrir imagen en lightbox\" class=\"tile-inner modula-item-link\"><\/a>\n\t\t\n\t\t<img fetchpriority=\"high\" class=\"pic wp-image-3943 lazyload\"  data-valign=\"middle\" data-halign=\"center\" alt=\"bakery proofer machine, dough proofer machine, bread proofer machine\" data-full=\"https:\/\/www.goldenchef.cn\/wp-content\/uploads\/2022\/11\/0.jpg\" title=\"m\u00e1quina fermentadora, m\u00e1quina fermentadora de panader\u00eda, m\u00e1quina fermentadora de masa, m\u00e1quina fermentadora de pan\" width=\"300\" height=\"204\" data-src=\"https:\/\/www.goldenchef.cn\/wp-content\/uploads\/2022\/11\/0.jpg\" data-caption=\"\" data-source=\"modula\" data-srcset=\"https:\/\/www.goldenchef.cn\/wp-content\/uploads\/2022\/11\/0.jpg 750w, https:\/\/www.goldenchef.cn\/wp-content\/uploads\/2022\/11\/0-600x407.jpg 600w\" data-sizes=\"(max-width: 300px) 100vw, 300px\" \/>\n\t\t<div class=\"figc no-description\">\n\t\t\t<div class=\"figc-inner\">\n\t\t\t\t\t\t\t\t\t\t\t\t\t\t\t<\/div>\n\t\t<\/div>\n\n\t<\/div>\n\n<\/div><div class=\"modula-item effect-pufrobo\" >\n\t<div class=\"modula-item-overlay\"><\/div>\n\n\t<div class=\"modula-item-content\">\n\n\t\t\t\t\n\t\t\t\t\t<a data-image-id=\"3944\" data-elementor-open-lightbox=\"no\" rel=\"jtg-3942\" data-caption=\"\" aria-label=\"Abrir imagen en lightbox\" class=\"tile-inner modula-item-link\"><\/a>\n\t\t\n\t\t<img class=\"pic wp-image-3944 lazyload\"  data-valign=\"middle\" data-halign=\"center\" alt=\"bakery proofer machine, dough proofer machine, bread proofer machine\" data-full=\"https:\/\/www.goldenchef.cn\/wp-content\/uploads\/2022\/11\/5-3.jpg\" title=\"m\u00e1quina fermentadora, m\u00e1quina fermentadora de panader\u00eda, m\u00e1quina fermentadora de masa, m\u00e1quina fermentadora de pan\" width=\"300\" height=\"290\" data-src=\"https:\/\/www.goldenchef.cn\/wp-content\/uploads\/2022\/11\/5-3.jpg\" data-caption=\"\" data-source=\"modula\" data-srcset=\"https:\/\/www.goldenchef.cn\/wp-content\/uploads\/2022\/11\/5-3.jpg 750w, https:\/\/www.goldenchef.cn\/wp-content\/uploads\/2022\/11\/5-3-600x580.jpg 600w\" data-sizes=\"(max-width: 300px) 100vw, 300px\" \/>\n\t\t<div class=\"figc no-description\">\n\t\t\t<div class=\"figc-inner\">\n\t\t\t\t\t\t\t\t\t\t\t\t\t\t\t<\/div>\n\t\t<\/div>\n\n\t<\/div>\n\n<\/div><div class=\"modula-item effect-pufrobo\" >\n\t<div class=\"modula-item-overlay\"><\/div>\n\n\t<div class=\"modula-item-content\">\n\n\t\t\t\t\n\t\t\t\t\t<a data-image-id=\"3945\" data-elementor-open-lightbox=\"no\" rel=\"jtg-3942\" data-caption=\"\" aria-label=\"Abrir imagen en lightbox\" class=\"tile-inner modula-item-link\"><\/a>\n\t\t\n\t\t<img class=\"pic wp-image-3945 lazyload\"  data-valign=\"middle\" data-halign=\"center\" alt=\"bakery proofer machine, dough proofer machine, bread proofer machine\" data-full=\"https:\/\/www.goldenchef.cn\/wp-content\/uploads\/2022\/11\/2332.jpg\" title=\"m\u00e1quina fermentadora, m\u00e1quina fermentadora de panader\u00eda, m\u00e1quina fermentadora de masa, m\u00e1quina fermentadora de pan\" width=\"229\" height=\"300\" data-src=\"https:\/\/www.goldenchef.cn\/wp-content\/uploads\/2022\/11\/2332.jpg\" data-caption=\"\" data-source=\"modula\" data-srcset=\"https:\/\/www.goldenchef.cn\/wp-content\/uploads\/2022\/11\/2332.jpg 750w, https:\/\/www.goldenchef.cn\/wp-content\/uploads\/2022\/11\/2332-600x786.jpg 600w\" data-sizes=\"(max-width: 229px) 100vw, 229px\" \/>\n\t\t<div class=\"figc no-description\">\n\t\t\t<div class=\"figc-inner\">\n\t\t\t\t\t\t\t\t\t\t\t\t\t\t\t<\/div>\n\t\t<\/div>\n\n\t<\/div>\n\n<\/div><div class=\"modula-item effect-pufrobo\" >\n\t<div class=\"modula-item-overlay\"><\/div>\n\n\t<div class=\"modula-item-content\">\n\n\t\t\t\t\n\t\t\t\t\t<a data-image-id=\"3946\" data-elementor-open-lightbox=\"no\" rel=\"jtg-3942\" data-caption=\"\" aria-label=\"Abrir imagen en lightbox\" class=\"tile-inner modula-item-link\"><\/a>\n\t\t\n\t\t<img loading=\"lazy\" class=\"pic wp-image-3946 lazyload\"  data-valign=\"middle\" data-halign=\"center\" alt=\"bakery proofer machine, dough proofer machine, bread proofer machine\" data-full=\"https:\/\/www.goldenchef.cn\/wp-content\/uploads\/2022\/11\/4-5.jpg\" title=\"4\" width=\"300\" height=\"290\" data-src=\"https:\/\/www.goldenchef.cn\/wp-content\/uploads\/2022\/11\/4-5.jpg\" data-caption=\"\" data-source=\"modula\" data-srcset=\"https:\/\/www.goldenchef.cn\/wp-content\/uploads\/2022\/11\/4-5.jpg 750w, https:\/\/www.goldenchef.cn\/wp-content\/uploads\/2022\/11\/4-5-600x580.jpg 600w\" data-sizes=\"(max-width: 300px) 100vw, 300px\" \/>\n\t\t<div class=\"figc no-description\">\n\t\t\t<div class=\"figc-inner\">\n\t\t\t\t\t\t\t\t\t\t\t\t\t\t\t<\/div>\n\t\t<\/div>\n\n\t<\/div>\n\n<\/div>\t\t\n\t<\/div>\n\n\t\n\t\n\t<script type=\"application\/ld+json\">\n\t{\n\t\t\"@context\": \"http:\/\/schema.org\",\n\t\t\"@type\"   : \"ImageGallery\",\n\t\t\"id\"      : \"https:\/\/www.goldenchef.cn\/es\/wp-json\/wp\/v2\/product\/3937\",\n\t\t\"url\"     : \"https:\/\/www.goldenchef.cn\/es\/wp-json\/wp\/v2\/product\/3937\"\n\t}\n\n    <\/script>\n\n\t\n<\/div>","protected":false},"excerpt":{"rendered":"<p>Buen socio para el horno de la cubierta, acelera para despertar la pasta. El tama\u00f1o diferente ser\u00e1 partido para la petici\u00f3n de la tienda de la panader\u00eda de la diferencia. La temperatura y la humedad pueden ser ajustables, masa despiertan m\u00e1s perfectamente, Trabajando con ventilador, tempature dentro de la c\u00e1mara de fermentaci\u00f3n puede obtener una mejor circulaci\u00f3n.<\/p>\n<ul>\n<li>Marca: Mondo Cucina<\/li>\n<\/ul>","protected":false},"featured_media":6021,"comment_status":"closed","ping_status":"closed","template":"","meta":[],"product_brand":[],"product_cat":[51,89],"product_tag":[110],"class_list":{"0":"post-3937","1":"product","2":"type-product","3":"status-publish","4":"has-post-thumbnail","6":"product_cat-bakery-equipment","7":"product_cat-bakery-proofer","8":"product_tag-bakery-proofer","10":"first","11":"instock","12":"shipping-taxable","13":"product-type-simple"},"yoast_head":"<!-- This site is optimized with the Yoast SEO Premium plugin v22.5 (Yoast SEO v22.8) - https:\/\/yoast.com\/wordpress\/plugins\/seo\/ -->\n<title>Bread Proofer Commercial Electric Bakery Proofer Machine Video<\/title>\n<meta name=\"description\" content=\"Bread Proofer best partner for deck oven: Good partner for deck oven, speed up to wake up the dough. Contact us to get best price.\" \/>\n<meta name=\"robots\" content=\"index, follow, max-snippet:-1, max-image-preview:large, max-video-preview:-1\" \/>\n<link rel=\"canonical\" href=\"https:\/\/www.goldenchef.cn\/es\/producto\/bakery-equipment\/bakery-proofer\/f-15-16\/\" \/>\n<meta property=\"og:locale\" content=\"es_MX\" \/>\n<meta property=\"og:type\" content=\"article\" \/>\n<meta property=\"og:title\" content=\"F-15\/16 CE Approved Commercial Electric Bread Bakery Proofer Machine\" \/>\n<meta property=\"og:description\" content=\"Bread Proofer best partner for deck oven: Good partner for deck oven, speed up to wake up the dough. Contact us to get best price.\" \/>\n<meta property=\"og:url\" content=\"https:\/\/www.goldenchef.cn\/es\/producto\/bakery-equipment\/bakery-proofer\/f-15-16\/\" \/>\n<meta property=\"og:site_name\" content=\"golden chef machinery\" \/>\n<meta property=\"article:modified_time\" content=\"2024-11-01T09:06:02+00:00\" \/>\n<meta property=\"og:image\" content=\"https:\/\/www.goldenchef.cn\/wp-content\/uploads\/2022\/11\/239.jpg\" \/>\n\t<meta property=\"og:image:width\" content=\"800\" \/>\n\t<meta property=\"og:image:height\" content=\"800\" \/>\n\t<meta property=\"og:image:type\" content=\"image\/jpeg\" \/>\n<meta name=\"twitter:card\" content=\"summary_large_image\" \/>\n<meta name=\"twitter:label1\" content=\"Precio\" \/>\n\t<meta name=\"twitter:data1\" content=\"\" \/>\n\t<meta name=\"twitter:label2\" content=\"Disponibilidad\" \/>\n\t<meta name=\"twitter:data2\" content=\"Disponible\" \/>\n<script type=\"application\/ld+json\" class=\"yoast-schema-graph\">{\"@context\":\"https:\/\/schema.org\",\"@graph\":[{\"@type\":\"WebPage\",\"@id\":\"https:\/\/www.goldenchef.cn\/es\/producto\/bakery-equipment\/bakery-proofer\/f-15-16\/\",\"url\":\"https:\/\/www.goldenchef.cn\/es\/producto\/bakery-equipment\/bakery-proofer\/f-15-16\/\",\"name\":\"Bread Proofer Commercial Electric Bakery Proofer Machine Video\",\"isPartOf\":{\"@id\":\"https:\/\/www.goldenchef.cn\/#website\"},\"primaryImageOfPage\":{\"@id\":\"https:\/\/www.goldenchef.cn\/es\/producto\/bakery-equipment\/bakery-proofer\/f-15-16\/#primaryimage\"},\"image\":{\"@id\":\"https:\/\/www.goldenchef.cn\/es\/producto\/bakery-equipment\/bakery-proofer\/f-15-16\/#primaryimage\"},\"thumbnailUrl\":\"https:\/\/www.goldenchef.cn\/wp-content\/uploads\/2022\/11\/239.jpg\",\"datePublished\":\"2022-11-09T03:13:06+00:00\",\"dateModified\":\"2024-11-01T09:06:02+00:00\",\"description\":\"Bread Proofer best partner for deck oven: Good partner for deck oven, speed up to wake up the dough. Contact us to get best price.\",\"breadcrumb\":{\"@id\":\"https:\/\/www.goldenchef.cn\/es\/producto\/bakery-equipment\/bakery-proofer\/f-15-16\/#breadcrumb\"},\"inLanguage\":\"es\",\"potentialAction\":[{\"@type\":\"ReadAction\",\"target\":[\"https:\/\/www.goldenchef.cn\/es\/producto\/bakery-equipment\/bakery-proofer\/f-15-16\/\"]}]},{\"@type\":\"ImageObject\",\"inLanguage\":\"es\",\"@id\":\"https:\/\/www.goldenchef.cn\/es\/producto\/bakery-equipment\/bakery-proofer\/f-15-16\/#primaryimage\",\"url\":\"https:\/\/www.goldenchef.cn\/wp-content\/uploads\/2022\/11\/239.jpg\",\"contentUrl\":\"https:\/\/www.goldenchef.cn\/wp-content\/uploads\/2022\/11\/239.jpg\",\"width\":800,\"height\":800,\"caption\":\"proofer machine, bakery proofer, bakery proofer machine\"},{\"@type\":\"BreadcrumbList\",\"@id\":\"https:\/\/www.goldenchef.cn\/es\/producto\/bakery-equipment\/bakery-proofer\/f-15-16\/#breadcrumb\",\"itemListElement\":[{\"@type\":\"ListItem\",\"position\":1,\"name\":\"homepage\",\"item\":\"https:\/\/www.goldenchef.cn\/\"},{\"@type\":\"ListItem\",\"position\":2,\"name\":\"All Product\",\"item\":\"https:\/\/www.goldenchef.cn\/shop\/\"},{\"@type\":\"ListItem\",\"position\":3,\"name\":\"F-15\/16 CE Approved Commercial Electric Bread Bakery Proofer Machine\"}]},{\"@type\":\"WebSite\",\"@id\":\"https:\/\/www.goldenchef.cn\/#website\",\"url\":\"https:\/\/www.goldenchef.cn\/\",\"name\":\"golden chef machinery\",\"description\":\"If kitchen have dream, we are dream maker\",\"publisher\":{\"@id\":\"https:\/\/www.goldenchef.cn\/#organization\"},\"potentialAction\":[{\"@type\":\"SearchAction\",\"target\":{\"@type\":\"EntryPoint\",\"urlTemplate\":\"https:\/\/www.goldenchef.cn\/?s={search_term_string}\"},\"query-input\":\"required name=search_term_string\"}],\"inLanguage\":\"es\"},{\"@type\":[\"Organization\",\"Place\"],\"@id\":\"https:\/\/www.goldenchef.cn\/#organization\",\"name\":\"golden chef machinery\",\"url\":\"https:\/\/www.goldenchef.cn\/\",\"logo\":{\"@id\":\"https:\/\/www.goldenchef.cn\/es\/producto\/bakery-equipment\/bakery-proofer\/f-15-16\/#local-main-organization-logo\"},\"image\":{\"@id\":\"https:\/\/www.goldenchef.cn\/es\/producto\/bakery-equipment\/bakery-proofer\/f-15-16\/#local-main-organization-logo\"},\"openingHoursSpecification\":[{\"@type\":\"OpeningHoursSpecification\",\"dayOfWeek\":[\"Monday\",\"Tuesday\",\"Wednesday\",\"Thursday\",\"Friday\",\"Saturday\",\"Sunday\"],\"opens\":\"09:00\",\"closes\":\"17:00\"}]},{\"@type\":\"ImageObject\",\"inLanguage\":\"es\",\"@id\":\"https:\/\/www.goldenchef.cn\/es\/producto\/bakery-equipment\/bakery-proofer\/f-15-16\/#local-main-organization-logo\",\"url\":\"https:\/\/www.goldenchef.cn\/wp-content\/uploads\/2023\/08\/cropped-200k.png\",\"contentUrl\":\"https:\/\/www.goldenchef.cn\/wp-content\/uploads\/2023\/08\/cropped-200k.png\",\"width\":512,\"height\":512,\"caption\":\"golden chef machinery\"}]}<\/script>\n<meta property=\"og:video\" content=\"https:\/\/www.youtube.com\/embed\/tRK5DXS7FtM\" \/>\n<meta property=\"og:video:type\" content=\"text\/html\" \/>\n<meta property=\"og:video:duration\" content=\"107\" \/>\n<meta property=\"og:video:width\" content=\"480\" \/>\n<meta property=\"og:video:height\" content=\"270\" \/>\n<meta property=\"ya:ovs:adult\" content=\"false\" \/>\n<meta property=\"ya:ovs:upload_date\" content=\"2022-11-09T03:13:06+00:00\" \/>\n<meta property=\"ya:ovs:allow_embed\" content=\"true\" \/>\n<meta property=\"product:price:amount\" content=\"0.00\" \/>\n<meta property=\"product:price:currency\" content=\"USD\" \/>\n<meta property=\"og:availability\" content=\"instock\" \/>\n<meta property=\"product:availability\" content=\"instock\" \/>\n<meta property=\"product:condition\" content=\"new\" \/>\n<!-- \/ Yoast SEO Premium plugin. -->","yoast_head_json":{"title":"Bread Proofer Commercial Electric Bakery Proofer Machine Video","description":"Bread Proofer best partner for deck oven: Good partner for deck oven, speed up to wake up the dough. Contact us to get best price.","robots":{"index":"index","follow":"follow","max-snippet":"max-snippet:-1","max-image-preview":"max-image-preview:large","max-video-preview":"max-video-preview:-1"},"canonical":"https:\/\/www.goldenchef.cn\/es\/producto\/bakery-equipment\/bakery-proofer\/f-15-16\/","og_locale":"es_MX","og_type":"article","og_title":"F-15\/16 CE Approved Commercial Electric Bread Bakery Proofer Machine","og_description":"Bread Proofer best partner for deck oven: Good partner for deck oven, speed up to wake up the dough. Contact us to get best price.","og_url":"https:\/\/www.goldenchef.cn\/es\/producto\/bakery-equipment\/bakery-proofer\/f-15-16\/","og_site_name":"golden chef machinery","article_modified_time":"2024-11-01T09:06:02+00:00","og_image":[{"width":800,"height":800,"url":"https:\/\/www.goldenchef.cn\/wp-content\/uploads\/2022\/11\/239.jpg","type":"image\/jpeg"}],"twitter_card":"summary_large_image","twitter_misc":{"Precio":"","Disponibilidad":"Disponible"},"schema":{"@context":"https:\/\/schema.org","@graph":[{"@type":"WebPage","@id":"https:\/\/www.goldenchef.cn\/es\/producto\/bakery-equipment\/bakery-proofer\/f-15-16\/","url":"https:\/\/www.goldenchef.cn\/es\/producto\/bakery-equipment\/bakery-proofer\/f-15-16\/","name":"Bread Proofer Commercial Electric Bakery Proofer Machine Video","isPartOf":{"@id":"https:\/\/www.goldenchef.cn\/#website"},"primaryImageOfPage":{"@id":"https:\/\/www.goldenchef.cn\/es\/producto\/bakery-equipment\/bakery-proofer\/f-15-16\/#primaryimage"},"image":{"@id":"https:\/\/www.goldenchef.cn\/es\/producto\/bakery-equipment\/bakery-proofer\/f-15-16\/#primaryimage"},"thumbnailUrl":"https:\/\/www.goldenchef.cn\/wp-content\/uploads\/2022\/11\/239.jpg","datePublished":"2022-11-09T03:13:06+00:00","dateModified":"2024-11-01T09:06:02+00:00","description":"Bread Proofer best partner for deck oven: Good partner for deck oven, speed up to wake up the dough. Contact us to get best price.","breadcrumb":{"@id":"https:\/\/www.goldenchef.cn\/es\/producto\/bakery-equipment\/bakery-proofer\/f-15-16\/#breadcrumb"},"inLanguage":"es","potentialAction":[{"@type":"ReadAction","target":["https:\/\/www.goldenchef.cn\/es\/producto\/bakery-equipment\/bakery-proofer\/f-15-16\/"]}]},{"@type":"ImageObject","inLanguage":"es","@id":"https:\/\/www.goldenchef.cn\/es\/producto\/bakery-equipment\/bakery-proofer\/f-15-16\/#primaryimage","url":"https:\/\/www.goldenchef.cn\/wp-content\/uploads\/2022\/11\/239.jpg","contentUrl":"https:\/\/www.goldenchef.cn\/wp-content\/uploads\/2022\/11\/239.jpg","width":800,"height":800,"caption":"proofer machine, bakery proofer, bakery proofer machine"},{"@type":"BreadcrumbList","@id":"https:\/\/www.goldenchef.cn\/es\/producto\/bakery-equipment\/bakery-proofer\/f-15-16\/#breadcrumb","itemListElement":[{"@type":"ListItem","position":1,"name":"homepage","item":"https:\/\/www.goldenchef.cn\/"},{"@type":"ListItem","position":2,"name":"All Product","item":"https:\/\/www.goldenchef.cn\/shop\/"},{"@type":"ListItem","position":3,"name":"F-15\/16 CE Approved Commercial Electric Bread Bakery Proofer Machine"}]},{"@type":"WebSite","@id":"https:\/\/www.goldenchef.cn\/#website","url":"https:\/\/www.goldenchef.cn\/","name":"golden chef machinery","description":"If kitchen have dream, we are dream maker","publisher":{"@id":"https:\/\/www.goldenchef.cn\/#organization"},"potentialAction":[{"@type":"SearchAction","target":{"@type":"EntryPoint","urlTemplate":"https:\/\/www.goldenchef.cn\/?s={search_term_string}"},"query-input":"required name=search_term_string"}],"inLanguage":"es"},{"@type":["Organization","Place"],"@id":"https:\/\/www.goldenchef.cn\/#organization","name":"golden chef machinery","url":"https:\/\/www.goldenchef.cn\/","logo":{"@id":"https:\/\/www.goldenchef.cn\/es\/producto\/bakery-equipment\/bakery-proofer\/f-15-16\/#local-main-organization-logo"},"image":{"@id":"https:\/\/www.goldenchef.cn\/es\/producto\/bakery-equipment\/bakery-proofer\/f-15-16\/#local-main-organization-logo"},"openingHoursSpecification":[{"@type":"OpeningHoursSpecification","dayOfWeek":["Monday","Tuesday","Wednesday","Thursday","Friday","Saturday","Sunday"],"opens":"09:00","closes":"17:00"}]},{"@type":"ImageObject","inLanguage":"es","@id":"https:\/\/www.goldenchef.cn\/es\/producto\/bakery-equipment\/bakery-proofer\/f-15-16\/#local-main-organization-logo","url":"https:\/\/www.goldenchef.cn\/wp-content\/uploads\/2023\/08\/cropped-200k.png","contentUrl":"https:\/\/www.goldenchef.cn\/wp-content\/uploads\/2023\/08\/cropped-200k.png","width":512,"height":512,"caption":"golden chef machinery"}]},"og_video":"https:\/\/www.youtube.com\/embed\/tRK5DXS7FtM","og_video_type":"text\/html","og_video_duration":"107","og_video_width":"480","og_video_height":"270","ya_ovs_adult":"false","ya_ovs_upload_date":"2022-11-09T03:13:06+00:00","ya_ovs_allow_embed":"true","product_price_amount":"0.00","product_price_currency":"USD","og_availability":"instock","product_availability":"instock","product_condition":"new"},"_links":{"self":[{"href":"https:\/\/www.goldenchef.cn\/es\/wp-json\/wp\/v2\/product\/3937"}],"collection":[{"href":"https:\/\/www.goldenchef.cn\/es\/wp-json\/wp\/v2\/product"}],"about":[{"href":"https:\/\/www.goldenchef.cn\/es\/wp-json\/wp\/v2\/types\/product"}],"replies":[{"embeddable":true,"href":"https:\/\/www.goldenchef.cn\/es\/wp-json\/wp\/v2\/comments?post=3937"}],"wp:featuredmedia":[{"embeddable":true,"href":"https:\/\/www.goldenchef.cn\/es\/wp-json\/wp\/v2\/media\/6021"}],"wp:attachment":[{"href":"https:\/\/www.goldenchef.cn\/es\/wp-json\/wp\/v2\/media?parent=3937"}],"wp:term":[{"taxonomy":"product_brand","embeddable":true,"href":"https:\/\/www.goldenchef.cn\/es\/wp-json\/wp\/v2\/product_brand?post=3937"},{"taxonomy":"product_cat","embeddable":true,"href":"https:\/\/www.goldenchef.cn\/es\/wp-json\/wp\/v2\/product_cat?post=3937"},{"taxonomy":"product_tag","embeddable":true,"href":"https:\/\/www.goldenchef.cn\/es\/wp-json\/wp\/v2\/product_tag?post=3937"}],"curies":[{"name":"wp","href":"https:\/\/api.w.org\/{rel}","templated":true}]}}