{"id":3980,"date":"2022-11-09T15:05:38","date_gmt":"2022-11-09T07:05:38","guid":{"rendered":"http:\/\/www.goldenchef.cn\/?post_type=product&#038;p=3980"},"modified":"2024-11-08T10:59:30","modified_gmt":"2024-11-08T02:59:30","slug":"ajqs-meat-mincer-slicer","status":"publish","type":"product","link":"https:\/\/www.goldenchef.cn\/es\/producto\/meat-processing-machinery\/meat-mincer-mincer-slicer\/ajqs-meat-mincer-slicer\/","title":{"rendered":"PICADORA Y CORTADORA DE CARNE AJQS"},"content":{"rendered":"<ul>\n<li><strong>La m\u00e1quina cortadora de carne se caracteriza por su estructura compacta, funcionamiento estable y rendimiento fiable.<\/strong><\/li>\n<li><strong>El cabezal de la cortadora y todas las dem\u00e1s piezas que entran en contacto directo con los alimentos son de acero inoxidable de alta calidad.<\/strong><\/li>\n<li><strong>Las m\u00e1quinas tienen el dise\u00f1o de contorno liso, sin huecos que puedan depositar suciedad ni bordes compartidos que puedan herir al operario.<\/strong><\/li>\n<li><strong>Se utilizan mucho en hoteles, restaurantes, comedores de empresa y cantinas para picar carne.<\/strong><\/li>\n<li><strong>Cortadora de carne fresca: Capacidad para rebanar 500kg\/hora el espesor de la rebanada de carne es de 3.5mm\/pc.<\/strong><\/li>\n<li><strong>Cubierta segura: La cubierta protectora cumple el requisito de f\u00e1cil manejo y garantiza la seguridad del usuario.<\/strong><\/li>\n<li><strong>Taquilla de seguridad: Casillero resonable para la fijaci\u00f3n de la placa superior.<\/strong><\/li>\n<li><strong>Bot\u00f3n de emergencia: Pulse el bot\u00f3n de parada de emergencia puede cortar la fuente de alimentaci\u00f3n inmediatamente.<\/strong><\/li>\n<li><strong>Est\u00e1ndar alimentario: Todas las partes en contacto con los alimentos est\u00e1n hechas de acero inoxidable de alta calidad, se ajusta a la norma internacional de saneamiento.<\/strong><\/li>\n<li><strong>Chorreado de acero inoxidable Proceso de mateado completo de lujo para el chorreado con arena de acero inoxidable<\/strong><\/li>\n<\/ul>\n<p><a href=\"https:\/\/www.goldenchef.cn\/es\/contact\/\"><strong>p\u00f3ngase en contacto con nosotros para obtener el precio de f\u00e1brica para la m\u00e1quina cortadora de carne<\/strong><\/a><\/p>","protected":false},"excerpt":{"rendered":"<ul>\n<li>Marca: Mondo Cucina<\/li>\n<li>Equipamiento profesional<\/li>\n<li>Potente motor de cobre<\/li>\n<li>Dise\u00f1o de estructura compacta<\/li>\n<li>Fuerte apoyo<\/li>\n<li>Acero inoxidable de alta calidad<\/li>\n<li>Dise\u00f1o de caja el\u00e9ctrica de seguridad externa<\/li>\n<li>F\u00e1cil de manejar<\/li>\n<li>F\u00e1cil de limpiar<\/li>\n<li>Aprobaci\u00f3n CE<\/li>\n<\/ul>","protected":false},"featured_media":6044,"comment_status":"closed","ping_status":"closed","template":"","meta":[],"product_brand":[],"product_cat":[52,94],"product_tag":[],"class_list":{"0":"post-3980","1":"product","2":"type-product","3":"status-publish","4":"has-post-thumbnail","6":"product_cat-meat-processing-machinery","7":"product_cat-meat-mincer-mincer-slicer","9":"first","10":"instock","11":"shipping-taxable","12":"product-type-simple"},"yoast_head":"<!-- This site is optimized with the Yoast SEO Premium plugin v22.5 (Yoast SEO v22.8) - https:\/\/yoast.com\/wordpress\/plugins\/seo\/ -->\n<title>Meat Slicer &amp; Mincer AJQS | Meat Processing Machine<\/title>\n<meta name=\"description\" content=\"Meat Slicer Machine have the characteristics of compact structure, stable operation and reliable performance.\" \/>\n<meta name=\"robots\" content=\"index, follow, max-snippet:-1, max-image-preview:large, max-video-preview:-1\" \/>\n<link rel=\"canonical\" href=\"https:\/\/www.goldenchef.cn\/es\/producto\/meat-processing-machinery\/meat-mincer-mincer-slicer\/ajqs-meat-mincer-slicer\/\" \/>\n<meta property=\"og:locale\" content=\"es_MX\" \/>\n<meta property=\"og:type\" content=\"article\" \/>\n<meta property=\"og:title\" content=\"AJQS MEAT MINCER &amp; SLICER\" \/>\n<meta property=\"og:description\" content=\"Meat Slicer Machine have the characteristics of compact structure, stable operation and reliable performance.\" \/>\n<meta property=\"og:url\" content=\"https:\/\/www.goldenchef.cn\/es\/producto\/meat-processing-machinery\/meat-mincer-mincer-slicer\/ajqs-meat-mincer-slicer\/\" \/>\n<meta property=\"og:site_name\" content=\"golden chef machinery\" \/>\n<meta property=\"article:modified_time\" content=\"2024-11-08T02:59:30+00:00\" \/>\n<meta property=\"og:image\" content=\"http:\/\/www.goldenchef.cn\/wp-content\/uploads\/2022\/11\/12231.jpg\" \/>\n\t<meta property=\"og:image:width\" content=\"1000\" \/>\n\t<meta property=\"og:image:height\" content=\"1000\" \/>\n\t<meta property=\"og:image:type\" content=\"image\/jpeg\" \/>\n<meta name=\"twitter:card\" content=\"summary_large_image\" \/>\n<meta name=\"twitter:label1\" content=\"Precio\" \/>\n\t<meta name=\"twitter:data1\" content=\"\" \/>\n\t<meta name=\"twitter:label2\" content=\"Disponibilidad\" \/>\n\t<meta name=\"twitter:data2\" content=\"Disponible\" \/>\n<script type=\"application\/ld+json\" class=\"yoast-schema-graph\">{\"@context\":\"https:\/\/schema.org\",\"@graph\":[{\"@type\":\"WebPage\",\"@id\":\"https:\/\/www.goldenchef.cn\/product\/meat-processing-machinery\/meat-mincer-mincer-slicer\/ajqs-meat-mincer-slicer\/\",\"url\":\"https:\/\/www.goldenchef.cn\/product\/meat-processing-machinery\/meat-mincer-mincer-slicer\/ajqs-meat-mincer-slicer\/\",\"name\":\"Meat Slicer & Mincer AJQS | Meat Processing Machine\",\"isPartOf\":{\"@id\":\"https:\/\/www.goldenchef.cn\/#website\"},\"primaryImageOfPage\":{\"@id\":\"https:\/\/www.goldenchef.cn\/product\/meat-processing-machinery\/meat-mincer-mincer-slicer\/ajqs-meat-mincer-slicer\/#primaryimage\"},\"image\":{\"@id\":\"https:\/\/www.goldenchef.cn\/product\/meat-processing-machinery\/meat-mincer-mincer-slicer\/ajqs-meat-mincer-slicer\/#primaryimage\"},\"thumbnailUrl\":\"https:\/\/www.goldenchef.cn\/wp-content\/uploads\/2022\/11\/12231.jpg\",\"datePublished\":\"2022-11-09T07:05:38+00:00\",\"dateModified\":\"2024-11-08T02:59:30+00:00\",\"description\":\"Meat Slicer Machine have the characteristics of compact structure, stable operation and reliable performance.\",\"breadcrumb\":{\"@id\":\"https:\/\/www.goldenchef.cn\/product\/meat-processing-machinery\/meat-mincer-mincer-slicer\/ajqs-meat-mincer-slicer\/#breadcrumb\"},\"inLanguage\":\"es\",\"potentialAction\":[{\"@type\":\"ReadAction\",\"target\":[\"https:\/\/www.goldenchef.cn\/product\/meat-processing-machinery\/meat-mincer-mincer-slicer\/ajqs-meat-mincer-slicer\/\"]}]},{\"@type\":\"ImageObject\",\"inLanguage\":\"es\",\"@id\":\"https:\/\/www.goldenchef.cn\/product\/meat-processing-machinery\/meat-mincer-mincer-slicer\/ajqs-meat-mincer-slicer\/#primaryimage\",\"url\":\"https:\/\/www.goldenchef.cn\/wp-content\/uploads\/2022\/11\/12231.jpg\",\"contentUrl\":\"https:\/\/www.goldenchef.cn\/wp-content\/uploads\/2022\/11\/12231.jpg\",\"width\":1000,\"height\":1000},{\"@type\":\"BreadcrumbList\",\"@id\":\"https:\/\/www.goldenchef.cn\/product\/meat-processing-machinery\/meat-mincer-mincer-slicer\/ajqs-meat-mincer-slicer\/#breadcrumb\",\"itemListElement\":[{\"@type\":\"ListItem\",\"position\":1,\"name\":\"homepage\",\"item\":\"https:\/\/www.goldenchef.cn\/\"},{\"@type\":\"ListItem\",\"position\":2,\"name\":\"All Product\",\"item\":\"https:\/\/www.goldenchef.cn\/shop\/\"},{\"@type\":\"ListItem\",\"position\":3,\"name\":\"AJQS MEAT MINCER &#038; SLICER\"}]},{\"@type\":\"WebSite\",\"@id\":\"https:\/\/www.goldenchef.cn\/#website\",\"url\":\"https:\/\/www.goldenchef.cn\/\",\"name\":\"golden chef machinery\",\"description\":\"If kitchen have dream, we are dream maker\",\"publisher\":{\"@id\":\"https:\/\/www.goldenchef.cn\/#organization\"},\"potentialAction\":[{\"@type\":\"SearchAction\",\"target\":{\"@type\":\"EntryPoint\",\"urlTemplate\":\"https:\/\/www.goldenchef.cn\/?s={search_term_string}\"},\"query-input\":\"required name=search_term_string\"}],\"inLanguage\":\"es\"},{\"@type\":[\"Organization\",\"Place\"],\"@id\":\"https:\/\/www.goldenchef.cn\/#organization\",\"name\":\"golden chef machinery\",\"url\":\"https:\/\/www.goldenchef.cn\/\",\"logo\":{\"@id\":\"https:\/\/www.goldenchef.cn\/product\/meat-processing-machinery\/meat-mincer-mincer-slicer\/ajqs-meat-mincer-slicer\/#local-main-organization-logo\"},\"image\":{\"@id\":\"https:\/\/www.goldenchef.cn\/product\/meat-processing-machinery\/meat-mincer-mincer-slicer\/ajqs-meat-mincer-slicer\/#local-main-organization-logo\"},\"openingHoursSpecification\":[{\"@type\":\"OpeningHoursSpecification\",\"dayOfWeek\":[\"Monday\",\"Tuesday\",\"Wednesday\",\"Thursday\",\"Friday\",\"Saturday\",\"Sunday\"],\"opens\":\"09:00\",\"closes\":\"17:00\"}]},{\"@type\":\"ImageObject\",\"inLanguage\":\"es\",\"@id\":\"https:\/\/www.goldenchef.cn\/product\/meat-processing-machinery\/meat-mincer-mincer-slicer\/ajqs-meat-mincer-slicer\/#local-main-organization-logo\",\"url\":\"https:\/\/www.goldenchef.cn\/wp-content\/uploads\/2023\/08\/cropped-200k.png\",\"contentUrl\":\"https:\/\/www.goldenchef.cn\/wp-content\/uploads\/2023\/08\/cropped-200k.png\",\"width\":512,\"height\":512,\"caption\":\"golden chef machinery\"}]}<\/script>\n<meta property=\"product:price:amount\" content=\"0.00\" \/>\n<meta property=\"product:price:currency\" content=\"USD\" \/>\n<meta property=\"og:availability\" content=\"instock\" \/>\n<meta property=\"product:availability\" content=\"instock\" \/>\n<meta property=\"product:condition\" content=\"new\" \/>\n<!-- \/ Yoast SEO Premium plugin. -->","yoast_head_json":{"title":"Meat Slicer & Mincer AJQS | Meat Processing Machine","description":"Meat Slicer Machine have the characteristics of compact structure, stable operation and reliable performance.","robots":{"index":"index","follow":"follow","max-snippet":"max-snippet:-1","max-image-preview":"max-image-preview:large","max-video-preview":"max-video-preview:-1"},"canonical":"https:\/\/www.goldenchef.cn\/es\/producto\/meat-processing-machinery\/meat-mincer-mincer-slicer\/ajqs-meat-mincer-slicer\/","og_locale":"es_MX","og_type":"article","og_title":"AJQS MEAT MINCER & SLICER","og_description":"Meat Slicer Machine have the characteristics of compact structure, stable operation and reliable performance.","og_url":"https:\/\/www.goldenchef.cn\/es\/producto\/meat-processing-machinery\/meat-mincer-mincer-slicer\/ajqs-meat-mincer-slicer\/","og_site_name":"golden chef machinery","article_modified_time":"2024-11-08T02:59:30+00:00","og_image":[{"width":1000,"height":1000,"url":"http:\/\/www.goldenchef.cn\/wp-content\/uploads\/2022\/11\/12231.jpg","type":"image\/jpeg"}],"twitter_card":"summary_large_image","twitter_misc":{"Precio":"","Disponibilidad":"Disponible"},"schema":{"@context":"https:\/\/schema.org","@graph":[{"@type":"WebPage","@id":"https:\/\/www.goldenchef.cn\/product\/meat-processing-machinery\/meat-mincer-mincer-slicer\/ajqs-meat-mincer-slicer\/","url":"https:\/\/www.goldenchef.cn\/product\/meat-processing-machinery\/meat-mincer-mincer-slicer\/ajqs-meat-mincer-slicer\/","name":"Meat Slicer & Mincer AJQS | Meat Processing Machine","isPartOf":{"@id":"https:\/\/www.goldenchef.cn\/#website"},"primaryImageOfPage":{"@id":"https:\/\/www.goldenchef.cn\/product\/meat-processing-machinery\/meat-mincer-mincer-slicer\/ajqs-meat-mincer-slicer\/#primaryimage"},"image":{"@id":"https:\/\/www.goldenchef.cn\/product\/meat-processing-machinery\/meat-mincer-mincer-slicer\/ajqs-meat-mincer-slicer\/#primaryimage"},"thumbnailUrl":"https:\/\/www.goldenchef.cn\/wp-content\/uploads\/2022\/11\/12231.jpg","datePublished":"2022-11-09T07:05:38+00:00","dateModified":"2024-11-08T02:59:30+00:00","description":"Meat Slicer Machine have the characteristics of compact structure, stable operation and reliable performance.","breadcrumb":{"@id":"https:\/\/www.goldenchef.cn\/product\/meat-processing-machinery\/meat-mincer-mincer-slicer\/ajqs-meat-mincer-slicer\/#breadcrumb"},"inLanguage":"es","potentialAction":[{"@type":"ReadAction","target":["https:\/\/www.goldenchef.cn\/product\/meat-processing-machinery\/meat-mincer-mincer-slicer\/ajqs-meat-mincer-slicer\/"]}]},{"@type":"ImageObject","inLanguage":"es","@id":"https:\/\/www.goldenchef.cn\/product\/meat-processing-machinery\/meat-mincer-mincer-slicer\/ajqs-meat-mincer-slicer\/#primaryimage","url":"https:\/\/www.goldenchef.cn\/wp-content\/uploads\/2022\/11\/12231.jpg","contentUrl":"https:\/\/www.goldenchef.cn\/wp-content\/uploads\/2022\/11\/12231.jpg","width":1000,"height":1000},{"@type":"BreadcrumbList","@id":"https:\/\/www.goldenchef.cn\/product\/meat-processing-machinery\/meat-mincer-mincer-slicer\/ajqs-meat-mincer-slicer\/#breadcrumb","itemListElement":[{"@type":"ListItem","position":1,"name":"homepage","item":"https:\/\/www.goldenchef.cn\/"},{"@type":"ListItem","position":2,"name":"All Product","item":"https:\/\/www.goldenchef.cn\/shop\/"},{"@type":"ListItem","position":3,"name":"AJQS MEAT MINCER &#038; SLICER"}]},{"@type":"WebSite","@id":"https:\/\/www.goldenchef.cn\/#website","url":"https:\/\/www.goldenchef.cn\/","name":"golden chef machinery","description":"If kitchen have dream, we are dream maker","publisher":{"@id":"https:\/\/www.goldenchef.cn\/#organization"},"potentialAction":[{"@type":"SearchAction","target":{"@type":"EntryPoint","urlTemplate":"https:\/\/www.goldenchef.cn\/?s={search_term_string}"},"query-input":"required name=search_term_string"}],"inLanguage":"es"},{"@type":["Organization","Place"],"@id":"https:\/\/www.goldenchef.cn\/#organization","name":"golden chef machinery","url":"https:\/\/www.goldenchef.cn\/","logo":{"@id":"https:\/\/www.goldenchef.cn\/product\/meat-processing-machinery\/meat-mincer-mincer-slicer\/ajqs-meat-mincer-slicer\/#local-main-organization-logo"},"image":{"@id":"https:\/\/www.goldenchef.cn\/product\/meat-processing-machinery\/meat-mincer-mincer-slicer\/ajqs-meat-mincer-slicer\/#local-main-organization-logo"},"openingHoursSpecification":[{"@type":"OpeningHoursSpecification","dayOfWeek":["Monday","Tuesday","Wednesday","Thursday","Friday","Saturday","Sunday"],"opens":"09:00","closes":"17:00"}]},{"@type":"ImageObject","inLanguage":"es","@id":"https:\/\/www.goldenchef.cn\/product\/meat-processing-machinery\/meat-mincer-mincer-slicer\/ajqs-meat-mincer-slicer\/#local-main-organization-logo","url":"https:\/\/www.goldenchef.cn\/wp-content\/uploads\/2023\/08\/cropped-200k.png","contentUrl":"https:\/\/www.goldenchef.cn\/wp-content\/uploads\/2023\/08\/cropped-200k.png","width":512,"height":512,"caption":"golden chef machinery"}]},"product_price_amount":"0.00","product_price_currency":"USD","og_availability":"instock","product_availability":"instock","product_condition":"new"},"_links":{"self":[{"href":"https:\/\/www.goldenchef.cn\/es\/wp-json\/wp\/v2\/product\/3980"}],"collection":[{"href":"https:\/\/www.goldenchef.cn\/es\/wp-json\/wp\/v2\/product"}],"about":[{"href":"https:\/\/www.goldenchef.cn\/es\/wp-json\/wp\/v2\/types\/product"}],"replies":[{"embeddable":true,"href":"https:\/\/www.goldenchef.cn\/es\/wp-json\/wp\/v2\/comments?post=3980"}],"wp:featuredmedia":[{"embeddable":true,"href":"https:\/\/www.goldenchef.cn\/es\/wp-json\/wp\/v2\/media\/6044"}],"wp:attachment":[{"href":"https:\/\/www.goldenchef.cn\/es\/wp-json\/wp\/v2\/media?parent=3980"}],"wp:term":[{"taxonomy":"product_brand","embeddable":true,"href":"https:\/\/www.goldenchef.cn\/es\/wp-json\/wp\/v2\/product_brand?post=3980"},{"taxonomy":"product_cat","embeddable":true,"href":"https:\/\/www.goldenchef.cn\/es\/wp-json\/wp\/v2\/product_cat?post=3980"},{"taxonomy":"product_tag","embeddable":true,"href":"https:\/\/www.goldenchef.cn\/es\/wp-json\/wp\/v2\/product_tag?post=3980"}],"curies":[{"name":"wp","href":"https:\/\/api.w.org\/{rel}","templated":true}]}}