{"id":4001,"date":"2022-11-09T15:42:00","date_gmt":"2022-11-09T07:42:00","guid":{"rendered":"http:\/\/www.goldenchef.cn\/?post_type=product&#038;p=4001"},"modified":"2024-11-01T16:03:24","modified_gmt":"2024-11-01T08:03:24","slug":"atp8","status":"publish","type":"product","link":"https:\/\/www.goldenchef.cn\/es\/producto\/vegetable-processing-machinery\/atp8\/","title":{"rendered":"Peladora de patatas el\u00e9ctrica comercial ATP8 de acero inoxidable"},"content":{"rendered":"<p>Peladora de patatas el\u00e9ctrica | <a href=\"https:\/\/youtu.be\/IlE9qJ1YgjQ?si=y5LFp2pE-M-RkNfd\">Peladora de patatas comercial<\/a><\/p>\n<p>Tensi\u00f3n: 220V<\/p>\n<p>Potencia: 1,1 kW<\/p>\n<p>Velocidad(rpm): 270kg\/h<\/p>\n<p>Peso neto: 55 kg<\/p>\n<ul>\n<li><strong>El pelador de patatas el\u00e9ctrico adopta el acero inoxidable, el dise\u00f1o \u00fanico, la tecnolog\u00eda avanzada, la operaci\u00f3n lisa, la operaci\u00f3n simple.<\/strong><\/li>\n<li><strong>Comercial de la m\u00e1quina peladora de patatas para la toma de plumas ofrecen el ruido es bajo, flexible y conveniente ajuste.<\/strong><\/li>\n<li><strong>La m\u00e1quina muy conveniente para ajustar y el \u00e1ngulo.<\/strong><\/li>\n<li><strong>F\u00e1cil de limpiar: m\u00e1xima higiene, resultado de la cuidadosa selecci\u00f3n de los materiales que entran en contacto con los alimentos y debido a la eliminaci\u00f3n de los bordes afilados de la parte que entra en contacto con el producto, de forma que se garantiza una limpieza f\u00e1cil y completa.<\/strong><\/li>\n<li><strong>S.Estructura de acero: La carcasa de la m\u00e1quina peladora de patatas est\u00e1 completamente hecha de acero inoxidable, todos los componentes son robustos y estables.<\/strong><\/li>\n<li><strong>Puerta con cerradura: Puerta de descarga con cerradura f\u00e1cil de abrir y cerrar.<\/strong><\/li>\n<li><strong>Amplia aplicaci\u00f3n: amplia gama de aplicaciones y es especialmente adecuado para su uso en varios hoteles de nivel estrella, casa de hu\u00e9spedes, restaurante y snackbars.<\/strong><\/li>\n<li><strong>Paredes Internas: Las paredes internas del contenedor son de resina abrasiva para permitir una mayor palanca de abrasi\u00f3n con el producto a trabajar.<\/strong><\/li>\n<\/ul>\n<p><iframe title=\"Reproductor de v\u00eddeo YouTube\" src=\"https:\/\/www.youtube.com\/embed\/IlE9qJ1YgjQ\" width=\"560\" height=\"315\" frameborder=\"0\" allowfullscreen=\"allowfullscreen\"><\/iframe><\/p>\n<p>GOLDEN CHEF se centra en el desarrollo y progreso de maquinaria de procesamiento de harina, maquinaria de procesamiento de carne y maquinaria de procesamiento de verduras.<\/p>\n<p>Hay 3 gamas profesionales de maquinaria 28 productos de la serie con 200 modelos son widelyuse en hoteles de estrellas, restaurantes del gobierno, la industria de panader\u00eda, y las empresas de procesamiento de alimentos.<\/p>\n<p>Disponemos de equipos de pruebas de precisi\u00f3n, grandes m\u00e1quinas de corte por l\u00e1ser, centros de mecanizado autom\u00e1tico, robots de soldadura y otros equipos de producci\u00f3n de alta precisi\u00f3n, y hemos adoptado ampliamente el sistema inteligente de control de la informaci\u00f3n industrial, que garantiza una alta calidad y aumenta la eficacia de la producci\u00f3n.<\/p>","protected":false},"excerpt":{"rendered":"<ul>\n<li>Marca: Mondo Cucina<\/li>\n<li>Equipamiento profesional<\/li>\n<li>F\u00e1cil manejo con hoja de sierra ajustable<\/li>\n<li>Mesa de trabajo, placa de ajuste de distancia<\/li>\n<li>Hoja de acero inoxidable<\/li>\n<li>Adecuado para cocinas y f\u00e1bricas<\/li>\n<li>F\u00e1cil de limpiar<\/li>\n<\/ul>","protected":false},"featured_media":6007,"comment_status":"closed","ping_status":"closed","template":"","meta":[],"product_brand":[],"product_cat":[97,53],"product_tag":[],"class_list":{"0":"post-4001","1":"product","2":"type-product","3":"status-publish","4":"has-post-thumbnail","6":"product_cat-potato-peeler","7":"product_cat-vegetable-processing-machinery","9":"first","10":"instock","11":"shipping-taxable","12":"product-type-simple"},"yoast_head":"<!-- This site is optimized with the Yoast SEO Premium plugin v22.5 (Yoast SEO v22.8) - https:\/\/yoast.com\/wordpress\/plugins\/seo\/ -->\n<title>Electric Potato Peeler Machine Commercial Video?<\/title>\n<meta name=\"description\" content=\"Golden Chef is the manufacturer of food equipment and bakery machinery. Contact with us to get factory price for electric potato peeler\" \/>\n<meta name=\"robots\" content=\"index, follow, max-snippet:-1, max-image-preview:large, max-video-preview:-1\" \/>\n<link rel=\"canonical\" href=\"https:\/\/www.goldenchef.cn\/es\/producto\/vegetable-processing-machinery\/atp8\/\" \/>\n<meta property=\"og:locale\" content=\"es_MX\" \/>\n<meta property=\"og:type\" content=\"article\" \/>\n<meta property=\"og:title\" content=\"ATP8 Commercial Stainless Steel Electric Potato Peeler Machine\" \/>\n<meta property=\"og:description\" content=\"Golden Chef is the manufacturer of food equipment and bakery machinery. Contact with us to get factory price for electric potato peeler\" \/>\n<meta property=\"og:url\" content=\"https:\/\/www.goldenchef.cn\/es\/producto\/vegetable-processing-machinery\/atp8\/\" \/>\n<meta property=\"og:site_name\" content=\"golden chef machinery\" \/>\n<meta property=\"article:modified_time\" content=\"2024-11-01T08:03:24+00:00\" \/>\n<meta property=\"og:image\" content=\"https:\/\/www.goldenchef.cn\/wp-content\/uploads\/2022\/11\/175.jpg\" \/>\n\t<meta property=\"og:image:width\" content=\"800\" \/>\n\t<meta property=\"og:image:height\" content=\"800\" \/>\n\t<meta property=\"og:image:type\" content=\"image\/jpeg\" \/>\n<meta name=\"twitter:card\" content=\"summary_large_image\" \/>\n<meta name=\"twitter:label1\" content=\"Precio\" \/>\n\t<meta name=\"twitter:data1\" content=\"\" \/>\n\t<meta name=\"twitter:label2\" content=\"Disponibilidad\" \/>\n\t<meta name=\"twitter:data2\" content=\"Disponible\" \/>\n<script type=\"application\/ld+json\" class=\"yoast-schema-graph\">{\"@context\":\"https:\/\/schema.org\",\"@graph\":[{\"@type\":\"WebPage\",\"@id\":\"https:\/\/www.goldenchef.cn\/product\/vegetable-processing-machinery\/atp8\/\",\"url\":\"https:\/\/www.goldenchef.cn\/product\/vegetable-processing-machinery\/atp8\/\",\"name\":\"Electric Potato Peeler Machine Commercial Video?\",\"isPartOf\":{\"@id\":\"https:\/\/www.goldenchef.cn\/#website\"},\"primaryImageOfPage\":{\"@id\":\"https:\/\/www.goldenchef.cn\/product\/vegetable-processing-machinery\/atp8\/#primaryimage\"},\"image\":{\"@id\":\"https:\/\/www.goldenchef.cn\/product\/vegetable-processing-machinery\/atp8\/#primaryimage\"},\"thumbnailUrl\":\"https:\/\/www.goldenchef.cn\/wp-content\/uploads\/2022\/11\/175.jpg\",\"datePublished\":\"2022-11-09T07:42:00+00:00\",\"dateModified\":\"2024-11-01T08:03:24+00:00\",\"description\":\"Golden Chef is the manufacturer of food equipment and bakery machinery. Contact with us to get factory price for electric potato peeler\",\"breadcrumb\":{\"@id\":\"https:\/\/www.goldenchef.cn\/product\/vegetable-processing-machinery\/atp8\/#breadcrumb\"},\"inLanguage\":\"es\",\"potentialAction\":[{\"@type\":\"ReadAction\",\"target\":[\"https:\/\/www.goldenchef.cn\/product\/vegetable-processing-machinery\/atp8\/\"]}]},{\"@type\":\"ImageObject\",\"inLanguage\":\"es\",\"@id\":\"https:\/\/www.goldenchef.cn\/product\/vegetable-processing-machinery\/atp8\/#primaryimage\",\"url\":\"https:\/\/www.goldenchef.cn\/wp-content\/uploads\/2022\/11\/175.jpg\",\"contentUrl\":\"https:\/\/www.goldenchef.cn\/wp-content\/uploads\/2022\/11\/175.jpg\",\"width\":800,\"height\":800,\"caption\":\"electric potato peeler, potato peeler machine, commercial potato peeler\"},{\"@type\":\"BreadcrumbList\",\"@id\":\"https:\/\/www.goldenchef.cn\/product\/vegetable-processing-machinery\/atp8\/#breadcrumb\",\"itemListElement\":[{\"@type\":\"ListItem\",\"position\":1,\"name\":\"homepage\",\"item\":\"https:\/\/www.goldenchef.cn\/\"},{\"@type\":\"ListItem\",\"position\":2,\"name\":\"All Product\",\"item\":\"https:\/\/www.goldenchef.cn\/shop\/\"},{\"@type\":\"ListItem\",\"position\":3,\"name\":\"ATP8 Commercial Stainless Steel Electric Potato Peeler Machine\"}]},{\"@type\":\"WebSite\",\"@id\":\"https:\/\/www.goldenchef.cn\/#website\",\"url\":\"https:\/\/www.goldenchef.cn\/\",\"name\":\"golden chef machinery\",\"description\":\"If kitchen have dream, we are dream maker\",\"publisher\":{\"@id\":\"https:\/\/www.goldenchef.cn\/#organization\"},\"potentialAction\":[{\"@type\":\"SearchAction\",\"target\":{\"@type\":\"EntryPoint\",\"urlTemplate\":\"https:\/\/www.goldenchef.cn\/?s={search_term_string}\"},\"query-input\":\"required name=search_term_string\"}],\"inLanguage\":\"es\"},{\"@type\":[\"Organization\",\"Place\"],\"@id\":\"https:\/\/www.goldenchef.cn\/#organization\",\"name\":\"golden chef machinery\",\"url\":\"https:\/\/www.goldenchef.cn\/\",\"logo\":{\"@id\":\"https:\/\/www.goldenchef.cn\/product\/vegetable-processing-machinery\/atp8\/#local-main-organization-logo\"},\"image\":{\"@id\":\"https:\/\/www.goldenchef.cn\/product\/vegetable-processing-machinery\/atp8\/#local-main-organization-logo\"},\"openingHoursSpecification\":[{\"@type\":\"OpeningHoursSpecification\",\"dayOfWeek\":[\"Monday\",\"Tuesday\",\"Wednesday\",\"Thursday\",\"Friday\",\"Saturday\",\"Sunday\"],\"opens\":\"09:00\",\"closes\":\"17:00\"}]},{\"@type\":\"ImageObject\",\"inLanguage\":\"es\",\"@id\":\"https:\/\/www.goldenchef.cn\/product\/vegetable-processing-machinery\/atp8\/#local-main-organization-logo\",\"url\":\"https:\/\/www.goldenchef.cn\/wp-content\/uploads\/2023\/08\/cropped-200k.png\",\"contentUrl\":\"https:\/\/www.goldenchef.cn\/wp-content\/uploads\/2023\/08\/cropped-200k.png\",\"width\":512,\"height\":512,\"caption\":\"golden chef machinery\"}]}<\/script>\n<meta property=\"product:price:amount\" content=\"0.00\" \/>\n<meta property=\"product:price:currency\" content=\"USD\" \/>\n<meta property=\"og:availability\" content=\"instock\" \/>\n<meta property=\"product:availability\" content=\"instock\" \/>\n<meta property=\"product:condition\" content=\"new\" \/>\n<!-- \/ Yoast SEO Premium plugin. -->","yoast_head_json":{"title":"Electric Potato Peeler Machine Commercial Video?","description":"Golden Chef is the manufacturer of food equipment and bakery machinery. Contact with us to get factory price for electric potato peeler","robots":{"index":"index","follow":"follow","max-snippet":"max-snippet:-1","max-image-preview":"max-image-preview:large","max-video-preview":"max-video-preview:-1"},"canonical":"https:\/\/www.goldenchef.cn\/es\/producto\/vegetable-processing-machinery\/atp8\/","og_locale":"es_MX","og_type":"article","og_title":"ATP8 Commercial Stainless Steel Electric Potato Peeler Machine","og_description":"Golden Chef is the manufacturer of food equipment and bakery machinery. Contact with us to get factory price for electric potato peeler","og_url":"https:\/\/www.goldenchef.cn\/es\/producto\/vegetable-processing-machinery\/atp8\/","og_site_name":"golden chef machinery","article_modified_time":"2024-11-01T08:03:24+00:00","og_image":[{"width":800,"height":800,"url":"https:\/\/www.goldenchef.cn\/wp-content\/uploads\/2022\/11\/175.jpg","type":"image\/jpeg"}],"twitter_card":"summary_large_image","twitter_misc":{"Precio":"","Disponibilidad":"Disponible"},"schema":{"@context":"https:\/\/schema.org","@graph":[{"@type":"WebPage","@id":"https:\/\/www.goldenchef.cn\/product\/vegetable-processing-machinery\/atp8\/","url":"https:\/\/www.goldenchef.cn\/product\/vegetable-processing-machinery\/atp8\/","name":"Electric Potato Peeler Machine Commercial Video?","isPartOf":{"@id":"https:\/\/www.goldenchef.cn\/#website"},"primaryImageOfPage":{"@id":"https:\/\/www.goldenchef.cn\/product\/vegetable-processing-machinery\/atp8\/#primaryimage"},"image":{"@id":"https:\/\/www.goldenchef.cn\/product\/vegetable-processing-machinery\/atp8\/#primaryimage"},"thumbnailUrl":"https:\/\/www.goldenchef.cn\/wp-content\/uploads\/2022\/11\/175.jpg","datePublished":"2022-11-09T07:42:00+00:00","dateModified":"2024-11-01T08:03:24+00:00","description":"Golden Chef is the manufacturer of food equipment and bakery machinery. Contact with us to get factory price for electric potato peeler","breadcrumb":{"@id":"https:\/\/www.goldenchef.cn\/product\/vegetable-processing-machinery\/atp8\/#breadcrumb"},"inLanguage":"es","potentialAction":[{"@type":"ReadAction","target":["https:\/\/www.goldenchef.cn\/product\/vegetable-processing-machinery\/atp8\/"]}]},{"@type":"ImageObject","inLanguage":"es","@id":"https:\/\/www.goldenchef.cn\/product\/vegetable-processing-machinery\/atp8\/#primaryimage","url":"https:\/\/www.goldenchef.cn\/wp-content\/uploads\/2022\/11\/175.jpg","contentUrl":"https:\/\/www.goldenchef.cn\/wp-content\/uploads\/2022\/11\/175.jpg","width":800,"height":800,"caption":"electric potato peeler, potato peeler machine, commercial potato peeler"},{"@type":"BreadcrumbList","@id":"https:\/\/www.goldenchef.cn\/product\/vegetable-processing-machinery\/atp8\/#breadcrumb","itemListElement":[{"@type":"ListItem","position":1,"name":"homepage","item":"https:\/\/www.goldenchef.cn\/"},{"@type":"ListItem","position":2,"name":"All Product","item":"https:\/\/www.goldenchef.cn\/shop\/"},{"@type":"ListItem","position":3,"name":"ATP8 Commercial Stainless Steel Electric Potato Peeler Machine"}]},{"@type":"WebSite","@id":"https:\/\/www.goldenchef.cn\/#website","url":"https:\/\/www.goldenchef.cn\/","name":"golden chef machinery","description":"If kitchen have dream, we are dream maker","publisher":{"@id":"https:\/\/www.goldenchef.cn\/#organization"},"potentialAction":[{"@type":"SearchAction","target":{"@type":"EntryPoint","urlTemplate":"https:\/\/www.goldenchef.cn\/?s={search_term_string}"},"query-input":"required name=search_term_string"}],"inLanguage":"es"},{"@type":["Organization","Place"],"@id":"https:\/\/www.goldenchef.cn\/#organization","name":"golden chef machinery","url":"https:\/\/www.goldenchef.cn\/","logo":{"@id":"https:\/\/www.goldenchef.cn\/product\/vegetable-processing-machinery\/atp8\/#local-main-organization-logo"},"image":{"@id":"https:\/\/www.goldenchef.cn\/product\/vegetable-processing-machinery\/atp8\/#local-main-organization-logo"},"openingHoursSpecification":[{"@type":"OpeningHoursSpecification","dayOfWeek":["Monday","Tuesday","Wednesday","Thursday","Friday","Saturday","Sunday"],"opens":"09:00","closes":"17:00"}]},{"@type":"ImageObject","inLanguage":"es","@id":"https:\/\/www.goldenchef.cn\/product\/vegetable-processing-machinery\/atp8\/#local-main-organization-logo","url":"https:\/\/www.goldenchef.cn\/wp-content\/uploads\/2023\/08\/cropped-200k.png","contentUrl":"https:\/\/www.goldenchef.cn\/wp-content\/uploads\/2023\/08\/cropped-200k.png","width":512,"height":512,"caption":"golden chef machinery"}]},"product_price_amount":"0.00","product_price_currency":"USD","og_availability":"instock","product_availability":"instock","product_condition":"new"},"_links":{"self":[{"href":"https:\/\/www.goldenchef.cn\/es\/wp-json\/wp\/v2\/product\/4001"}],"collection":[{"href":"https:\/\/www.goldenchef.cn\/es\/wp-json\/wp\/v2\/product"}],"about":[{"href":"https:\/\/www.goldenchef.cn\/es\/wp-json\/wp\/v2\/types\/product"}],"replies":[{"embeddable":true,"href":"https:\/\/www.goldenchef.cn\/es\/wp-json\/wp\/v2\/comments?post=4001"}],"wp:featuredmedia":[{"embeddable":true,"href":"https:\/\/www.goldenchef.cn\/es\/wp-json\/wp\/v2\/media\/6007"}],"wp:attachment":[{"href":"https:\/\/www.goldenchef.cn\/es\/wp-json\/wp\/v2\/media?parent=4001"}],"wp:term":[{"taxonomy":"product_brand","embeddable":true,"href":"https:\/\/www.goldenchef.cn\/es\/wp-json\/wp\/v2\/product_brand?post=4001"},{"taxonomy":"product_cat","embeddable":true,"href":"https:\/\/www.goldenchef.cn\/es\/wp-json\/wp\/v2\/product_cat?post=4001"},{"taxonomy":"product_tag","embeddable":true,"href":"https:\/\/www.goldenchef.cn\/es\/wp-json\/wp\/v2\/product_tag?post=4001"}],"curies":[{"name":"wp","href":"https:\/\/api.w.org\/{rel}","templated":true}]}}