{"id":4008,"date":"2022-11-09T16:24:29","date_gmt":"2022-11-09T08:24:29","guid":{"rendered":"http:\/\/www.goldenchef.cn\/?post_type=product&#038;p=4008"},"modified":"2024-11-01T15:59:15","modified_gmt":"2024-11-01T07:59:15","slug":"vegetable-cutter","status":"publish","type":"product","link":"https:\/\/www.goldenchef.cn\/es\/producto\/vegetable-processing-machinery\/vegetable-cutter\/vegetable-cutter\/","title":{"rendered":"CORTADOR DE VERDURAS"},"content":{"rendered":"<ul>\n<li><strong>La m\u00e1quina cortadora de verduras est\u00e1 especialmente dise\u00f1ada para cortar carne y verduras; Puede cortar carne, verduras, mel\u00f3n y fruta r\u00e1pidamente para hacer fllings.<\/strong><\/li>\n<li><strong>Se acciona mediante ruedas helicoidales y reductor de velocidad helicoidal. Equipado con un dispositivo de protecci\u00f3n que hace que el funcionamiento sea m\u00e1s seguro y fiable.<\/strong><\/li>\n<li><strong>Las piezas de aluminio que entran en contacto directo con los alimentos est\u00e1n fabricadas con aleaci\u00f3n de aluminio anticorrosi\u00f3n y acero inoxidable, que son resistentes al uso y cumplen las normas nacionales de higiene alimentaria.<\/strong><\/li>\n<li><strong>Estructura de aleaci\u00f3n de aluminio: El cuerpo principal est\u00e1 hecho de aleaci\u00f3n de aluminio, que hab\u00eda sido anodizado. highend y elegante, f\u00e1cil de limpiar.<\/strong><\/li>\n<li><strong>Cubierta protectora: Cubierta protectora elaboradamente dise\u00f1ada, cumple con el requisito de f\u00e1cil operaci\u00f3n y garantiza la seguridad del operador.<\/strong><\/li>\n<li><strong>Doble interruptor de seguridad: Taz\u00f3n de acero inoxidable de calidad alimentaria nvery obtener rust.Built-in interruptor de seguridad. La parada de la m\u00e1quina una vez que la tapa del recipiente abierto.<\/strong><\/li>\n<li><strong>Bot\u00f3n de emergencia: Pulse el bot\u00f3n de parada de emergencia puede cortar la fuente de alimentaci\u00f3n inmediatamente.<\/strong><\/li>\n<\/ul>\n<p>Golden Chef Machinery Co., Ltd. es el fabricante y exportador de equipos de alimentos y <a href=\"https:\/\/www.goldenchef.cn\/es\/service\/bakery-equipment\/\">maquinaria de panader\u00eda<\/a>. Nuestra empresa se encuentra en Guangzhou, la ciudad donde se celebra la feria del cant\u00f3n dos veces al a\u00f1o. Entre en contacto con con nosotros para conseguir el precio de f\u00e1brica para el cortador vegetal.<\/p>","protected":false},"excerpt":{"rendered":"<ul>\n<li>Marca: Mondo Cucina<\/li>\n<li>Cubierta de seguridad<\/li>\n<li>Interruptor de doble seguridad<\/li>\n<li>Bot\u00f3n de emergencia<\/li>\n<li>Estructura de aleaci\u00f3n de aluminio<\/li>\n<li>Norma de higiene alimentaria<\/li>\n<li>F\u00e1cil manejo<\/li>\n<li>Alta eficacia<\/li>\n<\/ul>","protected":false},"featured_media":6005,"comment_status":"closed","ping_status":"closed","template":"","meta":[],"product_brand":[],"product_cat":[98,53],"product_tag":[],"class_list":{"0":"post-4008","1":"product","2":"type-product","3":"status-publish","4":"has-post-thumbnail","6":"product_cat-vegetable-cutter","7":"product_cat-vegetable-processing-machinery","9":"first","10":"instock","11":"shipping-taxable","12":"product-type-simple"},"yoast_head":"<!-- This site is optimized with the Yoast SEO Premium plugin v22.5 (Yoast SEO v22.8) - https:\/\/yoast.com\/wordpress\/plugins\/seo\/ -->\n<title>Vegetable Cutter | Meat &amp; Vegetable Processing Machine<\/title>\n<meta name=\"description\" content=\"vegetable cutter is specially designed for cutting meat and vegetables, It can cut meat, vegetable, melon and fruit rapidly to make fllings.\" \/>\n<meta name=\"robots\" content=\"index, follow, max-snippet:-1, max-image-preview:large, max-video-preview:-1\" \/>\n<link rel=\"canonical\" href=\"https:\/\/www.goldenchef.cn\/es\/producto\/vegetable-processing-machinery\/vegetable-cutter\/vegetable-cutter\/\" \/>\n<meta property=\"og:locale\" content=\"es_MX\" \/>\n<meta property=\"og:type\" content=\"article\" \/>\n<meta property=\"og:title\" content=\"VEGETABLE CUTTER\" \/>\n<meta property=\"og:description\" content=\"vegetable cutter is specially designed for cutting meat and vegetables, It can cut meat, vegetable, melon and fruit rapidly to make fllings.\" \/>\n<meta property=\"og:url\" content=\"https:\/\/www.goldenchef.cn\/es\/producto\/vegetable-processing-machinery\/vegetable-cutter\/vegetable-cutter\/\" \/>\n<meta property=\"og:site_name\" content=\"golden chef machinery\" \/>\n<meta property=\"article:modified_time\" content=\"2024-11-01T07:59:15+00:00\" \/>\n<meta property=\"og:image\" content=\"http:\/\/www.goldenchef.cn\/wp-content\/uploads\/2022\/11\/11-2.jpg\" \/>\n\t<meta property=\"og:image:width\" content=\"800\" \/>\n\t<meta property=\"og:image:height\" content=\"800\" \/>\n\t<meta property=\"og:image:type\" content=\"image\/jpeg\" \/>\n<meta name=\"twitter:card\" content=\"summary_large_image\" \/>\n<meta name=\"twitter:label1\" content=\"Precio\" \/>\n\t<meta name=\"twitter:data1\" content=\"\" \/>\n\t<meta name=\"twitter:label2\" content=\"Disponibilidad\" \/>\n\t<meta name=\"twitter:data2\" content=\"Disponible\" \/>\n<script type=\"application\/ld+json\" class=\"yoast-schema-graph\">{\"@context\":\"https:\/\/schema.org\",\"@graph\":[{\"@type\":\"WebPage\",\"@id\":\"https:\/\/www.goldenchef.cn\/product\/vegetable-processing-machinery\/vegetable-cutter\/vegetable-cutter\/\",\"url\":\"https:\/\/www.goldenchef.cn\/product\/vegetable-processing-machinery\/vegetable-cutter\/vegetable-cutter\/\",\"name\":\"Vegetable Cutter | Meat & Vegetable Processing Machine\",\"isPartOf\":{\"@id\":\"https:\/\/www.goldenchef.cn\/#website\"},\"primaryImageOfPage\":{\"@id\":\"https:\/\/www.goldenchef.cn\/product\/vegetable-processing-machinery\/vegetable-cutter\/vegetable-cutter\/#primaryimage\"},\"image\":{\"@id\":\"https:\/\/www.goldenchef.cn\/product\/vegetable-processing-machinery\/vegetable-cutter\/vegetable-cutter\/#primaryimage\"},\"thumbnailUrl\":\"https:\/\/www.goldenchef.cn\/wp-content\/uploads\/2022\/11\/11-2.jpg\",\"datePublished\":\"2022-11-09T08:24:29+00:00\",\"dateModified\":\"2024-11-01T07:59:15+00:00\",\"description\":\"vegetable cutter is specially designed for cutting meat and vegetables, It can cut meat, vegetable, melon and fruit rapidly to make fllings.\",\"breadcrumb\":{\"@id\":\"https:\/\/www.goldenchef.cn\/product\/vegetable-processing-machinery\/vegetable-cutter\/vegetable-cutter\/#breadcrumb\"},\"inLanguage\":\"es\",\"potentialAction\":[{\"@type\":\"ReadAction\",\"target\":[\"https:\/\/www.goldenchef.cn\/product\/vegetable-processing-machinery\/vegetable-cutter\/vegetable-cutter\/\"]}]},{\"@type\":\"ImageObject\",\"inLanguage\":\"es\",\"@id\":\"https:\/\/www.goldenchef.cn\/product\/vegetable-processing-machinery\/vegetable-cutter\/vegetable-cutter\/#primaryimage\",\"url\":\"https:\/\/www.goldenchef.cn\/wp-content\/uploads\/2022\/11\/11-2.jpg\",\"contentUrl\":\"https:\/\/www.goldenchef.cn\/wp-content\/uploads\/2022\/11\/11-2.jpg\",\"width\":800,\"height\":800,\"caption\":\"vegetable cutter\"},{\"@type\":\"BreadcrumbList\",\"@id\":\"https:\/\/www.goldenchef.cn\/product\/vegetable-processing-machinery\/vegetable-cutter\/vegetable-cutter\/#breadcrumb\",\"itemListElement\":[{\"@type\":\"ListItem\",\"position\":1,\"name\":\"homepage\",\"item\":\"https:\/\/www.goldenchef.cn\/\"},{\"@type\":\"ListItem\",\"position\":2,\"name\":\"All Product\",\"item\":\"https:\/\/www.goldenchef.cn\/shop\/\"},{\"@type\":\"ListItem\",\"position\":3,\"name\":\"VEGETABLE CUTTER\"}]},{\"@type\":\"WebSite\",\"@id\":\"https:\/\/www.goldenchef.cn\/#website\",\"url\":\"https:\/\/www.goldenchef.cn\/\",\"name\":\"golden chef machinery\",\"description\":\"If kitchen have dream, we are dream maker\",\"publisher\":{\"@id\":\"https:\/\/www.goldenchef.cn\/#organization\"},\"potentialAction\":[{\"@type\":\"SearchAction\",\"target\":{\"@type\":\"EntryPoint\",\"urlTemplate\":\"https:\/\/www.goldenchef.cn\/?s={search_term_string}\"},\"query-input\":\"required name=search_term_string\"}],\"inLanguage\":\"es\"},{\"@type\":[\"Organization\",\"Place\"],\"@id\":\"https:\/\/www.goldenchef.cn\/#organization\",\"name\":\"golden chef machinery\",\"url\":\"https:\/\/www.goldenchef.cn\/\",\"logo\":{\"@id\":\"https:\/\/www.goldenchef.cn\/product\/vegetable-processing-machinery\/vegetable-cutter\/vegetable-cutter\/#local-main-organization-logo\"},\"image\":{\"@id\":\"https:\/\/www.goldenchef.cn\/product\/vegetable-processing-machinery\/vegetable-cutter\/vegetable-cutter\/#local-main-organization-logo\"},\"openingHoursSpecification\":[{\"@type\":\"OpeningHoursSpecification\",\"dayOfWeek\":[\"Monday\",\"Tuesday\",\"Wednesday\",\"Thursday\",\"Friday\",\"Saturday\",\"Sunday\"],\"opens\":\"09:00\",\"closes\":\"17:00\"}]},{\"@type\":\"ImageObject\",\"inLanguage\":\"es\",\"@id\":\"https:\/\/www.goldenchef.cn\/product\/vegetable-processing-machinery\/vegetable-cutter\/vegetable-cutter\/#local-main-organization-logo\",\"url\":\"https:\/\/www.goldenchef.cn\/wp-content\/uploads\/2023\/08\/cropped-200k.png\",\"contentUrl\":\"https:\/\/www.goldenchef.cn\/wp-content\/uploads\/2023\/08\/cropped-200k.png\",\"width\":512,\"height\":512,\"caption\":\"golden chef machinery\"}]}<\/script>\n<meta property=\"product:price:amount\" content=\"0.00\" \/>\n<meta property=\"product:price:currency\" content=\"USD\" \/>\n<meta property=\"og:availability\" content=\"instock\" \/>\n<meta property=\"product:availability\" content=\"instock\" \/>\n<meta property=\"product:condition\" content=\"new\" \/>\n<!-- \/ Yoast SEO Premium plugin. -->","yoast_head_json":{"title":"Vegetable Cutter | Meat & Vegetable Processing Machine","description":"vegetable cutter is specially designed for cutting meat and vegetables, It can cut meat, vegetable, melon and fruit rapidly to make fllings.","robots":{"index":"index","follow":"follow","max-snippet":"max-snippet:-1","max-image-preview":"max-image-preview:large","max-video-preview":"max-video-preview:-1"},"canonical":"https:\/\/www.goldenchef.cn\/es\/producto\/vegetable-processing-machinery\/vegetable-cutter\/vegetable-cutter\/","og_locale":"es_MX","og_type":"article","og_title":"VEGETABLE CUTTER","og_description":"vegetable cutter is specially designed for cutting meat and vegetables, It can cut meat, vegetable, melon and fruit rapidly to make fllings.","og_url":"https:\/\/www.goldenchef.cn\/es\/producto\/vegetable-processing-machinery\/vegetable-cutter\/vegetable-cutter\/","og_site_name":"golden chef machinery","article_modified_time":"2024-11-01T07:59:15+00:00","og_image":[{"width":800,"height":800,"url":"http:\/\/www.goldenchef.cn\/wp-content\/uploads\/2022\/11\/11-2.jpg","type":"image\/jpeg"}],"twitter_card":"summary_large_image","twitter_misc":{"Precio":"","Disponibilidad":"Disponible"},"schema":{"@context":"https:\/\/schema.org","@graph":[{"@type":"WebPage","@id":"https:\/\/www.goldenchef.cn\/product\/vegetable-processing-machinery\/vegetable-cutter\/vegetable-cutter\/","url":"https:\/\/www.goldenchef.cn\/product\/vegetable-processing-machinery\/vegetable-cutter\/vegetable-cutter\/","name":"Vegetable Cutter | Meat & Vegetable Processing Machine","isPartOf":{"@id":"https:\/\/www.goldenchef.cn\/#website"},"primaryImageOfPage":{"@id":"https:\/\/www.goldenchef.cn\/product\/vegetable-processing-machinery\/vegetable-cutter\/vegetable-cutter\/#primaryimage"},"image":{"@id":"https:\/\/www.goldenchef.cn\/product\/vegetable-processing-machinery\/vegetable-cutter\/vegetable-cutter\/#primaryimage"},"thumbnailUrl":"https:\/\/www.goldenchef.cn\/wp-content\/uploads\/2022\/11\/11-2.jpg","datePublished":"2022-11-09T08:24:29+00:00","dateModified":"2024-11-01T07:59:15+00:00","description":"vegetable cutter is specially designed for cutting meat and vegetables, It can cut meat, vegetable, melon and fruit rapidly to make fllings.","breadcrumb":{"@id":"https:\/\/www.goldenchef.cn\/product\/vegetable-processing-machinery\/vegetable-cutter\/vegetable-cutter\/#breadcrumb"},"inLanguage":"es","potentialAction":[{"@type":"ReadAction","target":["https:\/\/www.goldenchef.cn\/product\/vegetable-processing-machinery\/vegetable-cutter\/vegetable-cutter\/"]}]},{"@type":"ImageObject","inLanguage":"es","@id":"https:\/\/www.goldenchef.cn\/product\/vegetable-processing-machinery\/vegetable-cutter\/vegetable-cutter\/#primaryimage","url":"https:\/\/www.goldenchef.cn\/wp-content\/uploads\/2022\/11\/11-2.jpg","contentUrl":"https:\/\/www.goldenchef.cn\/wp-content\/uploads\/2022\/11\/11-2.jpg","width":800,"height":800,"caption":"vegetable cutter"},{"@type":"BreadcrumbList","@id":"https:\/\/www.goldenchef.cn\/product\/vegetable-processing-machinery\/vegetable-cutter\/vegetable-cutter\/#breadcrumb","itemListElement":[{"@type":"ListItem","position":1,"name":"homepage","item":"https:\/\/www.goldenchef.cn\/"},{"@type":"ListItem","position":2,"name":"All Product","item":"https:\/\/www.goldenchef.cn\/shop\/"},{"@type":"ListItem","position":3,"name":"VEGETABLE CUTTER"}]},{"@type":"WebSite","@id":"https:\/\/www.goldenchef.cn\/#website","url":"https:\/\/www.goldenchef.cn\/","name":"golden chef machinery","description":"If kitchen have dream, we are dream maker","publisher":{"@id":"https:\/\/www.goldenchef.cn\/#organization"},"potentialAction":[{"@type":"SearchAction","target":{"@type":"EntryPoint","urlTemplate":"https:\/\/www.goldenchef.cn\/?s={search_term_string}"},"query-input":"required name=search_term_string"}],"inLanguage":"es"},{"@type":["Organization","Place"],"@id":"https:\/\/www.goldenchef.cn\/#organization","name":"golden chef machinery","url":"https:\/\/www.goldenchef.cn\/","logo":{"@id":"https:\/\/www.goldenchef.cn\/product\/vegetable-processing-machinery\/vegetable-cutter\/vegetable-cutter\/#local-main-organization-logo"},"image":{"@id":"https:\/\/www.goldenchef.cn\/product\/vegetable-processing-machinery\/vegetable-cutter\/vegetable-cutter\/#local-main-organization-logo"},"openingHoursSpecification":[{"@type":"OpeningHoursSpecification","dayOfWeek":["Monday","Tuesday","Wednesday","Thursday","Friday","Saturday","Sunday"],"opens":"09:00","closes":"17:00"}]},{"@type":"ImageObject","inLanguage":"es","@id":"https:\/\/www.goldenchef.cn\/product\/vegetable-processing-machinery\/vegetable-cutter\/vegetable-cutter\/#local-main-organization-logo","url":"https:\/\/www.goldenchef.cn\/wp-content\/uploads\/2023\/08\/cropped-200k.png","contentUrl":"https:\/\/www.goldenchef.cn\/wp-content\/uploads\/2023\/08\/cropped-200k.png","width":512,"height":512,"caption":"golden chef machinery"}]},"product_price_amount":"0.00","product_price_currency":"USD","og_availability":"instock","product_availability":"instock","product_condition":"new"},"_links":{"self":[{"href":"https:\/\/www.goldenchef.cn\/es\/wp-json\/wp\/v2\/product\/4008"}],"collection":[{"href":"https:\/\/www.goldenchef.cn\/es\/wp-json\/wp\/v2\/product"}],"about":[{"href":"https:\/\/www.goldenchef.cn\/es\/wp-json\/wp\/v2\/types\/product"}],"replies":[{"embeddable":true,"href":"https:\/\/www.goldenchef.cn\/es\/wp-json\/wp\/v2\/comments?post=4008"}],"wp:featuredmedia":[{"embeddable":true,"href":"https:\/\/www.goldenchef.cn\/es\/wp-json\/wp\/v2\/media\/6005"}],"wp:attachment":[{"href":"https:\/\/www.goldenchef.cn\/es\/wp-json\/wp\/v2\/media?parent=4008"}],"wp:term":[{"taxonomy":"product_brand","embeddable":true,"href":"https:\/\/www.goldenchef.cn\/es\/wp-json\/wp\/v2\/product_brand?post=4008"},{"taxonomy":"product_cat","embeddable":true,"href":"https:\/\/www.goldenchef.cn\/es\/wp-json\/wp\/v2\/product_cat?post=4008"},{"taxonomy":"product_tag","embeddable":true,"href":"https:\/\/www.goldenchef.cn\/es\/wp-json\/wp\/v2\/product_tag?post=4008"}],"curies":[{"name":"wp","href":"https:\/\/api.w.org\/{rel}","templated":true}]}}