{"id":5270,"date":"2023-09-11T15:41:24","date_gmt":"2023-09-11T07:41:24","guid":{"rendered":"https:\/\/www.goldenchef.cn\/?post_type=product&#038;p=5270"},"modified":"2024-11-01T15:32:29","modified_gmt":"2024-11-01T07:32:29","slug":"bread-moulder","status":"publish","type":"product","link":"https:\/\/www.goldenchef.cn\/es\/producto\/bakery-equipment\/dough-moulder\/bread-moulder\/","title":{"rendered":"AS-CG-38 Moldeadora de pan \/ Moldeadora de rodillos \/"},"content":{"rendered":"<p>Moldeadora de pan | Moldeadora de pan<\/p>\n<p>Modelo: AS-CG-38<\/p>\n<p>Tensi\u00f3n\uff1a220V<\/p>\n<p>Potencia\uff1a0,75kw<\/p>\n<p>PESO NETO: 190 KG<\/p>\n<p>Dimensiones: 1380x665x1095mm<\/p>\n<ul>\n<li><strong>Moldeadora de pan - Amasadora y prensadora el\u00e9ctrica tiene las caracter\u00edsticas de estructura avanzada, apariencia fina, f\u00e1cil operaci\u00f3n y alta eficiencia.<\/strong><\/li>\n<li><strong>Es adecuado para la fabricaci\u00f3n de pasta en hoteles, restaurantes y f\u00e1bricas de procesamiento de alimentos.<\/strong><\/li>\n<li><strong>Todas las piezas que entran en contacto con los alimentos son de acero inoxidable o acero con superficies especialmente tratadas, que son resistentes al uso y cumplen las normas nacionales de higiene alimentaria.<\/strong><\/li>\n<li><strong>Moldeadora de pan tostado: Especial para desgasificar y reparar la forma de panes como el hot-dog tostado y el bollo franc\u00e9s.<\/strong><\/li>\n<li><strong>Rodillo resistente: Material especial de los rodillos de presi\u00f3n que evita que se pegue y dif\u00edcil de rayar y da\u00f1ar.<\/strong><\/li>\n<li><strong>Dise\u00f1o duradero: Menor ruido, no es f\u00e1cil de romper y el desgaste, mejorar la vida \u00fatil de la m\u00e1quina.<\/strong><\/li>\n<li><strong>Profesional: El sistema de rodillos puede ajustarse en funci\u00f3n del tama\u00f1o y la dureza de la masa y puede hacer que la estructura de la masa sea m\u00e1s s\u00f3lida. Adem\u00e1s, el espaciado de los rodillos y la cinta transportadora pueden ajustarse bien mediante un volante.<\/strong><\/li>\n<li><strong>Trabajo eficiente: Alta velocidad de trabajo , escape suficiente, puede obtener la mayor longitud de la masa sin burbuja.<\/strong><\/li>\n<\/ul>\n<p><iframe title=\"Reproductor de v\u00eddeo YouTube\" src=\"https:\/\/www.youtube.com\/embed\/Q-2wr7BGrx0\" width=\"560\" height=\"315\" frameborder=\"0\" allowfullscreen=\"allowfullscreen\"><\/iframe><\/p>\n<p><a href=\"https:\/\/youtu.be\/Q-2wr7BGrx0\">V\u00eddeo de la amasadora<\/a><br \/>\n<style>#jtg-3878 .modula-item .jtg-social a, .lightbox-socials.jtg-social a{ color: #ffffff }#jtg-3878 .modula-item .jtg-social svg, .lightbox-socials.jtg-social svg { height: 16px; width: 16px }#jtg-3878 .modula-item .jtg-social a:not(:last-child), .lightbox-socials.jtg-social a:not(:last-child) { margin-right: 10px }#jtg-3878 .modula-item .figc {color:#ffffff;}#jtg-3878 .modula-item .modula-item-content { transform: scale(1) }#jtg-3878 { width:100%;}#jtg-3878 .modula-items{height:800px;}@media screen and (max-width: 992px) {#jtg-3878 .modula-items{height:800px;}}@media screen and (max-width: 768px) {#jtg-3878 .modula-items{height:800px;}}#jtg-3878 .modula-items .figc p.description { font-size:14px; }#jtg-3878 .modula-items .figc p.description { color:#ffffff;}#jtg-3878.modula-gallery .modula-item > a, #jtg-3878.modula-gallery .modula-item, #jtg-3878.modula-gallery .modula-item-content > a:not(.modula-no-follow) { cursor:zoom-in; } #jtg-3878.modula-gallery .modula-item-content .modula-no-follow { cursor: default; } @media screen and (max-width:480px){#jtg-3878 .modula-item .figc .jtg-title {  font-size: 12px; }#jtg-3878 .modula-items .figc p.description { color:#ffffff;font-size:10px; }}<\/style>\n<!-- Gallery Container -->\n<div  id=\"jtg-3878\" class=\"modula modula-gallery modula-creative-gallery\" data-config=\"{&quot;height&quot;:800,&quot;tabletHeight&quot;:800,&quot;mobileHeight&quot;:800,&quot;desktopHeight&quot;:800,&quot;enableTwitter&quot;:false,&quot;enableWhatsapp&quot;:false,&quot;enableFacebook&quot;:false,&quot;enablePinterest&quot;:false,&quot;enableLinkedin&quot;:false,&quot;enableEmail&quot;:false,&quot;randomFactor&quot;:0.5,&quot;type&quot;:&quot;creative-gallery&quot;,&quot;columns&quot;:12,&quot;gutter&quot;:10,&quot;mobileGutter&quot;:10,&quot;tabletGutter&quot;:10,&quot;desktopGutter&quot;:10,&quot;enableResponsive&quot;:&quot;0&quot;,&quot;tabletColumns&quot;:&quot;2&quot;,&quot;mobileColumns&quot;:&quot;1&quot;,&quot;lazyLoad&quot;:&quot;1&quot;,&quot;lightboxOpts&quot;:{&quot;loop&quot;:false,&quot;arrows&quot;:true,&quot;toolbar&quot;:true,&quot;keyboard&quot;:true,&quot;wheel&quot;:false,&quot;buttons&quot;:[&quot;close&quot;],&quot;hash&quot;:false,&quot;lang&quot;:&quot;en&quot;,&quot;touch&quot;:false,&quot;protect&quot;:false,&quot;i18n&quot;:{&quot;en&quot;:{&quot;CLOSE&quot;:&quot;Close&quot;,&quot;NEXT&quot;:&quot;Next&quot;,&quot;PREV&quot;:&quot;Previous&quot;,&quot;Error&quot;:&quot;The requested content cannot be loaded. Please try again later.&quot;,&quot;PLAY_START&quot;:&quot;Start slideshow&quot;,&quot;PLAY_STOP&quot;:&quot;Pause slideshow&quot;,&quot;FULL_SCREEN&quot;:&quot;Full screen&quot;,&quot;THUMBS&quot;:&quot;Thumbnails&quot;,&quot;DOWNLOAD&quot;:&quot;Download&quot;,&quot;SHARE&quot;:&quot;Share&quot;,&quot;ZOOM&quot;:&quot;Zoom&quot;}},&quot;clickSlide&quot;:false,&quot;clickOutside&quot;:false,&quot;dblclickContent&quot;:false,&quot;dblclickSlide&quot;:false,&quot;dblclickOutside&quot;:false,&quot;clickContent&quot;:false,&quot;baseTpl&quot;:&quot;&lt;div class=\\&quot;modula-fancybox-container modula-lightbox-jtg-3878\\&quot; role=\\&quot;dialog\\&quot; tabindex=\\&quot;-1\\&quot;&gt;&lt;div class=\\&quot;modula-fancybox-bg\\&quot;&gt;&lt;\\\/div&gt;&lt;div class=\\&quot;modula-fancybox-inner\\&quot;&gt;&lt;div class=\\&quot;modula-fancybox-infobar\\&quot;&gt;&lt;span data-fancybox-index&gt;&lt;\\\/span&gt;&nbsp;\\\/&nbsp;&lt;span data-fancybox-count&gt;&lt;\\\/span&gt;&lt;\\\/div&gt;&lt;div class=\\&quot;modula-fancybox-toolbar\\&quot;&gt;{{buttons}}&lt;\\\/div&gt;&lt;div class=\\&quot;modula-fancybox-navigation\\&quot;&gt;{{arrows}}&lt;\\\/div&gt;&lt;div class=\\&quot;modula-fancybox-stage\\&quot;&gt;&lt;\\\/div&gt;&lt;div class=\\&quot;modula-fancybox-caption\\&quot;&gt;&lt;div class=\\&quot;modula-fancybox-caption__body\\&quot;&gt;&lt;\\\/div&gt;&lt;\\\/div&gt;&lt;\\\/div&gt;&lt;\\\/div&gt;&quot;},&quot;inView&quot;:false,&quot;email_subject&quot;:&quot;Check out this awesome image !!&quot;,&quot;email_message&quot;:&quot;Here is the link to the image : %%image_link%% and this is the link to the gallery : %%gallery_link%%&quot;,&quot;lightbox&quot;:&quot;fancybox&quot;}\">\n\n\t\n\t<!-- Items Container -->\n\t<div  class=\"modula-items\">\n\t\t<div class=\"modula-item effect-pufrobo\" >\n\t<div class=\"modula-item-overlay\"><\/div>\n\n\t<div class=\"modula-item-content\">\n\n\t\t\t\t\n\t\t\t\t\t<a data-image-id=\"3879\" data-elementor-open-lightbox=\"no\" rel=\"jtg-3878\" data-caption=\"\" aria-label=\"Abrir imagen en lightbox\" class=\"tile-inner modula-item-link\"><\/a>\n\t\t\n\t\t<img fetchpriority=\"high\" class=\"pic wp-image-3879 lazyload\"  data-valign=\"middle\" data-halign=\"center\" alt=\"dough moulder. bakery moulder, dough moulder machine, electric dough moulder\" data-full=\"https:\/\/www.goldenchef.cn\/wp-content\/uploads\/2022\/11\/11111111.jpg\" title=\"moldeadora de masa. moldeadora de panader\u00eda, m\u00e1quina moldeadora de masa, moldeadora de masa el\u00e9ctrica\" width=\"300\" height=\"277\" data-src=\"https:\/\/www.goldenchef.cn\/wp-content\/uploads\/2022\/11\/11111111.jpg\" data-caption=\"\" data-source=\"modula\" data-srcset=\"https:\/\/www.goldenchef.cn\/wp-content\/uploads\/2022\/11\/11111111.jpg 750w, https:\/\/www.goldenchef.cn\/wp-content\/uploads\/2022\/11\/11111111-600x554.jpg 600w\" data-sizes=\"(max-width: 300px) 100vw, 300px\" \/>\n\t\t<div class=\"figc no-description\">\n\t\t\t<div class=\"figc-inner\">\n\t\t\t\t\t\t\t\t\t\t\t\t\t\t\t<\/div>\n\t\t<\/div>\n\n\t<\/div>\n\n<\/div><div class=\"modula-item effect-pufrobo\" >\n\t<div class=\"modula-item-overlay\"><\/div>\n\n\t<div class=\"modula-item-content\">\n\n\t\t\t\t\n\t\t\t\t\t<a data-image-id=\"3880\" data-elementor-open-lightbox=\"no\" rel=\"jtg-3878\" data-caption=\"\" aria-label=\"Abrir imagen en lightbox\" class=\"tile-inner modula-item-link\"><\/a>\n\t\t\n\t\t<img class=\"pic wp-image-3880 lazyload\"  data-valign=\"middle\" data-halign=\"center\" alt=\"dough moulder. bakery moulder, dough moulder machine, electric dough moulder\" data-full=\"https:\/\/www.goldenchef.cn\/wp-content\/uploads\/2022\/11\/photobank-16_02.jpg\" title=\"fotobanco-(16)_02\" width=\"293\" height=\"300\" data-src=\"https:\/\/www.goldenchef.cn\/wp-content\/uploads\/2022\/11\/photobank-16_02.jpg\" data-caption=\"\" data-source=\"modula\" data-srcset=\"https:\/\/www.goldenchef.cn\/wp-content\/uploads\/2022\/11\/photobank-16_02.jpg 750w, https:\/\/www.goldenchef.cn\/wp-content\/uploads\/2022\/11\/photobank-16_02-600x614.jpg 600w\" data-sizes=\"(max-width: 293px) 100vw, 293px\" \/>\n\t\t<div class=\"figc no-description\">\n\t\t\t<div class=\"figc-inner\">\n\t\t\t\t\t\t\t\t\t\t\t\t\t\t\t<\/div>\n\t\t<\/div>\n\n\t<\/div>\n\n<\/div><div class=\"modula-item effect-pufrobo\" >\n\t<div class=\"modula-item-overlay\"><\/div>\n\n\t<div class=\"modula-item-content\">\n\n\t\t\t\t\n\t\t\t\t\t<a data-image-id=\"3881\" data-elementor-open-lightbox=\"no\" rel=\"jtg-3878\" data-caption=\"\" aria-label=\"Abrir imagen en lightbox\" class=\"tile-inner modula-item-link\"><\/a>\n\t\t\n\t\t<img class=\"pic wp-image-3881 lazyload\"  data-valign=\"middle\" data-halign=\"center\" alt=\"dough moulder. bakery moulder, dough moulder machine, electric dough moulder\" data-full=\"https:\/\/www.goldenchef.cn\/wp-content\/uploads\/2022\/11\/photobank-17_01-1.jpg\" title=\"moldeadora de masa. moldeadora de panader\u00eda, m\u00e1quina moldeadora de masa, moldeadora de masa el\u00e9ctrica\" width=\"300\" height=\"263\" data-src=\"https:\/\/www.goldenchef.cn\/wp-content\/uploads\/2022\/11\/photobank-17_01-1.jpg\" data-caption=\"\" data-source=\"modula\" data-srcset=\"https:\/\/www.goldenchef.cn\/wp-content\/uploads\/2022\/11\/photobank-17_01-1.jpg 750w, https:\/\/www.goldenchef.cn\/wp-content\/uploads\/2022\/11\/photobank-17_01-1-600x526.jpg 600w\" data-sizes=\"(max-width: 300px) 100vw, 300px\" \/>\n\t\t<div class=\"figc no-description\">\n\t\t\t<div class=\"figc-inner\">\n\t\t\t\t\t\t\t\t\t\t\t\t\t\t\t<\/div>\n\t\t<\/div>\n\n\t<\/div>\n\n<\/div><div class=\"modula-item effect-pufrobo\" >\n\t<div class=\"modula-item-overlay\"><\/div>\n\n\t<div class=\"modula-item-content\">\n\n\t\t\t\t\n\t\t\t\t\t<a data-image-id=\"3882\" data-elementor-open-lightbox=\"no\" rel=\"jtg-3878\" data-caption=\"\" aria-label=\"Abrir imagen en lightbox\" class=\"tile-inner modula-item-link\"><\/a>\n\t\t\n\t\t<img loading=\"lazy\" class=\"pic wp-image-3882 lazyload\"  data-valign=\"middle\" data-halign=\"center\" alt=\"dough moulder. bakery moulder, dough moulder machine, electric dough moulder\" data-full=\"https:\/\/www.goldenchef.cn\/wp-content\/uploads\/2022\/11\/photobank-17_02-1.jpg\" title=\"moldeadora de masa. moldeadora de panader\u00eda, m\u00e1quina moldeadora de masa, moldeadora de masa el\u00e9ctrica\" width=\"300\" height=\"252\" data-src=\"https:\/\/www.goldenchef.cn\/wp-content\/uploads\/2022\/11\/photobank-17_02-1.jpg\" data-caption=\"\" data-source=\"modula\" data-srcset=\"https:\/\/www.goldenchef.cn\/wp-content\/uploads\/2022\/11\/photobank-17_02-1.jpg 750w, https:\/\/www.goldenchef.cn\/wp-content\/uploads\/2022\/11\/photobank-17_02-1-600x504.jpg 600w\" data-sizes=\"(max-width: 300px) 100vw, 300px\" \/>\n\t\t<div class=\"figc no-description\">\n\t\t\t<div class=\"figc-inner\">\n\t\t\t\t\t\t\t\t\t\t\t\t\t\t\t<\/div>\n\t\t<\/div>\n\n\t<\/div>\n\n<\/div><div class=\"modula-item effect-pufrobo\" >\n\t<div class=\"modula-item-overlay\"><\/div>\n\n\t<div class=\"modula-item-content\">\n\n\t\t\t\t\n\t\t\t\t\t<a data-image-id=\"3883\" data-elementor-open-lightbox=\"no\" rel=\"jtg-3878\" data-caption=\"\" aria-label=\"Abrir imagen en lightbox\" class=\"tile-inner modula-item-link\"><\/a>\n\t\t\n\t\t<img loading=\"lazy\" class=\"pic wp-image-3883 lazyload\"  data-valign=\"middle\" data-halign=\"center\" alt=\"dough moulder. bakery moulder, dough moulder machine, electric dough moulder\" data-full=\"https:\/\/www.goldenchef.cn\/wp-content\/uploads\/2022\/11\/photobank-17_03.jpg\" title=\"fotobanco-(17)_03\" width=\"300\" height=\"262\" data-src=\"https:\/\/www.goldenchef.cn\/wp-content\/uploads\/2022\/11\/photobank-17_03.jpg\" data-caption=\"\" data-source=\"modula\" data-srcset=\"https:\/\/www.goldenchef.cn\/wp-content\/uploads\/2022\/11\/photobank-17_03.jpg 750w, https:\/\/www.goldenchef.cn\/wp-content\/uploads\/2022\/11\/photobank-17_03-600x524.jpg 600w\" data-sizes=\"(max-width: 300px) 100vw, 300px\" \/>\n\t\t<div class=\"figc no-description\">\n\t\t\t<div class=\"figc-inner\">\n\t\t\t\t\t\t\t\t\t\t\t\t\t\t\t<\/div>\n\t\t<\/div>\n\n\t<\/div>\n\n<\/div>\t\t\n\t<\/div>\n\n\t\n\t\n\t<script type=\"application\/ld+json\">\n\t{\n\t\t\"@context\": \"http:\/\/schema.org\",\n\t\t\"@type\"   : \"ImageGallery\",\n\t\t\"id\"      : \"https:\/\/www.goldenchef.cn\/es\/wp-json\/wp\/v2\/product\/5270\",\n\t\t\"url\"     : \"https:\/\/www.goldenchef.cn\/es\/wp-json\/wp\/v2\/product\/5270\"\n\t}\n\n    <\/script>\n\n\t\n<\/div><\/p>","protected":false},"excerpt":{"rendered":"<ul>\n<li>Marca: Mondo Cucina<\/li>\n<li>Equipamiento profesional<\/li>\n<li>Dise\u00f1o duradero<\/li>\n<li>Poco ruidoso, no se desgarra ni desgasta f\u00e1cilmente<\/li>\n<li>Alta eficiencia, ahorro de trabajo<\/li>\n<li>F\u00e1cil de limpiar<\/li>\n<li>Rodillo fuerte<\/li>\n<li>F\u00e1cil manejo y mantenimiento<\/li>\n<\/ul>","protected":false},"featured_media":5996,"comment_status":"closed","ping_status":"closed","template":"","meta":[],"product_brand":[],"product_cat":[51,85],"product_tag":[107],"class_list":{"0":"post-5270","1":"product","2":"type-product","3":"status-publish","4":"has-post-thumbnail","6":"product_cat-bakery-equipment","7":"product_cat-dough-moulder","8":"product_tag-dough-moulder","10":"first","11":"instock","12":"shipping-taxable","13":"product-type-simple"},"yoast_head":"<!-- This site is optimized with the Yoast SEO Premium plugin v22.5 (Yoast SEO v22.8) - https:\/\/yoast.com\/wordpress\/plugins\/seo\/ -->\n<title>Bread Moulder Dough Moulder Bakery Equipment Factory Price?\ufe0f<\/title>\n<meta name=\"description\" content=\"Bread Moulder has the characteristics of advanced structure, fine appearance, easy operation and high efficiency. Contact with us to get best price.?\ufe0f\" \/>\n<meta name=\"robots\" content=\"index, follow, max-snippet:-1, max-image-preview:large, max-video-preview:-1\" \/>\n<link rel=\"canonical\" href=\"https:\/\/www.goldenchef.cn\/es\/producto\/bakery-equipment\/dough-moulder\/bread-moulder\/\" \/>\n<meta property=\"og:locale\" content=\"es_MX\" \/>\n<meta property=\"og:type\" content=\"article\" \/>\n<meta property=\"og:title\" content=\"AS-CG-38 Bread Moulder \/ Roller Moulding \/\" \/>\n<meta property=\"og:description\" content=\"Bread Moulder has the characteristics of advanced structure, fine appearance, easy operation and high efficiency. Contact with us to get best price.?\ufe0f\" \/>\n<meta property=\"og:url\" content=\"https:\/\/www.goldenchef.cn\/es\/producto\/bakery-equipment\/dough-moulder\/bread-moulder\/\" \/>\n<meta property=\"og:site_name\" content=\"golden chef machinery\" \/>\n<meta property=\"article:modified_time\" content=\"2024-11-01T07:32:29+00:00\" \/>\n<meta property=\"og:image\" content=\"http:\/\/www.goldenchef.cn\/wp-content\/uploads\/2023\/09\/290.jpg\" \/>\n\t<meta property=\"og:image:width\" content=\"800\" \/>\n\t<meta property=\"og:image:height\" content=\"800\" \/>\n\t<meta property=\"og:image:type\" content=\"image\/jpeg\" \/>\n<meta name=\"twitter:card\" content=\"summary_large_image\" \/>\n<meta name=\"twitter:label1\" content=\"Precio\" \/>\n\t<meta name=\"twitter:data1\" content=\"\" \/>\n\t<meta name=\"twitter:label2\" content=\"Disponibilidad\" \/>\n\t<meta name=\"twitter:data2\" content=\"Disponible\" \/>\n<script type=\"application\/ld+json\" class=\"yoast-schema-graph\">{\"@context\":\"https:\/\/schema.org\",\"@graph\":[{\"@type\":\"WebPage\",\"@id\":\"https:\/\/www.goldenchef.cn\/product\/bakery-equipment\/dough-moulder\/bread-moulder\/\",\"url\":\"https:\/\/www.goldenchef.cn\/product\/bakery-equipment\/dough-moulder\/bread-moulder\/\",\"name\":\"Bread Moulder Dough Moulder Bakery Equipment Factory Price?\ufe0f\",\"isPartOf\":{\"@id\":\"https:\/\/www.goldenchef.cn\/#website\"},\"primaryImageOfPage\":{\"@id\":\"https:\/\/www.goldenchef.cn\/product\/bakery-equipment\/dough-moulder\/bread-moulder\/#primaryimage\"},\"image\":{\"@id\":\"https:\/\/www.goldenchef.cn\/product\/bakery-equipment\/dough-moulder\/bread-moulder\/#primaryimage\"},\"thumbnailUrl\":\"https:\/\/www.goldenchef.cn\/wp-content\/uploads\/2023\/09\/290.jpg\",\"datePublished\":\"2023-09-11T07:41:24+00:00\",\"dateModified\":\"2024-11-01T07:32:29+00:00\",\"description\":\"Bread Moulder has the characteristics of advanced structure, fine appearance, easy operation and high efficiency. Contact with us to get best price.?\ufe0f\",\"breadcrumb\":{\"@id\":\"https:\/\/www.goldenchef.cn\/product\/bakery-equipment\/dough-moulder\/bread-moulder\/#breadcrumb\"},\"inLanguage\":\"es\",\"potentialAction\":[{\"@type\":\"ReadAction\",\"target\":[\"https:\/\/www.goldenchef.cn\/product\/bakery-equipment\/dough-moulder\/bread-moulder\/\"]}]},{\"@type\":\"ImageObject\",\"inLanguage\":\"es\",\"@id\":\"https:\/\/www.goldenchef.cn\/product\/bakery-equipment\/dough-moulder\/bread-moulder\/#primaryimage\",\"url\":\"https:\/\/www.goldenchef.cn\/wp-content\/uploads\/2023\/09\/290.jpg\",\"contentUrl\":\"https:\/\/www.goldenchef.cn\/wp-content\/uploads\/2023\/09\/290.jpg\",\"width\":800,\"height\":800,\"caption\":\"dough moulder, dough moulder machine, bread moulder\"},{\"@type\":\"BreadcrumbList\",\"@id\":\"https:\/\/www.goldenchef.cn\/product\/bakery-equipment\/dough-moulder\/bread-moulder\/#breadcrumb\",\"itemListElement\":[{\"@type\":\"ListItem\",\"position\":1,\"name\":\"homepage\",\"item\":\"https:\/\/www.goldenchef.cn\/\"},{\"@type\":\"ListItem\",\"position\":2,\"name\":\"All Product\",\"item\":\"https:\/\/www.goldenchef.cn\/shop\/\"},{\"@type\":\"ListItem\",\"position\":3,\"name\":\"AS-CG-38 Bread Moulder \/ Roller Moulding \/\"}]},{\"@type\":\"WebSite\",\"@id\":\"https:\/\/www.goldenchef.cn\/#website\",\"url\":\"https:\/\/www.goldenchef.cn\/\",\"name\":\"golden chef machinery\",\"description\":\"If kitchen have dream, we are dream maker\",\"publisher\":{\"@id\":\"https:\/\/www.goldenchef.cn\/#organization\"},\"potentialAction\":[{\"@type\":\"SearchAction\",\"target\":{\"@type\":\"EntryPoint\",\"urlTemplate\":\"https:\/\/www.goldenchef.cn\/?s={search_term_string}\"},\"query-input\":\"required name=search_term_string\"}],\"inLanguage\":\"es\"},{\"@type\":[\"Organization\",\"Place\"],\"@id\":\"https:\/\/www.goldenchef.cn\/#organization\",\"name\":\"golden chef machinery\",\"url\":\"https:\/\/www.goldenchef.cn\/\",\"logo\":{\"@id\":\"https:\/\/www.goldenchef.cn\/product\/bakery-equipment\/dough-moulder\/bread-moulder\/#local-main-organization-logo\"},\"image\":{\"@id\":\"https:\/\/www.goldenchef.cn\/product\/bakery-equipment\/dough-moulder\/bread-moulder\/#local-main-organization-logo\"},\"openingHoursSpecification\":[{\"@type\":\"OpeningHoursSpecification\",\"dayOfWeek\":[\"Monday\",\"Tuesday\",\"Wednesday\",\"Thursday\",\"Friday\",\"Saturday\",\"Sunday\"],\"opens\":\"09:00\",\"closes\":\"17:00\"}]},{\"@type\":\"ImageObject\",\"inLanguage\":\"es\",\"@id\":\"https:\/\/www.goldenchef.cn\/product\/bakery-equipment\/dough-moulder\/bread-moulder\/#local-main-organization-logo\",\"url\":\"https:\/\/www.goldenchef.cn\/wp-content\/uploads\/2023\/08\/cropped-200k.png\",\"contentUrl\":\"https:\/\/www.goldenchef.cn\/wp-content\/uploads\/2023\/08\/cropped-200k.png\",\"width\":512,\"height\":512,\"caption\":\"golden chef machinery\"}]}<\/script>\n<meta property=\"product:price:amount\" content=\"0.00\" \/>\n<meta property=\"product:price:currency\" content=\"USD\" \/>\n<meta property=\"og:availability\" content=\"instock\" \/>\n<meta property=\"product:availability\" content=\"instock\" \/>\n<meta property=\"product:condition\" content=\"new\" \/>\n<!-- \/ Yoast SEO Premium plugin. -->","yoast_head_json":{"title":"Bread Moulder Dough Moulder Bakery Equipment Factory Price?\ufe0f","description":"Bread Moulder has the characteristics of advanced structure, fine appearance, easy operation and high efficiency. Contact with us to get best price.?\ufe0f","robots":{"index":"index","follow":"follow","max-snippet":"max-snippet:-1","max-image-preview":"max-image-preview:large","max-video-preview":"max-video-preview:-1"},"canonical":"https:\/\/www.goldenchef.cn\/es\/producto\/bakery-equipment\/dough-moulder\/bread-moulder\/","og_locale":"es_MX","og_type":"article","og_title":"AS-CG-38 Bread Moulder \/ Roller Moulding \/","og_description":"Bread Moulder has the characteristics of advanced structure, fine appearance, easy operation and high efficiency. Contact with us to get best price.?\ufe0f","og_url":"https:\/\/www.goldenchef.cn\/es\/producto\/bakery-equipment\/dough-moulder\/bread-moulder\/","og_site_name":"golden chef machinery","article_modified_time":"2024-11-01T07:32:29+00:00","og_image":[{"width":800,"height":800,"url":"http:\/\/www.goldenchef.cn\/wp-content\/uploads\/2023\/09\/290.jpg","type":"image\/jpeg"}],"twitter_card":"summary_large_image","twitter_misc":{"Precio":"","Disponibilidad":"Disponible"},"schema":{"@context":"https:\/\/schema.org","@graph":[{"@type":"WebPage","@id":"https:\/\/www.goldenchef.cn\/product\/bakery-equipment\/dough-moulder\/bread-moulder\/","url":"https:\/\/www.goldenchef.cn\/product\/bakery-equipment\/dough-moulder\/bread-moulder\/","name":"Bread Moulder Dough Moulder Bakery Equipment Factory Price?\ufe0f","isPartOf":{"@id":"https:\/\/www.goldenchef.cn\/#website"},"primaryImageOfPage":{"@id":"https:\/\/www.goldenchef.cn\/product\/bakery-equipment\/dough-moulder\/bread-moulder\/#primaryimage"},"image":{"@id":"https:\/\/www.goldenchef.cn\/product\/bakery-equipment\/dough-moulder\/bread-moulder\/#primaryimage"},"thumbnailUrl":"https:\/\/www.goldenchef.cn\/wp-content\/uploads\/2023\/09\/290.jpg","datePublished":"2023-09-11T07:41:24+00:00","dateModified":"2024-11-01T07:32:29+00:00","description":"Bread Moulder has the characteristics of advanced structure, fine appearance, easy operation and high efficiency. Contact with us to get best price.?\ufe0f","breadcrumb":{"@id":"https:\/\/www.goldenchef.cn\/product\/bakery-equipment\/dough-moulder\/bread-moulder\/#breadcrumb"},"inLanguage":"es","potentialAction":[{"@type":"ReadAction","target":["https:\/\/www.goldenchef.cn\/product\/bakery-equipment\/dough-moulder\/bread-moulder\/"]}]},{"@type":"ImageObject","inLanguage":"es","@id":"https:\/\/www.goldenchef.cn\/product\/bakery-equipment\/dough-moulder\/bread-moulder\/#primaryimage","url":"https:\/\/www.goldenchef.cn\/wp-content\/uploads\/2023\/09\/290.jpg","contentUrl":"https:\/\/www.goldenchef.cn\/wp-content\/uploads\/2023\/09\/290.jpg","width":800,"height":800,"caption":"dough moulder, dough moulder machine, bread moulder"},{"@type":"BreadcrumbList","@id":"https:\/\/www.goldenchef.cn\/product\/bakery-equipment\/dough-moulder\/bread-moulder\/#breadcrumb","itemListElement":[{"@type":"ListItem","position":1,"name":"homepage","item":"https:\/\/www.goldenchef.cn\/"},{"@type":"ListItem","position":2,"name":"All Product","item":"https:\/\/www.goldenchef.cn\/shop\/"},{"@type":"ListItem","position":3,"name":"AS-CG-38 Bread Moulder \/ Roller Moulding \/"}]},{"@type":"WebSite","@id":"https:\/\/www.goldenchef.cn\/#website","url":"https:\/\/www.goldenchef.cn\/","name":"golden chef machinery","description":"If kitchen have dream, we are dream maker","publisher":{"@id":"https:\/\/www.goldenchef.cn\/#organization"},"potentialAction":[{"@type":"SearchAction","target":{"@type":"EntryPoint","urlTemplate":"https:\/\/www.goldenchef.cn\/?s={search_term_string}"},"query-input":"required name=search_term_string"}],"inLanguage":"es"},{"@type":["Organization","Place"],"@id":"https:\/\/www.goldenchef.cn\/#organization","name":"golden chef machinery","url":"https:\/\/www.goldenchef.cn\/","logo":{"@id":"https:\/\/www.goldenchef.cn\/product\/bakery-equipment\/dough-moulder\/bread-moulder\/#local-main-organization-logo"},"image":{"@id":"https:\/\/www.goldenchef.cn\/product\/bakery-equipment\/dough-moulder\/bread-moulder\/#local-main-organization-logo"},"openingHoursSpecification":[{"@type":"OpeningHoursSpecification","dayOfWeek":["Monday","Tuesday","Wednesday","Thursday","Friday","Saturday","Sunday"],"opens":"09:00","closes":"17:00"}]},{"@type":"ImageObject","inLanguage":"es","@id":"https:\/\/www.goldenchef.cn\/product\/bakery-equipment\/dough-moulder\/bread-moulder\/#local-main-organization-logo","url":"https:\/\/www.goldenchef.cn\/wp-content\/uploads\/2023\/08\/cropped-200k.png","contentUrl":"https:\/\/www.goldenchef.cn\/wp-content\/uploads\/2023\/08\/cropped-200k.png","width":512,"height":512,"caption":"golden chef machinery"}]},"product_price_amount":"0.00","product_price_currency":"USD","og_availability":"instock","product_availability":"instock","product_condition":"new"},"_links":{"self":[{"href":"https:\/\/www.goldenchef.cn\/es\/wp-json\/wp\/v2\/product\/5270"}],"collection":[{"href":"https:\/\/www.goldenchef.cn\/es\/wp-json\/wp\/v2\/product"}],"about":[{"href":"https:\/\/www.goldenchef.cn\/es\/wp-json\/wp\/v2\/types\/product"}],"replies":[{"embeddable":true,"href":"https:\/\/www.goldenchef.cn\/es\/wp-json\/wp\/v2\/comments?post=5270"}],"wp:featuredmedia":[{"embeddable":true,"href":"https:\/\/www.goldenchef.cn\/es\/wp-json\/wp\/v2\/media\/5996"}],"wp:attachment":[{"href":"https:\/\/www.goldenchef.cn\/es\/wp-json\/wp\/v2\/media?parent=5270"}],"wp:term":[{"taxonomy":"product_brand","embeddable":true,"href":"https:\/\/www.goldenchef.cn\/es\/wp-json\/wp\/v2\/product_brand?post=5270"},{"taxonomy":"product_cat","embeddable":true,"href":"https:\/\/www.goldenchef.cn\/es\/wp-json\/wp\/v2\/product_cat?post=5270"},{"taxonomy":"product_tag","embeddable":true,"href":"https:\/\/www.goldenchef.cn\/es\/wp-json\/wp\/v2\/product_tag?post=5270"}],"curies":[{"name":"wp","href":"https:\/\/api.w.org\/{rel}","templated":true}]}}