{"id":5657,"date":"2024-05-13T16:40:06","date_gmt":"2024-05-13T08:40:06","guid":{"rendered":"https:\/\/www.goldenchef.cn\/?post_type=product&#038;p=5657"},"modified":"2026-03-11T11:42:29","modified_gmt":"2026-03-11T03:42:29","slug":"commerical-meat-mincer-new-product","status":"publish","type":"product","link":"https:\/\/www.goldenchef.cn\/es\/producto\/new-product\/commerical-meat-mincer-new-product\/","title":{"rendered":"Picadora de carne comercial Nuevo producto"},"content":{"rendered":"<p>Si desea m\u00e1s informaci\u00f3n sobre el producto. P\u00f3ngase en contacto con nosotros.<\/p>","protected":false},"excerpt":{"rendered":"<p>Si desea m\u00e1s informaci\u00f3n sobre el producto. P\u00f3ngase en contacto con nosotros.<\/p>","protected":false},"featured_media":6042,"comment_status":"open","ping_status":"closed","template":"","meta":[],"product_brand":[],"product_cat":[132,131,92,94],"product_tag":[],"class_list":{"0":"post-5657","1":"product","2":"type-product","3":"status-publish","4":"has-post-thumbnail","6":"product_cat-2024-new-product","7":"product_cat-new-product","8":"product_cat-meat-mincer","9":"product_cat-meat-mincer-mincer-slicer","11":"first","12":"instock","13":"shipping-taxable","14":"product-type-simple"},"yoast_head":"<!-- This site is optimized with the Yoast SEO Premium plugin v22.5 (Yoast SEO v22.8) - https:\/\/yoast.com\/wordpress\/plugins\/seo\/ -->\n<title>Commerical Meat Mincer New Product - golden chef machinery<\/title>\n<meta name=\"description\" content=\"If you want to know more information about product. Please contact with us.\" \/>\n<meta name=\"robots\" content=\"index, follow, max-snippet:-1, max-image-preview:large, max-video-preview:-1\" \/>\n<link rel=\"canonical\" href=\"https:\/\/www.goldenchef.cn\/es\/producto\/new-product\/commerical-meat-mincer-new-product\/\" \/>\n<meta property=\"og:locale\" content=\"es_MX\" \/>\n<meta property=\"og:type\" content=\"article\" \/>\n<meta property=\"og:title\" content=\"Commerical Meat Mincer New Product\" \/>\n<meta property=\"og:description\" content=\"If you want to know more information about product. Please contact with us.\" \/>\n<meta property=\"og:url\" content=\"https:\/\/www.goldenchef.cn\/es\/producto\/new-product\/commerical-meat-mincer-new-product\/\" \/>\n<meta property=\"og:site_name\" content=\"golden chef machinery\" \/>\n<meta property=\"article:modified_time\" content=\"2026-03-11T03:42:29+00:00\" \/>\n<meta property=\"og:image\" content=\"http:\/\/www.goldenchef.cn\/wp-content\/uploads\/2024\/05\/213.jpg\" \/>\n\t<meta property=\"og:image:width\" content=\"1000\" \/>\n\t<meta property=\"og:image:height\" content=\"1000\" \/>\n\t<meta property=\"og:image:type\" content=\"image\/jpeg\" \/>\n<meta name=\"twitter:card\" content=\"summary_large_image\" \/>\n<meta name=\"twitter:label1\" content=\"Precio\" \/>\n\t<meta name=\"twitter:data1\" content=\"\" \/>\n\t<meta name=\"twitter:label2\" content=\"Disponibilidad\" \/>\n\t<meta name=\"twitter:data2\" content=\"Disponible\" \/>\n<script type=\"application\/ld+json\" class=\"yoast-schema-graph\">{\"@context\":\"https:\/\/schema.org\",\"@graph\":[{\"@type\":\"WebPage\",\"@id\":\"https:\/\/www.goldenchef.cn\/product\/new-product\/commerical-meat-mincer-new-product\/\",\"url\":\"https:\/\/www.goldenchef.cn\/product\/new-product\/commerical-meat-mincer-new-product\/\",\"name\":\"Commerical Meat Mincer New Product - golden chef machinery\",\"isPartOf\":{\"@id\":\"https:\/\/www.goldenchef.cn\/#website\"},\"primaryImageOfPage\":{\"@id\":\"https:\/\/www.goldenchef.cn\/product\/new-product\/commerical-meat-mincer-new-product\/#primaryimage\"},\"image\":{\"@id\":\"https:\/\/www.goldenchef.cn\/product\/new-product\/commerical-meat-mincer-new-product\/#primaryimage\"},\"thumbnailUrl\":\"https:\/\/www.goldenchef.cn\/wp-content\/uploads\/2024\/05\/213.jpg\",\"datePublished\":\"2024-05-13T08:40:06+00:00\",\"dateModified\":\"2026-03-11T03:42:29+00:00\",\"description\":\"If you want to know more information about product. Please contact with us.\",\"breadcrumb\":{\"@id\":\"https:\/\/www.goldenchef.cn\/product\/new-product\/commerical-meat-mincer-new-product\/#breadcrumb\"},\"inLanguage\":\"es\",\"potentialAction\":[{\"@type\":\"ReadAction\",\"target\":[\"https:\/\/www.goldenchef.cn\/product\/new-product\/commerical-meat-mincer-new-product\/\"]}]},{\"@type\":\"ImageObject\",\"inLanguage\":\"es\",\"@id\":\"https:\/\/www.goldenchef.cn\/product\/new-product\/commerical-meat-mincer-new-product\/#primaryimage\",\"url\":\"https:\/\/www.goldenchef.cn\/wp-content\/uploads\/2024\/05\/213.jpg\",\"contentUrl\":\"https:\/\/www.goldenchef.cn\/wp-content\/uploads\/2024\/05\/213.jpg\",\"width\":1000,\"height\":1000},{\"@type\":\"BreadcrumbList\",\"@id\":\"https:\/\/www.goldenchef.cn\/product\/new-product\/commerical-meat-mincer-new-product\/#breadcrumb\",\"itemListElement\":[{\"@type\":\"ListItem\",\"position\":1,\"name\":\"homepage\",\"item\":\"https:\/\/www.goldenchef.cn\/\"},{\"@type\":\"ListItem\",\"position\":2,\"name\":\"All Product\",\"item\":\"https:\/\/www.goldenchef.cn\/shop\/\"},{\"@type\":\"ListItem\",\"position\":3,\"name\":\"Commerical Meat Mincer New Product\"}]},{\"@type\":\"WebSite\",\"@id\":\"https:\/\/www.goldenchef.cn\/#website\",\"url\":\"https:\/\/www.goldenchef.cn\/\",\"name\":\"golden chef machinery\",\"description\":\"If kitchen have dream, we are dream maker\",\"publisher\":{\"@id\":\"https:\/\/www.goldenchef.cn\/#organization\"},\"potentialAction\":[{\"@type\":\"SearchAction\",\"target\":{\"@type\":\"EntryPoint\",\"urlTemplate\":\"https:\/\/www.goldenchef.cn\/?s={search_term_string}\"},\"query-input\":\"required name=search_term_string\"}],\"inLanguage\":\"es\"},{\"@type\":[\"Organization\",\"Place\"],\"@id\":\"https:\/\/www.goldenchef.cn\/#organization\",\"name\":\"golden chef machinery\",\"url\":\"https:\/\/www.goldenchef.cn\/\",\"logo\":{\"@id\":\"https:\/\/www.goldenchef.cn\/product\/new-product\/commerical-meat-mincer-new-product\/#local-main-organization-logo\"},\"image\":{\"@id\":\"https:\/\/www.goldenchef.cn\/product\/new-product\/commerical-meat-mincer-new-product\/#local-main-organization-logo\"},\"openingHoursSpecification\":[{\"@type\":\"OpeningHoursSpecification\",\"dayOfWeek\":[\"Monday\",\"Tuesday\",\"Wednesday\",\"Thursday\",\"Friday\",\"Saturday\",\"Sunday\"],\"opens\":\"09:00\",\"closes\":\"17:00\"}]},{\"@type\":\"ImageObject\",\"inLanguage\":\"es\",\"@id\":\"https:\/\/www.goldenchef.cn\/product\/new-product\/commerical-meat-mincer-new-product\/#local-main-organization-logo\",\"url\":\"https:\/\/www.goldenchef.cn\/wp-content\/uploads\/2023\/08\/cropped-200k.png\",\"contentUrl\":\"https:\/\/www.goldenchef.cn\/wp-content\/uploads\/2023\/08\/cropped-200k.png\",\"width\":512,\"height\":512,\"caption\":\"golden chef machinery\"}]}<\/script>\n<meta property=\"product:price:amount\" content=\"0.00\" \/>\n<meta property=\"product:price:currency\" content=\"USD\" \/>\n<meta property=\"og:availability\" content=\"instock\" \/>\n<meta property=\"product:availability\" content=\"instock\" \/>\n<meta property=\"product:condition\" content=\"new\" \/>\n<!-- \/ Yoast SEO Premium plugin. -->","yoast_head_json":{"title":"Commerical Meat Mincer New Product - golden chef machinery","description":"If you want to know more information about product. Please contact with us.","robots":{"index":"index","follow":"follow","max-snippet":"max-snippet:-1","max-image-preview":"max-image-preview:large","max-video-preview":"max-video-preview:-1"},"canonical":"https:\/\/www.goldenchef.cn\/es\/producto\/new-product\/commerical-meat-mincer-new-product\/","og_locale":"es_MX","og_type":"article","og_title":"Commerical Meat Mincer New Product","og_description":"If you want to know more information about product. Please contact with us.","og_url":"https:\/\/www.goldenchef.cn\/es\/producto\/new-product\/commerical-meat-mincer-new-product\/","og_site_name":"golden chef machinery","article_modified_time":"2026-03-11T03:42:29+00:00","og_image":[{"width":1000,"height":1000,"url":"http:\/\/www.goldenchef.cn\/wp-content\/uploads\/2024\/05\/213.jpg","type":"image\/jpeg"}],"twitter_card":"summary_large_image","twitter_misc":{"Precio":"","Disponibilidad":"Disponible"},"schema":{"@context":"https:\/\/schema.org","@graph":[{"@type":"WebPage","@id":"https:\/\/www.goldenchef.cn\/product\/new-product\/commerical-meat-mincer-new-product\/","url":"https:\/\/www.goldenchef.cn\/product\/new-product\/commerical-meat-mincer-new-product\/","name":"Commerical Meat Mincer New Product - golden chef machinery","isPartOf":{"@id":"https:\/\/www.goldenchef.cn\/#website"},"primaryImageOfPage":{"@id":"https:\/\/www.goldenchef.cn\/product\/new-product\/commerical-meat-mincer-new-product\/#primaryimage"},"image":{"@id":"https:\/\/www.goldenchef.cn\/product\/new-product\/commerical-meat-mincer-new-product\/#primaryimage"},"thumbnailUrl":"https:\/\/www.goldenchef.cn\/wp-content\/uploads\/2024\/05\/213.jpg","datePublished":"2024-05-13T08:40:06+00:00","dateModified":"2026-03-11T03:42:29+00:00","description":"If you want to know more information about product. Please contact with us.","breadcrumb":{"@id":"https:\/\/www.goldenchef.cn\/product\/new-product\/commerical-meat-mincer-new-product\/#breadcrumb"},"inLanguage":"es","potentialAction":[{"@type":"ReadAction","target":["https:\/\/www.goldenchef.cn\/product\/new-product\/commerical-meat-mincer-new-product\/"]}]},{"@type":"ImageObject","inLanguage":"es","@id":"https:\/\/www.goldenchef.cn\/product\/new-product\/commerical-meat-mincer-new-product\/#primaryimage","url":"https:\/\/www.goldenchef.cn\/wp-content\/uploads\/2024\/05\/213.jpg","contentUrl":"https:\/\/www.goldenchef.cn\/wp-content\/uploads\/2024\/05\/213.jpg","width":1000,"height":1000},{"@type":"BreadcrumbList","@id":"https:\/\/www.goldenchef.cn\/product\/new-product\/commerical-meat-mincer-new-product\/#breadcrumb","itemListElement":[{"@type":"ListItem","position":1,"name":"homepage","item":"https:\/\/www.goldenchef.cn\/"},{"@type":"ListItem","position":2,"name":"All Product","item":"https:\/\/www.goldenchef.cn\/shop\/"},{"@type":"ListItem","position":3,"name":"Commerical Meat Mincer New Product"}]},{"@type":"WebSite","@id":"https:\/\/www.goldenchef.cn\/#website","url":"https:\/\/www.goldenchef.cn\/","name":"golden chef machinery","description":"If kitchen have dream, we are dream maker","publisher":{"@id":"https:\/\/www.goldenchef.cn\/#organization"},"potentialAction":[{"@type":"SearchAction","target":{"@type":"EntryPoint","urlTemplate":"https:\/\/www.goldenchef.cn\/?s={search_term_string}"},"query-input":"required name=search_term_string"}],"inLanguage":"es"},{"@type":["Organization","Place"],"@id":"https:\/\/www.goldenchef.cn\/#organization","name":"golden chef machinery","url":"https:\/\/www.goldenchef.cn\/","logo":{"@id":"https:\/\/www.goldenchef.cn\/product\/new-product\/commerical-meat-mincer-new-product\/#local-main-organization-logo"},"image":{"@id":"https:\/\/www.goldenchef.cn\/product\/new-product\/commerical-meat-mincer-new-product\/#local-main-organization-logo"},"openingHoursSpecification":[{"@type":"OpeningHoursSpecification","dayOfWeek":["Monday","Tuesday","Wednesday","Thursday","Friday","Saturday","Sunday"],"opens":"09:00","closes":"17:00"}]},{"@type":"ImageObject","inLanguage":"es","@id":"https:\/\/www.goldenchef.cn\/product\/new-product\/commerical-meat-mincer-new-product\/#local-main-organization-logo","url":"https:\/\/www.goldenchef.cn\/wp-content\/uploads\/2023\/08\/cropped-200k.png","contentUrl":"https:\/\/www.goldenchef.cn\/wp-content\/uploads\/2023\/08\/cropped-200k.png","width":512,"height":512,"caption":"golden chef machinery"}]},"product_price_amount":"0.00","product_price_currency":"USD","og_availability":"instock","product_availability":"instock","product_condition":"new"},"_links":{"self":[{"href":"https:\/\/www.goldenchef.cn\/es\/wp-json\/wp\/v2\/product\/5657"}],"collection":[{"href":"https:\/\/www.goldenchef.cn\/es\/wp-json\/wp\/v2\/product"}],"about":[{"href":"https:\/\/www.goldenchef.cn\/es\/wp-json\/wp\/v2\/types\/product"}],"replies":[{"embeddable":true,"href":"https:\/\/www.goldenchef.cn\/es\/wp-json\/wp\/v2\/comments?post=5657"}],"wp:featuredmedia":[{"embeddable":true,"href":"https:\/\/www.goldenchef.cn\/es\/wp-json\/wp\/v2\/media\/6042"}],"wp:attachment":[{"href":"https:\/\/www.goldenchef.cn\/es\/wp-json\/wp\/v2\/media?parent=5657"}],"wp:term":[{"taxonomy":"product_brand","embeddable":true,"href":"https:\/\/www.goldenchef.cn\/es\/wp-json\/wp\/v2\/product_brand?post=5657"},{"taxonomy":"product_cat","embeddable":true,"href":"https:\/\/www.goldenchef.cn\/es\/wp-json\/wp\/v2\/product_cat?post=5657"},{"taxonomy":"product_tag","embeddable":true,"href":"https:\/\/www.goldenchef.cn\/es\/wp-json\/wp\/v2\/product_tag?post=5657"}],"curies":[{"name":"wp","href":"https:\/\/api.w.org\/{rel}","templated":true}]}}