{"id":3695,"date":"2022-11-02T11:03:49","date_gmt":"2022-11-02T03:03:49","guid":{"rendered":"http:\/\/www.goldenchef.cn\/?post_type=product&#038;p=3695"},"modified":"2024-03-11T16:34:40","modified_gmt":"2024-03-11T08:34:40","slug":"hs200","status":"publish","type":"product","link":"https:\/\/www.goldenchef.cn\/fr\/produit\/dough-mixer\/hs-dough-mixer\/hs200\/","title":{"rendered":"HS200 M\u00e9langeur \u00e0 p\u00e2te 75KG 200L \/ Heavy Duty \/ Construction en cha\u00eene"},"content":{"rendered":"<p><strong>prix du m\u00e9langeur de g\u00e2teaux, \u00e9quipement de boulangerie, m\u00e9langeur de farine de p\u00e2te professionnel \u00e0 2 vitesses <a href=\"https:\/\/www.goldenchef.cn\/fr\/service\/spiral-mixer\/\">m\u00e9langeur en spirale<\/a><\/strong><\/p>\n<p>Mod\u00e8le : HS200<br \/>\nCapacit\u00e9 : 200 L<br \/>\nCapacit\u00e9 maximale de p\u00e9trissage : 75 KG<br \/>\nVitesse de m\u00e9lange : 210\/107 RPM<br \/>\nPuissance : 5\/7,5 kW<br \/>\nTension : 380V<br \/>\nTaille : 1332X950X1510 MM<br \/>\nPoids : 695 KG<\/p>\n<p>Golden Chef Machinery Co. est un fabricant et un exportateur d'\u00e9quipements alimentaires et de machines de boulangerie. Notre soci\u00e9t\u00e9 est situ\u00e9e \u00e0 Guangzhou, ville o\u00f9 se tient la foire du canton deux fois par an. Contactez nous pour obtenir le prix du mixeur \u00e0 g\u00e2teau.<\/p>\n<p>Le syst\u00e8me de gestion de la qualit\u00e9 ISO9001:2016 a \u00e9t\u00e9 strictement appliqu\u00e9 tout au long du processus de production. Au cours de ses 30 ann\u00e9es d'histoire d'expertise, de connaissances et de comp\u00e9tences, GOLDENCHEF s'est construit une solide r\u00e9putation en tant que l'un des meilleurs fabricants d'\u00e9quipements alimentaires et de machines de boulangerie.<\/p>\n<p>Les produits ont obtenu des brevets et l'approbation des certificats ETL, NSF, CE, ROHS, UKCA, IEC. L'\u00e9quipe professionnelle fournit le service personnalis\u00e9 OEM\/ODM dans plus de 100 pays et r\u00e9gions, a \u00e9tabli de bonnes relations de coop\u00e9ration avec plus de 200 distributeurs dans le monde entier, les ventes annuelles d\u00e9passent 200 000 unit\u00e9s.<\/p>\n<p>GOLDEN CHEF a une \u00e9quipe professionnelle qui fournit des services aux clients d'outre-mer. Cela comprend la fabrication, les ventes, le contr\u00f4le de la qualit\u00e9, le chargement des conteneurs, le d\u00e9douanement, la logistique et le service apr\u00e8s-vente. Notre objectif est de fournir des services complets dans le domaine du commerce international afin d'assurer la commodit\u00e9 pour les clients.<\/p>\n<p><strong><a href=\"https:\/\/www.goldenchef.cn\/fr\/four-different-types-of-dough-mixer-is-right-for-your-bakery-html\/\">2021 \u00c9quipement de boulangerie Machine \u00e0 m\u00e9langer la p\u00e2te pour le pain et les pizzas<\/a><\/strong><\/p>\n<p><strong><a href=\"https:\/\/www.goldenchef.cn\/fr\/horizontal-or-spiral-mixer-which-is-right-for-you-html\/\">M\u00e9langeur horizontal ou m\u00e9langeur \u00e0 spirale : Quel est le meilleur choix pour vous ?<\/a><\/strong><\/p>\n<p>&nbsp;<\/p>","protected":false},"excerpt":{"rendered":"<ul>\n<li>Marque : Mondo Cucina<\/li>\n<li>\u00c9quipement professionnel<\/li>\n<li>Crochet \u00e0 p\u00e2te et tige en acier inoxydable robuste<\/li>\n<li>Cuvette robuste convenant au pain \u00e0 faible teneur en eau.<\/li>\n<li>Facile \u00e0 utiliser<\/li>\n<li>Facile \u00e0 nettoyer<\/li>\n<li>Base large solide, stable et r\u00e9sistante<\/li>\n<li>Approbation CE<\/li>\n<\/ul>","protected":false},"featured_media":3686,"comment_status":"closed","ping_status":"closed","template":"","meta":[],"product_brand":[],"product_cat":[49,73],"product_tag":[103],"class_list":{"0":"post-3695","1":"product","2":"type-product","3":"status-publish","4":"has-post-thumbnail","6":"product_cat-dough-mixer","7":"product_cat-hs-dough-mixer","8":"product_tag-dough-mixer","10":"first","11":"instock","12":"shipping-taxable","13":"product-type-simple"},"yoast_head":"<!-- This site is optimized with the Yoast SEO Premium plugin v22.5 (Yoast SEO v22.8) - https:\/\/yoast.com\/wordpress\/plugins\/seo\/ -->\n<title>Cake Mixer Price HS200 75KG 200L \/ Heavy Duty \/ Chain Construction<\/title>\n<meta name=\"description\" content=\"Golden Chef is the manufacturer &amp; exporter of food equipment and bakery machinery. Contact with us to get cake mixer price.\" \/>\n<meta name=\"robots\" content=\"index, follow, max-snippet:-1, max-image-preview:large, max-video-preview:-1\" \/>\n<link rel=\"canonical\" href=\"https:\/\/www.goldenchef.cn\/fr\/produit\/dough-mixer\/hs-dough-mixer\/hs200\/\" \/>\n<meta property=\"og:locale\" content=\"fr_FR\" \/>\n<meta property=\"og:type\" content=\"article\" \/>\n<meta property=\"og:title\" content=\"HS200 Dough Mixer 75KG 200L \/ Heavy Duty \/ Chain Construction\" \/>\n<meta property=\"og:description\" content=\"Golden Chef is the manufacturer &amp; exporter of food equipment and bakery machinery. Contact with us to get cake mixer price.\" \/>\n<meta property=\"og:url\" content=\"https:\/\/www.goldenchef.cn\/fr\/produit\/dough-mixer\/hs-dough-mixer\/hs200\/\" \/>\n<meta property=\"og:site_name\" content=\"golden chef machinery\" \/>\n<meta property=\"article:modified_time\" content=\"2024-03-11T08:34:40+00:00\" \/>\n<meta property=\"og:image\" content=\"http:\/\/www.goldenchef.cn\/wp-content\/uploads\/2022\/11\/HS3.jpg\" \/>\n\t<meta property=\"og:image:width\" content=\"750\" \/>\n\t<meta property=\"og:image:height\" content=\"728\" \/>\n\t<meta property=\"og:image:type\" content=\"image\/jpeg\" \/>\n<meta name=\"twitter:card\" content=\"summary_large_image\" \/>\n<meta name=\"twitter:label1\" content=\"Prix\" \/>\n\t<meta name=\"twitter:data1\" content=\"\" \/>\n\t<meta name=\"twitter:label2\" content=\"Disponibilit\u00e9\" \/>\n\t<meta name=\"twitter:data2\" content=\"En stock\" \/>\n<script type=\"application\/ld+json\" class=\"yoast-schema-graph\">{\"@context\":\"https:\/\/schema.org\",\"@graph\":[{\"@type\":\"WebPage\",\"@id\":\"https:\/\/www.goldenchef.cn\/product\/dough-mixer\/hs-dough-mixer\/hs200\/\",\"url\":\"https:\/\/www.goldenchef.cn\/product\/dough-mixer\/hs-dough-mixer\/hs200\/\",\"name\":\"Cake Mixer Price HS200 75KG 200L \/ Heavy Duty \/ Chain Construction\",\"isPartOf\":{\"@id\":\"https:\/\/www.goldenchef.cn\/#website\"},\"primaryImageOfPage\":{\"@id\":\"https:\/\/www.goldenchef.cn\/product\/dough-mixer\/hs-dough-mixer\/hs200\/#primaryimage\"},\"image\":{\"@id\":\"https:\/\/www.goldenchef.cn\/product\/dough-mixer\/hs-dough-mixer\/hs200\/#primaryimage\"},\"thumbnailUrl\":\"https:\/\/www.goldenchef.cn\/wp-content\/uploads\/2022\/11\/HS3.jpg\",\"datePublished\":\"2022-11-02T03:03:49+00:00\",\"dateModified\":\"2024-03-11T08:34:40+00:00\",\"description\":\"Golden Chef is the manufacturer & exporter of food equipment and bakery machinery. Contact with us to get cake mixer price.\",\"breadcrumb\":{\"@id\":\"https:\/\/www.goldenchef.cn\/product\/dough-mixer\/hs-dough-mixer\/hs200\/#breadcrumb\"},\"inLanguage\":\"fr-FR\",\"potentialAction\":[{\"@type\":\"ReadAction\",\"target\":[\"https:\/\/www.goldenchef.cn\/product\/dough-mixer\/hs-dough-mixer\/hs200\/\"]}]},{\"@type\":\"ImageObject\",\"inLanguage\":\"fr-FR\",\"@id\":\"https:\/\/www.goldenchef.cn\/product\/dough-mixer\/hs-dough-mixer\/hs200\/#primaryimage\",\"url\":\"https:\/\/www.goldenchef.cn\/wp-content\/uploads\/2022\/11\/HS3.jpg\",\"contentUrl\":\"https:\/\/www.goldenchef.cn\/wp-content\/uploads\/2022\/11\/HS3.jpg\",\"width\":750,\"height\":728,\"caption\":\"cake mixer price\"},{\"@type\":\"BreadcrumbList\",\"@id\":\"https:\/\/www.goldenchef.cn\/product\/dough-mixer\/hs-dough-mixer\/hs200\/#breadcrumb\",\"itemListElement\":[{\"@type\":\"ListItem\",\"position\":1,\"name\":\"homepage\",\"item\":\"https:\/\/www.goldenchef.cn\/\"},{\"@type\":\"ListItem\",\"position\":2,\"name\":\"All Product\",\"item\":\"https:\/\/www.goldenchef.cn\/shop\/\"},{\"@type\":\"ListItem\",\"position\":3,\"name\":\"HS200 Dough Mixer 75KG 200L \/ Heavy Duty \/ Chain Construction\"}]},{\"@type\":\"WebSite\",\"@id\":\"https:\/\/www.goldenchef.cn\/#website\",\"url\":\"https:\/\/www.goldenchef.cn\/\",\"name\":\"golden chef machinery\",\"description\":\"If kitchen have dream, we are dream maker\",\"publisher\":{\"@id\":\"https:\/\/www.goldenchef.cn\/#organization\"},\"potentialAction\":[{\"@type\":\"SearchAction\",\"target\":{\"@type\":\"EntryPoint\",\"urlTemplate\":\"https:\/\/www.goldenchef.cn\/?s={search_term_string}\"},\"query-input\":\"required name=search_term_string\"}],\"inLanguage\":\"fr-FR\"},{\"@type\":[\"Organization\",\"Place\"],\"@id\":\"https:\/\/www.goldenchef.cn\/#organization\",\"name\":\"golden chef machinery\",\"url\":\"https:\/\/www.goldenchef.cn\/\",\"logo\":{\"@id\":\"https:\/\/www.goldenchef.cn\/product\/dough-mixer\/hs-dough-mixer\/hs200\/#local-main-organization-logo\"},\"image\":{\"@id\":\"https:\/\/www.goldenchef.cn\/product\/dough-mixer\/hs-dough-mixer\/hs200\/#local-main-organization-logo\"},\"openingHoursSpecification\":[{\"@type\":\"OpeningHoursSpecification\",\"dayOfWeek\":[\"Monday\",\"Tuesday\",\"Wednesday\",\"Thursday\",\"Friday\",\"Saturday\",\"Sunday\"],\"opens\":\"09:00\",\"closes\":\"17:00\"}]},{\"@type\":\"ImageObject\",\"inLanguage\":\"fr-FR\",\"@id\":\"https:\/\/www.goldenchef.cn\/product\/dough-mixer\/hs-dough-mixer\/hs200\/#local-main-organization-logo\",\"url\":\"https:\/\/www.goldenchef.cn\/wp-content\/uploads\/2023\/08\/cropped-200k.png\",\"contentUrl\":\"https:\/\/www.goldenchef.cn\/wp-content\/uploads\/2023\/08\/cropped-200k.png\",\"width\":512,\"height\":512,\"caption\":\"golden chef machinery\"}]}<\/script>\n<meta property=\"product:price:amount\" content=\"0.00\" \/>\n<meta property=\"product:price:currency\" content=\"USD\" \/>\n<meta property=\"og:availability\" content=\"instock\" \/>\n<meta property=\"product:availability\" content=\"instock\" \/>\n<meta property=\"product:condition\" content=\"new\" \/>\n<!-- \/ Yoast SEO Premium plugin. -->","yoast_head_json":{"title":"Cake Mixer Price HS200 75KG 200L \/ Heavy Duty \/ Chain Construction","description":"Golden Chef is the manufacturer & exporter of food equipment and bakery machinery. Contact with us to get cake mixer price.","robots":{"index":"index","follow":"follow","max-snippet":"max-snippet:-1","max-image-preview":"max-image-preview:large","max-video-preview":"max-video-preview:-1"},"canonical":"https:\/\/www.goldenchef.cn\/fr\/produit\/dough-mixer\/hs-dough-mixer\/hs200\/","og_locale":"fr_FR","og_type":"article","og_title":"HS200 Dough Mixer 75KG 200L \/ Heavy Duty \/ Chain Construction","og_description":"Golden Chef is the manufacturer & exporter of food equipment and bakery machinery. Contact with us to get cake mixer price.","og_url":"https:\/\/www.goldenchef.cn\/fr\/produit\/dough-mixer\/hs-dough-mixer\/hs200\/","og_site_name":"golden chef machinery","article_modified_time":"2024-03-11T08:34:40+00:00","og_image":[{"width":750,"height":728,"url":"http:\/\/www.goldenchef.cn\/wp-content\/uploads\/2022\/11\/HS3.jpg","type":"image\/jpeg"}],"twitter_card":"summary_large_image","twitter_misc":{"Prix":"","Disponibilit\u00e9":"En stock"},"schema":{"@context":"https:\/\/schema.org","@graph":[{"@type":"WebPage","@id":"https:\/\/www.goldenchef.cn\/product\/dough-mixer\/hs-dough-mixer\/hs200\/","url":"https:\/\/www.goldenchef.cn\/product\/dough-mixer\/hs-dough-mixer\/hs200\/","name":"Cake Mixer Price HS200 75KG 200L \/ Heavy Duty \/ Chain Construction","isPartOf":{"@id":"https:\/\/www.goldenchef.cn\/#website"},"primaryImageOfPage":{"@id":"https:\/\/www.goldenchef.cn\/product\/dough-mixer\/hs-dough-mixer\/hs200\/#primaryimage"},"image":{"@id":"https:\/\/www.goldenchef.cn\/product\/dough-mixer\/hs-dough-mixer\/hs200\/#primaryimage"},"thumbnailUrl":"https:\/\/www.goldenchef.cn\/wp-content\/uploads\/2022\/11\/HS3.jpg","datePublished":"2022-11-02T03:03:49+00:00","dateModified":"2024-03-11T08:34:40+00:00","description":"Golden Chef is the manufacturer & exporter of food equipment and bakery machinery. Contact with us to get cake mixer price.","breadcrumb":{"@id":"https:\/\/www.goldenchef.cn\/product\/dough-mixer\/hs-dough-mixer\/hs200\/#breadcrumb"},"inLanguage":"fr-FR","potentialAction":[{"@type":"ReadAction","target":["https:\/\/www.goldenchef.cn\/product\/dough-mixer\/hs-dough-mixer\/hs200\/"]}]},{"@type":"ImageObject","inLanguage":"fr-FR","@id":"https:\/\/www.goldenchef.cn\/product\/dough-mixer\/hs-dough-mixer\/hs200\/#primaryimage","url":"https:\/\/www.goldenchef.cn\/wp-content\/uploads\/2022\/11\/HS3.jpg","contentUrl":"https:\/\/www.goldenchef.cn\/wp-content\/uploads\/2022\/11\/HS3.jpg","width":750,"height":728,"caption":"cake mixer price"},{"@type":"BreadcrumbList","@id":"https:\/\/www.goldenchef.cn\/product\/dough-mixer\/hs-dough-mixer\/hs200\/#breadcrumb","itemListElement":[{"@type":"ListItem","position":1,"name":"homepage","item":"https:\/\/www.goldenchef.cn\/"},{"@type":"ListItem","position":2,"name":"All Product","item":"https:\/\/www.goldenchef.cn\/shop\/"},{"@type":"ListItem","position":3,"name":"HS200 Dough Mixer 75KG 200L \/ Heavy Duty \/ Chain Construction"}]},{"@type":"WebSite","@id":"https:\/\/www.goldenchef.cn\/#website","url":"https:\/\/www.goldenchef.cn\/","name":"golden chef machinery","description":"If kitchen have dream, we are dream maker","publisher":{"@id":"https:\/\/www.goldenchef.cn\/#organization"},"potentialAction":[{"@type":"SearchAction","target":{"@type":"EntryPoint","urlTemplate":"https:\/\/www.goldenchef.cn\/?s={search_term_string}"},"query-input":"required name=search_term_string"}],"inLanguage":"fr-FR"},{"@type":["Organization","Place"],"@id":"https:\/\/www.goldenchef.cn\/#organization","name":"golden chef machinery","url":"https:\/\/www.goldenchef.cn\/","logo":{"@id":"https:\/\/www.goldenchef.cn\/product\/dough-mixer\/hs-dough-mixer\/hs200\/#local-main-organization-logo"},"image":{"@id":"https:\/\/www.goldenchef.cn\/product\/dough-mixer\/hs-dough-mixer\/hs200\/#local-main-organization-logo"},"openingHoursSpecification":[{"@type":"OpeningHoursSpecification","dayOfWeek":["Monday","Tuesday","Wednesday","Thursday","Friday","Saturday","Sunday"],"opens":"09:00","closes":"17:00"}]},{"@type":"ImageObject","inLanguage":"fr-FR","@id":"https:\/\/www.goldenchef.cn\/product\/dough-mixer\/hs-dough-mixer\/hs200\/#local-main-organization-logo","url":"https:\/\/www.goldenchef.cn\/wp-content\/uploads\/2023\/08\/cropped-200k.png","contentUrl":"https:\/\/www.goldenchef.cn\/wp-content\/uploads\/2023\/08\/cropped-200k.png","width":512,"height":512,"caption":"golden chef machinery"}]},"product_price_amount":"0.00","product_price_currency":"USD","og_availability":"instock","product_availability":"instock","product_condition":"new"},"_links":{"self":[{"href":"https:\/\/www.goldenchef.cn\/fr\/wp-json\/wp\/v2\/product\/3695"}],"collection":[{"href":"https:\/\/www.goldenchef.cn\/fr\/wp-json\/wp\/v2\/product"}],"about":[{"href":"https:\/\/www.goldenchef.cn\/fr\/wp-json\/wp\/v2\/types\/product"}],"replies":[{"embeddable":true,"href":"https:\/\/www.goldenchef.cn\/fr\/wp-json\/wp\/v2\/comments?post=3695"}],"wp:featuredmedia":[{"embeddable":true,"href":"https:\/\/www.goldenchef.cn\/fr\/wp-json\/wp\/v2\/media\/3686"}],"wp:attachment":[{"href":"https:\/\/www.goldenchef.cn\/fr\/wp-json\/wp\/v2\/media?parent=3695"}],"wp:term":[{"taxonomy":"product_brand","embeddable":true,"href":"https:\/\/www.goldenchef.cn\/fr\/wp-json\/wp\/v2\/product_brand?post=3695"},{"taxonomy":"product_cat","embeddable":true,"href":"https:\/\/www.goldenchef.cn\/fr\/wp-json\/wp\/v2\/product_cat?post=3695"},{"taxonomy":"product_tag","embeddable":true,"href":"https:\/\/www.goldenchef.cn\/fr\/wp-json\/wp\/v2\/product_tag?post=3695"}],"curies":[{"name":"wp","href":"https:\/\/api.w.org\/{rel}","templated":true}]}}