{"id":3855,"date":"2022-11-08T15:33:32","date_gmt":"2022-11-08T07:33:32","guid":{"rendered":"http:\/\/www.goldenchef.cn\/?post_type=product&#038;p=3855"},"modified":"2024-11-01T18:10:37","modified_gmt":"2024-11-01T10:10:37","slug":"erf-5d","status":"publish","type":"product","link":"https:\/\/www.goldenchef.cn\/fr\/produit\/commercial-oven\/erf-convection-oven\/erf-5d\/","title":{"rendered":"ERF-5D Four \u00e9lectrique \u00e0 convection approuv\u00e9 CE \/ Contr\u00f4le num\u00e9rique"},"content":{"rendered":"<p class=\"pro_des_top\">Four \u00e0 convection\/horloge\/four de cuisson<\/p>\n<p>Mod\u00e8le : ERF-5D<\/p>\n<p>Tension : 380V<\/p>\n<p>Puissance : 7500 W<\/p>\n<p>Dimension : 800x1120x1540MM<\/p>\n<p>Taille du charbon : 420x590x500MM<\/p>\n<p>Taille de l'emballage : 900x1220x1700MM<\/p>\n<ul>\n<li class=\"elementor-element elementor-element-7b6c666 elementor-widget elementor-widget-image\" data-id=\"7b6c666\" data-element_type=\"widget\" data-widget_type=\"image.default\"><strong>Four \u00e0 convection : circulation de l'air chaud \u00e0 360 degr\u00e9s, chauffage uniforme, couleur de cuisson plus brillante.<\/strong><\/li>\n<li data-id=\"7b6c666\" data-element_type=\"widget\" data-widget_type=\"image.default\"><strong>Menu de m\u00e9moire : 12 menus de m\u00e9moire peuvent \u00eatre configur\u00e9s de mani\u00e8re pratique et rapide, en appuyant sur une seule touche.<\/strong><\/li>\n<li data-id=\"7b6c666\" data-element_type=\"widget\" data-widget_type=\"image.default\"><strong>Poign\u00e9e anti-br\u00fblure : La poign\u00e9e anti-br\u00fblure prot\u00e8ge les mains du boulanger de la chaleur et facilite l'ouverture et la fermeture de la porte.<\/strong><\/li>\n<li data-id=\"7b6c666\" data-element_type=\"widget\" data-widget_type=\"image.default\"><strong>Lampe antid\u00e9flagrante : Ampoule antid\u00e9flagrante int\u00e9gr\u00e9e \u00e0 haute temp\u00e9rature, permettant d'observer l'ensemble de la cuisson.<\/strong><\/li>\n<li data-id=\"7b6c666\" data-element_type=\"widget\" data-widget_type=\"image.default\"><strong>Alarme : L'heure peut \u00eatre r\u00e9gl\u00e9e selon la demande.<\/strong><\/li>\n<li data-id=\"7b6c666\" data-element_type=\"widget\" data-widget_type=\"image.default\"><strong>Coton isolant : Le coton isolant de haute qualit\u00e9 am\u00e9liore l'effet d'isolation de la chambre int\u00e9rieure et la qualit\u00e9 de la cuisson.<\/strong><\/li>\n<li data-id=\"7b6c666\" data-element_type=\"widget\" data-widget_type=\"image.default\"><strong>Fen\u00eatre transparente : La fen\u00eatre en verre tremp\u00e9 permet de contr\u00f4ler les conditions de fermentation \u00e0 l'int\u00e9rieur de la bo\u00eete en temps r\u00e9el, ce qui est facile \u00e0 ajuster \u00e0 tout moment.<\/strong><\/li>\n<li data-id=\"7b6c666\" data-element_type=\"widget\" data-widget_type=\"image.default\"><strong>Roulette universelle : Permet de d\u00e9placer facilement la machine dans tous les coins de la cuisine, avec un verrou pour fixer la machine.<\/strong><\/li>\n<\/ul>\n<style>#jtg-3849 .modula-item .jtg-social a, .lightbox-socials.jtg-social a{ color: #ffffff }#jtg-3849 .modula-item .jtg-social svg, .lightbox-socials.jtg-social svg { height: 16px; width: 16px }#jtg-3849 .modula-item .jtg-social a:not(:last-child), .lightbox-socials.jtg-social a:not(:last-child) { margin-right: 10px }#jtg-3849 .modula-item .figc {color:#ffffff;}#jtg-3849 .modula-item .modula-item-content { transform: scale(1) }#jtg-3849 { width:100%;}#jtg-3849 .modula-items{height:800px;}@media screen and (max-width: 992px) {#jtg-3849 .modula-items{height:800px;}}@media screen and (max-width: 768px) {#jtg-3849 .modula-items{height:800px;}}#jtg-3849 .modula-items .figc p.description { font-size:14px; }#jtg-3849 .modula-items .figc p.description { color:#ffffff;}#jtg-3849.modula-gallery .modula-item > a, #jtg-3849.modula-gallery .modula-item, #jtg-3849.modula-gallery .modula-item-content > a:not(.modula-no-follow) { cursor:zoom-in; } #jtg-3849.modula-gallery .modula-item-content .modula-no-follow { cursor: default; } @media screen and (max-width:480px){#jtg-3849 .modula-item .figc .jtg-title {  font-size: 12px; }#jtg-3849 .modula-items .figc p.description { color:#ffffff;font-size:10px; }}<\/style>\n<!-- Gallery Container -->\n<div  id=\"jtg-3849\" class=\"modula modula-gallery modula-creative-gallery\" data-config=\"{&quot;height&quot;:800,&quot;tabletHeight&quot;:800,&quot;mobileHeight&quot;:800,&quot;desktopHeight&quot;:800,&quot;enableTwitter&quot;:false,&quot;enableWhatsapp&quot;:false,&quot;enableFacebook&quot;:false,&quot;enablePinterest&quot;:false,&quot;enableLinkedin&quot;:false,&quot;enableEmail&quot;:false,&quot;randomFactor&quot;:0.5,&quot;type&quot;:&quot;creative-gallery&quot;,&quot;columns&quot;:12,&quot;gutter&quot;:10,&quot;mobileGutter&quot;:10,&quot;tabletGutter&quot;:10,&quot;desktopGutter&quot;:10,&quot;enableResponsive&quot;:&quot;0&quot;,&quot;tabletColumns&quot;:&quot;2&quot;,&quot;mobileColumns&quot;:&quot;1&quot;,&quot;lazyLoad&quot;:&quot;1&quot;,&quot;lightboxOpts&quot;:{&quot;loop&quot;:false,&quot;arrows&quot;:true,&quot;toolbar&quot;:true,&quot;keyboard&quot;:true,&quot;wheel&quot;:false,&quot;buttons&quot;:[&quot;close&quot;],&quot;hash&quot;:false,&quot;lang&quot;:&quot;en&quot;,&quot;touch&quot;:false,&quot;protect&quot;:false,&quot;i18n&quot;:{&quot;en&quot;:{&quot;CLOSE&quot;:&quot;Close&quot;,&quot;NEXT&quot;:&quot;Next&quot;,&quot;PREV&quot;:&quot;Previous&quot;,&quot;Error&quot;:&quot;The requested content cannot be loaded. Please try again later.&quot;,&quot;PLAY_START&quot;:&quot;Start slideshow&quot;,&quot;PLAY_STOP&quot;:&quot;Pause slideshow&quot;,&quot;FULL_SCREEN&quot;:&quot;Full screen&quot;,&quot;THUMBS&quot;:&quot;Thumbnails&quot;,&quot;DOWNLOAD&quot;:&quot;Download&quot;,&quot;SHARE&quot;:&quot;Share&quot;,&quot;ZOOM&quot;:&quot;Zoom&quot;}},&quot;clickSlide&quot;:false,&quot;clickOutside&quot;:false,&quot;dblclickContent&quot;:false,&quot;dblclickSlide&quot;:false,&quot;dblclickOutside&quot;:false,&quot;clickContent&quot;:false,&quot;baseTpl&quot;:&quot;&lt;div class=\\&quot;modula-fancybox-container modula-lightbox-jtg-3849\\&quot; role=\\&quot;dialog\\&quot; tabindex=\\&quot;-1\\&quot;&gt;&lt;div class=\\&quot;modula-fancybox-bg\\&quot;&gt;&lt;\\\/div&gt;&lt;div class=\\&quot;modula-fancybox-inner\\&quot;&gt;&lt;div class=\\&quot;modula-fancybox-infobar\\&quot;&gt;&lt;span data-fancybox-index&gt;&lt;\\\/span&gt;&nbsp;\\\/&nbsp;&lt;span data-fancybox-count&gt;&lt;\\\/span&gt;&lt;\\\/div&gt;&lt;div class=\\&quot;modula-fancybox-toolbar\\&quot;&gt;{{buttons}}&lt;\\\/div&gt;&lt;div class=\\&quot;modula-fancybox-navigation\\&quot;&gt;{{arrows}}&lt;\\\/div&gt;&lt;div class=\\&quot;modula-fancybox-stage\\&quot;&gt;&lt;\\\/div&gt;&lt;div class=\\&quot;modula-fancybox-caption\\&quot;&gt;&lt;div class=\\&quot;modula-fancybox-caption__body\\&quot;&gt;&lt;\\\/div&gt;&lt;\\\/div&gt;&lt;\\\/div&gt;&lt;\\\/div&gt;&quot;},&quot;inView&quot;:false,&quot;email_subject&quot;:&quot;Check out this awesome image !!&quot;,&quot;email_message&quot;:&quot;Here is the link to the image : %%image_link%% and this is the link to the gallery : %%gallery_link%%&quot;,&quot;lightbox&quot;:&quot;fancybox&quot;}\">\n\n\t\n\t<!-- Items Container -->\n\t<div  class=\"modula-items\">\n\t\t<div class=\"modula-item effect-pufrobo\" >\n\t<div class=\"modula-item-overlay\"><\/div>\n\n\t<div class=\"modula-item-content\">\n\n\t\t\t\t\n\t\t\t\t\t<a data-image-id=\"3852\" data-elementor-open-lightbox=\"no\" rel=\"jtg-3849\" data-caption=\"\" aria-label=\"Ouvrir l&#039;image dans la bo\u00eete \u00e0 lumi\u00e8re\" class=\"tile-inner modula-item-link\"><\/a>\n\t\t\n\t\t<img fetchpriority=\"high\" class=\"pic wp-image-3852 lazyload\"  data-valign=\"middle\" data-halign=\"center\" alt=\"convection oven, combination oven, hot air convection oven, commercial convection oven. convection oven, commercial oven. bakery oven, baking oven, cake oven, commercial baking oven, gas oven, electric oven, convection oven\" data-full=\"https:\/\/www.goldenchef.cn\/wp-content\/uploads\/2022\/11\/\u70ed\u98ce\u7089\u8be6\u60c5\u9875-3_01.jpg\" title=\"\u70ed\u98ce\u7089\u8be6\u60c5\u9875-3_01\" width=\"253\" height=\"300\" data-src=\"https:\/\/www.goldenchef.cn\/wp-content\/uploads\/2022\/11\/\u70ed\u98ce\u7089\u8be6\u60c5\u9875-3_01.jpg\" data-caption=\"\" data-source=\"modula\" data-srcset=\"https:\/\/www.goldenchef.cn\/wp-content\/uploads\/2022\/11\/\u70ed\u98ce\u7089\u8be6\u60c5\u9875-3_01.jpg 750w, https:\/\/www.goldenchef.cn\/wp-content\/uploads\/2022\/11\/\u70ed\u98ce\u7089\u8be6\u60c5\u9875-3_01-600x710.jpg 600w\" data-sizes=\"(max-width: 253px) 100vw, 253px\" \/>\n\t\t<div class=\"figc no-description\">\n\t\t\t<div class=\"figc-inner\">\n\t\t\t\t\t\t\t\t\t\t\t\t\t\t\t<\/div>\n\t\t<\/div>\n\n\t<\/div>\n\n<\/div><div class=\"modula-item effect-pufrobo\" >\n\t<div class=\"modula-item-overlay\"><\/div>\n\n\t<div class=\"modula-item-content\">\n\n\t\t\t\t\n\t\t\t\t\t<a data-image-id=\"3853\" data-elementor-open-lightbox=\"no\" rel=\"jtg-3849\" data-caption=\"\" aria-label=\"Ouvrir l&#039;image dans la bo\u00eete \u00e0 lumi\u00e8re\" class=\"tile-inner modula-item-link\"><\/a>\n\t\t\n\t\t<img class=\"pic wp-image-3853 lazyload\"  data-valign=\"middle\" data-halign=\"center\" alt=\"convection oven, combination oven, hot air convection oven, commercial convection oven. convection oven, commercial oven. bakery oven, baking oven, cake oven, commercial baking oven, gas oven, electric oven, convection oven\" data-full=\"https:\/\/www.goldenchef.cn\/wp-content\/uploads\/2022\/11\/\u70ed\u98ce\u7089\u8be6\u60c5\u9875-3_02.jpg\" title=\"four \u00e0 convection, four combin\u00e9, four \u00e0 convection \u00e0 air chaud, four \u00e0 convection commercial.\" width=\"246\" height=\"300\" data-src=\"https:\/\/www.goldenchef.cn\/wp-content\/uploads\/2022\/11\/\u70ed\u98ce\u7089\u8be6\u60c5\u9875-3_02.jpg\" data-caption=\"\" data-source=\"modula\" data-srcset=\"https:\/\/www.goldenchef.cn\/wp-content\/uploads\/2022\/11\/\u70ed\u98ce\u7089\u8be6\u60c5\u9875-3_02.jpg 750w, https:\/\/www.goldenchef.cn\/wp-content\/uploads\/2022\/11\/\u70ed\u98ce\u7089\u8be6\u60c5\u9875-3_02-600x730.jpg 600w\" data-sizes=\"(max-width: 246px) 100vw, 246px\" \/>\n\t\t<div class=\"figc no-description\">\n\t\t\t<div class=\"figc-inner\">\n\t\t\t\t\t\t\t\t\t\t\t\t\t\t\t<\/div>\n\t\t<\/div>\n\n\t<\/div>\n\n<\/div><div class=\"modula-item effect-pufrobo\" >\n\t<div class=\"modula-item-overlay\"><\/div>\n\n\t<div class=\"modula-item-content\">\n\n\t\t\t\t\n\t\t\t\t\t<a data-image-id=\"3854\" data-elementor-open-lightbox=\"no\" rel=\"jtg-3849\" data-caption=\"\" aria-label=\"Ouvrir l&#039;image dans la bo\u00eete \u00e0 lumi\u00e8re\" class=\"tile-inner modula-item-link\"><\/a>\n\t\t\n\t\t<img class=\"pic wp-image-3854 lazyload\"  data-valign=\"middle\" data-halign=\"center\" alt=\"convection oven, combination oven, hot air convection oven, commercial convection oven. convection oven, commercial oven. bakery oven, baking oven, cake oven, commercial baking oven, gas oven, electric oven, convection oven\" data-full=\"https:\/\/www.goldenchef.cn\/wp-content\/uploads\/2022\/11\/\u70ed\u98ce\u7089\u8be6\u60c5\u9875-3_03.jpg\" title=\"\u70ed\u98ce\u7089\u8be6\u60c5\u9875-3_03\" width=\"300\" height=\"251\" data-src=\"https:\/\/www.goldenchef.cn\/wp-content\/uploads\/2022\/11\/\u70ed\u98ce\u7089\u8be6\u60c5\u9875-3_03.jpg\" data-caption=\"\" data-source=\"modula\" data-srcset=\"https:\/\/www.goldenchef.cn\/wp-content\/uploads\/2022\/11\/\u70ed\u98ce\u7089\u8be6\u60c5\u9875-3_03.jpg 750w, https:\/\/www.goldenchef.cn\/wp-content\/uploads\/2022\/11\/\u70ed\u98ce\u7089\u8be6\u60c5\u9875-3_03-600x502.jpg 600w\" data-sizes=\"(max-width: 300px) 100vw, 300px\" \/>\n\t\t<div class=\"figc no-description\">\n\t\t\t<div class=\"figc-inner\">\n\t\t\t\t\t\t\t\t\t\t\t\t\t\t\t<\/div>\n\t\t<\/div>\n\n\t<\/div>\n\n<\/div>\t\t\n\t<\/div>\n\n\t\n\t\n\t<script type=\"application\/ld+json\">\n\t{\n\t\t\"@context\": \"http:\/\/schema.org\",\n\t\t\"@type\"   : \"ImageGallery\",\n\t\t\"id\"      : \"https:\/\/www.goldenchef.cn\/fr\/wp-json\/wp\/v2\/product\/3855\",\n\t\t\"url\"     : \"https:\/\/www.goldenchef.cn\/fr\/wp-json\/wp\/v2\/product\/3855\"\n\t}\n\n    <\/script>\n\n\t\n<\/div>","protected":false},"excerpt":{"rendered":"<ul>\n<li>Marque : Mondo Cucina<\/li>\n<li>Four combin\u00e9 flexible et personnalis\u00e9<\/li>\n<li>Les plateaux sont disponibles en 1, 2, 3, 4 plateaux ou en combinaison avec un four \u00e0 convection.<\/li>\n<li>Les plateaux sont disponibles sous l'\u00e9tuve ou le cadre avec support de plateau.<\/li>\n<li>Toutes les terrasses sont disponibles en pierre ou en acier<\/li>\n<li>Les ponts sont avec ou sans vapeur<\/li>\n<li>Tous les ponts sont disponibles avec ou<\/li>\n<li>Chauffer \u00e9quitablement et rapidement<\/li>\n<li>Commandes individuelles de la chaleur sup\u00e9rieure et inf\u00e9rieure<\/li>\n<li>Panneau de contr\u00f4le de la temp\u00e9rature de l'intelligence<\/li>\n<li>Conception modulaire avec diff\u00e9rentes combinaisons<\/li>\n<li>12 menus de m\u00e9moire de programme<\/li>\n<li>Corps en fibre c\u00e9ramique et acier inoxydable massif<\/li>\n<li>Grande porte vitr\u00e9e avec lumi\u00e8re int\u00e9gr\u00e9e<\/li>\n<li>Vie utile durable<\/li>\n<li>Utilisation facile<\/li>\n<li>Nettoyage facile<\/li>\n<\/ul>","protected":false},"featured_media":6034,"comment_status":"closed","ping_status":"closed","template":"","meta":[],"product_brand":[],"product_cat":[50,82],"product_tag":[105],"class_list":{"0":"post-3855","1":"product","2":"type-product","3":"status-publish","4":"has-post-thumbnail","6":"product_cat-commercial-oven","7":"product_cat-erf-convection-oven","8":"product_tag-commercial-oven","10":"first","11":"instock","12":"shipping-taxable","13":"product-type-simple"},"yoast_head":"<!-- This site is optimized with the Yoast SEO Premium plugin v22.5 (Yoast SEO v22.8) - https:\/\/yoast.com\/wordpress\/plugins\/seo\/ -->\n<title>Convectional Oven ERF-5D CE Approved Electric Convection Oven<\/title>\n<meta name=\"description\" content=\"Convectional Oven: Hot air circulation 360 degress evenly heated, baking color more bright. Contact with us to get factory price.\" \/>\n<meta name=\"robots\" content=\"index, follow, max-snippet:-1, max-image-preview:large, max-video-preview:-1\" \/>\n<link rel=\"canonical\" href=\"https:\/\/www.goldenchef.cn\/fr\/produit\/commercial-oven\/erf-convection-oven\/erf-5d\/\" \/>\n<meta property=\"og:locale\" content=\"fr_FR\" \/>\n<meta property=\"og:type\" content=\"article\" \/>\n<meta property=\"og:title\" content=\"ERF-5D CE Approved Electric Convection Oven \/ Digital Control\" \/>\n<meta property=\"og:description\" content=\"Convectional Oven: Hot air circulation 360 degress evenly heated, baking color more bright. Contact with us to get factory price.\" \/>\n<meta property=\"og:url\" content=\"https:\/\/www.goldenchef.cn\/fr\/produit\/commercial-oven\/erf-convection-oven\/erf-5d\/\" \/>\n<meta property=\"og:site_name\" content=\"golden chef machinery\" \/>\n<meta property=\"article:modified_time\" content=\"2024-11-01T10:10:37+00:00\" \/>\n<meta property=\"og:image\" content=\"http:\/\/www.goldenchef.cn\/wp-content\/uploads\/2022\/11\/242.jpg\" \/>\n\t<meta property=\"og:image:width\" content=\"800\" \/>\n\t<meta property=\"og:image:height\" content=\"800\" \/>\n\t<meta property=\"og:image:type\" content=\"image\/jpeg\" \/>\n<meta name=\"twitter:card\" content=\"summary_large_image\" \/>\n<meta name=\"twitter:label1\" content=\"Prix\" \/>\n\t<meta name=\"twitter:data1\" content=\"\" \/>\n\t<meta name=\"twitter:label2\" content=\"Disponibilit\u00e9\" \/>\n\t<meta name=\"twitter:data2\" content=\"En stock\" \/>\n<script type=\"application\/ld+json\" class=\"yoast-schema-graph\">{\"@context\":\"https:\/\/schema.org\",\"@graph\":[{\"@type\":\"WebPage\",\"@id\":\"https:\/\/www.goldenchef.cn\/product\/commercial-oven\/erf-convection-oven\/erf-5d\/\",\"url\":\"https:\/\/www.goldenchef.cn\/product\/commercial-oven\/erf-convection-oven\/erf-5d\/\",\"name\":\"Convectional Oven ERF-5D CE Approved Electric Convection Oven\",\"isPartOf\":{\"@id\":\"https:\/\/www.goldenchef.cn\/#website\"},\"primaryImageOfPage\":{\"@id\":\"https:\/\/www.goldenchef.cn\/product\/commercial-oven\/erf-convection-oven\/erf-5d\/#primaryimage\"},\"image\":{\"@id\":\"https:\/\/www.goldenchef.cn\/product\/commercial-oven\/erf-convection-oven\/erf-5d\/#primaryimage\"},\"thumbnailUrl\":\"https:\/\/www.goldenchef.cn\/wp-content\/uploads\/2022\/11\/242.jpg\",\"datePublished\":\"2022-11-08T07:33:32+00:00\",\"dateModified\":\"2024-11-01T10:10:37+00:00\",\"description\":\"Convectional Oven: Hot air circulation 360 degress evenly heated, baking color more bright. Contact with us to get factory price.\",\"breadcrumb\":{\"@id\":\"https:\/\/www.goldenchef.cn\/product\/commercial-oven\/erf-convection-oven\/erf-5d\/#breadcrumb\"},\"inLanguage\":\"fr-FR\",\"potentialAction\":[{\"@type\":\"ReadAction\",\"target\":[\"https:\/\/www.goldenchef.cn\/product\/commercial-oven\/erf-convection-oven\/erf-5d\/\"]}]},{\"@type\":\"ImageObject\",\"inLanguage\":\"fr-FR\",\"@id\":\"https:\/\/www.goldenchef.cn\/product\/commercial-oven\/erf-convection-oven\/erf-5d\/#primaryimage\",\"url\":\"https:\/\/www.goldenchef.cn\/wp-content\/uploads\/2022\/11\/242.jpg\",\"contentUrl\":\"https:\/\/www.goldenchef.cn\/wp-content\/uploads\/2022\/11\/242.jpg\",\"width\":800,\"height\":800,\"caption\":\"convection oven, bakery oven, electric convection oven\"},{\"@type\":\"BreadcrumbList\",\"@id\":\"https:\/\/www.goldenchef.cn\/product\/commercial-oven\/erf-convection-oven\/erf-5d\/#breadcrumb\",\"itemListElement\":[{\"@type\":\"ListItem\",\"position\":1,\"name\":\"homepage\",\"item\":\"https:\/\/www.goldenchef.cn\/\"},{\"@type\":\"ListItem\",\"position\":2,\"name\":\"All Product\",\"item\":\"https:\/\/www.goldenchef.cn\/shop\/\"},{\"@type\":\"ListItem\",\"position\":3,\"name\":\"ERF-5D CE Approved Electric Convection Oven \/ Digital Control\"}]},{\"@type\":\"WebSite\",\"@id\":\"https:\/\/www.goldenchef.cn\/#website\",\"url\":\"https:\/\/www.goldenchef.cn\/\",\"name\":\"golden chef machinery\",\"description\":\"If kitchen have dream, we are dream maker\",\"publisher\":{\"@id\":\"https:\/\/www.goldenchef.cn\/#organization\"},\"potentialAction\":[{\"@type\":\"SearchAction\",\"target\":{\"@type\":\"EntryPoint\",\"urlTemplate\":\"https:\/\/www.goldenchef.cn\/?s={search_term_string}\"},\"query-input\":\"required name=search_term_string\"}],\"inLanguage\":\"fr-FR\"},{\"@type\":[\"Organization\",\"Place\"],\"@id\":\"https:\/\/www.goldenchef.cn\/#organization\",\"name\":\"golden chef machinery\",\"url\":\"https:\/\/www.goldenchef.cn\/\",\"logo\":{\"@id\":\"https:\/\/www.goldenchef.cn\/product\/commercial-oven\/erf-convection-oven\/erf-5d\/#local-main-organization-logo\"},\"image\":{\"@id\":\"https:\/\/www.goldenchef.cn\/product\/commercial-oven\/erf-convection-oven\/erf-5d\/#local-main-organization-logo\"},\"openingHoursSpecification\":[{\"@type\":\"OpeningHoursSpecification\",\"dayOfWeek\":[\"Monday\",\"Tuesday\",\"Wednesday\",\"Thursday\",\"Friday\",\"Saturday\",\"Sunday\"],\"opens\":\"09:00\",\"closes\":\"17:00\"}]},{\"@type\":\"ImageObject\",\"inLanguage\":\"fr-FR\",\"@id\":\"https:\/\/www.goldenchef.cn\/product\/commercial-oven\/erf-convection-oven\/erf-5d\/#local-main-organization-logo\",\"url\":\"https:\/\/www.goldenchef.cn\/wp-content\/uploads\/2023\/08\/cropped-200k.png\",\"contentUrl\":\"https:\/\/www.goldenchef.cn\/wp-content\/uploads\/2023\/08\/cropped-200k.png\",\"width\":512,\"height\":512,\"caption\":\"golden chef machinery\"}]}<\/script>\n<meta property=\"product:price:amount\" content=\"0.00\" \/>\n<meta property=\"product:price:currency\" content=\"USD\" \/>\n<meta property=\"og:availability\" content=\"instock\" \/>\n<meta property=\"product:availability\" content=\"instock\" \/>\n<meta property=\"product:condition\" content=\"new\" \/>\n<!-- \/ Yoast SEO Premium plugin. -->","yoast_head_json":{"title":"Convectional Oven ERF-5D CE Approved Electric Convection Oven","description":"Convectional Oven: Hot air circulation 360 degress evenly heated, baking color more bright. Contact with us to get factory price.","robots":{"index":"index","follow":"follow","max-snippet":"max-snippet:-1","max-image-preview":"max-image-preview:large","max-video-preview":"max-video-preview:-1"},"canonical":"https:\/\/www.goldenchef.cn\/fr\/produit\/commercial-oven\/erf-convection-oven\/erf-5d\/","og_locale":"fr_FR","og_type":"article","og_title":"ERF-5D CE Approved Electric Convection Oven \/ Digital Control","og_description":"Convectional Oven: Hot air circulation 360 degress evenly heated, baking color more bright. Contact with us to get factory price.","og_url":"https:\/\/www.goldenchef.cn\/fr\/produit\/commercial-oven\/erf-convection-oven\/erf-5d\/","og_site_name":"golden chef machinery","article_modified_time":"2024-11-01T10:10:37+00:00","og_image":[{"width":800,"height":800,"url":"http:\/\/www.goldenchef.cn\/wp-content\/uploads\/2022\/11\/242.jpg","type":"image\/jpeg"}],"twitter_card":"summary_large_image","twitter_misc":{"Prix":"","Disponibilit\u00e9":"En stock"},"schema":{"@context":"https:\/\/schema.org","@graph":[{"@type":"WebPage","@id":"https:\/\/www.goldenchef.cn\/product\/commercial-oven\/erf-convection-oven\/erf-5d\/","url":"https:\/\/www.goldenchef.cn\/product\/commercial-oven\/erf-convection-oven\/erf-5d\/","name":"Convectional Oven ERF-5D CE Approved Electric Convection Oven","isPartOf":{"@id":"https:\/\/www.goldenchef.cn\/#website"},"primaryImageOfPage":{"@id":"https:\/\/www.goldenchef.cn\/product\/commercial-oven\/erf-convection-oven\/erf-5d\/#primaryimage"},"image":{"@id":"https:\/\/www.goldenchef.cn\/product\/commercial-oven\/erf-convection-oven\/erf-5d\/#primaryimage"},"thumbnailUrl":"https:\/\/www.goldenchef.cn\/wp-content\/uploads\/2022\/11\/242.jpg","datePublished":"2022-11-08T07:33:32+00:00","dateModified":"2024-11-01T10:10:37+00:00","description":"Convectional Oven: Hot air circulation 360 degress evenly heated, baking color more bright. Contact with us to get factory price.","breadcrumb":{"@id":"https:\/\/www.goldenchef.cn\/product\/commercial-oven\/erf-convection-oven\/erf-5d\/#breadcrumb"},"inLanguage":"fr-FR","potentialAction":[{"@type":"ReadAction","target":["https:\/\/www.goldenchef.cn\/product\/commercial-oven\/erf-convection-oven\/erf-5d\/"]}]},{"@type":"ImageObject","inLanguage":"fr-FR","@id":"https:\/\/www.goldenchef.cn\/product\/commercial-oven\/erf-convection-oven\/erf-5d\/#primaryimage","url":"https:\/\/www.goldenchef.cn\/wp-content\/uploads\/2022\/11\/242.jpg","contentUrl":"https:\/\/www.goldenchef.cn\/wp-content\/uploads\/2022\/11\/242.jpg","width":800,"height":800,"caption":"convection oven, bakery oven, electric convection oven"},{"@type":"BreadcrumbList","@id":"https:\/\/www.goldenchef.cn\/product\/commercial-oven\/erf-convection-oven\/erf-5d\/#breadcrumb","itemListElement":[{"@type":"ListItem","position":1,"name":"homepage","item":"https:\/\/www.goldenchef.cn\/"},{"@type":"ListItem","position":2,"name":"All Product","item":"https:\/\/www.goldenchef.cn\/shop\/"},{"@type":"ListItem","position":3,"name":"ERF-5D CE Approved Electric Convection Oven \/ Digital Control"}]},{"@type":"WebSite","@id":"https:\/\/www.goldenchef.cn\/#website","url":"https:\/\/www.goldenchef.cn\/","name":"golden chef machinery","description":"If kitchen have dream, we are dream maker","publisher":{"@id":"https:\/\/www.goldenchef.cn\/#organization"},"potentialAction":[{"@type":"SearchAction","target":{"@type":"EntryPoint","urlTemplate":"https:\/\/www.goldenchef.cn\/?s={search_term_string}"},"query-input":"required name=search_term_string"}],"inLanguage":"fr-FR"},{"@type":["Organization","Place"],"@id":"https:\/\/www.goldenchef.cn\/#organization","name":"golden chef machinery","url":"https:\/\/www.goldenchef.cn\/","logo":{"@id":"https:\/\/www.goldenchef.cn\/product\/commercial-oven\/erf-convection-oven\/erf-5d\/#local-main-organization-logo"},"image":{"@id":"https:\/\/www.goldenchef.cn\/product\/commercial-oven\/erf-convection-oven\/erf-5d\/#local-main-organization-logo"},"openingHoursSpecification":[{"@type":"OpeningHoursSpecification","dayOfWeek":["Monday","Tuesday","Wednesday","Thursday","Friday","Saturday","Sunday"],"opens":"09:00","closes":"17:00"}]},{"@type":"ImageObject","inLanguage":"fr-FR","@id":"https:\/\/www.goldenchef.cn\/product\/commercial-oven\/erf-convection-oven\/erf-5d\/#local-main-organization-logo","url":"https:\/\/www.goldenchef.cn\/wp-content\/uploads\/2023\/08\/cropped-200k.png","contentUrl":"https:\/\/www.goldenchef.cn\/wp-content\/uploads\/2023\/08\/cropped-200k.png","width":512,"height":512,"caption":"golden chef machinery"}]},"product_price_amount":"0.00","product_price_currency":"USD","og_availability":"instock","product_availability":"instock","product_condition":"new"},"_links":{"self":[{"href":"https:\/\/www.goldenchef.cn\/fr\/wp-json\/wp\/v2\/product\/3855"}],"collection":[{"href":"https:\/\/www.goldenchef.cn\/fr\/wp-json\/wp\/v2\/product"}],"about":[{"href":"https:\/\/www.goldenchef.cn\/fr\/wp-json\/wp\/v2\/types\/product"}],"replies":[{"embeddable":true,"href":"https:\/\/www.goldenchef.cn\/fr\/wp-json\/wp\/v2\/comments?post=3855"}],"wp:featuredmedia":[{"embeddable":true,"href":"https:\/\/www.goldenchef.cn\/fr\/wp-json\/wp\/v2\/media\/6034"}],"wp:attachment":[{"href":"https:\/\/www.goldenchef.cn\/fr\/wp-json\/wp\/v2\/media?parent=3855"}],"wp:term":[{"taxonomy":"product_brand","embeddable":true,"href":"https:\/\/www.goldenchef.cn\/fr\/wp-json\/wp\/v2\/product_brand?post=3855"},{"taxonomy":"product_cat","embeddable":true,"href":"https:\/\/www.goldenchef.cn\/fr\/wp-json\/wp\/v2\/product_cat?post=3855"},{"taxonomy":"product_tag","embeddable":true,"href":"https:\/\/www.goldenchef.cn\/fr\/wp-json\/wp\/v2\/product_tag?post=3855"}],"curies":[{"name":"wp","href":"https:\/\/api.w.org\/{rel}","templated":true}]}}