{"id":3891,"date":"2022-11-08T16:58:37","date_gmt":"2022-11-08T08:58:37","guid":{"rendered":"http:\/\/www.goldenchef.cn\/?post_type=product&#038;p=3891"},"modified":"2024-11-08T11:15:43","modified_gmt":"2024-11-08T03:15:43","slug":"hmk-dough-divider","status":"publish","type":"product","link":"https:\/\/www.goldenchef.cn\/fr\/produit\/bakery-equipment\/dough-divider\/hmk-dough-divider\/","title":{"rendered":"Diviseur de p\u00e2te HMK"},"content":{"rendered":"<p>Machine \u00e0 diviser la p\u00e2te | Produit <a href=\"https:\/\/www.youtube.com\/watch?v=IKTCdUsKL3w\" target=\"_blank\" rel=\"noopener\">Vid\u00e9o<\/a> | <a href=\"https:\/\/www.goldenchef.cn\/fr\/service\/bakery-equipment\/\" target=\"_blank\" rel=\"noopener\">\u00c9quipement de boulangerie<\/a><\/p>\n<ul>\n<li><strong>La machine de boulangerie - Diviseur de p\u00e2te est une machine id\u00e9ale pour le traitement des aliments \u00e0 base de bl\u00e9 et des p\u00e2tisseries, largement utilis\u00e9e dans les p\u00e2tisseries de style occidental, les salles \u00e0 manger des entreprises et des \u00e9coles.<\/strong><\/li>\n<li><strong>Il poss\u00e8de des caract\u00e9ristiques exceptionnelles, notamment un corps en acier inoxydable, une belle apparence, un fonctionnement stable avec un faible bruit, une grande efficacit\u00e9 et une facilit\u00e9 de d\u00e9placement.<\/strong><\/li>\n<li><strong>Diviseur de p\u00e2te : Conception raisonnable pour couper la p\u00e2te dans une fourchette de 30~180g par pi\u00e8ce.<\/strong><\/li>\n<li><strong>Syst\u00e8me de s\u00e9curit\u00e9 : lorsque vous retirez le plateau, la machine s'arr\u00eate automatiquement.<\/strong><\/li>\n<li><strong>Haute efficacit\u00e9 : Avec des lames et une plaque de s\u00e9paration en acier inoxydable, la p\u00e2te est divis\u00e9e en 10 secondes. Am\u00e9liore l'efficacit\u00e9 du travail et \u00e9conomise la main d'\u0153uvre.<\/strong><\/li>\n<li><strong>D\u00e9coupage fin : Surface antiadh\u00e9sive, r\u00e9sistance aux rayures, lames aiguis\u00e9es et durables, r\u00e9sistance uniforme, coupant la p\u00e2te en plusieurs sections plates.<\/strong><\/li>\n<li><strong>Moteur puissant : Moteur \u00e9lectrique puissant, faible bruit, \u00e9conomie d'\u00e9nergie.<\/strong><\/li>\n<\/ul>\n<p>Golden Chef Machinery Co. est un fabricant et un exportateur d'\u00e9quipements alimentaires et de machines de boulangerie. Notre soci\u00e9t\u00e9 est situ\u00e9e \u00e0 Guangzhou, ville o\u00f9 se tient la foire du canton deux fois par an. Si vous voulez plus d'informations sur nos produits, n'h\u00e9sitez pas \u00e0 nous contacter pour obtenir plus d'informations ou le prix d'usine de la machine \u00e0 diviser les p\u00e2tes.<\/p>","protected":false},"excerpt":{"rendered":"<ul>\n<li>Marque : Mondo Cucina<\/li>\n<li>\u00c9quipement professionnel<\/li>\n<li>Fonctionnement manuel, facile et pratique<\/li>\n<li>Sans \u00e9lectricit\u00e9, il peut travailler dans n'importe quelle situation<\/li>\n<li>Facile \u00e0 nettoyer<\/li>\n<li>30 pi\u00e8ces divis\u00e9es en parts \u00e9gales<\/li>\n<\/ul>","protected":false},"featured_media":6048,"comment_status":"closed","ping_status":"closed","template":"","meta":[],"product_brand":[],"product_cat":[51,86],"product_tag":[108],"class_list":{"0":"post-3891","1":"product","2":"type-product","3":"status-publish","4":"has-post-thumbnail","6":"product_cat-bakery-equipment","7":"product_cat-dough-divider","8":"product_tag-dough-divider","10":"first","11":"instock","12":"shipping-taxable","13":"product-type-simple"},"yoast_head":"<!-- This site is optimized with the Yoast SEO Premium plugin v22.5 (Yoast SEO v22.8) - https:\/\/yoast.com\/wordpress\/plugins\/seo\/ -->\n<title>Dough Divider Machine HMK | Bakery Equipment - Golden Chef<\/title>\n<meta name=\"description\" content=\"Dough Divider Machine is an ideal wheaten pastry processing machine, widely use in western-style cake shops dining halls of enterprises\" \/>\n<meta name=\"robots\" content=\"index, follow, max-snippet:-1, max-image-preview:large, max-video-preview:-1\" \/>\n<link rel=\"canonical\" href=\"https:\/\/www.goldenchef.cn\/fr\/produit\/bakery-equipment\/dough-divider\/hmk-dough-divider\/\" \/>\n<meta property=\"og:locale\" content=\"fr_FR\" \/>\n<meta property=\"og:type\" content=\"article\" \/>\n<meta property=\"og:title\" content=\"HMK Dough Divider\" \/>\n<meta property=\"og:description\" content=\"Dough Divider Machine is an ideal wheaten pastry processing machine, widely use in western-style cake shops dining halls of enterprises\" \/>\n<meta property=\"og:url\" content=\"https:\/\/www.goldenchef.cn\/fr\/produit\/bakery-equipment\/dough-divider\/hmk-dough-divider\/\" \/>\n<meta property=\"og:site_name\" content=\"golden chef machinery\" \/>\n<meta property=\"article:modified_time\" content=\"2024-11-08T03:15:43+00:00\" \/>\n<meta property=\"og:image\" content=\"http:\/\/www.goldenchef.cn\/wp-content\/uploads\/2022\/11\/894.jpg\" \/>\n\t<meta property=\"og:image:width\" content=\"1000\" \/>\n\t<meta property=\"og:image:height\" content=\"1000\" \/>\n\t<meta property=\"og:image:type\" content=\"image\/jpeg\" \/>\n<meta name=\"twitter:card\" content=\"summary_large_image\" \/>\n<meta name=\"twitter:label1\" content=\"Prix\" \/>\n\t<meta name=\"twitter:data1\" content=\"\" \/>\n\t<meta name=\"twitter:label2\" content=\"Disponibilit\u00e9\" \/>\n\t<meta name=\"twitter:data2\" content=\"En stock\" \/>\n<script type=\"application\/ld+json\" class=\"yoast-schema-graph\">{\"@context\":\"https:\/\/schema.org\",\"@graph\":[{\"@type\":\"WebPage\",\"@id\":\"https:\/\/www.goldenchef.cn\/product\/bakery-equipment\/dough-divider\/hmk-dough-divider\/\",\"url\":\"https:\/\/www.goldenchef.cn\/product\/bakery-equipment\/dough-divider\/hmk-dough-divider\/\",\"name\":\"Dough Divider Machine HMK | Bakery Equipment - Golden Chef\",\"isPartOf\":{\"@id\":\"https:\/\/www.goldenchef.cn\/#website\"},\"primaryImageOfPage\":{\"@id\":\"https:\/\/www.goldenchef.cn\/product\/bakery-equipment\/dough-divider\/hmk-dough-divider\/#primaryimage\"},\"image\":{\"@id\":\"https:\/\/www.goldenchef.cn\/product\/bakery-equipment\/dough-divider\/hmk-dough-divider\/#primaryimage\"},\"thumbnailUrl\":\"https:\/\/www.goldenchef.cn\/wp-content\/uploads\/2022\/11\/894.jpg\",\"datePublished\":\"2022-11-08T08:58:37+00:00\",\"dateModified\":\"2024-11-08T03:15:43+00:00\",\"description\":\"Dough Divider Machine is an ideal wheaten pastry processing machine, widely use in western-style cake shops dining halls of enterprises\",\"breadcrumb\":{\"@id\":\"https:\/\/www.goldenchef.cn\/product\/bakery-equipment\/dough-divider\/hmk-dough-divider\/#breadcrumb\"},\"inLanguage\":\"fr-FR\",\"potentialAction\":[{\"@type\":\"ReadAction\",\"target\":[\"https:\/\/www.goldenchef.cn\/product\/bakery-equipment\/dough-divider\/hmk-dough-divider\/\"]}]},{\"@type\":\"ImageObject\",\"inLanguage\":\"fr-FR\",\"@id\":\"https:\/\/www.goldenchef.cn\/product\/bakery-equipment\/dough-divider\/hmk-dough-divider\/#primaryimage\",\"url\":\"https:\/\/www.goldenchef.cn\/wp-content\/uploads\/2022\/11\/894.jpg\",\"contentUrl\":\"https:\/\/www.goldenchef.cn\/wp-content\/uploads\/2022\/11\/894.jpg\",\"width\":1000,\"height\":1000,\"caption\":\"dough press, dough divider, dough divider machine\"},{\"@type\":\"BreadcrumbList\",\"@id\":\"https:\/\/www.goldenchef.cn\/product\/bakery-equipment\/dough-divider\/hmk-dough-divider\/#breadcrumb\",\"itemListElement\":[{\"@type\":\"ListItem\",\"position\":1,\"name\":\"homepage\",\"item\":\"https:\/\/www.goldenchef.cn\/\"},{\"@type\":\"ListItem\",\"position\":2,\"name\":\"All Product\",\"item\":\"https:\/\/www.goldenchef.cn\/shop\/\"},{\"@type\":\"ListItem\",\"position\":3,\"name\":\"HMK Dough Divider\"}]},{\"@type\":\"WebSite\",\"@id\":\"https:\/\/www.goldenchef.cn\/#website\",\"url\":\"https:\/\/www.goldenchef.cn\/\",\"name\":\"golden chef machinery\",\"description\":\"If kitchen have dream, we are dream maker\",\"publisher\":{\"@id\":\"https:\/\/www.goldenchef.cn\/#organization\"},\"potentialAction\":[{\"@type\":\"SearchAction\",\"target\":{\"@type\":\"EntryPoint\",\"urlTemplate\":\"https:\/\/www.goldenchef.cn\/?s={search_term_string}\"},\"query-input\":\"required name=search_term_string\"}],\"inLanguage\":\"fr-FR\"},{\"@type\":[\"Organization\",\"Place\"],\"@id\":\"https:\/\/www.goldenchef.cn\/#organization\",\"name\":\"golden chef machinery\",\"url\":\"https:\/\/www.goldenchef.cn\/\",\"logo\":{\"@id\":\"https:\/\/www.goldenchef.cn\/product\/bakery-equipment\/dough-divider\/hmk-dough-divider\/#local-main-organization-logo\"},\"image\":{\"@id\":\"https:\/\/www.goldenchef.cn\/product\/bakery-equipment\/dough-divider\/hmk-dough-divider\/#local-main-organization-logo\"},\"openingHoursSpecification\":[{\"@type\":\"OpeningHoursSpecification\",\"dayOfWeek\":[\"Monday\",\"Tuesday\",\"Wednesday\",\"Thursday\",\"Friday\",\"Saturday\",\"Sunday\"],\"opens\":\"09:00\",\"closes\":\"17:00\"}]},{\"@type\":\"ImageObject\",\"inLanguage\":\"fr-FR\",\"@id\":\"https:\/\/www.goldenchef.cn\/product\/bakery-equipment\/dough-divider\/hmk-dough-divider\/#local-main-organization-logo\",\"url\":\"https:\/\/www.goldenchef.cn\/wp-content\/uploads\/2023\/08\/cropped-200k.png\",\"contentUrl\":\"https:\/\/www.goldenchef.cn\/wp-content\/uploads\/2023\/08\/cropped-200k.png\",\"width\":512,\"height\":512,\"caption\":\"golden chef machinery\"}]}<\/script>\n<meta property=\"product:price:amount\" content=\"0.00\" \/>\n<meta property=\"product:price:currency\" content=\"USD\" \/>\n<meta property=\"og:availability\" content=\"instock\" \/>\n<meta property=\"product:availability\" content=\"instock\" \/>\n<meta property=\"product:condition\" content=\"new\" \/>\n<!-- \/ Yoast SEO Premium plugin. -->","yoast_head_json":{"title":"Dough Divider Machine HMK | Bakery Equipment - Golden Chef","description":"Dough Divider Machine is an ideal wheaten pastry processing machine, widely use in western-style cake shops dining halls of enterprises","robots":{"index":"index","follow":"follow","max-snippet":"max-snippet:-1","max-image-preview":"max-image-preview:large","max-video-preview":"max-video-preview:-1"},"canonical":"https:\/\/www.goldenchef.cn\/fr\/produit\/bakery-equipment\/dough-divider\/hmk-dough-divider\/","og_locale":"fr_FR","og_type":"article","og_title":"HMK Dough Divider","og_description":"Dough Divider Machine is an ideal wheaten pastry processing machine, widely use in western-style cake shops dining halls of enterprises","og_url":"https:\/\/www.goldenchef.cn\/fr\/produit\/bakery-equipment\/dough-divider\/hmk-dough-divider\/","og_site_name":"golden chef machinery","article_modified_time":"2024-11-08T03:15:43+00:00","og_image":[{"width":1000,"height":1000,"url":"http:\/\/www.goldenchef.cn\/wp-content\/uploads\/2022\/11\/894.jpg","type":"image\/jpeg"}],"twitter_card":"summary_large_image","twitter_misc":{"Prix":"","Disponibilit\u00e9":"En stock"},"schema":{"@context":"https:\/\/schema.org","@graph":[{"@type":"WebPage","@id":"https:\/\/www.goldenchef.cn\/product\/bakery-equipment\/dough-divider\/hmk-dough-divider\/","url":"https:\/\/www.goldenchef.cn\/product\/bakery-equipment\/dough-divider\/hmk-dough-divider\/","name":"Dough Divider Machine HMK | Bakery Equipment - Golden Chef","isPartOf":{"@id":"https:\/\/www.goldenchef.cn\/#website"},"primaryImageOfPage":{"@id":"https:\/\/www.goldenchef.cn\/product\/bakery-equipment\/dough-divider\/hmk-dough-divider\/#primaryimage"},"image":{"@id":"https:\/\/www.goldenchef.cn\/product\/bakery-equipment\/dough-divider\/hmk-dough-divider\/#primaryimage"},"thumbnailUrl":"https:\/\/www.goldenchef.cn\/wp-content\/uploads\/2022\/11\/894.jpg","datePublished":"2022-11-08T08:58:37+00:00","dateModified":"2024-11-08T03:15:43+00:00","description":"Dough Divider Machine is an ideal wheaten pastry processing machine, widely use in western-style cake shops dining halls of enterprises","breadcrumb":{"@id":"https:\/\/www.goldenchef.cn\/product\/bakery-equipment\/dough-divider\/hmk-dough-divider\/#breadcrumb"},"inLanguage":"fr-FR","potentialAction":[{"@type":"ReadAction","target":["https:\/\/www.goldenchef.cn\/product\/bakery-equipment\/dough-divider\/hmk-dough-divider\/"]}]},{"@type":"ImageObject","inLanguage":"fr-FR","@id":"https:\/\/www.goldenchef.cn\/product\/bakery-equipment\/dough-divider\/hmk-dough-divider\/#primaryimage","url":"https:\/\/www.goldenchef.cn\/wp-content\/uploads\/2022\/11\/894.jpg","contentUrl":"https:\/\/www.goldenchef.cn\/wp-content\/uploads\/2022\/11\/894.jpg","width":1000,"height":1000,"caption":"dough press, dough divider, dough divider machine"},{"@type":"BreadcrumbList","@id":"https:\/\/www.goldenchef.cn\/product\/bakery-equipment\/dough-divider\/hmk-dough-divider\/#breadcrumb","itemListElement":[{"@type":"ListItem","position":1,"name":"homepage","item":"https:\/\/www.goldenchef.cn\/"},{"@type":"ListItem","position":2,"name":"All Product","item":"https:\/\/www.goldenchef.cn\/shop\/"},{"@type":"ListItem","position":3,"name":"HMK Dough Divider"}]},{"@type":"WebSite","@id":"https:\/\/www.goldenchef.cn\/#website","url":"https:\/\/www.goldenchef.cn\/","name":"golden chef machinery","description":"If kitchen have dream, we are dream maker","publisher":{"@id":"https:\/\/www.goldenchef.cn\/#organization"},"potentialAction":[{"@type":"SearchAction","target":{"@type":"EntryPoint","urlTemplate":"https:\/\/www.goldenchef.cn\/?s={search_term_string}"},"query-input":"required name=search_term_string"}],"inLanguage":"fr-FR"},{"@type":["Organization","Place"],"@id":"https:\/\/www.goldenchef.cn\/#organization","name":"golden chef machinery","url":"https:\/\/www.goldenchef.cn\/","logo":{"@id":"https:\/\/www.goldenchef.cn\/product\/bakery-equipment\/dough-divider\/hmk-dough-divider\/#local-main-organization-logo"},"image":{"@id":"https:\/\/www.goldenchef.cn\/product\/bakery-equipment\/dough-divider\/hmk-dough-divider\/#local-main-organization-logo"},"openingHoursSpecification":[{"@type":"OpeningHoursSpecification","dayOfWeek":["Monday","Tuesday","Wednesday","Thursday","Friday","Saturday","Sunday"],"opens":"09:00","closes":"17:00"}]},{"@type":"ImageObject","inLanguage":"fr-FR","@id":"https:\/\/www.goldenchef.cn\/product\/bakery-equipment\/dough-divider\/hmk-dough-divider\/#local-main-organization-logo","url":"https:\/\/www.goldenchef.cn\/wp-content\/uploads\/2023\/08\/cropped-200k.png","contentUrl":"https:\/\/www.goldenchef.cn\/wp-content\/uploads\/2023\/08\/cropped-200k.png","width":512,"height":512,"caption":"golden chef machinery"}]},"product_price_amount":"0.00","product_price_currency":"USD","og_availability":"instock","product_availability":"instock","product_condition":"new"},"_links":{"self":[{"href":"https:\/\/www.goldenchef.cn\/fr\/wp-json\/wp\/v2\/product\/3891"}],"collection":[{"href":"https:\/\/www.goldenchef.cn\/fr\/wp-json\/wp\/v2\/product"}],"about":[{"href":"https:\/\/www.goldenchef.cn\/fr\/wp-json\/wp\/v2\/types\/product"}],"replies":[{"embeddable":true,"href":"https:\/\/www.goldenchef.cn\/fr\/wp-json\/wp\/v2\/comments?post=3891"}],"wp:featuredmedia":[{"embeddable":true,"href":"https:\/\/www.goldenchef.cn\/fr\/wp-json\/wp\/v2\/media\/6048"}],"wp:attachment":[{"href":"https:\/\/www.goldenchef.cn\/fr\/wp-json\/wp\/v2\/media?parent=3891"}],"wp:term":[{"taxonomy":"product_brand","embeddable":true,"href":"https:\/\/www.goldenchef.cn\/fr\/wp-json\/wp\/v2\/product_brand?post=3891"},{"taxonomy":"product_cat","embeddable":true,"href":"https:\/\/www.goldenchef.cn\/fr\/wp-json\/wp\/v2\/product_cat?post=3891"},{"taxonomy":"product_tag","embeddable":true,"href":"https:\/\/www.goldenchef.cn\/fr\/wp-json\/wp\/v2\/product_tag?post=3891"}],"curies":[{"name":"wp","href":"https:\/\/api.w.org\/{rel}","templated":true}]}}