{"id":3937,"date":"2022-11-09T11:13:06","date_gmt":"2022-11-09T03:13:06","guid":{"rendered":"http:\/\/www.goldenchef.cn\/?post_type=product&#038;p=3937"},"modified":"2024-11-01T17:06:02","modified_gmt":"2024-11-01T09:06:02","slug":"f-15-16","status":"publish","type":"product","link":"https:\/\/www.goldenchef.cn\/fr\/produit\/bakery-equipment\/bakery-proofer\/f-15-16\/","title":{"rendered":"F-15\/16 Machine \u00e0 pain \u00e9lectrique commerciale approuv\u00e9e par le CE"},"content":{"rendered":"<p class=\"pro_des_top\"><strong>Etuve \u00e0 pain Golden Chef \u00e9quipement de boulangerie 15 16 30 32 64 plateaux machine \u00e0 \u00e9tuver vente d'usine \u00e9tuve \u00e0 pain<\/strong><\/p>\n<p>Mod\u00e8le : F-15\/16<\/p>\n<p>Voltage : 220V<\/p>\n<p>Puissance : 2600 W<\/p>\n<p>Dimension : 500x705x2030MM<\/p>\n<p>N.W.(kg) : 42<\/p>\n<p>Poids brut (kg) : 60<\/p>\n<p>Plateaux : 15\/16<\/p>\n<ul>\n<li><strong>L'\u00e9tuve \u00e0 pain est le meilleur partenaire du four \u00e0 sole : Un bon partenaire pour le four \u00e0 \u00e9tages, acc\u00e9l\u00e8re la vitesse pour r\u00e9veiller la p\u00e2te.<\/strong><\/li>\n<li><strong>Plusieurs tailles : Diff\u00e9rentes tailles peuvent \u00eatre adapt\u00e9es \u00e0 la demande des diff\u00e9rentes boulangeries.<\/strong><\/li>\n<li><strong>Acier inoxydable : L'int\u00e9rieur et l'ext\u00e9rieur du corps de la machine sont tous en acier inoxydable, anti-corrosion, r\u00e9sistance \u00e0 la rouille, fixation et durabilit\u00e9.<\/strong><\/li>\n<li><strong>Convection : Ventilateur puissant avec une bonne convection de l'air chaud \u00e0 l'int\u00e9rieur de la chambre d'\u00e9tuvage.<\/strong><\/li>\n<li><strong>Double protection : Entr\u00e9e et sortie automatique de l'eau, emp\u00eache la combustion s\u00e8che, facile \u00e0 utiliser.<\/strong><\/li>\n<li><strong>Tr\u00e8s grande capacit\u00e9 : Grande capacit\u00e9 et multicouche, am\u00e9liore l'efficacit\u00e9 de la production.<\/strong><\/li>\n<li><strong>Contr\u00f4le de la temp\u00e9rature et de l'humidit\u00e9 : La temp\u00e9rature et l'humidit\u00e9 peuvent \u00eatre r\u00e9gl\u00e9es, la p\u00e2te se r\u00e9veille plus parfaitement.<\/strong><\/li>\n<li><strong>Facile \u00e0 utiliser : Bouton m\u00e9canique, double r\u00e9glage de la temp\u00e9rature et de l'humidit\u00e9, fonctionnement facile.<\/strong><\/li>\n<li><strong>Roulette universelle : Permet de d\u00e9placer facilement la machine dans tous les coins de la cuisine, avec un verrou pour fixer la machine.<\/strong><\/li>\n<\/ul>\n<p><iframe title=\"Lecteur vid\u00e9o YouTube\" src=\"https:\/\/www.youtube.com\/embed\/tRK5DXS7FtM\" width=\"560\" height=\"315\" frameborder=\"0\" allowfullscreen=\"allowfullscreen\"><\/iframe><\/p>\n<p>GOLDEN CHEF dispose d'une \u00e9quipe professionnelle qui fournit des services aux clients d'outre-mer, notamment la fabrication, les ventes, le contr\u00f4le de la qualit\u00e9, le chargement des conteneurs, le d\u00e9douanement, la logistique et le service apr\u00e8s-vente.<\/p>\n<style>#jtg-3942 .modula-item .jtg-social a, .lightbox-socials.jtg-social a{ color: #ffffff }#jtg-3942 .modula-item .jtg-social svg, .lightbox-socials.jtg-social svg { height: 16px; width: 16px }#jtg-3942 .modula-item .jtg-social a:not(:last-child), .lightbox-socials.jtg-social a:not(:last-child) { margin-right: 10px }#jtg-3942 .modula-item .figc {color:#ffffff;}#jtg-3942 .modula-item .modula-item-content { transform: scale(1) }#jtg-3942 { width:100%;}#jtg-3942 .modula-items{height:800px;}@media screen and (max-width: 992px) {#jtg-3942 .modula-items{height:800px;}}@media screen and (max-width: 768px) {#jtg-3942 .modula-items{height:800px;}}#jtg-3942 .modula-items .figc p.description { font-size:14px; }#jtg-3942 .modula-items .figc p.description { color:#ffffff;}#jtg-3942.modula-gallery .modula-item > a, #jtg-3942.modula-gallery .modula-item, #jtg-3942.modula-gallery .modula-item-content > a:not(.modula-no-follow) { cursor:zoom-in; } #jtg-3942.modula-gallery .modula-item-content .modula-no-follow { cursor: default; } @media screen and (max-width:480px){#jtg-3942 .modula-item .figc .jtg-title {  font-size: 12px; }#jtg-3942 .modula-items .figc p.description { color:#ffffff;font-size:10px; }}<\/style>\n<!-- Gallery Container -->\n<div  id=\"jtg-3942\" class=\"modula modula-gallery modula-creative-gallery\" data-config=\"{&quot;height&quot;:800,&quot;tabletHeight&quot;:800,&quot;mobileHeight&quot;:800,&quot;desktopHeight&quot;:800,&quot;enableTwitter&quot;:false,&quot;enableWhatsapp&quot;:false,&quot;enableFacebook&quot;:false,&quot;enablePinterest&quot;:false,&quot;enableLinkedin&quot;:false,&quot;enableEmail&quot;:false,&quot;randomFactor&quot;:0.5,&quot;type&quot;:&quot;creative-gallery&quot;,&quot;columns&quot;:12,&quot;gutter&quot;:10,&quot;mobileGutter&quot;:10,&quot;tabletGutter&quot;:10,&quot;desktopGutter&quot;:10,&quot;enableResponsive&quot;:&quot;0&quot;,&quot;tabletColumns&quot;:&quot;2&quot;,&quot;mobileColumns&quot;:&quot;1&quot;,&quot;lazyLoad&quot;:&quot;1&quot;,&quot;lightboxOpts&quot;:{&quot;loop&quot;:false,&quot;arrows&quot;:true,&quot;toolbar&quot;:true,&quot;keyboard&quot;:true,&quot;wheel&quot;:false,&quot;buttons&quot;:[&quot;close&quot;],&quot;hash&quot;:false,&quot;lang&quot;:&quot;en&quot;,&quot;touch&quot;:false,&quot;protect&quot;:false,&quot;i18n&quot;:{&quot;en&quot;:{&quot;CLOSE&quot;:&quot;Close&quot;,&quot;NEXT&quot;:&quot;Next&quot;,&quot;PREV&quot;:&quot;Previous&quot;,&quot;Error&quot;:&quot;The requested content cannot be loaded. Please try again later.&quot;,&quot;PLAY_START&quot;:&quot;Start slideshow&quot;,&quot;PLAY_STOP&quot;:&quot;Pause slideshow&quot;,&quot;FULL_SCREEN&quot;:&quot;Full screen&quot;,&quot;THUMBS&quot;:&quot;Thumbnails&quot;,&quot;DOWNLOAD&quot;:&quot;Download&quot;,&quot;SHARE&quot;:&quot;Share&quot;,&quot;ZOOM&quot;:&quot;Zoom&quot;}},&quot;clickSlide&quot;:false,&quot;clickOutside&quot;:false,&quot;dblclickContent&quot;:false,&quot;dblclickSlide&quot;:false,&quot;dblclickOutside&quot;:false,&quot;clickContent&quot;:false,&quot;baseTpl&quot;:&quot;&lt;div class=\\&quot;modula-fancybox-container modula-lightbox-jtg-3942\\&quot; role=\\&quot;dialog\\&quot; tabindex=\\&quot;-1\\&quot;&gt;&lt;div class=\\&quot;modula-fancybox-bg\\&quot;&gt;&lt;\\\/div&gt;&lt;div class=\\&quot;modula-fancybox-inner\\&quot;&gt;&lt;div class=\\&quot;modula-fancybox-infobar\\&quot;&gt;&lt;span data-fancybox-index&gt;&lt;\\\/span&gt;&nbsp;\\\/&nbsp;&lt;span data-fancybox-count&gt;&lt;\\\/span&gt;&lt;\\\/div&gt;&lt;div class=\\&quot;modula-fancybox-toolbar\\&quot;&gt;{{buttons}}&lt;\\\/div&gt;&lt;div class=\\&quot;modula-fancybox-navigation\\&quot;&gt;{{arrows}}&lt;\\\/div&gt;&lt;div class=\\&quot;modula-fancybox-stage\\&quot;&gt;&lt;\\\/div&gt;&lt;div class=\\&quot;modula-fancybox-caption\\&quot;&gt;&lt;div class=\\&quot;modula-fancybox-caption__body\\&quot;&gt;&lt;\\\/div&gt;&lt;\\\/div&gt;&lt;\\\/div&gt;&lt;\\\/div&gt;&quot;},&quot;inView&quot;:false,&quot;email_subject&quot;:&quot;Check out this awesome image !!&quot;,&quot;email_message&quot;:&quot;Here is the link to the image : %%image_link%% and this is the link to the gallery : %%gallery_link%%&quot;,&quot;lightbox&quot;:&quot;fancybox&quot;}\">\n\n\t\n\t<!-- Items Container -->\n\t<div  class=\"modula-items\">\n\t\t<div class=\"modula-item effect-pufrobo\" >\n\t<div class=\"modula-item-overlay\"><\/div>\n\n\t<div class=\"modula-item-content\">\n\n\t\t\t\t\n\t\t\t\t\t<a data-image-id=\"3943\" data-elementor-open-lightbox=\"no\" rel=\"jtg-3942\" data-caption=\"\" aria-label=\"Ouvrir l&#039;image dans la bo\u00eete \u00e0 lumi\u00e8re\" class=\"tile-inner modula-item-link\"><\/a>\n\t\t\n\t\t<img fetchpriority=\"high\" class=\"pic wp-image-3943 lazyload\"  data-valign=\"middle\" data-halign=\"center\" alt=\"bakery proofer machine, dough proofer machine, bread proofer machine\" data-full=\"https:\/\/www.goldenchef.cn\/wp-content\/uploads\/2022\/11\/0.jpg\" title=\"\u00e9tuve, \u00e9tuve de boulangerie, \u00e9tuve \u00e0 p\u00e2te, \u00e9tuve \u00e0 pain\" width=\"300\" height=\"204\" data-src=\"https:\/\/www.goldenchef.cn\/wp-content\/uploads\/2022\/11\/0.jpg\" data-caption=\"\" data-source=\"modula\" data-srcset=\"https:\/\/www.goldenchef.cn\/wp-content\/uploads\/2022\/11\/0.jpg 750w, https:\/\/www.goldenchef.cn\/wp-content\/uploads\/2022\/11\/0-600x407.jpg 600w\" data-sizes=\"(max-width: 300px) 100vw, 300px\" \/>\n\t\t<div class=\"figc no-description\">\n\t\t\t<div class=\"figc-inner\">\n\t\t\t\t\t\t\t\t\t\t\t\t\t\t\t<\/div>\n\t\t<\/div>\n\n\t<\/div>\n\n<\/div><div class=\"modula-item effect-pufrobo\" >\n\t<div class=\"modula-item-overlay\"><\/div>\n\n\t<div class=\"modula-item-content\">\n\n\t\t\t\t\n\t\t\t\t\t<a data-image-id=\"3944\" data-elementor-open-lightbox=\"no\" rel=\"jtg-3942\" data-caption=\"\" aria-label=\"Ouvrir l&#039;image dans la bo\u00eete \u00e0 lumi\u00e8re\" class=\"tile-inner modula-item-link\"><\/a>\n\t\t\n\t\t<img class=\"pic wp-image-3944 lazyload\"  data-valign=\"middle\" data-halign=\"center\" alt=\"bakery proofer machine, dough proofer machine, bread proofer machine\" data-full=\"https:\/\/www.goldenchef.cn\/wp-content\/uploads\/2022\/11\/5-3.jpg\" title=\"\u00e9tuve, \u00e9tuve de boulangerie, \u00e9tuve \u00e0 p\u00e2te, \u00e9tuve \u00e0 pain\" width=\"300\" height=\"290\" data-src=\"https:\/\/www.goldenchef.cn\/wp-content\/uploads\/2022\/11\/5-3.jpg\" data-caption=\"\" data-source=\"modula\" data-srcset=\"https:\/\/www.goldenchef.cn\/wp-content\/uploads\/2022\/11\/5-3.jpg 750w, https:\/\/www.goldenchef.cn\/wp-content\/uploads\/2022\/11\/5-3-600x580.jpg 600w\" data-sizes=\"(max-width: 300px) 100vw, 300px\" \/>\n\t\t<div class=\"figc no-description\">\n\t\t\t<div class=\"figc-inner\">\n\t\t\t\t\t\t\t\t\t\t\t\t\t\t\t<\/div>\n\t\t<\/div>\n\n\t<\/div>\n\n<\/div><div class=\"modula-item effect-pufrobo\" >\n\t<div class=\"modula-item-overlay\"><\/div>\n\n\t<div class=\"modula-item-content\">\n\n\t\t\t\t\n\t\t\t\t\t<a data-image-id=\"3945\" data-elementor-open-lightbox=\"no\" rel=\"jtg-3942\" data-caption=\"\" aria-label=\"Ouvrir l&#039;image dans la bo\u00eete \u00e0 lumi\u00e8re\" class=\"tile-inner modula-item-link\"><\/a>\n\t\t\n\t\t<img class=\"pic wp-image-3945 lazyload\"  data-valign=\"middle\" data-halign=\"center\" alt=\"bakery proofer machine, dough proofer machine, bread proofer machine\" data-full=\"https:\/\/www.goldenchef.cn\/wp-content\/uploads\/2022\/11\/2332.jpg\" title=\"\u00e9tuve, \u00e9tuve de boulangerie, \u00e9tuve \u00e0 p\u00e2te, \u00e9tuve \u00e0 pain\" width=\"229\" height=\"300\" data-src=\"https:\/\/www.goldenchef.cn\/wp-content\/uploads\/2022\/11\/2332.jpg\" data-caption=\"\" data-source=\"modula\" data-srcset=\"https:\/\/www.goldenchef.cn\/wp-content\/uploads\/2022\/11\/2332.jpg 750w, https:\/\/www.goldenchef.cn\/wp-content\/uploads\/2022\/11\/2332-600x786.jpg 600w\" data-sizes=\"(max-width: 229px) 100vw, 229px\" \/>\n\t\t<div class=\"figc no-description\">\n\t\t\t<div class=\"figc-inner\">\n\t\t\t\t\t\t\t\t\t\t\t\t\t\t\t<\/div>\n\t\t<\/div>\n\n\t<\/div>\n\n<\/div><div class=\"modula-item effect-pufrobo\" >\n\t<div class=\"modula-item-overlay\"><\/div>\n\n\t<div class=\"modula-item-content\">\n\n\t\t\t\t\n\t\t\t\t\t<a data-image-id=\"3946\" data-elementor-open-lightbox=\"no\" rel=\"jtg-3942\" data-caption=\"\" aria-label=\"Ouvrir l&#039;image dans la bo\u00eete \u00e0 lumi\u00e8re\" class=\"tile-inner modula-item-link\"><\/a>\n\t\t\n\t\t<img loading=\"lazy\" class=\"pic wp-image-3946 lazyload\"  data-valign=\"middle\" data-halign=\"center\" alt=\"bakery proofer machine, dough proofer machine, bread proofer machine\" data-full=\"https:\/\/www.goldenchef.cn\/wp-content\/uploads\/2022\/11\/4-5.jpg\" title=\"4\" width=\"300\" height=\"290\" data-src=\"https:\/\/www.goldenchef.cn\/wp-content\/uploads\/2022\/11\/4-5.jpg\" data-caption=\"\" data-source=\"modula\" data-srcset=\"https:\/\/www.goldenchef.cn\/wp-content\/uploads\/2022\/11\/4-5.jpg 750w, https:\/\/www.goldenchef.cn\/wp-content\/uploads\/2022\/11\/4-5-600x580.jpg 600w\" data-sizes=\"(max-width: 300px) 100vw, 300px\" \/>\n\t\t<div class=\"figc no-description\">\n\t\t\t<div class=\"figc-inner\">\n\t\t\t\t\t\t\t\t\t\t\t\t\t\t\t<\/div>\n\t\t<\/div>\n\n\t<\/div>\n\n<\/div>\t\t\n\t<\/div>\n\n\t\n\t\n\t<script type=\"application\/ld+json\">\n\t{\n\t\t\"@context\": \"http:\/\/schema.org\",\n\t\t\"@type\"   : \"ImageGallery\",\n\t\t\"id\"      : \"https:\/\/www.goldenchef.cn\/fr\/wp-json\/wp\/v2\/product\/3937\",\n\t\t\"url\"     : \"https:\/\/www.goldenchef.cn\/fr\/wp-json\/wp\/v2\/product\/3937\"\n\t}\n\n    <\/script>\n\n\t\n<\/div>","protected":false},"excerpt":{"rendered":"<p>Bon partenaire pour le four \u00e0 \u00e9tages, acc\u00e9l\u00e8re le r\u00e9veil de la p\u00e2te. Diff\u00e9rentes tailles peuvent \u00eatre adapt\u00e9es aux demandes des diff\u00e9rentes boulangeries. La temp\u00e9rature et l'humidit\u00e9 peuvent \u00eatre r\u00e9gl\u00e9es, la p\u00e2te se r\u00e9veille plus parfaitement. Gr\u00e2ce au ventilateur, la temp\u00e9rature \u00e0 l'int\u00e9rieur de l'\u00e9tuve peut mieux circuler.<\/p>\n<ul>\n<li>Marque : Mondo Cucina<\/li>\n<\/ul>","protected":false},"featured_media":6021,"comment_status":"closed","ping_status":"closed","template":"","meta":[],"product_brand":[],"product_cat":[51,89],"product_tag":[110],"class_list":{"0":"post-3937","1":"product","2":"type-product","3":"status-publish","4":"has-post-thumbnail","6":"product_cat-bakery-equipment","7":"product_cat-bakery-proofer","8":"product_tag-bakery-proofer","10":"first","11":"instock","12":"shipping-taxable","13":"product-type-simple"},"yoast_head":"<!-- This site is optimized with the Yoast SEO Premium plugin v22.5 (Yoast SEO v22.8) - https:\/\/yoast.com\/wordpress\/plugins\/seo\/ -->\n<title>Bread Proofer Commercial Electric Bakery Proofer Machine Video<\/title>\n<meta name=\"description\" content=\"Bread Proofer best partner for deck oven: Good partner for deck oven, speed up to wake up the dough. Contact us to get best price.\" \/>\n<meta name=\"robots\" content=\"index, follow, max-snippet:-1, max-image-preview:large, max-video-preview:-1\" \/>\n<link rel=\"canonical\" href=\"https:\/\/www.goldenchef.cn\/fr\/producto\/bakery-equipment\/bakery-proofer\/f-15-16\/\" \/>\n<meta property=\"og:locale\" content=\"fr_FR\" \/>\n<meta property=\"og:type\" content=\"article\" \/>\n<meta property=\"og:title\" content=\"F-15\/16 CE Approved Commercial Electric Bread Bakery Proofer Machine\" \/>\n<meta property=\"og:description\" content=\"Bread Proofer best partner for deck oven: Good partner for deck oven, speed up to wake up the dough. Contact us to get best price.\" \/>\n<meta property=\"og:url\" content=\"https:\/\/www.goldenchef.cn\/fr\/producto\/bakery-equipment\/bakery-proofer\/f-15-16\/\" \/>\n<meta property=\"og:site_name\" content=\"golden chef machinery\" \/>\n<meta property=\"article:modified_time\" content=\"2024-11-01T09:06:02+00:00\" \/>\n<meta property=\"og:image\" content=\"https:\/\/www.goldenchef.cn\/wp-content\/uploads\/2022\/11\/239.jpg\" \/>\n\t<meta property=\"og:image:width\" content=\"800\" \/>\n\t<meta property=\"og:image:height\" content=\"800\" \/>\n\t<meta property=\"og:image:type\" content=\"image\/jpeg\" \/>\n<meta name=\"twitter:card\" content=\"summary_large_image\" \/>\n<meta name=\"twitter:label1\" content=\"Prix\" \/>\n\t<meta name=\"twitter:data1\" content=\"\" \/>\n\t<meta name=\"twitter:label2\" content=\"Disponibilit\u00e9\" \/>\n\t<meta name=\"twitter:data2\" content=\"En stock\" \/>\n<script type=\"application\/ld+json\" class=\"yoast-schema-graph\">{\"@context\":\"https:\/\/schema.org\",\"@graph\":[{\"@type\":\"WebPage\",\"@id\":\"https:\/\/www.goldenchef.cn\/es\/producto\/bakery-equipment\/bakery-proofer\/f-15-16\/\",\"url\":\"https:\/\/www.goldenchef.cn\/es\/producto\/bakery-equipment\/bakery-proofer\/f-15-16\/\",\"name\":\"Bread Proofer Commercial Electric Bakery Proofer Machine Video\",\"isPartOf\":{\"@id\":\"https:\/\/www.goldenchef.cn\/#website\"},\"primaryImageOfPage\":{\"@id\":\"https:\/\/www.goldenchef.cn\/es\/producto\/bakery-equipment\/bakery-proofer\/f-15-16\/#primaryimage\"},\"image\":{\"@id\":\"https:\/\/www.goldenchef.cn\/es\/producto\/bakery-equipment\/bakery-proofer\/f-15-16\/#primaryimage\"},\"thumbnailUrl\":\"https:\/\/www.goldenchef.cn\/wp-content\/uploads\/2022\/11\/239.jpg\",\"datePublished\":\"2022-11-09T03:13:06+00:00\",\"dateModified\":\"2024-11-01T09:06:02+00:00\",\"description\":\"Bread Proofer best partner for deck oven: Good partner for deck oven, speed up to wake up the dough. Contact us to get best price.\",\"breadcrumb\":{\"@id\":\"https:\/\/www.goldenchef.cn\/es\/producto\/bakery-equipment\/bakery-proofer\/f-15-16\/#breadcrumb\"},\"inLanguage\":\"fr-FR\",\"potentialAction\":[{\"@type\":\"ReadAction\",\"target\":[\"https:\/\/www.goldenchef.cn\/es\/producto\/bakery-equipment\/bakery-proofer\/f-15-16\/\"]}]},{\"@type\":\"ImageObject\",\"inLanguage\":\"fr-FR\",\"@id\":\"https:\/\/www.goldenchef.cn\/es\/producto\/bakery-equipment\/bakery-proofer\/f-15-16\/#primaryimage\",\"url\":\"https:\/\/www.goldenchef.cn\/wp-content\/uploads\/2022\/11\/239.jpg\",\"contentUrl\":\"https:\/\/www.goldenchef.cn\/wp-content\/uploads\/2022\/11\/239.jpg\",\"width\":800,\"height\":800,\"caption\":\"proofer machine, bakery proofer, bakery proofer machine\"},{\"@type\":\"BreadcrumbList\",\"@id\":\"https:\/\/www.goldenchef.cn\/es\/producto\/bakery-equipment\/bakery-proofer\/f-15-16\/#breadcrumb\",\"itemListElement\":[{\"@type\":\"ListItem\",\"position\":1,\"name\":\"homepage\",\"item\":\"https:\/\/www.goldenchef.cn\/\"},{\"@type\":\"ListItem\",\"position\":2,\"name\":\"All Product\",\"item\":\"https:\/\/www.goldenchef.cn\/shop\/\"},{\"@type\":\"ListItem\",\"position\":3,\"name\":\"F-15\/16 CE Approved Commercial Electric Bread Bakery Proofer Machine\"}]},{\"@type\":\"WebSite\",\"@id\":\"https:\/\/www.goldenchef.cn\/#website\",\"url\":\"https:\/\/www.goldenchef.cn\/\",\"name\":\"golden chef machinery\",\"description\":\"If kitchen have dream, we are dream maker\",\"publisher\":{\"@id\":\"https:\/\/www.goldenchef.cn\/#organization\"},\"potentialAction\":[{\"@type\":\"SearchAction\",\"target\":{\"@type\":\"EntryPoint\",\"urlTemplate\":\"https:\/\/www.goldenchef.cn\/?s={search_term_string}\"},\"query-input\":\"required name=search_term_string\"}],\"inLanguage\":\"fr-FR\"},{\"@type\":[\"Organization\",\"Place\"],\"@id\":\"https:\/\/www.goldenchef.cn\/#organization\",\"name\":\"golden chef machinery\",\"url\":\"https:\/\/www.goldenchef.cn\/\",\"logo\":{\"@id\":\"https:\/\/www.goldenchef.cn\/es\/producto\/bakery-equipment\/bakery-proofer\/f-15-16\/#local-main-organization-logo\"},\"image\":{\"@id\":\"https:\/\/www.goldenchef.cn\/es\/producto\/bakery-equipment\/bakery-proofer\/f-15-16\/#local-main-organization-logo\"},\"openingHoursSpecification\":[{\"@type\":\"OpeningHoursSpecification\",\"dayOfWeek\":[\"Monday\",\"Tuesday\",\"Wednesday\",\"Thursday\",\"Friday\",\"Saturday\",\"Sunday\"],\"opens\":\"09:00\",\"closes\":\"17:00\"}]},{\"@type\":\"ImageObject\",\"inLanguage\":\"fr-FR\",\"@id\":\"https:\/\/www.goldenchef.cn\/es\/producto\/bakery-equipment\/bakery-proofer\/f-15-16\/#local-main-organization-logo\",\"url\":\"https:\/\/www.goldenchef.cn\/wp-content\/uploads\/2023\/08\/cropped-200k.png\",\"contentUrl\":\"https:\/\/www.goldenchef.cn\/wp-content\/uploads\/2023\/08\/cropped-200k.png\",\"width\":512,\"height\":512,\"caption\":\"golden chef machinery\"}]}<\/script>\n<meta property=\"og:video\" content=\"https:\/\/www.youtube.com\/embed\/tRK5DXS7FtM\" \/>\n<meta property=\"og:video:type\" content=\"text\/html\" \/>\n<meta property=\"og:video:duration\" content=\"107\" \/>\n<meta property=\"og:video:width\" content=\"480\" \/>\n<meta property=\"og:video:height\" content=\"270\" \/>\n<meta property=\"ya:ovs:adult\" content=\"false\" \/>\n<meta property=\"ya:ovs:upload_date\" content=\"2022-11-09T03:13:06+00:00\" \/>\n<meta property=\"ya:ovs:allow_embed\" content=\"true\" \/>\n<meta property=\"product:price:amount\" content=\"0.00\" \/>\n<meta property=\"product:price:currency\" content=\"USD\" \/>\n<meta property=\"og:availability\" content=\"instock\" \/>\n<meta property=\"product:availability\" content=\"instock\" \/>\n<meta property=\"product:condition\" content=\"new\" \/>\n<!-- \/ Yoast SEO Premium plugin. -->","yoast_head_json":{"title":"Bread Proofer Commercial Electric Bakery Proofer Machine Video","description":"Bread Proofer best partner for deck oven: Good partner for deck oven, speed up to wake up the dough. Contact us to get best price.","robots":{"index":"index","follow":"follow","max-snippet":"max-snippet:-1","max-image-preview":"max-image-preview:large","max-video-preview":"max-video-preview:-1"},"canonical":"https:\/\/www.goldenchef.cn\/fr\/producto\/bakery-equipment\/bakery-proofer\/f-15-16\/","og_locale":"fr_FR","og_type":"article","og_title":"F-15\/16 CE Approved Commercial Electric Bread Bakery Proofer Machine","og_description":"Bread Proofer best partner for deck oven: Good partner for deck oven, speed up to wake up the dough. Contact us to get best price.","og_url":"https:\/\/www.goldenchef.cn\/fr\/producto\/bakery-equipment\/bakery-proofer\/f-15-16\/","og_site_name":"golden chef machinery","article_modified_time":"2024-11-01T09:06:02+00:00","og_image":[{"width":800,"height":800,"url":"https:\/\/www.goldenchef.cn\/wp-content\/uploads\/2022\/11\/239.jpg","type":"image\/jpeg"}],"twitter_card":"summary_large_image","twitter_misc":{"Prix":"","Disponibilit\u00e9":"En stock"},"schema":{"@context":"https:\/\/schema.org","@graph":[{"@type":"WebPage","@id":"https:\/\/www.goldenchef.cn\/es\/producto\/bakery-equipment\/bakery-proofer\/f-15-16\/","url":"https:\/\/www.goldenchef.cn\/es\/producto\/bakery-equipment\/bakery-proofer\/f-15-16\/","name":"Bread Proofer Commercial Electric Bakery Proofer Machine Video","isPartOf":{"@id":"https:\/\/www.goldenchef.cn\/#website"},"primaryImageOfPage":{"@id":"https:\/\/www.goldenchef.cn\/es\/producto\/bakery-equipment\/bakery-proofer\/f-15-16\/#primaryimage"},"image":{"@id":"https:\/\/www.goldenchef.cn\/es\/producto\/bakery-equipment\/bakery-proofer\/f-15-16\/#primaryimage"},"thumbnailUrl":"https:\/\/www.goldenchef.cn\/wp-content\/uploads\/2022\/11\/239.jpg","datePublished":"2022-11-09T03:13:06+00:00","dateModified":"2024-11-01T09:06:02+00:00","description":"Bread Proofer best partner for deck oven: Good partner for deck oven, speed up to wake up the dough. Contact us to get best price.","breadcrumb":{"@id":"https:\/\/www.goldenchef.cn\/es\/producto\/bakery-equipment\/bakery-proofer\/f-15-16\/#breadcrumb"},"inLanguage":"fr-FR","potentialAction":[{"@type":"ReadAction","target":["https:\/\/www.goldenchef.cn\/es\/producto\/bakery-equipment\/bakery-proofer\/f-15-16\/"]}]},{"@type":"ImageObject","inLanguage":"fr-FR","@id":"https:\/\/www.goldenchef.cn\/es\/producto\/bakery-equipment\/bakery-proofer\/f-15-16\/#primaryimage","url":"https:\/\/www.goldenchef.cn\/wp-content\/uploads\/2022\/11\/239.jpg","contentUrl":"https:\/\/www.goldenchef.cn\/wp-content\/uploads\/2022\/11\/239.jpg","width":800,"height":800,"caption":"proofer machine, bakery proofer, bakery proofer machine"},{"@type":"BreadcrumbList","@id":"https:\/\/www.goldenchef.cn\/es\/producto\/bakery-equipment\/bakery-proofer\/f-15-16\/#breadcrumb","itemListElement":[{"@type":"ListItem","position":1,"name":"homepage","item":"https:\/\/www.goldenchef.cn\/"},{"@type":"ListItem","position":2,"name":"All Product","item":"https:\/\/www.goldenchef.cn\/shop\/"},{"@type":"ListItem","position":3,"name":"F-15\/16 CE Approved Commercial Electric Bread Bakery Proofer Machine"}]},{"@type":"WebSite","@id":"https:\/\/www.goldenchef.cn\/#website","url":"https:\/\/www.goldenchef.cn\/","name":"golden chef machinery","description":"If kitchen have dream, we are dream maker","publisher":{"@id":"https:\/\/www.goldenchef.cn\/#organization"},"potentialAction":[{"@type":"SearchAction","target":{"@type":"EntryPoint","urlTemplate":"https:\/\/www.goldenchef.cn\/?s={search_term_string}"},"query-input":"required name=search_term_string"}],"inLanguage":"fr-FR"},{"@type":["Organization","Place"],"@id":"https:\/\/www.goldenchef.cn\/#organization","name":"golden chef machinery","url":"https:\/\/www.goldenchef.cn\/","logo":{"@id":"https:\/\/www.goldenchef.cn\/es\/producto\/bakery-equipment\/bakery-proofer\/f-15-16\/#local-main-organization-logo"},"image":{"@id":"https:\/\/www.goldenchef.cn\/es\/producto\/bakery-equipment\/bakery-proofer\/f-15-16\/#local-main-organization-logo"},"openingHoursSpecification":[{"@type":"OpeningHoursSpecification","dayOfWeek":["Monday","Tuesday","Wednesday","Thursday","Friday","Saturday","Sunday"],"opens":"09:00","closes":"17:00"}]},{"@type":"ImageObject","inLanguage":"fr-FR","@id":"https:\/\/www.goldenchef.cn\/es\/producto\/bakery-equipment\/bakery-proofer\/f-15-16\/#local-main-organization-logo","url":"https:\/\/www.goldenchef.cn\/wp-content\/uploads\/2023\/08\/cropped-200k.png","contentUrl":"https:\/\/www.goldenchef.cn\/wp-content\/uploads\/2023\/08\/cropped-200k.png","width":512,"height":512,"caption":"golden chef machinery"}]},"og_video":"https:\/\/www.youtube.com\/embed\/tRK5DXS7FtM","og_video_type":"text\/html","og_video_duration":"107","og_video_width":"480","og_video_height":"270","ya_ovs_adult":"false","ya_ovs_upload_date":"2022-11-09T03:13:06+00:00","ya_ovs_allow_embed":"true","product_price_amount":"0.00","product_price_currency":"USD","og_availability":"instock","product_availability":"instock","product_condition":"new"},"_links":{"self":[{"href":"https:\/\/www.goldenchef.cn\/fr\/wp-json\/wp\/v2\/product\/3937"}],"collection":[{"href":"https:\/\/www.goldenchef.cn\/fr\/wp-json\/wp\/v2\/product"}],"about":[{"href":"https:\/\/www.goldenchef.cn\/fr\/wp-json\/wp\/v2\/types\/product"}],"replies":[{"embeddable":true,"href":"https:\/\/www.goldenchef.cn\/fr\/wp-json\/wp\/v2\/comments?post=3937"}],"wp:featuredmedia":[{"embeddable":true,"href":"https:\/\/www.goldenchef.cn\/fr\/wp-json\/wp\/v2\/media\/6021"}],"wp:attachment":[{"href":"https:\/\/www.goldenchef.cn\/fr\/wp-json\/wp\/v2\/media?parent=3937"}],"wp:term":[{"taxonomy":"product_brand","embeddable":true,"href":"https:\/\/www.goldenchef.cn\/fr\/wp-json\/wp\/v2\/product_brand?post=3937"},{"taxonomy":"product_cat","embeddable":true,"href":"https:\/\/www.goldenchef.cn\/fr\/wp-json\/wp\/v2\/product_cat?post=3937"},{"taxonomy":"product_tag","embeddable":true,"href":"https:\/\/www.goldenchef.cn\/fr\/wp-json\/wp\/v2\/product_tag?post=3937"}],"curies":[{"name":"wp","href":"https:\/\/api.w.org\/{rel}","templated":true}]}}