{"id":3950,"date":"2022-11-09T11:45:52","date_gmt":"2022-11-09T03:45:52","guid":{"rendered":"http:\/\/www.goldenchef.cn\/?post_type=product&#038;p=3950"},"modified":"2024-11-01T16:31:54","modified_gmt":"2024-11-01T08:31:54","slug":"chicken-plucker","status":"publish","type":"product","link":"https:\/\/www.goldenchef.cn\/fr\/produit\/meat-processing-machinery\/plucker\/chicken-plucker\/","title":{"rendered":"plumeuse de poulet \/plumeuse\/plumeuse\/ machine \u00e0 plumer\/pigeon\/oiseau\/Batidora"},"content":{"rendered":"<p><strong>Machine \u00e0 plumer le poulet <a href=\"https:\/\/www.goldenchef.cn\/fr\/service\/meat-vegetable-machinery\/\">Autres machines de traitement de la viande<\/a><\/strong><\/p>\n<p>Contactez nous pour obtenir le prix d'usine.<\/p>\n<p class=\"pro_des_top\"><span class=\"attr-name J-attr-name\" title=\"Tension\">Tension : <\/span>220V<\/p>\n<p><span class=\"attr-name J-attr-name\" title=\"Mat\u00e9riau\">Mat\u00e9riau : <\/span>Acier inoxydable<\/p>\n<p><span class=\"attr-name J-attr-name\" title=\"Poids\">Poids : <\/span>57 KG<\/p>\n<p><span class=\"attr-name J-attr-name\" title=\"Dimension (L*W*H)\">Dimension (L*W*H) : <\/span>690*690*1065mm<\/p>\n<ul>\n<li><strong>La machine \u00e0 plumer les poulets adopte l'acier inoxydable, un design unique, une technologie avanc\u00e9e, un fonctionnement doux et simple.<\/strong><\/li>\n<li><strong>La machine pour le pr\u00e9l\u00e8vement des plumes offre un faible niveau de bruit, un r\u00e9glage flexible et pratique.<\/strong><\/li>\n<li><strong>La machine est tr\u00e8s pratique pour ajuster l'angle lorsque vous en avez besoin.<\/strong><\/li>\n<li><strong>Facile \u00e0 nettoyer : Hygi\u00e8ne maximale, fruit d'une s\u00e9lection rigoureuse des mat\u00e9riaux entrant en contact avec les denr\u00e9es alimentaires et de l'\u00e9limination des ar\u00eates vives de la partie en contact avec le produit, de mani\u00e8re \u00e0 garantir un nettoyage facile et complet.<\/strong><\/li>\n<li><strong>Structure en acier inoxydable : La coque de l'\u00e9plucheuse de pommes de terre est enti\u00e8rement r\u00e9alis\u00e9e en acier inoxydable, tous les composants sont robustes et stables.<\/strong><\/li>\n<li><strong>Porte avec serrure : Porte de d\u00e9charge avec serrure facile \u00e0 ouvrir et \u00e0 fermer.<\/strong><\/li>\n<li><strong>Large application : Large gamme d'application et il est particuli\u00e8rement adapt\u00e9 \u00e0 l'utilisation dans divers h\u00f4tels \u00e9toil\u00e9s, guesthouse, restaurant et snackbars.<\/strong><\/li>\n<li><strong>Parois internes : Les parois internes du conteneur sont en r\u00e9sine abrasive pour permettre un levier d'abrasion plus \u00e9lev\u00e9 avec le produit \u00e0 travailler.<\/strong><\/li>\n<\/ul>","protected":false},"excerpt":{"rendered":"<ul>\n<li>Marque : Mondo Cucina<\/li>\n<li>Couverture s\u00fbre<\/li>\n<li>Interrupteur \u00e0 double s\u00e9curit\u00e9<\/li>\n<li>Bouton d'urgence<\/li>\n<li>Structure en alliage d'aluminium<\/li>\n<li>Norme d'hygi\u00e8ne alimentaire<\/li>\n<li>Utilisation facile<\/li>\n<li>Hautement efficace<\/li>\n<\/ul>","protected":false},"featured_media":6018,"comment_status":"closed","ping_status":"closed","template":"","meta":[],"product_brand":[],"product_cat":[52,91],"product_tag":[],"class_list":{"0":"post-3950","1":"product","2":"type-product","3":"status-publish","4":"has-post-thumbnail","6":"product_cat-meat-processing-machinery","7":"product_cat-plucker","9":"first","10":"instock","11":"shipping-taxable","12":"product-type-simple"},"yoast_head":"<!-- This site is optimized with the Yoast SEO Premium plugin v22.5 (Yoast SEO v22.8) - https:\/\/yoast.com\/wordpress\/plugins\/seo\/ -->\n<title>Electric Chicken Plucker Machine | Duck Plucker Stainless Steel<\/title>\n<meta name=\"description\" content=\"chicken plucker machine adopt the stainless steel, unique design, advanced technology, smooth operation, simple operation.\" \/>\n<meta name=\"robots\" content=\"index, follow, max-snippet:-1, max-image-preview:large, max-video-preview:-1\" \/>\n<link rel=\"canonical\" href=\"https:\/\/www.goldenchef.cn\/fr\/produit\/meat-processing-machinery\/plucker\/chicken-plucker\/\" \/>\n<meta property=\"og:locale\" content=\"fr_FR\" \/>\n<meta property=\"og:type\" content=\"article\" \/>\n<meta property=\"og:title\" content=\"chicken plucker \/plucker\/feather\/plucking machine\/pigeon\/bird\/Batidora\" \/>\n<meta property=\"og:description\" content=\"chicken plucker machine adopt the stainless steel, unique design, advanced technology, smooth operation, simple operation.\" \/>\n<meta property=\"og:url\" content=\"https:\/\/www.goldenchef.cn\/fr\/produit\/meat-processing-machinery\/plucker\/chicken-plucker\/\" \/>\n<meta property=\"og:site_name\" content=\"golden chef machinery\" \/>\n<meta property=\"article:modified_time\" content=\"2024-11-01T08:31:54+00:00\" \/>\n<meta property=\"og:image\" content=\"http:\/\/www.goldenchef.cn\/wp-content\/uploads\/2022\/11\/13-2.jpg\" \/>\n\t<meta property=\"og:image:width\" content=\"800\" \/>\n\t<meta property=\"og:image:height\" content=\"800\" \/>\n\t<meta property=\"og:image:type\" content=\"image\/jpeg\" \/>\n<meta name=\"twitter:card\" content=\"summary_large_image\" \/>\n<meta name=\"twitter:label1\" content=\"Prix\" \/>\n\t<meta name=\"twitter:data1\" content=\"\" \/>\n\t<meta name=\"twitter:label2\" content=\"Disponibilit\u00e9\" \/>\n\t<meta name=\"twitter:data2\" content=\"En stock\" \/>\n<script type=\"application\/ld+json\" class=\"yoast-schema-graph\">{\"@context\":\"https:\/\/schema.org\",\"@graph\":[{\"@type\":\"WebPage\",\"@id\":\"https:\/\/www.goldenchef.cn\/product\/meat-processing-machinery\/plucker\/chicken-plucker\/\",\"url\":\"https:\/\/www.goldenchef.cn\/product\/meat-processing-machinery\/plucker\/chicken-plucker\/\",\"name\":\"Electric Chicken Plucker Machine | Duck Plucker Stainless Steel\",\"isPartOf\":{\"@id\":\"https:\/\/www.goldenchef.cn\/#website\"},\"primaryImageOfPage\":{\"@id\":\"https:\/\/www.goldenchef.cn\/product\/meat-processing-machinery\/plucker\/chicken-plucker\/#primaryimage\"},\"image\":{\"@id\":\"https:\/\/www.goldenchef.cn\/product\/meat-processing-machinery\/plucker\/chicken-plucker\/#primaryimage\"},\"thumbnailUrl\":\"https:\/\/www.goldenchef.cn\/wp-content\/uploads\/2022\/11\/13-2.jpg\",\"datePublished\":\"2022-11-09T03:45:52+00:00\",\"dateModified\":\"2024-11-01T08:31:54+00:00\",\"description\":\"chicken plucker machine adopt the stainless steel, unique design, advanced technology, smooth operation, simple operation.\",\"breadcrumb\":{\"@id\":\"https:\/\/www.goldenchef.cn\/product\/meat-processing-machinery\/plucker\/chicken-plucker\/#breadcrumb\"},\"inLanguage\":\"fr-FR\",\"potentialAction\":[{\"@type\":\"ReadAction\",\"target\":[\"https:\/\/www.goldenchef.cn\/product\/meat-processing-machinery\/plucker\/chicken-plucker\/\"]}]},{\"@type\":\"ImageObject\",\"inLanguage\":\"fr-FR\",\"@id\":\"https:\/\/www.goldenchef.cn\/product\/meat-processing-machinery\/plucker\/chicken-plucker\/#primaryimage\",\"url\":\"https:\/\/www.goldenchef.cn\/wp-content\/uploads\/2022\/11\/13-2.jpg\",\"contentUrl\":\"https:\/\/www.goldenchef.cn\/wp-content\/uploads\/2022\/11\/13-2.jpg\",\"width\":800,\"height\":800,\"caption\":\"chicken plucker, plucker, electric chicken plucker,\"},{\"@type\":\"BreadcrumbList\",\"@id\":\"https:\/\/www.goldenchef.cn\/product\/meat-processing-machinery\/plucker\/chicken-plucker\/#breadcrumb\",\"itemListElement\":[{\"@type\":\"ListItem\",\"position\":1,\"name\":\"homepage\",\"item\":\"https:\/\/www.goldenchef.cn\/\"},{\"@type\":\"ListItem\",\"position\":2,\"name\":\"All Product\",\"item\":\"https:\/\/www.goldenchef.cn\/shop\/\"},{\"@type\":\"ListItem\",\"position\":3,\"name\":\"chicken plucker \/plucker\/feather\/plucking machine\/pigeon\/bird\/Batidora\"}]},{\"@type\":\"WebSite\",\"@id\":\"https:\/\/www.goldenchef.cn\/#website\",\"url\":\"https:\/\/www.goldenchef.cn\/\",\"name\":\"golden chef machinery\",\"description\":\"If kitchen have dream, we are dream maker\",\"publisher\":{\"@id\":\"https:\/\/www.goldenchef.cn\/#organization\"},\"potentialAction\":[{\"@type\":\"SearchAction\",\"target\":{\"@type\":\"EntryPoint\",\"urlTemplate\":\"https:\/\/www.goldenchef.cn\/?s={search_term_string}\"},\"query-input\":\"required name=search_term_string\"}],\"inLanguage\":\"fr-FR\"},{\"@type\":[\"Organization\",\"Place\"],\"@id\":\"https:\/\/www.goldenchef.cn\/#organization\",\"name\":\"golden chef machinery\",\"url\":\"https:\/\/www.goldenchef.cn\/\",\"logo\":{\"@id\":\"https:\/\/www.goldenchef.cn\/product\/meat-processing-machinery\/plucker\/chicken-plucker\/#local-main-organization-logo\"},\"image\":{\"@id\":\"https:\/\/www.goldenchef.cn\/product\/meat-processing-machinery\/plucker\/chicken-plucker\/#local-main-organization-logo\"},\"openingHoursSpecification\":[{\"@type\":\"OpeningHoursSpecification\",\"dayOfWeek\":[\"Monday\",\"Tuesday\",\"Wednesday\",\"Thursday\",\"Friday\",\"Saturday\",\"Sunday\"],\"opens\":\"09:00\",\"closes\":\"17:00\"}]},{\"@type\":\"ImageObject\",\"inLanguage\":\"fr-FR\",\"@id\":\"https:\/\/www.goldenchef.cn\/product\/meat-processing-machinery\/plucker\/chicken-plucker\/#local-main-organization-logo\",\"url\":\"https:\/\/www.goldenchef.cn\/wp-content\/uploads\/2023\/08\/cropped-200k.png\",\"contentUrl\":\"https:\/\/www.goldenchef.cn\/wp-content\/uploads\/2023\/08\/cropped-200k.png\",\"width\":512,\"height\":512,\"caption\":\"golden chef machinery\"}]}<\/script>\n<meta property=\"product:price:amount\" content=\"0.00\" \/>\n<meta property=\"product:price:currency\" content=\"USD\" \/>\n<meta property=\"og:availability\" content=\"instock\" \/>\n<meta property=\"product:availability\" content=\"instock\" \/>\n<meta property=\"product:condition\" content=\"new\" \/>\n<!-- \/ Yoast SEO Premium plugin. -->","yoast_head_json":{"title":"Electric Chicken Plucker Machine | Duck Plucker Stainless Steel","description":"chicken plucker machine adopt the stainless steel, unique design, advanced technology, smooth operation, simple operation.","robots":{"index":"index","follow":"follow","max-snippet":"max-snippet:-1","max-image-preview":"max-image-preview:large","max-video-preview":"max-video-preview:-1"},"canonical":"https:\/\/www.goldenchef.cn\/fr\/produit\/meat-processing-machinery\/plucker\/chicken-plucker\/","og_locale":"fr_FR","og_type":"article","og_title":"chicken plucker \/plucker\/feather\/plucking machine\/pigeon\/bird\/Batidora","og_description":"chicken plucker machine adopt the stainless steel, unique design, advanced technology, smooth operation, simple operation.","og_url":"https:\/\/www.goldenchef.cn\/fr\/produit\/meat-processing-machinery\/plucker\/chicken-plucker\/","og_site_name":"golden chef machinery","article_modified_time":"2024-11-01T08:31:54+00:00","og_image":[{"width":800,"height":800,"url":"http:\/\/www.goldenchef.cn\/wp-content\/uploads\/2022\/11\/13-2.jpg","type":"image\/jpeg"}],"twitter_card":"summary_large_image","twitter_misc":{"Prix":"","Disponibilit\u00e9":"En stock"},"schema":{"@context":"https:\/\/schema.org","@graph":[{"@type":"WebPage","@id":"https:\/\/www.goldenchef.cn\/product\/meat-processing-machinery\/plucker\/chicken-plucker\/","url":"https:\/\/www.goldenchef.cn\/product\/meat-processing-machinery\/plucker\/chicken-plucker\/","name":"Electric Chicken Plucker Machine | Duck Plucker Stainless Steel","isPartOf":{"@id":"https:\/\/www.goldenchef.cn\/#website"},"primaryImageOfPage":{"@id":"https:\/\/www.goldenchef.cn\/product\/meat-processing-machinery\/plucker\/chicken-plucker\/#primaryimage"},"image":{"@id":"https:\/\/www.goldenchef.cn\/product\/meat-processing-machinery\/plucker\/chicken-plucker\/#primaryimage"},"thumbnailUrl":"https:\/\/www.goldenchef.cn\/wp-content\/uploads\/2022\/11\/13-2.jpg","datePublished":"2022-11-09T03:45:52+00:00","dateModified":"2024-11-01T08:31:54+00:00","description":"chicken plucker machine adopt the stainless steel, unique design, advanced technology, smooth operation, simple operation.","breadcrumb":{"@id":"https:\/\/www.goldenchef.cn\/product\/meat-processing-machinery\/plucker\/chicken-plucker\/#breadcrumb"},"inLanguage":"fr-FR","potentialAction":[{"@type":"ReadAction","target":["https:\/\/www.goldenchef.cn\/product\/meat-processing-machinery\/plucker\/chicken-plucker\/"]}]},{"@type":"ImageObject","inLanguage":"fr-FR","@id":"https:\/\/www.goldenchef.cn\/product\/meat-processing-machinery\/plucker\/chicken-plucker\/#primaryimage","url":"https:\/\/www.goldenchef.cn\/wp-content\/uploads\/2022\/11\/13-2.jpg","contentUrl":"https:\/\/www.goldenchef.cn\/wp-content\/uploads\/2022\/11\/13-2.jpg","width":800,"height":800,"caption":"chicken plucker, plucker, electric chicken plucker,"},{"@type":"BreadcrumbList","@id":"https:\/\/www.goldenchef.cn\/product\/meat-processing-machinery\/plucker\/chicken-plucker\/#breadcrumb","itemListElement":[{"@type":"ListItem","position":1,"name":"homepage","item":"https:\/\/www.goldenchef.cn\/"},{"@type":"ListItem","position":2,"name":"All Product","item":"https:\/\/www.goldenchef.cn\/shop\/"},{"@type":"ListItem","position":3,"name":"chicken plucker \/plucker\/feather\/plucking machine\/pigeon\/bird\/Batidora"}]},{"@type":"WebSite","@id":"https:\/\/www.goldenchef.cn\/#website","url":"https:\/\/www.goldenchef.cn\/","name":"golden chef machinery","description":"If kitchen have dream, we are dream maker","publisher":{"@id":"https:\/\/www.goldenchef.cn\/#organization"},"potentialAction":[{"@type":"SearchAction","target":{"@type":"EntryPoint","urlTemplate":"https:\/\/www.goldenchef.cn\/?s={search_term_string}"},"query-input":"required name=search_term_string"}],"inLanguage":"fr-FR"},{"@type":["Organization","Place"],"@id":"https:\/\/www.goldenchef.cn\/#organization","name":"golden chef machinery","url":"https:\/\/www.goldenchef.cn\/","logo":{"@id":"https:\/\/www.goldenchef.cn\/product\/meat-processing-machinery\/plucker\/chicken-plucker\/#local-main-organization-logo"},"image":{"@id":"https:\/\/www.goldenchef.cn\/product\/meat-processing-machinery\/plucker\/chicken-plucker\/#local-main-organization-logo"},"openingHoursSpecification":[{"@type":"OpeningHoursSpecification","dayOfWeek":["Monday","Tuesday","Wednesday","Thursday","Friday","Saturday","Sunday"],"opens":"09:00","closes":"17:00"}]},{"@type":"ImageObject","inLanguage":"fr-FR","@id":"https:\/\/www.goldenchef.cn\/product\/meat-processing-machinery\/plucker\/chicken-plucker\/#local-main-organization-logo","url":"https:\/\/www.goldenchef.cn\/wp-content\/uploads\/2023\/08\/cropped-200k.png","contentUrl":"https:\/\/www.goldenchef.cn\/wp-content\/uploads\/2023\/08\/cropped-200k.png","width":512,"height":512,"caption":"golden chef machinery"}]},"product_price_amount":"0.00","product_price_currency":"USD","og_availability":"instock","product_availability":"instock","product_condition":"new"},"_links":{"self":[{"href":"https:\/\/www.goldenchef.cn\/fr\/wp-json\/wp\/v2\/product\/3950"}],"collection":[{"href":"https:\/\/www.goldenchef.cn\/fr\/wp-json\/wp\/v2\/product"}],"about":[{"href":"https:\/\/www.goldenchef.cn\/fr\/wp-json\/wp\/v2\/types\/product"}],"replies":[{"embeddable":true,"href":"https:\/\/www.goldenchef.cn\/fr\/wp-json\/wp\/v2\/comments?post=3950"}],"wp:featuredmedia":[{"embeddable":true,"href":"https:\/\/www.goldenchef.cn\/fr\/wp-json\/wp\/v2\/media\/6018"}],"wp:attachment":[{"href":"https:\/\/www.goldenchef.cn\/fr\/wp-json\/wp\/v2\/media?parent=3950"}],"wp:term":[{"taxonomy":"product_brand","embeddable":true,"href":"https:\/\/www.goldenchef.cn\/fr\/wp-json\/wp\/v2\/product_brand?post=3950"},{"taxonomy":"product_cat","embeddable":true,"href":"https:\/\/www.goldenchef.cn\/fr\/wp-json\/wp\/v2\/product_cat?post=3950"},{"taxonomy":"product_tag","embeddable":true,"href":"https:\/\/www.goldenchef.cn\/fr\/wp-json\/wp\/v2\/product_tag?post=3950"}],"curies":[{"name":"wp","href":"https:\/\/api.w.org\/{rel}","templated":true}]}}