{"id":3978,"date":"2022-11-09T15:00:31","date_gmt":"2022-11-09T07:00:31","guid":{"rendered":"http:\/\/www.goldenchef.cn\/?post_type=product&#038;p=3978"},"modified":"2024-11-08T11:00:34","modified_gmt":"2024-11-08T03:00:34","slug":"meat-slicer","status":"publish","type":"product","link":"https:\/\/www.goldenchef.cn\/fr\/produit\/meat-processing-machinery\/meat-slicer\/meat-slicer\/","title":{"rendered":"TRANCHEUR DE VIANDE"},"content":{"rendered":"<p><strong>Machine \u00e0 trancher la viande <a href=\"https:\/\/www.goldenchef.cn\/fr\/service\/meat-vegetable-machinery\/\">Machine \u00e0 hacher la viande<\/a> | <a href=\"https:\/\/www.youtube.com\/watch?v=Z2HtizlmNGs\">Vid\u00e9o sur le hachoir \u00e0 viande<\/a><\/strong><\/p>\n<p>Contactez-nous pour obtenir le meilleur prix.<\/p>\n<ul>\n<li>Le trancheur de viande se caract\u00e9rise par une structure compacte, un fonctionnement stable et des performances fiables.<\/li>\n<li>L'unit\u00e9 de t\u00eate du trancheur et toutes les autres pi\u00e8ces qui entrent directement en contact avec les aliments sont fabriqu\u00e9es en acier inoxydable de haute qualit\u00e9.<\/li>\n<li>Les machines sont con\u00e7ues avec un contour lisse, sans interstices susceptibles de d\u00e9poser des salet\u00e9s et sans bords partag\u00e9s qui pourraient blesser l'op\u00e9rateur.<\/li>\n<li>Ils sont largement utilis\u00e9s dans les h\u00f4tels, les restaurants, les cantines d'entreprise et les cantines pour hacher la viande.<\/li>\n<li>Trancheur de viande fra\u00eeche : Capacit\u00e9 de trancher 500kg\/heure, l'\u00e9paisseur de la tranche de viande est de 3.5mm\/pi\u00e8ce.<\/li>\n<li>Couvercle de s\u00e9curit\u00e9 : Le couvercle de protection r\u00e9pond aux exigences de facilit\u00e9 d'utilisation et assure la satisfaction de l'utilisateur.<\/li>\n<li>Casier de s\u00e9curit\u00e9 : Casier r\u00e9sonable pour la fixation de la plaque sup\u00e9rieure.<\/li>\n<li>Bouton d'urgence : Une pression sur le bouton d'arr\u00eat d'urgence permet de couper imm\u00e9diatement l'alimentation \u00e9lectrique.<\/li>\n<li>Normes alimentaires : Toutes les pi\u00e8ces en contact avec les aliments sont fabriqu\u00e9es en acier inoxydable de haute qualit\u00e9 ; elles sont conformes aux normes internationales d'hygi\u00e8ne.<\/li>\n<li>Sablage de l'acier inoxydable : Proc\u00e9d\u00e9 de matage complet de luxe pour le sablage de l'acier inoxydable.<\/li>\n<\/ul>","protected":false},"excerpt":{"rendered":"<ul>\n<li>Marque : Mondo Cucina<\/li>\n<li>\u00c9quipement professionnel<\/li>\n<li>Couvercle s\u00fbr, garantissant la s\u00e9curit\u00e9 de l'utilisateur<\/li>\n<li>Coffre-fort, coffret raisonnable pour la fixation de la plaque sup\u00e9rieure<\/li>\n<li>Avec bouton d'urgence<\/li>\n<li>Acier inoxydable de haute qualit\u00e9<\/li>\n<li>Facile \u00e0 utiliser<\/li>\n<li>Facile \u00e0 nettoyer<\/li>\n<\/ul>","protected":false},"featured_media":6045,"comment_status":"closed","ping_status":"closed","template":"","meta":[],"product_brand":[],"product_cat":[52,93],"product_tag":[],"class_list":{"0":"post-3978","1":"product","2":"type-product","3":"status-publish","4":"has-post-thumbnail","6":"product_cat-meat-processing-machinery","7":"product_cat-meat-slicer","9":"first","10":"instock","11":"shipping-taxable","12":"product-type-simple"},"yoast_head":"<!-- This site is optimized with the Yoast SEO Premium plugin v22.5 (Yoast SEO v22.8) - https:\/\/yoast.com\/wordpress\/plugins\/seo\/ -->\n<title>MEAT SLICER<\/title>\n<meta name=\"description\" content=\"Meat Slicer have the characteristics of compact structure, stable operation and reliable performance. Contact us to get best price.\" \/>\n<meta name=\"robots\" content=\"index, follow, max-snippet:-1, max-image-preview:large, max-video-preview:-1\" \/>\n<link rel=\"canonical\" href=\"https:\/\/www.goldenchef.cn\/fr\/produit\/meat-processing-machinery\/meat-slicer\/meat-slicer\/\" \/>\n<meta property=\"og:locale\" content=\"fr_FR\" \/>\n<meta property=\"og:type\" content=\"article\" \/>\n<meta property=\"og:title\" content=\"MEAT SLICER\" \/>\n<meta property=\"og:description\" content=\"Meat Slicer have the characteristics of compact structure, stable operation and reliable performance. Contact us to get best price.\" \/>\n<meta property=\"og:url\" content=\"https:\/\/www.goldenchef.cn\/fr\/produit\/meat-processing-machinery\/meat-slicer\/meat-slicer\/\" \/>\n<meta property=\"og:site_name\" content=\"golden chef machinery\" \/>\n<meta property=\"article:modified_time\" content=\"2024-11-08T03:00:34+00:00\" \/>\n<meta property=\"og:image\" content=\"http:\/\/www.goldenchef.cn\/wp-content\/uploads\/2022\/11\/2131.jpg\" \/>\n\t<meta property=\"og:image:width\" content=\"1000\" \/>\n\t<meta property=\"og:image:height\" content=\"1000\" \/>\n\t<meta property=\"og:image:type\" content=\"image\/jpeg\" \/>\n<meta name=\"twitter:card\" content=\"summary_large_image\" \/>\n<meta name=\"twitter:label1\" content=\"Prix\" \/>\n\t<meta name=\"twitter:data1\" content=\"\" \/>\n\t<meta name=\"twitter:label2\" content=\"Disponibilit\u00e9\" \/>\n\t<meta name=\"twitter:data2\" content=\"En stock\" \/>\n<script type=\"application\/ld+json\" class=\"yoast-schema-graph\">{\"@context\":\"https:\/\/schema.org\",\"@graph\":[{\"@type\":\"WebPage\",\"@id\":\"https:\/\/www.goldenchef.cn\/product\/meat-processing-machinery\/meat-slicer\/meat-slicer\/\",\"url\":\"https:\/\/www.goldenchef.cn\/product\/meat-processing-machinery\/meat-slicer\/meat-slicer\/\",\"name\":\"MEAT SLICER\",\"isPartOf\":{\"@id\":\"https:\/\/www.goldenchef.cn\/#website\"},\"primaryImageOfPage\":{\"@id\":\"https:\/\/www.goldenchef.cn\/product\/meat-processing-machinery\/meat-slicer\/meat-slicer\/#primaryimage\"},\"image\":{\"@id\":\"https:\/\/www.goldenchef.cn\/product\/meat-processing-machinery\/meat-slicer\/meat-slicer\/#primaryimage\"},\"thumbnailUrl\":\"https:\/\/www.goldenchef.cn\/wp-content\/uploads\/2022\/11\/2131.jpg\",\"datePublished\":\"2022-11-09T07:00:31+00:00\",\"dateModified\":\"2024-11-08T03:00:34+00:00\",\"description\":\"Meat Slicer have the characteristics of compact structure, stable operation and reliable performance. Contact us to get best price.\",\"breadcrumb\":{\"@id\":\"https:\/\/www.goldenchef.cn\/product\/meat-processing-machinery\/meat-slicer\/meat-slicer\/#breadcrumb\"},\"inLanguage\":\"fr-FR\",\"potentialAction\":[{\"@type\":\"ReadAction\",\"target\":[\"https:\/\/www.goldenchef.cn\/product\/meat-processing-machinery\/meat-slicer\/meat-slicer\/\"]}]},{\"@type\":\"ImageObject\",\"inLanguage\":\"fr-FR\",\"@id\":\"https:\/\/www.goldenchef.cn\/product\/meat-processing-machinery\/meat-slicer\/meat-slicer\/#primaryimage\",\"url\":\"https:\/\/www.goldenchef.cn\/wp-content\/uploads\/2022\/11\/2131.jpg\",\"contentUrl\":\"https:\/\/www.goldenchef.cn\/wp-content\/uploads\/2022\/11\/2131.jpg\",\"width\":1000,\"height\":1000},{\"@type\":\"BreadcrumbList\",\"@id\":\"https:\/\/www.goldenchef.cn\/product\/meat-processing-machinery\/meat-slicer\/meat-slicer\/#breadcrumb\",\"itemListElement\":[{\"@type\":\"ListItem\",\"position\":1,\"name\":\"homepage\",\"item\":\"https:\/\/www.goldenchef.cn\/\"},{\"@type\":\"ListItem\",\"position\":2,\"name\":\"All Product\",\"item\":\"https:\/\/www.goldenchef.cn\/shop\/\"},{\"@type\":\"ListItem\",\"position\":3,\"name\":\"MEAT SLICER\"}]},{\"@type\":\"WebSite\",\"@id\":\"https:\/\/www.goldenchef.cn\/#website\",\"url\":\"https:\/\/www.goldenchef.cn\/\",\"name\":\"golden chef machinery\",\"description\":\"If kitchen have dream, we are dream maker\",\"publisher\":{\"@id\":\"https:\/\/www.goldenchef.cn\/#organization\"},\"potentialAction\":[{\"@type\":\"SearchAction\",\"target\":{\"@type\":\"EntryPoint\",\"urlTemplate\":\"https:\/\/www.goldenchef.cn\/?s={search_term_string}\"},\"query-input\":\"required name=search_term_string\"}],\"inLanguage\":\"fr-FR\"},{\"@type\":[\"Organization\",\"Place\"],\"@id\":\"https:\/\/www.goldenchef.cn\/#organization\",\"name\":\"golden chef machinery\",\"url\":\"https:\/\/www.goldenchef.cn\/\",\"logo\":{\"@id\":\"https:\/\/www.goldenchef.cn\/product\/meat-processing-machinery\/meat-slicer\/meat-slicer\/#local-main-organization-logo\"},\"image\":{\"@id\":\"https:\/\/www.goldenchef.cn\/product\/meat-processing-machinery\/meat-slicer\/meat-slicer\/#local-main-organization-logo\"},\"openingHoursSpecification\":[{\"@type\":\"OpeningHoursSpecification\",\"dayOfWeek\":[\"Monday\",\"Tuesday\",\"Wednesday\",\"Thursday\",\"Friday\",\"Saturday\",\"Sunday\"],\"opens\":\"09:00\",\"closes\":\"17:00\"}]},{\"@type\":\"ImageObject\",\"inLanguage\":\"fr-FR\",\"@id\":\"https:\/\/www.goldenchef.cn\/product\/meat-processing-machinery\/meat-slicer\/meat-slicer\/#local-main-organization-logo\",\"url\":\"https:\/\/www.goldenchef.cn\/wp-content\/uploads\/2023\/08\/cropped-200k.png\",\"contentUrl\":\"https:\/\/www.goldenchef.cn\/wp-content\/uploads\/2023\/08\/cropped-200k.png\",\"width\":512,\"height\":512,\"caption\":\"golden chef machinery\"}]}<\/script>\n<meta property=\"product:price:amount\" content=\"0.00\" \/>\n<meta property=\"product:price:currency\" content=\"USD\" \/>\n<meta property=\"og:availability\" content=\"instock\" \/>\n<meta property=\"product:availability\" content=\"instock\" \/>\n<meta property=\"product:condition\" content=\"new\" \/>\n<!-- \/ Yoast SEO Premium plugin. -->","yoast_head_json":{"title":"MEAT SLICER","description":"Meat Slicer have the characteristics of compact structure, stable operation and reliable performance. Contact us to get best price.","robots":{"index":"index","follow":"follow","max-snippet":"max-snippet:-1","max-image-preview":"max-image-preview:large","max-video-preview":"max-video-preview:-1"},"canonical":"https:\/\/www.goldenchef.cn\/fr\/produit\/meat-processing-machinery\/meat-slicer\/meat-slicer\/","og_locale":"fr_FR","og_type":"article","og_title":"MEAT SLICER","og_description":"Meat Slicer have the characteristics of compact structure, stable operation and reliable performance. Contact us to get best price.","og_url":"https:\/\/www.goldenchef.cn\/fr\/produit\/meat-processing-machinery\/meat-slicer\/meat-slicer\/","og_site_name":"golden chef machinery","article_modified_time":"2024-11-08T03:00:34+00:00","og_image":[{"width":1000,"height":1000,"url":"http:\/\/www.goldenchef.cn\/wp-content\/uploads\/2022\/11\/2131.jpg","type":"image\/jpeg"}],"twitter_card":"summary_large_image","twitter_misc":{"Prix":"","Disponibilit\u00e9":"En stock"},"schema":{"@context":"https:\/\/schema.org","@graph":[{"@type":"WebPage","@id":"https:\/\/www.goldenchef.cn\/product\/meat-processing-machinery\/meat-slicer\/meat-slicer\/","url":"https:\/\/www.goldenchef.cn\/product\/meat-processing-machinery\/meat-slicer\/meat-slicer\/","name":"MEAT SLICER","isPartOf":{"@id":"https:\/\/www.goldenchef.cn\/#website"},"primaryImageOfPage":{"@id":"https:\/\/www.goldenchef.cn\/product\/meat-processing-machinery\/meat-slicer\/meat-slicer\/#primaryimage"},"image":{"@id":"https:\/\/www.goldenchef.cn\/product\/meat-processing-machinery\/meat-slicer\/meat-slicer\/#primaryimage"},"thumbnailUrl":"https:\/\/www.goldenchef.cn\/wp-content\/uploads\/2022\/11\/2131.jpg","datePublished":"2022-11-09T07:00:31+00:00","dateModified":"2024-11-08T03:00:34+00:00","description":"Meat Slicer have the characteristics of compact structure, stable operation and reliable performance. Contact us to get best price.","breadcrumb":{"@id":"https:\/\/www.goldenchef.cn\/product\/meat-processing-machinery\/meat-slicer\/meat-slicer\/#breadcrumb"},"inLanguage":"fr-FR","potentialAction":[{"@type":"ReadAction","target":["https:\/\/www.goldenchef.cn\/product\/meat-processing-machinery\/meat-slicer\/meat-slicer\/"]}]},{"@type":"ImageObject","inLanguage":"fr-FR","@id":"https:\/\/www.goldenchef.cn\/product\/meat-processing-machinery\/meat-slicer\/meat-slicer\/#primaryimage","url":"https:\/\/www.goldenchef.cn\/wp-content\/uploads\/2022\/11\/2131.jpg","contentUrl":"https:\/\/www.goldenchef.cn\/wp-content\/uploads\/2022\/11\/2131.jpg","width":1000,"height":1000},{"@type":"BreadcrumbList","@id":"https:\/\/www.goldenchef.cn\/product\/meat-processing-machinery\/meat-slicer\/meat-slicer\/#breadcrumb","itemListElement":[{"@type":"ListItem","position":1,"name":"homepage","item":"https:\/\/www.goldenchef.cn\/"},{"@type":"ListItem","position":2,"name":"All Product","item":"https:\/\/www.goldenchef.cn\/shop\/"},{"@type":"ListItem","position":3,"name":"MEAT SLICER"}]},{"@type":"WebSite","@id":"https:\/\/www.goldenchef.cn\/#website","url":"https:\/\/www.goldenchef.cn\/","name":"golden chef machinery","description":"If kitchen have dream, we are dream maker","publisher":{"@id":"https:\/\/www.goldenchef.cn\/#organization"},"potentialAction":[{"@type":"SearchAction","target":{"@type":"EntryPoint","urlTemplate":"https:\/\/www.goldenchef.cn\/?s={search_term_string}"},"query-input":"required name=search_term_string"}],"inLanguage":"fr-FR"},{"@type":["Organization","Place"],"@id":"https:\/\/www.goldenchef.cn\/#organization","name":"golden chef machinery","url":"https:\/\/www.goldenchef.cn\/","logo":{"@id":"https:\/\/www.goldenchef.cn\/product\/meat-processing-machinery\/meat-slicer\/meat-slicer\/#local-main-organization-logo"},"image":{"@id":"https:\/\/www.goldenchef.cn\/product\/meat-processing-machinery\/meat-slicer\/meat-slicer\/#local-main-organization-logo"},"openingHoursSpecification":[{"@type":"OpeningHoursSpecification","dayOfWeek":["Monday","Tuesday","Wednesday","Thursday","Friday","Saturday","Sunday"],"opens":"09:00","closes":"17:00"}]},{"@type":"ImageObject","inLanguage":"fr-FR","@id":"https:\/\/www.goldenchef.cn\/product\/meat-processing-machinery\/meat-slicer\/meat-slicer\/#local-main-organization-logo","url":"https:\/\/www.goldenchef.cn\/wp-content\/uploads\/2023\/08\/cropped-200k.png","contentUrl":"https:\/\/www.goldenchef.cn\/wp-content\/uploads\/2023\/08\/cropped-200k.png","width":512,"height":512,"caption":"golden chef machinery"}]},"product_price_amount":"0.00","product_price_currency":"USD","og_availability":"instock","product_availability":"instock","product_condition":"new"},"_links":{"self":[{"href":"https:\/\/www.goldenchef.cn\/fr\/wp-json\/wp\/v2\/product\/3978"}],"collection":[{"href":"https:\/\/www.goldenchef.cn\/fr\/wp-json\/wp\/v2\/product"}],"about":[{"href":"https:\/\/www.goldenchef.cn\/fr\/wp-json\/wp\/v2\/types\/product"}],"replies":[{"embeddable":true,"href":"https:\/\/www.goldenchef.cn\/fr\/wp-json\/wp\/v2\/comments?post=3978"}],"wp:featuredmedia":[{"embeddable":true,"href":"https:\/\/www.goldenchef.cn\/fr\/wp-json\/wp\/v2\/media\/6045"}],"wp:attachment":[{"href":"https:\/\/www.goldenchef.cn\/fr\/wp-json\/wp\/v2\/media?parent=3978"}],"wp:term":[{"taxonomy":"product_brand","embeddable":true,"href":"https:\/\/www.goldenchef.cn\/fr\/wp-json\/wp\/v2\/product_brand?post=3978"},{"taxonomy":"product_cat","embeddable":true,"href":"https:\/\/www.goldenchef.cn\/fr\/wp-json\/wp\/v2\/product_cat?post=3978"},{"taxonomy":"product_tag","embeddable":true,"href":"https:\/\/www.goldenchef.cn\/fr\/wp-json\/wp\/v2\/product_tag?post=3978"}],"curies":[{"name":"wp","href":"https:\/\/api.w.org\/{rel}","templated":true}]}}