{"id":3980,"date":"2022-11-09T15:05:38","date_gmt":"2022-11-09T07:05:38","guid":{"rendered":"http:\/\/www.goldenchef.cn\/?post_type=product&#038;p=3980"},"modified":"2024-11-08T10:59:30","modified_gmt":"2024-11-08T02:59:30","slug":"ajqs-meat-mincer-slicer","status":"publish","type":"product","link":"https:\/\/www.goldenchef.cn\/fr\/produit\/meat-processing-machinery\/meat-mincer-mincer-slicer\/ajqs-meat-mincer-slicer\/","title":{"rendered":"AJQS HACHOIR ET TRANCHEUR DE VIANDE"},"content":{"rendered":"<ul>\n<li><strong>La machine \u00e0 trancher la viande pr\u00e9sente les caract\u00e9ristiques suivantes : structure compacte, fonctionnement stable et performances fiables.<\/strong><\/li>\n<li><strong>L'unit\u00e9 de t\u00eate du trancheur et toutes les autres pi\u00e8ces qui entrent directement en contact avec les aliments sont fabriqu\u00e9es en acier inoxydable de haute qualit\u00e9.<\/strong><\/li>\n<li><strong>Les machines sont con\u00e7ues avec un contour lisse, sans interstices susceptibles de d\u00e9poser des salet\u00e9s et sans bords partag\u00e9s qui pourraient blesser l'op\u00e9rateur.<\/strong><\/li>\n<li><strong>Ils sont largement utilis\u00e9s dans les h\u00f4tels, les restaurants, les cantines d'entreprise et les cantines pour hacher la viande.<\/strong><\/li>\n<li><strong>Trancheur de viande fra\u00eeche : Capacit\u00e9 de trancher 500kg\/heure, l'\u00e9paisseur de la tranche de viande est de 3.5mm\/pi\u00e8ce.<\/strong><\/li>\n<li><strong>Couvercle de s\u00e9curit\u00e9 : Le couvercle de protection r\u00e9pond aux exigences de facilit\u00e9 d'utilisation et assure la satisfaction de l'utilisateur.<\/strong><\/li>\n<li><strong>Casier de s\u00e9curit\u00e9 : Casier r\u00e9sonable pour la fixation de la plaque sup\u00e9rieure.<\/strong><\/li>\n<li><strong>Bouton d'urgence : Une pression sur le bouton d'arr\u00eat d'urgence permet de couper imm\u00e9diatement l'alimentation \u00e9lectrique.<\/strong><\/li>\n<li><strong>Norme alimentaire : Toutes les parties en contact avec la nourriture sont en acier inoxydable de haute qualit\u00e9, conforme aux normes internationales d'hygi\u00e8ne.<\/strong><\/li>\n<li><strong>Sablage de l'acier inoxydable : Proc\u00e9d\u00e9 de matage complet de luxe pour le sablage de l'acier inoxydable<\/strong><\/li>\n<\/ul>\n<p><a href=\"https:\/\/www.goldenchef.cn\/fr\/contact\/\"><strong>contactez-nous pour obtenir le prix d'usine de la machine \u00e0 trancher la viande.<\/strong><\/a><\/p>","protected":false},"excerpt":{"rendered":"<ul>\n<li>Marque : Mondo Cucina<\/li>\n<li>\u00c9quipement professionnel<\/li>\n<li>Puissant moteur en cuivre<\/li>\n<li>Conception de la structure compacte<\/li>\n<li>Un soutien fort<\/li>\n<li>Acier inoxydable de haute qualit\u00e9<\/li>\n<li>Conception d'un bo\u00eetier \u00e9lectrique externe s\u00e9curis\u00e9<\/li>\n<li>Facile \u00e0 utiliser<\/li>\n<li>Facile \u00e0 nettoyer<\/li>\n<li>Approbation CE<\/li>\n<\/ul>","protected":false},"featured_media":6044,"comment_status":"closed","ping_status":"closed","template":"","meta":[],"product_brand":[],"product_cat":[52,94],"product_tag":[],"class_list":{"0":"post-3980","1":"product","2":"type-product","3":"status-publish","4":"has-post-thumbnail","6":"product_cat-meat-processing-machinery","7":"product_cat-meat-mincer-mincer-slicer","9":"first","10":"instock","11":"shipping-taxable","12":"product-type-simple"},"yoast_head":"<!-- This site is optimized with the Yoast SEO Premium plugin v22.5 (Yoast SEO v22.8) - https:\/\/yoast.com\/wordpress\/plugins\/seo\/ -->\n<title>Meat Slicer &amp; Mincer AJQS | Meat Processing Machine<\/title>\n<meta name=\"description\" content=\"Meat Slicer Machine have the characteristics of compact structure, stable operation and reliable performance.\" \/>\n<meta name=\"robots\" content=\"index, follow, max-snippet:-1, max-image-preview:large, max-video-preview:-1\" \/>\n<link rel=\"canonical\" href=\"https:\/\/www.goldenchef.cn\/fr\/produit\/meat-processing-machinery\/meat-mincer-mincer-slicer\/ajqs-meat-mincer-slicer\/\" \/>\n<meta property=\"og:locale\" content=\"fr_FR\" \/>\n<meta property=\"og:type\" content=\"article\" \/>\n<meta property=\"og:title\" content=\"AJQS MEAT MINCER &amp; SLICER\" \/>\n<meta property=\"og:description\" content=\"Meat Slicer Machine have the characteristics of compact structure, stable operation and reliable performance.\" \/>\n<meta property=\"og:url\" content=\"https:\/\/www.goldenchef.cn\/fr\/produit\/meat-processing-machinery\/meat-mincer-mincer-slicer\/ajqs-meat-mincer-slicer\/\" \/>\n<meta property=\"og:site_name\" content=\"golden chef machinery\" \/>\n<meta property=\"article:modified_time\" content=\"2024-11-08T02:59:30+00:00\" \/>\n<meta property=\"og:image\" content=\"http:\/\/www.goldenchef.cn\/wp-content\/uploads\/2022\/11\/12231.jpg\" \/>\n\t<meta property=\"og:image:width\" content=\"1000\" \/>\n\t<meta property=\"og:image:height\" content=\"1000\" \/>\n\t<meta property=\"og:image:type\" content=\"image\/jpeg\" \/>\n<meta name=\"twitter:card\" content=\"summary_large_image\" \/>\n<meta name=\"twitter:label1\" content=\"Prix\" \/>\n\t<meta name=\"twitter:data1\" content=\"\" \/>\n\t<meta name=\"twitter:label2\" content=\"Disponibilit\u00e9\" \/>\n\t<meta name=\"twitter:data2\" content=\"En stock\" \/>\n<script type=\"application\/ld+json\" class=\"yoast-schema-graph\">{\"@context\":\"https:\/\/schema.org\",\"@graph\":[{\"@type\":\"WebPage\",\"@id\":\"https:\/\/www.goldenchef.cn\/product\/meat-processing-machinery\/meat-mincer-mincer-slicer\/ajqs-meat-mincer-slicer\/\",\"url\":\"https:\/\/www.goldenchef.cn\/product\/meat-processing-machinery\/meat-mincer-mincer-slicer\/ajqs-meat-mincer-slicer\/\",\"name\":\"Meat Slicer & Mincer AJQS | Meat Processing Machine\",\"isPartOf\":{\"@id\":\"https:\/\/www.goldenchef.cn\/#website\"},\"primaryImageOfPage\":{\"@id\":\"https:\/\/www.goldenchef.cn\/product\/meat-processing-machinery\/meat-mincer-mincer-slicer\/ajqs-meat-mincer-slicer\/#primaryimage\"},\"image\":{\"@id\":\"https:\/\/www.goldenchef.cn\/product\/meat-processing-machinery\/meat-mincer-mincer-slicer\/ajqs-meat-mincer-slicer\/#primaryimage\"},\"thumbnailUrl\":\"https:\/\/www.goldenchef.cn\/wp-content\/uploads\/2022\/11\/12231.jpg\",\"datePublished\":\"2022-11-09T07:05:38+00:00\",\"dateModified\":\"2024-11-08T02:59:30+00:00\",\"description\":\"Meat Slicer Machine have the characteristics of compact structure, stable operation and reliable performance.\",\"breadcrumb\":{\"@id\":\"https:\/\/www.goldenchef.cn\/product\/meat-processing-machinery\/meat-mincer-mincer-slicer\/ajqs-meat-mincer-slicer\/#breadcrumb\"},\"inLanguage\":\"fr-FR\",\"potentialAction\":[{\"@type\":\"ReadAction\",\"target\":[\"https:\/\/www.goldenchef.cn\/product\/meat-processing-machinery\/meat-mincer-mincer-slicer\/ajqs-meat-mincer-slicer\/\"]}]},{\"@type\":\"ImageObject\",\"inLanguage\":\"fr-FR\",\"@id\":\"https:\/\/www.goldenchef.cn\/product\/meat-processing-machinery\/meat-mincer-mincer-slicer\/ajqs-meat-mincer-slicer\/#primaryimage\",\"url\":\"https:\/\/www.goldenchef.cn\/wp-content\/uploads\/2022\/11\/12231.jpg\",\"contentUrl\":\"https:\/\/www.goldenchef.cn\/wp-content\/uploads\/2022\/11\/12231.jpg\",\"width\":1000,\"height\":1000},{\"@type\":\"BreadcrumbList\",\"@id\":\"https:\/\/www.goldenchef.cn\/product\/meat-processing-machinery\/meat-mincer-mincer-slicer\/ajqs-meat-mincer-slicer\/#breadcrumb\",\"itemListElement\":[{\"@type\":\"ListItem\",\"position\":1,\"name\":\"homepage\",\"item\":\"https:\/\/www.goldenchef.cn\/\"},{\"@type\":\"ListItem\",\"position\":2,\"name\":\"All Product\",\"item\":\"https:\/\/www.goldenchef.cn\/shop\/\"},{\"@type\":\"ListItem\",\"position\":3,\"name\":\"AJQS MEAT MINCER &#038; SLICER\"}]},{\"@type\":\"WebSite\",\"@id\":\"https:\/\/www.goldenchef.cn\/#website\",\"url\":\"https:\/\/www.goldenchef.cn\/\",\"name\":\"golden chef machinery\",\"description\":\"If kitchen have dream, we are dream maker\",\"publisher\":{\"@id\":\"https:\/\/www.goldenchef.cn\/#organization\"},\"potentialAction\":[{\"@type\":\"SearchAction\",\"target\":{\"@type\":\"EntryPoint\",\"urlTemplate\":\"https:\/\/www.goldenchef.cn\/?s={search_term_string}\"},\"query-input\":\"required name=search_term_string\"}],\"inLanguage\":\"fr-FR\"},{\"@type\":[\"Organization\",\"Place\"],\"@id\":\"https:\/\/www.goldenchef.cn\/#organization\",\"name\":\"golden chef machinery\",\"url\":\"https:\/\/www.goldenchef.cn\/\",\"logo\":{\"@id\":\"https:\/\/www.goldenchef.cn\/product\/meat-processing-machinery\/meat-mincer-mincer-slicer\/ajqs-meat-mincer-slicer\/#local-main-organization-logo\"},\"image\":{\"@id\":\"https:\/\/www.goldenchef.cn\/product\/meat-processing-machinery\/meat-mincer-mincer-slicer\/ajqs-meat-mincer-slicer\/#local-main-organization-logo\"},\"openingHoursSpecification\":[{\"@type\":\"OpeningHoursSpecification\",\"dayOfWeek\":[\"Monday\",\"Tuesday\",\"Wednesday\",\"Thursday\",\"Friday\",\"Saturday\",\"Sunday\"],\"opens\":\"09:00\",\"closes\":\"17:00\"}]},{\"@type\":\"ImageObject\",\"inLanguage\":\"fr-FR\",\"@id\":\"https:\/\/www.goldenchef.cn\/product\/meat-processing-machinery\/meat-mincer-mincer-slicer\/ajqs-meat-mincer-slicer\/#local-main-organization-logo\",\"url\":\"https:\/\/www.goldenchef.cn\/wp-content\/uploads\/2023\/08\/cropped-200k.png\",\"contentUrl\":\"https:\/\/www.goldenchef.cn\/wp-content\/uploads\/2023\/08\/cropped-200k.png\",\"width\":512,\"height\":512,\"caption\":\"golden chef machinery\"}]}<\/script>\n<meta property=\"product:price:amount\" content=\"0.00\" \/>\n<meta property=\"product:price:currency\" content=\"USD\" \/>\n<meta property=\"og:availability\" content=\"instock\" \/>\n<meta property=\"product:availability\" content=\"instock\" \/>\n<meta property=\"product:condition\" content=\"new\" \/>\n<!-- \/ Yoast SEO Premium plugin. -->","yoast_head_json":{"title":"Meat Slicer & Mincer AJQS | Meat Processing Machine","description":"Meat Slicer Machine have the characteristics of compact structure, stable operation and reliable performance.","robots":{"index":"index","follow":"follow","max-snippet":"max-snippet:-1","max-image-preview":"max-image-preview:large","max-video-preview":"max-video-preview:-1"},"canonical":"https:\/\/www.goldenchef.cn\/fr\/produit\/meat-processing-machinery\/meat-mincer-mincer-slicer\/ajqs-meat-mincer-slicer\/","og_locale":"fr_FR","og_type":"article","og_title":"AJQS MEAT MINCER & SLICER","og_description":"Meat Slicer Machine have the characteristics of compact structure, stable operation and reliable performance.","og_url":"https:\/\/www.goldenchef.cn\/fr\/produit\/meat-processing-machinery\/meat-mincer-mincer-slicer\/ajqs-meat-mincer-slicer\/","og_site_name":"golden chef machinery","article_modified_time":"2024-11-08T02:59:30+00:00","og_image":[{"width":1000,"height":1000,"url":"http:\/\/www.goldenchef.cn\/wp-content\/uploads\/2022\/11\/12231.jpg","type":"image\/jpeg"}],"twitter_card":"summary_large_image","twitter_misc":{"Prix":"","Disponibilit\u00e9":"En stock"},"schema":{"@context":"https:\/\/schema.org","@graph":[{"@type":"WebPage","@id":"https:\/\/www.goldenchef.cn\/product\/meat-processing-machinery\/meat-mincer-mincer-slicer\/ajqs-meat-mincer-slicer\/","url":"https:\/\/www.goldenchef.cn\/product\/meat-processing-machinery\/meat-mincer-mincer-slicer\/ajqs-meat-mincer-slicer\/","name":"Meat Slicer & Mincer AJQS | Meat Processing Machine","isPartOf":{"@id":"https:\/\/www.goldenchef.cn\/#website"},"primaryImageOfPage":{"@id":"https:\/\/www.goldenchef.cn\/product\/meat-processing-machinery\/meat-mincer-mincer-slicer\/ajqs-meat-mincer-slicer\/#primaryimage"},"image":{"@id":"https:\/\/www.goldenchef.cn\/product\/meat-processing-machinery\/meat-mincer-mincer-slicer\/ajqs-meat-mincer-slicer\/#primaryimage"},"thumbnailUrl":"https:\/\/www.goldenchef.cn\/wp-content\/uploads\/2022\/11\/12231.jpg","datePublished":"2022-11-09T07:05:38+00:00","dateModified":"2024-11-08T02:59:30+00:00","description":"Meat Slicer Machine have the characteristics of compact structure, stable operation and reliable performance.","breadcrumb":{"@id":"https:\/\/www.goldenchef.cn\/product\/meat-processing-machinery\/meat-mincer-mincer-slicer\/ajqs-meat-mincer-slicer\/#breadcrumb"},"inLanguage":"fr-FR","potentialAction":[{"@type":"ReadAction","target":["https:\/\/www.goldenchef.cn\/product\/meat-processing-machinery\/meat-mincer-mincer-slicer\/ajqs-meat-mincer-slicer\/"]}]},{"@type":"ImageObject","inLanguage":"fr-FR","@id":"https:\/\/www.goldenchef.cn\/product\/meat-processing-machinery\/meat-mincer-mincer-slicer\/ajqs-meat-mincer-slicer\/#primaryimage","url":"https:\/\/www.goldenchef.cn\/wp-content\/uploads\/2022\/11\/12231.jpg","contentUrl":"https:\/\/www.goldenchef.cn\/wp-content\/uploads\/2022\/11\/12231.jpg","width":1000,"height":1000},{"@type":"BreadcrumbList","@id":"https:\/\/www.goldenchef.cn\/product\/meat-processing-machinery\/meat-mincer-mincer-slicer\/ajqs-meat-mincer-slicer\/#breadcrumb","itemListElement":[{"@type":"ListItem","position":1,"name":"homepage","item":"https:\/\/www.goldenchef.cn\/"},{"@type":"ListItem","position":2,"name":"All Product","item":"https:\/\/www.goldenchef.cn\/shop\/"},{"@type":"ListItem","position":3,"name":"AJQS MEAT MINCER &#038; SLICER"}]},{"@type":"WebSite","@id":"https:\/\/www.goldenchef.cn\/#website","url":"https:\/\/www.goldenchef.cn\/","name":"golden chef machinery","description":"If kitchen have dream, we are dream maker","publisher":{"@id":"https:\/\/www.goldenchef.cn\/#organization"},"potentialAction":[{"@type":"SearchAction","target":{"@type":"EntryPoint","urlTemplate":"https:\/\/www.goldenchef.cn\/?s={search_term_string}"},"query-input":"required name=search_term_string"}],"inLanguage":"fr-FR"},{"@type":["Organization","Place"],"@id":"https:\/\/www.goldenchef.cn\/#organization","name":"golden chef machinery","url":"https:\/\/www.goldenchef.cn\/","logo":{"@id":"https:\/\/www.goldenchef.cn\/product\/meat-processing-machinery\/meat-mincer-mincer-slicer\/ajqs-meat-mincer-slicer\/#local-main-organization-logo"},"image":{"@id":"https:\/\/www.goldenchef.cn\/product\/meat-processing-machinery\/meat-mincer-mincer-slicer\/ajqs-meat-mincer-slicer\/#local-main-organization-logo"},"openingHoursSpecification":[{"@type":"OpeningHoursSpecification","dayOfWeek":["Monday","Tuesday","Wednesday","Thursday","Friday","Saturday","Sunday"],"opens":"09:00","closes":"17:00"}]},{"@type":"ImageObject","inLanguage":"fr-FR","@id":"https:\/\/www.goldenchef.cn\/product\/meat-processing-machinery\/meat-mincer-mincer-slicer\/ajqs-meat-mincer-slicer\/#local-main-organization-logo","url":"https:\/\/www.goldenchef.cn\/wp-content\/uploads\/2023\/08\/cropped-200k.png","contentUrl":"https:\/\/www.goldenchef.cn\/wp-content\/uploads\/2023\/08\/cropped-200k.png","width":512,"height":512,"caption":"golden chef machinery"}]},"product_price_amount":"0.00","product_price_currency":"USD","og_availability":"instock","product_availability":"instock","product_condition":"new"},"_links":{"self":[{"href":"https:\/\/www.goldenchef.cn\/fr\/wp-json\/wp\/v2\/product\/3980"}],"collection":[{"href":"https:\/\/www.goldenchef.cn\/fr\/wp-json\/wp\/v2\/product"}],"about":[{"href":"https:\/\/www.goldenchef.cn\/fr\/wp-json\/wp\/v2\/types\/product"}],"replies":[{"embeddable":true,"href":"https:\/\/www.goldenchef.cn\/fr\/wp-json\/wp\/v2\/comments?post=3980"}],"wp:featuredmedia":[{"embeddable":true,"href":"https:\/\/www.goldenchef.cn\/fr\/wp-json\/wp\/v2\/media\/6044"}],"wp:attachment":[{"href":"https:\/\/www.goldenchef.cn\/fr\/wp-json\/wp\/v2\/media?parent=3980"}],"wp:term":[{"taxonomy":"product_brand","embeddable":true,"href":"https:\/\/www.goldenchef.cn\/fr\/wp-json\/wp\/v2\/product_brand?post=3980"},{"taxonomy":"product_cat","embeddable":true,"href":"https:\/\/www.goldenchef.cn\/fr\/wp-json\/wp\/v2\/product_cat?post=3980"},{"taxonomy":"product_tag","embeddable":true,"href":"https:\/\/www.goldenchef.cn\/fr\/wp-json\/wp\/v2\/product_tag?post=3980"}],"curies":[{"name":"wp","href":"https:\/\/api.w.org\/{rel}","templated":true}]}}