{"id":3982,"date":"2022-11-09T15:14:04","date_gmt":"2022-11-09T07:14:04","guid":{"rendered":"http:\/\/www.goldenchef.cn\/?post_type=product&#038;p=3982"},"modified":"2024-11-01T16:12:56","modified_gmt":"2024-11-01T08:12:56","slug":"bone-saw-machine","status":"publish","type":"product","link":"https:\/\/www.goldenchef.cn\/fr\/produit\/meat-processing-machinery\/bone-saw\/bone-saw-machine\/","title":{"rendered":"Golden Chef a obtenu l'agr\u00e9ment CE pour la coupe de poulet en acier inoxydable \u00e0 haute efficacit\u00e9, la scie \u00e0 os et la machine \u00e0 couper la viande."},"content":{"rendered":"<p>Machine \u00e0 scier les os<\/p>\n<p>Voltage : 220V<\/p>\n<p>Puissance : 0.75kW<\/p>\n<p>Capacit\u00e9 : 250<\/p>\n<p>N.W. : 56kg<\/p>\n<p>Taille de l'emballage : 740x590x1040mm<\/p>\n<ul>\n<li><strong>Les scies \u00e0 os conviennent pour briser la viande, les os et la viande congel\u00e9e. Elles sont largement utilis\u00e9es dans les h\u00f4tels, les restaurants, les usines de transformation alimentaire.<\/strong><\/li>\n<li><strong>Utilisant une grande stabilit\u00e9 et d'autres caract\u00e9ristiques saillantes, cette s\u00e9rie de scie \u00e0 os est soud\u00e9e en acier inoxydable, o\u00f9 les parties en contact avec les aliments sont faites d'acier inoxydable et de traitement sp\u00e9cial, conform\u00e9ment aux normes internationales d'hygi\u00e8ne alimentaire.<\/strong><\/li>\n<li><strong>Molette de r\u00e9glage \u00e9lastique de la lame de scie : fonctionnement facile avec la lame de scie r\u00e9glable.<\/strong><\/li>\n<li><strong>Bouton d'urgence : Appuyez sur le bouton d'arr\u00eat d'urgence pour couper imm\u00e9diatement l'alimentation \u00e9lectrique.<\/strong><\/li>\n<li><strong>Table de travail : Plaque de r\u00e9glage de la distance.<\/strong><\/li>\n<li><strong>Lame en acier inoxydable : convient pour couper l'os en morceaux de diff\u00e9rentes \u00e9paisseurs.<\/strong><\/li>\n<\/ul>\n<p>Golden Chef Machinery Co., Ltd. est le fabricant et l'exportateur d'\u00e9quipements alimentaires et de machines de boulangerie. Notre soci\u00e9t\u00e9 est situ\u00e9e \u00e0 Guangzhou, la ville o\u00f9 se tient la foire cantonale deux fois par an.<\/p>\n<p><iframe title=\"Lecteur vid\u00e9o YouTube\" src=\"https:\/\/www.youtube.com\/embed\/2eBtCAbZDSk\" width=\"560\" height=\"315\" frameborder=\"0\" allowfullscreen=\"allowfullscreen\"><\/iframe><\/p>\n<style>#jtg-3987 .modula-item .jtg-social a, .lightbox-socials.jtg-social a{ color: #ffffff }#jtg-3987 .modula-item .jtg-social svg, .lightbox-socials.jtg-social svg { height: 16px; width: 16px }#jtg-3987 .modula-item .jtg-social a:not(:last-child), .lightbox-socials.jtg-social a:not(:last-child) { margin-right: 10px }#jtg-3987 .modula-item .figc {color:#ffffff;}#jtg-3987 .modula-item .modula-item-content { transform: scale(1) }#jtg-3987 { width:100%;}#jtg-3987 .modula-items{height:800px;}@media screen and (max-width: 992px) {#jtg-3987 .modula-items{height:800px;}}@media screen and (max-width: 768px) {#jtg-3987 .modula-items{height:800px;}}#jtg-3987 .modula-items .figc p.description { font-size:14px; }#jtg-3987 .modula-items .figc p.description { color:#ffffff;}#jtg-3987.modula-gallery .modula-item > a, #jtg-3987.modula-gallery .modula-item, #jtg-3987.modula-gallery .modula-item-content > a:not(.modula-no-follow) { cursor:zoom-in; } #jtg-3987.modula-gallery .modula-item-content .modula-no-follow { cursor: default; } @media screen and (max-width:480px){#jtg-3987 .modula-item .figc .jtg-title {  font-size: 12px; }#jtg-3987 .modula-items .figc p.description { color:#ffffff;font-size:10px; }}<\/style>\n<!-- Gallery Container -->\n<div  id=\"jtg-3987\" class=\"modula modula-gallery modula-creative-gallery\" data-config=\"{&quot;height&quot;:800,&quot;tabletHeight&quot;:800,&quot;mobileHeight&quot;:800,&quot;desktopHeight&quot;:800,&quot;enableTwitter&quot;:false,&quot;enableWhatsapp&quot;:false,&quot;enableFacebook&quot;:false,&quot;enablePinterest&quot;:false,&quot;enableLinkedin&quot;:false,&quot;enableEmail&quot;:false,&quot;randomFactor&quot;:0.5,&quot;type&quot;:&quot;creative-gallery&quot;,&quot;columns&quot;:12,&quot;gutter&quot;:10,&quot;mobileGutter&quot;:10,&quot;tabletGutter&quot;:10,&quot;desktopGutter&quot;:10,&quot;enableResponsive&quot;:&quot;0&quot;,&quot;tabletColumns&quot;:&quot;2&quot;,&quot;mobileColumns&quot;:&quot;1&quot;,&quot;lazyLoad&quot;:&quot;1&quot;,&quot;lightboxOpts&quot;:{&quot;loop&quot;:false,&quot;arrows&quot;:true,&quot;toolbar&quot;:true,&quot;keyboard&quot;:true,&quot;wheel&quot;:false,&quot;buttons&quot;:[&quot;close&quot;],&quot;hash&quot;:false,&quot;lang&quot;:&quot;en&quot;,&quot;touch&quot;:false,&quot;protect&quot;:false,&quot;i18n&quot;:{&quot;en&quot;:{&quot;CLOSE&quot;:&quot;Close&quot;,&quot;NEXT&quot;:&quot;Next&quot;,&quot;PREV&quot;:&quot;Previous&quot;,&quot;Error&quot;:&quot;The requested content cannot be loaded. Please try again later.&quot;,&quot;PLAY_START&quot;:&quot;Start slideshow&quot;,&quot;PLAY_STOP&quot;:&quot;Pause slideshow&quot;,&quot;FULL_SCREEN&quot;:&quot;Full screen&quot;,&quot;THUMBS&quot;:&quot;Thumbnails&quot;,&quot;DOWNLOAD&quot;:&quot;Download&quot;,&quot;SHARE&quot;:&quot;Share&quot;,&quot;ZOOM&quot;:&quot;Zoom&quot;}},&quot;clickSlide&quot;:false,&quot;clickOutside&quot;:false,&quot;dblclickContent&quot;:false,&quot;dblclickSlide&quot;:false,&quot;dblclickOutside&quot;:false,&quot;clickContent&quot;:false,&quot;baseTpl&quot;:&quot;&lt;div class=\\&quot;modula-fancybox-container modula-lightbox-jtg-3987\\&quot; role=\\&quot;dialog\\&quot; tabindex=\\&quot;-1\\&quot;&gt;&lt;div class=\\&quot;modula-fancybox-bg\\&quot;&gt;&lt;\\\/div&gt;&lt;div class=\\&quot;modula-fancybox-inner\\&quot;&gt;&lt;div class=\\&quot;modula-fancybox-infobar\\&quot;&gt;&lt;span data-fancybox-index&gt;&lt;\\\/span&gt;&nbsp;\\\/&nbsp;&lt;span data-fancybox-count&gt;&lt;\\\/span&gt;&lt;\\\/div&gt;&lt;div class=\\&quot;modula-fancybox-toolbar\\&quot;&gt;{{buttons}}&lt;\\\/div&gt;&lt;div class=\\&quot;modula-fancybox-navigation\\&quot;&gt;{{arrows}}&lt;\\\/div&gt;&lt;div class=\\&quot;modula-fancybox-stage\\&quot;&gt;&lt;\\\/div&gt;&lt;div class=\\&quot;modula-fancybox-caption\\&quot;&gt;&lt;div class=\\&quot;modula-fancybox-caption__body\\&quot;&gt;&lt;\\\/div&gt;&lt;\\\/div&gt;&lt;\\\/div&gt;&lt;\\\/div&gt;&quot;},&quot;inView&quot;:false,&quot;email_subject&quot;:&quot;Check out this awesome image !!&quot;,&quot;email_message&quot;:&quot;Here is the link to the image : %%image_link%% and this is the link to the gallery : %%gallery_link%%&quot;,&quot;lightbox&quot;:&quot;fancybox&quot;}\">\n\n\t\n\t<!-- Items Container -->\n\t<div  class=\"modula-items\">\n\t\t<div class=\"modula-item effect-pufrobo\" >\n\t<div class=\"modula-item-overlay\"><\/div>\n\n\t<div class=\"modula-item-content\">\n\n\t\t\t\t\n\t\t\t\t\t<a data-image-id=\"3988\" data-elementor-open-lightbox=\"no\" rel=\"jtg-3987\" data-caption=\"\" aria-label=\"Ouvrir l&#039;image dans la bo\u00eete \u00e0 lumi\u00e8re\" class=\"tile-inner modula-item-link\"><\/a>\n\t\t\n\t\t<img fetchpriority=\"high\" class=\"pic wp-image-3988 lazyload\"  data-valign=\"middle\" data-halign=\"center\" alt=\"bone saw, bone saw machine, electric bone saw, bone cutting machine, bone cutter\" data-full=\"https:\/\/www.goldenchef.cn\/wp-content\/uploads\/2022\/11\/JG250\u4e8c\u5341\u56db_01.jpg\" title=\"scie \u00e0 os, machine \u00e0 scier les os, scie \u00e0 os \u00e9lectrique, machine \u00e0 couper les os, coupeur d&#039;os\" width=\"300\" height=\"276\" data-src=\"https:\/\/www.goldenchef.cn\/wp-content\/uploads\/2022\/11\/JG250\u4e8c\u5341\u56db_01.jpg\" data-caption=\"\" data-source=\"modula\" data-srcset=\"https:\/\/www.goldenchef.cn\/wp-content\/uploads\/2022\/11\/JG250\u4e8c\u5341\u56db_01.jpg 750w, https:\/\/www.goldenchef.cn\/wp-content\/uploads\/2022\/11\/JG250\u4e8c\u5341\u56db_01-600x553.jpg 600w\" data-sizes=\"(max-width: 300px) 100vw, 300px\" \/>\n\t\t<div class=\"figc no-description\">\n\t\t\t<div class=\"figc-inner\">\n\t\t\t\t\t\t\t\t\t\t\t\t\t\t\t<\/div>\n\t\t<\/div>\n\n\t<\/div>\n\n<\/div><div class=\"modula-item effect-pufrobo\" >\n\t<div class=\"modula-item-overlay\"><\/div>\n\n\t<div class=\"modula-item-content\">\n\n\t\t\t\t\n\t\t\t\t\t<a data-image-id=\"3989\" data-elementor-open-lightbox=\"no\" rel=\"jtg-3987\" data-caption=\"\" aria-label=\"Ouvrir l&#039;image dans la bo\u00eete \u00e0 lumi\u00e8re\" class=\"tile-inner modula-item-link\"><\/a>\n\t\t\n\t\t<img class=\"pic wp-image-3989 lazyload\"  data-valign=\"middle\" data-halign=\"center\" alt=\"bone saw, bone saw machine, electric bone saw, bone cutting machine, bone cutter\" data-full=\"https:\/\/www.goldenchef.cn\/wp-content\/uploads\/2022\/11\/JG250\u4e8c\u5341\u56db_02.jpg\" title=\"JG250\u4e8c\u5341\u56db_02\" width=\"300\" height=\"270\" data-src=\"https:\/\/www.goldenchef.cn\/wp-content\/uploads\/2022\/11\/JG250\u4e8c\u5341\u56db_02.jpg\" data-caption=\"\" data-source=\"modula\" data-srcset=\"https:\/\/www.goldenchef.cn\/wp-content\/uploads\/2022\/11\/JG250\u4e8c\u5341\u56db_02.jpg 750w, https:\/\/www.goldenchef.cn\/wp-content\/uploads\/2022\/11\/JG250\u4e8c\u5341\u56db_02-600x541.jpg 600w\" data-sizes=\"(max-width: 300px) 100vw, 300px\" \/>\n\t\t<div class=\"figc no-description\">\n\t\t\t<div class=\"figc-inner\">\n\t\t\t\t\t\t\t\t\t\t\t\t\t\t\t<\/div>\n\t\t<\/div>\n\n\t<\/div>\n\n<\/div><div class=\"modula-item effect-pufrobo\" >\n\t<div class=\"modula-item-overlay\"><\/div>\n\n\t<div class=\"modula-item-content\">\n\n\t\t\t\t\n\t\t\t\t\t<a data-image-id=\"3990\" data-elementor-open-lightbox=\"no\" rel=\"jtg-3987\" data-caption=\"\" aria-label=\"Ouvrir l&#039;image dans la bo\u00eete \u00e0 lumi\u00e8re\" class=\"tile-inner modula-item-link\"><\/a>\n\t\t\n\t\t<img class=\"pic wp-image-3990 lazyload\"  data-valign=\"middle\" data-halign=\"center\" alt=\"bone saw, bone saw machine, electric bone saw, bone cutting machine, bone cutter\" data-full=\"https:\/\/www.goldenchef.cn\/wp-content\/uploads\/2022\/11\/JG250\u4e8c\u5341\u56db_03.jpg\" title=\"scie \u00e0 os, machine \u00e0 scier les os, scie \u00e0 os \u00e9lectrique, machine \u00e0 couper les os, coupeur d&#039;os\" width=\"267\" height=\"300\" data-src=\"https:\/\/www.goldenchef.cn\/wp-content\/uploads\/2022\/11\/JG250\u4e8c\u5341\u56db_03.jpg\" data-caption=\"\" data-source=\"modula\" data-srcset=\"https:\/\/www.goldenchef.cn\/wp-content\/uploads\/2022\/11\/JG250\u4e8c\u5341\u56db_03.jpg 750w, https:\/\/www.goldenchef.cn\/wp-content\/uploads\/2022\/11\/JG250\u4e8c\u5341\u56db_03-600x674.jpg 600w\" data-sizes=\"(max-width: 267px) 100vw, 267px\" \/>\n\t\t<div class=\"figc no-description\">\n\t\t\t<div class=\"figc-inner\">\n\t\t\t\t\t\t\t\t\t\t\t\t\t\t\t<\/div>\n\t\t<\/div>\n\n\t<\/div>\n\n<\/div>\t\t\n\t<\/div>\n\n\t\n\t\n\t<script type=\"application\/ld+json\">\n\t{\n\t\t\"@context\": \"http:\/\/schema.org\",\n\t\t\"@type\"   : \"ImageGallery\",\n\t\t\"id\"      : \"https:\/\/www.goldenchef.cn\/fr\/wp-json\/wp\/v2\/product\/3982\",\n\t\t\"url\"     : \"https:\/\/www.goldenchef.cn\/fr\/wp-json\/wp\/v2\/product\/3982\"\n\t}\n\n    <\/script>\n\n\t\n<\/div>","protected":false},"excerpt":{"rendered":"<ul>\n<li>Marque : Mondo Cucina<\/li>\n<li>\u00c9quipement professionnel<\/li>\n<li>Utilisation facile avec une lame de scie r\u00e9glable<\/li>\n<li>Table de travail, plaque de r\u00e9glage de la distance<\/li>\n<li>Lame en acier inoxydable<\/li>\n<li>Convient pour les cuisines et les usines<\/li>\n<li>Facile \u00e0 nettoyer<\/li>\n<\/ul>","protected":false},"featured_media":6011,"comment_status":"closed","ping_status":"closed","template":"","meta":[],"product_brand":[],"product_cat":[52,95],"product_tag":[],"class_list":{"0":"post-3982","1":"product","2":"type-product","3":"status-publish","4":"has-post-thumbnail","6":"product_cat-meat-processing-machinery","7":"product_cat-bone-saw","9":"first","10":"instock","11":"shipping-taxable","12":"product-type-simple"},"yoast_head":"<!-- This site is optimized with the Yoast SEO Premium plugin v22.5 (Yoast SEO v22.8) - https:\/\/yoast.com\/wordpress\/plugins\/seo\/ -->\n<title>Bone Saw Commercial Stainless Steel Chicken Cutter Video<\/title>\n<meta name=\"description\" content=\"Bone saw machines are suitable for breaking meat, bone, frozen meat. They are widely used in hotel, restaurant, food processing factories.\" \/>\n<meta name=\"robots\" content=\"index, follow, max-snippet:-1, max-image-preview:large, max-video-preview:-1\" \/>\n<link rel=\"canonical\" href=\"https:\/\/www.goldenchef.cn\/fr\/product\/meat-processing-machinery\/bone-saw\/bone-saw-machine\/\" \/>\n<meta property=\"og:locale\" content=\"fr_FR\" \/>\n<meta property=\"og:type\" content=\"article\" \/>\n<meta property=\"og:title\" content=\"Golden Chef ce approval commercial high-efficiency stainless steel chicken cutter machine bone saw and meat cutting machine\" \/>\n<meta property=\"og:description\" content=\"Bone saw machines are suitable for breaking meat, bone, frozen meat. They are widely used in hotel, restaurant, food processing factories.\" \/>\n<meta property=\"og:url\" content=\"https:\/\/www.goldenchef.cn\/fr\/product\/meat-processing-machinery\/bone-saw\/bone-saw-machine\/\" \/>\n<meta property=\"og:site_name\" content=\"golden chef machinery\" \/>\n<meta property=\"article:modified_time\" content=\"2024-11-01T08:12:56+00:00\" \/>\n<meta property=\"og:image\" content=\"https:\/\/www.goldenchef.cn\/wp-content\/uploads\/2022\/11\/24.jpg\" \/>\n\t<meta property=\"og:image:width\" content=\"800\" \/>\n\t<meta property=\"og:image:height\" content=\"800\" \/>\n\t<meta property=\"og:image:type\" content=\"image\/jpeg\" \/>\n<meta name=\"twitter:card\" content=\"summary_large_image\" \/>\n<meta name=\"twitter:label1\" content=\"Prix\" \/>\n\t<meta name=\"twitter:data1\" content=\"\" \/>\n\t<meta name=\"twitter:label2\" content=\"Disponibilit\u00e9\" \/>\n\t<meta name=\"twitter:data2\" content=\"En stock\" \/>\n<script type=\"application\/ld+json\" class=\"yoast-schema-graph\">{\"@context\":\"https:\/\/schema.org\",\"@graph\":[{\"@type\":\"WebPage\",\"@id\":\"https:\/\/www.goldenchef.cn\/ru\/product\/meat-processing-machinery\/bone-saw\/bone-saw-machine\/\",\"url\":\"https:\/\/www.goldenchef.cn\/ru\/product\/meat-processing-machinery\/bone-saw\/bone-saw-machine\/\",\"name\":\"Bone Saw Commercial Stainless Steel Chicken Cutter Video\",\"isPartOf\":{\"@id\":\"https:\/\/www.goldenchef.cn\/#website\"},\"primaryImageOfPage\":{\"@id\":\"https:\/\/www.goldenchef.cn\/ru\/product\/meat-processing-machinery\/bone-saw\/bone-saw-machine\/#primaryimage\"},\"image\":{\"@id\":\"https:\/\/www.goldenchef.cn\/ru\/product\/meat-processing-machinery\/bone-saw\/bone-saw-machine\/#primaryimage\"},\"thumbnailUrl\":\"https:\/\/www.goldenchef.cn\/wp-content\/uploads\/2022\/11\/24.jpg\",\"datePublished\":\"2022-11-09T07:14:04+00:00\",\"dateModified\":\"2024-11-01T08:12:56+00:00\",\"description\":\"Bone saw machines are suitable for breaking meat, bone, frozen meat. They are widely used in hotel, restaurant, food processing factories.\",\"breadcrumb\":{\"@id\":\"https:\/\/www.goldenchef.cn\/ru\/product\/meat-processing-machinery\/bone-saw\/bone-saw-machine\/#breadcrumb\"},\"inLanguage\":\"fr-FR\",\"potentialAction\":[{\"@type\":\"ReadAction\",\"target\":[\"https:\/\/www.goldenchef.cn\/ru\/product\/meat-processing-machinery\/bone-saw\/bone-saw-machine\/\"]}]},{\"@type\":\"ImageObject\",\"inLanguage\":\"fr-FR\",\"@id\":\"https:\/\/www.goldenchef.cn\/ru\/product\/meat-processing-machinery\/bone-saw\/bone-saw-machine\/#primaryimage\",\"url\":\"https:\/\/www.goldenchef.cn\/wp-content\/uploads\/2022\/11\/24.jpg\",\"contentUrl\":\"https:\/\/www.goldenchef.cn\/wp-content\/uploads\/2022\/11\/24.jpg\",\"width\":800,\"height\":800,\"caption\":\"bone saw, bone saw machine\"},{\"@type\":\"BreadcrumbList\",\"@id\":\"https:\/\/www.goldenchef.cn\/ru\/product\/meat-processing-machinery\/bone-saw\/bone-saw-machine\/#breadcrumb\",\"itemListElement\":[{\"@type\":\"ListItem\",\"position\":1,\"name\":\"homepage\",\"item\":\"https:\/\/www.goldenchef.cn\/\"},{\"@type\":\"ListItem\",\"position\":2,\"name\":\"All Product\",\"item\":\"https:\/\/www.goldenchef.cn\/shop\/\"},{\"@type\":\"ListItem\",\"position\":3,\"name\":\"Golden Chef ce approval commercial high-efficiency stainless steel chicken cutter machine bone saw and meat cutting machine\"}]},{\"@type\":\"WebSite\",\"@id\":\"https:\/\/www.goldenchef.cn\/#website\",\"url\":\"https:\/\/www.goldenchef.cn\/\",\"name\":\"golden chef machinery\",\"description\":\"If kitchen have dream, we are dream maker\",\"publisher\":{\"@id\":\"https:\/\/www.goldenchef.cn\/#organization\"},\"potentialAction\":[{\"@type\":\"SearchAction\",\"target\":{\"@type\":\"EntryPoint\",\"urlTemplate\":\"https:\/\/www.goldenchef.cn\/?s={search_term_string}\"},\"query-input\":\"required name=search_term_string\"}],\"inLanguage\":\"fr-FR\"},{\"@type\":[\"Organization\",\"Place\"],\"@id\":\"https:\/\/www.goldenchef.cn\/#organization\",\"name\":\"golden chef machinery\",\"url\":\"https:\/\/www.goldenchef.cn\/\",\"logo\":{\"@id\":\"https:\/\/www.goldenchef.cn\/ru\/product\/meat-processing-machinery\/bone-saw\/bone-saw-machine\/#local-main-organization-logo\"},\"image\":{\"@id\":\"https:\/\/www.goldenchef.cn\/ru\/product\/meat-processing-machinery\/bone-saw\/bone-saw-machine\/#local-main-organization-logo\"},\"openingHoursSpecification\":[{\"@type\":\"OpeningHoursSpecification\",\"dayOfWeek\":[\"Monday\",\"Tuesday\",\"Wednesday\",\"Thursday\",\"Friday\",\"Saturday\",\"Sunday\"],\"opens\":\"09:00\",\"closes\":\"17:00\"}]},{\"@type\":\"ImageObject\",\"inLanguage\":\"fr-FR\",\"@id\":\"https:\/\/www.goldenchef.cn\/ru\/product\/meat-processing-machinery\/bone-saw\/bone-saw-machine\/#local-main-organization-logo\",\"url\":\"https:\/\/www.goldenchef.cn\/wp-content\/uploads\/2023\/08\/cropped-200k.png\",\"contentUrl\":\"https:\/\/www.goldenchef.cn\/wp-content\/uploads\/2023\/08\/cropped-200k.png\",\"width\":512,\"height\":512,\"caption\":\"golden chef machinery\"}]}<\/script>\n<meta property=\"og:video\" content=\"https:\/\/www.youtube.com\/embed\/2eBtCAbZDSk\" \/>\n<meta property=\"og:video:type\" content=\"text\/html\" \/>\n<meta property=\"og:video:duration\" content=\"174\" \/>\n<meta property=\"og:video:width\" content=\"480\" \/>\n<meta property=\"og:video:height\" content=\"270\" \/>\n<meta property=\"ya:ovs:adult\" content=\"false\" \/>\n<meta property=\"ya:ovs:upload_date\" content=\"2022-11-09T07:14:04+00:00\" \/>\n<meta property=\"ya:ovs:allow_embed\" content=\"true\" \/>\n<meta property=\"product:price:amount\" content=\"0.00\" \/>\n<meta property=\"product:price:currency\" content=\"USD\" \/>\n<meta property=\"og:availability\" content=\"instock\" \/>\n<meta property=\"product:availability\" content=\"instock\" \/>\n<meta property=\"product:condition\" content=\"new\" \/>\n<!-- \/ Yoast SEO Premium plugin. -->","yoast_head_json":{"title":"Bone Saw Commercial Stainless Steel Chicken Cutter Video","description":"Bone saw machines are suitable for breaking meat, bone, frozen meat. They are widely used in hotel, restaurant, food processing factories.","robots":{"index":"index","follow":"follow","max-snippet":"max-snippet:-1","max-image-preview":"max-image-preview:large","max-video-preview":"max-video-preview:-1"},"canonical":"https:\/\/www.goldenchef.cn\/fr\/product\/meat-processing-machinery\/bone-saw\/bone-saw-machine\/","og_locale":"fr_FR","og_type":"article","og_title":"Golden Chef ce approval commercial high-efficiency stainless steel chicken cutter machine bone saw and meat cutting machine","og_description":"Bone saw machines are suitable for breaking meat, bone, frozen meat. They are widely used in hotel, restaurant, food processing factories.","og_url":"https:\/\/www.goldenchef.cn\/fr\/product\/meat-processing-machinery\/bone-saw\/bone-saw-machine\/","og_site_name":"golden chef machinery","article_modified_time":"2024-11-01T08:12:56+00:00","og_image":[{"width":800,"height":800,"url":"https:\/\/www.goldenchef.cn\/wp-content\/uploads\/2022\/11\/24.jpg","type":"image\/jpeg"}],"twitter_card":"summary_large_image","twitter_misc":{"Prix":"","Disponibilit\u00e9":"En stock"},"schema":{"@context":"https:\/\/schema.org","@graph":[{"@type":"WebPage","@id":"https:\/\/www.goldenchef.cn\/ru\/product\/meat-processing-machinery\/bone-saw\/bone-saw-machine\/","url":"https:\/\/www.goldenchef.cn\/ru\/product\/meat-processing-machinery\/bone-saw\/bone-saw-machine\/","name":"Bone Saw Commercial Stainless Steel Chicken Cutter Video","isPartOf":{"@id":"https:\/\/www.goldenchef.cn\/#website"},"primaryImageOfPage":{"@id":"https:\/\/www.goldenchef.cn\/ru\/product\/meat-processing-machinery\/bone-saw\/bone-saw-machine\/#primaryimage"},"image":{"@id":"https:\/\/www.goldenchef.cn\/ru\/product\/meat-processing-machinery\/bone-saw\/bone-saw-machine\/#primaryimage"},"thumbnailUrl":"https:\/\/www.goldenchef.cn\/wp-content\/uploads\/2022\/11\/24.jpg","datePublished":"2022-11-09T07:14:04+00:00","dateModified":"2024-11-01T08:12:56+00:00","description":"Bone saw machines are suitable for breaking meat, bone, frozen meat. They are widely used in hotel, restaurant, food processing factories.","breadcrumb":{"@id":"https:\/\/www.goldenchef.cn\/ru\/product\/meat-processing-machinery\/bone-saw\/bone-saw-machine\/#breadcrumb"},"inLanguage":"fr-FR","potentialAction":[{"@type":"ReadAction","target":["https:\/\/www.goldenchef.cn\/ru\/product\/meat-processing-machinery\/bone-saw\/bone-saw-machine\/"]}]},{"@type":"ImageObject","inLanguage":"fr-FR","@id":"https:\/\/www.goldenchef.cn\/ru\/product\/meat-processing-machinery\/bone-saw\/bone-saw-machine\/#primaryimage","url":"https:\/\/www.goldenchef.cn\/wp-content\/uploads\/2022\/11\/24.jpg","contentUrl":"https:\/\/www.goldenchef.cn\/wp-content\/uploads\/2022\/11\/24.jpg","width":800,"height":800,"caption":"bone saw, bone saw machine"},{"@type":"BreadcrumbList","@id":"https:\/\/www.goldenchef.cn\/ru\/product\/meat-processing-machinery\/bone-saw\/bone-saw-machine\/#breadcrumb","itemListElement":[{"@type":"ListItem","position":1,"name":"homepage","item":"https:\/\/www.goldenchef.cn\/"},{"@type":"ListItem","position":2,"name":"All Product","item":"https:\/\/www.goldenchef.cn\/shop\/"},{"@type":"ListItem","position":3,"name":"Golden Chef ce approval commercial high-efficiency stainless steel chicken cutter machine bone saw and meat cutting machine"}]},{"@type":"WebSite","@id":"https:\/\/www.goldenchef.cn\/#website","url":"https:\/\/www.goldenchef.cn\/","name":"golden chef machinery","description":"If kitchen have dream, we are dream maker","publisher":{"@id":"https:\/\/www.goldenchef.cn\/#organization"},"potentialAction":[{"@type":"SearchAction","target":{"@type":"EntryPoint","urlTemplate":"https:\/\/www.goldenchef.cn\/?s={search_term_string}"},"query-input":"required name=search_term_string"}],"inLanguage":"fr-FR"},{"@type":["Organization","Place"],"@id":"https:\/\/www.goldenchef.cn\/#organization","name":"golden chef machinery","url":"https:\/\/www.goldenchef.cn\/","logo":{"@id":"https:\/\/www.goldenchef.cn\/ru\/product\/meat-processing-machinery\/bone-saw\/bone-saw-machine\/#local-main-organization-logo"},"image":{"@id":"https:\/\/www.goldenchef.cn\/ru\/product\/meat-processing-machinery\/bone-saw\/bone-saw-machine\/#local-main-organization-logo"},"openingHoursSpecification":[{"@type":"OpeningHoursSpecification","dayOfWeek":["Monday","Tuesday","Wednesday","Thursday","Friday","Saturday","Sunday"],"opens":"09:00","closes":"17:00"}]},{"@type":"ImageObject","inLanguage":"fr-FR","@id":"https:\/\/www.goldenchef.cn\/ru\/product\/meat-processing-machinery\/bone-saw\/bone-saw-machine\/#local-main-organization-logo","url":"https:\/\/www.goldenchef.cn\/wp-content\/uploads\/2023\/08\/cropped-200k.png","contentUrl":"https:\/\/www.goldenchef.cn\/wp-content\/uploads\/2023\/08\/cropped-200k.png","width":512,"height":512,"caption":"golden chef machinery"}]},"og_video":"https:\/\/www.youtube.com\/embed\/2eBtCAbZDSk","og_video_type":"text\/html","og_video_duration":"174","og_video_width":"480","og_video_height":"270","ya_ovs_adult":"false","ya_ovs_upload_date":"2022-11-09T07:14:04+00:00","ya_ovs_allow_embed":"true","product_price_amount":"0.00","product_price_currency":"USD","og_availability":"instock","product_availability":"instock","product_condition":"new"},"_links":{"self":[{"href":"https:\/\/www.goldenchef.cn\/fr\/wp-json\/wp\/v2\/product\/3982"}],"collection":[{"href":"https:\/\/www.goldenchef.cn\/fr\/wp-json\/wp\/v2\/product"}],"about":[{"href":"https:\/\/www.goldenchef.cn\/fr\/wp-json\/wp\/v2\/types\/product"}],"replies":[{"embeddable":true,"href":"https:\/\/www.goldenchef.cn\/fr\/wp-json\/wp\/v2\/comments?post=3982"}],"wp:featuredmedia":[{"embeddable":true,"href":"https:\/\/www.goldenchef.cn\/fr\/wp-json\/wp\/v2\/media\/6011"}],"wp:attachment":[{"href":"https:\/\/www.goldenchef.cn\/fr\/wp-json\/wp\/v2\/media?parent=3982"}],"wp:term":[{"taxonomy":"product_brand","embeddable":true,"href":"https:\/\/www.goldenchef.cn\/fr\/wp-json\/wp\/v2\/product_brand?post=3982"},{"taxonomy":"product_cat","embeddable":true,"href":"https:\/\/www.goldenchef.cn\/fr\/wp-json\/wp\/v2\/product_cat?post=3982"},{"taxonomy":"product_tag","embeddable":true,"href":"https:\/\/www.goldenchef.cn\/fr\/wp-json\/wp\/v2\/product_tag?post=3982"}],"curies":[{"name":"wp","href":"https:\/\/api.w.org\/{rel}","templated":true}]}}