{"id":3992,"date":"2022-11-09T15:19:52","date_gmt":"2022-11-09T07:19:52","guid":{"rendered":"http:\/\/www.goldenchef.cn\/?post_type=product&#038;p=3992"},"modified":"2024-11-01T16:05:37","modified_gmt":"2024-11-01T08:05:37","slug":"sausage-stuffer","status":"publish","type":"product","link":"https:\/\/www.goldenchef.cn\/fr\/produit\/meat-processing-machinery\/sausage-filler\/sausage-stuffer\/","title":{"rendered":"Golden Chef machine \u00e0 saucisses automatique commerciale lourde 300 400 600 kg\/h machine \u00e0 remplir les saucisses machine \u00e0 remplir les saucisses \u00e9lectrique"},"content":{"rendered":"<p><strong>Machine \u00e0 saucisses | Machine \u00e0 saucisses commerciale<\/strong><\/p>\n<p>Voltage : 220V<\/p>\n<p>Puissance : 1.1kW<\/p>\n<p>Capacit\u00e9 : 400kg\/h<\/p>\n<p>N.W. : 165kg<\/p>\n<p>Taille de l'emballage : 585x490x1340mm<\/p>\n<ul>\n<li><strong>Les m\u00e9langeurs de remplissage conviennent pour m\u00e9langer diverses pi\u00e8ces de forme alimentaire comme les garnitures. Ils fonctionnent avec deux agitateurs qui tourbillonnent du positif au n\u00e9gatif dans le panier de chargement pour assurer un effet de m\u00e9lange uniforme.<\/strong><\/li>\n<li><strong>Machine \u00e0 fabriquer des saucisses : La machine \u00e0 saucisses automatique est une machine id\u00e9ale pour traiter et remplir les saucisses chinoises, les saucisses, les saucisses de jambon dans les usines de transformation de la viande, les industries alimentaires individuelles et les unit\u00e9s commerciales.<\/strong><\/li>\n<li><strong>Structure en acier inoxydable : Il est con\u00e7u avec une structure en acier inoxydable et une apparence luxueuse. Il fonctionne avec un faible niveau sonore et une grande efficacit\u00e9.<\/strong><\/li>\n<li><strong>Ddouble contr\u00f4le : Le double contr\u00f4le entre l'interrupteur convers\u00e9 et l'interrupteur \u00e0 p\u00e9dale garantit un fonctionnement s\u00fbr.<\/strong><\/li>\n<li><strong>Ensemble de pression : Le groupe de pression hydraulique \u00e0 liaison lat\u00e9rale est facile \u00e0 installer, \u00e0 retirer et \u00e0 entretenir.<\/strong><\/li>\n<li><strong>Grande capacit\u00e9 : Le panier de chargement de grand volume et le basculement de haut en bas sont effectu\u00e9s par le syst\u00e8me de pression hydraulique.<\/strong><\/li>\n<\/ul>\n<style>#jtg-3996 .modula-item .jtg-social a, .lightbox-socials.jtg-social a{ color: #ffffff }#jtg-3996 .modula-item .jtg-social svg, .lightbox-socials.jtg-social svg { height: 16px; width: 16px }#jtg-3996 .modula-item .jtg-social a:not(:last-child), .lightbox-socials.jtg-social a:not(:last-child) { margin-right: 10px }#jtg-3996 .modula-item .figc {color:#ffffff;}#jtg-3996 .modula-item .modula-item-content { transform: scale(1) }#jtg-3996 { width:100%;}#jtg-3996 .modula-items{height:800px;}@media screen and (max-width: 992px) {#jtg-3996 .modula-items{height:800px;}}@media screen and (max-width: 768px) {#jtg-3996 .modula-items{height:800px;}}#jtg-3996 .modula-items .figc p.description { font-size:14px; }#jtg-3996 .modula-items .figc p.description { color:#ffffff;}#jtg-3996.modula-gallery .modula-item > a, #jtg-3996.modula-gallery .modula-item, #jtg-3996.modula-gallery .modula-item-content > a:not(.modula-no-follow) { cursor:zoom-in; } #jtg-3996.modula-gallery .modula-item-content .modula-no-follow { cursor: default; } @media screen and (max-width:480px){#jtg-3996 .modula-item .figc .jtg-title {  font-size: 12px; }#jtg-3996 .modula-items .figc p.description { color:#ffffff;font-size:10px; }}<\/style>\n<!-- Gallery Container -->\n<div  id=\"jtg-3996\" class=\"modula modula-gallery modula-creative-gallery\" data-config=\"{&quot;height&quot;:800,&quot;tabletHeight&quot;:800,&quot;mobileHeight&quot;:800,&quot;desktopHeight&quot;:800,&quot;enableTwitter&quot;:false,&quot;enableWhatsapp&quot;:false,&quot;enableFacebook&quot;:false,&quot;enablePinterest&quot;:false,&quot;enableLinkedin&quot;:false,&quot;enableEmail&quot;:false,&quot;randomFactor&quot;:0.5,&quot;type&quot;:&quot;creative-gallery&quot;,&quot;columns&quot;:12,&quot;gutter&quot;:10,&quot;mobileGutter&quot;:10,&quot;tabletGutter&quot;:10,&quot;desktopGutter&quot;:10,&quot;enableResponsive&quot;:&quot;0&quot;,&quot;tabletColumns&quot;:&quot;2&quot;,&quot;mobileColumns&quot;:&quot;1&quot;,&quot;lazyLoad&quot;:&quot;1&quot;,&quot;lightboxOpts&quot;:{&quot;loop&quot;:false,&quot;arrows&quot;:true,&quot;toolbar&quot;:true,&quot;keyboard&quot;:true,&quot;wheel&quot;:false,&quot;buttons&quot;:[&quot;close&quot;],&quot;hash&quot;:false,&quot;lang&quot;:&quot;en&quot;,&quot;touch&quot;:false,&quot;protect&quot;:false,&quot;i18n&quot;:{&quot;en&quot;:{&quot;CLOSE&quot;:&quot;Close&quot;,&quot;NEXT&quot;:&quot;Next&quot;,&quot;PREV&quot;:&quot;Previous&quot;,&quot;Error&quot;:&quot;The requested content cannot be loaded. Please try again later.&quot;,&quot;PLAY_START&quot;:&quot;Start slideshow&quot;,&quot;PLAY_STOP&quot;:&quot;Pause slideshow&quot;,&quot;FULL_SCREEN&quot;:&quot;Full screen&quot;,&quot;THUMBS&quot;:&quot;Thumbnails&quot;,&quot;DOWNLOAD&quot;:&quot;Download&quot;,&quot;SHARE&quot;:&quot;Share&quot;,&quot;ZOOM&quot;:&quot;Zoom&quot;}},&quot;clickSlide&quot;:false,&quot;clickOutside&quot;:false,&quot;dblclickContent&quot;:false,&quot;dblclickSlide&quot;:false,&quot;dblclickOutside&quot;:false,&quot;clickContent&quot;:false,&quot;baseTpl&quot;:&quot;&lt;div class=\\&quot;modula-fancybox-container modula-lightbox-jtg-3996\\&quot; role=\\&quot;dialog\\&quot; tabindex=\\&quot;-1\\&quot;&gt;&lt;div class=\\&quot;modula-fancybox-bg\\&quot;&gt;&lt;\\\/div&gt;&lt;div class=\\&quot;modula-fancybox-inner\\&quot;&gt;&lt;div class=\\&quot;modula-fancybox-infobar\\&quot;&gt;&lt;span data-fancybox-index&gt;&lt;\\\/span&gt;&nbsp;\\\/&nbsp;&lt;span data-fancybox-count&gt;&lt;\\\/span&gt;&lt;\\\/div&gt;&lt;div class=\\&quot;modula-fancybox-toolbar\\&quot;&gt;{{buttons}}&lt;\\\/div&gt;&lt;div class=\\&quot;modula-fancybox-navigation\\&quot;&gt;{{arrows}}&lt;\\\/div&gt;&lt;div class=\\&quot;modula-fancybox-stage\\&quot;&gt;&lt;\\\/div&gt;&lt;div class=\\&quot;modula-fancybox-caption\\&quot;&gt;&lt;div class=\\&quot;modula-fancybox-caption__body\\&quot;&gt;&lt;\\\/div&gt;&lt;\\\/div&gt;&lt;\\\/div&gt;&lt;\\\/div&gt;&quot;},&quot;inView&quot;:false,&quot;email_subject&quot;:&quot;Check out this awesome image !!&quot;,&quot;email_message&quot;:&quot;Here is the link to the image : %%image_link%% and this is the link to the gallery : %%gallery_link%%&quot;,&quot;lightbox&quot;:&quot;fancybox&quot;}\">\n\n\t\n\t<!-- Items Container -->\n\t<div  class=\"modula-items\">\n\t\t<div class=\"modula-item effect-pufrobo\" >\n\t<div class=\"modula-item-overlay\"><\/div>\n\n\t<div class=\"modula-item-content\">\n\n\t\t\t\t\n\t\t\t\t\t<a data-image-id=\"3997\" data-elementor-open-lightbox=\"no\" rel=\"jtg-3996\" data-caption=\"\" aria-label=\"Ouvrir l&#039;image dans la bo\u00eete \u00e0 lumi\u00e8re\" class=\"tile-inner modula-item-link\"><\/a>\n\t\t\n\t\t<img class=\"pic wp-image-3997 lazyload\"  data-valign=\"middle\" data-halign=\"center\" alt=\"sausage filler, sausage filler machine, filling mixer, electric sausage filler, sausage maker machine\" data-full=\"https:\/\/www.goldenchef.cn\/wp-content\/uploads\/2022\/11\/\u704c\u80a0\u673a\u8be6\u60c5\u9875_01.jpg\" title=\"remplisseuse de saucisses, remplisseuse de saucisses, m\u00e9langeur de remplissage, remplisseuse de saucisses \u00e9lectrique, machine \u00e0 fabriquer des saucisses\" width=\"300\" height=\"160\" data-src=\"https:\/\/www.goldenchef.cn\/wp-content\/uploads\/2022\/11\/\u704c\u80a0\u673a\u8be6\u60c5\u9875_01.jpg\" data-caption=\"\" data-source=\"modula\" data-srcset=\"https:\/\/www.goldenchef.cn\/wp-content\/uploads\/2022\/11\/\u704c\u80a0\u673a\u8be6\u60c5\u9875_01.jpg 750w, https:\/\/www.goldenchef.cn\/wp-content\/uploads\/2022\/11\/\u704c\u80a0\u673a\u8be6\u60c5\u9875_01-600x321.jpg 600w\" data-sizes=\"(max-width: 300px) 100vw, 300px\" \/>\n\t\t<div class=\"figc no-description\">\n\t\t\t<div class=\"figc-inner\">\n\t\t\t\t\t\t\t\t\t\t\t\t\t\t\t<\/div>\n\t\t<\/div>\n\n\t<\/div>\n\n<\/div><div class=\"modula-item effect-pufrobo\" >\n\t<div class=\"modula-item-overlay\"><\/div>\n\n\t<div class=\"modula-item-content\">\n\n\t\t\t\t\n\t\t\t\t\t<a data-image-id=\"3998\" data-elementor-open-lightbox=\"no\" rel=\"jtg-3996\" data-caption=\"\" aria-label=\"Ouvrir l&#039;image dans la bo\u00eete \u00e0 lumi\u00e8re\" class=\"tile-inner modula-item-link\"><\/a>\n\t\t\n\t\t<img fetchpriority=\"high\" class=\"pic wp-image-3998 lazyload\"  data-valign=\"middle\" data-halign=\"center\" alt=\"sausage filler, sausage filler machine, filling mixer, electric sausage filler, sausage maker machine\" data-full=\"https:\/\/www.goldenchef.cn\/wp-content\/uploads\/2022\/11\/\u704c\u80a0\u673a\u8be6\u60c5\u9875_02.jpg\" title=\"\u704c\u80a0\u673a\u8be6\u60c5\u9875_02\" width=\"300\" height=\"284\" data-src=\"https:\/\/www.goldenchef.cn\/wp-content\/uploads\/2022\/11\/\u704c\u80a0\u673a\u8be6\u60c5\u9875_02.jpg\" data-caption=\"\" data-source=\"modula\" data-srcset=\"https:\/\/www.goldenchef.cn\/wp-content\/uploads\/2022\/11\/\u704c\u80a0\u673a\u8be6\u60c5\u9875_02.jpg 750w, https:\/\/www.goldenchef.cn\/wp-content\/uploads\/2022\/11\/\u704c\u80a0\u673a\u8be6\u60c5\u9875_02-600x567.jpg 600w\" data-sizes=\"(max-width: 300px) 100vw, 300px\" \/>\n\t\t<div class=\"figc no-description\">\n\t\t\t<div class=\"figc-inner\">\n\t\t\t\t\t\t\t\t\t\t\t\t\t\t\t<\/div>\n\t\t<\/div>\n\n\t<\/div>\n\n<\/div><div class=\"modula-item effect-pufrobo\" >\n\t<div class=\"modula-item-overlay\"><\/div>\n\n\t<div class=\"modula-item-content\">\n\n\t\t\t\t\n\t\t\t\t\t<a data-image-id=\"3999\" data-elementor-open-lightbox=\"no\" rel=\"jtg-3996\" data-caption=\"\" aria-label=\"Ouvrir l&#039;image dans la bo\u00eete \u00e0 lumi\u00e8re\" class=\"tile-inner modula-item-link\"><\/a>\n\t\t\n\t\t<img class=\"pic wp-image-3999 lazyload\"  data-valign=\"middle\" data-halign=\"center\" alt=\"sausage filler, sausage filler machine, filling mixer, electric sausage filler, sausage maker machine\" data-full=\"https:\/\/www.goldenchef.cn\/wp-content\/uploads\/2022\/11\/\u704c\u80a0\u673a\u8be6\u60c5\u9875_03.jpg\" title=\"remplisseuse de saucisses, remplisseuse de saucisses, m\u00e9langeur de remplissage, remplisseuse de saucisses \u00e9lectrique, machine \u00e0 fabriquer des saucisses\" width=\"254\" height=\"300\" data-src=\"https:\/\/www.goldenchef.cn\/wp-content\/uploads\/2022\/11\/\u704c\u80a0\u673a\u8be6\u60c5\u9875_03.jpg\" data-caption=\"\" data-source=\"modula\" data-srcset=\"https:\/\/www.goldenchef.cn\/wp-content\/uploads\/2022\/11\/\u704c\u80a0\u673a\u8be6\u60c5\u9875_03.jpg 750w, https:\/\/www.goldenchef.cn\/wp-content\/uploads\/2022\/11\/\u704c\u80a0\u673a\u8be6\u60c5\u9875_03-600x708.jpg 600w\" data-sizes=\"(max-width: 254px) 100vw, 254px\" \/>\n\t\t<div class=\"figc no-description\">\n\t\t\t<div class=\"figc-inner\">\n\t\t\t\t\t\t\t\t\t\t\t\t\t\t\t<\/div>\n\t\t<\/div>\n\n\t<\/div>\n\n<\/div><div class=\"modula-item effect-pufrobo\" >\n\t<div class=\"modula-item-overlay\"><\/div>\n\n\t<div class=\"modula-item-content\">\n\n\t\t\t\t\n\t\t\t\t\t<a data-image-id=\"4000\" data-elementor-open-lightbox=\"no\" rel=\"jtg-3996\" data-caption=\"\" aria-label=\"Ouvrir l&#039;image dans la bo\u00eete \u00e0 lumi\u00e8re\" class=\"tile-inner modula-item-link\"><\/a>\n\t\t\n\t\t<img loading=\"lazy\" class=\"pic wp-image-4000 lazyload\"  data-valign=\"middle\" data-halign=\"center\" alt=\"sausage filler, sausage filler machine, filling mixer, electric sausage filler, sausage maker machine\" data-full=\"https:\/\/www.goldenchef.cn\/wp-content\/uploads\/2022\/11\/\u704c\u80a0\u673a\u8be6\u60c5\u9875_04.jpg\" title=\"remplisseuse de saucisses, remplisseuse de saucisses, m\u00e9langeur de remplissage, remplisseuse de saucisses \u00e9lectrique, machine \u00e0 fabriquer des saucisses\" width=\"270\" height=\"300\" data-src=\"https:\/\/www.goldenchef.cn\/wp-content\/uploads\/2022\/11\/\u704c\u80a0\u673a\u8be6\u60c5\u9875_04.jpg\" data-caption=\"\" data-source=\"modula\" data-srcset=\"https:\/\/www.goldenchef.cn\/wp-content\/uploads\/2022\/11\/\u704c\u80a0\u673a\u8be6\u60c5\u9875_04.jpg 750w, https:\/\/www.goldenchef.cn\/wp-content\/uploads\/2022\/11\/\u704c\u80a0\u673a\u8be6\u60c5\u9875_04-600x666.jpg 600w\" data-sizes=\"(max-width: 270px) 100vw, 270px\" \/>\n\t\t<div class=\"figc no-description\">\n\t\t\t<div class=\"figc-inner\">\n\t\t\t\t\t\t\t\t\t\t\t\t\t\t\t<\/div>\n\t\t<\/div>\n\n\t<\/div>\n\n<\/div>\t\t\n\t<\/div>\n\n\t\n\t\n\t<script type=\"application\/ld+json\">\n\t{\n\t\t\"@context\": \"http:\/\/schema.org\",\n\t\t\"@type\"   : \"ImageGallery\",\n\t\t\"id\"      : \"https:\/\/www.goldenchef.cn\/fr\/wp-json\/wp\/v2\/product\/3992\",\n\t\t\"url\"     : \"https:\/\/www.goldenchef.cn\/fr\/wp-json\/wp\/v2\/product\/3992\"\n\t}\n\n    <\/script>\n\n\t\n<\/div>","protected":false},"excerpt":{"rendered":"<ul>\n<li>Marque : Mondo Cucina<\/li>\n<li>\u00c9quipement professionnel<\/li>\n<li>Utilisation facile avec une lame de scie r\u00e9glable<\/li>\n<li>Table de travail, plaque de r\u00e9glage de la distance<\/li>\n<li>Lame en acier inoxydable<\/li>\n<li>Convient pour les cuisines et les usines<\/li>\n<li>Facile \u00e0 nettoyer<\/li>\n<\/ul>","protected":false},"featured_media":6008,"comment_status":"closed","ping_status":"closed","template":"","meta":[],"product_brand":[],"product_cat":[52,96],"product_tag":[],"class_list":{"0":"post-3992","1":"product","2":"type-product","3":"status-publish","4":"has-post-thumbnail","6":"product_cat-meat-processing-machinery","7":"product_cat-sausage-filler","9":"first","10":"instock","11":"shipping-taxable","12":"product-type-simple"},"yoast_head":"<!-- This site is optimized with the Yoast SEO Premium plugin v22.5 (Yoast SEO v22.8) - https:\/\/yoast.com\/wordpress\/plugins\/seo\/ -->\n<title>Sausage Maker Machine Commercial Sausage Maker<\/title>\n<meta name=\"description\" content=\"Golden Chef is the manufacturer &amp; exporter of food equipment and bakery machinery. Contact with us to get factory price for sausage maker machine.\" \/>\n<meta name=\"robots\" content=\"index, follow, max-snippet:-1, max-image-preview:large, max-video-preview:-1\" \/>\n<link rel=\"canonical\" href=\"https:\/\/www.goldenchef.cn\/fr\/produit\/meat-processing-machinery\/sausage-filler\/sausage-stuffer\/\" \/>\n<meta property=\"og:locale\" content=\"fr_FR\" \/>\n<meta property=\"og:type\" content=\"article\" \/>\n<meta property=\"og:title\" content=\"Golden Chef heavy duty commercial automatic sausage maker 300 400 600 kg\/h sausage filler machine electric sausage stuffer\" \/>\n<meta property=\"og:description\" content=\"Golden Chef is the manufacturer &amp; exporter of food equipment and bakery machinery. Contact with us to get factory price for sausage maker machine.\" \/>\n<meta property=\"og:url\" content=\"https:\/\/www.goldenchef.cn\/fr\/produit\/meat-processing-machinery\/sausage-filler\/sausage-stuffer\/\" \/>\n<meta property=\"og:site_name\" content=\"golden chef machinery\" \/>\n<meta property=\"article:modified_time\" content=\"2024-11-01T08:05:37+00:00\" \/>\n<meta property=\"og:image\" content=\"http:\/\/www.goldenchef.cn\/wp-content\/uploads\/2022\/11\/17-1.jpg\" \/>\n\t<meta property=\"og:image:width\" content=\"800\" \/>\n\t<meta property=\"og:image:height\" content=\"800\" \/>\n\t<meta property=\"og:image:type\" content=\"image\/jpeg\" \/>\n<meta name=\"twitter:card\" content=\"summary_large_image\" \/>\n<meta name=\"twitter:label1\" content=\"Prix\" \/>\n\t<meta name=\"twitter:data1\" content=\"\" \/>\n\t<meta name=\"twitter:label2\" content=\"Disponibilit\u00e9\" \/>\n\t<meta name=\"twitter:data2\" content=\"En stock\" \/>\n<script type=\"application\/ld+json\" class=\"yoast-schema-graph\">{\"@context\":\"https:\/\/schema.org\",\"@graph\":[{\"@type\":\"WebPage\",\"@id\":\"https:\/\/www.goldenchef.cn\/product\/meat-processing-machinery\/sausage-filler\/sausage-stuffer\/\",\"url\":\"https:\/\/www.goldenchef.cn\/product\/meat-processing-machinery\/sausage-filler\/sausage-stuffer\/\",\"name\":\"Sausage Maker Machine Commercial Sausage Maker\",\"isPartOf\":{\"@id\":\"https:\/\/www.goldenchef.cn\/#website\"},\"primaryImageOfPage\":{\"@id\":\"https:\/\/www.goldenchef.cn\/product\/meat-processing-machinery\/sausage-filler\/sausage-stuffer\/#primaryimage\"},\"image\":{\"@id\":\"https:\/\/www.goldenchef.cn\/product\/meat-processing-machinery\/sausage-filler\/sausage-stuffer\/#primaryimage\"},\"thumbnailUrl\":\"https:\/\/www.goldenchef.cn\/wp-content\/uploads\/2022\/11\/17-1.jpg\",\"datePublished\":\"2022-11-09T07:19:52+00:00\",\"dateModified\":\"2024-11-01T08:05:37+00:00\",\"description\":\"Golden Chef is the manufacturer & exporter of food equipment and bakery machinery. Contact with us to get factory price for sausage maker machine.\",\"breadcrumb\":{\"@id\":\"https:\/\/www.goldenchef.cn\/product\/meat-processing-machinery\/sausage-filler\/sausage-stuffer\/#breadcrumb\"},\"inLanguage\":\"fr-FR\",\"potentialAction\":[{\"@type\":\"ReadAction\",\"target\":[\"https:\/\/www.goldenchef.cn\/product\/meat-processing-machinery\/sausage-filler\/sausage-stuffer\/\"]}]},{\"@type\":\"ImageObject\",\"inLanguage\":\"fr-FR\",\"@id\":\"https:\/\/www.goldenchef.cn\/product\/meat-processing-machinery\/sausage-filler\/sausage-stuffer\/#primaryimage\",\"url\":\"https:\/\/www.goldenchef.cn\/wp-content\/uploads\/2022\/11\/17-1.jpg\",\"contentUrl\":\"https:\/\/www.goldenchef.cn\/wp-content\/uploads\/2022\/11\/17-1.jpg\",\"width\":800,\"height\":800,\"caption\":\"sausage stuffer, sausage maker, sausage stuffer machine\"},{\"@type\":\"BreadcrumbList\",\"@id\":\"https:\/\/www.goldenchef.cn\/product\/meat-processing-machinery\/sausage-filler\/sausage-stuffer\/#breadcrumb\",\"itemListElement\":[{\"@type\":\"ListItem\",\"position\":1,\"name\":\"homepage\",\"item\":\"https:\/\/www.goldenchef.cn\/\"},{\"@type\":\"ListItem\",\"position\":2,\"name\":\"All Product\",\"item\":\"https:\/\/www.goldenchef.cn\/shop\/\"},{\"@type\":\"ListItem\",\"position\":3,\"name\":\"Golden Chef heavy duty commercial automatic sausage maker 300 400 600 kg\/h sausage filler machine electric sausage stuffer\"}]},{\"@type\":\"WebSite\",\"@id\":\"https:\/\/www.goldenchef.cn\/#website\",\"url\":\"https:\/\/www.goldenchef.cn\/\",\"name\":\"golden chef machinery\",\"description\":\"If kitchen have dream, we are dream maker\",\"publisher\":{\"@id\":\"https:\/\/www.goldenchef.cn\/#organization\"},\"potentialAction\":[{\"@type\":\"SearchAction\",\"target\":{\"@type\":\"EntryPoint\",\"urlTemplate\":\"https:\/\/www.goldenchef.cn\/?s={search_term_string}\"},\"query-input\":\"required name=search_term_string\"}],\"inLanguage\":\"fr-FR\"},{\"@type\":[\"Organization\",\"Place\"],\"@id\":\"https:\/\/www.goldenchef.cn\/#organization\",\"name\":\"golden chef machinery\",\"url\":\"https:\/\/www.goldenchef.cn\/\",\"logo\":{\"@id\":\"https:\/\/www.goldenchef.cn\/product\/meat-processing-machinery\/sausage-filler\/sausage-stuffer\/#local-main-organization-logo\"},\"image\":{\"@id\":\"https:\/\/www.goldenchef.cn\/product\/meat-processing-machinery\/sausage-filler\/sausage-stuffer\/#local-main-organization-logo\"},\"openingHoursSpecification\":[{\"@type\":\"OpeningHoursSpecification\",\"dayOfWeek\":[\"Monday\",\"Tuesday\",\"Wednesday\",\"Thursday\",\"Friday\",\"Saturday\",\"Sunday\"],\"opens\":\"09:00\",\"closes\":\"17:00\"}]},{\"@type\":\"ImageObject\",\"inLanguage\":\"fr-FR\",\"@id\":\"https:\/\/www.goldenchef.cn\/product\/meat-processing-machinery\/sausage-filler\/sausage-stuffer\/#local-main-organization-logo\",\"url\":\"https:\/\/www.goldenchef.cn\/wp-content\/uploads\/2023\/08\/cropped-200k.png\",\"contentUrl\":\"https:\/\/www.goldenchef.cn\/wp-content\/uploads\/2023\/08\/cropped-200k.png\",\"width\":512,\"height\":512,\"caption\":\"golden chef machinery\"}]}<\/script>\n<meta property=\"product:price:amount\" content=\"0.00\" \/>\n<meta property=\"product:price:currency\" content=\"USD\" \/>\n<meta property=\"og:availability\" content=\"instock\" \/>\n<meta property=\"product:availability\" content=\"instock\" \/>\n<meta property=\"product:condition\" content=\"new\" \/>\n<!-- \/ Yoast SEO Premium plugin. -->","yoast_head_json":{"title":"Sausage Maker Machine Commercial Sausage Maker","description":"Golden Chef is the manufacturer & exporter of food equipment and bakery machinery. Contact with us to get factory price for sausage maker machine.","robots":{"index":"index","follow":"follow","max-snippet":"max-snippet:-1","max-image-preview":"max-image-preview:large","max-video-preview":"max-video-preview:-1"},"canonical":"https:\/\/www.goldenchef.cn\/fr\/produit\/meat-processing-machinery\/sausage-filler\/sausage-stuffer\/","og_locale":"fr_FR","og_type":"article","og_title":"Golden Chef heavy duty commercial automatic sausage maker 300 400 600 kg\/h sausage filler machine electric sausage stuffer","og_description":"Golden Chef is the manufacturer & exporter of food equipment and bakery machinery. Contact with us to get factory price for sausage maker machine.","og_url":"https:\/\/www.goldenchef.cn\/fr\/produit\/meat-processing-machinery\/sausage-filler\/sausage-stuffer\/","og_site_name":"golden chef machinery","article_modified_time":"2024-11-01T08:05:37+00:00","og_image":[{"width":800,"height":800,"url":"http:\/\/www.goldenchef.cn\/wp-content\/uploads\/2022\/11\/17-1.jpg","type":"image\/jpeg"}],"twitter_card":"summary_large_image","twitter_misc":{"Prix":"","Disponibilit\u00e9":"En stock"},"schema":{"@context":"https:\/\/schema.org","@graph":[{"@type":"WebPage","@id":"https:\/\/www.goldenchef.cn\/product\/meat-processing-machinery\/sausage-filler\/sausage-stuffer\/","url":"https:\/\/www.goldenchef.cn\/product\/meat-processing-machinery\/sausage-filler\/sausage-stuffer\/","name":"Sausage Maker Machine Commercial Sausage Maker","isPartOf":{"@id":"https:\/\/www.goldenchef.cn\/#website"},"primaryImageOfPage":{"@id":"https:\/\/www.goldenchef.cn\/product\/meat-processing-machinery\/sausage-filler\/sausage-stuffer\/#primaryimage"},"image":{"@id":"https:\/\/www.goldenchef.cn\/product\/meat-processing-machinery\/sausage-filler\/sausage-stuffer\/#primaryimage"},"thumbnailUrl":"https:\/\/www.goldenchef.cn\/wp-content\/uploads\/2022\/11\/17-1.jpg","datePublished":"2022-11-09T07:19:52+00:00","dateModified":"2024-11-01T08:05:37+00:00","description":"Golden Chef is the manufacturer & exporter of food equipment and bakery machinery. Contact with us to get factory price for sausage maker machine.","breadcrumb":{"@id":"https:\/\/www.goldenchef.cn\/product\/meat-processing-machinery\/sausage-filler\/sausage-stuffer\/#breadcrumb"},"inLanguage":"fr-FR","potentialAction":[{"@type":"ReadAction","target":["https:\/\/www.goldenchef.cn\/product\/meat-processing-machinery\/sausage-filler\/sausage-stuffer\/"]}]},{"@type":"ImageObject","inLanguage":"fr-FR","@id":"https:\/\/www.goldenchef.cn\/product\/meat-processing-machinery\/sausage-filler\/sausage-stuffer\/#primaryimage","url":"https:\/\/www.goldenchef.cn\/wp-content\/uploads\/2022\/11\/17-1.jpg","contentUrl":"https:\/\/www.goldenchef.cn\/wp-content\/uploads\/2022\/11\/17-1.jpg","width":800,"height":800,"caption":"sausage stuffer, sausage maker, sausage stuffer machine"},{"@type":"BreadcrumbList","@id":"https:\/\/www.goldenchef.cn\/product\/meat-processing-machinery\/sausage-filler\/sausage-stuffer\/#breadcrumb","itemListElement":[{"@type":"ListItem","position":1,"name":"homepage","item":"https:\/\/www.goldenchef.cn\/"},{"@type":"ListItem","position":2,"name":"All Product","item":"https:\/\/www.goldenchef.cn\/shop\/"},{"@type":"ListItem","position":3,"name":"Golden Chef heavy duty commercial automatic sausage maker 300 400 600 kg\/h sausage filler machine electric sausage stuffer"}]},{"@type":"WebSite","@id":"https:\/\/www.goldenchef.cn\/#website","url":"https:\/\/www.goldenchef.cn\/","name":"golden chef machinery","description":"If kitchen have dream, we are dream maker","publisher":{"@id":"https:\/\/www.goldenchef.cn\/#organization"},"potentialAction":[{"@type":"SearchAction","target":{"@type":"EntryPoint","urlTemplate":"https:\/\/www.goldenchef.cn\/?s={search_term_string}"},"query-input":"required name=search_term_string"}],"inLanguage":"fr-FR"},{"@type":["Organization","Place"],"@id":"https:\/\/www.goldenchef.cn\/#organization","name":"golden chef machinery","url":"https:\/\/www.goldenchef.cn\/","logo":{"@id":"https:\/\/www.goldenchef.cn\/product\/meat-processing-machinery\/sausage-filler\/sausage-stuffer\/#local-main-organization-logo"},"image":{"@id":"https:\/\/www.goldenchef.cn\/product\/meat-processing-machinery\/sausage-filler\/sausage-stuffer\/#local-main-organization-logo"},"openingHoursSpecification":[{"@type":"OpeningHoursSpecification","dayOfWeek":["Monday","Tuesday","Wednesday","Thursday","Friday","Saturday","Sunday"],"opens":"09:00","closes":"17:00"}]},{"@type":"ImageObject","inLanguage":"fr-FR","@id":"https:\/\/www.goldenchef.cn\/product\/meat-processing-machinery\/sausage-filler\/sausage-stuffer\/#local-main-organization-logo","url":"https:\/\/www.goldenchef.cn\/wp-content\/uploads\/2023\/08\/cropped-200k.png","contentUrl":"https:\/\/www.goldenchef.cn\/wp-content\/uploads\/2023\/08\/cropped-200k.png","width":512,"height":512,"caption":"golden chef machinery"}]},"product_price_amount":"0.00","product_price_currency":"USD","og_availability":"instock","product_availability":"instock","product_condition":"new"},"_links":{"self":[{"href":"https:\/\/www.goldenchef.cn\/fr\/wp-json\/wp\/v2\/product\/3992"}],"collection":[{"href":"https:\/\/www.goldenchef.cn\/fr\/wp-json\/wp\/v2\/product"}],"about":[{"href":"https:\/\/www.goldenchef.cn\/fr\/wp-json\/wp\/v2\/types\/product"}],"replies":[{"embeddable":true,"href":"https:\/\/www.goldenchef.cn\/fr\/wp-json\/wp\/v2\/comments?post=3992"}],"wp:featuredmedia":[{"embeddable":true,"href":"https:\/\/www.goldenchef.cn\/fr\/wp-json\/wp\/v2\/media\/6008"}],"wp:attachment":[{"href":"https:\/\/www.goldenchef.cn\/fr\/wp-json\/wp\/v2\/media?parent=3992"}],"wp:term":[{"taxonomy":"product_brand","embeddable":true,"href":"https:\/\/www.goldenchef.cn\/fr\/wp-json\/wp\/v2\/product_brand?post=3992"},{"taxonomy":"product_cat","embeddable":true,"href":"https:\/\/www.goldenchef.cn\/fr\/wp-json\/wp\/v2\/product_cat?post=3992"},{"taxonomy":"product_tag","embeddable":true,"href":"https:\/\/www.goldenchef.cn\/fr\/wp-json\/wp\/v2\/product_tag?post=3992"}],"curies":[{"name":"wp","href":"https:\/\/api.w.org\/{rel}","templated":true}]}}